{"id":115,"date":"2021-09-29T14:27:30","date_gmt":"2021-09-29T14:27:30","guid":{"rendered":"http:\/\/pablocarpintero.es\/?page_id=115"},"modified":"2021-11-29T17:56:09","modified_gmt":"2021-11-29T17:56:09","slug":"palletas","status":"publish","type":"page","link":"https:\/\/pablocarpintero.es\/es\/instrumentos-musicais\/palletas\/","title":{"rendered":"Pajuelas y palletones"},"content":{"rendered":"<div  class='flex_column av-av_one_full-d846867a37b468541bc8830743d44203 av_one_full  avia-builder-el-0  avia-builder-el-no-sibling  first flex_column_div'     ><section  class='av_textblock_section av-kv5ntec4-00bcff74649cf376a79c49181143219c'   itemscope=\"itemscope\" itemtype=\"https:\/\/schema.org\/CreativeWork\" ><div class='avia_textblock'  itemprop=\"text\" ><p class=\"p1\">Nuestras reproducciones de gaitas antiguas van siempre equipadas con r\u00e9plicas de sus pajuelas originales, pues nuestra intenci\u00f3n es siempre recuperar su sonido original con la mayor fidelidad posible, y para esto es inexcusable emplear las pajuelas originales.<span class=\"Apple-converted-space\">\u00a0<\/span><\/p>\n<p class=\"p1\">En estos a\u00f1os de investigaci\u00f3n sobre las gaitas de fuelle pudimos juntar una gran colecci\u00f3n de pajuelas antiguas de toda la pen\u00ednsula Ib\u00e9rica y Baleares, en la que tenemos m\u00e1s de ciento cincuenta ejemplares. Entrevistamos y grabamos a m\u00e1s de 160 gaiteros tradicionales, la mayor\u00eda de ellos constru\u00edan sus propias pajuelas y tuvieron a bien explicarnos como las hac\u00edan; a ellos debemos la mayor parte de nuestros conocimientos sobre este tema, pero tambi\u00e9n consultamos y aprendimos muchas cosas de constructores de pajuelas profesionales actuales, como nuestros amigos Vicente Prado \"El Pravianu\" y Jaime Pena, o el tristemente fallecido Amado Domingo \"Cubero\", de los cuales fuimos aprendiendo los secretos del oficio de la fabricaci\u00f3n de las pajuelas modernas. As\u00ed pudimos llegar a construir todos los tipos de pajuelas tradicionales que se emplearon en la pen\u00ednsula y en las Islas Baleares, y tambi\u00e9n nuestras propias pajuelas modernas. Actualmente en nuestro taller fabricamos m\u00e1s de cuarenta tipos diferentes de pajuelas. <span class=\"Apple-converted-space\">\u00a0<\/span><\/p>\n<p class=\"p1\">Nuestras pajuelas est\u00e1n fabricadas con ca\u00f1a de la mejor calidad, siempre con m\u00e1s de tres a\u00f1os de curaci\u00f3n. Obtenemos nuestra ca\u00f1a de empresas como Medir o Entrecanyas, que nos suministran un material de origen mediterr\u00e1neo de excelente calidad, pero tambi\u00e9n recogemos nuestra propia ca\u00f1a en Arag\u00f3n, donde crece un material de calidad excepcional. Nuestras pajuelas se fabrican enteramente a mano y son afinadas una a una para el puntero que t\u00fa nos solicites.<\/p>\n<p class=\"p1\">Puedes contactar con nosotros para solicitar pajuelas de cualquier tipo. En esta secci\u00f3n te ofrecemos algunos de los modelos que fabricamos, modernos o copias de antiguos, que funcionan bien con punteros de otros artesanos. Nuestras pajuelas est\u00e1n plenamente garantizadas, es decir, si no funcionan correctamente, te las cambiamos sin problema alguno.<span class=\"Apple-converted-space\">\u00a0<\/span><\/p>\n<\/div><\/section><br \/>\n<div  class='avia-product-slider-container av-kv5ntt7m-73ae2d20d4bf140e5ba6391afeb7977f template-shop avia-content-slider avia-content-grid-active shop_columns_3  avia-builder-el-2  el_after_av_textblock  avia-builder-el-last  avia-content-slider-odd  avia-builder-el-2  el_after_av_textblock  avia-builder-el-last  av-slideshow-ui av-slider-hover-pause av-slideshow-manual av-loop-once av-loop-manual-endless avia-product-slider1' data-slideshow-options=\"{&quot;animation&quot;:&quot;fade&quot;,&quot;autoplay&quot;:false,&quot;loop_autoplay&quot;:&quot;once&quot;,&quot;interval&quot;:5,&quot;loop_manual&quot;:&quot;manual-endless&quot;,&quot;autoplay_stopper&quot;:false,&quot;noNavigation&quot;:false,&quot;bg_slider&quot;:false,&quot;keep_padding&quot;:false,&quot;hoverpause&quot;:true,&quot;show_slide_delay&quot;:0}\"><div class=\"product-sorting\"><ul class=\"sort-param sort-param-order\"><li><span class='currently-selected'>Ordenar por <strong>Por defecto<\/strong><\/span><ul><li class=\"current-param\"><a href='?avia_extended_shop_select=yes&product_order=default' rel=\"nofollow\"><span class='avia-bullet'><\/span>Por defecto<\/a><\/li><li><a href='?avia_extended_shop_select=yes&product_order=menu_order' rel=\"nofollow\"><span class='avia-bullet'><\/span>Personalizado<\/a><\/li><li><a href='?avia_extended_shop_select=yes&product_order=title' rel=\"nofollow\"><span class='avia-bullet'><\/span>Nombre<\/a><\/li><li><a href='?avia_extended_shop_select=yes&product_order=price' rel=\"nofollow\"><span class='avia-bullet'><\/span>Precio<\/a><\/li><li><a href='?avia_extended_shop_select=yes&product_order=date' rel=\"nofollow\"><span class='avia-bullet'><\/span>Fecha<\/a><\/li><li><a href='?avia_extended_shop_select=yes&product_order=popularity' rel=\"nofollow\"><span class='avia-bullet'><\/span>Popularity (sales)<\/a><\/li><li><a href='?avia_extended_shop_select=yes&product_order=rating' rel=\"nofollow\"><span class='avia-bullet'><\/span>Average rating<\/a><\/li><li><a href='?avia_extended_shop_select=yes&product_order=relevance' rel=\"nofollow\"><span class='avia-bullet'><\/span>Relevance<\/a><\/li><li><a href='?avia_extended_shop_select=yes&product_order=rand' rel=\"nofollow\"><span class='avia-bullet'><\/span>Aleatorio<\/a><\/li><li><a href='?avia_extended_shop_select=yes&product_order=id' rel=\"nofollow\"><span class='avia-bullet'><\/span>Product ID<\/a><\/li><\/ul><\/li><\/ul><ul class='sort-param sort-param-count'><li><span class='currently-selected'>Mostrar <strong>9 Art\u00edculos por p\u00e1gina <\/strong><\/span><ul><li class=\"current-param\"><a href='?paged=1&avia_extended_shop_select=yes&product_count=9' rel=\"nofollow\">\t\t<span class='avia-bullet'><\/span>9 Art\u00edculos por p\u00e1gina<\/a><\/li><li><a href='?paged=1&avia_extended_shop_select=yes&product_count=18' rel=\"nofollow\">\t<span class='avia-bullet'><\/span>18 Art\u00edculos por p\u00e1gina<\/a><\/li><li><a href='?paged=1&avia_extended_shop_select=yes&product_count=27' rel=\"nofollow\">\t<span class='avia-bullet'><\/span>27 Art\u00edculos por p\u00e1gina<\/a><\/li><\/ul><\/li><\/ul><\/div><div class='avia-content-slider-inner'><ul class=\"products\"><li class=\"product type-product post-516 status-publish first instock product_cat-complementos product_cat-instrumentos-musicales product_cat-palletas has-post-thumbnail taxable shipping-taxable purchasable product-type-simple\">\n\t<div class='inner_product main_color wrapped_style noLightbox  av-product-class-'><a href=\"https:\/\/pablocarpintero.es\/es\/producto\/palletas-estandar-galegas\/\" class=\"woocommerce-LoopProduct-link woocommerce-loop-product__link\"><div class=\"thumbnail_container\"><img loading=\"lazy\" decoding=\"async\" width=\"300\" height=\"300\" src=\"https:\/\/pablocarpintero.es\/wp-content\/uploads\/2021\/10\/palleta-modificada-300x300.jpg\" class=\"wp-image-1411 avia-img-lazy-loading-1411 attachment-woocommerce_thumbnail size-woocommerce_thumbnail wp-post-image\" alt=\"\" srcset=\"https:\/\/pablocarpintero.es\/wp-content\/uploads\/2021\/10\/palleta-modificada-300x300.jpg 300w, https:\/\/pablocarpintero.es\/wp-content\/uploads\/2021\/10\/palleta-modificada-100x100.jpg 100w, https:\/\/pablocarpintero.es\/wp-content\/uploads\/2021\/10\/palleta-modificada-80x80.jpg 80w, https:\/\/pablocarpintero.es\/wp-content\/uploads\/2021\/10\/palleta-modificada-36x36.jpg 36w, https:\/\/pablocarpintero.es\/wp-content\/uploads\/2021\/10\/palleta-modificada-180x180.jpg 180w\" sizes=\"auto, (max-width: 300px) 100vw, 300px\" \/><span class=\"cart-loading\"><\/span><\/div><div class='inner_product_header'><div class='avia-arrow'><\/div><div class='inner_product_header_table'><div class='inner_product_header_cell'><h2 class=\"woocommerce-loop-product__title\">Pajuelas est\u00e1ndar gallegas<\/h2>\n\t<span class=\"price\"><span class=\"woocommerce-Price-amount amount\"><bdi>20,00&nbsp;<span class=\"woocommerce-Price-currencySymbol\">&euro;<\/span><\/bdi><\/span><\/span>\n<\/div><\/div><\/div><\/a><div class='avia_cart_buttons'><a href=\"\/es\/wp-json\/wp\/v2\/pages\/115?add-to-cart=516\" aria-describedby=\"woocommerce_loop_add_to_cart_link_describedby_516\" data-quantity=\"1\" class=\"button product_type_simple add_to_cart_button ajax_add_to_cart\" data-product_id=\"516\" data-product_sku=\"\" aria-label=\"A\u00f1adir al carrito: \u201cPalletas est\u00e1ndar galegas\u201d\" rel=\"nofollow\" data-success_message=\"\u00abPalletas est\u00e1ndar galegas\u00bb se ha a\u00f1adido a tu carrito\" role=\"button\" data-no-translation-aria-label=\"\" data-no-translation-data-success_message=\"\"><span aria-hidden='true' data-av_icon='\ue859' data-av_iconfont='entypo-fontello'><\/span> A\u00f1adir al carrito<\/a>\t<span id=\"woocommerce_loop_add_to_cart_link_describedby_516\" class=\"screen-reader-text\">\n\t\t\t<\/span>\n<a class=\"button show_details_button\" href=\"https:\/\/pablocarpintero.es\/es\/producto\/palletas-estandar-galegas\/\"><span aria-hidden='true' data-av_icon='\ue84b' data-av_iconfont='entypo-fontello'><\/span>  Mostrar detalles<\/a> <span class=\"button-mini-delimiter\"><\/span><\/div><\/div><\/li>\n<li class=\"product type-product post-517 status-publish instock product_cat-complementos product_cat-instrumentos-musicales product_cat-palletas has-post-thumbnail taxable shipping-taxable purchasable product-type-simple\">\n\t<div class='inner_product main_color wrapped_style noLightbox  av-product-class-'><a href=\"https:\/\/pablocarpintero.es\/es\/producto\/palletas-modelo-cubero-para-gaitas-mirandesas-en-sib\/\" class=\"woocommerce-LoopProduct-link woocommerce-loop-product__link\"><div class=\"thumbnail_container\"><img loading=\"lazy\" decoding=\"async\" width=\"300\" height=\"300\" src=\"https:\/\/pablocarpintero.es\/wp-content\/uploads\/2021\/10\/palleta-cubero-scaled-300x300.jpg\" class=\"wp-image-1412 avia-img-lazy-loading-1412 attachment-woocommerce_thumbnail size-woocommerce_thumbnail wp-post-image\" alt=\"\" srcset=\"https:\/\/pablocarpintero.es\/wp-content\/uploads\/2021\/10\/palleta-cubero-300x300.jpg 300w, https:\/\/pablocarpintero.es\/wp-content\/uploads\/2021\/10\/palleta-cubero-100x100.jpg 100w, https:\/\/pablocarpintero.es\/wp-content\/uploads\/2021\/10\/palleta-cubero-80x80.jpg 80w, https:\/\/pablocarpintero.es\/wp-content\/uploads\/2021\/10\/palleta-cubero-36x36.jpg 36w, https:\/\/pablocarpintero.es\/wp-content\/uploads\/2021\/10\/palleta-cubero-180x180.jpg 180w\" sizes=\"auto, (max-width: 300px) 100vw, 300px\" \/><span class=\"cart-loading\"><\/span><\/div><div class='inner_product_header'><div class='avia-arrow'><\/div><div class='inner_product_header_table'><div class='inner_product_header_cell'><h2 class=\"woocommerce-loop-product__title\">Pajuelas modelo Cubero para gaitas mirandesas en Sib<\/h2>\n\t<span class=\"price\"><span class=\"woocommerce-Price-amount amount\"><bdi>20,00&nbsp;<span class=\"woocommerce-Price-currencySymbol\">&euro;<\/span><\/bdi><\/span><\/span>\n<\/div><\/div><\/div><\/a><div class='avia_cart_buttons'><a href=\"\/es\/wp-json\/wp\/v2\/pages\/115?add-to-cart=517\" aria-describedby=\"woocommerce_loop_add_to_cart_link_describedby_517\" data-quantity=\"1\" class=\"button product_type_simple add_to_cart_button ajax_add_to_cart\" data-product_id=\"517\" data-product_sku=\"\" aria-label=\"A\u00f1adir al carrito: \u201cPalletas modelo Cubero para gaitas mirandesas en Sib\u201d\" rel=\"nofollow\" data-success_message=\"\u00abPalletas modelo Cubero para gaitas mirandesas en Sib\u00bb se ha a\u00f1adido a tu carrito\" role=\"button\" data-no-translation-aria-label=\"\" data-no-translation-data-success_message=\"\"><span aria-hidden='true' data-av_icon='\ue859' data-av_iconfont='entypo-fontello'><\/span> A\u00f1adir al carrito<\/a>\t<span id=\"woocommerce_loop_add_to_cart_link_describedby_517\" class=\"screen-reader-text\">\n\t\t\t<\/span>\n<a class=\"button show_details_button\" href=\"https:\/\/pablocarpintero.es\/es\/producto\/palletas-modelo-cubero-para-gaitas-mirandesas-en-sib\/\"><span aria-hidden='true' data-av_icon='\ue84b' data-av_iconfont='entypo-fontello'><\/span>  Mostrar detalles<\/a> <span class=\"button-mini-delimiter\"><\/span><\/div><\/div><\/li>\n<li class=\"product type-product post-518 status-publish last instock product_cat-complementos product_cat-instrumentos-musicales product_cat-palletas has-post-thumbnail taxable shipping-taxable purchasable product-type-simple\">\n\t<div class='inner_product main_color wrapped_style noLightbox  av-product-class-'><a href=\"https:\/\/pablocarpintero.es\/es\/producto\/palletas-tradicionais-mirandesas\/\" class=\"woocommerce-LoopProduct-link woocommerce-loop-product__link\"><div class=\"thumbnail_container\"><img loading=\"lazy\" decoding=\"async\" width=\"300\" height=\"300\" src=\"https:\/\/pablocarpintero.es\/wp-content\/uploads\/2021\/10\/palleta-mirandesa-300x300.jpg\" class=\"wp-image-1414 avia-img-lazy-loading-1414 attachment-woocommerce_thumbnail size-woocommerce_thumbnail wp-post-image\" alt=\"\" srcset=\"https:\/\/pablocarpintero.es\/wp-content\/uploads\/2021\/10\/palleta-mirandesa-300x300.jpg 300w, https:\/\/pablocarpintero.es\/wp-content\/uploads\/2021\/10\/palleta-mirandesa-100x100.jpg 100w, https:\/\/pablocarpintero.es\/wp-content\/uploads\/2021\/10\/palleta-mirandesa-80x80.jpg 80w, https:\/\/pablocarpintero.es\/wp-content\/uploads\/2021\/10\/palleta-mirandesa-36x36.jpg 36w, https:\/\/pablocarpintero.es\/wp-content\/uploads\/2021\/10\/palleta-mirandesa-180x180.jpg 180w\" sizes=\"auto, (max-width: 300px) 100vw, 300px\" \/><span class=\"cart-loading\"><\/span><\/div><div class='inner_product_header'><div class='avia-arrow'><\/div><div class='inner_product_header_table'><div class='inner_product_header_cell'><h2 class=\"woocommerce-loop-product__title\">Pajuelas tradicionales mirandesas<\/h2>\n\t<span class=\"price\"><span class=\"woocommerce-Price-amount amount\"><bdi>20,00&nbsp;<span class=\"woocommerce-Price-currencySymbol\">&euro;<\/span><\/bdi><\/span><\/span>\n<\/div><\/div><\/div><\/a><div class='avia_cart_buttons'><a href=\"\/es\/wp-json\/wp\/v2\/pages\/115?add-to-cart=518\" aria-describedby=\"woocommerce_loop_add_to_cart_link_describedby_518\" data-quantity=\"1\" class=\"button product_type_simple add_to_cart_button ajax_add_to_cart\" data-product_id=\"518\" data-product_sku=\"\" aria-label=\"A\u00f1adir al carrito: \u201cPalletas tradicionais mirandesas\u201d\" rel=\"nofollow\" data-success_message=\"\u00abPalletas tradicionais mirandesas\u00bb se ha a\u00f1adido a tu carrito\" role=\"button\" data-no-translation-aria-label=\"\" data-no-translation-data-success_message=\"\"><span aria-hidden='true' data-av_icon='\ue859' data-av_iconfont='entypo-fontello'><\/span> A\u00f1adir al carrito<\/a>\t<span id=\"woocommerce_loop_add_to_cart_link_describedby_518\" class=\"screen-reader-text\">\n\t\t\t<\/span>\n<a class=\"button show_details_button\" href=\"https:\/\/pablocarpintero.es\/es\/producto\/palletas-tradicionais-mirandesas\/\"><span aria-hidden='true' data-av_icon='\ue84b' data-av_iconfont='entypo-fontello'><\/span>  Mostrar detalles<\/a> <span class=\"button-mini-delimiter\"><\/span><\/div><\/div><\/li>\n<li class=\"product type-product post-1743 status-publish first instock product_cat-complementos product_cat-gaitas-de-fol product_cat-instrumentos-musicales product_cat-palletas has-post-thumbnail taxable shipping-taxable purchasable product-type-simple\">\n\t<div class='inner_product main_color wrapped_style noLightbox  av-product-class-'><a href=\"https:\/\/pablocarpintero.es\/es\/producto\/pallons\/\" class=\"woocommerce-LoopProduct-link woocommerce-loop-product__link\"><div class=\"thumbnail_container\"><img loading=\"lazy\" decoding=\"async\" width=\"300\" height=\"300\" src=\"https:\/\/pablocarpintero.es\/wp-content\/uploads\/2021\/11\/DSC_6162-300x300.jpg\" class=\"wp-image-1764 avia-img-lazy-loading-1764 attachment-woocommerce_thumbnail size-woocommerce_thumbnail wp-post-image\" alt=\"\" srcset=\"https:\/\/pablocarpintero.es\/wp-content\/uploads\/2021\/11\/DSC_6162-300x300.jpg 300w, https:\/\/pablocarpintero.es\/wp-content\/uploads\/2021\/11\/DSC_6162-100x100.jpg 100w, https:\/\/pablocarpintero.es\/wp-content\/uploads\/2021\/11\/DSC_6162-80x80.jpg 80w, https:\/\/pablocarpintero.es\/wp-content\/uploads\/2021\/11\/DSC_6162-36x36.jpg 36w, https:\/\/pablocarpintero.es\/wp-content\/uploads\/2021\/11\/DSC_6162-180x180.jpg 180w\" sizes=\"auto, (max-width: 300px) 100vw, 300px\" \/><span class=\"cart-loading\"><\/span><\/div><div class='inner_product_header'><div class='avia-arrow'><\/div><div class='inner_product_header_table'><div class='inner_product_header_cell'><h2 class=\"woocommerce-loop-product__title\">Pallones<\/h2>\n\t<span class=\"price\"><span class=\"woocommerce-Price-amount amount\"><bdi>6,00&nbsp;<span class=\"woocommerce-Price-currencySymbol\">&euro;<\/span><\/bdi><\/span><\/span>\n<\/div><\/div><\/div><\/a><div class='avia_cart_buttons'><a href=\"\/es\/wp-json\/wp\/v2\/pages\/115?add-to-cart=1743\" aria-describedby=\"woocommerce_loop_add_to_cart_link_describedby_1743\" data-quantity=\"1\" class=\"button product_type_simple add_to_cart_button ajax_add_to_cart\" data-product_id=\"1743\" data-product_sku=\"\" aria-label=\"A\u00f1adir al carrito: \u201cPall\u00f3ns\u201d\" rel=\"nofollow\" data-success_message=\"\u00abPall\u00f3ns\u00bb se ha a\u00f1adido a tu carrito\" role=\"button\" data-no-translation-aria-label=\"\" data-no-translation-data-success_message=\"\"><span aria-hidden='true' data-av_icon='\ue859' data-av_iconfont='entypo-fontello'><\/span> A\u00f1adir al carrito<\/a>\t<span id=\"woocommerce_loop_add_to_cart_link_describedby_1743\" class=\"screen-reader-text\">\n\t\t\t<\/span>\n<a class=\"button show_details_button\" href=\"https:\/\/pablocarpintero.es\/es\/producto\/pallons\/\"><span aria-hidden='true' data-av_icon='\ue84b' data-av_iconfont='entypo-fontello'><\/span>  Mostrar detalles<\/a> <span class=\"button-mini-delimiter\"><\/span><\/div><\/div><\/li>\n<li class=\"product type-product post-1415 status-publish instock product_cat-complementos product_cat-instrumentos-musicales product_cat-palletas has-post-thumbnail taxable shipping-taxable purchasable product-type-simple\">\n\t<div class='inner_product main_color wrapped_style noLightbox  av-product-class-'><a href=\"https:\/\/pablocarpintero.es\/es\/producto\/palletas-de-corno-e-buxo\/\" class=\"woocommerce-LoopProduct-link woocommerce-loop-product__link\"><div class=\"thumbnail_container\"><img loading=\"lazy\" decoding=\"async\" width=\"300\" height=\"300\" src=\"https:\/\/pablocarpintero.es\/wp-content\/uploads\/2021\/11\/Puntera-alistana-Pablo-carpintero-2-300x300.jpg\" class=\"wp-image-1194 avia-img-lazy-loading-1194 attachment-woocommerce_thumbnail size-woocommerce_thumbnail wp-post-image\" alt=\"\" srcset=\"https:\/\/pablocarpintero.es\/wp-content\/uploads\/2021\/11\/Puntera-alistana-Pablo-carpintero-2-300x300.jpg 300w, https:\/\/pablocarpintero.es\/wp-content\/uploads\/2021\/11\/Puntera-alistana-Pablo-carpintero-2-100x100.jpg 100w, https:\/\/pablocarpintero.es\/wp-content\/uploads\/2021\/11\/Puntera-alistana-Pablo-carpintero-2-80x80.jpg 80w, https:\/\/pablocarpintero.es\/wp-content\/uploads\/2021\/11\/Puntera-alistana-Pablo-carpintero-2-36x36.jpg 36w, https:\/\/pablocarpintero.es\/wp-content\/uploads\/2021\/11\/Puntera-alistana-Pablo-carpintero-2-180x180.jpg 180w\" sizes=\"auto, (max-width: 300px) 100vw, 300px\" \/><span class=\"cart-loading\"><\/span><\/div><div class='inner_product_header'><div class='avia-arrow'><\/div><div class='inner_product_header_table'><div class='inner_product_header_cell'><h2 class=\"woocommerce-loop-product__title\">Pajuelas de cuerno y boj<\/h2>\n\t<span class=\"price\"><span class=\"woocommerce-Price-amount amount\"><bdi>75,00&nbsp;<span class=\"woocommerce-Price-currencySymbol\">&euro;<\/span><\/bdi><\/span><\/span>\n<\/div><\/div><\/div><\/a><div class='avia_cart_buttons'><a href=\"\/es\/wp-json\/wp\/v2\/pages\/115?add-to-cart=1415\" aria-describedby=\"woocommerce_loop_add_to_cart_link_describedby_1415\" data-quantity=\"1\" class=\"button product_type_simple add_to_cart_button ajax_add_to_cart\" data-product_id=\"1415\" data-product_sku=\"\" aria-label=\"A\u00f1adir al carrito: \u201cPalletas de corno e buxo\u201d\" rel=\"nofollow\" data-success_message=\"\u00abPalletas de corno e buxo\u00bb se ha a\u00f1adido a tu carrito\" role=\"button\" data-no-translation-aria-label=\"\" data-no-translation-data-success_message=\"\"><span aria-hidden='true' data-av_icon='\ue859' data-av_iconfont='entypo-fontello'><\/span> A\u00f1adir al carrito<\/a>\t<span id=\"woocommerce_loop_add_to_cart_link_describedby_1415\" class=\"screen-reader-text\">\n\t\t\t<\/span>\n<a class=\"button show_details_button\" href=\"https:\/\/pablocarpintero.es\/es\/producto\/palletas-de-corno-e-buxo\/\"><span aria-hidden='true' data-av_icon='\ue84b' data-av_iconfont='entypo-fontello'><\/span>  Mostrar detalles<\/a> <span class=\"button-mini-delimiter\"><\/span><\/div><\/div><\/li>\n<\/ul><\/div><\/div><div class=\"clear\"><\/div><\/p><\/div>","protected":false},"excerpt":{"rendered":"","protected":false},"author":1,"featured_media":0,"parent":18,"menu_order":3,"comment_status":"closed","ping_status":"closed","template":"","meta":{"give_campaign_id":0,"_joinchat":[],"footnotes":""},"class_list":["post-115","page","type-page","status-publish","hentry"],"yoast_head":"<!-- This site is optimized with the Yoast SEO plugin v27.2 - https:\/\/yoast.com\/product\/yoast-seo-wordpress\/ -->\n<title>Palletas e pall\u00f3ns - Pablo Carpintero<\/title>\n<meta name=\"robots\" content=\"index, follow, max-snippet:-1, max-image-preview:large, max-video-preview:-1\" \/>\n<link rel=\"canonical\" href=\"https:\/\/pablocarpintero.es\/es\/instrumentos-musicais\/palletas\/\" \/>\n<meta property=\"og:locale\" content=\"es_ES\" \/>\n<meta property=\"og:type\" content=\"article\" \/>\n<meta property=\"og:title\" content=\"Palletas e pall\u00f3ns - Pablo Carpintero\" \/>\n<meta property=\"og:url\" content=\"https:\/\/pablocarpintero.es\/es\/instrumentos-musicais\/palletas\/\" \/>\n<meta property=\"og:site_name\" content=\"Pablo Carpintero\" \/>\n<meta property=\"article:modified_time\" content=\"2021-11-29T17:56:09+00:00\" \/>\n<meta name=\"twitter:card\" content=\"summary_large_image\" \/>\n<meta name=\"twitter:label1\" content=\"Tiempo de lectura\" \/>\n\t<meta name=\"twitter:data1\" content=\"3 minutos\" \/>\n<script type=\"application\/ld+json\" class=\"yoast-schema-graph\">{\"@context\":\"https:\/\/schema.org\",\"@graph\":[{\"@type\":\"WebPage\",\"@id\":\"https:\/\/pablocarpintero.es\/instrumentos-musicais\/palletas\/\",\"url\":\"https:\/\/pablocarpintero.es\/instrumentos-musicais\/palletas\/\",\"name\":\"Palletas e pall\u00f3ns - Pablo Carpintero\",\"isPartOf\":{\"@id\":\"https:\/\/pablocarpintero.es\/#website\"},\"datePublished\":\"2021-09-29T14:27:30+00:00\",\"dateModified\":\"2021-11-29T17:56:09+00:00\",\"breadcrumb\":{\"@id\":\"https:\/\/pablocarpintero.es\/instrumentos-musicais\/palletas\/#breadcrumb\"},\"inLanguage\":\"es\",\"potentialAction\":[{\"@type\":\"ReadAction\",\"target\":[\"https:\/\/pablocarpintero.es\/instrumentos-musicais\/palletas\/\"]}]},{\"@type\":\"BreadcrumbList\",\"@id\":\"https:\/\/pablocarpintero.es\/instrumentos-musicais\/palletas\/#breadcrumb\",\"itemListElement\":[{\"@type\":\"ListItem\",\"position\":1,\"name\":\"Portada\",\"item\":\"https:\/\/pablocarpintero.es\/inicio\/\"},{\"@type\":\"ListItem\",\"position\":2,\"name\":\"Instrumentos musicais\",\"item\":\"https:\/\/pablocarpintero.es\/instrumentos-musicais\/\"},{\"@type\":\"ListItem\",\"position\":3,\"name\":\"Palletas e pall\u00f3ns\"}]},{\"@type\":\"WebSite\",\"@id\":\"https:\/\/pablocarpintero.es\/#website\",\"url\":\"https:\/\/pablocarpintero.es\/\",\"name\":\"Pablo Carpintero\",\"description\":\"Otro sitio realizado con WordPress\",\"potentialAction\":[{\"@type\":\"SearchAction\",\"target\":{\"@type\":\"EntryPoint\",\"urlTemplate\":\"https:\/\/pablocarpintero.es\/?s={search_term_string}\"},\"query-input\":{\"@type\":\"PropertyValueSpecification\",\"valueRequired\":true,\"valueName\":\"search_term_string\"}}],\"inLanguage\":\"es\"}]}<\/script>\n<!-- \/ Yoast SEO plugin. -->","yoast_head_json":{"title":"Palletas e pall\u00f3ns - Pablo Carpintero","robots":{"index":"index","follow":"follow","max-snippet":"max-snippet:-1","max-image-preview":"max-image-preview:large","max-video-preview":"max-video-preview:-1"},"canonical":"https:\/\/pablocarpintero.es\/es\/instrumentos-musicais\/palletas\/","og_locale":"es_ES","og_type":"article","og_title":"Palletas e pall\u00f3ns - Pablo Carpintero","og_url":"https:\/\/pablocarpintero.es\/es\/instrumentos-musicais\/palletas\/","og_site_name":"Pablo Carpintero","article_modified_time":"2021-11-29T17:56:09+00:00","twitter_card":"summary_large_image","twitter_misc":{"Tiempo de lectura":"3 minutos"},"schema":{"@context":"https:\/\/schema.org","@graph":[{"@type":"WebPage","@id":"https:\/\/pablocarpintero.es\/instrumentos-musicais\/palletas\/","url":"https:\/\/pablocarpintero.es\/instrumentos-musicais\/palletas\/","name":"Palletas e pall\u00f3ns - Pablo Carpintero","isPartOf":{"@id":"https:\/\/pablocarpintero.es\/#website"},"datePublished":"2021-09-29T14:27:30+00:00","dateModified":"2021-11-29T17:56:09+00:00","breadcrumb":{"@id":"https:\/\/pablocarpintero.es\/instrumentos-musicais\/palletas\/#breadcrumb"},"inLanguage":"es","potentialAction":[{"@type":"ReadAction","target":["https:\/\/pablocarpintero.es\/instrumentos-musicais\/palletas\/"]}]},{"@type":"BreadcrumbList","@id":"https:\/\/pablocarpintero.es\/instrumentos-musicais\/palletas\/#breadcrumb","itemListElement":[{"@type":"ListItem","position":1,"name":"Portada","item":"https:\/\/pablocarpintero.es\/inicio\/"},{"@type":"ListItem","position":2,"name":"Instrumentos musicais","item":"https:\/\/pablocarpintero.es\/instrumentos-musicais\/"},{"@type":"ListItem","position":3,"name":"Palletas e pall\u00f3ns"}]},{"@type":"WebSite","@id":"https:\/\/pablocarpintero.es\/#website","url":"https:\/\/pablocarpintero.es\/","name":"Pablo Carpintero","description":"Otro sitio realizado con WordPress","potentialAction":[{"@type":"SearchAction","target":{"@type":"EntryPoint","urlTemplate":"https:\/\/pablocarpintero.es\/?s={search_term_string}"},"query-input":{"@type":"PropertyValueSpecification","valueRequired":true,"valueName":"search_term_string"}}],"inLanguage":"es"}]}},"campaignId":"","_links":{"self":[{"href":"https:\/\/pablocarpintero.es\/es\/wp-json\/wp\/v2\/pages\/115","targetHints":{"allow":["GET"]}}],"collection":[{"href":"https:\/\/pablocarpintero.es\/es\/wp-json\/wp\/v2\/pages"}],"about":[{"href":"https:\/\/pablocarpintero.es\/es\/wp-json\/wp\/v2\/types\/page"}],"author":[{"embeddable":true,"href":"https:\/\/pablocarpintero.es\/es\/wp-json\/wp\/v2\/users\/1"}],"replies":[{"embeddable":true,"href":"https:\/\/pablocarpintero.es\/es\/wp-json\/wp\/v2\/comments?post=115"}],"version-history":[{"count":4,"href":"https:\/\/pablocarpintero.es\/es\/wp-json\/wp\/v2\/pages\/115\/revisions"}],"predecessor-version":[{"id":1776,"href":"https:\/\/pablocarpintero.es\/es\/wp-json\/wp\/v2\/pages\/115\/revisions\/1776"}],"up":[{"embeddable":true,"href":"https:\/\/pablocarpintero.es\/es\/wp-json\/wp\/v2\/pages\/18"}],"wp:attachment":[{"href":"https:\/\/pablocarpintero.es\/es\/wp-json\/wp\/v2\/media?parent=115"}],"curies":[{"name":"wp","href":"https:\/\/api.w.org\/{rel}","templated":true}]}}