{"id":28,"date":"2021-09-29T09:56:31","date_gmt":"2021-09-29T10:13:07","guid":{"rendered":"http:\/\/pablocarpintero.es\/?page_id=28"},"modified":"2021-11-12T05:40:10","modified_gmt":"2021-11-12T05:40:10","slug":"frautas-pinfanos-e-requintas-2","status":"publish","type":"page","link":"https:\/\/pablocarpintero.es\/es\/instrumentos-musicais\/frautas-pinfanos-e-requintas-2\/","title":{"rendered":"Traversos barrocos"},"content":{"rendered":"<div  class='flex_column av-av_one_full-d846867a37b468541bc8830743d44203 av_one_full  avia-builder-el-0  avia-builder-el-no-sibling  first flex_column_div'     ><section  class='av_textblock_section av-kv5qik65-d0259121e516f5831f514ef51dbf7065'   itemscope=\"itemscope\" itemtype=\"https:\/\/schema.org\/CreativeWork\" ><div class='avia_textblock'  itemprop=\"text\" ><p class=\"p1\">Fabricamos r\u00e9plicas de traversos hist\u00f3ricos con temperamentos barrocos con La= 430 o 415 Hz. Empleamos maderas de boj o granadillo ornamentadas con imitaci\u00f3n de marfil. Las llaves son hechas a mano en lat\u00f3n o plata.<span class=\"Apple-converted-space\">\u00a0<\/span><\/p>\n<\/div><\/section><br \/>\n<div  class='avia-product-slider-container av-kv5qiuht-7a3243a218289af264ca7a00c6426c74 template-shop avia-content-slider avia-content-grid-active shop_columns_3  avia-builder-el-2  el_after_av_textblock  avia-builder-el-last  avia-content-slider-odd  avia-builder-el-2  el_after_av_textblock  avia-builder-el-last  av-slideshow-ui av-slider-hover-pause av-slideshow-manual av-loop-once av-loop-manual-endless avia-product-slider1' data-slideshow-options=\"{&quot;animation&quot;:&quot;fade&quot;,&quot;autoplay&quot;:false,&quot;loop_autoplay&quot;:&quot;once&quot;,&quot;interval&quot;:5,&quot;loop_manual&quot;:&quot;manual-endless&quot;,&quot;autoplay_stopper&quot;:false,&quot;noNavigation&quot;:false,&quot;bg_slider&quot;:false,&quot;keep_padding&quot;:false,&quot;hoverpause&quot;:true,&quot;show_slide_delay&quot;:0}\"><div class=\"product-sorting\"><ul class=\"sort-param sort-param-order\"><li><span class='currently-selected'>Ordenar por <strong>Por defecto<\/strong><\/span><ul><li class=\"current-param\"><a href='?avia_extended_shop_select=yes&product_order=default' rel=\"nofollow\"><span class='avia-bullet'><\/span>Por defecto<\/a><\/li><li><a href='?avia_extended_shop_select=yes&product_order=menu_order' rel=\"nofollow\"><span class='avia-bullet'><\/span>Personalizado<\/a><\/li><li><a href='?avia_extended_shop_select=yes&product_order=title' rel=\"nofollow\"><span class='avia-bullet'><\/span>Nombre<\/a><\/li><li><a href='?avia_extended_shop_select=yes&product_order=price' rel=\"nofollow\"><span class='avia-bullet'><\/span>Precio<\/a><\/li><li><a href='?avia_extended_shop_select=yes&product_order=date' rel=\"nofollow\"><span class='avia-bullet'><\/span>Fecha<\/a><\/li><li><a href='?avia_extended_shop_select=yes&product_order=popularity' rel=\"nofollow\"><span class='avia-bullet'><\/span>Popularity (sales)<\/a><\/li><li><a href='?avia_extended_shop_select=yes&product_order=rating' rel=\"nofollow\"><span class='avia-bullet'><\/span>Average rating<\/a><\/li><li><a href='?avia_extended_shop_select=yes&product_order=relevance' rel=\"nofollow\"><span class='avia-bullet'><\/span>Relevance<\/a><\/li><li><a href='?avia_extended_shop_select=yes&product_order=rand' rel=\"nofollow\"><span class='avia-bullet'><\/span>Aleatorio<\/a><\/li><li><a href='?avia_extended_shop_select=yes&product_order=id' rel=\"nofollow\"><span class='avia-bullet'><\/span>Product ID<\/a><\/li><\/ul><\/li><\/ul><ul class='sort-param sort-param-count'><li><span class='currently-selected'>Mostrar <strong>9 Art\u00edculos por p\u00e1gina <\/strong><\/span><ul><li class=\"current-param\"><a href='?paged=1&avia_extended_shop_select=yes&product_count=9' rel=\"nofollow\">\t\t<span class='avia-bullet'><\/span>9 Art\u00edculos por p\u00e1gina<\/a><\/li><li><a href='?paged=1&avia_extended_shop_select=yes&product_count=18' rel=\"nofollow\">\t<span class='avia-bullet'><\/span>18 Art\u00edculos por p\u00e1gina<\/a><\/li><li><a href='?paged=1&avia_extended_shop_select=yes&product_count=27' rel=\"nofollow\">\t<span class='avia-bullet'><\/span>27 Art\u00edculos por p\u00e1gina<\/a><\/li><\/ul><\/li><\/ul><\/div><div class='avia-content-slider-inner'><ul class=\"products\"><li class=\"product type-product post-2744 status-publish first instock product_cat-traversoso-barrocos has-post-thumbnail taxable shipping-taxable purchasable product-type-simple\">\n\t<div class='inner_product main_color wrapped_style noLightbox  av-product-class-'><a href=\"https:\/\/pablocarpintero.es\/es\/producto\/frautin-barroco\/\" class=\"woocommerce-LoopProduct-link woocommerce-loop-product__link\"><div class=\"thumbnail_container\"><img loading=\"lazy\" decoding=\"async\" width=\"300\" height=\"300\" src=\"https:\/\/pablocarpintero.es\/wp-content\/uploads\/2026\/04\/Flautin-barroco-en-Re-Pablo-carpintero-300x300.jpg\" class=\"wp-image-2745 avia-img-lazy-loading-2745 attachment-woocommerce_thumbnail size-woocommerce_thumbnail wp-post-image\" alt=\"\" srcset=\"https:\/\/pablocarpintero.es\/wp-content\/uploads\/2026\/04\/Flautin-barroco-en-Re-Pablo-carpintero-300x300.jpg 300w, https:\/\/pablocarpintero.es\/wp-content\/uploads\/2026\/04\/Flautin-barroco-en-Re-Pablo-carpintero-80x80.jpg 80w, https:\/\/pablocarpintero.es\/wp-content\/uploads\/2026\/04\/Flautin-barroco-en-Re-Pablo-carpintero-36x36.jpg 36w, https:\/\/pablocarpintero.es\/wp-content\/uploads\/2026\/04\/Flautin-barroco-en-Re-Pablo-carpintero-180x180.jpg 180w, https:\/\/pablocarpintero.es\/wp-content\/uploads\/2026\/04\/Flautin-barroco-en-Re-Pablo-carpintero-120x120.jpg 120w, https:\/\/pablocarpintero.es\/wp-content\/uploads\/2026\/04\/Flautin-barroco-en-Re-Pablo-carpintero-450x450.jpg 450w, https:\/\/pablocarpintero.es\/wp-content\/uploads\/2026\/04\/Flautin-barroco-en-Re-Pablo-carpintero-100x100.jpg 100w\" sizes=\"auto, (max-width: 300px) 100vw, 300px\" \/><span class=\"cart-loading\"><\/span><\/div><div class='inner_product_header'><div class='avia-arrow'><\/div><div class='inner_product_header_table'><div class='inner_product_header_cell'><h2 class=\"woocommerce-loop-product__title\">Flaut\u00edn barroco<\/h2>\n\t<span class=\"price\"><span class=\"woocommerce-Price-amount amount\"><bdi>600,00&nbsp;<span class=\"woocommerce-Price-currencySymbol\">&euro;<\/span><\/bdi><\/span><\/span>\n<\/div><\/div><\/div><\/a><div class='avia_cart_buttons'><a href=\"\/es\/wp-json\/wp\/v2\/pages\/28?add-to-cart=2744\" aria-describedby=\"woocommerce_loop_add_to_cart_link_describedby_2744\" data-quantity=\"1\" class=\"button product_type_simple add_to_cart_button ajax_add_to_cart\" data-product_id=\"2744\" data-product_sku=\"\" aria-label=\"A\u00f1adir al carrito: \u201cFraut\u00edn barroco\u201d\" rel=\"nofollow\" data-success_message=\"\u00abFraut\u00edn barroco\u00bb se ha a\u00f1adido a tu carrito\" role=\"button\" data-no-translation-aria-label=\"\" data-no-translation-data-success_message=\"\"><span aria-hidden='true' data-av_icon='\ue859' data-av_iconfont='entypo-fontello'><\/span> A\u00f1adir al carrito<\/a>\t<span id=\"woocommerce_loop_add_to_cart_link_describedby_2744\" class=\"screen-reader-text\">\n\t\t\t<\/span>\n<a class=\"button show_details_button\" href=\"https:\/\/pablocarpintero.es\/es\/producto\/frautin-barroco\/\"><span aria-hidden='true' data-av_icon='\ue84b' data-av_iconfont='entypo-fontello'><\/span>  Mostrar detalles<\/a> <span class=\"button-mini-delimiter\"><\/span><\/div><\/div><\/li>\n<li class=\"product type-product post-551 status-publish instock product_cat-instrumentos-musicales product_cat-traversoso-barrocos has-post-thumbnail taxable shipping-taxable purchasable product-type-simple\">\n\t<div class='inner_product main_color wrapped_style noLightbox  av-product-class-'><a href=\"https:\/\/pablocarpintero.es\/es\/producto\/traverso-de-salvador-xuriach-barcelona-mediados-seculo-xviii\/\" class=\"woocommerce-LoopProduct-link woocommerce-loop-product__link\"><div class=\"thumbnail_container\"><img loading=\"lazy\" decoding=\"async\" width=\"300\" height=\"300\" src=\"https:\/\/pablocarpintero.es\/wp-content\/uploads\/2021\/10\/Traverso-Pablo-Carpintero-1-300x300.jpg\" class=\"wp-image-955 avia-img-lazy-loading-955 attachment-woocommerce_thumbnail size-woocommerce_thumbnail wp-post-image\" alt=\"\" srcset=\"https:\/\/pablocarpintero.es\/wp-content\/uploads\/2021\/10\/Traverso-Pablo-Carpintero-1-300x300.jpg 300w, https:\/\/pablocarpintero.es\/wp-content\/uploads\/2021\/10\/Traverso-Pablo-Carpintero-1-100x100.jpg 100w, https:\/\/pablocarpintero.es\/wp-content\/uploads\/2021\/10\/Traverso-Pablo-Carpintero-1-80x80.jpg 80w, https:\/\/pablocarpintero.es\/wp-content\/uploads\/2021\/10\/Traverso-Pablo-Carpintero-1-36x36.jpg 36w, https:\/\/pablocarpintero.es\/wp-content\/uploads\/2021\/10\/Traverso-Pablo-Carpintero-1-180x180.jpg 180w\" sizes=\"auto, (max-width: 300px) 100vw, 300px\" \/><span class=\"cart-loading\"><\/span><\/div><div class='inner_product_header'><div class='avia-arrow'><\/div><div class='inner_product_header_table'><div class='inner_product_header_cell'><h2 class=\"woocommerce-loop-product__title\">Traverso de Salvador Xuriach (Barcelona, mediados del siglo XVIII)<\/h2>\n\t<span class=\"price\"><span class=\"woocommerce-Price-amount amount\"><bdi>1.400,00&nbsp;<span class=\"woocommerce-Price-currencySymbol\">&euro;<\/span><\/bdi><\/span><\/span>\n<\/div><\/div><\/div><\/a><div class='avia_cart_buttons'><a href=\"\/es\/wp-json\/wp\/v2\/pages\/28?add-to-cart=551\" aria-describedby=\"woocommerce_loop_add_to_cart_link_describedby_551\" data-quantity=\"1\" class=\"button product_type_simple add_to_cart_button ajax_add_to_cart\" data-product_id=\"551\" data-product_sku=\"\" aria-label=\"A\u00f1adir al carrito: \u201cTraverso de Salvador Xuriach (Barcelona, mediados s\u00e9culo XVIII)\u201d\" rel=\"nofollow\" data-success_message=\"\u00abTraverso de Salvador Xuriach (Barcelona, mediados s\u00e9culo XVIII)\u00bb se ha a\u00f1adido a tu carrito\" role=\"button\" data-no-translation-aria-label=\"\" data-no-translation-data-success_message=\"\"><span aria-hidden='true' data-av_icon='\ue859' data-av_iconfont='entypo-fontello'><\/span> A\u00f1adir al carrito<\/a>\t<span id=\"woocommerce_loop_add_to_cart_link_describedby_551\" class=\"screen-reader-text\">\n\t\t\t<\/span>\n<a class=\"button show_details_button\" href=\"https:\/\/pablocarpintero.es\/es\/producto\/traverso-de-salvador-xuriach-barcelona-mediados-seculo-xviii\/\"><span aria-hidden='true' data-av_icon='\ue84b' data-av_iconfont='entypo-fontello'><\/span>  Mostrar detalles<\/a> <span class=\"button-mini-delimiter\"><\/span><\/div><\/div><\/li>\n<li class=\"product type-product post-549 status-publish last instock product_cat-instrumentos-musicales product_cat-traversoso-barrocos has-post-thumbnail taxable shipping-taxable purchasable product-type-simple\">\n\t<div class='inner_product main_color wrapped_style noLightbox  av-product-class-'><a href=\"https:\/\/pablocarpintero.es\/es\/producto\/traverso-fabricado-por-bernad-hemsing-wesel-alemana-principios-do-s-xviii\/\" class=\"woocommerce-LoopProduct-link woocommerce-loop-product__link\"><div class=\"thumbnail_container\"><img loading=\"lazy\" decoding=\"async\" width=\"300\" height=\"300\" src=\"https:\/\/pablocarpintero.es\/wp-content\/uploads\/2021\/10\/Traverso-barroco-pablo-Carpintero-300x300.jpg\" class=\"wp-image-948 avia-img-lazy-loading-948 attachment-woocommerce_thumbnail size-woocommerce_thumbnail wp-post-image\" alt=\"\" srcset=\"https:\/\/pablocarpintero.es\/wp-content\/uploads\/2021\/10\/Traverso-barroco-pablo-Carpintero-300x300.jpg 300w, https:\/\/pablocarpintero.es\/wp-content\/uploads\/2021\/10\/Traverso-barroco-pablo-Carpintero-100x100.jpg 100w, https:\/\/pablocarpintero.es\/wp-content\/uploads\/2021\/10\/Traverso-barroco-pablo-Carpintero-80x80.jpg 80w, https:\/\/pablocarpintero.es\/wp-content\/uploads\/2021\/10\/Traverso-barroco-pablo-Carpintero-36x36.jpg 36w, https:\/\/pablocarpintero.es\/wp-content\/uploads\/2021\/10\/Traverso-barroco-pablo-Carpintero-180x180.jpg 180w\" sizes=\"auto, (max-width: 300px) 100vw, 300px\" \/><span class=\"cart-loading\"><\/span><\/div><div class='inner_product_header'><div class='avia-arrow'><\/div><div class='inner_product_header_table'><div class='inner_product_header_cell'><h2 class=\"woocommerce-loop-product__title\">Traverso fabricado por Bernad Hemsing (Wesel, Alemania, principios del s. XVIII)<\/h2>\n\t<span class=\"price\"><span class=\"woocommerce-Price-amount amount\"><bdi>1.400,00&nbsp;<span class=\"woocommerce-Price-currencySymbol\">&euro;<\/span><\/bdi><\/span><\/span>\n<\/div><\/div><\/div><\/a><div class='avia_cart_buttons'><a href=\"\/es\/wp-json\/wp\/v2\/pages\/28?add-to-cart=549\" aria-describedby=\"woocommerce_loop_add_to_cart_link_describedby_549\" data-quantity=\"1\" class=\"button product_type_simple add_to_cart_button ajax_add_to_cart\" data-product_id=\"549\" data-product_sku=\"\" aria-label=\"A\u00f1adir al carrito: \u201cTraverso fabricado por Bernad Hemsing (Wesel, Alema\u00f1a, principios do s. XVIII)\u201d\" rel=\"nofollow\" data-success_message=\"\u00abTraverso fabricado por Bernad Hemsing (Wesel, Alema\u00f1a, principios do s. XVIII)\u00bb se ha a\u00f1adido a tu carrito\" role=\"button\" data-no-translation-aria-label=\"\" data-no-translation-data-success_message=\"\"><span aria-hidden='true' data-av_icon='\ue859' data-av_iconfont='entypo-fontello'><\/span> A\u00f1adir al carrito<\/a>\t<span id=\"woocommerce_loop_add_to_cart_link_describedby_549\" class=\"screen-reader-text\">\n\t\t\t<\/span>\n<a class=\"button show_details_button\" href=\"https:\/\/pablocarpintero.es\/es\/producto\/traverso-fabricado-por-bernad-hemsing-wesel-alemana-principios-do-s-xviii\/\"><span aria-hidden='true' data-av_icon='\ue84b' data-av_iconfont='entypo-fontello'><\/span>  Mostrar detalles<\/a> <span class=\"button-mini-delimiter\"><\/span><\/div><\/div><\/li>\n<li class=\"product type-product post-550 status-publish first instock product_cat-instrumentos-musicales product_cat-traversoso-barrocos has-post-thumbnail taxable shipping-taxable purchasable product-type-simple\">\n\t<div class='inner_product main_color wrapped_style noLightbox  av-product-class-'><a href=\"https:\/\/pablocarpintero.es\/es\/producto\/traverso-fabricado-por-i-deppe-amsterdam-finais-do-s-xviii\/\" class=\"woocommerce-LoopProduct-link woocommerce-loop-product__link\"><div class=\"thumbnail_container\"><img loading=\"lazy\" decoding=\"async\" width=\"300\" height=\"300\" src=\"https:\/\/pablocarpintero.es\/wp-content\/uploads\/2021\/10\/Traverso-Barroco-Pablo-Carpintero-3-300x300.jpg\" class=\"wp-image-951 avia-img-lazy-loading-951 attachment-woocommerce_thumbnail size-woocommerce_thumbnail wp-post-image\" alt=\"\" srcset=\"https:\/\/pablocarpintero.es\/wp-content\/uploads\/2021\/10\/Traverso-Barroco-Pablo-Carpintero-3-300x300.jpg 300w, https:\/\/pablocarpintero.es\/wp-content\/uploads\/2021\/10\/Traverso-Barroco-Pablo-Carpintero-3-100x100.jpg 100w, https:\/\/pablocarpintero.es\/wp-content\/uploads\/2021\/10\/Traverso-Barroco-Pablo-Carpintero-3-80x80.jpg 80w, https:\/\/pablocarpintero.es\/wp-content\/uploads\/2021\/10\/Traverso-Barroco-Pablo-Carpintero-3-36x36.jpg 36w, https:\/\/pablocarpintero.es\/wp-content\/uploads\/2021\/10\/Traverso-Barroco-Pablo-Carpintero-3-180x180.jpg 180w\" sizes=\"auto, (max-width: 300px) 100vw, 300px\" \/><span class=\"cart-loading\"><\/span><\/div><div class='inner_product_header'><div class='avia-arrow'><\/div><div class='inner_product_header_table'><div class='inner_product_header_cell'><h2 class=\"woocommerce-loop-product__title\">Traverso fabricado por I. Deppe (Amsterdam, finales del siglo XVIII)<\/h2>\n\t<span class=\"price\"><span class=\"woocommerce-Price-amount amount\"><bdi>1.400,00&nbsp;<span class=\"woocommerce-Price-currencySymbol\">&euro;<\/span><\/bdi><\/span><\/span>\n<\/div><\/div><\/div><\/a><div class='avia_cart_buttons'><a href=\"\/es\/wp-json\/wp\/v2\/pages\/28?add-to-cart=550\" aria-describedby=\"woocommerce_loop_add_to_cart_link_describedby_550\" data-quantity=\"1\" class=\"button product_type_simple add_to_cart_button ajax_add_to_cart\" data-product_id=\"550\" data-product_sku=\"\" aria-label=\"A\u00f1adir al carrito: \u201cTraverso fabricado por I. Deppe (Amsterdam, finais do s. XVIII)\u201d\" rel=\"nofollow\" data-success_message=\"\u00abTraverso fabricado por I. Deppe (Amsterdam, finais do s. XVIII)\u00bb se ha a\u00f1adido a tu carrito\" role=\"button\" data-no-translation-aria-label=\"\" data-no-translation-data-success_message=\"\"><span aria-hidden='true' data-av_icon='\ue859' data-av_iconfont='entypo-fontello'><\/span> A\u00f1adir al carrito<\/a>\t<span id=\"woocommerce_loop_add_to_cart_link_describedby_550\" class=\"screen-reader-text\">\n\t\t\t<\/span>\n<a class=\"button show_details_button\" href=\"https:\/\/pablocarpintero.es\/es\/producto\/traverso-fabricado-por-i-deppe-amsterdam-finais-do-s-xviii\/\"><span aria-hidden='true' data-av_icon='\ue84b' data-av_iconfont='entypo-fontello'><\/span>  Mostrar detalles<\/a> <span class=\"button-mini-delimiter\"><\/span><\/div><\/div><\/li>\n<\/ul><\/div><\/div><div class=\"clear\"><\/div><\/p><\/div>","protected":false},"excerpt":{"rendered":"","protected":false},"author":1,"featured_media":0,"parent":18,"menu_order":6,"comment_status":"closed","ping_status":"closed","template":"","meta":{"give_campaign_id":0,"_joinchat":[],"footnotes":""},"class_list":["post-28","page","type-page","status-publish","hentry"],"yoast_head":"<!-- This site is optimized with the Yoast SEO plugin v27.2 - https:\/\/yoast.com\/product\/yoast-seo-wordpress\/ -->\n<title>Traversos barrocos - Pablo Carpintero<\/title>\n<meta name=\"robots\" content=\"index, follow, max-snippet:-1, max-image-preview:large, max-video-preview:-1\" \/>\n<link rel=\"canonical\" href=\"https:\/\/pablocarpintero.es\/es\/instrumentos-musicais\/frautas-pinfanos-e-requintas-2\/\" \/>\n<meta property=\"og:locale\" content=\"es_ES\" \/>\n<meta property=\"og:type\" content=\"article\" \/>\n<meta property=\"og:title\" content=\"Traversos barrocos - Pablo Carpintero\" \/>\n<meta property=\"og:url\" content=\"https:\/\/pablocarpintero.es\/es\/instrumentos-musicais\/frautas-pinfanos-e-requintas-2\/\" \/>\n<meta property=\"og:site_name\" content=\"Pablo Carpintero\" \/>\n<meta property=\"article:modified_time\" content=\"2021-11-12T05:40:10+00:00\" \/>\n<meta name=\"twitter:card\" content=\"summary_large_image\" \/>\n<meta name=\"twitter:label1\" content=\"Tiempo de lectura\" \/>\n\t<meta name=\"twitter:data1\" content=\"2 minutos\" \/>\n<script type=\"application\/ld+json\" class=\"yoast-schema-graph\">{\"@context\":\"https:\/\/schema.org\",\"@graph\":[{\"@type\":\"WebPage\",\"@id\":\"https:\/\/pablocarpintero.es\/instrumentos-musicais\/frautas-pinfanos-e-requintas-2\/\",\"url\":\"https:\/\/pablocarpintero.es\/instrumentos-musicais\/frautas-pinfanos-e-requintas-2\/\",\"name\":\"Traversos barrocos - Pablo Carpintero\",\"isPartOf\":{\"@id\":\"https:\/\/pablocarpintero.es\/#website\"},\"datePublished\":\"2021-09-29T10:13:07+00:00\",\"dateModified\":\"2021-11-12T05:40:10+00:00\",\"breadcrumb\":{\"@id\":\"https:\/\/pablocarpintero.es\/instrumentos-musicais\/frautas-pinfanos-e-requintas-2\/#breadcrumb\"},\"inLanguage\":\"es\",\"potentialAction\":[{\"@type\":\"ReadAction\",\"target\":[\"https:\/\/pablocarpintero.es\/instrumentos-musicais\/frautas-pinfanos-e-requintas-2\/\"]}]},{\"@type\":\"BreadcrumbList\",\"@id\":\"https:\/\/pablocarpintero.es\/instrumentos-musicais\/frautas-pinfanos-e-requintas-2\/#breadcrumb\",\"itemListElement\":[{\"@type\":\"ListItem\",\"position\":1,\"name\":\"Portada\",\"item\":\"https:\/\/pablocarpintero.es\/inicio\/\"},{\"@type\":\"ListItem\",\"position\":2,\"name\":\"Instrumentos musicais\",\"item\":\"https:\/\/pablocarpintero.es\/instrumentos-musicais\/\"},{\"@type\":\"ListItem\",\"position\":3,\"name\":\"Traversos barrocos\"}]},{\"@type\":\"WebSite\",\"@id\":\"https:\/\/pablocarpintero.es\/#website\",\"url\":\"https:\/\/pablocarpintero.es\/\",\"name\":\"Pablo Carpintero\",\"description\":\"Otro sitio realizado con WordPress\",\"potentialAction\":[{\"@type\":\"SearchAction\",\"target\":{\"@type\":\"EntryPoint\",\"urlTemplate\":\"https:\/\/pablocarpintero.es\/?s={search_term_string}\"},\"query-input\":{\"@type\":\"PropertyValueSpecification\",\"valueRequired\":true,\"valueName\":\"search_term_string\"}}],\"inLanguage\":\"es\"}]}<\/script>\n<!-- \/ Yoast SEO plugin. -->","yoast_head_json":{"title":"Traversos barrocos - Pablo Carpintero","robots":{"index":"index","follow":"follow","max-snippet":"max-snippet:-1","max-image-preview":"max-image-preview:large","max-video-preview":"max-video-preview:-1"},"canonical":"https:\/\/pablocarpintero.es\/es\/instrumentos-musicais\/frautas-pinfanos-e-requintas-2\/","og_locale":"es_ES","og_type":"article","og_title":"Traversos barrocos - Pablo Carpintero","og_url":"https:\/\/pablocarpintero.es\/es\/instrumentos-musicais\/frautas-pinfanos-e-requintas-2\/","og_site_name":"Pablo Carpintero","article_modified_time":"2021-11-12T05:40:10+00:00","twitter_card":"summary_large_image","twitter_misc":{"Tiempo de lectura":"2 minutos"},"schema":{"@context":"https:\/\/schema.org","@graph":[{"@type":"WebPage","@id":"https:\/\/pablocarpintero.es\/instrumentos-musicais\/frautas-pinfanos-e-requintas-2\/","url":"https:\/\/pablocarpintero.es\/instrumentos-musicais\/frautas-pinfanos-e-requintas-2\/","name":"Traversos barrocos - Pablo Carpintero","isPartOf":{"@id":"https:\/\/pablocarpintero.es\/#website"},"datePublished":"2021-09-29T10:13:07+00:00","dateModified":"2021-11-12T05:40:10+00:00","breadcrumb":{"@id":"https:\/\/pablocarpintero.es\/instrumentos-musicais\/frautas-pinfanos-e-requintas-2\/#breadcrumb"},"inLanguage":"es","potentialAction":[{"@type":"ReadAction","target":["https:\/\/pablocarpintero.es\/instrumentos-musicais\/frautas-pinfanos-e-requintas-2\/"]}]},{"@type":"BreadcrumbList","@id":"https:\/\/pablocarpintero.es\/instrumentos-musicais\/frautas-pinfanos-e-requintas-2\/#breadcrumb","itemListElement":[{"@type":"ListItem","position":1,"name":"Portada","item":"https:\/\/pablocarpintero.es\/inicio\/"},{"@type":"ListItem","position":2,"name":"Instrumentos musicais","item":"https:\/\/pablocarpintero.es\/instrumentos-musicais\/"},{"@type":"ListItem","position":3,"name":"Traversos barrocos"}]},{"@type":"WebSite","@id":"https:\/\/pablocarpintero.es\/#website","url":"https:\/\/pablocarpintero.es\/","name":"Pablo Carpintero","description":"Otro sitio realizado con WordPress","potentialAction":[{"@type":"SearchAction","target":{"@type":"EntryPoint","urlTemplate":"https:\/\/pablocarpintero.es\/?s={search_term_string}"},"query-input":{"@type":"PropertyValueSpecification","valueRequired":true,"valueName":"search_term_string"}}],"inLanguage":"es"}]}},"campaignId":"","_links":{"self":[{"href":"https:\/\/pablocarpintero.es\/es\/wp-json\/wp\/v2\/pages\/28","targetHints":{"allow":["GET"]}}],"collection":[{"href":"https:\/\/pablocarpintero.es\/es\/wp-json\/wp\/v2\/pages"}],"about":[{"href":"https:\/\/pablocarpintero.es\/es\/wp-json\/wp\/v2\/types\/page"}],"author":[{"embeddable":true,"href":"https:\/\/pablocarpintero.es\/es\/wp-json\/wp\/v2\/users\/1"}],"replies":[{"embeddable":true,"href":"https:\/\/pablocarpintero.es\/es\/wp-json\/wp\/v2\/comments?post=28"}],"version-history":[{"count":4,"href":"https:\/\/pablocarpintero.es\/es\/wp-json\/wp\/v2\/pages\/28\/revisions"}],"predecessor-version":[{"id":942,"href":"https:\/\/pablocarpintero.es\/es\/wp-json\/wp\/v2\/pages\/28\/revisions\/942"}],"up":[{"embeddable":true,"href":"https:\/\/pablocarpintero.es\/es\/wp-json\/wp\/v2\/pages\/18"}],"wp:attachment":[{"href":"https:\/\/pablocarpintero.es\/es\/wp-json\/wp\/v2\/media?parent=28"}],"curies":[{"name":"wp","href":"https:\/\/api.w.org\/{rel}","templated":true}]}}