{"id":345,"date":"2021-10-08T10:12:27","date_gmt":"2021-10-08T10:12:27","guid":{"rendered":"http:\/\/pablocarpintero.es\/?page_id=345"},"modified":"2021-11-23T19:58:56","modified_gmt":"2021-11-23T19:58:56","slug":"os-instrumentos-na-tradicion-musical-galeta","status":"publish","type":"page","link":"https:\/\/pablocarpintero.es\/es\/os-instrumentos-na-tradicion-musical-galeta\/","title":{"rendered":"Os instrumentos musicais na tradici\u00f3n galega"},"content":{"rendered":"<div  class='flex_column av-bad4h-070c21ff29a8ecdd7234e8ae58b8d0ac av_one_full  avia-builder-el-0  avia-builder-el-no-sibling  first flex_column_div'     ><section  class='av_textblock_section av-kui7mby1-4ed07969b1147e7aef5ee9ac0e5418a9'   itemscope=\"itemscope\" itemtype=\"https:\/\/schema.org\/CreativeWork\" ><div class='avia_textblock'  itemprop=\"text\" ><p lang=\"es-ES-u-co-trad\"><span style=\"color: #000000;\"><span style=\"font-family: Helvetica Neue, serif;\"><span style=\"font-size: small;\"><span style=\"font-size: medium;\"><span lang=\"es-ES-u-co-trad\"><a href=\"http:\/\/www.consellodacultura.gal\/asg\/instrumentos\/\" target=\"_blank\" rel=\"noopener\">Aqu\u00ed tienes nuestro trabajo sobre los instrumentos musicales gallegos,<\/a>que no excluye informaci\u00f3n sobre muchos otros portugueses, bercianos, asturianos y zamoranos, pues todo el noroeste est\u00e1 \u00edntimamente relacionado a nivel musical. Este libro est\u00e1 agotado, pero pensamos en su pronta reedici\u00f3n corregida y aumentada. Por ahora puedes consultarlo \u00edntegramente en la p\u00e1gina web del Consello da Cultura Gallega.<\/span><\/span><\/span><\/span><\/span><\/p>\n<p lang=\"es-ES-u-co-trad\">\n<p lang=\"es-ES-u-co-trad\">\n<\/div><\/section><br \/>\n<section  class='av_textblock_section av-kwbrqogt-0d72334b04c0316c9f19b0db84514184'   itemscope=\"itemscope\" itemtype=\"https:\/\/schema.org\/CreativeWork\" ><div class='avia_textblock'  itemprop=\"text\" ><p>Esta obra contiene, en sus casi 500 p\u00e1ginas de extensi\u00f3n, informaci\u00f3n hist\u00f3rica, antropol\u00f3gica y etnol\u00f3gica sobre m\u00e1s de 160 tipos diferentes de instrumentos musicales que hemos podido documentar a trav\u00e9s de la memoria de las portadoras y portadores gallegos. Tambi\u00e9n contiene unas 1000 fotograf\u00edas y cincuenta excelentes y explicativos dibujos de Ram\u00f3n Mar\u00edn. Es el resultado de veinte a\u00f1os de trabajo de campo e investigaci\u00f3n hist\u00f3rica sobre los instrumentos musicales gallegos y tambi\u00e9n explica su relaci\u00f3n con otros en la Pen\u00ednsula Ib\u00e9rica. Fue publicado en el marco del proyecto Ronsel para la recuperaci\u00f3n y puesta en valor del Patrimonio Cultural Inmaterial de Galicia. Recibi\u00f3 el Premio Ant\u00f3n Losada Di\u00e9guez de investigaci\u00f3n y ensayo.<\/p>\n\n<style type=\"text\/css\" data-created_by=\"avia_inline_auto\" id=\"style-css-av-b78gx-dfdf5868197f0e8b3b53e39d1998773a\">\n#top .hr.hr-invisible.av-b78gx-dfdf5868197f0e8b3b53e39d1998773a{\nheight:50px;\n}\n<\/style>\n<div  class='hr av-b78gx-dfdf5868197f0e8b3b53e39d1998773a hr-invisible  avia-builder-el-3  avia-builder-el-no-sibling'><span class='hr-inner'><span class=\"hr-inner-style\"><\/span><\/span><\/div>\n<\/div><\/section><br \/>\n\n<style type=\"text\/css\" data-created_by=\"avia_inline_auto\" id=\"style-css-av-kw20edsb-0880270bb8e3f4985a837d992b259c9b\">\n.avia-image-container.av-kw20edsb-0880270bb8e3f4985a837d992b259c9b img.avia_image{\nbox-shadow:none;\n}\n.avia-image-container.av-kw20edsb-0880270bb8e3f4985a837d992b259c9b .av-image-caption-overlay-center{\ncolor:#ffffff;\n}\n<\/style>\n<div  class='avia-image-container av-kw20edsb-0880270bb8e3f4985a837d992b259c9b av-styling- avia-align-center  avia-builder-el-4  el_after_av_textblock  avia-builder-el-last'   itemprop=\"image\" itemscope=\"itemscope\" itemtype=\"https:\/\/schema.org\/ImageObject\" ><div class=\"avia-image-container-inner\"><div class=\"avia-image-overlay-wrap\"><a href=\"http:\/\/www.consellodacultura.gal\/asg\/instrumentos\/\" class='avia_image' target=\"_blank\" rel=\"noopener noreferrer\"><img loading=\"lazy\" decoding=\"async\" class='wp-image-1569 avia-img-lazy-loading-1569 avia_image' src=\"https:\/\/pablocarpintero.es\/wp-content\/uploads\/2021\/11\/portada-933x1030.jpg\" alt='' title='portada'  height=\"1030\" width=\"933\"  itemprop=\"thumbnailUrl\" srcset=\"https:\/\/pablocarpintero.es\/wp-content\/uploads\/2021\/11\/portada-933x1030.jpg 933w, https:\/\/pablocarpintero.es\/wp-content\/uploads\/2021\/11\/portada-600x662.jpg 600w, https:\/\/pablocarpintero.es\/wp-content\/uploads\/2021\/11\/portada-272x300.jpg 272w, https:\/\/pablocarpintero.es\/wp-content\/uploads\/2021\/11\/portada-768x847.jpg 768w, https:\/\/pablocarpintero.es\/wp-content\/uploads\/2021\/11\/portada-11x12.jpg 11w, https:\/\/pablocarpintero.es\/wp-content\/uploads\/2021\/11\/portada-639x705.jpg 639w, https:\/\/pablocarpintero.es\/wp-content\/uploads\/2021\/11\/portada.jpg 1267w\" sizes=\"auto, (max-width: 933px) 100vw, 933px\" \/><\/a><\/div><\/div><\/div><\/p><\/div>","protected":false},"excerpt":{"rendered":"","protected":false},"author":1,"featured_media":0,"parent":0,"menu_order":3,"comment_status":"closed","ping_status":"closed","template":"","meta":{"give_campaign_id":0,"_joinchat":[],"footnotes":""},"class_list":["post-345","page","type-page","status-publish","hentry"],"yoast_head":"<!-- This site is optimized with the Yoast SEO plugin v27.2 - https:\/\/yoast.com\/product\/yoast-seo-wordpress\/ -->\n<title>Os instrumentos musicais na tradici\u00f3n galega - Pablo Carpintero<\/title>\n<meta name=\"robots\" content=\"index, follow, max-snippet:-1, max-image-preview:large, max-video-preview:-1\" \/>\n<link rel=\"canonical\" href=\"https:\/\/pablocarpintero.es\/es\/os-instrumentos-na-tradicion-musical-galeta\/\" \/>\n<meta property=\"og:locale\" content=\"es_ES\" \/>\n<meta property=\"og:type\" content=\"article\" \/>\n<meta property=\"og:title\" content=\"Os instrumentos musicais na tradici\u00f3n galega - Pablo Carpintero\" \/>\n<meta property=\"og:url\" content=\"https:\/\/pablocarpintero.es\/es\/os-instrumentos-na-tradicion-musical-galeta\/\" \/>\n<meta property=\"og:site_name\" content=\"Pablo Carpintero\" \/>\n<meta property=\"article:modified_time\" content=\"2021-11-23T19:58:56+00:00\" \/>\n<meta name=\"twitter:card\" content=\"summary_large_image\" \/>\n<meta name=\"twitter:label1\" content=\"Tiempo de lectura\" \/>\n\t<meta name=\"twitter:data1\" content=\"3 minutos\" \/>\n<script type=\"application\/ld+json\" class=\"yoast-schema-graph\">{\"@context\":\"https:\/\/schema.org\",\"@graph\":[{\"@type\":\"WebPage\",\"@id\":\"https:\/\/pablocarpintero.es\/os-instrumentos-na-tradicion-musical-galeta\/\",\"url\":\"https:\/\/pablocarpintero.es\/os-instrumentos-na-tradicion-musical-galeta\/\",\"name\":\"Os instrumentos musicais na tradici\u00f3n galega - Pablo Carpintero\",\"isPartOf\":{\"@id\":\"https:\/\/pablocarpintero.es\/#website\"},\"datePublished\":\"2021-10-08T10:12:27+00:00\",\"dateModified\":\"2021-11-23T19:58:56+00:00\",\"breadcrumb\":{\"@id\":\"https:\/\/pablocarpintero.es\/os-instrumentos-na-tradicion-musical-galeta\/#breadcrumb\"},\"inLanguage\":\"es\",\"potentialAction\":[{\"@type\":\"ReadAction\",\"target\":[\"https:\/\/pablocarpintero.es\/os-instrumentos-na-tradicion-musical-galeta\/\"]}]},{\"@type\":\"BreadcrumbList\",\"@id\":\"https:\/\/pablocarpintero.es\/os-instrumentos-na-tradicion-musical-galeta\/#breadcrumb\",\"itemListElement\":[{\"@type\":\"ListItem\",\"position\":1,\"name\":\"Portada\",\"item\":\"https:\/\/pablocarpintero.es\/inicio\/\"},{\"@type\":\"ListItem\",\"position\":2,\"name\":\"Os instrumentos musicais na tradici\u00f3n galega\"}]},{\"@type\":\"WebSite\",\"@id\":\"https:\/\/pablocarpintero.es\/#website\",\"url\":\"https:\/\/pablocarpintero.es\/\",\"name\":\"Pablo Carpintero\",\"description\":\"Otro sitio realizado con WordPress\",\"potentialAction\":[{\"@type\":\"SearchAction\",\"target\":{\"@type\":\"EntryPoint\",\"urlTemplate\":\"https:\/\/pablocarpintero.es\/?s={search_term_string}\"},\"query-input\":{\"@type\":\"PropertyValueSpecification\",\"valueRequired\":true,\"valueName\":\"search_term_string\"}}],\"inLanguage\":\"es\"}]}<\/script>\n<!-- \/ Yoast SEO plugin. -->","yoast_head_json":{"title":"Os instrumentos musicais na tradici\u00f3n galega - Pablo Carpintero","robots":{"index":"index","follow":"follow","max-snippet":"max-snippet:-1","max-image-preview":"max-image-preview:large","max-video-preview":"max-video-preview:-1"},"canonical":"https:\/\/pablocarpintero.es\/es\/os-instrumentos-na-tradicion-musical-galeta\/","og_locale":"es_ES","og_type":"article","og_title":"Os instrumentos musicais na tradici\u00f3n galega - Pablo Carpintero","og_url":"https:\/\/pablocarpintero.es\/es\/os-instrumentos-na-tradicion-musical-galeta\/","og_site_name":"Pablo Carpintero","article_modified_time":"2021-11-23T19:58:56+00:00","twitter_card":"summary_large_image","twitter_misc":{"Tiempo de lectura":"3 minutos"},"schema":{"@context":"https:\/\/schema.org","@graph":[{"@type":"WebPage","@id":"https:\/\/pablocarpintero.es\/os-instrumentos-na-tradicion-musical-galeta\/","url":"https:\/\/pablocarpintero.es\/os-instrumentos-na-tradicion-musical-galeta\/","name":"Os instrumentos musicais na tradici\u00f3n galega - Pablo Carpintero","isPartOf":{"@id":"https:\/\/pablocarpintero.es\/#website"},"datePublished":"2021-10-08T10:12:27+00:00","dateModified":"2021-11-23T19:58:56+00:00","breadcrumb":{"@id":"https:\/\/pablocarpintero.es\/os-instrumentos-na-tradicion-musical-galeta\/#breadcrumb"},"inLanguage":"es","potentialAction":[{"@type":"ReadAction","target":["https:\/\/pablocarpintero.es\/os-instrumentos-na-tradicion-musical-galeta\/"]}]},{"@type":"BreadcrumbList","@id":"https:\/\/pablocarpintero.es\/os-instrumentos-na-tradicion-musical-galeta\/#breadcrumb","itemListElement":[{"@type":"ListItem","position":1,"name":"Portada","item":"https:\/\/pablocarpintero.es\/inicio\/"},{"@type":"ListItem","position":2,"name":"Os instrumentos musicais na tradici\u00f3n galega"}]},{"@type":"WebSite","@id":"https:\/\/pablocarpintero.es\/#website","url":"https:\/\/pablocarpintero.es\/","name":"Pablo Carpintero","description":"Otro sitio realizado con WordPress","potentialAction":[{"@type":"SearchAction","target":{"@type":"EntryPoint","urlTemplate":"https:\/\/pablocarpintero.es\/?s={search_term_string}"},"query-input":{"@type":"PropertyValueSpecification","valueRequired":true,"valueName":"search_term_string"}}],"inLanguage":"es"}]}},"campaignId":"","_links":{"self":[{"href":"https:\/\/pablocarpintero.es\/es\/wp-json\/wp\/v2\/pages\/345","targetHints":{"allow":["GET"]}}],"collection":[{"href":"https:\/\/pablocarpintero.es\/es\/wp-json\/wp\/v2\/pages"}],"about":[{"href":"https:\/\/pablocarpintero.es\/es\/wp-json\/wp\/v2\/types\/page"}],"author":[{"embeddable":true,"href":"https:\/\/pablocarpintero.es\/es\/wp-json\/wp\/v2\/users\/1"}],"replies":[{"embeddable":true,"href":"https:\/\/pablocarpintero.es\/es\/wp-json\/wp\/v2\/comments?post=345"}],"version-history":[{"count":8,"href":"https:\/\/pablocarpintero.es\/es\/wp-json\/wp\/v2\/pages\/345\/revisions"}],"predecessor-version":[{"id":1571,"href":"https:\/\/pablocarpintero.es\/es\/wp-json\/wp\/v2\/pages\/345\/revisions\/1571"}],"wp:attachment":[{"href":"https:\/\/pablocarpintero.es\/es\/wp-json\/wp\/v2\/media?parent=345"}],"curies":[{"name":"wp","href":"https:\/\/api.w.org\/{rel}","templated":true}]}}