{"id":45,"date":"2021-09-29T10:20:40","date_gmt":"2021-09-29T10:20:40","guid":{"rendered":"http:\/\/pablocarpintero.es\/?page_id=45"},"modified":"2025-07-24T09:07:35","modified_gmt":"2025-07-24T09:07:35","slug":"bibliografia","status":"publish","type":"page","link":"https:\/\/pablocarpintero.es\/es\/bibliografia\/","title":{"rendered":"Bibliograf\u00eda"},"content":{"rendered":"<div  class='flex_column av-2dnr5-422856d696b09762f1c76d9c2a9f1a81 av_one_full  avia-builder-el-0  el_before_av_one_full  avia-builder-el-first  first flex_column_div'     ><p><section  class='av_textblock_section av-kui5inkw-12da45bc454a1900c006c537ff3387bc'   itemscope=\"itemscope\" itemtype=\"https:\/\/schema.org\/CreativeWork\" ><div class='avia_textblock'  itemprop=\"text\" ><p>En esta secci\u00f3n puedes encontrar algunas de nuestras publicaciones, muchos de los libros ya est\u00e1n agotados, por cuanto tienes a tu disposici\u00f3n los PDF que puedes descargar para leer. Tambi\u00e9n puedes comprar los libros, de propios o de terceros, que tenemos publicados a d\u00eda de hoy.<\/p>\n<p>En la secci\u00f3n de micromecenazgo podr\u00e1s participar, con ciertas ventajas, en la edici\u00f3n de nuestros pr\u00f3ximos trabajos.<\/p>\n<\/div><\/section><br \/>\n\n<style type=\"text\/css\" data-created_by=\"avia_inline_auto\" id=\"style-css-av-kui5j8vs-162e396be6f087f2eb8f6f9e61044397\">\n#top .av-special-heading.av-kui5j8vs-162e396be6f087f2eb8f6f9e61044397{\npadding-bottom:10px;\n}\nbody .av-special-heading.av-kui5j8vs-162e396be6f087f2eb8f6f9e61044397 .av-special-heading-tag .heading-char{\nfont-size:25px;\n}\n.av-special-heading.av-kui5j8vs-162e396be6f087f2eb8f6f9e61044397 .av-subheading{\nfont-size:15px;\n}\n<\/style>\n<div  class='av-special-heading av-kui5j8vs-162e396be6f087f2eb8f6f9e61044397 av-special-heading-h2  avia-builder-el-2  el_after_av_textblock  el_before_av_textblock'><h2 class='av-special-heading-tag'  itemprop=\"headline\"  >Publicaciones en revistas o libros descatalogados<\/h2><div class=\"special-heading-border\"><div class=\"special-heading-inner-border\"><\/div><\/div><\/div><br \/>\n<section  class='av_textblock_section av-kui6ufr8-00a6fe7ce73d84f187fe7649c2559693'   itemscope=\"itemscope\" itemtype=\"https:\/\/schema.org\/CreativeWork\" ><div class='avia_textblock'  itemprop=\"text\" ><\/div><\/section><br \/>\n<div id='av-masonry-1' class='av-masonry av-kui5l4kl-e1bc536bdf2d7da14b3ec4b55932e11b noHover av-fixed-size av-1px-gap av-hover-overlay-active av-masonry-animation-active av-masonry-col-4 av-caption-always av-caption-style- av-masonry-gallery av-orientation-portrait' data-post_id=\"45\"><div class=\"av-masonry-container isotope av-js-disabled\"><div class='av-masonry-entry isotope-item av-masonry-item-no-image'><\/div><a href=\"http:\/\/pablocarpintero.es\/wp-content\/uploads\/2021\/10\/Chanter-Spring-2020.pdf\" aria-label=\"image Chunter-spring-2020\" target=\"_blank\" rel=\"noopener noreferrer\" id='av-masonry-1-item-325' data-av-masonry-item='325' class='av-masonry-entry isotope-item post-325 attachment type-attachment status-inherit hentry  av-masonry-item-with-image' title=\"Chunter-spring-2020\" alt=\"\" data-av-masonry-custom-link=\"http:\/\/pablocarpintero.es\/wp-content\/uploads\/2021\/10\/Chanter-Spring-2020.pdf\" itemprop=\"thumbnailUrl\"><div class='av-inner-masonry-sizer'><\/div><figure class='av-inner-masonry main_color'><div class=\"av-masonry-outerimage-container\"><div class='av-masonry-image-container' style=\"background-image: url(https:\/\/pablocarpintero.es\/wp-content\/uploads\/2021\/10\/Chunter-spring-2020.jpg);\"  title=\"Chunter-spring-2020\"  ><\/div><\/div><\/figure><\/a><!--end av-masonry entry--><a href=\"http:\/\/pablocarpintero.es\/wp-content\/uploads\/2021\/10\/chanter-2018-summer.pdf\" aria-label=\"image Chanter-summer-2018\" target=\"_blank\" rel=\"noopener noreferrer\" id='av-masonry-1-item-326' data-av-masonry-item='326' class='av-masonry-entry isotope-item post-326 attachment type-attachment status-inherit hentry  av-masonry-item-with-image' title=\"Chanter-summer-2018\" alt=\"\" data-av-masonry-custom-link=\"http:\/\/pablocarpintero.es\/wp-content\/uploads\/2021\/10\/chanter-2018-summer.pdf\" itemprop=\"thumbnailUrl\"><div class='av-inner-masonry-sizer'><\/div><figure class='av-inner-masonry main_color'><div class=\"av-masonry-outerimage-container\"><div class='av-masonry-image-container' style=\"background-image: url(https:\/\/pablocarpintero.es\/wp-content\/uploads\/2021\/10\/Chanter-summer-2018.jpg);\"  title=\"Chanter-summer-2018\"  ><\/div><\/div><\/figure><\/a><!--end av-masonry entry--><a href=\"http:\/\/pablocarpintero.es\/wp-content\/uploads\/2021\/10\/OS-GAITEIROS-E-AS-GAITAS-DE-FOLE-NA-REGIA\u0303O-DE-COIMBRA.pdf\" aria-label=\"image OS GAITEIROS E AS GAITAS DE FOLE NA REGIA\u0303O DE COIMBRA\" target=\"_blank\" rel=\"noopener noreferrer\" id='av-masonry-1-item-327' data-av-masonry-item='327' class='av-masonry-entry isotope-item post-327 attachment type-attachment status-inherit hentry  av-masonry-item-with-image' title=\"OS GAITEIROS E AS GAITAS DE FOLE NA REGIA\u0303O DE COIMBRA\" alt=\"\" data-av-masonry-custom-link=\"http:\/\/pablocarpintero.es\/wp-content\/uploads\/2021\/10\/OS-GAITEIROS-E-AS-GAITAS-DE-FOLE-NA-REGIA\u0303O-DE-COIMBRA.pdf\" itemprop=\"thumbnailUrl\"><div class='av-inner-masonry-sizer'><\/div><figure class='av-inner-masonry main_color'><div class=\"av-masonry-outerimage-container\"><div class='av-masonry-image-container' style=\"background-image: url(https:\/\/pablocarpintero.es\/wp-content\/uploads\/2021\/10\/OS-GAITEIROS-E-AS-GAITAS-DE-FOLE-NA-REGIA\u0303O-DE-COIMBRA.jpg);\"  title=\"OS GAITEIROS E AS GAITAS DE FOLE NA REGIA\u0303O DE COIMBRA\"  ><\/div><\/div><\/figure><\/a><!--end av-masonry entry--><a href=\"http:\/\/pablocarpintero.es\/wp-content\/uploads\/2021\/10\/Instrumentos-tradicionais-galegos.pdf\" aria-label=\"image Instrumentos tradicionais galegos\" target=\"_blank\" rel=\"noopener noreferrer\" id='av-masonry-1-item-328' data-av-masonry-item='328' class='av-masonry-entry isotope-item post-328 attachment type-attachment status-inherit hentry  av-masonry-item-with-image' title=\"Instrumentos tradicionais galegos\" alt=\"\" data-av-masonry-custom-link=\"http:\/\/pablocarpintero.es\/wp-content\/uploads\/2021\/10\/Instrumentos-tradicionais-galegos.pdf\" itemprop=\"thumbnailUrl\"><div class='av-inner-masonry-sizer'><\/div><figure class='av-inner-masonry main_color'><div class=\"av-masonry-outerimage-container\"><div class='av-masonry-image-container' style=\"background-image: url(https:\/\/pablocarpintero.es\/wp-content\/uploads\/2021\/10\/Instrumentos-tradicionais-galegos.jpg);\"  title=\"Instrumentos tradicionais galegos\"  ><\/div><\/div><\/figure><\/a><!--end av-masonry entry--><a href=\"http:\/\/pablocarpintero.es\/wp-content\/uploads\/2021\/10\/Chanter-Spring-2018.pdf\" aria-label=\"image Chanter-spring-2018\" target=\"_blank\" rel=\"noopener noreferrer\" id='av-masonry-1-item-329' data-av-masonry-item='329' class='av-masonry-entry isotope-item post-329 attachment type-attachment status-inherit hentry  av-masonry-item-with-image' title=\"Chanter-spring-2018\" alt=\"\" data-av-masonry-custom-link=\"http:\/\/pablocarpintero.es\/wp-content\/uploads\/2021\/10\/Chanter-Spring-2018.pdf\" itemprop=\"thumbnailUrl\"><div class='av-inner-masonry-sizer'><\/div><figure class='av-inner-masonry main_color'><div class=\"av-masonry-outerimage-container\"><div class='av-masonry-image-container' style=\"background-image: url(https:\/\/pablocarpintero.es\/wp-content\/uploads\/2021\/10\/Chanter-spring-2018.jpg);\"  title=\"Chanter-spring-2018\"  ><\/div><\/div><\/figure><\/a><!--end av-masonry entry--><a href=\"http:\/\/pablocarpintero.es\/wp-content\/uploads\/2021\/10\/Esqueuomorfismo-Rev-de-Folklore.pdf\" aria-label=\"image Esqueuomorfismo Rev de Folklore\" target=\"_blank\" rel=\"noopener noreferrer\" id='av-masonry-1-item-331' data-av-masonry-item='331' class='av-masonry-entry isotope-item post-331 attachment type-attachment status-inherit hentry  av-masonry-item-with-image' title=\"Esqueuomorfismo Rev de Folklore\" alt=\"\" data-av-masonry-custom-link=\"http:\/\/pablocarpintero.es\/wp-content\/uploads\/2021\/10\/Esqueuomorfismo-Rev-de-Folklore.pdf\" itemprop=\"thumbnailUrl\"><div class='av-inner-masonry-sizer'><\/div><figure class='av-inner-masonry main_color'><div class=\"av-masonry-outerimage-container\"><div class='av-masonry-image-container' style=\"background-image: url(https:\/\/pablocarpintero.es\/wp-content\/uploads\/2021\/10\/Esqueuomorfismo-Rev-de-Folklore.jpg);\"  title=\"Esqueuomorfismo Rev de Folklore\"  ><\/div><\/div><\/figure><\/a><!--end av-masonry entry--><a href=\"https:\/\/pablocarpintero.es\/wp-content\/uploads\/2021\/11\/Artigo-sobre-as-escalas-das-gaitas-portuguesas-3.pdf\" aria-label=\"image Captura-de-pantalla-2021-11-22-a-las-9.44.21\" target=\"_blank\" rel=\"noopener noreferrer\" id='av-masonry-1-item-1481' data-av-masonry-item='1481' class='av-masonry-entry isotope-item post-1481 attachment type-attachment status-inherit hentry  av-masonry-item-with-image' title=\"Captura-de-pantalla-2021-11-22-a-las-9.44.21\" alt=\"\" data-av-masonry-custom-link=\"https:\/\/pablocarpintero.es\/wp-content\/uploads\/2021\/11\/Artigo-sobre-as-escalas-das-gaitas-portuguesas-3.pdf\" itemprop=\"thumbnailUrl\"><div class='av-inner-masonry-sizer'><\/div><figure class='av-inner-masonry main_color'><div class=\"av-masonry-outerimage-container\"><div class='av-masonry-image-container' style=\"background-image: url(https:\/\/pablocarpintero.es\/wp-content\/uploads\/2021\/11\/Captura-de-pantalla-2021-11-22-a-las-9.44.21.png);\"  title=\"Captura-de-pantalla-2021-11-22-a-las-9.44.21\"  ><\/div><\/div><\/figure><\/a><!--end av-masonry entry--><a href=\"https:\/\/pablocarpintero.es\/wp-content\/uploads\/2021\/11\/torneados-esqueuomorfismo-y-determinismo-geografico-en-las-gaitas-de-fuelle-del-noroeste-peninsular-Pablo-carpintero.pdf\" aria-label=\"image Captura de pantalla 2021-11-22 a las 9.44.59\" target=\"_blank\" rel=\"noopener noreferrer\" id='av-masonry-1-item-1511' data-av-masonry-item='1511' class='av-masonry-entry isotope-item post-1511 attachment type-attachment status-inherit hentry  av-masonry-item-with-image' title=\"Captura de pantalla 2021-11-22 a las 9.44.59\" alt=\"\" data-av-masonry-custom-link=\"https:\/\/pablocarpintero.es\/wp-content\/uploads\/2021\/11\/torneados-esqueuomorfismo-y-determinismo-geografico-en-las-gaitas-de-fuelle-del-noroeste-peninsular-Pablo-carpintero.pdf\" itemprop=\"thumbnailUrl\"><div class='av-inner-masonry-sizer'><\/div><figure class='av-inner-masonry main_color'><div class=\"av-masonry-outerimage-container\"><div class='av-masonry-image-container' style=\"background-image: url(https:\/\/pablocarpintero.es\/wp-content\/uploads\/2021\/11\/Captura-de-pantalla-2021-11-22-a-las-9.44.59.png);\"  title=\"Captura de pantalla 2021-11-22 a las 9.44.59\"  ><\/div><\/div><\/figure><\/a><!--end av-masonry entry--><a href=\"https:\/\/pablocarpintero.es\/wp-content\/uploads\/2021\/11\/A-Requinta-na-Cultura-do-val-do-Rio-Ulla-Pablo-carpintero.pdf\" aria-label=\"image Portada Traballo Investigaci\u00f3n Tutelada Pablo carpintero\" target=\"_blank\" rel=\"noopener noreferrer\" id='av-masonry-1-item-1563' data-av-masonry-item='1563' class='av-masonry-entry isotope-item post-1563 attachment type-attachment status-inherit hentry  av-masonry-item-with-image' title=\"Portada Traballo Investigaci\u00f3n Tutelada Pablo carpintero\" alt=\"\" data-av-masonry-custom-link=\"https:\/\/pablocarpintero.es\/wp-content\/uploads\/2021\/11\/A-Requinta-na-Cultura-do-val-do-Rio-Ulla-Pablo-carpintero.pdf\" itemprop=\"thumbnailUrl\"><div class='av-inner-masonry-sizer'><\/div><figure class='av-inner-masonry main_color'><div class=\"av-masonry-outerimage-container\"><div class='av-masonry-image-container' style=\"background-image: url(https:\/\/pablocarpintero.es\/wp-content\/uploads\/2021\/11\/Portada-Traballo-Investigacion-Tutelada-Pablo-carpintero.png);\"  title=\"Portada Traballo Investigaci\u00f3n Tutelada Pablo carpintero\"  ><\/div><\/div><\/figure><\/a><!--end av-masonry entry--><a href=\"https:\/\/pablocarpintero.es\/wp-content\/uploads\/2021\/11\/A-reconstruccion-da-Pirusalda-La-reconstruccion-de-la-Porrusalda-Pablo-Carpintero.pdf\" aria-label=\"image A reconstrucci\u00f3n da Pirusalda Portada Pablop carpintero\" target=\"_blank\" rel=\"noopener noreferrer\" id='av-masonry-1-item-1572' data-av-masonry-item='1572' class='av-masonry-entry isotope-item post-1572 attachment type-attachment status-inherit hentry  av-masonry-item-with-image' title=\"A reconstrucci\u00f3n da Pirusalda Portada Pablop carpintero\" alt=\"\" data-av-masonry-custom-link=\"https:\/\/pablocarpintero.es\/wp-content\/uploads\/2021\/11\/A-reconstruccion-da-Pirusalda-La-reconstruccion-de-la-Porrusalda-Pablo-Carpintero.pdf\" itemprop=\"thumbnailUrl\"><div class='av-inner-masonry-sizer'><\/div><figure class='av-inner-masonry main_color'><div class=\"av-masonry-outerimage-container\"><div class='av-masonry-image-container' style=\"background-image: url(https:\/\/pablocarpintero.es\/wp-content\/uploads\/2021\/11\/A-reconstruccion-da-Pirusalda-Portada-Pablop-carpintero.png);\"  title=\"A reconstrucci\u00f3n da Pirusalda Portada Pablop carpintero\"  ><\/div><\/div><\/figure><\/a><!--end av-masonry entry--><a href=\"https:\/\/pablocarpintero.es\/wp-content\/uploads\/2021\/11\/A-aprendizaxe-tradicional-da-gaita-de-fol-galega.-El-aprendizaje-tradicional-de-la-gaita-en-Galicia.-Pablo-carpintero.pdf\" aria-label=\"image Aprendizaxe tradicional da gaita de fol portada\" target=\"_blank\" rel=\"noopener noreferrer\" id='av-masonry-1-item-1573' data-av-masonry-item='1573' class='av-masonry-entry isotope-item post-1573 attachment type-attachment status-inherit hentry  av-masonry-item-with-image' title=\"Aprendizaxe tradicional da gaita de fol portada\" alt=\"\" data-av-masonry-custom-link=\"https:\/\/pablocarpintero.es\/wp-content\/uploads\/2021\/11\/A-aprendizaxe-tradicional-da-gaita-de-fol-galega.-El-aprendizaje-tradicional-de-la-gaita-en-Galicia.-Pablo-carpintero.pdf\" itemprop=\"thumbnailUrl\"><div class='av-inner-masonry-sizer'><\/div><figure class='av-inner-masonry main_color'><div class=\"av-masonry-outerimage-container\"><div class='av-masonry-image-container' style=\"background-image: url(https:\/\/pablocarpintero.es\/wp-content\/uploads\/2021\/11\/Aprendizaxe-tradicional-da-gaita-de-fol-portada.jpg);\"  title=\"Aprendizaxe tradicional da gaita de fol portada\"  ><\/div><\/div><\/figure><\/a><!--end av-masonry entry--><a href=\"https:\/\/pablocarpintero.es\/wp-content\/uploads\/2021\/11\/Os-instrumentos-Musicais-tradicionais-a-aprendizaxe-tradicional-e-unha-proposta-de-integracion-no-sistema-educativo-actual-Pablo-Carpintero.pdf\" aria-label=\"image Portada Os instrumentos musicais na aprendizaxe tradicional\" target=\"_blank\" rel=\"noopener noreferrer\" id='av-masonry-1-item-1574' data-av-masonry-item='1574' class='av-masonry-entry isotope-item post-1574 attachment type-attachment status-inherit hentry  av-masonry-item-with-image' title=\"Portada Os instrumentos musicais na aprendizaxe tradicional\" alt=\"\" data-av-masonry-custom-link=\"https:\/\/pablocarpintero.es\/wp-content\/uploads\/2021\/11\/Os-instrumentos-Musicais-tradicionais-a-aprendizaxe-tradicional-e-unha-proposta-de-integracion-no-sistema-educativo-actual-Pablo-Carpintero.pdf\" itemprop=\"thumbnailUrl\"><div class='av-inner-masonry-sizer'><\/div><figure class='av-inner-masonry main_color'><div class=\"av-masonry-outerimage-container\"><div class='av-masonry-image-container' style=\"background-image: url(https:\/\/pablocarpintero.es\/wp-content\/uploads\/2021\/11\/Portada-Os-instrumentos-musicais-na-aprendizaxe-tradicional-.jpg);\"  title=\"Portada Os instrumentos musicais na aprendizaxe tradicional\"  ><\/div><\/div><\/figure><\/a><!--end av-masonry entry--><a href=\"https:\/\/pablocarpintero.es\/wp-content\/uploads\/2021\/11\/Gaitas-de-fol-con-cantores-tipo-clarinete-gaitas-de-fuelle-con-cantores-tipo-clarinete-Pablo-Carpintero.pdf\" aria-label=\"image Portada gaitas de fol con cantores tipo clarinete-gaitas de fuelle con cantores tipo clarinete-Pablo Carpintero\" target=\"_blank\" rel=\"noopener noreferrer\" id='av-masonry-1-item-1579' data-av-masonry-item='1579' class='av-masonry-entry isotope-item post-1579 attachment type-attachment status-inherit hentry  av-masonry-item-with-image' title=\"Portada gaitas de fol con cantores tipo clarinete-gaitas de fuelle con cantores tipo clarinete-Pablo Carpintero\" alt=\"\" data-av-masonry-custom-link=\"https:\/\/pablocarpintero.es\/wp-content\/uploads\/2021\/11\/Gaitas-de-fol-con-cantores-tipo-clarinete-gaitas-de-fuelle-con-cantores-tipo-clarinete-Pablo-Carpintero.pdf\" itemprop=\"thumbnailUrl\"><div class='av-inner-masonry-sizer'><\/div><figure class='av-inner-masonry main_color'><div class=\"av-masonry-outerimage-container\"><div class='av-masonry-image-container' style=\"background-image: url(https:\/\/pablocarpintero.es\/wp-content\/uploads\/2021\/11\/Portada-gaitas-de-fol-con-cantores-tipo-clarinete-gaitas-de-fuelle-con-cantores-tipo-clarinete-Pablo-Carpintero.jpg);\"  title=\"Portada gaitas de fol con cantores tipo clarinete-gaitas de fuelle con cantores tipo clarinete-Pablo Carpintero\"  ><\/div><\/div><\/figure><\/a><!--end av-masonry entry--><\/div><\/div><br \/>\n<section  class='av_textblock_section av-xahp-3c0558be90153f7a93c146dbb409d720'   itemscope=\"itemscope\" itemtype=\"https:\/\/schema.org\/CreativeWork\" ><div class='avia_textblock'  itemprop=\"text\" ><\/div><\/section><br \/>\n\n<style type=\"text\/css\" data-created_by=\"avia_inline_auto\" id=\"style-css-av-kui5jnkm-4a5d6260590435d0551aad7e26bb3d9f\">\n#top .av-special-heading.av-kui5jnkm-4a5d6260590435d0551aad7e26bb3d9f{\npadding-bottom:10px;\n}\nbody .av-special-heading.av-kui5jnkm-4a5d6260590435d0551aad7e26bb3d9f .av-special-heading-tag .heading-char{\nfont-size:25px;\n}\n.av-special-heading.av-kui5jnkm-4a5d6260590435d0551aad7e26bb3d9f .av-subheading{\nfont-size:15px;\n}\n<\/style>\n<div  class='av-special-heading av-kui5jnkm-4a5d6260590435d0551aad7e26bb3d9f av-special-heading-h2  avia-builder-el-6  el_after_av_textblock  el_before_av_textblock'><h2 class='av-special-heading-tag'  itemprop=\"headline\"  >Publicaciones a la venta<\/h2><div class=\"special-heading-border\"><div class=\"special-heading-inner-border\"><\/div><\/div><\/div><br \/>\n<section  class='av_textblock_section av-mde5bluc-a98b654d374a39acb85780f1e28c045d'   itemscope=\"itemscope\" itemtype=\"https:\/\/schema.org\/CreativeWork\" ><div class='avia_textblock'  itemprop=\"text\" ><p>Aqu\u00ed tes dous dos \u00faltimos traballos que temos realizado en colaboraci\u00f3n coa Associac\u0327a\u0303o Portuguesa para o Estudo e Divulgac\u0327a\u0303o da Gaita de Foles: Gaiteiros de Sesimbra e o 2\u00ba volume do Cancioneiro da gaita de Foles. Podes obter unha previsualizaci\u00f3n dos seus amplos contidos nos PDFs que che acompa\u00f1amos nesta secci\u00f3n.<\/p>\n<p>Para encomendar calquera de estas obras podes facelo escrebendo un correo \u00e1 asociaci\u00f3n: <a href=\"\/es\/contacto@gaitadefoles.net\/\">contacto@gaitadefoles.net<\/a><\/p>\n<\/div><\/section><br \/>\n<div id='av-masonry-2' class='av-masonry av-mdh64udh-d57d97f6328c983100cf3a8e8d13f303 noHover av-fixed-size av-1px-gap av-hover-overlay-active av-masonry-animation-active av-masonry-col-4 av-caption-always av-caption-style- av-masonry-gallery av-orientation-portrait' data-post_id=\"45\"><div class=\"av-masonry-container isotope av-js-disabled\"><div class='av-masonry-entry isotope-item av-masonry-item-no-image'><\/div><a href=\"https:\/\/pablocarpintero.es\/wp-content\/uploads\/2025\/07\/Cancioneiro-da-Gaita-de-Foles-vol2.pdf\" aria-label=\"image cancionero-gaita-de-foles\" target=\"_blank\" rel=\"noopener noreferrer\" id='av-masonry-2-item-2642' data-av-masonry-item='2642' class='av-masonry-entry isotope-item post-2642 attachment type-attachment status-inherit hentry  av-masonry-item-with-image' title=\"cancionero-gaita-de-foles\" alt=\"\" data-av-masonry-custom-link=\"https:\/\/pablocarpintero.es\/wp-content\/uploads\/2025\/07\/Cancioneiro-da-Gaita-de-Foles-vol2.pdf\" itemprop=\"thumbnailUrl\"><div class='av-inner-masonry-sizer'><\/div><figure class='av-inner-masonry main_color'><div class=\"av-masonry-outerimage-container\"><div class='av-masonry-image-container' style=\"background-image: url(https:\/\/pablocarpintero.es\/wp-content\/uploads\/2025\/07\/cancionero-gaita-de-foles.png);\"  title=\"cancionero-gaita-de-foles\"  ><\/div><\/div><\/figure><\/a><!--end av-masonry entry--><a href=\"https:\/\/pablocarpintero.es\/wp-content\/uploads\/2025\/07\/Gaiteiros-de-Sesimbra.pdf\" aria-label=\"image gaiteros-de-sesimbra\" target=\"_blank\" rel=\"noopener noreferrer\" id='av-masonry-2-item-2641' data-av-masonry-item='2641' class='av-masonry-entry isotope-item post-2641 attachment type-attachment status-inherit hentry  av-masonry-item-with-image' title=\"gaiteros-de-sesimbra\" alt=\"\" data-av-masonry-custom-link=\"https:\/\/pablocarpintero.es\/wp-content\/uploads\/2025\/07\/Gaiteiros-de-Sesimbra.pdf\" itemprop=\"thumbnailUrl\"><div class='av-inner-masonry-sizer'><\/div><figure class='av-inner-masonry main_color'><div class=\"av-masonry-outerimage-container\"><div class='av-masonry-image-container' style=\"background-image: url(https:\/\/pablocarpintero.es\/wp-content\/uploads\/2025\/07\/gaiteros-de-sesimbra.png);\"  title=\"gaiteros-de-sesimbra\"  ><\/div><\/div><\/figure><\/a><!--end av-masonry entry--><\/div><\/div><\/p><\/div><div  class='flex_column av-1joz1-c8dbbdaf550d2d910a444458116747cf av_one_full  avia-builder-el-9  el_after_av_one_full  el_before_av_table  first flex_column_div  column-top-margin'     ><\/div><\/p>","protected":false},"excerpt":{"rendered":"","protected":false},"author":1,"featured_media":0,"parent":0,"menu_order":17,"comment_status":"closed","ping_status":"closed","template":"","meta":{"give_campaign_id":0,"_joinchat":[],"footnotes":""},"class_list":["post-45","page","type-page","status-publish","hentry"],"yoast_head":"<!-- This site is optimized with the Yoast SEO plugin v27.2 - https:\/\/yoast.com\/product\/yoast-seo-wordpress\/ -->\n<title>Bibliograf\u00eda - Pablo Carpintero<\/title>\n<meta name=\"robots\" content=\"index, follow, max-snippet:-1, max-image-preview:large, max-video-preview:-1\" \/>\n<link rel=\"canonical\" href=\"https:\/\/pablocarpintero.es\/es\/bibliografia\/\" \/>\n<meta property=\"og:locale\" content=\"es_ES\" \/>\n<meta property=\"og:type\" content=\"article\" \/>\n<meta property=\"og:title\" content=\"Bibliograf\u00eda - Pablo Carpintero\" \/>\n<meta property=\"og:url\" content=\"https:\/\/pablocarpintero.es\/es\/bibliografia\/\" \/>\n<meta property=\"og:site_name\" content=\"Pablo Carpintero\" \/>\n<meta property=\"article:modified_time\" content=\"2025-07-24T09:07:35+00:00\" \/>\n<meta name=\"twitter:card\" content=\"summary_large_image\" \/>\n<meta name=\"twitter:label1\" content=\"Tiempo de lectura\" \/>\n\t<meta name=\"twitter:data1\" content=\"1 minuto\" \/>\n<script type=\"application\/ld+json\" class=\"yoast-schema-graph\">{\"@context\":\"https:\/\/schema.org\",\"@graph\":[{\"@type\":\"WebPage\",\"@id\":\"https:\/\/pablocarpintero.es\/bibliografia\/\",\"url\":\"https:\/\/pablocarpintero.es\/bibliografia\/\",\"name\":\"Bibliograf\u00eda - Pablo Carpintero\",\"isPartOf\":{\"@id\":\"https:\/\/pablocarpintero.es\/#website\"},\"datePublished\":\"2021-09-29T10:20:40+00:00\",\"dateModified\":\"2025-07-24T09:07:35+00:00\",\"breadcrumb\":{\"@id\":\"https:\/\/pablocarpintero.es\/bibliografia\/#breadcrumb\"},\"inLanguage\":\"es\",\"potentialAction\":[{\"@type\":\"ReadAction\",\"target\":[\"https:\/\/pablocarpintero.es\/bibliografia\/\"]}]},{\"@type\":\"BreadcrumbList\",\"@id\":\"https:\/\/pablocarpintero.es\/bibliografia\/#breadcrumb\",\"itemListElement\":[{\"@type\":\"ListItem\",\"position\":1,\"name\":\"Portada\",\"item\":\"https:\/\/pablocarpintero.es\/inicio\/\"},{\"@type\":\"ListItem\",\"position\":2,\"name\":\"Bibliograf\u00eda\"}]},{\"@type\":\"WebSite\",\"@id\":\"https:\/\/pablocarpintero.es\/#website\",\"url\":\"https:\/\/pablocarpintero.es\/\",\"name\":\"Pablo Carpintero\",\"description\":\"Otro sitio realizado con WordPress\",\"potentialAction\":[{\"@type\":\"SearchAction\",\"target\":{\"@type\":\"EntryPoint\",\"urlTemplate\":\"https:\/\/pablocarpintero.es\/?s={search_term_string}\"},\"query-input\":{\"@type\":\"PropertyValueSpecification\",\"valueRequired\":true,\"valueName\":\"search_term_string\"}}],\"inLanguage\":\"es\"}]}<\/script>\n<!-- \/ Yoast SEO plugin. -->","yoast_head_json":{"title":"Bibliograf\u00eda - Pablo Carpintero","robots":{"index":"index","follow":"follow","max-snippet":"max-snippet:-1","max-image-preview":"max-image-preview:large","max-video-preview":"max-video-preview:-1"},"canonical":"https:\/\/pablocarpintero.es\/es\/bibliografia\/","og_locale":"es_ES","og_type":"article","og_title":"Bibliograf\u00eda - Pablo Carpintero","og_url":"https:\/\/pablocarpintero.es\/es\/bibliografia\/","og_site_name":"Pablo Carpintero","article_modified_time":"2025-07-24T09:07:35+00:00","twitter_card":"summary_large_image","twitter_misc":{"Tiempo de lectura":"1 minuto"},"schema":{"@context":"https:\/\/schema.org","@graph":[{"@type":"WebPage","@id":"https:\/\/pablocarpintero.es\/bibliografia\/","url":"https:\/\/pablocarpintero.es\/bibliografia\/","name":"Bibliograf\u00eda - Pablo Carpintero","isPartOf":{"@id":"https:\/\/pablocarpintero.es\/#website"},"datePublished":"2021-09-29T10:20:40+00:00","dateModified":"2025-07-24T09:07:35+00:00","breadcrumb":{"@id":"https:\/\/pablocarpintero.es\/bibliografia\/#breadcrumb"},"inLanguage":"es","potentialAction":[{"@type":"ReadAction","target":["https:\/\/pablocarpintero.es\/bibliografia\/"]}]},{"@type":"BreadcrumbList","@id":"https:\/\/pablocarpintero.es\/bibliografia\/#breadcrumb","itemListElement":[{"@type":"ListItem","position":1,"name":"Portada","item":"https:\/\/pablocarpintero.es\/inicio\/"},{"@type":"ListItem","position":2,"name":"Bibliograf\u00eda"}]},{"@type":"WebSite","@id":"https:\/\/pablocarpintero.es\/#website","url":"https:\/\/pablocarpintero.es\/","name":"Pablo Carpintero","description":"Otro sitio realizado con WordPress","potentialAction":[{"@type":"SearchAction","target":{"@type":"EntryPoint","urlTemplate":"https:\/\/pablocarpintero.es\/?s={search_term_string}"},"query-input":{"@type":"PropertyValueSpecification","valueRequired":true,"valueName":"search_term_string"}}],"inLanguage":"es"}]}},"campaignId":"","_links":{"self":[{"href":"https:\/\/pablocarpintero.es\/es\/wp-json\/wp\/v2\/pages\/45","targetHints":{"allow":["GET"]}}],"collection":[{"href":"https:\/\/pablocarpintero.es\/es\/wp-json\/wp\/v2\/pages"}],"about":[{"href":"https:\/\/pablocarpintero.es\/es\/wp-json\/wp\/v2\/types\/page"}],"author":[{"embeddable":true,"href":"https:\/\/pablocarpintero.es\/es\/wp-json\/wp\/v2\/users\/1"}],"replies":[{"embeddable":true,"href":"https:\/\/pablocarpintero.es\/es\/wp-json\/wp\/v2\/comments?post=45"}],"version-history":[{"count":23,"href":"https:\/\/pablocarpintero.es\/es\/wp-json\/wp\/v2\/pages\/45\/revisions"}],"predecessor-version":[{"id":2646,"href":"https:\/\/pablocarpintero.es\/es\/wp-json\/wp\/v2\/pages\/45\/revisions\/2646"}],"wp:attachment":[{"href":"https:\/\/pablocarpintero.es\/es\/wp-json\/wp\/v2\/media?parent=45"}],"curies":[{"name":"wp","href":"https:\/\/api.w.org\/{rel}","templated":true}]}}