{"id":53,"date":"2021-09-29T10:24:05","date_gmt":"2021-09-29T10:24:05","guid":{"rendered":"http:\/\/pablocarpintero.es\/?page_id=53"},"modified":"2021-12-22T12:54:52","modified_gmt":"2021-12-22T12:54:52","slug":"museo","status":"publish","type":"page","link":"https:\/\/pablocarpintero.es\/es\/museo\/","title":{"rendered":"Museo"},"content":{"rendered":"<div  class='flex_column av-sft1-00234077e28d31c84553e0821f06fbde av_one_full  avia-builder-el-0  avia-builder-el-no-sibling  first flex_column_div'     ><p><section  class='av_textblock_section av-kwyln35q-02dd75c6c1f71fc31228643b43a3c52a'   itemscope=\"itemscope\" itemtype=\"https:\/\/schema.org\/CreativeWork\" ><div class='avia_textblock'  itemprop=\"text\" >\n<style type=\"text\/css\" data-created_by=\"avia_inline_auto\" id=\"style-css-av-27545-d9f827e18189c691d62b044755850827\">\n#top .hr.hr-invisible.av-27545-d9f827e18189c691d62b044755850827{\nheight:30px;\n}\n<\/style>\n<div  class='hr av-27545-d9f827e18189c691d62b044755850827 hr-invisible  avia-builder-el-2  avia-builder-el-no-sibling'><span class='hr-inner'><span class=\"hr-inner-style\"><\/span><\/span><\/div>\n<\/div><\/section><br \/>\n\n<style type=\"text\/css\" data-created_by=\"avia_inline_auto\" id=\"style-css-av-kwym31ta-5852493740b069c4a49652fa6585b1a9\">\n.avia-image-container.av-kwym31ta-5852493740b069c4a49652fa6585b1a9 img.avia_image{\nbox-shadow:none;\n}\n.avia-image-container.av-kwym31ta-5852493740b069c4a49652fa6585b1a9 .av-image-caption-overlay-center{\ncolor:#ffffff;\n}\n<\/style>\n<div  class='avia-image-container av-kwym31ta-5852493740b069c4a49652fa6585b1a9 av-styling- avia-align-center  avia-builder-el-3  el_after_av_textblock  el_before_av_textblock'   itemprop=\"image\" itemscope=\"itemscope\" itemtype=\"https:\/\/schema.org\/ImageObject\" ><div class=\"avia-image-container-inner\"><div class=\"avia-image-overlay-wrap\"><img decoding=\"async\" class='wp-image-1823 avia-img-lazy-loading-not-1823 avia_image' src=\"https:\/\/pablocarpintero.es\/wp-content\/uploads\/2021\/12\/Foto-museo-panoramica-32-megas-1030x257.jpg\" alt='' title='Foto museo'  height=\"257\" width=\"1030\"  itemprop=\"thumbnailUrl\" srcset=\"https:\/\/pablocarpintero.es\/wp-content\/uploads\/2021\/12\/Foto-museo-panoramica-32-megas-1030x257.jpg 1030w, https:\/\/pablocarpintero.es\/wp-content\/uploads\/2021\/12\/Foto-museo-panoramica-32-megas-600x150.jpg 600w, https:\/\/pablocarpintero.es\/wp-content\/uploads\/2021\/12\/Foto-museo-panoramica-32-megas-300x75.jpg 300w, https:\/\/pablocarpintero.es\/wp-content\/uploads\/2021\/12\/Foto-museo-panoramica-32-megas-768x192.jpg 768w, https:\/\/pablocarpintero.es\/wp-content\/uploads\/2021\/12\/Foto-museo-panoramica-32-megas-1536x384.jpg 1536w, https:\/\/pablocarpintero.es\/wp-content\/uploads\/2021\/12\/Foto-museo-panoramica-32-megas-2048x512.jpg 2048w, https:\/\/pablocarpintero.es\/wp-content\/uploads\/2021\/12\/Foto-museo-panoramica-32-megas-18x4.jpg 18w, https:\/\/pablocarpintero.es\/wp-content\/uploads\/2021\/12\/Foto-museo-panoramica-32-megas-1500x375.jpg 1500w, https:\/\/pablocarpintero.es\/wp-content\/uploads\/2021\/12\/Foto-museo-panoramica-32-megas-705x176.jpg 705w, https:\/\/pablocarpintero.es\/wp-content\/uploads\/2021\/12\/Foto-museo-panoramica-32-megas-1320x330.jpg 1320w\" sizes=\"(max-width: 1030px) 100vw, 1030px\" \/><\/div><\/div><\/div><br \/>\n<section  class='av_textblock_section av-1b3y9-e77cc87d8d5ea3e0a018b0fc096b8666'   itemscope=\"itemscope\" itemtype=\"https:\/\/schema.org\/CreativeWork\" ><div class='avia_textblock'  itemprop=\"text\" >\n<style type=\"text\/css\" data-created_by=\"avia_inline_auto\" id=\"style-css-av-tlux-8c182f14be12d7b0c4631ba68593d860\">\n#top .hr.hr-invisible.av-tlux-8c182f14be12d7b0c4631ba68593d860{\nheight:30px;\n}\n<\/style>\n<div  class='hr av-tlux-8c182f14be12d7b0c4631ba68593d860 hr-invisible  avia-builder-el-5  avia-builder-el-no-sibling'><span class='hr-inner'><span class=\"hr-inner-style\"><\/span><\/span><\/div>\n<\/div><\/section><br \/>\n<section  class='av_textblock_section av-kv3xz31s-699adfe5360fd00a9bc2fdaf65b014e4'   itemscope=\"itemscope\" itemtype=\"https:\/\/schema.org\/CreativeWork\" ><div class='avia_textblock'  itemprop=\"text\" ><p class=\"p1\">O noso museo cont\u00e9n numerosos instrumentos musicais que fomos xuntando dende que no 1993 comezamos a facer traballo de campo. Unha parte son pezas antigas e outra r\u00e9plicas de instrumentos que nos pareceron interesantes polo seu son ou significaci\u00f3n hist\u00f3rica. A nosa colecci\u00f3n cont\u00e9n m\u00e1is de 400 pezas diferentes, \u00e9 a maior de Galiza con diferenza.<\/p>\n<p class=\"p1\">Neste v\u00eddeo ofrec\u00e9mosche unha visita virtual guiada por esta colecci\u00f3n, mais, se a queres experimentar en directo, convid\u00e1moste a que pases polo noso obradoiro e lle botes unha ollada, sempre ser\u00e1 un gusto recibirte e explicarche calquera curiosidade que te\u00f1as sobre estes instrumentos musicais.<\/p>\n<p class=\"p1\">Tam\u00e9n che ofrec\u00e9mosche a posibilidade de solicitar unha r\u00e9plica de calquera dos instrumentos musicais que cont\u00e9n este museo.<\/p>\n<\/div><\/section><br \/>\n<div  class='avia-video av-kxhjf8vh-a41a4086cfdf2d8a998c30edbc61c1b8 avia-video-16-9 av-no-preview-image avia-video-load-always av-lazyload-immediate av-lazyload-video-embed'  itemprop=\"video\" itemtype=\"https:\/\/schema.org\/VideoObject\"  data-original_url='https:\/\/www.youtube.com\/watch?v=K9yLam4ArQQ'><script type='text\/html' class='av-video-tmpl'><div class='avia-iframe-wrap'><iframe loading=\"lazy\" title=\"Visita virtual ao museo de Rosa S\u00e1nchez e Pablo Carpintero\" width=\"1500\" height=\"844\" src=\"https:\/\/www.youtube.com\/embed\/K9yLam4ArQQ?feature=oembed&autoplay=0&loop=0&controls=1&mute=0\" frameborder=\"0\" allow=\"accelerometer; autoplay; clipboard-write; encrypted-media; gyroscope; picture-in-picture\" allowfullscreen><\/iframe><\/div><\/script><div class='av-click-to-play-overlay'><div class=\"avia_playpause_icon\"><\/div><\/div><\/div><\/p><\/div>","protected":false},"excerpt":{"rendered":"","protected":false},"author":1,"featured_media":0,"parent":0,"menu_order":12,"comment_status":"closed","ping_status":"closed","template":"","meta":{"give_campaign_id":0,"_joinchat":[],"footnotes":""},"class_list":["post-53","page","type-page","status-publish","hentry"],"yoast_head":"<!-- This site is optimized with the Yoast SEO plugin v27.2 - https:\/\/yoast.com\/product\/yoast-seo-wordpress\/ -->\n<title>Museo - Pablo Carpintero<\/title>\n<meta name=\"robots\" content=\"index, follow, max-snippet:-1, max-image-preview:large, max-video-preview:-1\" \/>\n<link rel=\"canonical\" href=\"https:\/\/pablocarpintero.es\/es\/museo\/\" \/>\n<meta property=\"og:locale\" content=\"es_ES\" \/>\n<meta property=\"og:type\" content=\"article\" \/>\n<meta property=\"og:title\" content=\"Museo - Pablo Carpintero\" \/>\n<meta property=\"og:url\" content=\"https:\/\/pablocarpintero.es\/es\/museo\/\" \/>\n<meta property=\"og:site_name\" content=\"Pablo Carpintero\" \/>\n<meta property=\"article:modified_time\" content=\"2021-12-22T12:54:52+00:00\" \/>\n<meta name=\"twitter:card\" content=\"summary_large_image\" \/>\n<meta name=\"twitter:label1\" content=\"Tiempo de lectura\" \/>\n\t<meta name=\"twitter:data1\" content=\"2 minutos\" \/>\n<script type=\"application\/ld+json\" class=\"yoast-schema-graph\">{\"@context\":\"https:\/\/schema.org\",\"@graph\":[{\"@type\":\"WebPage\",\"@id\":\"https:\/\/pablocarpintero.es\/museo\/\",\"url\":\"https:\/\/pablocarpintero.es\/museo\/\",\"name\":\"Museo - Pablo Carpintero\",\"isPartOf\":{\"@id\":\"https:\/\/pablocarpintero.es\/#website\"},\"datePublished\":\"2021-09-29T10:24:05+00:00\",\"dateModified\":\"2021-12-22T12:54:52+00:00\",\"breadcrumb\":{\"@id\":\"https:\/\/pablocarpintero.es\/museo\/#breadcrumb\"},\"inLanguage\":\"es\",\"potentialAction\":[{\"@type\":\"ReadAction\",\"target\":[\"https:\/\/pablocarpintero.es\/museo\/\"]}]},{\"@type\":\"BreadcrumbList\",\"@id\":\"https:\/\/pablocarpintero.es\/museo\/#breadcrumb\",\"itemListElement\":[{\"@type\":\"ListItem\",\"position\":1,\"name\":\"Portada\",\"item\":\"https:\/\/pablocarpintero.es\/inicio\/\"},{\"@type\":\"ListItem\",\"position\":2,\"name\":\"Museo\"}]},{\"@type\":\"WebSite\",\"@id\":\"https:\/\/pablocarpintero.es\/#website\",\"url\":\"https:\/\/pablocarpintero.es\/\",\"name\":\"Pablo Carpintero\",\"description\":\"Otro sitio realizado con WordPress\",\"potentialAction\":[{\"@type\":\"SearchAction\",\"target\":{\"@type\":\"EntryPoint\",\"urlTemplate\":\"https:\/\/pablocarpintero.es\/?s={search_term_string}\"},\"query-input\":{\"@type\":\"PropertyValueSpecification\",\"valueRequired\":true,\"valueName\":\"search_term_string\"}}],\"inLanguage\":\"es\"}]}<\/script>\n<!-- \/ Yoast SEO plugin. -->","yoast_head_json":{"title":"Museo - Pablo Carpintero","robots":{"index":"index","follow":"follow","max-snippet":"max-snippet:-1","max-image-preview":"max-image-preview:large","max-video-preview":"max-video-preview:-1"},"canonical":"https:\/\/pablocarpintero.es\/es\/museo\/","og_locale":"es_ES","og_type":"article","og_title":"Museo - Pablo Carpintero","og_url":"https:\/\/pablocarpintero.es\/es\/museo\/","og_site_name":"Pablo Carpintero","article_modified_time":"2021-12-22T12:54:52+00:00","twitter_card":"summary_large_image","twitter_misc":{"Tiempo de lectura":"2 minutos"},"schema":{"@context":"https:\/\/schema.org","@graph":[{"@type":"WebPage","@id":"https:\/\/pablocarpintero.es\/museo\/","url":"https:\/\/pablocarpintero.es\/museo\/","name":"Museo - Pablo Carpintero","isPartOf":{"@id":"https:\/\/pablocarpintero.es\/#website"},"datePublished":"2021-09-29T10:24:05+00:00","dateModified":"2021-12-22T12:54:52+00:00","breadcrumb":{"@id":"https:\/\/pablocarpintero.es\/museo\/#breadcrumb"},"inLanguage":"es","potentialAction":[{"@type":"ReadAction","target":["https:\/\/pablocarpintero.es\/museo\/"]}]},{"@type":"BreadcrumbList","@id":"https:\/\/pablocarpintero.es\/museo\/#breadcrumb","itemListElement":[{"@type":"ListItem","position":1,"name":"Portada","item":"https:\/\/pablocarpintero.es\/inicio\/"},{"@type":"ListItem","position":2,"name":"Museo"}]},{"@type":"WebSite","@id":"https:\/\/pablocarpintero.es\/#website","url":"https:\/\/pablocarpintero.es\/","name":"Pablo Carpintero","description":"Otro sitio realizado con WordPress","potentialAction":[{"@type":"SearchAction","target":{"@type":"EntryPoint","urlTemplate":"https:\/\/pablocarpintero.es\/?s={search_term_string}"},"query-input":{"@type":"PropertyValueSpecification","valueRequired":true,"valueName":"search_term_string"}}],"inLanguage":"es"}]}},"campaignId":"","_links":{"self":[{"href":"https:\/\/pablocarpintero.es\/es\/wp-json\/wp\/v2\/pages\/53","targetHints":{"allow":["GET"]}}],"collection":[{"href":"https:\/\/pablocarpintero.es\/es\/wp-json\/wp\/v2\/pages"}],"about":[{"href":"https:\/\/pablocarpintero.es\/es\/wp-json\/wp\/v2\/types\/page"}],"author":[{"embeddable":true,"href":"https:\/\/pablocarpintero.es\/es\/wp-json\/wp\/v2\/users\/1"}],"replies":[{"embeddable":true,"href":"https:\/\/pablocarpintero.es\/es\/wp-json\/wp\/v2\/comments?post=53"}],"version-history":[{"count":6,"href":"https:\/\/pablocarpintero.es\/es\/wp-json\/wp\/v2\/pages\/53\/revisions"}],"predecessor-version":[{"id":1860,"href":"https:\/\/pablocarpintero.es\/es\/wp-json\/wp\/v2\/pages\/53\/revisions\/1860"}],"wp:attachment":[{"href":"https:\/\/pablocarpintero.es\/es\/wp-json\/wp\/v2\/media?parent=53"}],"curies":[{"name":"wp","href":"https:\/\/api.w.org\/{rel}","templated":true}]}}