{"id":1001,"date":"2021-11-12T08:26:59","date_gmt":"2021-11-12T08:26:59","guid":{"rendered":"https:\/\/pablocarpintero.es\/?post_type=product&#038;p=1001"},"modified":"2025-07-22T05:53:47","modified_gmt":"2025-07-22T05:53:47","slug":"pandeireta-modelo-san-lourenzo","status":"publish","type":"product","link":"https:\/\/pablocarpintero.es\/es\/producto\/pandeireta-modelo-san-lourenzo\/","title":{"rendered":"Pandereta modelo San Lourenzo"},"content":{"rendered":"<p>Este modelo de pandereta es una copia literal del que fabricaba el Sr. Manuel de San Lourenzo. Este gran artesano fue el principal autor de la estandarizaci\u00f3n que sufri\u00f3 la pandereta gallega en los a\u00f1os 60 y 70 del siglo pasado. El se\u00f1or Manuel, hijo de un fabricante de cedazos y panderetas, fue uno de los m\u00e1s famosos y mejores constructores de panderetas, tambores y bombos de Galicia en este per\u00edodo, por lo que sus modelos fueron imitados por el resto de artesanos que le sucedieron. Cuando el se\u00f1or Manuel muri\u00f3, compramos su taller completo, ya que su familia era amiga de la familia de Rosa, por lo que heredamos su herramienta y conocimiento, ya que su esposa nos inform\u00f3 en detalle de los procesos que empleaba Manuel.<\/p>\n<p>Este modelo no es m\u00e1s que nuestro homenaje a sus marabillosos instrumentos. Una pandereta de nueve pares de sonajas rizadas con troquel, de di\u00e1metro algo m\u00e1s peque\u00f1o que el habitual en la actualidad, fabricada en pino y con un acabado natural como \u00e9l hac\u00eda. Una pandereta con un sonido muy potente.<\/p>\n<p>&nbsp;<\/p>","protected":false},"excerpt":{"rendered":"<p>Este modelo de pandeireta \u00e9 unha copia literal do que fabricaba o se\u00f1or Manuel de San Lourenzo. Este grande artes\u00e1n foi o principal autor da estandarizaci\u00f3n que sufr\u00edu a pandeireta galega nos anos 60 e 70 do pasado s\u00e9culo. O se\u00f1or Manuel, fillo de peneireiro, foi un dos m\u00e1is famosos e mellores construtores de pandeiretas, [&hellip;]<\/p>\n","protected":false},"featured_media":1002,"comment_status":"open","ping_status":"closed","template":"","meta":{"give_campaign_id":0,"_joinchat":[]},"product_brand":[],"product_cat":[18,38],"product_tag":[],"class_list":{"0":"post-1001","1":"product","2":"type-product","3":"status-publish","4":"has-post-thumbnail","6":"product_cat-instrumentos-musicales","7":"product_cat-pandeiretas","9":"first","10":"instock","11":"taxable","12":"shipping-taxable","13":"purchasable","14":"product-type-simple"},"yoast_head":"<!-- This site is optimized with the Yoast SEO plugin v27.2 - https:\/\/yoast.com\/product\/yoast-seo-wordpress\/ -->\n<title>Pandeireta modelo San Lourenzo - Pablo Carpintero<\/title>\n<meta name=\"robots\" content=\"index, follow, max-snippet:-1, max-image-preview:large, max-video-preview:-1\" \/>\n<link rel=\"canonical\" href=\"https:\/\/pablocarpintero.es\/es\/producto\/pandeireta-modelo-san-lourenzo\/\" \/>\n<meta property=\"og:locale\" content=\"es_ES\" \/>\n<meta property=\"og:type\" content=\"article\" \/>\n<meta property=\"og:title\" content=\"Pandeireta modelo San Lourenzo - Pablo Carpintero\" \/>\n<meta property=\"og:description\" content=\"Este modelo de pandeireta \u00e9 unha copia literal do que fabricaba o se\u00f1or Manuel de San Lourenzo. Este grande artes\u00e1n foi o principal autor da estandarizaci\u00f3n que sufr\u00edu a pandeireta galega nos anos 60 e 70 do pasado s\u00e9culo. O se\u00f1or Manuel, fillo de peneireiro, foi un dos m\u00e1is famosos e mellores construtores de pandeiretas, [&hellip;]\" \/>\n<meta property=\"og:url\" content=\"https:\/\/pablocarpintero.es\/es\/producto\/pandeireta-modelo-san-lourenzo\/\" \/>\n<meta property=\"og:site_name\" content=\"Pablo Carpintero\" \/>\n<meta property=\"article:modified_time\" content=\"2025-07-22T05:53:47+00:00\" \/>\n<meta property=\"og:image\" content=\"https:\/\/pablocarpintero.es\/wp-content\/uploads\/2021\/11\/Pandeireta-pandereta-Pablo-carpintero-8.jpg\" \/>\n\t<meta property=\"og:image:width\" content=\"1893\" \/>\n\t<meta property=\"og:image:height\" content=\"1132\" \/>\n\t<meta property=\"og:image:type\" content=\"image\/jpeg\" \/>\n<meta name=\"twitter:card\" content=\"summary_large_image\" \/>\n<meta name=\"twitter:label1\" content=\"Tiempo de lectura\" \/>\n\t<meta name=\"twitter:data1\" content=\"1 minuto\" \/>\n<script type=\"application\/ld+json\" class=\"yoast-schema-graph\">{\"@context\":\"https:\/\/schema.org\",\"@graph\":[{\"@type\":\"WebPage\",\"@id\":\"https:\/\/pablocarpintero.es\/producto\/pandeireta-modelo-san-lourenzo\/\",\"url\":\"https:\/\/pablocarpintero.es\/producto\/pandeireta-modelo-san-lourenzo\/\",\"name\":\"Pandeireta modelo San Lourenzo - Pablo Carpintero\",\"isPartOf\":{\"@id\":\"https:\/\/pablocarpintero.es\/#website\"},\"primaryImageOfPage\":{\"@id\":\"https:\/\/pablocarpintero.es\/producto\/pandeireta-modelo-san-lourenzo\/#primaryimage\"},\"image\":{\"@id\":\"https:\/\/pablocarpintero.es\/producto\/pandeireta-modelo-san-lourenzo\/#primaryimage\"},\"thumbnailUrl\":\"https:\/\/pablocarpintero.es\/wp-content\/uploads\/2021\/11\/Pandeireta-pandereta-Pablo-carpintero-8.jpg\",\"datePublished\":\"2021-11-12T08:26:59+00:00\",\"dateModified\":\"2025-07-22T05:53:47+00:00\",\"breadcrumb\":{\"@id\":\"https:\/\/pablocarpintero.es\/producto\/pandeireta-modelo-san-lourenzo\/#breadcrumb\"},\"inLanguage\":\"es\",\"potentialAction\":[{\"@type\":\"ReadAction\",\"target\":[\"https:\/\/pablocarpintero.es\/producto\/pandeireta-modelo-san-lourenzo\/\"]}]},{\"@type\":\"ImageObject\",\"inLanguage\":\"es\",\"@id\":\"https:\/\/pablocarpintero.es\/producto\/pandeireta-modelo-san-lourenzo\/#primaryimage\",\"url\":\"https:\/\/pablocarpintero.es\/wp-content\/uploads\/2021\/11\/Pandeireta-pandereta-Pablo-carpintero-8.jpg\",\"contentUrl\":\"https:\/\/pablocarpintero.es\/wp-content\/uploads\/2021\/11\/Pandeireta-pandereta-Pablo-carpintero-8.jpg\",\"width\":1893,\"height\":1132},{\"@type\":\"BreadcrumbList\",\"@id\":\"https:\/\/pablocarpintero.es\/producto\/pandeireta-modelo-san-lourenzo\/#breadcrumb\",\"itemListElement\":[{\"@type\":\"ListItem\",\"position\":1,\"name\":\"Portada\",\"item\":\"https:\/\/pablocarpintero.es\/inicio\/\"},{\"@type\":\"ListItem\",\"position\":2,\"name\":\"Tienda\",\"item\":\"https:\/\/pablocarpintero.es\/tienda\/\"},{\"@type\":\"ListItem\",\"position\":3,\"name\":\"Pandeireta modelo San Lourenzo\"}]},{\"@type\":\"WebSite\",\"@id\":\"https:\/\/pablocarpintero.es\/#website\",\"url\":\"https:\/\/pablocarpintero.es\/\",\"name\":\"Pablo Carpintero\",\"description\":\"Otro sitio realizado con WordPress\",\"potentialAction\":[{\"@type\":\"SearchAction\",\"target\":{\"@type\":\"EntryPoint\",\"urlTemplate\":\"https:\/\/pablocarpintero.es\/?s={search_term_string}\"},\"query-input\":{\"@type\":\"PropertyValueSpecification\",\"valueRequired\":true,\"valueName\":\"search_term_string\"}}],\"inLanguage\":\"es\"}]}<\/script>\n<!-- \/ Yoast SEO plugin. -->","yoast_head_json":{"title":"Pandeireta modelo San Lourenzo - Pablo Carpintero","robots":{"index":"index","follow":"follow","max-snippet":"max-snippet:-1","max-image-preview":"max-image-preview:large","max-video-preview":"max-video-preview:-1"},"canonical":"https:\/\/pablocarpintero.es\/es\/producto\/pandeireta-modelo-san-lourenzo\/","og_locale":"es_ES","og_type":"article","og_title":"Pandeireta modelo San Lourenzo - Pablo Carpintero","og_description":"Este modelo de pandeireta \u00e9 unha copia literal do que fabricaba o se\u00f1or Manuel de San Lourenzo. Este grande artes\u00e1n foi o principal autor da estandarizaci\u00f3n que sufr\u00edu a pandeireta galega nos anos 60 e 70 do pasado s\u00e9culo. O se\u00f1or Manuel, fillo de peneireiro, foi un dos m\u00e1is famosos e mellores construtores de pandeiretas, [&hellip;]","og_url":"https:\/\/pablocarpintero.es\/es\/producto\/pandeireta-modelo-san-lourenzo\/","og_site_name":"Pablo Carpintero","article_modified_time":"2025-07-22T05:53:47+00:00","og_image":[{"width":1893,"height":1132,"url":"https:\/\/pablocarpintero.es\/wp-content\/uploads\/2021\/11\/Pandeireta-pandereta-Pablo-carpintero-8.jpg","type":"image\/jpeg"}],"twitter_card":"summary_large_image","twitter_misc":{"Tiempo de lectura":"1 minuto"},"schema":{"@context":"https:\/\/schema.org","@graph":[{"@type":"WebPage","@id":"https:\/\/pablocarpintero.es\/producto\/pandeireta-modelo-san-lourenzo\/","url":"https:\/\/pablocarpintero.es\/producto\/pandeireta-modelo-san-lourenzo\/","name":"Pandeireta modelo San Lourenzo - Pablo Carpintero","isPartOf":{"@id":"https:\/\/pablocarpintero.es\/#website"},"primaryImageOfPage":{"@id":"https:\/\/pablocarpintero.es\/producto\/pandeireta-modelo-san-lourenzo\/#primaryimage"},"image":{"@id":"https:\/\/pablocarpintero.es\/producto\/pandeireta-modelo-san-lourenzo\/#primaryimage"},"thumbnailUrl":"https:\/\/pablocarpintero.es\/wp-content\/uploads\/2021\/11\/Pandeireta-pandereta-Pablo-carpintero-8.jpg","datePublished":"2021-11-12T08:26:59+00:00","dateModified":"2025-07-22T05:53:47+00:00","breadcrumb":{"@id":"https:\/\/pablocarpintero.es\/producto\/pandeireta-modelo-san-lourenzo\/#breadcrumb"},"inLanguage":"es","potentialAction":[{"@type":"ReadAction","target":["https:\/\/pablocarpintero.es\/producto\/pandeireta-modelo-san-lourenzo\/"]}]},{"@type":"ImageObject","inLanguage":"es","@id":"https:\/\/pablocarpintero.es\/producto\/pandeireta-modelo-san-lourenzo\/#primaryimage","url":"https:\/\/pablocarpintero.es\/wp-content\/uploads\/2021\/11\/Pandeireta-pandereta-Pablo-carpintero-8.jpg","contentUrl":"https:\/\/pablocarpintero.es\/wp-content\/uploads\/2021\/11\/Pandeireta-pandereta-Pablo-carpintero-8.jpg","width":1893,"height":1132},{"@type":"BreadcrumbList","@id":"https:\/\/pablocarpintero.es\/producto\/pandeireta-modelo-san-lourenzo\/#breadcrumb","itemListElement":[{"@type":"ListItem","position":1,"name":"Portada","item":"https:\/\/pablocarpintero.es\/inicio\/"},{"@type":"ListItem","position":2,"name":"Tienda","item":"https:\/\/pablocarpintero.es\/tienda\/"},{"@type":"ListItem","position":3,"name":"Pandeireta modelo San Lourenzo"}]},{"@type":"WebSite","@id":"https:\/\/pablocarpintero.es\/#website","url":"https:\/\/pablocarpintero.es\/","name":"Pablo Carpintero","description":"Otro sitio realizado con WordPress","potentialAction":[{"@type":"SearchAction","target":{"@type":"EntryPoint","urlTemplate":"https:\/\/pablocarpintero.es\/?s={search_term_string}"},"query-input":{"@type":"PropertyValueSpecification","valueRequired":true,"valueName":"search_term_string"}}],"inLanguage":"es"}]}},"_links":{"self":[{"href":"https:\/\/pablocarpintero.es\/es\/wp-json\/wp\/v2\/product\/1001","targetHints":{"allow":["GET"]}}],"collection":[{"href":"https:\/\/pablocarpintero.es\/es\/wp-json\/wp\/v2\/product"}],"about":[{"href":"https:\/\/pablocarpintero.es\/es\/wp-json\/wp\/v2\/types\/product"}],"replies":[{"embeddable":true,"href":"https:\/\/pablocarpintero.es\/es\/wp-json\/wp\/v2\/comments?post=1001"}],"wp:featuredmedia":[{"embeddable":true,"href":"https:\/\/pablocarpintero.es\/es\/wp-json\/wp\/v2\/media\/1002"}],"wp:attachment":[{"href":"https:\/\/pablocarpintero.es\/es\/wp-json\/wp\/v2\/media?parent=1001"}],"wp:term":[{"taxonomy":"product_brand","embeddable":true,"href":"https:\/\/pablocarpintero.es\/es\/wp-json\/wp\/v2\/product_brand?post=1001"},{"taxonomy":"product_cat","embeddable":true,"href":"https:\/\/pablocarpintero.es\/es\/wp-json\/wp\/v2\/product_cat?post=1001"},{"taxonomy":"product_tag","embeddable":true,"href":"https:\/\/pablocarpintero.es\/es\/wp-json\/wp\/v2\/product_tag?post=1001"}],"curies":[{"name":"wp","href":"https:\/\/api.w.org\/{rel}","templated":true}]}}