{"id":1003,"date":"2021-11-12T08:40:02","date_gmt":"2021-11-12T08:40:02","guid":{"rendered":"https:\/\/pablocarpintero.es\/?post_type=product&#038;p=1003"},"modified":"2025-07-22T05:50:56","modified_gmt":"2025-07-22T05:50:56","slug":"pandeireta-modelo-bucinos","status":"publish","type":"product","link":"https:\/\/pablocarpintero.es\/es\/producto\/pandeireta-modelo-bucinos\/","title":{"rendered":"Pandereta modelo Buci\u00f1os"},"content":{"rendered":"<p>Uno de nuestros objetivos respecto a las panderetas es la recuperaci\u00f3n de la gran variabilidad de sonidos que exist\u00edan antes de la estandarizaci\u00f3n que sufrieron en los a\u00f1os 60 y 70 del siglo pasado. Los diferentes sonidos de las distintas panderetas que hemos encontrado durante nuestro trabajo de campo son principalmente el resultado del doblado de las sonajas, un doblado que sol\u00eda hacerse a mano, porque eran los fabricantes de tamices quienes hac\u00edan estos instrumentos y no los fabricaban industrialmente, sino localmente y de forma limitada. Tambi\u00e9n el material con el que est\u00e1n hechas las sonajas es bastante importante para obtener diferentes sonidos.<\/p>\n<p>O modelo de Buci\u00f1os est\u00e1 fornecido cunhas ferre\u00f1as sen rizar, sen dobrar e temperadas, o que lle confire un son moi doce e particular. P\u00f3dela ter con distribuci\u00f3n pareada ou coas ferre\u00f1as arredor de todo o marco. Tam\u00e9n che ofrecemos a posibilidade de colocar as ferre\u00f1as no marco cos arames por f\u00f3ra, o xeito m\u00e1is tradicional de colocar as ferre\u00f1as, unha t\u00e9cnica esquecida que tam\u00e9n recuperamos pois infl\u00fae delicadamente no son e, sobre todo, no peso do instrumento, xa que permite empregar madeiras moito m\u00e1is finas.<\/p>\n<p>En este v\u00eddeo puedes escuchar el sonido de los diferentes tipos de sonajas que fabricamos.<\/p>\n<p>&nbsp;<\/p>\n<div  class='avia-video av-352nzf-0a7f952cd70f1d9f75a49790bae3f5a2 avia-video-16-9 av-no-preview-image avia-video-load-always av-lazyload-immediate av-lazyload-video-embed'  itemprop=\"video\" itemtype=\"https:\/\/schema.org\/VideoObject\"  data-original_url='https:\/\/www.youtube.com\/watch?v=NGVGZsqna3Q&amp;t=359s'><script type='text\/html' class='av-video-tmpl'><div class='avia-iframe-wrap'><iframe loading=\"lazy\" title=\"Os diferentes modelos de pandeiretas.\" width=\"1500\" height=\"844\" src=\"https:\/\/www.youtube.com\/embed\/NGVGZsqna3Q?start=359&feature=oembed&autoplay=0&loop=0&controls=1&mute=0\" frameborder=\"0\" allow=\"accelerometer; autoplay; clipboard-write; encrypted-media; gyroscope; picture-in-picture\" allowfullscreen><\/iframe><\/div><\/script><div class='av-click-to-play-overlay'><div class=\"avia_playpause_icon\"><\/div><\/div><\/div>\n<p>&nbsp;<\/p>\n<div  class='avia-video av-2p7off-c69fd5eab1610fda685c7c779b746b46 avia-video-16-9 av-no-preview-image avia-video-load-always av-lazyload-immediate av-lazyload-video-embed'  itemprop=\"video\" itemtype=\"https:\/\/schema.org\/VideoObject\"  data-original_url='https:\/\/www.youtube.com\/watch?v=CsqBjHq6NbQ'><script type='text\/html' class='av-video-tmpl'><div class='avia-iframe-wrap'><iframe loading=\"lazy\" title=\"Probas diferentes ferren\u0303as\" width=\"1500\" height=\"844\" src=\"https:\/\/www.youtube.com\/embed\/CsqBjHq6NbQ?feature=oembed&autoplay=0&loop=0&controls=1&mute=0\" frameborder=\"0\" allow=\"accelerometer; autoplay; clipboard-write; encrypted-media; gyroscope; picture-in-picture\" allowfullscreen><\/iframe><\/div><\/script><div class='av-click-to-play-overlay'><div class=\"avia_playpause_icon\"><\/div><\/div><\/div>\n<p>&nbsp;<\/p>","protected":false},"excerpt":{"rendered":"<p>Unha das nosas teimas respecto \u00e1s pandereitas \u00e9 a recuperaci\u00f3n da grande variabilidade de sons que existiron antes da estandarizaci\u00f3n que sufriron nos anos 60 e 70 do s\u00e9culo pasado. O distinto son das diferentes pandeiretas que temos achado durante o noso traballo de campo \u00e9 froito, principalmente, do dobrado das ferre\u00f1as, un dobrado que [&hellip;]<\/p>\n","protected":false},"featured_media":1004,"comment_status":"open","ping_status":"closed","template":"","meta":{"give_campaign_id":0,"_joinchat":[]},"product_brand":[],"product_cat":[18,38],"product_tag":[],"class_list":{"0":"post-1003","1":"product","2":"type-product","3":"status-publish","4":"has-post-thumbnail","6":"product_cat-instrumentos-musicales","7":"product_cat-pandeiretas","9":"first","10":"instock","11":"taxable","12":"shipping-taxable","13":"purchasable","14":"product-type-simple"},"yoast_head":"<!-- This site is optimized with the Yoast SEO plugin v27.2 - https:\/\/yoast.com\/product\/yoast-seo-wordpress\/ -->\n<title>Pandeireta modelo Buci\u00f1os - Pablo Carpintero<\/title>\n<meta name=\"robots\" content=\"index, follow, max-snippet:-1, max-image-preview:large, max-video-preview:-1\" \/>\n<link rel=\"canonical\" href=\"https:\/\/pablocarpintero.es\/es\/producto\/pandeireta-modelo-bucinos\/\" \/>\n<meta property=\"og:locale\" content=\"es_ES\" \/>\n<meta property=\"og:type\" content=\"article\" \/>\n<meta property=\"og:title\" content=\"Pandeireta modelo Buci\u00f1os - Pablo Carpintero\" \/>\n<meta property=\"og:description\" content=\"Unha das nosas teimas respecto \u00e1s pandereitas \u00e9 a recuperaci\u00f3n da grande variabilidade de sons que existiron antes da estandarizaci\u00f3n que sufriron nos anos 60 e 70 do s\u00e9culo pasado. O distinto son das diferentes pandeiretas que temos achado durante o noso traballo de campo \u00e9 froito, principalmente, do dobrado das ferre\u00f1as, un dobrado que [&hellip;]\" \/>\n<meta property=\"og:url\" content=\"https:\/\/pablocarpintero.es\/es\/producto\/pandeireta-modelo-bucinos\/\" \/>\n<meta property=\"og:site_name\" content=\"Pablo Carpintero\" \/>\n<meta property=\"article:modified_time\" content=\"2025-07-22T05:50:56+00:00\" \/>\n<meta property=\"og:image\" content=\"https:\/\/pablocarpintero.es\/wp-content\/uploads\/2021\/11\/Pandeireta-pandereta-Pablo-carpintero-Modelo-de-pandeireta-Bucinos.jpg\" \/>\n\t<meta property=\"og:image:width\" content=\"1436\" \/>\n\t<meta property=\"og:image:height\" content=\"1279\" \/>\n\t<meta property=\"og:image:type\" content=\"image\/jpeg\" \/>\n<meta name=\"twitter:card\" content=\"summary_large_image\" \/>\n<meta name=\"twitter:label1\" content=\"Tiempo de lectura\" \/>\n\t<meta name=\"twitter:data1\" content=\"1 minuto\" \/>\n<script type=\"application\/ld+json\" class=\"yoast-schema-graph\">{\"@context\":\"https:\/\/schema.org\",\"@graph\":[{\"@type\":\"WebPage\",\"@id\":\"https:\/\/pablocarpintero.es\/producto\/pandeireta-modelo-bucinos\/\",\"url\":\"https:\/\/pablocarpintero.es\/producto\/pandeireta-modelo-bucinos\/\",\"name\":\"Pandeireta modelo Buci\u00f1os - Pablo Carpintero\",\"isPartOf\":{\"@id\":\"https:\/\/pablocarpintero.es\/#website\"},\"primaryImageOfPage\":{\"@id\":\"https:\/\/pablocarpintero.es\/producto\/pandeireta-modelo-bucinos\/#primaryimage\"},\"image\":{\"@id\":\"https:\/\/pablocarpintero.es\/producto\/pandeireta-modelo-bucinos\/#primaryimage\"},\"thumbnailUrl\":\"https:\/\/pablocarpintero.es\/wp-content\/uploads\/2021\/11\/Pandeireta-pandereta-Pablo-carpintero-Modelo-de-pandeireta-Bucinos.jpg\",\"datePublished\":\"2021-11-12T08:40:02+00:00\",\"dateModified\":\"2025-07-22T05:50:56+00:00\",\"breadcrumb\":{\"@id\":\"https:\/\/pablocarpintero.es\/producto\/pandeireta-modelo-bucinos\/#breadcrumb\"},\"inLanguage\":\"es\",\"potentialAction\":[{\"@type\":\"ReadAction\",\"target\":[\"https:\/\/pablocarpintero.es\/producto\/pandeireta-modelo-bucinos\/\"]}]},{\"@type\":\"ImageObject\",\"inLanguage\":\"es\",\"@id\":\"https:\/\/pablocarpintero.es\/producto\/pandeireta-modelo-bucinos\/#primaryimage\",\"url\":\"https:\/\/pablocarpintero.es\/wp-content\/uploads\/2021\/11\/Pandeireta-pandereta-Pablo-carpintero-Modelo-de-pandeireta-Bucinos.jpg\",\"contentUrl\":\"https:\/\/pablocarpintero.es\/wp-content\/uploads\/2021\/11\/Pandeireta-pandereta-Pablo-carpintero-Modelo-de-pandeireta-Bucinos.jpg\",\"width\":1436,\"height\":1279},{\"@type\":\"BreadcrumbList\",\"@id\":\"https:\/\/pablocarpintero.es\/producto\/pandeireta-modelo-bucinos\/#breadcrumb\",\"itemListElement\":[{\"@type\":\"ListItem\",\"position\":1,\"name\":\"Portada\",\"item\":\"https:\/\/pablocarpintero.es\/inicio\/\"},{\"@type\":\"ListItem\",\"position\":2,\"name\":\"Tienda\",\"item\":\"https:\/\/pablocarpintero.es\/tienda\/\"},{\"@type\":\"ListItem\",\"position\":3,\"name\":\"Pandeireta modelo Buci\u00f1os\"}]},{\"@type\":\"WebSite\",\"@id\":\"https:\/\/pablocarpintero.es\/#website\",\"url\":\"https:\/\/pablocarpintero.es\/\",\"name\":\"Pablo Carpintero\",\"description\":\"Otro sitio realizado con WordPress\",\"potentialAction\":[{\"@type\":\"SearchAction\",\"target\":{\"@type\":\"EntryPoint\",\"urlTemplate\":\"https:\/\/pablocarpintero.es\/?s={search_term_string}\"},\"query-input\":{\"@type\":\"PropertyValueSpecification\",\"valueRequired\":true,\"valueName\":\"search_term_string\"}}],\"inLanguage\":\"es\"}]}<\/script>\n<!-- \/ Yoast SEO plugin. -->","yoast_head_json":{"title":"Pandeireta modelo Buci\u00f1os - Pablo Carpintero","robots":{"index":"index","follow":"follow","max-snippet":"max-snippet:-1","max-image-preview":"max-image-preview:large","max-video-preview":"max-video-preview:-1"},"canonical":"https:\/\/pablocarpintero.es\/es\/producto\/pandeireta-modelo-bucinos\/","og_locale":"es_ES","og_type":"article","og_title":"Pandeireta modelo Buci\u00f1os - Pablo Carpintero","og_description":"Unha das nosas teimas respecto \u00e1s pandereitas \u00e9 a recuperaci\u00f3n da grande variabilidade de sons que existiron antes da estandarizaci\u00f3n que sufriron nos anos 60 e 70 do s\u00e9culo pasado. O distinto son das diferentes pandeiretas que temos achado durante o noso traballo de campo \u00e9 froito, principalmente, do dobrado das ferre\u00f1as, un dobrado que [&hellip;]","og_url":"https:\/\/pablocarpintero.es\/es\/producto\/pandeireta-modelo-bucinos\/","og_site_name":"Pablo Carpintero","article_modified_time":"2025-07-22T05:50:56+00:00","og_image":[{"width":1436,"height":1279,"url":"https:\/\/pablocarpintero.es\/wp-content\/uploads\/2021\/11\/Pandeireta-pandereta-Pablo-carpintero-Modelo-de-pandeireta-Bucinos.jpg","type":"image\/jpeg"}],"twitter_card":"summary_large_image","twitter_misc":{"Tiempo de lectura":"1 minuto"},"schema":{"@context":"https:\/\/schema.org","@graph":[{"@type":"WebPage","@id":"https:\/\/pablocarpintero.es\/producto\/pandeireta-modelo-bucinos\/","url":"https:\/\/pablocarpintero.es\/producto\/pandeireta-modelo-bucinos\/","name":"Pandeireta modelo Buci\u00f1os - Pablo Carpintero","isPartOf":{"@id":"https:\/\/pablocarpintero.es\/#website"},"primaryImageOfPage":{"@id":"https:\/\/pablocarpintero.es\/producto\/pandeireta-modelo-bucinos\/#primaryimage"},"image":{"@id":"https:\/\/pablocarpintero.es\/producto\/pandeireta-modelo-bucinos\/#primaryimage"},"thumbnailUrl":"https:\/\/pablocarpintero.es\/wp-content\/uploads\/2021\/11\/Pandeireta-pandereta-Pablo-carpintero-Modelo-de-pandeireta-Bucinos.jpg","datePublished":"2021-11-12T08:40:02+00:00","dateModified":"2025-07-22T05:50:56+00:00","breadcrumb":{"@id":"https:\/\/pablocarpintero.es\/producto\/pandeireta-modelo-bucinos\/#breadcrumb"},"inLanguage":"es","potentialAction":[{"@type":"ReadAction","target":["https:\/\/pablocarpintero.es\/producto\/pandeireta-modelo-bucinos\/"]}]},{"@type":"ImageObject","inLanguage":"es","@id":"https:\/\/pablocarpintero.es\/producto\/pandeireta-modelo-bucinos\/#primaryimage","url":"https:\/\/pablocarpintero.es\/wp-content\/uploads\/2021\/11\/Pandeireta-pandereta-Pablo-carpintero-Modelo-de-pandeireta-Bucinos.jpg","contentUrl":"https:\/\/pablocarpintero.es\/wp-content\/uploads\/2021\/11\/Pandeireta-pandereta-Pablo-carpintero-Modelo-de-pandeireta-Bucinos.jpg","width":1436,"height":1279},{"@type":"BreadcrumbList","@id":"https:\/\/pablocarpintero.es\/producto\/pandeireta-modelo-bucinos\/#breadcrumb","itemListElement":[{"@type":"ListItem","position":1,"name":"Portada","item":"https:\/\/pablocarpintero.es\/inicio\/"},{"@type":"ListItem","position":2,"name":"Tienda","item":"https:\/\/pablocarpintero.es\/tienda\/"},{"@type":"ListItem","position":3,"name":"Pandeireta modelo Buci\u00f1os"}]},{"@type":"WebSite","@id":"https:\/\/pablocarpintero.es\/#website","url":"https:\/\/pablocarpintero.es\/","name":"Pablo Carpintero","description":"Otro sitio realizado con WordPress","potentialAction":[{"@type":"SearchAction","target":{"@type":"EntryPoint","urlTemplate":"https:\/\/pablocarpintero.es\/?s={search_term_string}"},"query-input":{"@type":"PropertyValueSpecification","valueRequired":true,"valueName":"search_term_string"}}],"inLanguage":"es"}]}},"_links":{"self":[{"href":"https:\/\/pablocarpintero.es\/es\/wp-json\/wp\/v2\/product\/1003","targetHints":{"allow":["GET"]}}],"collection":[{"href":"https:\/\/pablocarpintero.es\/es\/wp-json\/wp\/v2\/product"}],"about":[{"href":"https:\/\/pablocarpintero.es\/es\/wp-json\/wp\/v2\/types\/product"}],"replies":[{"embeddable":true,"href":"https:\/\/pablocarpintero.es\/es\/wp-json\/wp\/v2\/comments?post=1003"}],"wp:featuredmedia":[{"embeddable":true,"href":"https:\/\/pablocarpintero.es\/es\/wp-json\/wp\/v2\/media\/1004"}],"wp:attachment":[{"href":"https:\/\/pablocarpintero.es\/es\/wp-json\/wp\/v2\/media?parent=1003"}],"wp:term":[{"taxonomy":"product_brand","embeddable":true,"href":"https:\/\/pablocarpintero.es\/es\/wp-json\/wp\/v2\/product_brand?post=1003"},{"taxonomy":"product_cat","embeddable":true,"href":"https:\/\/pablocarpintero.es\/es\/wp-json\/wp\/v2\/product_cat?post=1003"},{"taxonomy":"product_tag","embeddable":true,"href":"https:\/\/pablocarpintero.es\/es\/wp-json\/wp\/v2\/product_tag?post=1003"}],"curies":[{"name":"wp","href":"https:\/\/api.w.org\/{rel}","templated":true}]}}