{"id":1011,"date":"2021-11-12T10:39:22","date_gmt":"2021-11-12T10:39:22","guid":{"rendered":"https:\/\/pablocarpintero.es\/?post_type=product&#038;p=1011"},"modified":"2025-07-22T05:48:37","modified_gmt":"2025-07-22T05:48:37","slug":"pandeireta-de-cernadela","status":"publish","type":"product","link":"https:\/\/pablocarpintero.es\/es\/producto\/pandeireta-de-cernadela\/","title":{"rendered":"Pandereta de Cernadela"},"content":{"rendered":"<p>El original de esta pandereta pertenece a Regina, panderetera de Cernadela (Mondariz, Pontevedra) y nos la trajo nuestro amigo Pichi Abollado con la intenci\u00f3n de recuperar este hermoso modelo. Es una pandereta con sonajas rizadas y, por tanto, con un sonido muy potente; adem\u00e1s, cuenta con doce parejas de sonajas. Sin embargo, es un instrumento ligero porque su marco es m\u00e1s estrecho de lo habitual ya que tiene las sonajas colocadas con los alambres en el exterior, como se hac\u00eda antiguamente; esta t\u00e9cnica, que hemos recuperado, permite realizar los marcos mucho menos gruesos y, por tanto, m\u00e1s ligeros que con la t\u00e9cnica en la que los alambres se insertan en el propio marco.<\/p>\n<p>&nbsp;<\/p>\n<p>Aqu\u00ed se puede escuchar el sonido de varios modelos de panderetas que fabricamos, incluido el de este instrumento.<\/p>\n<p>&nbsp;<\/p>\n<div  class='avia-video av-bujpv-0e672759ee0ea943097d71b5f3a5146d avia-video-16-9 av-no-preview-image avia-video-load-always av-lazyload-immediate av-lazyload-video-embed'  itemprop=\"video\" itemtype=\"https:\/\/schema.org\/VideoObject\"  data-original_url='https:\/\/www.youtube.com\/watch?v=NGVGZsqna3Q&amp;t=359s'><script type='text\/html' class='av-video-tmpl'><div class='avia-iframe-wrap'><iframe loading=\"lazy\" title=\"Os diferentes modelos de pandeiretas.\" width=\"1500\" height=\"844\" src=\"https:\/\/www.youtube.com\/embed\/NGVGZsqna3Q?start=359&feature=oembed&autoplay=0&loop=0&controls=1&mute=0\" frameborder=\"0\" allow=\"accelerometer; autoplay; clipboard-write; encrypted-media; gyroscope; picture-in-picture\" allowfullscreen><\/iframe><\/div><\/script><div class='av-click-to-play-overlay'><div class=\"avia_playpause_icon\"><\/div><\/div><\/div>","protected":false},"excerpt":{"rendered":"<p>O orixinal desta pandeireta pertence a Regina, tocadora de Cernadela (Mondariz, Pontevedra) e tr\u00f3uxonola o noso amigo Pichi Abollado coa intenz\u00f3n de recuperar este fermoso modelo. \u00c9 unha pandeireta coas ferre\u00f1as rizadas e, polo tanto, cun son moi potente; ademais, ten doce pares de ferre\u00f1as. Non entanto, \u00e9 un instrumento lixeiro pois o seu marco [&hellip;]<\/p>\n","protected":false},"featured_media":1012,"comment_status":"open","ping_status":"closed","template":"","meta":{"give_campaign_id":0,"_joinchat":[]},"product_brand":[],"product_cat":[18,38],"product_tag":[],"class_list":{"0":"post-1011","1":"product","2":"type-product","3":"status-publish","4":"has-post-thumbnail","6":"product_cat-instrumentos-musicales","7":"product_cat-pandeiretas","9":"first","10":"instock","11":"taxable","12":"shipping-taxable","13":"purchasable","14":"product-type-simple"},"yoast_head":"<!-- This site is optimized with the Yoast SEO plugin v27.2 - https:\/\/yoast.com\/product\/yoast-seo-wordpress\/ -->\n<title>Pandeireta de Cernadela - Pablo Carpintero<\/title>\n<meta name=\"robots\" content=\"index, follow, max-snippet:-1, max-image-preview:large, max-video-preview:-1\" \/>\n<link rel=\"canonical\" href=\"https:\/\/pablocarpintero.es\/es\/producto\/pandeireta-de-cernadela\/\" \/>\n<meta property=\"og:locale\" content=\"es_ES\" \/>\n<meta property=\"og:type\" content=\"article\" \/>\n<meta property=\"og:title\" content=\"Pandeireta de Cernadela - Pablo Carpintero\" \/>\n<meta property=\"og:description\" content=\"O orixinal desta pandeireta pertence a Regina, tocadora de Cernadela (Mondariz, Pontevedra) e tr\u00f3uxonola o noso amigo Pichi Abollado coa intenz\u00f3n de recuperar este fermoso modelo. \u00c9 unha pandeireta coas ferre\u00f1as rizadas e, polo tanto, cun son moi potente; ademais, ten doce pares de ferre\u00f1as. Non entanto, \u00e9 un instrumento lixeiro pois o seu marco [&hellip;]\" \/>\n<meta property=\"og:url\" content=\"https:\/\/pablocarpintero.es\/es\/producto\/pandeireta-de-cernadela\/\" \/>\n<meta property=\"og:site_name\" content=\"Pablo Carpintero\" \/>\n<meta property=\"article:modified_time\" content=\"2025-07-22T05:48:37+00:00\" \/>\n<meta property=\"og:image\" content=\"https:\/\/pablocarpintero.es\/wp-content\/uploads\/2021\/11\/Cernadela.jpg\" \/>\n\t<meta property=\"og:image:width\" content=\"1960\" \/>\n\t<meta property=\"og:image:height\" content=\"1140\" \/>\n\t<meta property=\"og:image:type\" content=\"image\/jpeg\" \/>\n<meta name=\"twitter:card\" content=\"summary_large_image\" \/>\n<meta name=\"twitter:label1\" content=\"Tiempo de lectura\" \/>\n\t<meta name=\"twitter:data1\" content=\"1 minuto\" \/>\n<script type=\"application\/ld+json\" class=\"yoast-schema-graph\">{\"@context\":\"https:\/\/schema.org\",\"@graph\":[{\"@type\":\"WebPage\",\"@id\":\"https:\/\/pablocarpintero.es\/producto\/pandeireta-de-cernadela\/\",\"url\":\"https:\/\/pablocarpintero.es\/producto\/pandeireta-de-cernadela\/\",\"name\":\"Pandeireta de Cernadela - Pablo Carpintero\",\"isPartOf\":{\"@id\":\"https:\/\/pablocarpintero.es\/#website\"},\"primaryImageOfPage\":{\"@id\":\"https:\/\/pablocarpintero.es\/producto\/pandeireta-de-cernadela\/#primaryimage\"},\"image\":{\"@id\":\"https:\/\/pablocarpintero.es\/producto\/pandeireta-de-cernadela\/#primaryimage\"},\"thumbnailUrl\":\"https:\/\/pablocarpintero.es\/wp-content\/uploads\/2021\/11\/Cernadela.jpg\",\"datePublished\":\"2021-11-12T10:39:22+00:00\",\"dateModified\":\"2025-07-22T05:48:37+00:00\",\"breadcrumb\":{\"@id\":\"https:\/\/pablocarpintero.es\/producto\/pandeireta-de-cernadela\/#breadcrumb\"},\"inLanguage\":\"es\",\"potentialAction\":[{\"@type\":\"ReadAction\",\"target\":[\"https:\/\/pablocarpintero.es\/producto\/pandeireta-de-cernadela\/\"]}]},{\"@type\":\"ImageObject\",\"inLanguage\":\"es\",\"@id\":\"https:\/\/pablocarpintero.es\/producto\/pandeireta-de-cernadela\/#primaryimage\",\"url\":\"https:\/\/pablocarpintero.es\/wp-content\/uploads\/2021\/11\/Cernadela.jpg\",\"contentUrl\":\"https:\/\/pablocarpintero.es\/wp-content\/uploads\/2021\/11\/Cernadela.jpg\",\"width\":1960,\"height\":1140},{\"@type\":\"BreadcrumbList\",\"@id\":\"https:\/\/pablocarpintero.es\/producto\/pandeireta-de-cernadela\/#breadcrumb\",\"itemListElement\":[{\"@type\":\"ListItem\",\"position\":1,\"name\":\"Portada\",\"item\":\"https:\/\/pablocarpintero.es\/inicio\/\"},{\"@type\":\"ListItem\",\"position\":2,\"name\":\"Tienda\",\"item\":\"https:\/\/pablocarpintero.es\/tienda\/\"},{\"@type\":\"ListItem\",\"position\":3,\"name\":\"Pandeireta de Cernadela\"}]},{\"@type\":\"WebSite\",\"@id\":\"https:\/\/pablocarpintero.es\/#website\",\"url\":\"https:\/\/pablocarpintero.es\/\",\"name\":\"Pablo Carpintero\",\"description\":\"Otro sitio realizado con WordPress\",\"potentialAction\":[{\"@type\":\"SearchAction\",\"target\":{\"@type\":\"EntryPoint\",\"urlTemplate\":\"https:\/\/pablocarpintero.es\/?s={search_term_string}\"},\"query-input\":{\"@type\":\"PropertyValueSpecification\",\"valueRequired\":true,\"valueName\":\"search_term_string\"}}],\"inLanguage\":\"es\"}]}<\/script>\n<!-- \/ Yoast SEO plugin. -->","yoast_head_json":{"title":"Pandeireta de Cernadela - Pablo Carpintero","robots":{"index":"index","follow":"follow","max-snippet":"max-snippet:-1","max-image-preview":"max-image-preview:large","max-video-preview":"max-video-preview:-1"},"canonical":"https:\/\/pablocarpintero.es\/es\/producto\/pandeireta-de-cernadela\/","og_locale":"es_ES","og_type":"article","og_title":"Pandeireta de Cernadela - Pablo Carpintero","og_description":"O orixinal desta pandeireta pertence a Regina, tocadora de Cernadela (Mondariz, Pontevedra) e tr\u00f3uxonola o noso amigo Pichi Abollado coa intenz\u00f3n de recuperar este fermoso modelo. \u00c9 unha pandeireta coas ferre\u00f1as rizadas e, polo tanto, cun son moi potente; ademais, ten doce pares de ferre\u00f1as. Non entanto, \u00e9 un instrumento lixeiro pois o seu marco [&hellip;]","og_url":"https:\/\/pablocarpintero.es\/es\/producto\/pandeireta-de-cernadela\/","og_site_name":"Pablo Carpintero","article_modified_time":"2025-07-22T05:48:37+00:00","og_image":[{"width":1960,"height":1140,"url":"https:\/\/pablocarpintero.es\/wp-content\/uploads\/2021\/11\/Cernadela.jpg","type":"image\/jpeg"}],"twitter_card":"summary_large_image","twitter_misc":{"Tiempo de lectura":"1 minuto"},"schema":{"@context":"https:\/\/schema.org","@graph":[{"@type":"WebPage","@id":"https:\/\/pablocarpintero.es\/producto\/pandeireta-de-cernadela\/","url":"https:\/\/pablocarpintero.es\/producto\/pandeireta-de-cernadela\/","name":"Pandeireta de Cernadela - Pablo Carpintero","isPartOf":{"@id":"https:\/\/pablocarpintero.es\/#website"},"primaryImageOfPage":{"@id":"https:\/\/pablocarpintero.es\/producto\/pandeireta-de-cernadela\/#primaryimage"},"image":{"@id":"https:\/\/pablocarpintero.es\/producto\/pandeireta-de-cernadela\/#primaryimage"},"thumbnailUrl":"https:\/\/pablocarpintero.es\/wp-content\/uploads\/2021\/11\/Cernadela.jpg","datePublished":"2021-11-12T10:39:22+00:00","dateModified":"2025-07-22T05:48:37+00:00","breadcrumb":{"@id":"https:\/\/pablocarpintero.es\/producto\/pandeireta-de-cernadela\/#breadcrumb"},"inLanguage":"es","potentialAction":[{"@type":"ReadAction","target":["https:\/\/pablocarpintero.es\/producto\/pandeireta-de-cernadela\/"]}]},{"@type":"ImageObject","inLanguage":"es","@id":"https:\/\/pablocarpintero.es\/producto\/pandeireta-de-cernadela\/#primaryimage","url":"https:\/\/pablocarpintero.es\/wp-content\/uploads\/2021\/11\/Cernadela.jpg","contentUrl":"https:\/\/pablocarpintero.es\/wp-content\/uploads\/2021\/11\/Cernadela.jpg","width":1960,"height":1140},{"@type":"BreadcrumbList","@id":"https:\/\/pablocarpintero.es\/producto\/pandeireta-de-cernadela\/#breadcrumb","itemListElement":[{"@type":"ListItem","position":1,"name":"Portada","item":"https:\/\/pablocarpintero.es\/inicio\/"},{"@type":"ListItem","position":2,"name":"Tienda","item":"https:\/\/pablocarpintero.es\/tienda\/"},{"@type":"ListItem","position":3,"name":"Pandeireta de Cernadela"}]},{"@type":"WebSite","@id":"https:\/\/pablocarpintero.es\/#website","url":"https:\/\/pablocarpintero.es\/","name":"Pablo Carpintero","description":"Otro sitio realizado con WordPress","potentialAction":[{"@type":"SearchAction","target":{"@type":"EntryPoint","urlTemplate":"https:\/\/pablocarpintero.es\/?s={search_term_string}"},"query-input":{"@type":"PropertyValueSpecification","valueRequired":true,"valueName":"search_term_string"}}],"inLanguage":"es"}]}},"_links":{"self":[{"href":"https:\/\/pablocarpintero.es\/es\/wp-json\/wp\/v2\/product\/1011","targetHints":{"allow":["GET"]}}],"collection":[{"href":"https:\/\/pablocarpintero.es\/es\/wp-json\/wp\/v2\/product"}],"about":[{"href":"https:\/\/pablocarpintero.es\/es\/wp-json\/wp\/v2\/types\/product"}],"replies":[{"embeddable":true,"href":"https:\/\/pablocarpintero.es\/es\/wp-json\/wp\/v2\/comments?post=1011"}],"wp:featuredmedia":[{"embeddable":true,"href":"https:\/\/pablocarpintero.es\/es\/wp-json\/wp\/v2\/media\/1012"}],"wp:attachment":[{"href":"https:\/\/pablocarpintero.es\/es\/wp-json\/wp\/v2\/media?parent=1011"}],"wp:term":[{"taxonomy":"product_brand","embeddable":true,"href":"https:\/\/pablocarpintero.es\/es\/wp-json\/wp\/v2\/product_brand?post=1011"},{"taxonomy":"product_cat","embeddable":true,"href":"https:\/\/pablocarpintero.es\/es\/wp-json\/wp\/v2\/product_cat?post=1011"},{"taxonomy":"product_tag","embeddable":true,"href":"https:\/\/pablocarpintero.es\/es\/wp-json\/wp\/v2\/product_tag?post=1011"}],"curies":[{"name":"wp","href":"https:\/\/api.w.org\/{rel}","templated":true}]}}