{"id":1030,"date":"2021-11-12T12:16:44","date_gmt":"2021-11-12T12:16:44","guid":{"rendered":"https:\/\/pablocarpintero.es\/?post_type=product&#038;p=1030"},"modified":"2026-04-22T07:28:59","modified_gmt":"2026-04-22T07:28:59","slug":"pandeireta-con-parche-dorotea","status":"publish","type":"product","link":"https:\/\/pablocarpintero.es\/es\/producto\/pandeireta-con-parche-dorotea\/","title":{"rendered":"Pandereta con parche sint\u00e9tico Dorotea"},"content":{"rendered":"<p>Nuestro amigo <a href=\"https:\/\/landratipica.gal\">Tom\u00e1s Ageitos<\/a> desarroll\u00f3 un estupendo e ingenioso parche sint\u00e9tico con un resultado sonoro sorprendentemente similar al de una piel normal. Una opci\u00f3n fant\u00e1stica si lo que buscas es una gran estabilidad en la tensi\u00f3n del parche. Hacemos nuestras panderetas con parche Dorotea en base a nuestro <a href=\"https:\/\/pablocarpintero.es\/es\/producto\/pandeireta-modelo-guillade\/\">modelo Guillade<\/a>. Tambi\u00e9n puedes encargarlo en cualquiera de los otros modelos que fabricamos, incluso con nuestro nuevo modelo de <a href=\"https:\/\/pablocarpintero.es\/es\/producto\/pandeireta-afinable\/\">pandereta afinable<\/a> para un mayor control de la tensi\u00f3n.<\/p>\n<p>&nbsp;<\/p>\n<p>En este v\u00eddeo puedes escuchar el sonido del parche Dorotea en una pandereta <a href=\"https:\/\/pablocarpintero.es\/es\/producto\/pandeireta-modelo-guillade\/\">modelo Guillade<\/a>:<\/p>\n<p>&nbsp;<\/p>\n<div  class='avia-video av-38boyu-5c4574f35870fc7f239dcb472930fdb9 avia-video-16-9 av-no-preview-image avia-video-load-always av-lazyload-immediate av-lazyload-video-embed'  itemprop=\"video\" itemtype=\"https:\/\/schema.org\/VideoObject\"  data-original_url='https:\/\/www.youtube.com\/watch?v=-rBoYt3dAeA&amp;list=PLXXK43eNZOISU31MAUDm_pBD1uYf5GChZ'><script type='text\/html' class='av-video-tmpl'><div class='avia-iframe-wrap'><iframe loading=\"lazy\" title=\"Xota con pandeireta de Dorotea (sen efectos)\" width=\"1500\" height=\"844\" src=\"https:\/\/www.youtube.com\/embed\/-rBoYt3dAeA?list=PLXXK43eNZOISU31MAUDm_pBD1uYf5GChZ&autoplay=0&loop=0&controls=1&mute=0\" frameborder=\"0\" allow=\"accelerometer; autoplay; clipboard-write; encrypted-media; gyroscope; picture-in-picture\" allowfullscreen><\/iframe><\/div><\/script><div class='av-click-to-play-overlay'><div class=\"avia_playpause_icon\"><\/div><\/div><\/div>\n<p>&nbsp;<\/p>\n<p>En este video puedes comparar el sonido de una pandereta con un parche de piel y con un parche Dorotea.<\/p>\n<p>&nbsp;<\/p>","protected":false},"excerpt":{"rendered":"<p>O noso amigo Tom\u00e1s Ageitos desenvolveu un estupendo e enxe\u00f1oso parche sint\u00e9tico cun resultado sonoro sorprendentemente semellante ao dunha pel normal. Unha fant\u00e1stica opci\u00f3n se o que procuras \u00e9 unha grande estabilidade na tensi\u00f3n do parche. Fabricamos a nosas pandeiretas con parche Dorotea en base ao noso modelo Guillade. Tam\u00e9n podes solicitalo en calquera dos [&hellip;]<\/p>\n","protected":false},"featured_media":1031,"comment_status":"open","ping_status":"closed","template":"","meta":{"give_campaign_id":0,"_joinchat":[]},"product_brand":[],"product_cat":[18,38],"product_tag":[],"class_list":{"0":"post-1030","1":"product","2":"type-product","3":"status-publish","4":"has-post-thumbnail","6":"product_cat-instrumentos-musicales","7":"product_cat-pandeiretas","9":"first","10":"instock","11":"taxable","12":"shipping-taxable","13":"purchasable","14":"product-type-simple"},"yoast_head":"<!-- This site is optimized with the Yoast SEO plugin v27.2 - https:\/\/yoast.com\/product\/yoast-seo-wordpress\/ -->\n<title>Pandeireta con parche sint\u00e9tico Dorotea - Pablo Carpintero<\/title>\n<meta name=\"robots\" content=\"index, follow, max-snippet:-1, max-image-preview:large, max-video-preview:-1\" \/>\n<link rel=\"canonical\" href=\"https:\/\/pablocarpintero.es\/es\/producto\/pandeireta-con-parche-dorotea\/\" \/>\n<meta property=\"og:locale\" content=\"es_ES\" \/>\n<meta property=\"og:type\" content=\"article\" \/>\n<meta property=\"og:title\" content=\"Pandeireta con parche sint\u00e9tico Dorotea - Pablo Carpintero\" \/>\n<meta property=\"og:description\" content=\"O noso amigo Tom\u00e1s Ageitos desenvolveu un estupendo e enxe\u00f1oso parche sint\u00e9tico cun resultado sonoro sorprendentemente semellante ao dunha pel normal. Unha fant\u00e1stica opci\u00f3n se o que procuras \u00e9 unha grande estabilidade na tensi\u00f3n do parche. Fabricamos a nosas pandeiretas con parche Dorotea en base ao noso modelo Guillade. Tam\u00e9n podes solicitalo en calquera dos [&hellip;]\" \/>\n<meta property=\"og:url\" content=\"https:\/\/pablocarpintero.es\/es\/producto\/pandeireta-con-parche-dorotea\/\" \/>\n<meta property=\"og:site_name\" content=\"Pablo Carpintero\" \/>\n<meta property=\"article:modified_time\" content=\"2026-04-22T07:28:59+00:00\" \/>\n<meta property=\"og:image\" content=\"https:\/\/pablocarpintero.es\/wp-content\/uploads\/2021\/11\/Pandeireta-afinable-pandereta-Pablo-Carpintero-Dorotea-1.jpg\" \/>\n\t<meta property=\"og:image:width\" content=\"1566\" \/>\n\t<meta property=\"og:image:height\" content=\"1640\" \/>\n\t<meta property=\"og:image:type\" content=\"image\/jpeg\" \/>\n<meta name=\"twitter:card\" content=\"summary_large_image\" \/>\n<meta name=\"twitter:label1\" content=\"Tiempo de lectura\" \/>\n\t<meta name=\"twitter:data1\" content=\"1 minuto\" \/>\n<script type=\"application\/ld+json\" class=\"yoast-schema-graph\">{\"@context\":\"https:\/\/schema.org\",\"@graph\":[{\"@type\":\"WebPage\",\"@id\":\"https:\/\/pablocarpintero.es\/producto\/pandeireta-con-parche-dorotea\/\",\"url\":\"https:\/\/pablocarpintero.es\/producto\/pandeireta-con-parche-dorotea\/\",\"name\":\"Pandeireta con parche sint\u00e9tico Dorotea - Pablo Carpintero\",\"isPartOf\":{\"@id\":\"https:\/\/pablocarpintero.es\/#website\"},\"primaryImageOfPage\":{\"@id\":\"https:\/\/pablocarpintero.es\/producto\/pandeireta-con-parche-dorotea\/#primaryimage\"},\"image\":{\"@id\":\"https:\/\/pablocarpintero.es\/producto\/pandeireta-con-parche-dorotea\/#primaryimage\"},\"thumbnailUrl\":\"https:\/\/pablocarpintero.es\/wp-content\/uploads\/2021\/11\/Pandeireta-afinable-pandereta-Pablo-Carpintero-Dorotea-1.jpg\",\"datePublished\":\"2021-11-12T12:16:44+00:00\",\"dateModified\":\"2026-04-22T07:28:59+00:00\",\"breadcrumb\":{\"@id\":\"https:\/\/pablocarpintero.es\/producto\/pandeireta-con-parche-dorotea\/#breadcrumb\"},\"inLanguage\":\"es\",\"potentialAction\":[{\"@type\":\"ReadAction\",\"target\":[\"https:\/\/pablocarpintero.es\/producto\/pandeireta-con-parche-dorotea\/\"]}]},{\"@type\":\"ImageObject\",\"inLanguage\":\"es\",\"@id\":\"https:\/\/pablocarpintero.es\/producto\/pandeireta-con-parche-dorotea\/#primaryimage\",\"url\":\"https:\/\/pablocarpintero.es\/wp-content\/uploads\/2021\/11\/Pandeireta-afinable-pandereta-Pablo-Carpintero-Dorotea-1.jpg\",\"contentUrl\":\"https:\/\/pablocarpintero.es\/wp-content\/uploads\/2021\/11\/Pandeireta-afinable-pandereta-Pablo-Carpintero-Dorotea-1.jpg\",\"width\":1566,\"height\":1640},{\"@type\":\"BreadcrumbList\",\"@id\":\"https:\/\/pablocarpintero.es\/producto\/pandeireta-con-parche-dorotea\/#breadcrumb\",\"itemListElement\":[{\"@type\":\"ListItem\",\"position\":1,\"name\":\"Portada\",\"item\":\"https:\/\/pablocarpintero.es\/inicio\/\"},{\"@type\":\"ListItem\",\"position\":2,\"name\":\"Tienda\",\"item\":\"https:\/\/pablocarpintero.es\/tienda\/\"},{\"@type\":\"ListItem\",\"position\":3,\"name\":\"Pandeireta con parche sint\u00e9tico Dorotea\"}]},{\"@type\":\"WebSite\",\"@id\":\"https:\/\/pablocarpintero.es\/#website\",\"url\":\"https:\/\/pablocarpintero.es\/\",\"name\":\"Pablo Carpintero\",\"description\":\"Otro sitio realizado con WordPress\",\"potentialAction\":[{\"@type\":\"SearchAction\",\"target\":{\"@type\":\"EntryPoint\",\"urlTemplate\":\"https:\/\/pablocarpintero.es\/?s={search_term_string}\"},\"query-input\":{\"@type\":\"PropertyValueSpecification\",\"valueRequired\":true,\"valueName\":\"search_term_string\"}}],\"inLanguage\":\"es\"}]}<\/script>\n<!-- \/ Yoast SEO plugin. -->","yoast_head_json":{"title":"Pandeireta con parche sint\u00e9tico Dorotea - Pablo Carpintero","robots":{"index":"index","follow":"follow","max-snippet":"max-snippet:-1","max-image-preview":"max-image-preview:large","max-video-preview":"max-video-preview:-1"},"canonical":"https:\/\/pablocarpintero.es\/es\/producto\/pandeireta-con-parche-dorotea\/","og_locale":"es_ES","og_type":"article","og_title":"Pandeireta con parche sint\u00e9tico Dorotea - Pablo Carpintero","og_description":"O noso amigo Tom\u00e1s Ageitos desenvolveu un estupendo e enxe\u00f1oso parche sint\u00e9tico cun resultado sonoro sorprendentemente semellante ao dunha pel normal. Unha fant\u00e1stica opci\u00f3n se o que procuras \u00e9 unha grande estabilidade na tensi\u00f3n do parche. Fabricamos a nosas pandeiretas con parche Dorotea en base ao noso modelo Guillade. Tam\u00e9n podes solicitalo en calquera dos [&hellip;]","og_url":"https:\/\/pablocarpintero.es\/es\/producto\/pandeireta-con-parche-dorotea\/","og_site_name":"Pablo Carpintero","article_modified_time":"2026-04-22T07:28:59+00:00","og_image":[{"width":1566,"height":1640,"url":"https:\/\/pablocarpintero.es\/wp-content\/uploads\/2021\/11\/Pandeireta-afinable-pandereta-Pablo-Carpintero-Dorotea-1.jpg","type":"image\/jpeg"}],"twitter_card":"summary_large_image","twitter_misc":{"Tiempo de lectura":"1 minuto"},"schema":{"@context":"https:\/\/schema.org","@graph":[{"@type":"WebPage","@id":"https:\/\/pablocarpintero.es\/producto\/pandeireta-con-parche-dorotea\/","url":"https:\/\/pablocarpintero.es\/producto\/pandeireta-con-parche-dorotea\/","name":"Pandeireta con parche sint\u00e9tico Dorotea - Pablo Carpintero","isPartOf":{"@id":"https:\/\/pablocarpintero.es\/#website"},"primaryImageOfPage":{"@id":"https:\/\/pablocarpintero.es\/producto\/pandeireta-con-parche-dorotea\/#primaryimage"},"image":{"@id":"https:\/\/pablocarpintero.es\/producto\/pandeireta-con-parche-dorotea\/#primaryimage"},"thumbnailUrl":"https:\/\/pablocarpintero.es\/wp-content\/uploads\/2021\/11\/Pandeireta-afinable-pandereta-Pablo-Carpintero-Dorotea-1.jpg","datePublished":"2021-11-12T12:16:44+00:00","dateModified":"2026-04-22T07:28:59+00:00","breadcrumb":{"@id":"https:\/\/pablocarpintero.es\/producto\/pandeireta-con-parche-dorotea\/#breadcrumb"},"inLanguage":"es","potentialAction":[{"@type":"ReadAction","target":["https:\/\/pablocarpintero.es\/producto\/pandeireta-con-parche-dorotea\/"]}]},{"@type":"ImageObject","inLanguage":"es","@id":"https:\/\/pablocarpintero.es\/producto\/pandeireta-con-parche-dorotea\/#primaryimage","url":"https:\/\/pablocarpintero.es\/wp-content\/uploads\/2021\/11\/Pandeireta-afinable-pandereta-Pablo-Carpintero-Dorotea-1.jpg","contentUrl":"https:\/\/pablocarpintero.es\/wp-content\/uploads\/2021\/11\/Pandeireta-afinable-pandereta-Pablo-Carpintero-Dorotea-1.jpg","width":1566,"height":1640},{"@type":"BreadcrumbList","@id":"https:\/\/pablocarpintero.es\/producto\/pandeireta-con-parche-dorotea\/#breadcrumb","itemListElement":[{"@type":"ListItem","position":1,"name":"Portada","item":"https:\/\/pablocarpintero.es\/inicio\/"},{"@type":"ListItem","position":2,"name":"Tienda","item":"https:\/\/pablocarpintero.es\/tienda\/"},{"@type":"ListItem","position":3,"name":"Pandeireta con parche sint\u00e9tico Dorotea"}]},{"@type":"WebSite","@id":"https:\/\/pablocarpintero.es\/#website","url":"https:\/\/pablocarpintero.es\/","name":"Pablo Carpintero","description":"Otro sitio realizado con WordPress","potentialAction":[{"@type":"SearchAction","target":{"@type":"EntryPoint","urlTemplate":"https:\/\/pablocarpintero.es\/?s={search_term_string}"},"query-input":{"@type":"PropertyValueSpecification","valueRequired":true,"valueName":"search_term_string"}}],"inLanguage":"es"}]}},"_links":{"self":[{"href":"https:\/\/pablocarpintero.es\/es\/wp-json\/wp\/v2\/product\/1030","targetHints":{"allow":["GET"]}}],"collection":[{"href":"https:\/\/pablocarpintero.es\/es\/wp-json\/wp\/v2\/product"}],"about":[{"href":"https:\/\/pablocarpintero.es\/es\/wp-json\/wp\/v2\/types\/product"}],"replies":[{"embeddable":true,"href":"https:\/\/pablocarpintero.es\/es\/wp-json\/wp\/v2\/comments?post=1030"}],"wp:featuredmedia":[{"embeddable":true,"href":"https:\/\/pablocarpintero.es\/es\/wp-json\/wp\/v2\/media\/1031"}],"wp:attachment":[{"href":"https:\/\/pablocarpintero.es\/es\/wp-json\/wp\/v2\/media?parent=1030"}],"wp:term":[{"taxonomy":"product_brand","embeddable":true,"href":"https:\/\/pablocarpintero.es\/es\/wp-json\/wp\/v2\/product_brand?post=1030"},{"taxonomy":"product_cat","embeddable":true,"href":"https:\/\/pablocarpintero.es\/es\/wp-json\/wp\/v2\/product_cat?post=1030"},{"taxonomy":"product_tag","embeddable":true,"href":"https:\/\/pablocarpintero.es\/es\/wp-json\/wp\/v2\/product_tag?post=1030"}],"curies":[{"name":"wp","href":"https:\/\/api.w.org\/{rel}","templated":true}]}}