{"id":1035,"date":"2021-11-12T12:28:15","date_gmt":"2021-11-12T12:28:15","guid":{"rendered":"https:\/\/pablocarpintero.es\/?post_type=product&#038;p=1035"},"modified":"2025-07-22T05:52:31","modified_gmt":"2025-07-22T05:52:31","slug":"pandeireta-modelo-rodis","status":"publish","type":"product","link":"https:\/\/pablocarpintero.es\/es\/producto\/pandeireta-modelo-rodis\/","title":{"rendered":"Pandereta modelo Rod\u00eds"},"content":{"rendered":"<p>Se trata de una copia de la pandereta de Josefa Da Silva, panderetera de Rod\u00eds (Cerceda). Es un instrumento de nueve pares de sonajas rizadas, de un tama\u00f1o algo m\u00e1s peque\u00f1o que el est\u00e1ndar y que nos trajo nuestra amiga Fransy Gonz\u00e1lez para hacer una r\u00e9plica y poder tocar con un sonido original. Como puedes ver, es una pandereta con un agujero en el marco, por lo que originalmente se sosten\u00eda con la mano izquierda, una t\u00e9cnica ahora pr\u00e1cticamente olvidada. Tiene las sonajas dispuestas a la antigua, con <a href=\"https:\/\/pablocarpintero.es\/es\/producto\/pandeireta-co-sistema-antigo-de-colocar-as-ferrenas\/\">alambres que atraviesan el marco<\/a>. Tambi\u00e9n tiene los huecos donde se alojan las sonajas de forma cuadrada, es decir, hechos a mano.<\/p>","protected":false},"excerpt":{"rendered":"<p>Esta \u00e9 unha copia da pandeireta de Josefa Da Silva, tocadora de Rod\u00eds (Cerceda). Tr\u00e1tase dun instrumento de nove pares de ferre\u00f1as rizadas, dun tama\u00f1o algo menor que o est\u00e1ndar e que nos trouxo a nosa amiga Fransy Gonz\u00e1lez para facer unha r\u00e9plica e poder tocar cun son orixinal. Como podedes ver \u00e9 unha pandeireta [&hellip;]<\/p>\n","protected":false},"featured_media":1036,"comment_status":"open","ping_status":"closed","template":"","meta":{"give_campaign_id":0,"_joinchat":[]},"product_brand":[],"product_cat":[18,38],"product_tag":[],"class_list":{"0":"post-1035","1":"product","2":"type-product","3":"status-publish","4":"has-post-thumbnail","6":"product_cat-instrumentos-musicales","7":"product_cat-pandeiretas","9":"first","10":"instock","11":"taxable","12":"shipping-taxable","13":"purchasable","14":"product-type-simple"},"yoast_head":"<!-- This site is optimized with the Yoast SEO plugin v27.2 - https:\/\/yoast.com\/product\/yoast-seo-wordpress\/ -->\n<title>Pandeireta modelo Rod\u00eds - Pablo Carpintero<\/title>\n<meta name=\"robots\" content=\"index, follow, max-snippet:-1, max-image-preview:large, max-video-preview:-1\" \/>\n<link rel=\"canonical\" href=\"https:\/\/pablocarpintero.es\/es\/producto\/pandeireta-modelo-rodis\/\" \/>\n<meta property=\"og:locale\" content=\"es_ES\" \/>\n<meta property=\"og:type\" content=\"article\" \/>\n<meta property=\"og:title\" content=\"Pandeireta modelo Rod\u00eds - Pablo Carpintero\" \/>\n<meta property=\"og:description\" content=\"Esta \u00e9 unha copia da pandeireta de Josefa Da Silva, tocadora de Rod\u00eds (Cerceda). Tr\u00e1tase dun instrumento de nove pares de ferre\u00f1as rizadas, dun tama\u00f1o algo menor que o est\u00e1ndar e que nos trouxo a nosa amiga Fransy Gonz\u00e1lez para facer unha r\u00e9plica e poder tocar cun son orixinal. Como podedes ver \u00e9 unha pandeireta [&hellip;]\" \/>\n<meta property=\"og:url\" content=\"https:\/\/pablocarpintero.es\/es\/producto\/pandeireta-modelo-rodis\/\" \/>\n<meta property=\"og:site_name\" content=\"Pablo Carpintero\" \/>\n<meta property=\"article:modified_time\" content=\"2025-07-22T05:52:31+00:00\" \/>\n<meta property=\"og:image\" content=\"https:\/\/pablocarpintero.es\/wp-content\/uploads\/2021\/11\/Pandereta-Cerceda-Pablo-Carpintero-2.jpg\" \/>\n\t<meta property=\"og:image:width\" content=\"1424\" \/>\n\t<meta property=\"og:image:height\" content=\"2144\" \/>\n\t<meta property=\"og:image:type\" content=\"image\/jpeg\" \/>\n<meta name=\"twitter:card\" content=\"summary_large_image\" \/>\n<meta name=\"twitter:label1\" content=\"Tiempo de lectura\" \/>\n\t<meta name=\"twitter:data1\" content=\"1 minuto\" \/>\n<script type=\"application\/ld+json\" class=\"yoast-schema-graph\">{\"@context\":\"https:\/\/schema.org\",\"@graph\":[{\"@type\":\"WebPage\",\"@id\":\"https:\/\/pablocarpintero.es\/producto\/pandeireta-modelo-rodis\/\",\"url\":\"https:\/\/pablocarpintero.es\/producto\/pandeireta-modelo-rodis\/\",\"name\":\"Pandeireta modelo Rod\u00eds - Pablo Carpintero\",\"isPartOf\":{\"@id\":\"https:\/\/pablocarpintero.es\/#website\"},\"primaryImageOfPage\":{\"@id\":\"https:\/\/pablocarpintero.es\/producto\/pandeireta-modelo-rodis\/#primaryimage\"},\"image\":{\"@id\":\"https:\/\/pablocarpintero.es\/producto\/pandeireta-modelo-rodis\/#primaryimage\"},\"thumbnailUrl\":\"https:\/\/pablocarpintero.es\/wp-content\/uploads\/2021\/11\/Pandereta-Cerceda-Pablo-Carpintero-2.jpg\",\"datePublished\":\"2021-11-12T12:28:15+00:00\",\"dateModified\":\"2025-07-22T05:52:31+00:00\",\"breadcrumb\":{\"@id\":\"https:\/\/pablocarpintero.es\/producto\/pandeireta-modelo-rodis\/#breadcrumb\"},\"inLanguage\":\"es\",\"potentialAction\":[{\"@type\":\"ReadAction\",\"target\":[\"https:\/\/pablocarpintero.es\/producto\/pandeireta-modelo-rodis\/\"]}]},{\"@type\":\"ImageObject\",\"inLanguage\":\"es\",\"@id\":\"https:\/\/pablocarpintero.es\/producto\/pandeireta-modelo-rodis\/#primaryimage\",\"url\":\"https:\/\/pablocarpintero.es\/wp-content\/uploads\/2021\/11\/Pandereta-Cerceda-Pablo-Carpintero-2.jpg\",\"contentUrl\":\"https:\/\/pablocarpintero.es\/wp-content\/uploads\/2021\/11\/Pandereta-Cerceda-Pablo-Carpintero-2.jpg\",\"width\":1424,\"height\":2144},{\"@type\":\"BreadcrumbList\",\"@id\":\"https:\/\/pablocarpintero.es\/producto\/pandeireta-modelo-rodis\/#breadcrumb\",\"itemListElement\":[{\"@type\":\"ListItem\",\"position\":1,\"name\":\"Portada\",\"item\":\"https:\/\/pablocarpintero.es\/inicio\/\"},{\"@type\":\"ListItem\",\"position\":2,\"name\":\"Tienda\",\"item\":\"https:\/\/pablocarpintero.es\/tienda\/\"},{\"@type\":\"ListItem\",\"position\":3,\"name\":\"Pandeireta modelo Rod\u00eds\"}]},{\"@type\":\"WebSite\",\"@id\":\"https:\/\/pablocarpintero.es\/#website\",\"url\":\"https:\/\/pablocarpintero.es\/\",\"name\":\"Pablo Carpintero\",\"description\":\"Otro sitio realizado con WordPress\",\"potentialAction\":[{\"@type\":\"SearchAction\",\"target\":{\"@type\":\"EntryPoint\",\"urlTemplate\":\"https:\/\/pablocarpintero.es\/?s={search_term_string}\"},\"query-input\":{\"@type\":\"PropertyValueSpecification\",\"valueRequired\":true,\"valueName\":\"search_term_string\"}}],\"inLanguage\":\"es\"}]}<\/script>\n<!-- \/ Yoast SEO plugin. -->","yoast_head_json":{"title":"Pandeireta modelo Rod\u00eds - Pablo Carpintero","robots":{"index":"index","follow":"follow","max-snippet":"max-snippet:-1","max-image-preview":"max-image-preview:large","max-video-preview":"max-video-preview:-1"},"canonical":"https:\/\/pablocarpintero.es\/es\/producto\/pandeireta-modelo-rodis\/","og_locale":"es_ES","og_type":"article","og_title":"Pandeireta modelo Rod\u00eds - Pablo Carpintero","og_description":"Esta \u00e9 unha copia da pandeireta de Josefa Da Silva, tocadora de Rod\u00eds (Cerceda). Tr\u00e1tase dun instrumento de nove pares de ferre\u00f1as rizadas, dun tama\u00f1o algo menor que o est\u00e1ndar e que nos trouxo a nosa amiga Fransy Gonz\u00e1lez para facer unha r\u00e9plica e poder tocar cun son orixinal. Como podedes ver \u00e9 unha pandeireta [&hellip;]","og_url":"https:\/\/pablocarpintero.es\/es\/producto\/pandeireta-modelo-rodis\/","og_site_name":"Pablo Carpintero","article_modified_time":"2025-07-22T05:52:31+00:00","og_image":[{"width":1424,"height":2144,"url":"https:\/\/pablocarpintero.es\/wp-content\/uploads\/2021\/11\/Pandereta-Cerceda-Pablo-Carpintero-2.jpg","type":"image\/jpeg"}],"twitter_card":"summary_large_image","twitter_misc":{"Tiempo de lectura":"1 minuto"},"schema":{"@context":"https:\/\/schema.org","@graph":[{"@type":"WebPage","@id":"https:\/\/pablocarpintero.es\/producto\/pandeireta-modelo-rodis\/","url":"https:\/\/pablocarpintero.es\/producto\/pandeireta-modelo-rodis\/","name":"Pandeireta modelo Rod\u00eds - Pablo Carpintero","isPartOf":{"@id":"https:\/\/pablocarpintero.es\/#website"},"primaryImageOfPage":{"@id":"https:\/\/pablocarpintero.es\/producto\/pandeireta-modelo-rodis\/#primaryimage"},"image":{"@id":"https:\/\/pablocarpintero.es\/producto\/pandeireta-modelo-rodis\/#primaryimage"},"thumbnailUrl":"https:\/\/pablocarpintero.es\/wp-content\/uploads\/2021\/11\/Pandereta-Cerceda-Pablo-Carpintero-2.jpg","datePublished":"2021-11-12T12:28:15+00:00","dateModified":"2025-07-22T05:52:31+00:00","breadcrumb":{"@id":"https:\/\/pablocarpintero.es\/producto\/pandeireta-modelo-rodis\/#breadcrumb"},"inLanguage":"es","potentialAction":[{"@type":"ReadAction","target":["https:\/\/pablocarpintero.es\/producto\/pandeireta-modelo-rodis\/"]}]},{"@type":"ImageObject","inLanguage":"es","@id":"https:\/\/pablocarpintero.es\/producto\/pandeireta-modelo-rodis\/#primaryimage","url":"https:\/\/pablocarpintero.es\/wp-content\/uploads\/2021\/11\/Pandereta-Cerceda-Pablo-Carpintero-2.jpg","contentUrl":"https:\/\/pablocarpintero.es\/wp-content\/uploads\/2021\/11\/Pandereta-Cerceda-Pablo-Carpintero-2.jpg","width":1424,"height":2144},{"@type":"BreadcrumbList","@id":"https:\/\/pablocarpintero.es\/producto\/pandeireta-modelo-rodis\/#breadcrumb","itemListElement":[{"@type":"ListItem","position":1,"name":"Portada","item":"https:\/\/pablocarpintero.es\/inicio\/"},{"@type":"ListItem","position":2,"name":"Tienda","item":"https:\/\/pablocarpintero.es\/tienda\/"},{"@type":"ListItem","position":3,"name":"Pandeireta modelo Rod\u00eds"}]},{"@type":"WebSite","@id":"https:\/\/pablocarpintero.es\/#website","url":"https:\/\/pablocarpintero.es\/","name":"Pablo Carpintero","description":"Otro sitio realizado con WordPress","potentialAction":[{"@type":"SearchAction","target":{"@type":"EntryPoint","urlTemplate":"https:\/\/pablocarpintero.es\/?s={search_term_string}"},"query-input":{"@type":"PropertyValueSpecification","valueRequired":true,"valueName":"search_term_string"}}],"inLanguage":"es"}]}},"_links":{"self":[{"href":"https:\/\/pablocarpintero.es\/es\/wp-json\/wp\/v2\/product\/1035","targetHints":{"allow":["GET"]}}],"collection":[{"href":"https:\/\/pablocarpintero.es\/es\/wp-json\/wp\/v2\/product"}],"about":[{"href":"https:\/\/pablocarpintero.es\/es\/wp-json\/wp\/v2\/types\/product"}],"replies":[{"embeddable":true,"href":"https:\/\/pablocarpintero.es\/es\/wp-json\/wp\/v2\/comments?post=1035"}],"wp:featuredmedia":[{"embeddable":true,"href":"https:\/\/pablocarpintero.es\/es\/wp-json\/wp\/v2\/media\/1036"}],"wp:attachment":[{"href":"https:\/\/pablocarpintero.es\/es\/wp-json\/wp\/v2\/media?parent=1035"}],"wp:term":[{"taxonomy":"product_brand","embeddable":true,"href":"https:\/\/pablocarpintero.es\/es\/wp-json\/wp\/v2\/product_brand?post=1035"},{"taxonomy":"product_cat","embeddable":true,"href":"https:\/\/pablocarpintero.es\/es\/wp-json\/wp\/v2\/product_cat?post=1035"},{"taxonomy":"product_tag","embeddable":true,"href":"https:\/\/pablocarpintero.es\/es\/wp-json\/wp\/v2\/product_tag?post=1035"}],"curies":[{"name":"wp","href":"https:\/\/api.w.org\/{rel}","templated":true}]}}