{"id":1087,"date":"2021-11-12T19:06:11","date_gmt":"2021-11-12T19:06:11","guid":{"rendered":"https:\/\/pablocarpintero.es\/?post_type=product&#038;p=1087"},"modified":"2026-03-23T15:32:52","modified_gmt":"2026-03-23T15:32:52","slug":"pandeiro-afinable","status":"publish","type":"product","link":"https:\/\/pablocarpintero.es\/es\/producto\/pandeiro-afinable\/","title":{"rendered":"Pandero afinable"},"content":{"rendered":"<p><span data-mce-type=\"bookmark\" style=\"display: inline-block; width: 0px; overflow: hidden; line-height: 0;\" class=\"mce_SELRES_start\"><\/span>Hemos desarrollado un original sistema para variar la tensi\u00f3n del parche de los panderos que consiste en abrir su marco, un sistema de f\u00e1cil manejo con una llave Allen. El marco est\u00e1 completamente partido por la mitad y unos tornillos permiten hacerlo m\u00e1s o menos grueso, por lo que tiene ventajas notables sobre el otro sistema, m\u00e1s extendido, en el que el marco se extiende hacia un lado.<\/p>\n<p>O prezo non incl\u00fae a policrom\u00eda da pel, se a queres, cons\u00faltanos o prezo.<\/p>","protected":false},"excerpt":{"rendered":"<p>\ufeffTemos desenvolvido un sistema orixinal de variar a tensi\u00f3n do parche dos pandeiros que consiste na apertura do seu marco, un sistema de f\u00e1cil manexo cunha chave Allen. O marco est\u00e1 completamente fendido \u00e1 metade e uns parafusos permiten facelo ma\u00eds ou menos groso, polo que ten\u00a0notables vantaxes sobre aqueloutro, m\u00e1is difundido, no que o [&hellip;]<\/p>\n","protected":false},"featured_media":1085,"comment_status":"open","ping_status":"closed","template":"","meta":{"give_campaign_id":0,"_joinchat":[]},"product_brand":[],"product_cat":[18,40],"product_tag":[],"class_list":{"0":"post-1087","1":"product","2":"type-product","3":"status-publish","4":"has-post-thumbnail","6":"product_cat-instrumentos-musicales","7":"product_cat-pandeiros","9":"first","10":"instock","11":"taxable","12":"shipping-taxable","13":"purchasable","14":"product-type-simple"},"yoast_head":"<!-- This site is optimized with the Yoast SEO plugin v27.2 - https:\/\/yoast.com\/product\/yoast-seo-wordpress\/ -->\n<title>Pandeiro afinable - Pablo Carpintero<\/title>\n<meta name=\"robots\" content=\"index, follow, max-snippet:-1, max-image-preview:large, max-video-preview:-1\" \/>\n<link rel=\"canonical\" href=\"https:\/\/pablocarpintero.es\/es\/producto\/pandeiro-afinable\/\" \/>\n<meta property=\"og:locale\" content=\"es_ES\" \/>\n<meta property=\"og:type\" content=\"article\" \/>\n<meta property=\"og:title\" content=\"Pandeiro afinable - Pablo Carpintero\" \/>\n<meta property=\"og:description\" content=\"\ufeffTemos desenvolvido un sistema orixinal de variar a tensi\u00f3n do parche dos pandeiros que consiste na apertura do seu marco, un sistema de f\u00e1cil manexo cunha chave Allen. O marco est\u00e1 completamente fendido \u00e1 metade e uns parafusos permiten facelo ma\u00eds ou menos groso, polo que ten\u00a0notables vantaxes sobre aqueloutro, m\u00e1is difundido, no que o [&hellip;]\" \/>\n<meta property=\"og:url\" content=\"https:\/\/pablocarpintero.es\/es\/producto\/pandeiro-afinable\/\" \/>\n<meta property=\"og:site_name\" content=\"Pablo Carpintero\" \/>\n<meta property=\"article:modified_time\" content=\"2026-03-23T15:32:52+00:00\" \/>\n<meta property=\"og:image\" content=\"https:\/\/pablocarpintero.es\/wp-content\/uploads\/2021\/10\/Pandeiro-Pandero-Pablo-Carpintero-43.jpg\" \/>\n\t<meta property=\"og:image:width\" content=\"1865\" \/>\n\t<meta property=\"og:image:height\" content=\"1642\" \/>\n\t<meta property=\"og:image:type\" content=\"image\/jpeg\" \/>\n<meta name=\"twitter:card\" content=\"summary_large_image\" \/>\n<meta name=\"twitter:label1\" content=\"Tiempo de lectura\" \/>\n\t<meta name=\"twitter:data1\" content=\"1 minuto\" \/>\n<script type=\"application\/ld+json\" class=\"yoast-schema-graph\">{\"@context\":\"https:\/\/schema.org\",\"@graph\":[{\"@type\":\"WebPage\",\"@id\":\"https:\/\/pablocarpintero.es\/producto\/pandeiro-afinable\/\",\"url\":\"https:\/\/pablocarpintero.es\/producto\/pandeiro-afinable\/\",\"name\":\"Pandeiro afinable - Pablo Carpintero\",\"isPartOf\":{\"@id\":\"https:\/\/pablocarpintero.es\/#website\"},\"primaryImageOfPage\":{\"@id\":\"https:\/\/pablocarpintero.es\/producto\/pandeiro-afinable\/#primaryimage\"},\"image\":{\"@id\":\"https:\/\/pablocarpintero.es\/producto\/pandeiro-afinable\/#primaryimage\"},\"thumbnailUrl\":\"https:\/\/pablocarpintero.es\/wp-content\/uploads\/2021\/10\/Pandeiro-Pandero-Pablo-Carpintero-43.jpg\",\"datePublished\":\"2021-11-12T19:06:11+00:00\",\"dateModified\":\"2026-03-23T15:32:52+00:00\",\"breadcrumb\":{\"@id\":\"https:\/\/pablocarpintero.es\/producto\/pandeiro-afinable\/#breadcrumb\"},\"inLanguage\":\"es\",\"potentialAction\":[{\"@type\":\"ReadAction\",\"target\":[\"https:\/\/pablocarpintero.es\/producto\/pandeiro-afinable\/\"]}]},{\"@type\":\"ImageObject\",\"inLanguage\":\"es\",\"@id\":\"https:\/\/pablocarpintero.es\/producto\/pandeiro-afinable\/#primaryimage\",\"url\":\"https:\/\/pablocarpintero.es\/wp-content\/uploads\/2021\/10\/Pandeiro-Pandero-Pablo-Carpintero-43.jpg\",\"contentUrl\":\"https:\/\/pablocarpintero.es\/wp-content\/uploads\/2021\/10\/Pandeiro-Pandero-Pablo-Carpintero-43.jpg\",\"width\":1865,\"height\":1642},{\"@type\":\"BreadcrumbList\",\"@id\":\"https:\/\/pablocarpintero.es\/producto\/pandeiro-afinable\/#breadcrumb\",\"itemListElement\":[{\"@type\":\"ListItem\",\"position\":1,\"name\":\"Portada\",\"item\":\"https:\/\/pablocarpintero.es\/inicio\/\"},{\"@type\":\"ListItem\",\"position\":2,\"name\":\"Tienda\",\"item\":\"https:\/\/pablocarpintero.es\/tienda\/\"},{\"@type\":\"ListItem\",\"position\":3,\"name\":\"Pandeiro afinable\"}]},{\"@type\":\"WebSite\",\"@id\":\"https:\/\/pablocarpintero.es\/#website\",\"url\":\"https:\/\/pablocarpintero.es\/\",\"name\":\"Pablo Carpintero\",\"description\":\"Otro sitio realizado con WordPress\",\"potentialAction\":[{\"@type\":\"SearchAction\",\"target\":{\"@type\":\"EntryPoint\",\"urlTemplate\":\"https:\/\/pablocarpintero.es\/?s={search_term_string}\"},\"query-input\":{\"@type\":\"PropertyValueSpecification\",\"valueRequired\":true,\"valueName\":\"search_term_string\"}}],\"inLanguage\":\"es\"}]}<\/script>\n<!-- \/ Yoast SEO plugin. -->","yoast_head_json":{"title":"Pandeiro afinable - Pablo Carpintero","robots":{"index":"index","follow":"follow","max-snippet":"max-snippet:-1","max-image-preview":"max-image-preview:large","max-video-preview":"max-video-preview:-1"},"canonical":"https:\/\/pablocarpintero.es\/es\/producto\/pandeiro-afinable\/","og_locale":"es_ES","og_type":"article","og_title":"Pandeiro afinable - Pablo Carpintero","og_description":"\ufeffTemos desenvolvido un sistema orixinal de variar a tensi\u00f3n do parche dos pandeiros que consiste na apertura do seu marco, un sistema de f\u00e1cil manexo cunha chave Allen. O marco est\u00e1 completamente fendido \u00e1 metade e uns parafusos permiten facelo ma\u00eds ou menos groso, polo que ten\u00a0notables vantaxes sobre aqueloutro, m\u00e1is difundido, no que o [&hellip;]","og_url":"https:\/\/pablocarpintero.es\/es\/producto\/pandeiro-afinable\/","og_site_name":"Pablo Carpintero","article_modified_time":"2026-03-23T15:32:52+00:00","og_image":[{"width":1865,"height":1642,"url":"https:\/\/pablocarpintero.es\/wp-content\/uploads\/2021\/10\/Pandeiro-Pandero-Pablo-Carpintero-43.jpg","type":"image\/jpeg"}],"twitter_card":"summary_large_image","twitter_misc":{"Tiempo de lectura":"1 minuto"},"schema":{"@context":"https:\/\/schema.org","@graph":[{"@type":"WebPage","@id":"https:\/\/pablocarpintero.es\/producto\/pandeiro-afinable\/","url":"https:\/\/pablocarpintero.es\/producto\/pandeiro-afinable\/","name":"Pandeiro afinable - Pablo Carpintero","isPartOf":{"@id":"https:\/\/pablocarpintero.es\/#website"},"primaryImageOfPage":{"@id":"https:\/\/pablocarpintero.es\/producto\/pandeiro-afinable\/#primaryimage"},"image":{"@id":"https:\/\/pablocarpintero.es\/producto\/pandeiro-afinable\/#primaryimage"},"thumbnailUrl":"https:\/\/pablocarpintero.es\/wp-content\/uploads\/2021\/10\/Pandeiro-Pandero-Pablo-Carpintero-43.jpg","datePublished":"2021-11-12T19:06:11+00:00","dateModified":"2026-03-23T15:32:52+00:00","breadcrumb":{"@id":"https:\/\/pablocarpintero.es\/producto\/pandeiro-afinable\/#breadcrumb"},"inLanguage":"es","potentialAction":[{"@type":"ReadAction","target":["https:\/\/pablocarpintero.es\/producto\/pandeiro-afinable\/"]}]},{"@type":"ImageObject","inLanguage":"es","@id":"https:\/\/pablocarpintero.es\/producto\/pandeiro-afinable\/#primaryimage","url":"https:\/\/pablocarpintero.es\/wp-content\/uploads\/2021\/10\/Pandeiro-Pandero-Pablo-Carpintero-43.jpg","contentUrl":"https:\/\/pablocarpintero.es\/wp-content\/uploads\/2021\/10\/Pandeiro-Pandero-Pablo-Carpintero-43.jpg","width":1865,"height":1642},{"@type":"BreadcrumbList","@id":"https:\/\/pablocarpintero.es\/producto\/pandeiro-afinable\/#breadcrumb","itemListElement":[{"@type":"ListItem","position":1,"name":"Portada","item":"https:\/\/pablocarpintero.es\/inicio\/"},{"@type":"ListItem","position":2,"name":"Tienda","item":"https:\/\/pablocarpintero.es\/tienda\/"},{"@type":"ListItem","position":3,"name":"Pandeiro afinable"}]},{"@type":"WebSite","@id":"https:\/\/pablocarpintero.es\/#website","url":"https:\/\/pablocarpintero.es\/","name":"Pablo Carpintero","description":"Otro sitio realizado con WordPress","potentialAction":[{"@type":"SearchAction","target":{"@type":"EntryPoint","urlTemplate":"https:\/\/pablocarpintero.es\/?s={search_term_string}"},"query-input":{"@type":"PropertyValueSpecification","valueRequired":true,"valueName":"search_term_string"}}],"inLanguage":"es"}]}},"_links":{"self":[{"href":"https:\/\/pablocarpintero.es\/es\/wp-json\/wp\/v2\/product\/1087","targetHints":{"allow":["GET"]}}],"collection":[{"href":"https:\/\/pablocarpintero.es\/es\/wp-json\/wp\/v2\/product"}],"about":[{"href":"https:\/\/pablocarpintero.es\/es\/wp-json\/wp\/v2\/types\/product"}],"replies":[{"embeddable":true,"href":"https:\/\/pablocarpintero.es\/es\/wp-json\/wp\/v2\/comments?post=1087"}],"wp:featuredmedia":[{"embeddable":true,"href":"https:\/\/pablocarpintero.es\/es\/wp-json\/wp\/v2\/media\/1085"}],"wp:attachment":[{"href":"https:\/\/pablocarpintero.es\/es\/wp-json\/wp\/v2\/media?parent=1087"}],"wp:term":[{"taxonomy":"product_brand","embeddable":true,"href":"https:\/\/pablocarpintero.es\/es\/wp-json\/wp\/v2\/product_brand?post=1087"},{"taxonomy":"product_cat","embeddable":true,"href":"https:\/\/pablocarpintero.es\/es\/wp-json\/wp\/v2\/product_cat?post=1087"},{"taxonomy":"product_tag","embeddable":true,"href":"https:\/\/pablocarpintero.es\/es\/wp-json\/wp\/v2\/product_tag?post=1087"}],"curies":[{"name":"wp","href":"https:\/\/api.w.org\/{rel}","templated":true}]}}