{"id":1101,"date":"2021-11-13T08:02:56","date_gmt":"2021-11-13T08:02:56","guid":{"rendered":"https:\/\/pablocarpintero.es\/?post_type=product&#038;p=1101"},"modified":"2026-03-19T12:50:23","modified_gmt":"2026-03-19T12:50:23","slug":"tambor-do-rilo-de-betanzos-2","status":"publish","type":"product","link":"https:\/\/pablocarpintero.es\/es\/producto\/tambor-do-rilo-de-betanzos-2\/","title":{"rendered":"Tambor del Rilo de Betanzos"},"content":{"rendered":"<p>R\u00e9plica del tambor de Vigo de Parada, el famoso tamboritero que acompa\u00f1aba al Rilo de Betanzos. Es un tambor bastante peque\u00f1o, lleva los bordones en la piel de arriba y est\u00e1 dise\u00f1ado para tocarlo colgando de la mu\u00f1eca.<\/p>","protected":false},"excerpt":{"rendered":"<p>R\u00e9plica del tambor de Vigo de Parada, el famoso tamboritero que acompa\u00f1aba al Rilo de Betanzos. Es un tambor bastante peque\u00f1o, lleva los bordones en la piel de arriba y est\u00e1 dise\u00f1ado para tocarlo colgando de la mu\u00f1eca.<\/p>","protected":false},"featured_media":1103,"comment_status":"open","ping_status":"closed","template":"","meta":{"give_campaign_id":0,"_joinchat":[]},"product_brand":[],"product_cat":[18,35],"product_tag":[],"class_list":{"0":"post-1101","1":"product","2":"type-product","3":"status-publish","4":"has-post-thumbnail","6":"product_cat-instrumentos-musicales","7":"product_cat-tambores-e-bombos","8":"product_shipping_class-tambores-y-bombos","10":"first","11":"instock","12":"taxable","13":"shipping-taxable","14":"purchasable","15":"product-type-simple"},"yoast_head":"<!-- This site is optimized with the Yoast SEO plugin v27.2 - https:\/\/yoast.com\/product\/yoast-seo-wordpress\/ -->\n<title>Tambor do Rilo de Betanzos - Pablo Carpintero<\/title>\n<meta name=\"robots\" content=\"index, follow, max-snippet:-1, max-image-preview:large, max-video-preview:-1\" \/>\n<link rel=\"canonical\" href=\"https:\/\/pablocarpintero.es\/es\/producto\/tambor-do-rilo-de-betanzos-2\/\" \/>\n<meta property=\"og:locale\" content=\"es_ES\" \/>\n<meta property=\"og:type\" content=\"article\" \/>\n<meta property=\"og:title\" content=\"Tambor do Rilo de Betanzos - Pablo Carpintero\" \/>\n<meta property=\"og:description\" content=\"R\u00e9plica do tambor do Vigo de Parada, o famoso tamboriteiro que acompa\u00f1aba ao Rilo de Betanzos. \u00c9 un tambor bastante pequeno, leva os bord\u00f3ns na pel de arriba e est\u00e1 dese\u00f1ado para seren tocado pendurado do pulso.\" \/>\n<meta property=\"og:url\" content=\"https:\/\/pablocarpintero.es\/es\/producto\/tambor-do-rilo-de-betanzos-2\/\" \/>\n<meta property=\"og:site_name\" content=\"Pablo Carpintero\" \/>\n<meta property=\"article:modified_time\" content=\"2026-03-19T12:50:23+00:00\" \/>\n<meta property=\"og:image\" content=\"https:\/\/pablocarpintero.es\/wp-content\/uploads\/2021\/11\/O-Rilo-de-Betanzos-2.jpg\" \/>\n\t<meta property=\"og:image:width\" content=\"810\" \/>\n\t<meta property=\"og:image:height\" content=\"1080\" \/>\n\t<meta property=\"og:image:type\" content=\"image\/jpeg\" \/>\n<meta name=\"twitter:card\" content=\"summary_large_image\" \/>\n<meta name=\"twitter:label1\" content=\"Tiempo de lectura\" \/>\n\t<meta name=\"twitter:data1\" content=\"1 minuto\" \/>\n<script type=\"application\/ld+json\" class=\"yoast-schema-graph\">{\"@context\":\"https:\/\/schema.org\",\"@graph\":[{\"@type\":\"WebPage\",\"@id\":\"https:\/\/pablocarpintero.es\/producto\/tambor-do-rilo-de-betanzos-2\/\",\"url\":\"https:\/\/pablocarpintero.es\/producto\/tambor-do-rilo-de-betanzos-2\/\",\"name\":\"Tambor do Rilo de Betanzos - Pablo Carpintero\",\"isPartOf\":{\"@id\":\"https:\/\/pablocarpintero.es\/#website\"},\"primaryImageOfPage\":{\"@id\":\"https:\/\/pablocarpintero.es\/producto\/tambor-do-rilo-de-betanzos-2\/#primaryimage\"},\"image\":{\"@id\":\"https:\/\/pablocarpintero.es\/producto\/tambor-do-rilo-de-betanzos-2\/#primaryimage\"},\"thumbnailUrl\":\"https:\/\/pablocarpintero.es\/wp-content\/uploads\/2021\/11\/O-Rilo-de-Betanzos-2.jpg\",\"datePublished\":\"2021-11-13T08:02:56+00:00\",\"dateModified\":\"2026-03-19T12:50:23+00:00\",\"breadcrumb\":{\"@id\":\"https:\/\/pablocarpintero.es\/producto\/tambor-do-rilo-de-betanzos-2\/#breadcrumb\"},\"inLanguage\":\"es\",\"potentialAction\":[{\"@type\":\"ReadAction\",\"target\":[\"https:\/\/pablocarpintero.es\/producto\/tambor-do-rilo-de-betanzos-2\/\"]}]},{\"@type\":\"ImageObject\",\"inLanguage\":\"es\",\"@id\":\"https:\/\/pablocarpintero.es\/producto\/tambor-do-rilo-de-betanzos-2\/#primaryimage\",\"url\":\"https:\/\/pablocarpintero.es\/wp-content\/uploads\/2021\/11\/O-Rilo-de-Betanzos-2.jpg\",\"contentUrl\":\"https:\/\/pablocarpintero.es\/wp-content\/uploads\/2021\/11\/O-Rilo-de-Betanzos-2.jpg\",\"width\":810,\"height\":1080},{\"@type\":\"BreadcrumbList\",\"@id\":\"https:\/\/pablocarpintero.es\/producto\/tambor-do-rilo-de-betanzos-2\/#breadcrumb\",\"itemListElement\":[{\"@type\":\"ListItem\",\"position\":1,\"name\":\"Portada\",\"item\":\"https:\/\/pablocarpintero.es\/inicio\/\"},{\"@type\":\"ListItem\",\"position\":2,\"name\":\"Tienda\",\"item\":\"https:\/\/pablocarpintero.es\/tienda\/\"},{\"@type\":\"ListItem\",\"position\":3,\"name\":\"Tambor do Rilo de Betanzos\"}]},{\"@type\":\"WebSite\",\"@id\":\"https:\/\/pablocarpintero.es\/#website\",\"url\":\"https:\/\/pablocarpintero.es\/\",\"name\":\"Pablo Carpintero\",\"description\":\"Otro sitio realizado con WordPress\",\"potentialAction\":[{\"@type\":\"SearchAction\",\"target\":{\"@type\":\"EntryPoint\",\"urlTemplate\":\"https:\/\/pablocarpintero.es\/?s={search_term_string}\"},\"query-input\":{\"@type\":\"PropertyValueSpecification\",\"valueRequired\":true,\"valueName\":\"search_term_string\"}}],\"inLanguage\":\"es\"}]}<\/script>\n<!-- \/ Yoast SEO plugin. -->","yoast_head_json":{"title":"Tambor do Rilo de Betanzos - Pablo Carpintero","robots":{"index":"index","follow":"follow","max-snippet":"max-snippet:-1","max-image-preview":"max-image-preview:large","max-video-preview":"max-video-preview:-1"},"canonical":"https:\/\/pablocarpintero.es\/es\/producto\/tambor-do-rilo-de-betanzos-2\/","og_locale":"es_ES","og_type":"article","og_title":"Tambor do Rilo de Betanzos - Pablo Carpintero","og_description":"R\u00e9plica do tambor do Vigo de Parada, o famoso tamboriteiro que acompa\u00f1aba ao Rilo de Betanzos. \u00c9 un tambor bastante pequeno, leva os bord\u00f3ns na pel de arriba e est\u00e1 dese\u00f1ado para seren tocado pendurado do pulso.","og_url":"https:\/\/pablocarpintero.es\/es\/producto\/tambor-do-rilo-de-betanzos-2\/","og_site_name":"Pablo Carpintero","article_modified_time":"2026-03-19T12:50:23+00:00","og_image":[{"width":810,"height":1080,"url":"https:\/\/pablocarpintero.es\/wp-content\/uploads\/2021\/11\/O-Rilo-de-Betanzos-2.jpg","type":"image\/jpeg"}],"twitter_card":"summary_large_image","twitter_misc":{"Tiempo de lectura":"1 minuto"},"schema":{"@context":"https:\/\/schema.org","@graph":[{"@type":"WebPage","@id":"https:\/\/pablocarpintero.es\/producto\/tambor-do-rilo-de-betanzos-2\/","url":"https:\/\/pablocarpintero.es\/producto\/tambor-do-rilo-de-betanzos-2\/","name":"Tambor do Rilo de Betanzos - Pablo Carpintero","isPartOf":{"@id":"https:\/\/pablocarpintero.es\/#website"},"primaryImageOfPage":{"@id":"https:\/\/pablocarpintero.es\/producto\/tambor-do-rilo-de-betanzos-2\/#primaryimage"},"image":{"@id":"https:\/\/pablocarpintero.es\/producto\/tambor-do-rilo-de-betanzos-2\/#primaryimage"},"thumbnailUrl":"https:\/\/pablocarpintero.es\/wp-content\/uploads\/2021\/11\/O-Rilo-de-Betanzos-2.jpg","datePublished":"2021-11-13T08:02:56+00:00","dateModified":"2026-03-19T12:50:23+00:00","breadcrumb":{"@id":"https:\/\/pablocarpintero.es\/producto\/tambor-do-rilo-de-betanzos-2\/#breadcrumb"},"inLanguage":"es","potentialAction":[{"@type":"ReadAction","target":["https:\/\/pablocarpintero.es\/producto\/tambor-do-rilo-de-betanzos-2\/"]}]},{"@type":"ImageObject","inLanguage":"es","@id":"https:\/\/pablocarpintero.es\/producto\/tambor-do-rilo-de-betanzos-2\/#primaryimage","url":"https:\/\/pablocarpintero.es\/wp-content\/uploads\/2021\/11\/O-Rilo-de-Betanzos-2.jpg","contentUrl":"https:\/\/pablocarpintero.es\/wp-content\/uploads\/2021\/11\/O-Rilo-de-Betanzos-2.jpg","width":810,"height":1080},{"@type":"BreadcrumbList","@id":"https:\/\/pablocarpintero.es\/producto\/tambor-do-rilo-de-betanzos-2\/#breadcrumb","itemListElement":[{"@type":"ListItem","position":1,"name":"Portada","item":"https:\/\/pablocarpintero.es\/inicio\/"},{"@type":"ListItem","position":2,"name":"Tienda","item":"https:\/\/pablocarpintero.es\/tienda\/"},{"@type":"ListItem","position":3,"name":"Tambor do Rilo de Betanzos"}]},{"@type":"WebSite","@id":"https:\/\/pablocarpintero.es\/#website","url":"https:\/\/pablocarpintero.es\/","name":"Pablo Carpintero","description":"Otro sitio realizado con WordPress","potentialAction":[{"@type":"SearchAction","target":{"@type":"EntryPoint","urlTemplate":"https:\/\/pablocarpintero.es\/?s={search_term_string}"},"query-input":{"@type":"PropertyValueSpecification","valueRequired":true,"valueName":"search_term_string"}}],"inLanguage":"es"}]}},"_links":{"self":[{"href":"https:\/\/pablocarpintero.es\/es\/wp-json\/wp\/v2\/product\/1101","targetHints":{"allow":["GET"]}}],"collection":[{"href":"https:\/\/pablocarpintero.es\/es\/wp-json\/wp\/v2\/product"}],"about":[{"href":"https:\/\/pablocarpintero.es\/es\/wp-json\/wp\/v2\/types\/product"}],"replies":[{"embeddable":true,"href":"https:\/\/pablocarpintero.es\/es\/wp-json\/wp\/v2\/comments?post=1101"}],"wp:featuredmedia":[{"embeddable":true,"href":"https:\/\/pablocarpintero.es\/es\/wp-json\/wp\/v2\/media\/1103"}],"wp:attachment":[{"href":"https:\/\/pablocarpintero.es\/es\/wp-json\/wp\/v2\/media?parent=1101"}],"wp:term":[{"taxonomy":"product_brand","embeddable":true,"href":"https:\/\/pablocarpintero.es\/es\/wp-json\/wp\/v2\/product_brand?post=1101"},{"taxonomy":"product_cat","embeddable":true,"href":"https:\/\/pablocarpintero.es\/es\/wp-json\/wp\/v2\/product_cat?post=1101"},{"taxonomy":"product_tag","embeddable":true,"href":"https:\/\/pablocarpintero.es\/es\/wp-json\/wp\/v2\/product_tag?post=1101"}],"curies":[{"name":"wp","href":"https:\/\/api.w.org\/{rel}","templated":true}]}}