{"id":1122,"date":"2021-11-13T11:05:28","date_gmt":"2021-11-13T11:05:28","guid":{"rendered":"https:\/\/pablocarpintero.es\/?post_type=product&#038;p=1122"},"modified":"2026-04-25T09:24:44","modified_gmt":"2026-04-25T09:24:44","slug":"apito","status":"publish","type":"product","link":"https:\/\/pablocarpintero.es\/es\/producto\/apito\/","title":{"rendered":"Chiflo de capador o afilador"},"content":{"rendered":"<p>Realizamos r\u00e9plicas de chiflos de afiladores o castradores, instrumentos casi olvidados pero con hermosas posibilidades musicales, ya que emiten una escala casi temperada completa, con tres notas por debajo de la t\u00f3nica. Estos originales est\u00e1n en Re mayor.\nTradicionalmente pod\u00edan llevar una cadena para colgarlo y no perderlo, como se puede ver en la fotograf\u00eda de Alan Lomax. Susi Gesto le puso una preciosa cadena de plata a la r\u00e9plica de este apito.<\/p>\n<p>Tradicionalmente pod\u00edan llevar una cadena para colgarlo y no perderlo, como se puede ver en la fotograf\u00eda de Alan Lomax. <a href=\"https:\/\/artesaniadegalicia.xunta.gal\/es\/talleres\/susi-gesto-ourive\">Susi Gesto<\/a> le puso una bonita cadea de plata a la r\u00e9plica de este chiflo.<\/p>\n<p>Tambi\u00e9n pod\u00edan llervar bocados de metal, como el que se conserva en el Museo de Pontevedra, un precioso instrumento con una cabeza muy trabajada, que tambi\u00e9n replicamos y que os mostramos en las fotograf\u00edas.<\/p>\n<p>Os damos el precio por la r\u00e9plica de un apito simple, sin cadena ni bocado, como el que aparece en la fotograf\u00eda y que corresponde a un chiflo de afilador original que compramos en Luintra (Ourense). Si quieres alguno de los otros modelos, cons\u00faltanos el precio.<\/p>","protected":false},"excerpt":{"rendered":"<p>Facemos r\u00e9plicas de apitos de afiador ou chifres de capador, instrumentos case esquecidos pero con bonitas posibilidades musicais, pois emiten unha escala case temperada completa con tres notas por debaixo da t\u00f3nica. Estes orixinais est\u00e1n en Re maior. Tradicionalmente pod\u00edan levar unha cade\u00ed\u00f1a para penduralo e non perdelo, como podes ver na fotograf\u00eda de Alan [&hellip;]<\/p>\n","protected":false},"featured_media":2000,"comment_status":"open","ping_status":"closed","template":"","meta":{"give_campaign_id":0,"_joinchat":[]},"product_brand":[],"product_cat":[18,19],"product_tag":[],"class_list":{"0":"post-1122","1":"product","2":"type-product","3":"status-publish","4":"has-post-thumbnail","6":"product_cat-instrumentos-musicales","7":"product_cat-outros-instrumentos","9":"first","10":"instock","11":"taxable","12":"shipping-taxable","13":"purchasable","14":"product-type-simple"},"yoast_head":"<!-- This site is optimized with the Yoast SEO plugin v27.2 - https:\/\/yoast.com\/product\/yoast-seo-wordpress\/ -->\n<title>Apito - Pablo Carpintero<\/title>\n<meta name=\"robots\" content=\"index, follow, max-snippet:-1, max-image-preview:large, max-video-preview:-1\" \/>\n<link rel=\"canonical\" href=\"https:\/\/pablocarpintero.es\/es\/producto\/apito\/\" \/>\n<meta property=\"og:locale\" content=\"es_ES\" \/>\n<meta property=\"og:type\" content=\"article\" \/>\n<meta property=\"og:title\" content=\"Apito - Pablo Carpintero\" \/>\n<meta property=\"og:description\" content=\"Facemos r\u00e9plicas de apitos de afiador ou chifres de capador, instrumentos case esquecidos pero con bonitas posibilidades musicais, pois emiten unha escala case temperada completa con tres notas por debaixo da t\u00f3nica. Estes orixinais est\u00e1n en Re maior. Tradicionalmente pod\u00edan levar unha cade\u00ed\u00f1a para penduralo e non perdelo, como podes ver na fotograf\u00eda de Alan [&hellip;]\" \/>\n<meta property=\"og:url\" content=\"https:\/\/pablocarpintero.es\/es\/producto\/apito\/\" \/>\n<meta property=\"og:site_name\" content=\"Pablo Carpintero\" \/>\n<meta property=\"article:modified_time\" content=\"2026-04-25T09:24:44+00:00\" \/>\n<meta property=\"og:image\" content=\"https:\/\/pablocarpintero.es\/wp-content\/uploads\/2021\/11\/Apitos-1.jpg\" \/>\n\t<meta property=\"og:image:width\" content=\"2005\" \/>\n\t<meta property=\"og:image:height\" content=\"1339\" \/>\n\t<meta property=\"og:image:type\" content=\"image\/jpeg\" \/>\n<meta name=\"twitter:card\" content=\"summary_large_image\" \/>\n<meta name=\"twitter:label1\" content=\"Tiempo de lectura\" \/>\n\t<meta name=\"twitter:data1\" content=\"1 minuto\" \/>\n<script type=\"application\/ld+json\" class=\"yoast-schema-graph\">{\"@context\":\"https:\/\/schema.org\",\"@graph\":[{\"@type\":\"WebPage\",\"@id\":\"https:\/\/pablocarpintero.es\/producto\/apito\/\",\"url\":\"https:\/\/pablocarpintero.es\/producto\/apito\/\",\"name\":\"Apito - Pablo Carpintero\",\"isPartOf\":{\"@id\":\"https:\/\/pablocarpintero.es\/#website\"},\"primaryImageOfPage\":{\"@id\":\"https:\/\/pablocarpintero.es\/producto\/apito\/#primaryimage\"},\"image\":{\"@id\":\"https:\/\/pablocarpintero.es\/producto\/apito\/#primaryimage\"},\"thumbnailUrl\":\"https:\/\/pablocarpintero.es\/wp-content\/uploads\/2021\/11\/Apitos-1.jpg\",\"datePublished\":\"2021-11-13T11:05:28+00:00\",\"dateModified\":\"2026-04-25T09:24:44+00:00\",\"breadcrumb\":{\"@id\":\"https:\/\/pablocarpintero.es\/producto\/apito\/#breadcrumb\"},\"inLanguage\":\"es\",\"potentialAction\":[{\"@type\":\"ReadAction\",\"target\":[\"https:\/\/pablocarpintero.es\/producto\/apito\/\"]}]},{\"@type\":\"ImageObject\",\"inLanguage\":\"es\",\"@id\":\"https:\/\/pablocarpintero.es\/producto\/apito\/#primaryimage\",\"url\":\"https:\/\/pablocarpintero.es\/wp-content\/uploads\/2021\/11\/Apitos-1.jpg\",\"contentUrl\":\"https:\/\/pablocarpintero.es\/wp-content\/uploads\/2021\/11\/Apitos-1.jpg\",\"width\":2005,\"height\":1339},{\"@type\":\"BreadcrumbList\",\"@id\":\"https:\/\/pablocarpintero.es\/producto\/apito\/#breadcrumb\",\"itemListElement\":[{\"@type\":\"ListItem\",\"position\":1,\"name\":\"Portada\",\"item\":\"https:\/\/pablocarpintero.es\/inicio\/\"},{\"@type\":\"ListItem\",\"position\":2,\"name\":\"Tienda\",\"item\":\"https:\/\/pablocarpintero.es\/tienda\/\"},{\"@type\":\"ListItem\",\"position\":3,\"name\":\"Apito\"}]},{\"@type\":\"WebSite\",\"@id\":\"https:\/\/pablocarpintero.es\/#website\",\"url\":\"https:\/\/pablocarpintero.es\/\",\"name\":\"Pablo Carpintero\",\"description\":\"Otro sitio realizado con WordPress\",\"potentialAction\":[{\"@type\":\"SearchAction\",\"target\":{\"@type\":\"EntryPoint\",\"urlTemplate\":\"https:\/\/pablocarpintero.es\/?s={search_term_string}\"},\"query-input\":{\"@type\":\"PropertyValueSpecification\",\"valueRequired\":true,\"valueName\":\"search_term_string\"}}],\"inLanguage\":\"es\"}]}<\/script>\n<!-- \/ Yoast SEO plugin. -->","yoast_head_json":{"title":"Apito - Pablo Carpintero","robots":{"index":"index","follow":"follow","max-snippet":"max-snippet:-1","max-image-preview":"max-image-preview:large","max-video-preview":"max-video-preview:-1"},"canonical":"https:\/\/pablocarpintero.es\/es\/producto\/apito\/","og_locale":"es_ES","og_type":"article","og_title":"Apito - Pablo Carpintero","og_description":"Facemos r\u00e9plicas de apitos de afiador ou chifres de capador, instrumentos case esquecidos pero con bonitas posibilidades musicais, pois emiten unha escala case temperada completa con tres notas por debaixo da t\u00f3nica. Estes orixinais est\u00e1n en Re maior. Tradicionalmente pod\u00edan levar unha cade\u00ed\u00f1a para penduralo e non perdelo, como podes ver na fotograf\u00eda de Alan [&hellip;]","og_url":"https:\/\/pablocarpintero.es\/es\/producto\/apito\/","og_site_name":"Pablo Carpintero","article_modified_time":"2026-04-25T09:24:44+00:00","og_image":[{"width":2005,"height":1339,"url":"https:\/\/pablocarpintero.es\/wp-content\/uploads\/2021\/11\/Apitos-1.jpg","type":"image\/jpeg"}],"twitter_card":"summary_large_image","twitter_misc":{"Tiempo de lectura":"1 minuto"},"schema":{"@context":"https:\/\/schema.org","@graph":[{"@type":"WebPage","@id":"https:\/\/pablocarpintero.es\/producto\/apito\/","url":"https:\/\/pablocarpintero.es\/producto\/apito\/","name":"Apito - Pablo Carpintero","isPartOf":{"@id":"https:\/\/pablocarpintero.es\/#website"},"primaryImageOfPage":{"@id":"https:\/\/pablocarpintero.es\/producto\/apito\/#primaryimage"},"image":{"@id":"https:\/\/pablocarpintero.es\/producto\/apito\/#primaryimage"},"thumbnailUrl":"https:\/\/pablocarpintero.es\/wp-content\/uploads\/2021\/11\/Apitos-1.jpg","datePublished":"2021-11-13T11:05:28+00:00","dateModified":"2026-04-25T09:24:44+00:00","breadcrumb":{"@id":"https:\/\/pablocarpintero.es\/producto\/apito\/#breadcrumb"},"inLanguage":"es","potentialAction":[{"@type":"ReadAction","target":["https:\/\/pablocarpintero.es\/producto\/apito\/"]}]},{"@type":"ImageObject","inLanguage":"es","@id":"https:\/\/pablocarpintero.es\/producto\/apito\/#primaryimage","url":"https:\/\/pablocarpintero.es\/wp-content\/uploads\/2021\/11\/Apitos-1.jpg","contentUrl":"https:\/\/pablocarpintero.es\/wp-content\/uploads\/2021\/11\/Apitos-1.jpg","width":2005,"height":1339},{"@type":"BreadcrumbList","@id":"https:\/\/pablocarpintero.es\/producto\/apito\/#breadcrumb","itemListElement":[{"@type":"ListItem","position":1,"name":"Portada","item":"https:\/\/pablocarpintero.es\/inicio\/"},{"@type":"ListItem","position":2,"name":"Tienda","item":"https:\/\/pablocarpintero.es\/tienda\/"},{"@type":"ListItem","position":3,"name":"Apito"}]},{"@type":"WebSite","@id":"https:\/\/pablocarpintero.es\/#website","url":"https:\/\/pablocarpintero.es\/","name":"Pablo Carpintero","description":"Otro sitio realizado con WordPress","potentialAction":[{"@type":"SearchAction","target":{"@type":"EntryPoint","urlTemplate":"https:\/\/pablocarpintero.es\/?s={search_term_string}"},"query-input":{"@type":"PropertyValueSpecification","valueRequired":true,"valueName":"search_term_string"}}],"inLanguage":"es"}]}},"_links":{"self":[{"href":"https:\/\/pablocarpintero.es\/es\/wp-json\/wp\/v2\/product\/1122","targetHints":{"allow":["GET"]}}],"collection":[{"href":"https:\/\/pablocarpintero.es\/es\/wp-json\/wp\/v2\/product"}],"about":[{"href":"https:\/\/pablocarpintero.es\/es\/wp-json\/wp\/v2\/types\/product"}],"replies":[{"embeddable":true,"href":"https:\/\/pablocarpintero.es\/es\/wp-json\/wp\/v2\/comments?post=1122"}],"wp:featuredmedia":[{"embeddable":true,"href":"https:\/\/pablocarpintero.es\/es\/wp-json\/wp\/v2\/media\/2000"}],"wp:attachment":[{"href":"https:\/\/pablocarpintero.es\/es\/wp-json\/wp\/v2\/media?parent=1122"}],"wp:term":[{"taxonomy":"product_brand","embeddable":true,"href":"https:\/\/pablocarpintero.es\/es\/wp-json\/wp\/v2\/product_brand?post=1122"},{"taxonomy":"product_cat","embeddable":true,"href":"https:\/\/pablocarpintero.es\/es\/wp-json\/wp\/v2\/product_cat?post=1122"},{"taxonomy":"product_tag","embeddable":true,"href":"https:\/\/pablocarpintero.es\/es\/wp-json\/wp\/v2\/product_tag?post=1122"}],"curies":[{"name":"wp","href":"https:\/\/api.w.org\/{rel}","templated":true}]}}