{"id":1127,"date":"2021-11-13T11:13:59","date_gmt":"2021-11-13T11:13:59","guid":{"rendered":"https:\/\/pablocarpintero.es\/?post_type=product&#038;p=1127"},"modified":"2021-11-13T11:16:15","modified_gmt":"2021-11-13T11:16:15","slug":"castanolas","status":"publish","type":"product","link":"https:\/\/pablocarpintero.es\/es\/producto\/castanolas\/","title":{"rendered":"Casta\u00f1uelas"},"content":{"rendered":"<p>Hacemos r\u00e9plicas de cualquier casta\u00f1uela antigua e incluso podemos envejecer la madera como puedes ver en la fotograf\u00eda.<\/p>\n<p>&nbsp;<\/p>\n<p class=\"p1\"><strong>Compra por encargo<\/strong><\/p>\n<p class=\"p1\">Debido \u00e1s caracter\u00edsticas das r\u00e9plicas, estas non te\u00f1en un prezo fixo asignado que depender\u00e1 do tipo de madeira, do tama\u00f1o e da talla que te\u00f1an as orixinais. Consulta con n\u00f3s para saber m\u00e1is.<\/p>\n<div  class='avia-button-wrap av-7w2e1-2cfff7366207172118f91cc6d7012c90-wrap avia-button-center  avia-builder-el-0  avia-builder-el-no-sibling'><a href='https:\/\/pablocarpintero.es\/es\/contactar\/'  class='avia-button av-7w2e1-2cfff7366207172118f91cc6d7012c90 avia-icon_select-yes-left-icon avia-size-small avia-position-center avia-color-theme-color'  ><span class='avia_button_icon avia_button_icon_left' aria-hidden='true' data-av_icon='\ue81f' data-av_iconfont='entypo-fontello'><\/span><span class='avia_iconbox_title' >Solicita informaci\u00f3n de precios<\/span><\/a><\/div>","protected":false},"excerpt":{"rendered":"<p>Facemos r\u00e9plicas de calquera casta\u00f1ola antiga podendo incluso envellecer a madeira como na fotograf\u00eda. &nbsp; Compra por encomenda Debido \u00e1s caracter\u00edsticas das r\u00e9plicas, estas non te\u00f1en un prezo fixo asignado que depender\u00e1 do tipo de madeira, do tama\u00f1o e da talla que te\u00f1an as orixinais. Consulta con n\u00f3s para saber m\u00e1is.<\/p>","protected":false},"featured_media":1128,"comment_status":"open","ping_status":"closed","template":"","meta":{"give_campaign_id":0,"_joinchat":[]},"product_brand":[],"product_cat":[18,19],"product_tag":[],"class_list":{"0":"post-1127","1":"product","2":"type-product","3":"status-publish","4":"has-post-thumbnail","6":"product_cat-instrumentos-musicales","7":"product_cat-outros-instrumentos","9":"first","10":"instock","11":"taxable","12":"shipping-taxable","13":"product-type-simple"},"yoast_head":"<!-- This site is optimized with the Yoast SEO plugin v27.2 - https:\/\/yoast.com\/product\/yoast-seo-wordpress\/ -->\n<title>Casta\u00f1olas - Pablo Carpintero<\/title>\n<meta name=\"robots\" content=\"index, follow, max-snippet:-1, max-image-preview:large, max-video-preview:-1\" \/>\n<link rel=\"canonical\" href=\"https:\/\/pablocarpintero.es\/es\/producto\/castanolas\/\" \/>\n<meta property=\"og:locale\" content=\"es_ES\" \/>\n<meta property=\"og:type\" content=\"article\" \/>\n<meta property=\"og:title\" content=\"Casta\u00f1olas - Pablo Carpintero\" \/>\n<meta property=\"og:description\" content=\"Facemos r\u00e9plicas de calquera casta\u00f1ola antiga podendo incluso envellecer a madeira como na fotograf\u00eda. &nbsp; Compra por encomenda Debido \u00e1s caracter\u00edsticas das r\u00e9plicas, estas non te\u00f1en un prezo fixo asignado que depender\u00e1 do tipo de madeira, do tama\u00f1o e da talla que te\u00f1an as orixinais. Consulta con n\u00f3s para saber m\u00e1is.\" \/>\n<meta property=\"og:url\" content=\"https:\/\/pablocarpintero.es\/es\/producto\/castanolas\/\" \/>\n<meta property=\"og:site_name\" content=\"Pablo Carpintero\" \/>\n<meta property=\"article:modified_time\" content=\"2021-11-13T11:16:15+00:00\" \/>\n<meta property=\"og:image\" content=\"https:\/\/pablocarpintero.es\/wp-content\/uploads\/2021\/11\/L_004734.jpg\" \/>\n\t<meta property=\"og:image:width\" content=\"1723\" \/>\n\t<meta property=\"og:image:height\" content=\"1290\" \/>\n\t<meta property=\"og:image:type\" content=\"image\/jpeg\" \/>\n<meta name=\"twitter:card\" content=\"summary_large_image\" \/>\n<meta name=\"twitter:label1\" content=\"Tiempo de lectura\" \/>\n\t<meta name=\"twitter:data1\" content=\"1 minuto\" \/>\n<script type=\"application\/ld+json\" class=\"yoast-schema-graph\">{\"@context\":\"https:\/\/schema.org\",\"@graph\":[{\"@type\":\"WebPage\",\"@id\":\"https:\/\/pablocarpintero.es\/producto\/castanolas\/\",\"url\":\"https:\/\/pablocarpintero.es\/producto\/castanolas\/\",\"name\":\"Casta\u00f1olas - Pablo Carpintero\",\"isPartOf\":{\"@id\":\"https:\/\/pablocarpintero.es\/#website\"},\"primaryImageOfPage\":{\"@id\":\"https:\/\/pablocarpintero.es\/producto\/castanolas\/#primaryimage\"},\"image\":{\"@id\":\"https:\/\/pablocarpintero.es\/producto\/castanolas\/#primaryimage\"},\"thumbnailUrl\":\"https:\/\/pablocarpintero.es\/wp-content\/uploads\/2021\/11\/L_004734.jpg\",\"datePublished\":\"2021-11-13T11:13:59+00:00\",\"dateModified\":\"2021-11-13T11:16:15+00:00\",\"breadcrumb\":{\"@id\":\"https:\/\/pablocarpintero.es\/producto\/castanolas\/#breadcrumb\"},\"inLanguage\":\"es\",\"potentialAction\":[{\"@type\":\"ReadAction\",\"target\":[\"https:\/\/pablocarpintero.es\/producto\/castanolas\/\"]}]},{\"@type\":\"ImageObject\",\"inLanguage\":\"es\",\"@id\":\"https:\/\/pablocarpintero.es\/producto\/castanolas\/#primaryimage\",\"url\":\"https:\/\/pablocarpintero.es\/wp-content\/uploads\/2021\/11\/L_004734.jpg\",\"contentUrl\":\"https:\/\/pablocarpintero.es\/wp-content\/uploads\/2021\/11\/L_004734.jpg\",\"width\":1723,\"height\":1290},{\"@type\":\"BreadcrumbList\",\"@id\":\"https:\/\/pablocarpintero.es\/producto\/castanolas\/#breadcrumb\",\"itemListElement\":[{\"@type\":\"ListItem\",\"position\":1,\"name\":\"Portada\",\"item\":\"https:\/\/pablocarpintero.es\/inicio\/\"},{\"@type\":\"ListItem\",\"position\":2,\"name\":\"Tienda\",\"item\":\"https:\/\/pablocarpintero.es\/tienda\/\"},{\"@type\":\"ListItem\",\"position\":3,\"name\":\"Casta\u00f1olas\"}]},{\"@type\":\"WebSite\",\"@id\":\"https:\/\/pablocarpintero.es\/#website\",\"url\":\"https:\/\/pablocarpintero.es\/\",\"name\":\"Pablo Carpintero\",\"description\":\"Otro sitio realizado con WordPress\",\"potentialAction\":[{\"@type\":\"SearchAction\",\"target\":{\"@type\":\"EntryPoint\",\"urlTemplate\":\"https:\/\/pablocarpintero.es\/?s={search_term_string}\"},\"query-input\":{\"@type\":\"PropertyValueSpecification\",\"valueRequired\":true,\"valueName\":\"search_term_string\"}}],\"inLanguage\":\"es\"}]}<\/script>\n<!-- \/ Yoast SEO plugin. -->","yoast_head_json":{"title":"Casta\u00f1olas - Pablo Carpintero","robots":{"index":"index","follow":"follow","max-snippet":"max-snippet:-1","max-image-preview":"max-image-preview:large","max-video-preview":"max-video-preview:-1"},"canonical":"https:\/\/pablocarpintero.es\/es\/producto\/castanolas\/","og_locale":"es_ES","og_type":"article","og_title":"Casta\u00f1olas - Pablo Carpintero","og_description":"Facemos r\u00e9plicas de calquera casta\u00f1ola antiga podendo incluso envellecer a madeira como na fotograf\u00eda. &nbsp; Compra por encomenda Debido \u00e1s caracter\u00edsticas das r\u00e9plicas, estas non te\u00f1en un prezo fixo asignado que depender\u00e1 do tipo de madeira, do tama\u00f1o e da talla que te\u00f1an as orixinais. Consulta con n\u00f3s para saber m\u00e1is.","og_url":"https:\/\/pablocarpintero.es\/es\/producto\/castanolas\/","og_site_name":"Pablo Carpintero","article_modified_time":"2021-11-13T11:16:15+00:00","og_image":[{"width":1723,"height":1290,"url":"https:\/\/pablocarpintero.es\/wp-content\/uploads\/2021\/11\/L_004734.jpg","type":"image\/jpeg"}],"twitter_card":"summary_large_image","twitter_misc":{"Tiempo de lectura":"1 minuto"},"schema":{"@context":"https:\/\/schema.org","@graph":[{"@type":"WebPage","@id":"https:\/\/pablocarpintero.es\/producto\/castanolas\/","url":"https:\/\/pablocarpintero.es\/producto\/castanolas\/","name":"Casta\u00f1olas - Pablo Carpintero","isPartOf":{"@id":"https:\/\/pablocarpintero.es\/#website"},"primaryImageOfPage":{"@id":"https:\/\/pablocarpintero.es\/producto\/castanolas\/#primaryimage"},"image":{"@id":"https:\/\/pablocarpintero.es\/producto\/castanolas\/#primaryimage"},"thumbnailUrl":"https:\/\/pablocarpintero.es\/wp-content\/uploads\/2021\/11\/L_004734.jpg","datePublished":"2021-11-13T11:13:59+00:00","dateModified":"2021-11-13T11:16:15+00:00","breadcrumb":{"@id":"https:\/\/pablocarpintero.es\/producto\/castanolas\/#breadcrumb"},"inLanguage":"es","potentialAction":[{"@type":"ReadAction","target":["https:\/\/pablocarpintero.es\/producto\/castanolas\/"]}]},{"@type":"ImageObject","inLanguage":"es","@id":"https:\/\/pablocarpintero.es\/producto\/castanolas\/#primaryimage","url":"https:\/\/pablocarpintero.es\/wp-content\/uploads\/2021\/11\/L_004734.jpg","contentUrl":"https:\/\/pablocarpintero.es\/wp-content\/uploads\/2021\/11\/L_004734.jpg","width":1723,"height":1290},{"@type":"BreadcrumbList","@id":"https:\/\/pablocarpintero.es\/producto\/castanolas\/#breadcrumb","itemListElement":[{"@type":"ListItem","position":1,"name":"Portada","item":"https:\/\/pablocarpintero.es\/inicio\/"},{"@type":"ListItem","position":2,"name":"Tienda","item":"https:\/\/pablocarpintero.es\/tienda\/"},{"@type":"ListItem","position":3,"name":"Casta\u00f1olas"}]},{"@type":"WebSite","@id":"https:\/\/pablocarpintero.es\/#website","url":"https:\/\/pablocarpintero.es\/","name":"Pablo Carpintero","description":"Otro sitio realizado con WordPress","potentialAction":[{"@type":"SearchAction","target":{"@type":"EntryPoint","urlTemplate":"https:\/\/pablocarpintero.es\/?s={search_term_string}"},"query-input":{"@type":"PropertyValueSpecification","valueRequired":true,"valueName":"search_term_string"}}],"inLanguage":"es"}]}},"_links":{"self":[{"href":"https:\/\/pablocarpintero.es\/es\/wp-json\/wp\/v2\/product\/1127","targetHints":{"allow":["GET"]}}],"collection":[{"href":"https:\/\/pablocarpintero.es\/es\/wp-json\/wp\/v2\/product"}],"about":[{"href":"https:\/\/pablocarpintero.es\/es\/wp-json\/wp\/v2\/types\/product"}],"replies":[{"embeddable":true,"href":"https:\/\/pablocarpintero.es\/es\/wp-json\/wp\/v2\/comments?post=1127"}],"wp:featuredmedia":[{"embeddable":true,"href":"https:\/\/pablocarpintero.es\/es\/wp-json\/wp\/v2\/media\/1128"}],"wp:attachment":[{"href":"https:\/\/pablocarpintero.es\/es\/wp-json\/wp\/v2\/media?parent=1127"}],"wp:term":[{"taxonomy":"product_brand","embeddable":true,"href":"https:\/\/pablocarpintero.es\/es\/wp-json\/wp\/v2\/product_brand?post=1127"},{"taxonomy":"product_cat","embeddable":true,"href":"https:\/\/pablocarpintero.es\/es\/wp-json\/wp\/v2\/product_cat?post=1127"},{"taxonomy":"product_tag","embeddable":true,"href":"https:\/\/pablocarpintero.es\/es\/wp-json\/wp\/v2\/product_tag?post=1127"}],"curies":[{"name":"wp","href":"https:\/\/api.w.org\/{rel}","templated":true}]}}