{"id":1130,"date":"2021-11-13T11:20:24","date_gmt":"2021-11-13T11:20:24","guid":{"rendered":"https:\/\/pablocarpintero.es\/?post_type=product&#038;p=1130"},"modified":"2021-11-13T11:20:24","modified_gmt":"2021-11-13T11:20:24","slug":"pitos-de-cabreiro","status":"publish","type":"product","link":"https:\/\/pablocarpintero.es\/es\/producto\/pitos-de-cabreiro\/","title":{"rendered":"Pitos de cabrero"},"content":{"rendered":"<p>Lospitos de cabrero eran instrumentos musicales que usaban los pastores para pasar el tiempo en el monte. Se fabricaban con cuernos de cabra. Son flautas de bisel abiertas que tienen un bonito sonido y una gran extensi\u00f3n. No las fabricamos en un tono espec\u00edfico.<\/p>\n<p>&nbsp;<\/p>\n<p>En este v\u00eddeo puedes escuchar un pito cabrero junto con otros instrumentos hechos con cuernos de cabra:<\/p>\n<p>&nbsp;<\/p>\n<div  class='avia-video av-10w16-641dde593da1198d3181f606323eb17a avia-video-16-9 av-no-preview-image avia-video-load-always av-lazyload-immediate av-lazyload-video-embed'  itemprop=\"video\" itemtype=\"https:\/\/schema.org\/VideoObject\"  data-original_url='https:\/\/www.youtube.com\/watch?v=OYRQ332IFbg&amp;t=343s'><script type='text\/html' class='av-video-tmpl'><div class='avia-iframe-wrap'><iframe loading=\"lazy\" title=\"MUSICA E EVOLUCI\u00d3N- Galego- Rosa S\u00e1nchez e Pablo Carpintero.\" width=\"1500\" height=\"844\" src=\"https:\/\/www.youtube.com\/embed\/OYRQ332IFbg?start=343&feature=oembed&autoplay=0&loop=0&controls=1&mute=0\" frameborder=\"0\" allow=\"accelerometer; autoplay; clipboard-write; encrypted-media; gyroscope; picture-in-picture\" allowfullscreen><\/iframe><\/div><\/script><div class='av-click-to-play-overlay'><div class=\"avia_playpause_icon\"><\/div><\/div><\/div>","protected":false},"excerpt":{"rendered":"<p>Os pitos de cabreiro eran instrumentos musicais que empregaban os pastores para pasar o tempo no monte. Fac\u00edanse usando cornos de cabra. Son frautas de bisel abertas que te\u00f1en un estupendo son e unha grande extensi\u00f3n. Non se fabrican nun ton concreto. &nbsp; Neste v\u00eddeo podes escoitar un pito de cabreiro. &nbsp;<\/p>","protected":false},"featured_media":1131,"comment_status":"open","ping_status":"closed","template":"","meta":{"give_campaign_id":0,"_joinchat":[]},"product_brand":[],"product_cat":[18,19],"product_tag":[],"class_list":{"0":"post-1130","1":"product","2":"type-product","3":"status-publish","4":"has-post-thumbnail","6":"product_cat-instrumentos-musicales","7":"product_cat-outros-instrumentos","9":"first","10":"instock","11":"taxable","12":"shipping-taxable","13":"purchasable","14":"product-type-simple"},"yoast_head":"<!-- This site is optimized with the Yoast SEO plugin v27.2 - https:\/\/yoast.com\/product\/yoast-seo-wordpress\/ -->\n<title>Pitos de cabreiro - Pablo Carpintero<\/title>\n<meta name=\"robots\" content=\"index, follow, max-snippet:-1, max-image-preview:large, max-video-preview:-1\" \/>\n<link rel=\"canonical\" href=\"https:\/\/pablocarpintero.es\/es\/producto\/pitos-de-cabreiro\/\" \/>\n<meta property=\"og:locale\" content=\"es_ES\" \/>\n<meta property=\"og:type\" content=\"article\" \/>\n<meta property=\"og:title\" content=\"Pitos de cabreiro - Pablo Carpintero\" \/>\n<meta property=\"og:description\" content=\"Os pitos de cabreiro eran instrumentos musicais que empregaban os pastores para pasar o tempo no monte. Fac\u00edanse usando cornos de cabra. Son frautas de bisel abertas que te\u00f1en un estupendo son e unha grande extensi\u00f3n. Non se fabrican nun ton concreto. &nbsp; Neste v\u00eddeo podes escoitar un pito de cabreiro. &nbsp;\" \/>\n<meta property=\"og:url\" content=\"https:\/\/pablocarpintero.es\/es\/producto\/pitos-de-cabreiro\/\" \/>\n<meta property=\"og:site_name\" content=\"Pablo Carpintero\" \/>\n<meta property=\"og:image\" content=\"https:\/\/pablocarpintero.es\/wp-content\/uploads\/2021\/11\/L_004862.jpg\" \/>\n\t<meta property=\"og:image:width\" content=\"1723\" \/>\n\t<meta property=\"og:image:height\" content=\"2300\" \/>\n\t<meta property=\"og:image:type\" content=\"image\/jpeg\" \/>\n<meta name=\"twitter:card\" content=\"summary_large_image\" \/>\n<meta name=\"twitter:label1\" content=\"Tiempo de lectura\" \/>\n\t<meta name=\"twitter:data1\" content=\"1 minuto\" \/>\n<script type=\"application\/ld+json\" class=\"yoast-schema-graph\">{\"@context\":\"https:\/\/schema.org\",\"@graph\":[{\"@type\":\"WebPage\",\"@id\":\"https:\/\/pablocarpintero.es\/producto\/pitos-de-cabreiro\/\",\"url\":\"https:\/\/pablocarpintero.es\/producto\/pitos-de-cabreiro\/\",\"name\":\"Pitos de cabreiro - Pablo Carpintero\",\"isPartOf\":{\"@id\":\"https:\/\/pablocarpintero.es\/#website\"},\"primaryImageOfPage\":{\"@id\":\"https:\/\/pablocarpintero.es\/producto\/pitos-de-cabreiro\/#primaryimage\"},\"image\":{\"@id\":\"https:\/\/pablocarpintero.es\/producto\/pitos-de-cabreiro\/#primaryimage\"},\"thumbnailUrl\":\"https:\/\/pablocarpintero.es\/wp-content\/uploads\/2021\/11\/L_004862.jpg\",\"datePublished\":\"2021-11-13T11:20:24+00:00\",\"breadcrumb\":{\"@id\":\"https:\/\/pablocarpintero.es\/producto\/pitos-de-cabreiro\/#breadcrumb\"},\"inLanguage\":\"es\",\"potentialAction\":[{\"@type\":\"ReadAction\",\"target\":[\"https:\/\/pablocarpintero.es\/producto\/pitos-de-cabreiro\/\"]}]},{\"@type\":\"ImageObject\",\"inLanguage\":\"es\",\"@id\":\"https:\/\/pablocarpintero.es\/producto\/pitos-de-cabreiro\/#primaryimage\",\"url\":\"https:\/\/pablocarpintero.es\/wp-content\/uploads\/2021\/11\/L_004862.jpg\",\"contentUrl\":\"https:\/\/pablocarpintero.es\/wp-content\/uploads\/2021\/11\/L_004862.jpg\",\"width\":1723,\"height\":2300},{\"@type\":\"BreadcrumbList\",\"@id\":\"https:\/\/pablocarpintero.es\/producto\/pitos-de-cabreiro\/#breadcrumb\",\"itemListElement\":[{\"@type\":\"ListItem\",\"position\":1,\"name\":\"Portada\",\"item\":\"https:\/\/pablocarpintero.es\/inicio\/\"},{\"@type\":\"ListItem\",\"position\":2,\"name\":\"Tienda\",\"item\":\"https:\/\/pablocarpintero.es\/tienda\/\"},{\"@type\":\"ListItem\",\"position\":3,\"name\":\"Pitos de cabreiro\"}]},{\"@type\":\"WebSite\",\"@id\":\"https:\/\/pablocarpintero.es\/#website\",\"url\":\"https:\/\/pablocarpintero.es\/\",\"name\":\"Pablo Carpintero\",\"description\":\"Otro sitio realizado con WordPress\",\"potentialAction\":[{\"@type\":\"SearchAction\",\"target\":{\"@type\":\"EntryPoint\",\"urlTemplate\":\"https:\/\/pablocarpintero.es\/?s={search_term_string}\"},\"query-input\":{\"@type\":\"PropertyValueSpecification\",\"valueRequired\":true,\"valueName\":\"search_term_string\"}}],\"inLanguage\":\"es\"}]}<\/script>\n<!-- \/ Yoast SEO plugin. -->","yoast_head_json":{"title":"Pitos de cabreiro - Pablo Carpintero","robots":{"index":"index","follow":"follow","max-snippet":"max-snippet:-1","max-image-preview":"max-image-preview:large","max-video-preview":"max-video-preview:-1"},"canonical":"https:\/\/pablocarpintero.es\/es\/producto\/pitos-de-cabreiro\/","og_locale":"es_ES","og_type":"article","og_title":"Pitos de cabreiro - Pablo Carpintero","og_description":"Os pitos de cabreiro eran instrumentos musicais que empregaban os pastores para pasar o tempo no monte. Fac\u00edanse usando cornos de cabra. Son frautas de bisel abertas que te\u00f1en un estupendo son e unha grande extensi\u00f3n. Non se fabrican nun ton concreto. &nbsp; Neste v\u00eddeo podes escoitar un pito de cabreiro. &nbsp;","og_url":"https:\/\/pablocarpintero.es\/es\/producto\/pitos-de-cabreiro\/","og_site_name":"Pablo Carpintero","og_image":[{"width":1723,"height":2300,"url":"https:\/\/pablocarpintero.es\/wp-content\/uploads\/2021\/11\/L_004862.jpg","type":"image\/jpeg"}],"twitter_card":"summary_large_image","twitter_misc":{"Tiempo de lectura":"1 minuto"},"schema":{"@context":"https:\/\/schema.org","@graph":[{"@type":"WebPage","@id":"https:\/\/pablocarpintero.es\/producto\/pitos-de-cabreiro\/","url":"https:\/\/pablocarpintero.es\/producto\/pitos-de-cabreiro\/","name":"Pitos de cabreiro - Pablo Carpintero","isPartOf":{"@id":"https:\/\/pablocarpintero.es\/#website"},"primaryImageOfPage":{"@id":"https:\/\/pablocarpintero.es\/producto\/pitos-de-cabreiro\/#primaryimage"},"image":{"@id":"https:\/\/pablocarpintero.es\/producto\/pitos-de-cabreiro\/#primaryimage"},"thumbnailUrl":"https:\/\/pablocarpintero.es\/wp-content\/uploads\/2021\/11\/L_004862.jpg","datePublished":"2021-11-13T11:20:24+00:00","breadcrumb":{"@id":"https:\/\/pablocarpintero.es\/producto\/pitos-de-cabreiro\/#breadcrumb"},"inLanguage":"es","potentialAction":[{"@type":"ReadAction","target":["https:\/\/pablocarpintero.es\/producto\/pitos-de-cabreiro\/"]}]},{"@type":"ImageObject","inLanguage":"es","@id":"https:\/\/pablocarpintero.es\/producto\/pitos-de-cabreiro\/#primaryimage","url":"https:\/\/pablocarpintero.es\/wp-content\/uploads\/2021\/11\/L_004862.jpg","contentUrl":"https:\/\/pablocarpintero.es\/wp-content\/uploads\/2021\/11\/L_004862.jpg","width":1723,"height":2300},{"@type":"BreadcrumbList","@id":"https:\/\/pablocarpintero.es\/producto\/pitos-de-cabreiro\/#breadcrumb","itemListElement":[{"@type":"ListItem","position":1,"name":"Portada","item":"https:\/\/pablocarpintero.es\/inicio\/"},{"@type":"ListItem","position":2,"name":"Tienda","item":"https:\/\/pablocarpintero.es\/tienda\/"},{"@type":"ListItem","position":3,"name":"Pitos de cabreiro"}]},{"@type":"WebSite","@id":"https:\/\/pablocarpintero.es\/#website","url":"https:\/\/pablocarpintero.es\/","name":"Pablo Carpintero","description":"Otro sitio realizado con WordPress","potentialAction":[{"@type":"SearchAction","target":{"@type":"EntryPoint","urlTemplate":"https:\/\/pablocarpintero.es\/?s={search_term_string}"},"query-input":{"@type":"PropertyValueSpecification","valueRequired":true,"valueName":"search_term_string"}}],"inLanguage":"es"}]}},"_links":{"self":[{"href":"https:\/\/pablocarpintero.es\/es\/wp-json\/wp\/v2\/product\/1130","targetHints":{"allow":["GET"]}}],"collection":[{"href":"https:\/\/pablocarpintero.es\/es\/wp-json\/wp\/v2\/product"}],"about":[{"href":"https:\/\/pablocarpintero.es\/es\/wp-json\/wp\/v2\/types\/product"}],"replies":[{"embeddable":true,"href":"https:\/\/pablocarpintero.es\/es\/wp-json\/wp\/v2\/comments?post=1130"}],"wp:featuredmedia":[{"embeddable":true,"href":"https:\/\/pablocarpintero.es\/es\/wp-json\/wp\/v2\/media\/1131"}],"wp:attachment":[{"href":"https:\/\/pablocarpintero.es\/es\/wp-json\/wp\/v2\/media?parent=1130"}],"wp:term":[{"taxonomy":"product_brand","embeddable":true,"href":"https:\/\/pablocarpintero.es\/es\/wp-json\/wp\/v2\/product_brand?post=1130"},{"taxonomy":"product_cat","embeddable":true,"href":"https:\/\/pablocarpintero.es\/es\/wp-json\/wp\/v2\/product_cat?post=1130"},{"taxonomy":"product_tag","embeddable":true,"href":"https:\/\/pablocarpintero.es\/es\/wp-json\/wp\/v2\/product_tag?post=1130"}],"curies":[{"name":"wp","href":"https:\/\/api.w.org\/{rel}","templated":true}]}}