{"id":1165,"date":"2021-11-13T15:55:42","date_gmt":"2021-11-13T15:55:42","guid":{"rendered":"https:\/\/pablocarpintero.es\/?post_type=product&#038;p=1165"},"modified":"2023-05-28T19:51:56","modified_gmt":"2023-05-28T19:51:56","slug":"a-requinta-de-xian","status":"publish","type":"product","link":"https:\/\/pablocarpintero.es\/es\/producto\/a-requinta-de-xian\/","title":{"rendered":"A Requinta de Xi\u00e1n"},"content":{"rendered":"<p>Seguimos actuando con este grupo despu\u00e9s de m\u00e1s de veinte a\u00f1os de trabajo. Nuestro objetivo siempre ha sido recuperar el sonido m\u00e1s tradicional de los grupos requinteiros de la comarca del Ulla y estudiar y conservar sus instrumentos musicales, de ah\u00ed que durante m\u00e1s de diez a\u00f1os trabaj\u00e1semos en el campo para documentar m\u00e1s de treinta <a href=\"https:\/\/pablocarpintero.es\/es\/instrumentos-musicais\/frautas-pinfanos-e-requintas\/\">requintas<\/a> antiguas, de las cuales te ofrecemos copias, y para grabar a todos los requinteiros que vivieron en esta zona. Tienes todas las grabaciones que realizamos a tu disposici\u00f3n en nuestro <a href=\"https:\/\/pablocarpintero.es\/es\/arquivo-etnografico\/\">archivo etnogr\u00e1fico<\/a>. El resultado de todo este trabajo han sido dos discos, que pod\u00e9is conseguir en el apartado de <a href=\"https:\/\/pablocarpintero.es\/es\/discografia\/\">discograf\u00eda<\/a>, y la redacci\u00f3n de un trabajo de investigaci\u00f3n que nos vali\u00f3 el premio Marqu\u00e9s de Lozoya del Ministerio de Cultura, cuyo resumen pod\u00e9is leer en el apartado de <a href=\"https:\/\/pablocarpintero.es\/es\/bibliografia\/\">bibliograf\u00eda<\/a>.<\/p>\n<p>Si te apetece contratarnos y escuchar estas m\u00fasicas cont\u00e1ctanos <a href=\"https:\/\/pablocarpintero.es\/es\/contactar\/\">aqu\u00ed<\/a>.<\/p>\n<p>Aqu\u00ed tienes el programa que nos dedicaron en la Televisi\u00f3n de Galicia dentro del programa Alal\u00e1:<\/p>\n<p>&nbsp;<\/p>\n<div  class='avia-video av-4fqu7x-b1c50397fc85c94ff6dd05c849e370da avia-video-16-9 av-no-preview-image avia-video-load-always av-lazyload-immediate av-lazyload-video-embed'  itemprop=\"video\" itemtype=\"https:\/\/schema.org\/VideoObject\"  data-original_url='https:\/\/www.youtube.com\/watch?v=-0d_FRgjhF8'><script type='text\/html' class='av-video-tmpl'><div class='avia-iframe-wrap'><iframe loading=\"lazy\" title=\"Alal\u00e1 n\u00ba 57 &quot;A Requinta de Xi\u00e1n&quot; - TVG\" width=\"1333\" height=\"1000\" src=\"https:\/\/www.youtube.com\/embed\/-0d_FRgjhF8?feature=oembed&autoplay=0&loop=0&controls=1&mute=0\" frameborder=\"0\" allow=\"accelerometer; autoplay; clipboard-write; encrypted-media; gyroscope; picture-in-picture\" allowfullscreen><\/iframe><\/div><\/script><div class='av-click-to-play-overlay'><div class=\"avia_playpause_icon\"><\/div><\/div><\/div>\n<p>&nbsp;<\/p>\n<p>Tambi\u00e9n las m\u00fasicas completas que grabamos para ese mismo programa:<\/p>\n<p>&nbsp;<\/p>\n<div  class='avia-video av-24bsnh-55b29e334b595f47e2fcfb07e6a30109 avia-video-16-9 av-no-preview-image avia-video-load-always av-lazyload-immediate av-lazyload-video-embed'  itemprop=\"video\" itemtype=\"https:\/\/schema.org\/VideoObject\"  data-original_url='https:\/\/www.youtube.com\/watch?v=9j1GM77oF9E'><script type='text\/html' class='av-video-tmpl'><div class='avia-iframe-wrap'><iframe loading=\"lazy\" title=\"Alal\u00e1 n\u00ba 57 M\u00fasicas Completas de A Requinta de Xi\u00e1n  TVG\" width=\"1500\" height=\"844\" src=\"https:\/\/www.youtube.com\/embed\/9j1GM77oF9E?feature=oembed&autoplay=0&loop=0&controls=1&mute=0\" frameborder=\"0\" allow=\"accelerometer; autoplay; clipboard-write; encrypted-media; gyroscope; picture-in-picture\" allowfullscreen><\/iframe><\/div><\/script><div class='av-click-to-play-overlay'><div class=\"avia_playpause_icon\"><\/div><\/div><\/div>","protected":false},"excerpt":{"rendered":"<p>Seguimos facendo actuaci\u00f3ns con este grupo despois de m\u00e1is de vinte anos de traballo.\u00a0O noso obxectivo foi sempre recuperar o son m\u00e1is tradicional dos grupos de requinteiros da Ulla e estudar e conservar os seus instrumentos musicais, de a\u00ed que durante m\u00e1is de dez anos traballamos no campo para documentar m\u00e1is de trinta requintas antigas, [&hellip;]<\/p>\n","protected":false},"featured_media":1208,"comment_status":"open","ping_status":"closed","template":"","meta":{"give_campaign_id":0,"_joinchat":[]},"product_brand":[],"product_cat":[49],"product_tag":[],"class_list":{"0":"post-1165","1":"product","2":"type-product","3":"status-publish","4":"has-post-thumbnail","6":"product_cat-grupos","8":"first","9":"instock","10":"taxable","11":"shipping-taxable","12":"product-type-simple"},"yoast_head":"<!-- This site is optimized with the Yoast SEO plugin v27.2 - https:\/\/yoast.com\/product\/yoast-seo-wordpress\/ -->\n<title>A Requinta de Xi\u00e1n - Pablo Carpintero<\/title>\n<meta name=\"robots\" content=\"index, follow, max-snippet:-1, max-image-preview:large, max-video-preview:-1\" \/>\n<link rel=\"canonical\" href=\"https:\/\/pablocarpintero.es\/es\/producto\/a-requinta-de-xian\/\" \/>\n<meta property=\"og:locale\" content=\"es_ES\" \/>\n<meta property=\"og:type\" content=\"article\" \/>\n<meta property=\"og:title\" content=\"A Requinta de Xi\u00e1n - Pablo Carpintero\" \/>\n<meta property=\"og:description\" content=\"Seguimos facendo actuaci\u00f3ns con este grupo despois de m\u00e1is de vinte anos de traballo.\u00a0O noso obxectivo foi sempre recuperar o son m\u00e1is tradicional dos grupos de requinteiros da Ulla e estudar e conservar os seus instrumentos musicais, de a\u00ed que durante m\u00e1is de dez anos traballamos no campo para documentar m\u00e1is de trinta requintas antigas, [&hellip;]\" \/>\n<meta property=\"og:url\" content=\"https:\/\/pablocarpintero.es\/es\/producto\/a-requinta-de-xian\/\" \/>\n<meta property=\"og:site_name\" content=\"Pablo Carpintero\" \/>\n<meta property=\"article:modified_time\" content=\"2023-05-28T19:51:56+00:00\" \/>\n<meta property=\"og:image\" content=\"https:\/\/pablocarpintero.es\/wp-content\/uploads\/2021\/11\/Foto-en-Corcubion.jpg\" \/>\n\t<meta property=\"og:image:width\" content=\"786\" \/>\n\t<meta property=\"og:image:height\" content=\"692\" \/>\n\t<meta property=\"og:image:type\" content=\"image\/jpeg\" \/>\n<meta name=\"twitter:card\" content=\"summary_large_image\" \/>\n<meta name=\"twitter:label1\" content=\"Tiempo de lectura\" \/>\n\t<meta name=\"twitter:data1\" content=\"1 minuto\" \/>\n<script type=\"application\/ld+json\" class=\"yoast-schema-graph\">{\"@context\":\"https:\/\/schema.org\",\"@graph\":[{\"@type\":\"WebPage\",\"@id\":\"https:\/\/pablocarpintero.es\/producto\/a-requinta-de-xian\/\",\"url\":\"https:\/\/pablocarpintero.es\/producto\/a-requinta-de-xian\/\",\"name\":\"A Requinta de Xi\u00e1n - Pablo Carpintero\",\"isPartOf\":{\"@id\":\"https:\/\/pablocarpintero.es\/#website\"},\"primaryImageOfPage\":{\"@id\":\"https:\/\/pablocarpintero.es\/producto\/a-requinta-de-xian\/#primaryimage\"},\"image\":{\"@id\":\"https:\/\/pablocarpintero.es\/producto\/a-requinta-de-xian\/#primaryimage\"},\"thumbnailUrl\":\"https:\/\/pablocarpintero.es\/wp-content\/uploads\/2021\/11\/Foto-en-Corcubion.jpg\",\"datePublished\":\"2021-11-13T15:55:42+00:00\",\"dateModified\":\"2023-05-28T19:51:56+00:00\",\"breadcrumb\":{\"@id\":\"https:\/\/pablocarpintero.es\/producto\/a-requinta-de-xian\/#breadcrumb\"},\"inLanguage\":\"es\",\"potentialAction\":[{\"@type\":\"ReadAction\",\"target\":[\"https:\/\/pablocarpintero.es\/producto\/a-requinta-de-xian\/\"]}]},{\"@type\":\"ImageObject\",\"inLanguage\":\"es\",\"@id\":\"https:\/\/pablocarpintero.es\/producto\/a-requinta-de-xian\/#primaryimage\",\"url\":\"https:\/\/pablocarpintero.es\/wp-content\/uploads\/2021\/11\/Foto-en-Corcubion.jpg\",\"contentUrl\":\"https:\/\/pablocarpintero.es\/wp-content\/uploads\/2021\/11\/Foto-en-Corcubion.jpg\",\"width\":786,\"height\":692},{\"@type\":\"BreadcrumbList\",\"@id\":\"https:\/\/pablocarpintero.es\/producto\/a-requinta-de-xian\/#breadcrumb\",\"itemListElement\":[{\"@type\":\"ListItem\",\"position\":1,\"name\":\"Portada\",\"item\":\"https:\/\/pablocarpintero.es\/inicio\/\"},{\"@type\":\"ListItem\",\"position\":2,\"name\":\"Tienda\",\"item\":\"https:\/\/pablocarpintero.es\/tienda\/\"},{\"@type\":\"ListItem\",\"position\":3,\"name\":\"A Requinta de Xi\u00e1n\"}]},{\"@type\":\"WebSite\",\"@id\":\"https:\/\/pablocarpintero.es\/#website\",\"url\":\"https:\/\/pablocarpintero.es\/\",\"name\":\"Pablo Carpintero\",\"description\":\"Otro sitio realizado con WordPress\",\"potentialAction\":[{\"@type\":\"SearchAction\",\"target\":{\"@type\":\"EntryPoint\",\"urlTemplate\":\"https:\/\/pablocarpintero.es\/?s={search_term_string}\"},\"query-input\":{\"@type\":\"PropertyValueSpecification\",\"valueRequired\":true,\"valueName\":\"search_term_string\"}}],\"inLanguage\":\"es\"}]}<\/script>\n<!-- \/ Yoast SEO plugin. -->","yoast_head_json":{"title":"A Requinta de Xi\u00e1n - Pablo Carpintero","robots":{"index":"index","follow":"follow","max-snippet":"max-snippet:-1","max-image-preview":"max-image-preview:large","max-video-preview":"max-video-preview:-1"},"canonical":"https:\/\/pablocarpintero.es\/es\/producto\/a-requinta-de-xian\/","og_locale":"es_ES","og_type":"article","og_title":"A Requinta de Xi\u00e1n - Pablo Carpintero","og_description":"Seguimos facendo actuaci\u00f3ns con este grupo despois de m\u00e1is de vinte anos de traballo.\u00a0O noso obxectivo foi sempre recuperar o son m\u00e1is tradicional dos grupos de requinteiros da Ulla e estudar e conservar os seus instrumentos musicais, de a\u00ed que durante m\u00e1is de dez anos traballamos no campo para documentar m\u00e1is de trinta requintas antigas, [&hellip;]","og_url":"https:\/\/pablocarpintero.es\/es\/producto\/a-requinta-de-xian\/","og_site_name":"Pablo Carpintero","article_modified_time":"2023-05-28T19:51:56+00:00","og_image":[{"width":786,"height":692,"url":"https:\/\/pablocarpintero.es\/wp-content\/uploads\/2021\/11\/Foto-en-Corcubion.jpg","type":"image\/jpeg"}],"twitter_card":"summary_large_image","twitter_misc":{"Tiempo de lectura":"1 minuto"},"schema":{"@context":"https:\/\/schema.org","@graph":[{"@type":"WebPage","@id":"https:\/\/pablocarpintero.es\/producto\/a-requinta-de-xian\/","url":"https:\/\/pablocarpintero.es\/producto\/a-requinta-de-xian\/","name":"A Requinta de Xi\u00e1n - Pablo Carpintero","isPartOf":{"@id":"https:\/\/pablocarpintero.es\/#website"},"primaryImageOfPage":{"@id":"https:\/\/pablocarpintero.es\/producto\/a-requinta-de-xian\/#primaryimage"},"image":{"@id":"https:\/\/pablocarpintero.es\/producto\/a-requinta-de-xian\/#primaryimage"},"thumbnailUrl":"https:\/\/pablocarpintero.es\/wp-content\/uploads\/2021\/11\/Foto-en-Corcubion.jpg","datePublished":"2021-11-13T15:55:42+00:00","dateModified":"2023-05-28T19:51:56+00:00","breadcrumb":{"@id":"https:\/\/pablocarpintero.es\/producto\/a-requinta-de-xian\/#breadcrumb"},"inLanguage":"es","potentialAction":[{"@type":"ReadAction","target":["https:\/\/pablocarpintero.es\/producto\/a-requinta-de-xian\/"]}]},{"@type":"ImageObject","inLanguage":"es","@id":"https:\/\/pablocarpintero.es\/producto\/a-requinta-de-xian\/#primaryimage","url":"https:\/\/pablocarpintero.es\/wp-content\/uploads\/2021\/11\/Foto-en-Corcubion.jpg","contentUrl":"https:\/\/pablocarpintero.es\/wp-content\/uploads\/2021\/11\/Foto-en-Corcubion.jpg","width":786,"height":692},{"@type":"BreadcrumbList","@id":"https:\/\/pablocarpintero.es\/producto\/a-requinta-de-xian\/#breadcrumb","itemListElement":[{"@type":"ListItem","position":1,"name":"Portada","item":"https:\/\/pablocarpintero.es\/inicio\/"},{"@type":"ListItem","position":2,"name":"Tienda","item":"https:\/\/pablocarpintero.es\/tienda\/"},{"@type":"ListItem","position":3,"name":"A Requinta de Xi\u00e1n"}]},{"@type":"WebSite","@id":"https:\/\/pablocarpintero.es\/#website","url":"https:\/\/pablocarpintero.es\/","name":"Pablo Carpintero","description":"Otro sitio realizado con WordPress","potentialAction":[{"@type":"SearchAction","target":{"@type":"EntryPoint","urlTemplate":"https:\/\/pablocarpintero.es\/?s={search_term_string}"},"query-input":{"@type":"PropertyValueSpecification","valueRequired":true,"valueName":"search_term_string"}}],"inLanguage":"es"}]}},"_links":{"self":[{"href":"https:\/\/pablocarpintero.es\/es\/wp-json\/wp\/v2\/product\/1165","targetHints":{"allow":["GET"]}}],"collection":[{"href":"https:\/\/pablocarpintero.es\/es\/wp-json\/wp\/v2\/product"}],"about":[{"href":"https:\/\/pablocarpintero.es\/es\/wp-json\/wp\/v2\/types\/product"}],"replies":[{"embeddable":true,"href":"https:\/\/pablocarpintero.es\/es\/wp-json\/wp\/v2\/comments?post=1165"}],"wp:featuredmedia":[{"embeddable":true,"href":"https:\/\/pablocarpintero.es\/es\/wp-json\/wp\/v2\/media\/1208"}],"wp:attachment":[{"href":"https:\/\/pablocarpintero.es\/es\/wp-json\/wp\/v2\/media?parent=1165"}],"wp:term":[{"taxonomy":"product_brand","embeddable":true,"href":"https:\/\/pablocarpintero.es\/es\/wp-json\/wp\/v2\/product_brand?post=1165"},{"taxonomy":"product_cat","embeddable":true,"href":"https:\/\/pablocarpintero.es\/es\/wp-json\/wp\/v2\/product_cat?post=1165"},{"taxonomy":"product_tag","embeddable":true,"href":"https:\/\/pablocarpintero.es\/es\/wp-json\/wp\/v2\/product_tag?post=1165"}],"curies":[{"name":"wp","href":"https:\/\/api.w.org\/{rel}","templated":true}]}}