{"id":1180,"date":"2021-11-15T08:48:55","date_gmt":"2021-11-15T08:48:55","guid":{"rendered":"https:\/\/pablocarpintero.es\/?post_type=product&#038;p=1180"},"modified":"2025-09-05T05:26:34","modified_gmt":"2025-09-05T05:26:34","slug":"bombo-de-coimbra","status":"publish","type":"product","link":"https:\/\/pablocarpintero.es\/es\/producto\/bombo-de-coimbra\/","title":{"rendered":"Bombo de Coimbra"},"content":{"rendered":"<p>En la zona de Coimbra se utilizaron bombos bastante grandes, con una caja muy ancha. Construimos la r\u00e9plica del que se conserva en el Rancho Folcl\u00f3rico da Eirapedri\u00f1a y que pertenec\u00eda al grupo \u201cOs Melos da Barreira\u201d, un bombo policromado, de sonido profundo y potente, provisto de un mazo fabricado \u00edntegramente en madera de boj. El precio incluye correa y mazo.<\/p>","protected":false},"excerpt":{"rendered":"<p>En la zona de Coimbra se utilizaron bombos bastante grandes, con una caja muy ancha. Construimos la r\u00e9plica del que se conserva en el Rancho Folcl\u00f3rico da Eirapedri\u00f1a y que pertenec\u00eda al grupo \u201cOs Melos da Barreira\u201d, un bombo policromado, de sonido profundo y potente, provisto de un mazo fabricado \u00edntegramente en madera de boj. El precio incluye correa y mazo.<\/p>","protected":false},"featured_media":1181,"comment_status":"open","ping_status":"closed","template":"","meta":{"give_campaign_id":0,"_joinchat":[]},"product_brand":[],"product_cat":[18,35],"product_tag":[],"class_list":{"0":"post-1180","1":"product","2":"type-product","3":"status-publish","4":"has-post-thumbnail","6":"product_cat-instrumentos-musicales","7":"product_cat-tambores-e-bombos","8":"product_shipping_class-tambores-y-bombos","10":"first","11":"instock","12":"taxable","13":"shipping-taxable","14":"purchasable","15":"product-type-simple"},"yoast_head":"<!-- This site is optimized with the Yoast SEO plugin v27.2 - https:\/\/yoast.com\/product\/yoast-seo-wordpress\/ -->\n<title>Bombo de Coimbra - Pablo Carpintero<\/title>\n<meta name=\"robots\" content=\"index, follow, max-snippet:-1, max-image-preview:large, max-video-preview:-1\" \/>\n<link rel=\"canonical\" href=\"https:\/\/pablocarpintero.es\/es\/producto\/bombo-de-coimbra\/\" \/>\n<meta property=\"og:locale\" content=\"es_ES\" \/>\n<meta property=\"og:type\" content=\"article\" \/>\n<meta property=\"og:title\" content=\"Bombo de Coimbra - Pablo Carpintero\" \/>\n<meta property=\"og:description\" content=\"Na zona de Coimbra empreg\u00e1ronse bombos bastante grandes, de caixa moi ancha. Constru\u00edmos a r\u00e9plica do conservado no Rancho Folcl\u00f3rico da Eirapedri\u00f1a e que pertenceu ao grupo &#8220;Os Melos da Barreira&#8221;, un bombo policromado, de son profundo e potente, fornecido cunha maza feita completamente en buxo. O prezo incl\u00fae correa e maza.\" \/>\n<meta property=\"og:url\" content=\"https:\/\/pablocarpintero.es\/es\/producto\/bombo-de-coimbra\/\" \/>\n<meta property=\"og:site_name\" content=\"Pablo Carpintero\" \/>\n<meta property=\"article:modified_time\" content=\"2025-09-05T05:26:34+00:00\" \/>\n<meta property=\"og:image\" content=\"https:\/\/pablocarpintero.es\/wp-content\/uploads\/2021\/11\/Bombo-Pablo-carpintero-1030x1001.jpg\" \/>\n\t<meta property=\"og:image:width\" content=\"1030\" \/>\n\t<meta property=\"og:image:height\" content=\"1001\" \/>\n\t<meta property=\"og:image:type\" content=\"image\/jpeg\" \/>\n<meta name=\"twitter:card\" content=\"summary_large_image\" \/>\n<meta name=\"twitter:label1\" content=\"Tiempo de lectura\" \/>\n\t<meta name=\"twitter:data1\" content=\"1 minuto\" \/>\n<script type=\"application\/ld+json\" class=\"yoast-schema-graph\">{\"@context\":\"https:\/\/schema.org\",\"@graph\":[{\"@type\":\"WebPage\",\"@id\":\"https:\/\/pablocarpintero.es\/producto\/bombo-de-coimbra\/\",\"url\":\"https:\/\/pablocarpintero.es\/producto\/bombo-de-coimbra\/\",\"name\":\"Bombo de Coimbra - Pablo Carpintero\",\"isPartOf\":{\"@id\":\"https:\/\/pablocarpintero.es\/#website\"},\"primaryImageOfPage\":{\"@id\":\"https:\/\/pablocarpintero.es\/producto\/bombo-de-coimbra\/#primaryimage\"},\"image\":{\"@id\":\"https:\/\/pablocarpintero.es\/producto\/bombo-de-coimbra\/#primaryimage\"},\"thumbnailUrl\":\"https:\/\/pablocarpintero.es\/wp-content\/uploads\/2021\/11\/Bombo-Pablo-carpintero-scaled.jpg\",\"datePublished\":\"2021-11-15T08:48:55+00:00\",\"dateModified\":\"2025-09-05T05:26:34+00:00\",\"breadcrumb\":{\"@id\":\"https:\/\/pablocarpintero.es\/producto\/bombo-de-coimbra\/#breadcrumb\"},\"inLanguage\":\"es\",\"potentialAction\":[{\"@type\":\"ReadAction\",\"target\":[\"https:\/\/pablocarpintero.es\/producto\/bombo-de-coimbra\/\"]}]},{\"@type\":\"ImageObject\",\"inLanguage\":\"es\",\"@id\":\"https:\/\/pablocarpintero.es\/producto\/bombo-de-coimbra\/#primaryimage\",\"url\":\"https:\/\/pablocarpintero.es\/wp-content\/uploads\/2021\/11\/Bombo-Pablo-carpintero-scaled.jpg\",\"contentUrl\":\"https:\/\/pablocarpintero.es\/wp-content\/uploads\/2021\/11\/Bombo-Pablo-carpintero-scaled.jpg\",\"width\":2560,\"height\":2488},{\"@type\":\"BreadcrumbList\",\"@id\":\"https:\/\/pablocarpintero.es\/producto\/bombo-de-coimbra\/#breadcrumb\",\"itemListElement\":[{\"@type\":\"ListItem\",\"position\":1,\"name\":\"Portada\",\"item\":\"https:\/\/pablocarpintero.es\/inicio\/\"},{\"@type\":\"ListItem\",\"position\":2,\"name\":\"Tienda\",\"item\":\"https:\/\/pablocarpintero.es\/tienda\/\"},{\"@type\":\"ListItem\",\"position\":3,\"name\":\"Bombo de Coimbra\"}]},{\"@type\":\"WebSite\",\"@id\":\"https:\/\/pablocarpintero.es\/#website\",\"url\":\"https:\/\/pablocarpintero.es\/\",\"name\":\"Pablo Carpintero\",\"description\":\"Otro sitio realizado con WordPress\",\"potentialAction\":[{\"@type\":\"SearchAction\",\"target\":{\"@type\":\"EntryPoint\",\"urlTemplate\":\"https:\/\/pablocarpintero.es\/?s={search_term_string}\"},\"query-input\":{\"@type\":\"PropertyValueSpecification\",\"valueRequired\":true,\"valueName\":\"search_term_string\"}}],\"inLanguage\":\"es\"}]}<\/script>\n<!-- \/ Yoast SEO plugin. -->","yoast_head_json":{"title":"Bombo de Coimbra - Pablo Carpintero","robots":{"index":"index","follow":"follow","max-snippet":"max-snippet:-1","max-image-preview":"max-image-preview:large","max-video-preview":"max-video-preview:-1"},"canonical":"https:\/\/pablocarpintero.es\/es\/producto\/bombo-de-coimbra\/","og_locale":"es_ES","og_type":"article","og_title":"Bombo de Coimbra - Pablo Carpintero","og_description":"Na zona de Coimbra empreg\u00e1ronse bombos bastante grandes, de caixa moi ancha. Constru\u00edmos a r\u00e9plica do conservado no Rancho Folcl\u00f3rico da Eirapedri\u00f1a e que pertenceu ao grupo &#8220;Os Melos da Barreira&#8221;, un bombo policromado, de son profundo e potente, fornecido cunha maza feita completamente en buxo. O prezo incl\u00fae correa e maza.","og_url":"https:\/\/pablocarpintero.es\/es\/producto\/bombo-de-coimbra\/","og_site_name":"Pablo Carpintero","article_modified_time":"2025-09-05T05:26:34+00:00","og_image":[{"width":1030,"height":1001,"url":"https:\/\/pablocarpintero.es\/wp-content\/uploads\/2021\/11\/Bombo-Pablo-carpintero-1030x1001.jpg","type":"image\/jpeg"}],"twitter_card":"summary_large_image","twitter_misc":{"Tiempo de lectura":"1 minuto"},"schema":{"@context":"https:\/\/schema.org","@graph":[{"@type":"WebPage","@id":"https:\/\/pablocarpintero.es\/producto\/bombo-de-coimbra\/","url":"https:\/\/pablocarpintero.es\/producto\/bombo-de-coimbra\/","name":"Bombo de Coimbra - Pablo Carpintero","isPartOf":{"@id":"https:\/\/pablocarpintero.es\/#website"},"primaryImageOfPage":{"@id":"https:\/\/pablocarpintero.es\/producto\/bombo-de-coimbra\/#primaryimage"},"image":{"@id":"https:\/\/pablocarpintero.es\/producto\/bombo-de-coimbra\/#primaryimage"},"thumbnailUrl":"https:\/\/pablocarpintero.es\/wp-content\/uploads\/2021\/11\/Bombo-Pablo-carpintero-scaled.jpg","datePublished":"2021-11-15T08:48:55+00:00","dateModified":"2025-09-05T05:26:34+00:00","breadcrumb":{"@id":"https:\/\/pablocarpintero.es\/producto\/bombo-de-coimbra\/#breadcrumb"},"inLanguage":"es","potentialAction":[{"@type":"ReadAction","target":["https:\/\/pablocarpintero.es\/producto\/bombo-de-coimbra\/"]}]},{"@type":"ImageObject","inLanguage":"es","@id":"https:\/\/pablocarpintero.es\/producto\/bombo-de-coimbra\/#primaryimage","url":"https:\/\/pablocarpintero.es\/wp-content\/uploads\/2021\/11\/Bombo-Pablo-carpintero-scaled.jpg","contentUrl":"https:\/\/pablocarpintero.es\/wp-content\/uploads\/2021\/11\/Bombo-Pablo-carpintero-scaled.jpg","width":2560,"height":2488},{"@type":"BreadcrumbList","@id":"https:\/\/pablocarpintero.es\/producto\/bombo-de-coimbra\/#breadcrumb","itemListElement":[{"@type":"ListItem","position":1,"name":"Portada","item":"https:\/\/pablocarpintero.es\/inicio\/"},{"@type":"ListItem","position":2,"name":"Tienda","item":"https:\/\/pablocarpintero.es\/tienda\/"},{"@type":"ListItem","position":3,"name":"Bombo de Coimbra"}]},{"@type":"WebSite","@id":"https:\/\/pablocarpintero.es\/#website","url":"https:\/\/pablocarpintero.es\/","name":"Pablo Carpintero","description":"Otro sitio realizado con WordPress","potentialAction":[{"@type":"SearchAction","target":{"@type":"EntryPoint","urlTemplate":"https:\/\/pablocarpintero.es\/?s={search_term_string}"},"query-input":{"@type":"PropertyValueSpecification","valueRequired":true,"valueName":"search_term_string"}}],"inLanguage":"es"}]}},"_links":{"self":[{"href":"https:\/\/pablocarpintero.es\/es\/wp-json\/wp\/v2\/product\/1180","targetHints":{"allow":["GET"]}}],"collection":[{"href":"https:\/\/pablocarpintero.es\/es\/wp-json\/wp\/v2\/product"}],"about":[{"href":"https:\/\/pablocarpintero.es\/es\/wp-json\/wp\/v2\/types\/product"}],"replies":[{"embeddable":true,"href":"https:\/\/pablocarpintero.es\/es\/wp-json\/wp\/v2\/comments?post=1180"}],"wp:featuredmedia":[{"embeddable":true,"href":"https:\/\/pablocarpintero.es\/es\/wp-json\/wp\/v2\/media\/1181"}],"wp:attachment":[{"href":"https:\/\/pablocarpintero.es\/es\/wp-json\/wp\/v2\/media?parent=1180"}],"wp:term":[{"taxonomy":"product_brand","embeddable":true,"href":"https:\/\/pablocarpintero.es\/es\/wp-json\/wp\/v2\/product_brand?post=1180"},{"taxonomy":"product_cat","embeddable":true,"href":"https:\/\/pablocarpintero.es\/es\/wp-json\/wp\/v2\/product_cat?post=1180"},{"taxonomy":"product_tag","embeddable":true,"href":"https:\/\/pablocarpintero.es\/es\/wp-json\/wp\/v2\/product_tag?post=1180"}],"curies":[{"name":"wp","href":"https:\/\/api.w.org\/{rel}","templated":true}]}}