{"id":1192,"date":"2021-11-15T10:16:56","date_gmt":"2021-11-15T10:16:56","guid":{"rendered":"https:\/\/pablocarpintero.es\/?post_type=product&#038;p=1192"},"modified":"2024-10-23T12:50:33","modified_gmt":"2024-10-23T12:50:33","slug":"gaita-alistana","status":"publish","type":"product","link":"https:\/\/pablocarpintero.es\/es\/producto\/gaita-alistana\/","title":{"rendered":"Gaita Alistana"},"content":{"rendered":"<p>Reproducimos unha antiga gaita alistana que achamos en La Torre de Aliste grazas ao noso amigo Jes\u00fas \u00c1ngel Santiago, quen nos ten axudado a documentar as gaitas antigas de toda a comarca alistana. Temos varios punteiros documentados e replicamos dous deles: un fabricado por Modesto Mata, case en Si natural, e outro, moi antigo, que achamos en San Juan del Rebollar grazas a Luis Pedraza, cunha t\u00f3nica moi pr\u00f3xima ao Do. Levan palletas de cana moi pequenas, feitas coa parte branda da cana, tam\u00e9n r\u00e9plicas das que documentamos nesta zona, na que, por certo, aparecen moitas palletas fabricadas de corno, de madeira de urz ou mesmo buxo, lembranza quiz\u00e1is dun tempo no que a cana non exist\u00eda.<\/p>\n<p>As gaitas alistanas te\u00f1en moito m\u00e1is que ver coas gaitas mirandesas e brigantinas que coas sanabresas, pois os seus punteiros \u00e1chanse afinados no que denominamos modo portugu\u00e9s, \u00e9 dicir, te\u00f1en o terceiro grao neutro e unha subt\u00f3nica algo elevada, polo resto, a s\u00faa escala aprox\u00edmase bastante ao temperamento igual, se ben nalg\u00fans gaiteiros, por veces, podemos escoitar sextos graos moi rebaixados. A explicacion a este fen\u00f3meno, as\u00ed como o son desta gaita pod\u00e9delos escoitar neste v\u00eddeo.<\/p>\n<p>&nbsp;<\/p>\n<div class='avia-iframe-wrap'><iframe loading=\"lazy\" title=\"Reproducci\u00f3n de una gaita de fuelle alistana\" width=\"1500\" height=\"844\" src=\"https:\/\/www.youtube.com\/embed\/0MqFROrfvq4?feature=oembed\" frameborder=\"0\" allow=\"accelerometer; autoplay; clipboard-write; encrypted-media; gyroscope; picture-in-picture; web-share\" allowfullscreen><\/iframe><\/div>","protected":false},"excerpt":{"rendered":"<p>Reproducimos unha antiga gaita alistana que achamos en La Torre de Aliste grazas ao noso amigo Jes\u00fas \u00c1ngel Santiago, quen nos ten axudado a documentar as gaitas antigas de toda a comarca alistana. Temos varios punteiros documentados e replicamos dous deles: un fabricado por Modesto Mata, case en Si natural, e outro, moi antigo, que [&hellip;]<\/p>\n","protected":false},"featured_media":2357,"comment_status":"open","ping_status":"closed","template":"","meta":{"give_campaign_id":0,"_joinchat":[]},"product_brand":[],"product_cat":[18,26],"product_tag":[],"class_list":{"0":"post-1192","1":"product","2":"type-product","3":"status-publish","4":"has-post-thumbnail","6":"product_cat-instrumentos-musicales","7":"product_cat-replicas-de-gaitas-xabresas-e-alistanas","9":"first","10":"instock","11":"taxable","12":"shipping-taxable","13":"product-type-simple"},"yoast_head":"<!-- This site is optimized with the Yoast SEO plugin v27.2 - https:\/\/yoast.com\/product\/yoast-seo-wordpress\/ -->\n<title>Gaita Alistana - Pablo Carpintero<\/title>\n<meta name=\"robots\" content=\"index, follow, max-snippet:-1, max-image-preview:large, max-video-preview:-1\" \/>\n<link rel=\"canonical\" href=\"https:\/\/pablocarpintero.es\/es\/producto\/gaita-alistana\/\" \/>\n<meta property=\"og:locale\" content=\"es_ES\" \/>\n<meta property=\"og:type\" content=\"article\" \/>\n<meta property=\"og:title\" content=\"Gaita Alistana - Pablo Carpintero\" \/>\n<meta property=\"og:description\" content=\"Reproducimos unha antiga gaita alistana que achamos en La Torre de Aliste grazas ao noso amigo Jes\u00fas \u00c1ngel Santiago, quen nos ten axudado a documentar as gaitas antigas de toda a comarca alistana. Temos varios punteiros documentados e replicamos dous deles: un fabricado por Modesto Mata, case en Si natural, e outro, moi antigo, que [&hellip;]\" \/>\n<meta property=\"og:url\" content=\"https:\/\/pablocarpintero.es\/es\/producto\/gaita-alistana\/\" \/>\n<meta property=\"og:site_name\" content=\"Pablo Carpintero\" \/>\n<meta property=\"article:modified_time\" content=\"2024-10-23T12:50:33+00:00\" \/>\n<meta property=\"og:image\" content=\"https:\/\/pablocarpintero.es\/wp-content\/uploads\/2021\/11\/Gaita-Alistana-Pablo-Carpintero.jpg\" \/>\n\t<meta property=\"og:image:width\" content=\"1538\" \/>\n\t<meta property=\"og:image:height\" content=\"1110\" \/>\n\t<meta property=\"og:image:type\" content=\"image\/jpeg\" \/>\n<meta name=\"twitter:card\" content=\"summary_large_image\" \/>\n<meta name=\"twitter:label1\" content=\"Tiempo de lectura\" \/>\n\t<meta name=\"twitter:data1\" content=\"1 minuto\" \/>\n<script type=\"application\/ld+json\" class=\"yoast-schema-graph\">{\"@context\":\"https:\/\/schema.org\",\"@graph\":[{\"@type\":\"WebPage\",\"@id\":\"https:\/\/pablocarpintero.es\/producto\/gaita-alistana\/\",\"url\":\"https:\/\/pablocarpintero.es\/producto\/gaita-alistana\/\",\"name\":\"Gaita Alistana - Pablo Carpintero\",\"isPartOf\":{\"@id\":\"https:\/\/pablocarpintero.es\/#website\"},\"primaryImageOfPage\":{\"@id\":\"https:\/\/pablocarpintero.es\/producto\/gaita-alistana\/#primaryimage\"},\"image\":{\"@id\":\"https:\/\/pablocarpintero.es\/producto\/gaita-alistana\/#primaryimage\"},\"thumbnailUrl\":\"https:\/\/pablocarpintero.es\/wp-content\/uploads\/2021\/11\/Gaita-Alistana-Pablo-Carpintero.jpg\",\"datePublished\":\"2021-11-15T10:16:56+00:00\",\"dateModified\":\"2024-10-23T12:50:33+00:00\",\"breadcrumb\":{\"@id\":\"https:\/\/pablocarpintero.es\/producto\/gaita-alistana\/#breadcrumb\"},\"inLanguage\":\"es\",\"potentialAction\":[{\"@type\":\"ReadAction\",\"target\":[\"https:\/\/pablocarpintero.es\/producto\/gaita-alistana\/\"]}]},{\"@type\":\"ImageObject\",\"inLanguage\":\"es\",\"@id\":\"https:\/\/pablocarpintero.es\/producto\/gaita-alistana\/#primaryimage\",\"url\":\"https:\/\/pablocarpintero.es\/wp-content\/uploads\/2021\/11\/Gaita-Alistana-Pablo-Carpintero.jpg\",\"contentUrl\":\"https:\/\/pablocarpintero.es\/wp-content\/uploads\/2021\/11\/Gaita-Alistana-Pablo-Carpintero.jpg\",\"width\":1538,\"height\":1110},{\"@type\":\"BreadcrumbList\",\"@id\":\"https:\/\/pablocarpintero.es\/producto\/gaita-alistana\/#breadcrumb\",\"itemListElement\":[{\"@type\":\"ListItem\",\"position\":1,\"name\":\"Portada\",\"item\":\"https:\/\/pablocarpintero.es\/inicio\/\"},{\"@type\":\"ListItem\",\"position\":2,\"name\":\"Tienda\",\"item\":\"https:\/\/pablocarpintero.es\/tienda\/\"},{\"@type\":\"ListItem\",\"position\":3,\"name\":\"Gaita Alistana\"}]},{\"@type\":\"WebSite\",\"@id\":\"https:\/\/pablocarpintero.es\/#website\",\"url\":\"https:\/\/pablocarpintero.es\/\",\"name\":\"Pablo Carpintero\",\"description\":\"Otro sitio realizado con WordPress\",\"potentialAction\":[{\"@type\":\"SearchAction\",\"target\":{\"@type\":\"EntryPoint\",\"urlTemplate\":\"https:\/\/pablocarpintero.es\/?s={search_term_string}\"},\"query-input\":{\"@type\":\"PropertyValueSpecification\",\"valueRequired\":true,\"valueName\":\"search_term_string\"}}],\"inLanguage\":\"es\"}]}<\/script>\n<!-- \/ Yoast SEO plugin. -->","yoast_head_json":{"title":"Gaita Alistana - Pablo Carpintero","robots":{"index":"index","follow":"follow","max-snippet":"max-snippet:-1","max-image-preview":"max-image-preview:large","max-video-preview":"max-video-preview:-1"},"canonical":"https:\/\/pablocarpintero.es\/es\/producto\/gaita-alistana\/","og_locale":"es_ES","og_type":"article","og_title":"Gaita Alistana - Pablo Carpintero","og_description":"Reproducimos unha antiga gaita alistana que achamos en La Torre de Aliste grazas ao noso amigo Jes\u00fas \u00c1ngel Santiago, quen nos ten axudado a documentar as gaitas antigas de toda a comarca alistana. Temos varios punteiros documentados e replicamos dous deles: un fabricado por Modesto Mata, case en Si natural, e outro, moi antigo, que [&hellip;]","og_url":"https:\/\/pablocarpintero.es\/es\/producto\/gaita-alistana\/","og_site_name":"Pablo Carpintero","article_modified_time":"2024-10-23T12:50:33+00:00","og_image":[{"width":1538,"height":1110,"url":"https:\/\/pablocarpintero.es\/wp-content\/uploads\/2021\/11\/Gaita-Alistana-Pablo-Carpintero.jpg","type":"image\/jpeg"}],"twitter_card":"summary_large_image","twitter_misc":{"Tiempo de lectura":"1 minuto"},"schema":{"@context":"https:\/\/schema.org","@graph":[{"@type":"WebPage","@id":"https:\/\/pablocarpintero.es\/producto\/gaita-alistana\/","url":"https:\/\/pablocarpintero.es\/producto\/gaita-alistana\/","name":"Gaita Alistana - Pablo Carpintero","isPartOf":{"@id":"https:\/\/pablocarpintero.es\/#website"},"primaryImageOfPage":{"@id":"https:\/\/pablocarpintero.es\/producto\/gaita-alistana\/#primaryimage"},"image":{"@id":"https:\/\/pablocarpintero.es\/producto\/gaita-alistana\/#primaryimage"},"thumbnailUrl":"https:\/\/pablocarpintero.es\/wp-content\/uploads\/2021\/11\/Gaita-Alistana-Pablo-Carpintero.jpg","datePublished":"2021-11-15T10:16:56+00:00","dateModified":"2024-10-23T12:50:33+00:00","breadcrumb":{"@id":"https:\/\/pablocarpintero.es\/producto\/gaita-alistana\/#breadcrumb"},"inLanguage":"es","potentialAction":[{"@type":"ReadAction","target":["https:\/\/pablocarpintero.es\/producto\/gaita-alistana\/"]}]},{"@type":"ImageObject","inLanguage":"es","@id":"https:\/\/pablocarpintero.es\/producto\/gaita-alistana\/#primaryimage","url":"https:\/\/pablocarpintero.es\/wp-content\/uploads\/2021\/11\/Gaita-Alistana-Pablo-Carpintero.jpg","contentUrl":"https:\/\/pablocarpintero.es\/wp-content\/uploads\/2021\/11\/Gaita-Alistana-Pablo-Carpintero.jpg","width":1538,"height":1110},{"@type":"BreadcrumbList","@id":"https:\/\/pablocarpintero.es\/producto\/gaita-alistana\/#breadcrumb","itemListElement":[{"@type":"ListItem","position":1,"name":"Portada","item":"https:\/\/pablocarpintero.es\/inicio\/"},{"@type":"ListItem","position":2,"name":"Tienda","item":"https:\/\/pablocarpintero.es\/tienda\/"},{"@type":"ListItem","position":3,"name":"Gaita Alistana"}]},{"@type":"WebSite","@id":"https:\/\/pablocarpintero.es\/#website","url":"https:\/\/pablocarpintero.es\/","name":"Pablo Carpintero","description":"Otro sitio realizado con WordPress","potentialAction":[{"@type":"SearchAction","target":{"@type":"EntryPoint","urlTemplate":"https:\/\/pablocarpintero.es\/?s={search_term_string}"},"query-input":{"@type":"PropertyValueSpecification","valueRequired":true,"valueName":"search_term_string"}}],"inLanguage":"es"}]}},"_links":{"self":[{"href":"https:\/\/pablocarpintero.es\/es\/wp-json\/wp\/v2\/product\/1192","targetHints":{"allow":["GET"]}}],"collection":[{"href":"https:\/\/pablocarpintero.es\/es\/wp-json\/wp\/v2\/product"}],"about":[{"href":"https:\/\/pablocarpintero.es\/es\/wp-json\/wp\/v2\/types\/product"}],"replies":[{"embeddable":true,"href":"https:\/\/pablocarpintero.es\/es\/wp-json\/wp\/v2\/comments?post=1192"}],"wp:featuredmedia":[{"embeddable":true,"href":"https:\/\/pablocarpintero.es\/es\/wp-json\/wp\/v2\/media\/2357"}],"wp:attachment":[{"href":"https:\/\/pablocarpintero.es\/es\/wp-json\/wp\/v2\/media?parent=1192"}],"wp:term":[{"taxonomy":"product_brand","embeddable":true,"href":"https:\/\/pablocarpintero.es\/es\/wp-json\/wp\/v2\/product_brand?post=1192"},{"taxonomy":"product_cat","embeddable":true,"href":"https:\/\/pablocarpintero.es\/es\/wp-json\/wp\/v2\/product_cat?post=1192"},{"taxonomy":"product_tag","embeddable":true,"href":"https:\/\/pablocarpintero.es\/es\/wp-json\/wp\/v2\/product_tag?post=1192"}],"curies":[{"name":"wp","href":"https:\/\/api.w.org\/{rel}","templated":true}]}}