{"id":1415,"date":"2021-11-22T05:47:49","date_gmt":"2021-11-22T05:47:49","guid":{"rendered":"https:\/\/pablocarpintero.es\/?post_type=product&#038;p=1415"},"modified":"2021-12-01T10:07:09","modified_gmt":"2021-12-01T10:07:09","slug":"palletas-de-corno-e-buxo","status":"publish","type":"product","link":"https:\/\/pablocarpintero.es\/es\/producto\/palletas-de-corno-e-buxo\/","title":{"rendered":"Pajuelas de cuerno y boj"},"content":{"rendered":"<p>La ca\u00f1a, el <em>Arundo donax<\/em>, lleg\u00f3 a la pen\u00ednsula en el siglo XVI. Si las gaitas existen aqu\u00ed desde al menos la Edad Media, \u00bfde qu\u00e9 estaban hechas las pajuelas antes de la llegada de la ca\u00f1a? la respuesta est\u00e1 en la tradici\u00f3n: cuerno o boj. Muchos gaiteros, incluso en el siglo XX, siguieron fabricando sus pajuelas con estos materiales mucho m\u00e1s resistentes. \u00bfPor qu\u00e9 los gaiteros cambiaron estos materiales por ca\u00f1a? probablemente porque era m\u00e1s f\u00e1cil hacer las pajuelas con ellos.<\/p>\n<p>Si quieres una pajuela de alguno de estos materiales habla con nosotros, tienen un timbre m\u00e1s dulce que la ca\u00f1a y su durabilidad es inigualable.<\/p>\n<p>Si quieres saber m\u00e1s sobre este tema, tenemos una <a href=\"https:\/\/pablocarpintero.es\/es\/charlas-concertos\/#Aspalletas\">charla<\/a> sobre \u00e9l. Tambi\u00e9n impartimos <a href=\"https:\/\/pablocarpintero.es\/es\/obradoiros\/\">talleres<\/a> para que puedas aprender a hacer todo tipo de pajuelas.<\/p>\n<p>&nbsp;<\/p>","protected":false},"excerpt":{"rendered":"<p>A cana, o Arundo donax, chegou \u00e1 pen\u00ednsula no s\u00e9culo XVI. Se as gaitas de fol levan existindo aqu\u00ed dende, polo menos, a Idade Media, de que se fac\u00edan ent\u00f3n as palletas antes da chegada da cana? a resposta est\u00e1 na tradici\u00f3n: de corno ou de buxo. Moitos gaiteiros, a\u00ednda no s\u00e9culo XX, seguiron fabricando [&hellip;]<\/p>\n","protected":false},"featured_media":1194,"comment_status":"open","ping_status":"closed","template":"","meta":{"give_campaign_id":0,"_joinchat":[]},"product_brand":[],"product_cat":[50,18,46],"product_tag":[],"class_list":{"0":"post-1415","1":"product","2":"type-product","3":"status-publish","4":"has-post-thumbnail","6":"product_cat-complementos","7":"product_cat-instrumentos-musicales","8":"product_cat-palletas","9":"product_shipping_class-gratuito","11":"first","12":"instock","13":"taxable","14":"shipping-taxable","15":"purchasable","16":"product-type-simple"},"yoast_head":"<!-- This site is optimized with the Yoast SEO plugin v27.2 - https:\/\/yoast.com\/product\/yoast-seo-wordpress\/ -->\n<title>Palletas de corno e buxo - Pablo Carpintero<\/title>\n<meta name=\"robots\" content=\"index, follow, max-snippet:-1, max-image-preview:large, max-video-preview:-1\" \/>\n<link rel=\"canonical\" href=\"https:\/\/pablocarpintero.es\/es\/producto\/palletas-de-corno-e-buxo\/\" \/>\n<meta property=\"og:locale\" content=\"es_ES\" \/>\n<meta property=\"og:type\" content=\"article\" \/>\n<meta property=\"og:title\" content=\"Palletas de corno e buxo - Pablo Carpintero\" \/>\n<meta property=\"og:description\" content=\"A cana, o Arundo donax, chegou \u00e1 pen\u00ednsula no s\u00e9culo XVI. Se as gaitas de fol levan existindo aqu\u00ed dende, polo menos, a Idade Media, de que se fac\u00edan ent\u00f3n as palletas antes da chegada da cana? a resposta est\u00e1 na tradici\u00f3n: de corno ou de buxo. Moitos gaiteiros, a\u00ednda no s\u00e9culo XX, seguiron fabricando [&hellip;]\" \/>\n<meta property=\"og:url\" content=\"https:\/\/pablocarpintero.es\/es\/producto\/palletas-de-corno-e-buxo\/\" \/>\n<meta property=\"og:site_name\" content=\"Pablo Carpintero\" \/>\n<meta property=\"article:modified_time\" content=\"2021-12-01T10:07:09+00:00\" \/>\n<meta property=\"og:image\" content=\"https:\/\/pablocarpintero.es\/wp-content\/uploads\/2021\/11\/Puntera-alistana-Pablo-carpintero-2.jpg\" \/>\n\t<meta property=\"og:image:width\" content=\"1515\" \/>\n\t<meta property=\"og:image:height\" content=\"1214\" \/>\n\t<meta property=\"og:image:type\" content=\"image\/jpeg\" \/>\n<meta name=\"twitter:card\" content=\"summary_large_image\" \/>\n<meta name=\"twitter:label1\" content=\"Tiempo de lectura\" \/>\n\t<meta name=\"twitter:data1\" content=\"1 minuto\" \/>\n<script type=\"application\/ld+json\" class=\"yoast-schema-graph\">{\"@context\":\"https:\/\/schema.org\",\"@graph\":[{\"@type\":\"WebPage\",\"@id\":\"https:\/\/pablocarpintero.es\/producto\/palletas-de-corno-e-buxo\/\",\"url\":\"https:\/\/pablocarpintero.es\/producto\/palletas-de-corno-e-buxo\/\",\"name\":\"Palletas de corno e buxo - Pablo Carpintero\",\"isPartOf\":{\"@id\":\"https:\/\/pablocarpintero.es\/#website\"},\"primaryImageOfPage\":{\"@id\":\"https:\/\/pablocarpintero.es\/producto\/palletas-de-corno-e-buxo\/#primaryimage\"},\"image\":{\"@id\":\"https:\/\/pablocarpintero.es\/producto\/palletas-de-corno-e-buxo\/#primaryimage\"},\"thumbnailUrl\":\"https:\/\/pablocarpintero.es\/wp-content\/uploads\/2021\/11\/Puntera-alistana-Pablo-carpintero-2.jpg\",\"datePublished\":\"2021-11-22T05:47:49+00:00\",\"dateModified\":\"2021-12-01T10:07:09+00:00\",\"breadcrumb\":{\"@id\":\"https:\/\/pablocarpintero.es\/producto\/palletas-de-corno-e-buxo\/#breadcrumb\"},\"inLanguage\":\"es\",\"potentialAction\":[{\"@type\":\"ReadAction\",\"target\":[\"https:\/\/pablocarpintero.es\/producto\/palletas-de-corno-e-buxo\/\"]}]},{\"@type\":\"ImageObject\",\"inLanguage\":\"es\",\"@id\":\"https:\/\/pablocarpintero.es\/producto\/palletas-de-corno-e-buxo\/#primaryimage\",\"url\":\"https:\/\/pablocarpintero.es\/wp-content\/uploads\/2021\/11\/Puntera-alistana-Pablo-carpintero-2.jpg\",\"contentUrl\":\"https:\/\/pablocarpintero.es\/wp-content\/uploads\/2021\/11\/Puntera-alistana-Pablo-carpintero-2.jpg\",\"width\":1515,\"height\":1214},{\"@type\":\"BreadcrumbList\",\"@id\":\"https:\/\/pablocarpintero.es\/producto\/palletas-de-corno-e-buxo\/#breadcrumb\",\"itemListElement\":[{\"@type\":\"ListItem\",\"position\":1,\"name\":\"Portada\",\"item\":\"https:\/\/pablocarpintero.es\/inicio\/\"},{\"@type\":\"ListItem\",\"position\":2,\"name\":\"Tienda\",\"item\":\"https:\/\/pablocarpintero.es\/tienda\/\"},{\"@type\":\"ListItem\",\"position\":3,\"name\":\"Palletas de corno e buxo\"}]},{\"@type\":\"WebSite\",\"@id\":\"https:\/\/pablocarpintero.es\/#website\",\"url\":\"https:\/\/pablocarpintero.es\/\",\"name\":\"Pablo Carpintero\",\"description\":\"Otro sitio realizado con WordPress\",\"potentialAction\":[{\"@type\":\"SearchAction\",\"target\":{\"@type\":\"EntryPoint\",\"urlTemplate\":\"https:\/\/pablocarpintero.es\/?s={search_term_string}\"},\"query-input\":{\"@type\":\"PropertyValueSpecification\",\"valueRequired\":true,\"valueName\":\"search_term_string\"}}],\"inLanguage\":\"es\"}]}<\/script>\n<!-- \/ Yoast SEO plugin. -->","yoast_head_json":{"title":"Palletas de corno e buxo - Pablo Carpintero","robots":{"index":"index","follow":"follow","max-snippet":"max-snippet:-1","max-image-preview":"max-image-preview:large","max-video-preview":"max-video-preview:-1"},"canonical":"https:\/\/pablocarpintero.es\/es\/producto\/palletas-de-corno-e-buxo\/","og_locale":"es_ES","og_type":"article","og_title":"Palletas de corno e buxo - Pablo Carpintero","og_description":"A cana, o Arundo donax, chegou \u00e1 pen\u00ednsula no s\u00e9culo XVI. Se as gaitas de fol levan existindo aqu\u00ed dende, polo menos, a Idade Media, de que se fac\u00edan ent\u00f3n as palletas antes da chegada da cana? a resposta est\u00e1 na tradici\u00f3n: de corno ou de buxo. Moitos gaiteiros, a\u00ednda no s\u00e9culo XX, seguiron fabricando [&hellip;]","og_url":"https:\/\/pablocarpintero.es\/es\/producto\/palletas-de-corno-e-buxo\/","og_site_name":"Pablo Carpintero","article_modified_time":"2021-12-01T10:07:09+00:00","og_image":[{"width":1515,"height":1214,"url":"https:\/\/pablocarpintero.es\/wp-content\/uploads\/2021\/11\/Puntera-alistana-Pablo-carpintero-2.jpg","type":"image\/jpeg"}],"twitter_card":"summary_large_image","twitter_misc":{"Tiempo de lectura":"1 minuto"},"schema":{"@context":"https:\/\/schema.org","@graph":[{"@type":"WebPage","@id":"https:\/\/pablocarpintero.es\/producto\/palletas-de-corno-e-buxo\/","url":"https:\/\/pablocarpintero.es\/producto\/palletas-de-corno-e-buxo\/","name":"Palletas de corno e buxo - Pablo Carpintero","isPartOf":{"@id":"https:\/\/pablocarpintero.es\/#website"},"primaryImageOfPage":{"@id":"https:\/\/pablocarpintero.es\/producto\/palletas-de-corno-e-buxo\/#primaryimage"},"image":{"@id":"https:\/\/pablocarpintero.es\/producto\/palletas-de-corno-e-buxo\/#primaryimage"},"thumbnailUrl":"https:\/\/pablocarpintero.es\/wp-content\/uploads\/2021\/11\/Puntera-alistana-Pablo-carpintero-2.jpg","datePublished":"2021-11-22T05:47:49+00:00","dateModified":"2021-12-01T10:07:09+00:00","breadcrumb":{"@id":"https:\/\/pablocarpintero.es\/producto\/palletas-de-corno-e-buxo\/#breadcrumb"},"inLanguage":"es","potentialAction":[{"@type":"ReadAction","target":["https:\/\/pablocarpintero.es\/producto\/palletas-de-corno-e-buxo\/"]}]},{"@type":"ImageObject","inLanguage":"es","@id":"https:\/\/pablocarpintero.es\/producto\/palletas-de-corno-e-buxo\/#primaryimage","url":"https:\/\/pablocarpintero.es\/wp-content\/uploads\/2021\/11\/Puntera-alistana-Pablo-carpintero-2.jpg","contentUrl":"https:\/\/pablocarpintero.es\/wp-content\/uploads\/2021\/11\/Puntera-alistana-Pablo-carpintero-2.jpg","width":1515,"height":1214},{"@type":"BreadcrumbList","@id":"https:\/\/pablocarpintero.es\/producto\/palletas-de-corno-e-buxo\/#breadcrumb","itemListElement":[{"@type":"ListItem","position":1,"name":"Portada","item":"https:\/\/pablocarpintero.es\/inicio\/"},{"@type":"ListItem","position":2,"name":"Tienda","item":"https:\/\/pablocarpintero.es\/tienda\/"},{"@type":"ListItem","position":3,"name":"Palletas de corno e buxo"}]},{"@type":"WebSite","@id":"https:\/\/pablocarpintero.es\/#website","url":"https:\/\/pablocarpintero.es\/","name":"Pablo Carpintero","description":"Otro sitio realizado con WordPress","potentialAction":[{"@type":"SearchAction","target":{"@type":"EntryPoint","urlTemplate":"https:\/\/pablocarpintero.es\/?s={search_term_string}"},"query-input":{"@type":"PropertyValueSpecification","valueRequired":true,"valueName":"search_term_string"}}],"inLanguage":"es"}]}},"_links":{"self":[{"href":"https:\/\/pablocarpintero.es\/es\/wp-json\/wp\/v2\/product\/1415","targetHints":{"allow":["GET"]}}],"collection":[{"href":"https:\/\/pablocarpintero.es\/es\/wp-json\/wp\/v2\/product"}],"about":[{"href":"https:\/\/pablocarpintero.es\/es\/wp-json\/wp\/v2\/types\/product"}],"replies":[{"embeddable":true,"href":"https:\/\/pablocarpintero.es\/es\/wp-json\/wp\/v2\/comments?post=1415"}],"wp:featuredmedia":[{"embeddable":true,"href":"https:\/\/pablocarpintero.es\/es\/wp-json\/wp\/v2\/media\/1194"}],"wp:attachment":[{"href":"https:\/\/pablocarpintero.es\/es\/wp-json\/wp\/v2\/media?parent=1415"}],"wp:term":[{"taxonomy":"product_brand","embeddable":true,"href":"https:\/\/pablocarpintero.es\/es\/wp-json\/wp\/v2\/product_brand?post=1415"},{"taxonomy":"product_cat","embeddable":true,"href":"https:\/\/pablocarpintero.es\/es\/wp-json\/wp\/v2\/product_cat?post=1415"},{"taxonomy":"product_tag","embeddable":true,"href":"https:\/\/pablocarpintero.es\/es\/wp-json\/wp\/v2\/product_tag?post=1415"}],"curies":[{"name":"wp","href":"https:\/\/api.w.org\/{rel}","templated":true}]}}