{"id":1687,"date":"2021-11-26T09:10:06","date_gmt":"2021-11-26T09:10:06","guid":{"rendered":"https:\/\/pablocarpintero.es\/?post_type=product&#038;p=1687"},"modified":"2021-11-26T09:17:15","modified_gmt":"2021-11-26T09:17:15","slug":"aulos-do-louvre","status":"publish","type":"product","link":"https:\/\/pablocarpintero.es\/es\/producto\/aulos-do-louvre\/","title":{"rendered":"Aulos del Louvre"},"content":{"rendered":"<p>Esta es una r\u00e9plica exacta del aulos egipcio que se conserva en el Museo del Louvre, uno de los mejor conservados del mundo y que data de principios de nuestra era.<\/p>\n<p>Los auloi eran instrumentos musicales formados por dos tubos provistos de pajuelas, es decir, eran gaitas que se soplaban directamente con la boca con el sistema de la respiraci\u00f3n circular. Es un instrumento musical que sabemos que  tocaban los \u00edberos y los castrexos, como lo dej\u00f3 escrito <a href=\"http:\/\/www.consellodacultura.org\/asg\/instrumentos\/os-aerofonos\/aerofonos-de-lingueta-dupla-dotados-de-fol-as-gaitas-de-fol\/\">Estrab\u00f3n<\/a>. Est\u00e1 perfectamente documentado tanto en la <a href=\"http:\/\/www.consellodacultura.gal\/asg\/instrumentos\/os-aerofonos\/gaita-vilarino-de-conso\/\">tradici\u00f3n<\/a> viva, como en la iconograf\u00eda gallega anterior al siglo XIII, cuando estos hermosos instrumentos musicales comenzaron a desaparecer, probablemente desplazados por las gaitas de fuelle.<\/p>\n<p>Los auloi son los antepasados directos de todas nuestras gaitas de fuelle.<\/p>\n<p><a href=\"https:\/\/www.youtube.com\/watch?v=aI7YwJ1jBhY\">Aqu\u00ed<\/a> puedes escuchar a Max Brumberg mostrando c\u00f3mo se tocan estos instrumentos musicales.<\/p>","protected":false},"excerpt":{"rendered":"<p>Esta \u00e9 unha r\u00e9plica exacta do aulos exipcio que se garda no Museo do Louvre,\u00a0un dos mellores conservados do mundo e datado a principios da nosa era. Os auloi eran instrumentos musicais consistentes en dous tubos fornecidos con sendas palletas, ou sexa, eran gaitas sopradas directamente coa boca co sistema da respiraci\u00f3n circular. \u00c9 un [&hellip;]<\/p>\n","protected":false},"featured_media":1679,"comment_status":"open","ping_status":"closed","template":"","meta":{"give_campaign_id":0,"_joinchat":[]},"product_brand":[],"product_cat":[34,18],"product_tag":[],"class_list":{"0":"post-1687","1":"product","2":"type-product","3":"status-publish","4":"has-post-thumbnail","6":"product_cat-instrumentos-medievais","7":"product_cat-instrumentos-musicales","9":"first","10":"instock","11":"taxable","12":"shipping-taxable","13":"purchasable","14":"product-type-simple"},"yoast_head":"<!-- This site is optimized with the Yoast SEO plugin v27.2 - https:\/\/yoast.com\/product\/yoast-seo-wordpress\/ -->\n<title>Aulos do Louvre - Pablo Carpintero<\/title>\n<meta name=\"robots\" content=\"index, follow, max-snippet:-1, max-image-preview:large, max-video-preview:-1\" \/>\n<link rel=\"canonical\" href=\"https:\/\/pablocarpintero.es\/es\/producto\/aulos-do-louvre\/\" \/>\n<meta property=\"og:locale\" content=\"es_ES\" \/>\n<meta property=\"og:type\" content=\"article\" \/>\n<meta property=\"og:title\" content=\"Aulos do Louvre - Pablo Carpintero\" \/>\n<meta property=\"og:description\" content=\"Esta \u00e9 unha r\u00e9plica exacta do aulos exipcio que se garda no Museo do Louvre,\u00a0un dos mellores conservados do mundo e datado a principios da nosa era. Os auloi eran instrumentos musicais consistentes en dous tubos fornecidos con sendas palletas, ou sexa, eran gaitas sopradas directamente coa boca co sistema da respiraci\u00f3n circular. \u00c9 un [&hellip;]\" \/>\n<meta property=\"og:url\" content=\"https:\/\/pablocarpintero.es\/es\/producto\/aulos-do-louvre\/\" \/>\n<meta property=\"og:site_name\" content=\"Pablo Carpintero\" \/>\n<meta property=\"article:modified_time\" content=\"2021-11-26T09:17:15+00:00\" \/>\n<meta property=\"og:image\" content=\"https:\/\/pablocarpintero.es\/wp-content\/uploads\/2021\/11\/Aulos-Pablo-Carpintero-1.jpg\" \/>\n\t<meta property=\"og:image:width\" content=\"2068\" \/>\n\t<meta property=\"og:image:height\" content=\"1552\" \/>\n\t<meta property=\"og:image:type\" content=\"image\/jpeg\" \/>\n<meta name=\"twitter:card\" content=\"summary_large_image\" \/>\n<meta name=\"twitter:label1\" content=\"Tiempo de lectura\" \/>\n\t<meta name=\"twitter:data1\" content=\"1 minuto\" \/>\n<script type=\"application\/ld+json\" class=\"yoast-schema-graph\">{\"@context\":\"https:\/\/schema.org\",\"@graph\":[{\"@type\":\"WebPage\",\"@id\":\"https:\/\/pablocarpintero.es\/producto\/aulos-do-louvre\/\",\"url\":\"https:\/\/pablocarpintero.es\/producto\/aulos-do-louvre\/\",\"name\":\"Aulos do Louvre - Pablo Carpintero\",\"isPartOf\":{\"@id\":\"https:\/\/pablocarpintero.es\/#website\"},\"primaryImageOfPage\":{\"@id\":\"https:\/\/pablocarpintero.es\/producto\/aulos-do-louvre\/#primaryimage\"},\"image\":{\"@id\":\"https:\/\/pablocarpintero.es\/producto\/aulos-do-louvre\/#primaryimage\"},\"thumbnailUrl\":\"https:\/\/pablocarpintero.es\/wp-content\/uploads\/2021\/11\/Aulos-Pablo-Carpintero-1.jpg\",\"datePublished\":\"2021-11-26T09:10:06+00:00\",\"dateModified\":\"2021-11-26T09:17:15+00:00\",\"breadcrumb\":{\"@id\":\"https:\/\/pablocarpintero.es\/producto\/aulos-do-louvre\/#breadcrumb\"},\"inLanguage\":\"es\",\"potentialAction\":[{\"@type\":\"ReadAction\",\"target\":[\"https:\/\/pablocarpintero.es\/producto\/aulos-do-louvre\/\"]}]},{\"@type\":\"ImageObject\",\"inLanguage\":\"es\",\"@id\":\"https:\/\/pablocarpintero.es\/producto\/aulos-do-louvre\/#primaryimage\",\"url\":\"https:\/\/pablocarpintero.es\/wp-content\/uploads\/2021\/11\/Aulos-Pablo-Carpintero-1.jpg\",\"contentUrl\":\"https:\/\/pablocarpintero.es\/wp-content\/uploads\/2021\/11\/Aulos-Pablo-Carpintero-1.jpg\",\"width\":2068,\"height\":1552},{\"@type\":\"BreadcrumbList\",\"@id\":\"https:\/\/pablocarpintero.es\/producto\/aulos-do-louvre\/#breadcrumb\",\"itemListElement\":[{\"@type\":\"ListItem\",\"position\":1,\"name\":\"Portada\",\"item\":\"https:\/\/pablocarpintero.es\/inicio\/\"},{\"@type\":\"ListItem\",\"position\":2,\"name\":\"Tienda\",\"item\":\"https:\/\/pablocarpintero.es\/tienda\/\"},{\"@type\":\"ListItem\",\"position\":3,\"name\":\"Aulos do Louvre\"}]},{\"@type\":\"WebSite\",\"@id\":\"https:\/\/pablocarpintero.es\/#website\",\"url\":\"https:\/\/pablocarpintero.es\/\",\"name\":\"Pablo Carpintero\",\"description\":\"Otro sitio realizado con WordPress\",\"potentialAction\":[{\"@type\":\"SearchAction\",\"target\":{\"@type\":\"EntryPoint\",\"urlTemplate\":\"https:\/\/pablocarpintero.es\/?s={search_term_string}\"},\"query-input\":{\"@type\":\"PropertyValueSpecification\",\"valueRequired\":true,\"valueName\":\"search_term_string\"}}],\"inLanguage\":\"es\"}]}<\/script>\n<!-- \/ Yoast SEO plugin. -->","yoast_head_json":{"title":"Aulos do Louvre - Pablo Carpintero","robots":{"index":"index","follow":"follow","max-snippet":"max-snippet:-1","max-image-preview":"max-image-preview:large","max-video-preview":"max-video-preview:-1"},"canonical":"https:\/\/pablocarpintero.es\/es\/producto\/aulos-do-louvre\/","og_locale":"es_ES","og_type":"article","og_title":"Aulos do Louvre - Pablo Carpintero","og_description":"Esta \u00e9 unha r\u00e9plica exacta do aulos exipcio que se garda no Museo do Louvre,\u00a0un dos mellores conservados do mundo e datado a principios da nosa era. Os auloi eran instrumentos musicais consistentes en dous tubos fornecidos con sendas palletas, ou sexa, eran gaitas sopradas directamente coa boca co sistema da respiraci\u00f3n circular. \u00c9 un [&hellip;]","og_url":"https:\/\/pablocarpintero.es\/es\/producto\/aulos-do-louvre\/","og_site_name":"Pablo Carpintero","article_modified_time":"2021-11-26T09:17:15+00:00","og_image":[{"width":2068,"height":1552,"url":"https:\/\/pablocarpintero.es\/wp-content\/uploads\/2021\/11\/Aulos-Pablo-Carpintero-1.jpg","type":"image\/jpeg"}],"twitter_card":"summary_large_image","twitter_misc":{"Tiempo de lectura":"1 minuto"},"schema":{"@context":"https:\/\/schema.org","@graph":[{"@type":"WebPage","@id":"https:\/\/pablocarpintero.es\/producto\/aulos-do-louvre\/","url":"https:\/\/pablocarpintero.es\/producto\/aulos-do-louvre\/","name":"Aulos do Louvre - Pablo Carpintero","isPartOf":{"@id":"https:\/\/pablocarpintero.es\/#website"},"primaryImageOfPage":{"@id":"https:\/\/pablocarpintero.es\/producto\/aulos-do-louvre\/#primaryimage"},"image":{"@id":"https:\/\/pablocarpintero.es\/producto\/aulos-do-louvre\/#primaryimage"},"thumbnailUrl":"https:\/\/pablocarpintero.es\/wp-content\/uploads\/2021\/11\/Aulos-Pablo-Carpintero-1.jpg","datePublished":"2021-11-26T09:10:06+00:00","dateModified":"2021-11-26T09:17:15+00:00","breadcrumb":{"@id":"https:\/\/pablocarpintero.es\/producto\/aulos-do-louvre\/#breadcrumb"},"inLanguage":"es","potentialAction":[{"@type":"ReadAction","target":["https:\/\/pablocarpintero.es\/producto\/aulos-do-louvre\/"]}]},{"@type":"ImageObject","inLanguage":"es","@id":"https:\/\/pablocarpintero.es\/producto\/aulos-do-louvre\/#primaryimage","url":"https:\/\/pablocarpintero.es\/wp-content\/uploads\/2021\/11\/Aulos-Pablo-Carpintero-1.jpg","contentUrl":"https:\/\/pablocarpintero.es\/wp-content\/uploads\/2021\/11\/Aulos-Pablo-Carpintero-1.jpg","width":2068,"height":1552},{"@type":"BreadcrumbList","@id":"https:\/\/pablocarpintero.es\/producto\/aulos-do-louvre\/#breadcrumb","itemListElement":[{"@type":"ListItem","position":1,"name":"Portada","item":"https:\/\/pablocarpintero.es\/inicio\/"},{"@type":"ListItem","position":2,"name":"Tienda","item":"https:\/\/pablocarpintero.es\/tienda\/"},{"@type":"ListItem","position":3,"name":"Aulos do Louvre"}]},{"@type":"WebSite","@id":"https:\/\/pablocarpintero.es\/#website","url":"https:\/\/pablocarpintero.es\/","name":"Pablo Carpintero","description":"Otro sitio realizado con WordPress","potentialAction":[{"@type":"SearchAction","target":{"@type":"EntryPoint","urlTemplate":"https:\/\/pablocarpintero.es\/?s={search_term_string}"},"query-input":{"@type":"PropertyValueSpecification","valueRequired":true,"valueName":"search_term_string"}}],"inLanguage":"es"}]}},"_links":{"self":[{"href":"https:\/\/pablocarpintero.es\/es\/wp-json\/wp\/v2\/product\/1687","targetHints":{"allow":["GET"]}}],"collection":[{"href":"https:\/\/pablocarpintero.es\/es\/wp-json\/wp\/v2\/product"}],"about":[{"href":"https:\/\/pablocarpintero.es\/es\/wp-json\/wp\/v2\/types\/product"}],"replies":[{"embeddable":true,"href":"https:\/\/pablocarpintero.es\/es\/wp-json\/wp\/v2\/comments?post=1687"}],"wp:featuredmedia":[{"embeddable":true,"href":"https:\/\/pablocarpintero.es\/es\/wp-json\/wp\/v2\/media\/1679"}],"wp:attachment":[{"href":"https:\/\/pablocarpintero.es\/es\/wp-json\/wp\/v2\/media?parent=1687"}],"wp:term":[{"taxonomy":"product_brand","embeddable":true,"href":"https:\/\/pablocarpintero.es\/es\/wp-json\/wp\/v2\/product_brand?post=1687"},{"taxonomy":"product_cat","embeddable":true,"href":"https:\/\/pablocarpintero.es\/es\/wp-json\/wp\/v2\/product_cat?post=1687"},{"taxonomy":"product_tag","embeddable":true,"href":"https:\/\/pablocarpintero.es\/es\/wp-json\/wp\/v2\/product_tag?post=1687"}],"curies":[{"name":"wp","href":"https:\/\/api.w.org\/{rel}","templated":true}]}}