{"id":1740,"date":"2021-11-27T08:06:06","date_gmt":"2021-11-27T08:06:06","guid":{"rendered":"https:\/\/pablocarpintero.es\/?post_type=product&#038;p=1740"},"modified":"2026-03-19T12:47:50","modified_gmt":"2026-03-19T12:47:50","slug":"foles-sinteticos","status":"publish","type":"product","link":"https:\/\/pablocarpintero.es\/es\/producto\/foles-sinteticos\/","title":{"rendered":"Fuelles sint\u00e9ticos"},"content":{"rendered":"<p>Fuelles de material sint\u00e9tico similar al goretex pero m\u00e1s flexible, con cinta adhesiva exterior e interior que alarga su vida. Garantizados por ocho a\u00f1os.<\/p>\n<p>Te ofrecemos los siguientes patrones:<\/p>\n<ol>\n<li>Asturiano, un fuelle grande y alargado<\/li>\n<li>Gallego est\u00e1ndar.<\/li>\n<li>Gallego tipo \"Feijoo\", para <a href=\"https:\/\/pablocarpintero.es\/es\/producto\/vestidos-tipo-pontevedra\/\">Vestidos basados en los modelos antiguos de Pontevedra<\/a>.<\/li>\n<li>Con forma de cabrito, por ejemplo, para <a href=\"https:\/\/pablocarpintero.es\/es\/instrumentos-musicais\/gaitas-de-fol\/replicas-de-gaitas-de-fol-antigas\/replicas-de-gaitas-portuguesas\/\">gaitas mirandesas<\/a>.<\/li>\n<li>Para vestidos tradicionales de <a href=\"https:\/\/pablocarpintero.es\/es\/instrumentos-musicais\/gaitas-de-fol\/replicas-de-gaitas-de-fol-antigas\/replicas-de-gaitas-portuguesas\/\">Coimbra<\/a>.<\/li>\n<\/ol>","protected":false},"excerpt":{"rendered":"<p>Foles de material sint\u00e9tico similar ao goretex pero m\u00e1s flexible, con cinta adhesiva exterior e interior que alonga a s\u00faa duraci\u00f3n. Garantizados por oito anos. Ofrec\u00e9mosche os seguintes patr\u00f3ns: Asturiano, un fol grande e alongado. Galego est\u00e1ndar. Galego tipo &#8220;Feijoo&#8221;, para vestidos baseados no modelo antigo de Pontevedra. Con forma de cabrito, por exemplo, para [&hellip;]<\/p>\n","protected":false},"featured_media":1773,"comment_status":"open","ping_status":"closed","template":"","meta":{"give_campaign_id":0,"_joinchat":[]},"product_brand":[],"product_cat":[50,18],"product_tag":[],"class_list":{"0":"post-1740","1":"product","2":"type-product","3":"status-publish","4":"has-post-thumbnail","6":"product_cat-complementos","7":"product_cat-instrumentos-musicales","9":"first","10":"instock","11":"taxable","12":"shipping-taxable","13":"purchasable","14":"product-type-simple"},"yoast_head":"<!-- This site is optimized with the Yoast SEO plugin v27.2 - https:\/\/yoast.com\/product\/yoast-seo-wordpress\/ -->\n<title>Foles sint\u00e9ticos - Pablo Carpintero<\/title>\n<meta name=\"robots\" content=\"index, follow, max-snippet:-1, max-image-preview:large, max-video-preview:-1\" \/>\n<link rel=\"canonical\" href=\"https:\/\/pablocarpintero.es\/es\/producto\/foles-sinteticos\/\" \/>\n<meta property=\"og:locale\" content=\"es_ES\" \/>\n<meta property=\"og:type\" content=\"article\" \/>\n<meta property=\"og:title\" content=\"Foles sint\u00e9ticos - Pablo Carpintero\" \/>\n<meta property=\"og:description\" content=\"Foles de material sint\u00e9tico similar ao goretex pero m\u00e1s flexible, con cinta adhesiva exterior e interior que alonga a s\u00faa duraci\u00f3n. Garantizados por oito anos. Ofrec\u00e9mosche os seguintes patr\u00f3ns: Asturiano, un fol grande e alongado. Galego est\u00e1ndar. Galego tipo &#8220;Feijoo&#8221;, para vestidos baseados no modelo antigo de Pontevedra. Con forma de cabrito, por exemplo, para [&hellip;]\" \/>\n<meta property=\"og:url\" content=\"https:\/\/pablocarpintero.es\/es\/producto\/foles-sinteticos\/\" \/>\n<meta property=\"og:site_name\" content=\"Pablo Carpintero\" \/>\n<meta property=\"article:modified_time\" content=\"2026-03-19T12:47:50+00:00\" \/>\n<meta property=\"og:image\" content=\"https:\/\/pablocarpintero.es\/wp-content\/uploads\/2021\/11\/Foles-fuelles-Perfecto-feijoo-Pablo-carpintero.jpg\" \/>\n\t<meta property=\"og:image:width\" content=\"1599\" \/>\n\t<meta property=\"og:image:height\" content=\"1086\" \/>\n\t<meta property=\"og:image:type\" content=\"image\/jpeg\" \/>\n<meta name=\"twitter:card\" content=\"summary_large_image\" \/>\n<meta name=\"twitter:label1\" content=\"Tiempo de lectura\" \/>\n\t<meta name=\"twitter:data1\" content=\"1 minuto\" \/>\n<script type=\"application\/ld+json\" class=\"yoast-schema-graph\">{\"@context\":\"https:\/\/schema.org\",\"@graph\":[{\"@type\":\"WebPage\",\"@id\":\"https:\/\/pablocarpintero.es\/producto\/foles-sinteticos\/\",\"url\":\"https:\/\/pablocarpintero.es\/producto\/foles-sinteticos\/\",\"name\":\"Foles sint\u00e9ticos - Pablo Carpintero\",\"isPartOf\":{\"@id\":\"https:\/\/pablocarpintero.es\/#website\"},\"primaryImageOfPage\":{\"@id\":\"https:\/\/pablocarpintero.es\/producto\/foles-sinteticos\/#primaryimage\"},\"image\":{\"@id\":\"https:\/\/pablocarpintero.es\/producto\/foles-sinteticos\/#primaryimage\"},\"thumbnailUrl\":\"https:\/\/pablocarpintero.es\/wp-content\/uploads\/2021\/11\/Foles-fuelles-Perfecto-feijoo-Pablo-carpintero.jpg\",\"datePublished\":\"2021-11-27T08:06:06+00:00\",\"dateModified\":\"2026-03-19T12:47:50+00:00\",\"breadcrumb\":{\"@id\":\"https:\/\/pablocarpintero.es\/producto\/foles-sinteticos\/#breadcrumb\"},\"inLanguage\":\"es\",\"potentialAction\":[{\"@type\":\"ReadAction\",\"target\":[\"https:\/\/pablocarpintero.es\/producto\/foles-sinteticos\/\"]}]},{\"@type\":\"ImageObject\",\"inLanguage\":\"es\",\"@id\":\"https:\/\/pablocarpintero.es\/producto\/foles-sinteticos\/#primaryimage\",\"url\":\"https:\/\/pablocarpintero.es\/wp-content\/uploads\/2021\/11\/Foles-fuelles-Perfecto-feijoo-Pablo-carpintero.jpg\",\"contentUrl\":\"https:\/\/pablocarpintero.es\/wp-content\/uploads\/2021\/11\/Foles-fuelles-Perfecto-feijoo-Pablo-carpintero.jpg\",\"width\":1599,\"height\":1086},{\"@type\":\"BreadcrumbList\",\"@id\":\"https:\/\/pablocarpintero.es\/producto\/foles-sinteticos\/#breadcrumb\",\"itemListElement\":[{\"@type\":\"ListItem\",\"position\":1,\"name\":\"Portada\",\"item\":\"https:\/\/pablocarpintero.es\/inicio\/\"},{\"@type\":\"ListItem\",\"position\":2,\"name\":\"Tienda\",\"item\":\"https:\/\/pablocarpintero.es\/tienda\/\"},{\"@type\":\"ListItem\",\"position\":3,\"name\":\"Foles sint\u00e9ticos\"}]},{\"@type\":\"WebSite\",\"@id\":\"https:\/\/pablocarpintero.es\/#website\",\"url\":\"https:\/\/pablocarpintero.es\/\",\"name\":\"Pablo Carpintero\",\"description\":\"Otro sitio realizado con WordPress\",\"potentialAction\":[{\"@type\":\"SearchAction\",\"target\":{\"@type\":\"EntryPoint\",\"urlTemplate\":\"https:\/\/pablocarpintero.es\/?s={search_term_string}\"},\"query-input\":{\"@type\":\"PropertyValueSpecification\",\"valueRequired\":true,\"valueName\":\"search_term_string\"}}],\"inLanguage\":\"es\"}]}<\/script>\n<!-- \/ Yoast SEO plugin. -->","yoast_head_json":{"title":"Foles sint\u00e9ticos - Pablo Carpintero","robots":{"index":"index","follow":"follow","max-snippet":"max-snippet:-1","max-image-preview":"max-image-preview:large","max-video-preview":"max-video-preview:-1"},"canonical":"https:\/\/pablocarpintero.es\/es\/producto\/foles-sinteticos\/","og_locale":"es_ES","og_type":"article","og_title":"Foles sint\u00e9ticos - Pablo Carpintero","og_description":"Foles de material sint\u00e9tico similar ao goretex pero m\u00e1s flexible, con cinta adhesiva exterior e interior que alonga a s\u00faa duraci\u00f3n. Garantizados por oito anos. Ofrec\u00e9mosche os seguintes patr\u00f3ns: Asturiano, un fol grande e alongado. Galego est\u00e1ndar. Galego tipo &#8220;Feijoo&#8221;, para vestidos baseados no modelo antigo de Pontevedra. Con forma de cabrito, por exemplo, para [&hellip;]","og_url":"https:\/\/pablocarpintero.es\/es\/producto\/foles-sinteticos\/","og_site_name":"Pablo Carpintero","article_modified_time":"2026-03-19T12:47:50+00:00","og_image":[{"width":1599,"height":1086,"url":"https:\/\/pablocarpintero.es\/wp-content\/uploads\/2021\/11\/Foles-fuelles-Perfecto-feijoo-Pablo-carpintero.jpg","type":"image\/jpeg"}],"twitter_card":"summary_large_image","twitter_misc":{"Tiempo de lectura":"1 minuto"},"schema":{"@context":"https:\/\/schema.org","@graph":[{"@type":"WebPage","@id":"https:\/\/pablocarpintero.es\/producto\/foles-sinteticos\/","url":"https:\/\/pablocarpintero.es\/producto\/foles-sinteticos\/","name":"Foles sint\u00e9ticos - Pablo Carpintero","isPartOf":{"@id":"https:\/\/pablocarpintero.es\/#website"},"primaryImageOfPage":{"@id":"https:\/\/pablocarpintero.es\/producto\/foles-sinteticos\/#primaryimage"},"image":{"@id":"https:\/\/pablocarpintero.es\/producto\/foles-sinteticos\/#primaryimage"},"thumbnailUrl":"https:\/\/pablocarpintero.es\/wp-content\/uploads\/2021\/11\/Foles-fuelles-Perfecto-feijoo-Pablo-carpintero.jpg","datePublished":"2021-11-27T08:06:06+00:00","dateModified":"2026-03-19T12:47:50+00:00","breadcrumb":{"@id":"https:\/\/pablocarpintero.es\/producto\/foles-sinteticos\/#breadcrumb"},"inLanguage":"es","potentialAction":[{"@type":"ReadAction","target":["https:\/\/pablocarpintero.es\/producto\/foles-sinteticos\/"]}]},{"@type":"ImageObject","inLanguage":"es","@id":"https:\/\/pablocarpintero.es\/producto\/foles-sinteticos\/#primaryimage","url":"https:\/\/pablocarpintero.es\/wp-content\/uploads\/2021\/11\/Foles-fuelles-Perfecto-feijoo-Pablo-carpintero.jpg","contentUrl":"https:\/\/pablocarpintero.es\/wp-content\/uploads\/2021\/11\/Foles-fuelles-Perfecto-feijoo-Pablo-carpintero.jpg","width":1599,"height":1086},{"@type":"BreadcrumbList","@id":"https:\/\/pablocarpintero.es\/producto\/foles-sinteticos\/#breadcrumb","itemListElement":[{"@type":"ListItem","position":1,"name":"Portada","item":"https:\/\/pablocarpintero.es\/inicio\/"},{"@type":"ListItem","position":2,"name":"Tienda","item":"https:\/\/pablocarpintero.es\/tienda\/"},{"@type":"ListItem","position":3,"name":"Foles sint\u00e9ticos"}]},{"@type":"WebSite","@id":"https:\/\/pablocarpintero.es\/#website","url":"https:\/\/pablocarpintero.es\/","name":"Pablo Carpintero","description":"Otro sitio realizado con WordPress","potentialAction":[{"@type":"SearchAction","target":{"@type":"EntryPoint","urlTemplate":"https:\/\/pablocarpintero.es\/?s={search_term_string}"},"query-input":{"@type":"PropertyValueSpecification","valueRequired":true,"valueName":"search_term_string"}}],"inLanguage":"es"}]}},"_links":{"self":[{"href":"https:\/\/pablocarpintero.es\/es\/wp-json\/wp\/v2\/product\/1740","targetHints":{"allow":["GET"]}}],"collection":[{"href":"https:\/\/pablocarpintero.es\/es\/wp-json\/wp\/v2\/product"}],"about":[{"href":"https:\/\/pablocarpintero.es\/es\/wp-json\/wp\/v2\/types\/product"}],"replies":[{"embeddable":true,"href":"https:\/\/pablocarpintero.es\/es\/wp-json\/wp\/v2\/comments?post=1740"}],"wp:featuredmedia":[{"embeddable":true,"href":"https:\/\/pablocarpintero.es\/es\/wp-json\/wp\/v2\/media\/1773"}],"wp:attachment":[{"href":"https:\/\/pablocarpintero.es\/es\/wp-json\/wp\/v2\/media?parent=1740"}],"wp:term":[{"taxonomy":"product_brand","embeddable":true,"href":"https:\/\/pablocarpintero.es\/es\/wp-json\/wp\/v2\/product_brand?post=1740"},{"taxonomy":"product_cat","embeddable":true,"href":"https:\/\/pablocarpintero.es\/es\/wp-json\/wp\/v2\/product_cat?post=1740"},{"taxonomy":"product_tag","embeddable":true,"href":"https:\/\/pablocarpintero.es\/es\/wp-json\/wp\/v2\/product_tag?post=1740"}],"curies":[{"name":"wp","href":"https:\/\/api.w.org\/{rel}","templated":true}]}}