{"id":1741,"date":"2021-11-27T08:24:46","date_gmt":"2021-11-27T08:24:46","guid":{"rendered":"https:\/\/pablocarpintero.es\/?post_type=product&#038;p=1741"},"modified":"2026-03-07T01:40:00","modified_gmt":"2026-03-07T01:40:00","slug":"vestidos-tipo-pontevedra","status":"publish","type":"product","link":"https:\/\/pablocarpintero.es\/es\/producto\/vestidos-tipo-pontevedra\/","title":{"rendered":"Vestidos tipo Pontevedra"},"content":{"rendered":"<p>Hace muchos a\u00f1os visitamos el Museo de Pontevedra para analizar las gaitas de Manuel Villanueva. All\u00ed nos encontramos con unos vestidos muy caracter\u00edsticos, peque\u00f1os y con una tapa lateral para dar salida al ronquillo y que se sujetaban contra el pecho del tocador apret\u00e1ndolos con el antebrazo, como se ve en la fotograf\u00eda de Perfecto Feijoo, una forma de sujetar el fuelle que indica claramente que estos gaiteros empleaban una t\u00e9cnica muy particular para mantener la presi\u00f3n del fuelle: no usaban el brazo para apretar y mantener la presi\u00f3n, sino que usaban el diafragma para este prop\u00f3sito, apretando con el brazo \u00fanicamente en el momento de tomar aire. Este sistema de soplado permite un control muy fino del tempero, ya que el diafragma humano es un m\u00fasculo especialmente dise\u00f1ado para controlar la presi\u00f3n del aire que sale de los pulmones. De esta forma, los grandes gaiteros de la Pontevedra finisecular pudieron controlar de manera exquisita la presi\u00f3n de sus fuelles, manteniendo una afinaci\u00f3n completamente uniforme de los ronquillos y pudiendo conseguir logros como hacer verdaderos silencios con la  puntera mientras los ronquillos de pajuela continuaban sonando.<\/p>\n<p>En el Museo de Pontevedra hab\u00eda tres gaitas con tres vestidos diferentes que puedes ver en la galer\u00eda de este producto: la gaita redonda de Villanueva era bastante grande, la gaita tumbal de este gaitero era un poco m\u00e1s peque\u00f1a y, finalmente, la gaita de Perfecto Feijoo, ten\u00eda un vestido extremadamente peque\u00f1o. Decidimos hacer una copia de este vestido para ver c\u00f3mo funcionaba, pero el resultado fue demasiado peque\u00f1o para nuestro gusto de entonces, puesto que uno de nuestros objetivos era poder cantar con la gaita; estamos hablando de la d\u00e9cada del 2000 aproximadamente. Entonces decidimos variar ese patr\u00f3n y, manteniendo las salidas de los tubos donde las ten\u00eda el vestido de gaita de Perfecto Feijoo, aumentamos considerablemente su tama\u00f1o. As\u00ed naci\u00f3 un vestido que es m\u00e1s grande que cualquiera de los empleados de las antiguas gaitas de Pontevedra pero que tuvo \u00e9xito, tanto entre mis alumnos de esa \u00e9poca, como Pablo Seoane, como entre amigos y compa\u00f1eros gaiteros como Emilio Lois. Este patr\u00f3n tard\u00f3 algunos a\u00f1os en difundirse, pero finalmente acab\u00f3 en las ofertas de otros artesanos con el nombre de \"Tipo Perfecto Feij\u00f3o (sic)\".<\/p>\n<p>Actualmente en nuestro taller ofrecemos cualquier tipo de vestido del modelo de Pontevedra, desde este que desarrollamos en base a los modelos antiguos, que es el que m\u00e1s montamos con diferencia, pasando por el de Perfecto Feijoo original o incluso los de las gaitas de Manuel Villanueva, vestidos que, con el tiempo, hemos podido comprobar que mejoran notablemente la t\u00e9cnica de uso del ronquillo, si bien tienen la necesidad de una mayor adaptaci\u00f3n y aprendizaje.<\/p>\n<p>Nuestros vestidos est\u00e1n confeccionados con telas originales de muy alta calidad, de las mejores casas europeas, que podr\u00e1s ver y elegir en nuestro taller. Los elaboramos de tres formas distintas: sin ribetear, ribeteados con una cinta alrededor, como era tradicional en Pontevedra, o tambi\u00e9n ribeteados con flecos, una forma habitual en el noroeste de Galicia.<\/p>","protected":false},"excerpt":{"rendered":"<p>Hai moitos anos visitamos o Museo de Pontevedra para analizar as gaitas de Manuel Villanueva. Al\u00ed achamos uns vestidos moi caracter\u00edsticos, pequenos e cunha tapa lateral para dar sa\u00edda ao ronquillo e que se sosti\u00f1an contra o peito do tocador apert\u00e1ndoos co antebrazo, como se ve na fotograf\u00eda de Perfecto Feijoo, un xeito de soster [&hellip;]<\/p>\n","protected":false},"featured_media":722,"comment_status":"open","ping_status":"closed","template":"","meta":{"give_campaign_id":0,"_joinchat":[]},"product_brand":[],"product_cat":[50,20,18],"product_tag":[],"class_list":{"0":"post-1741","1":"product","2":"type-product","3":"status-publish","4":"has-post-thumbnail","6":"product_cat-complementos","7":"product_cat-gaitas-de-fol","8":"product_cat-instrumentos-musicales","10":"first","11":"instock","12":"taxable","13":"shipping-taxable","14":"purchasable","15":"product-type-variable"},"yoast_head":"<!-- This site is optimized with the Yoast SEO plugin v27.2 - https:\/\/yoast.com\/product\/yoast-seo-wordpress\/ -->\n<title>Vestidos tipo Pontevedra - Pablo Carpintero<\/title>\n<meta name=\"robots\" content=\"index, follow, max-snippet:-1, max-image-preview:large, max-video-preview:-1\" \/>\n<link rel=\"canonical\" href=\"https:\/\/pablocarpintero.es\/es\/producto\/vestidos-tipo-pontevedra\/\" \/>\n<meta property=\"og:locale\" content=\"es_ES\" \/>\n<meta property=\"og:type\" content=\"article\" \/>\n<meta property=\"og:title\" content=\"Vestidos tipo Pontevedra - Pablo Carpintero\" \/>\n<meta property=\"og:description\" content=\"Hai moitos anos visitamos o Museo de Pontevedra para analizar as gaitas de Manuel Villanueva. Al\u00ed achamos uns vestidos moi caracter\u00edsticos, pequenos e cunha tapa lateral para dar sa\u00edda ao ronquillo e que se sosti\u00f1an contra o peito do tocador apert\u00e1ndoos co antebrazo, como se ve na fotograf\u00eda de Perfecto Feijoo, un xeito de soster [&hellip;]\" \/>\n<meta property=\"og:url\" content=\"https:\/\/pablocarpintero.es\/es\/producto\/vestidos-tipo-pontevedra\/\" \/>\n<meta property=\"og:site_name\" content=\"Pablo Carpintero\" \/>\n<meta property=\"article:modified_time\" content=\"2026-03-07T01:40:00+00:00\" \/>\n<meta property=\"og:image\" content=\"https:\/\/pablocarpintero.es\/wp-content\/uploads\/2021\/10\/Gaita-de-Perfecto-Feijoo.jpg\" \/>\n\t<meta property=\"og:image:width\" content=\"2144\" \/>\n\t<meta property=\"og:image:height\" content=\"1424\" \/>\n\t<meta property=\"og:image:type\" content=\"image\/jpeg\" \/>\n<meta name=\"twitter:card\" content=\"summary_large_image\" \/>\n<meta name=\"twitter:label1\" content=\"Tiempo de lectura\" \/>\n\t<meta name=\"twitter:data1\" content=\"3 minutos\" \/>\n<script type=\"application\/ld+json\" class=\"yoast-schema-graph\">{\"@context\":\"https:\/\/schema.org\",\"@graph\":[{\"@type\":\"WebPage\",\"@id\":\"https:\/\/pablocarpintero.es\/producto\/vestidos-tipo-pontevedra\/\",\"url\":\"https:\/\/pablocarpintero.es\/producto\/vestidos-tipo-pontevedra\/\",\"name\":\"Vestidos tipo Pontevedra - Pablo Carpintero\",\"isPartOf\":{\"@id\":\"https:\/\/pablocarpintero.es\/#website\"},\"primaryImageOfPage\":{\"@id\":\"https:\/\/pablocarpintero.es\/producto\/vestidos-tipo-pontevedra\/#primaryimage\"},\"image\":{\"@id\":\"https:\/\/pablocarpintero.es\/producto\/vestidos-tipo-pontevedra\/#primaryimage\"},\"thumbnailUrl\":\"https:\/\/pablocarpintero.es\/wp-content\/uploads\/2021\/10\/Gaita-de-Perfecto-Feijoo.jpg\",\"datePublished\":\"2021-11-27T08:24:46+00:00\",\"dateModified\":\"2026-03-07T01:40:00+00:00\",\"breadcrumb\":{\"@id\":\"https:\/\/pablocarpintero.es\/producto\/vestidos-tipo-pontevedra\/#breadcrumb\"},\"inLanguage\":\"es\",\"potentialAction\":[{\"@type\":\"ReadAction\",\"target\":[\"https:\/\/pablocarpintero.es\/producto\/vestidos-tipo-pontevedra\/\"]}]},{\"@type\":\"ImageObject\",\"inLanguage\":\"es\",\"@id\":\"https:\/\/pablocarpintero.es\/producto\/vestidos-tipo-pontevedra\/#primaryimage\",\"url\":\"https:\/\/pablocarpintero.es\/wp-content\/uploads\/2021\/10\/Gaita-de-Perfecto-Feijoo.jpg\",\"contentUrl\":\"https:\/\/pablocarpintero.es\/wp-content\/uploads\/2021\/10\/Gaita-de-Perfecto-Feijoo.jpg\",\"width\":2144,\"height\":1424},{\"@type\":\"BreadcrumbList\",\"@id\":\"https:\/\/pablocarpintero.es\/producto\/vestidos-tipo-pontevedra\/#breadcrumb\",\"itemListElement\":[{\"@type\":\"ListItem\",\"position\":1,\"name\":\"Portada\",\"item\":\"https:\/\/pablocarpintero.es\/inicio\/\"},{\"@type\":\"ListItem\",\"position\":2,\"name\":\"Tienda\",\"item\":\"https:\/\/pablocarpintero.es\/tienda\/\"},{\"@type\":\"ListItem\",\"position\":3,\"name\":\"Vestidos tipo Pontevedra\"}]},{\"@type\":\"WebSite\",\"@id\":\"https:\/\/pablocarpintero.es\/#website\",\"url\":\"https:\/\/pablocarpintero.es\/\",\"name\":\"Pablo Carpintero\",\"description\":\"Otro sitio realizado con WordPress\",\"potentialAction\":[{\"@type\":\"SearchAction\",\"target\":{\"@type\":\"EntryPoint\",\"urlTemplate\":\"https:\/\/pablocarpintero.es\/?s={search_term_string}\"},\"query-input\":{\"@type\":\"PropertyValueSpecification\",\"valueRequired\":true,\"valueName\":\"search_term_string\"}}],\"inLanguage\":\"es\"}]}<\/script>\n<!-- \/ Yoast SEO plugin. -->","yoast_head_json":{"title":"Vestidos tipo Pontevedra - Pablo Carpintero","robots":{"index":"index","follow":"follow","max-snippet":"max-snippet:-1","max-image-preview":"max-image-preview:large","max-video-preview":"max-video-preview:-1"},"canonical":"https:\/\/pablocarpintero.es\/es\/producto\/vestidos-tipo-pontevedra\/","og_locale":"es_ES","og_type":"article","og_title":"Vestidos tipo Pontevedra - Pablo Carpintero","og_description":"Hai moitos anos visitamos o Museo de Pontevedra para analizar as gaitas de Manuel Villanueva. Al\u00ed achamos uns vestidos moi caracter\u00edsticos, pequenos e cunha tapa lateral para dar sa\u00edda ao ronquillo e que se sosti\u00f1an contra o peito do tocador apert\u00e1ndoos co antebrazo, como se ve na fotograf\u00eda de Perfecto Feijoo, un xeito de soster [&hellip;]","og_url":"https:\/\/pablocarpintero.es\/es\/producto\/vestidos-tipo-pontevedra\/","og_site_name":"Pablo Carpintero","article_modified_time":"2026-03-07T01:40:00+00:00","og_image":[{"width":2144,"height":1424,"url":"https:\/\/pablocarpintero.es\/wp-content\/uploads\/2021\/10\/Gaita-de-Perfecto-Feijoo.jpg","type":"image\/jpeg"}],"twitter_card":"summary_large_image","twitter_misc":{"Tiempo de lectura":"3 minutos"},"schema":{"@context":"https:\/\/schema.org","@graph":[{"@type":"WebPage","@id":"https:\/\/pablocarpintero.es\/producto\/vestidos-tipo-pontevedra\/","url":"https:\/\/pablocarpintero.es\/producto\/vestidos-tipo-pontevedra\/","name":"Vestidos tipo Pontevedra - Pablo Carpintero","isPartOf":{"@id":"https:\/\/pablocarpintero.es\/#website"},"primaryImageOfPage":{"@id":"https:\/\/pablocarpintero.es\/producto\/vestidos-tipo-pontevedra\/#primaryimage"},"image":{"@id":"https:\/\/pablocarpintero.es\/producto\/vestidos-tipo-pontevedra\/#primaryimage"},"thumbnailUrl":"https:\/\/pablocarpintero.es\/wp-content\/uploads\/2021\/10\/Gaita-de-Perfecto-Feijoo.jpg","datePublished":"2021-11-27T08:24:46+00:00","dateModified":"2026-03-07T01:40:00+00:00","breadcrumb":{"@id":"https:\/\/pablocarpintero.es\/producto\/vestidos-tipo-pontevedra\/#breadcrumb"},"inLanguage":"es","potentialAction":[{"@type":"ReadAction","target":["https:\/\/pablocarpintero.es\/producto\/vestidos-tipo-pontevedra\/"]}]},{"@type":"ImageObject","inLanguage":"es","@id":"https:\/\/pablocarpintero.es\/producto\/vestidos-tipo-pontevedra\/#primaryimage","url":"https:\/\/pablocarpintero.es\/wp-content\/uploads\/2021\/10\/Gaita-de-Perfecto-Feijoo.jpg","contentUrl":"https:\/\/pablocarpintero.es\/wp-content\/uploads\/2021\/10\/Gaita-de-Perfecto-Feijoo.jpg","width":2144,"height":1424},{"@type":"BreadcrumbList","@id":"https:\/\/pablocarpintero.es\/producto\/vestidos-tipo-pontevedra\/#breadcrumb","itemListElement":[{"@type":"ListItem","position":1,"name":"Portada","item":"https:\/\/pablocarpintero.es\/inicio\/"},{"@type":"ListItem","position":2,"name":"Tienda","item":"https:\/\/pablocarpintero.es\/tienda\/"},{"@type":"ListItem","position":3,"name":"Vestidos tipo Pontevedra"}]},{"@type":"WebSite","@id":"https:\/\/pablocarpintero.es\/#website","url":"https:\/\/pablocarpintero.es\/","name":"Pablo Carpintero","description":"Otro sitio realizado con WordPress","potentialAction":[{"@type":"SearchAction","target":{"@type":"EntryPoint","urlTemplate":"https:\/\/pablocarpintero.es\/?s={search_term_string}"},"query-input":{"@type":"PropertyValueSpecification","valueRequired":true,"valueName":"search_term_string"}}],"inLanguage":"es"}]}},"_links":{"self":[{"href":"https:\/\/pablocarpintero.es\/es\/wp-json\/wp\/v2\/product\/1741","targetHints":{"allow":["GET"]}}],"collection":[{"href":"https:\/\/pablocarpintero.es\/es\/wp-json\/wp\/v2\/product"}],"about":[{"href":"https:\/\/pablocarpintero.es\/es\/wp-json\/wp\/v2\/types\/product"}],"replies":[{"embeddable":true,"href":"https:\/\/pablocarpintero.es\/es\/wp-json\/wp\/v2\/comments?post=1741"}],"wp:featuredmedia":[{"embeddable":true,"href":"https:\/\/pablocarpintero.es\/es\/wp-json\/wp\/v2\/media\/722"}],"wp:attachment":[{"href":"https:\/\/pablocarpintero.es\/es\/wp-json\/wp\/v2\/media?parent=1741"}],"wp:term":[{"taxonomy":"product_brand","embeddable":true,"href":"https:\/\/pablocarpintero.es\/es\/wp-json\/wp\/v2\/product_brand?post=1741"},{"taxonomy":"product_cat","embeddable":true,"href":"https:\/\/pablocarpintero.es\/es\/wp-json\/wp\/v2\/product_cat?post=1741"},{"taxonomy":"product_tag","embeddable":true,"href":"https:\/\/pablocarpintero.es\/es\/wp-json\/wp\/v2\/product_tag?post=1741"}],"curies":[{"name":"wp","href":"https:\/\/api.w.org\/{rel}","templated":true}]}}