{"id":1743,"date":"2021-11-27T08:47:15","date_gmt":"2021-11-27T08:47:15","guid":{"rendered":"https:\/\/pablocarpintero.es\/?post_type=product&#038;p=1743"},"modified":"2021-12-01T10:07:09","modified_gmt":"2021-12-01T10:07:09","slug":"pallons","status":"publish","type":"product","link":"https:\/\/pablocarpintero.es\/es\/producto\/pallons\/","title":{"rendered":"Pallones"},"content":{"rendered":"<p>Si bien el uso de pallones sint\u00e9ticos se ha extendido en los \u00faltimos a\u00f1os y tienen la ventaja de la durabilidad sobre los fabricados en ca\u00f1a, nosotros seguimos siendo devotos de estos \u00faltimos, tanto porque la mayor\u00eda de las r\u00e9plicas de las gaitas antiguas que fabricamos no funcionan con estos pallones sint\u00e9ticos, como porque un pall\u00f3n de ca\u00f1a nos permite elegir las caracter\u00edsticas sonoras del ronc\u00f3n. Dependiendo de las dimensiones de la ca\u00f1a y la leng\u00fceta, podemos realizar pallones con m\u00e1s o menos volumen, con un timbre m\u00e1s nasal o m\u00e1s agresivo, y con mayor o menor resistencia a la presi\u00f3n de los fuelles. De esta forma, te ofrecemos pallones adaptados a tus preferencias o para empajuelar tu gaita antigua.<\/p>\n<p>B\u00e1sicamente hacemos pallones con leng\u00fceta normal, hechas a partir del nudo o hacia \u00e9l, pero tambi\u00e9n fabricamos el modelo que documentamos en las comarcas de Arz\u00faa y Terra de Melide, en el que la leng\u00fceta divide el nudo de la ca\u00f1a por la mitad, siendo este una forma de pall\u00f3n con mucha resistencia a las variaciones de presi\u00f3n y especialmente indicado para requintear.<\/p>\n<p>Tam\u00e9n fabricamos pall\u00f3ns en miniatura para ronquetas e ronquillos de pall\u00f3n. Se o que buscas son timbres orixinais, facemos pall\u00f3ns noutros materiais, como o sabugueiro e o bamb\u00fa, que tam\u00e9n se usaron na tradici\u00f3n.<\/p>\n<p>Si prefieres un pall\u00f3n sint\u00e9tico, de los que hemos probado, los del <a href=\"https:\/\/www.gaitasgil.com\/escaparate.html\">Obradoiro de Gaitas Gil<\/a> son, por su timbre y estabilidad, los mejores con diferencia para nuestro gusto.<\/p>\n<p>&nbsp;<\/p>","protected":false},"excerpt":{"rendered":"<p>Se ben o uso dos pall\u00f3ns sint\u00e9ticos se ten estendido nos \u00faltimos anos e te\u00f1en a vantaxe da durabilidade respecto aos feitos en cana, n\u00f3s seguimos sendo devotos destes \u00faltimos, tanto porque a maior parte das r\u00e9plicas das gaitas antigas que fabricamos non funcionan con estes pall\u00f3ns sint\u00e9ticos, como porque un pall\u00f3n de cana perm\u00edtenos [&hellip;]<\/p>\n","protected":false},"featured_media":1764,"comment_status":"open","ping_status":"closed","template":"","meta":{"give_campaign_id":0,"_joinchat":[]},"product_brand":[],"product_cat":[50,20,18,46],"product_tag":[],"class_list":{"0":"post-1743","1":"product","2":"type-product","3":"status-publish","4":"has-post-thumbnail","6":"product_cat-complementos","7":"product_cat-gaitas-de-fol","8":"product_cat-instrumentos-musicales","9":"product_cat-palletas","10":"product_shipping_class-gratuito","12":"first","13":"instock","14":"taxable","15":"shipping-taxable","16":"purchasable","17":"product-type-simple"},"yoast_head":"<!-- This site is optimized with the Yoast SEO plugin v27.2 - https:\/\/yoast.com\/product\/yoast-seo-wordpress\/ -->\n<title>Pall\u00f3ns - Pablo Carpintero<\/title>\n<meta name=\"robots\" content=\"index, follow, max-snippet:-1, max-image-preview:large, max-video-preview:-1\" \/>\n<link rel=\"canonical\" href=\"https:\/\/pablocarpintero.es\/es\/producto\/pallons\/\" \/>\n<meta property=\"og:locale\" content=\"es_ES\" \/>\n<meta property=\"og:type\" content=\"article\" \/>\n<meta property=\"og:title\" content=\"Pall\u00f3ns - Pablo Carpintero\" \/>\n<meta property=\"og:description\" content=\"Se ben o uso dos pall\u00f3ns sint\u00e9ticos se ten estendido nos \u00faltimos anos e te\u00f1en a vantaxe da durabilidade respecto aos feitos en cana, n\u00f3s seguimos sendo devotos destes \u00faltimos, tanto porque a maior parte das r\u00e9plicas das gaitas antigas que fabricamos non funcionan con estes pall\u00f3ns sint\u00e9ticos, como porque un pall\u00f3n de cana perm\u00edtenos [&hellip;]\" \/>\n<meta property=\"og:url\" content=\"https:\/\/pablocarpintero.es\/es\/producto\/pallons\/\" \/>\n<meta property=\"og:site_name\" content=\"Pablo Carpintero\" \/>\n<meta property=\"article:modified_time\" content=\"2021-12-01T10:07:09+00:00\" \/>\n<meta property=\"og:image\" content=\"https:\/\/pablocarpintero.es\/wp-content\/uploads\/2021\/11\/DSC_6162.jpg\" \/>\n\t<meta property=\"og:image:width\" content=\"1662\" \/>\n\t<meta property=\"og:image:height\" content=\"884\" \/>\n\t<meta property=\"og:image:type\" content=\"image\/jpeg\" \/>\n<meta name=\"twitter:card\" content=\"summary_large_image\" \/>\n<meta name=\"twitter:label1\" content=\"Tiempo de lectura\" \/>\n\t<meta name=\"twitter:data1\" content=\"1 minuto\" \/>\n<script type=\"application\/ld+json\" class=\"yoast-schema-graph\">{\"@context\":\"https:\/\/schema.org\",\"@graph\":[{\"@type\":\"WebPage\",\"@id\":\"https:\/\/pablocarpintero.es\/producto\/pallons\/\",\"url\":\"https:\/\/pablocarpintero.es\/producto\/pallons\/\",\"name\":\"Pall\u00f3ns - Pablo Carpintero\",\"isPartOf\":{\"@id\":\"https:\/\/pablocarpintero.es\/#website\"},\"primaryImageOfPage\":{\"@id\":\"https:\/\/pablocarpintero.es\/producto\/pallons\/#primaryimage\"},\"image\":{\"@id\":\"https:\/\/pablocarpintero.es\/producto\/pallons\/#primaryimage\"},\"thumbnailUrl\":\"https:\/\/pablocarpintero.es\/wp-content\/uploads\/2021\/11\/DSC_6162.jpg\",\"datePublished\":\"2021-11-27T08:47:15+00:00\",\"dateModified\":\"2021-12-01T10:07:09+00:00\",\"breadcrumb\":{\"@id\":\"https:\/\/pablocarpintero.es\/producto\/pallons\/#breadcrumb\"},\"inLanguage\":\"es\",\"potentialAction\":[{\"@type\":\"ReadAction\",\"target\":[\"https:\/\/pablocarpintero.es\/producto\/pallons\/\"]}]},{\"@type\":\"ImageObject\",\"inLanguage\":\"es\",\"@id\":\"https:\/\/pablocarpintero.es\/producto\/pallons\/#primaryimage\",\"url\":\"https:\/\/pablocarpintero.es\/wp-content\/uploads\/2021\/11\/DSC_6162.jpg\",\"contentUrl\":\"https:\/\/pablocarpintero.es\/wp-content\/uploads\/2021\/11\/DSC_6162.jpg\",\"width\":1662,\"height\":884},{\"@type\":\"BreadcrumbList\",\"@id\":\"https:\/\/pablocarpintero.es\/producto\/pallons\/#breadcrumb\",\"itemListElement\":[{\"@type\":\"ListItem\",\"position\":1,\"name\":\"Portada\",\"item\":\"https:\/\/pablocarpintero.es\/inicio\/\"},{\"@type\":\"ListItem\",\"position\":2,\"name\":\"Tienda\",\"item\":\"https:\/\/pablocarpintero.es\/tienda\/\"},{\"@type\":\"ListItem\",\"position\":3,\"name\":\"Pall\u00f3ns\"}]},{\"@type\":\"WebSite\",\"@id\":\"https:\/\/pablocarpintero.es\/#website\",\"url\":\"https:\/\/pablocarpintero.es\/\",\"name\":\"Pablo Carpintero\",\"description\":\"Otro sitio realizado con WordPress\",\"potentialAction\":[{\"@type\":\"SearchAction\",\"target\":{\"@type\":\"EntryPoint\",\"urlTemplate\":\"https:\/\/pablocarpintero.es\/?s={search_term_string}\"},\"query-input\":{\"@type\":\"PropertyValueSpecification\",\"valueRequired\":true,\"valueName\":\"search_term_string\"}}],\"inLanguage\":\"es\"}]}<\/script>\n<!-- \/ Yoast SEO plugin. -->","yoast_head_json":{"title":"Pall\u00f3ns - Pablo Carpintero","robots":{"index":"index","follow":"follow","max-snippet":"max-snippet:-1","max-image-preview":"max-image-preview:large","max-video-preview":"max-video-preview:-1"},"canonical":"https:\/\/pablocarpintero.es\/es\/producto\/pallons\/","og_locale":"es_ES","og_type":"article","og_title":"Pall\u00f3ns - Pablo Carpintero","og_description":"Se ben o uso dos pall\u00f3ns sint\u00e9ticos se ten estendido nos \u00faltimos anos e te\u00f1en a vantaxe da durabilidade respecto aos feitos en cana, n\u00f3s seguimos sendo devotos destes \u00faltimos, tanto porque a maior parte das r\u00e9plicas das gaitas antigas que fabricamos non funcionan con estes pall\u00f3ns sint\u00e9ticos, como porque un pall\u00f3n de cana perm\u00edtenos [&hellip;]","og_url":"https:\/\/pablocarpintero.es\/es\/producto\/pallons\/","og_site_name":"Pablo Carpintero","article_modified_time":"2021-12-01T10:07:09+00:00","og_image":[{"width":1662,"height":884,"url":"https:\/\/pablocarpintero.es\/wp-content\/uploads\/2021\/11\/DSC_6162.jpg","type":"image\/jpeg"}],"twitter_card":"summary_large_image","twitter_misc":{"Tiempo de lectura":"1 minuto"},"schema":{"@context":"https:\/\/schema.org","@graph":[{"@type":"WebPage","@id":"https:\/\/pablocarpintero.es\/producto\/pallons\/","url":"https:\/\/pablocarpintero.es\/producto\/pallons\/","name":"Pall\u00f3ns - Pablo Carpintero","isPartOf":{"@id":"https:\/\/pablocarpintero.es\/#website"},"primaryImageOfPage":{"@id":"https:\/\/pablocarpintero.es\/producto\/pallons\/#primaryimage"},"image":{"@id":"https:\/\/pablocarpintero.es\/producto\/pallons\/#primaryimage"},"thumbnailUrl":"https:\/\/pablocarpintero.es\/wp-content\/uploads\/2021\/11\/DSC_6162.jpg","datePublished":"2021-11-27T08:47:15+00:00","dateModified":"2021-12-01T10:07:09+00:00","breadcrumb":{"@id":"https:\/\/pablocarpintero.es\/producto\/pallons\/#breadcrumb"},"inLanguage":"es","potentialAction":[{"@type":"ReadAction","target":["https:\/\/pablocarpintero.es\/producto\/pallons\/"]}]},{"@type":"ImageObject","inLanguage":"es","@id":"https:\/\/pablocarpintero.es\/producto\/pallons\/#primaryimage","url":"https:\/\/pablocarpintero.es\/wp-content\/uploads\/2021\/11\/DSC_6162.jpg","contentUrl":"https:\/\/pablocarpintero.es\/wp-content\/uploads\/2021\/11\/DSC_6162.jpg","width":1662,"height":884},{"@type":"BreadcrumbList","@id":"https:\/\/pablocarpintero.es\/producto\/pallons\/#breadcrumb","itemListElement":[{"@type":"ListItem","position":1,"name":"Portada","item":"https:\/\/pablocarpintero.es\/inicio\/"},{"@type":"ListItem","position":2,"name":"Tienda","item":"https:\/\/pablocarpintero.es\/tienda\/"},{"@type":"ListItem","position":3,"name":"Pall\u00f3ns"}]},{"@type":"WebSite","@id":"https:\/\/pablocarpintero.es\/#website","url":"https:\/\/pablocarpintero.es\/","name":"Pablo Carpintero","description":"Otro sitio realizado con WordPress","potentialAction":[{"@type":"SearchAction","target":{"@type":"EntryPoint","urlTemplate":"https:\/\/pablocarpintero.es\/?s={search_term_string}"},"query-input":{"@type":"PropertyValueSpecification","valueRequired":true,"valueName":"search_term_string"}}],"inLanguage":"es"}]}},"_links":{"self":[{"href":"https:\/\/pablocarpintero.es\/es\/wp-json\/wp\/v2\/product\/1743","targetHints":{"allow":["GET"]}}],"collection":[{"href":"https:\/\/pablocarpintero.es\/es\/wp-json\/wp\/v2\/product"}],"about":[{"href":"https:\/\/pablocarpintero.es\/es\/wp-json\/wp\/v2\/types\/product"}],"replies":[{"embeddable":true,"href":"https:\/\/pablocarpintero.es\/es\/wp-json\/wp\/v2\/comments?post=1743"}],"wp:featuredmedia":[{"embeddable":true,"href":"https:\/\/pablocarpintero.es\/es\/wp-json\/wp\/v2\/media\/1764"}],"wp:attachment":[{"href":"https:\/\/pablocarpintero.es\/es\/wp-json\/wp\/v2\/media?parent=1743"}],"wp:term":[{"taxonomy":"product_brand","embeddable":true,"href":"https:\/\/pablocarpintero.es\/es\/wp-json\/wp\/v2\/product_brand?post=1743"},{"taxonomy":"product_cat","embeddable":true,"href":"https:\/\/pablocarpintero.es\/es\/wp-json\/wp\/v2\/product_cat?post=1743"},{"taxonomy":"product_tag","embeddable":true,"href":"https:\/\/pablocarpintero.es\/es\/wp-json\/wp\/v2\/product_tag?post=1743"}],"curies":[{"name":"wp","href":"https:\/\/api.w.org\/{rel}","templated":true}]}}