{"id":1749,"date":"2021-11-27T09:08:57","date_gmt":"2021-11-27T09:08:57","guid":{"rendered":"https:\/\/pablocarpintero.es\/?post_type=product&#038;p=1749"},"modified":"2026-03-23T15:32:35","modified_gmt":"2026-03-23T15:32:35","slug":"maletin-de-madeira-para-gaitas","status":"publish","type":"product","link":"https:\/\/pablocarpintero.es\/es\/producto\/maletin-de-madeira-para-gaitas\/","title":{"rendered":"Malet\u00edn de madera para gaitas"},"content":{"rendered":"<p>Malet\u00edn feito en pi\u00f1eiro do pa\u00eds acabado con aceite de li\u00f1aza, o interior est\u00e1 forrado de veludo negro. \u00c9 moi resistente e tam\u00e9n manexable. Ten capacidade para d\u00faas gaitas.<\/p>\n<p>Puedes comprarlo por separado si crees que es una buena opci\u00f3n para guardar y transportar tu gaita.<\/p>","protected":false},"excerpt":{"rendered":"<p>Malet\u00edn feito en pi\u00f1eiro do pa\u00eds acabado con aceite de li\u00f1aza, o interior est\u00e1 forrado de veludo negro. \u00c9 moi resistente e tam\u00e9n manexable. Ten capacidade para d\u00faas gaitas. P\u00f3delo adquirir por separado se che parece unha boa opci\u00f3n para gardar e transportar as t\u00faas gaitas.<\/p>","protected":false},"featured_media":1778,"comment_status":"open","ping_status":"closed","template":"","meta":{"give_campaign_id":0,"_joinchat":[]},"product_brand":[],"product_cat":[50,20,18],"product_tag":[],"class_list":{"0":"post-1749","1":"product","2":"type-product","3":"status-publish","4":"has-post-thumbnail","6":"product_cat-complementos","7":"product_cat-gaitas-de-fol","8":"product_cat-instrumentos-musicales","9":"product_shipping_class-maletines-de-madera","11":"first","12":"instock","13":"taxable","14":"shipping-taxable","15":"purchasable","16":"product-type-simple"},"yoast_head":"<!-- This site is optimized with the Yoast SEO plugin v27.2 - https:\/\/yoast.com\/product\/yoast-seo-wordpress\/ -->\n<title>Malet\u00edn de madeira para gaitas - Pablo Carpintero<\/title>\n<meta name=\"robots\" content=\"index, follow, max-snippet:-1, max-image-preview:large, max-video-preview:-1\" \/>\n<link rel=\"canonical\" href=\"https:\/\/pablocarpintero.es\/es\/producto\/maletin-de-madeira-para-gaitas\/\" \/>\n<meta property=\"og:locale\" content=\"es_ES\" \/>\n<meta property=\"og:type\" content=\"article\" \/>\n<meta property=\"og:title\" content=\"Malet\u00edn de madeira para gaitas - Pablo Carpintero\" \/>\n<meta property=\"og:description\" content=\"Malet\u00edn feito en pi\u00f1eiro do pa\u00eds acabado con aceite de li\u00f1aza, o interior est\u00e1 forrado de veludo negro. \u00c9 moi resistente e tam\u00e9n manexable. Ten capacidade para d\u00faas gaitas. P\u00f3delo adquirir por separado se che parece unha boa opci\u00f3n para gardar e transportar as t\u00faas gaitas.\" \/>\n<meta property=\"og:url\" content=\"https:\/\/pablocarpintero.es\/es\/producto\/maletin-de-madeira-para-gaitas\/\" \/>\n<meta property=\"og:site_name\" content=\"Pablo Carpintero\" \/>\n<meta property=\"article:modified_time\" content=\"2026-03-23T15:32:35+00:00\" \/>\n<meta property=\"og:image\" content=\"https:\/\/pablocarpintero.es\/wp-content\/uploads\/2021\/11\/DSC_6194.jpg\" \/>\n\t<meta property=\"og:image:width\" content=\"2333\" \/>\n\t<meta property=\"og:image:height\" content=\"1595\" \/>\n\t<meta property=\"og:image:type\" content=\"image\/jpeg\" \/>\n<meta name=\"twitter:card\" content=\"summary_large_image\" \/>\n<meta name=\"twitter:label1\" content=\"Tiempo de lectura\" \/>\n\t<meta name=\"twitter:data1\" content=\"1 minuto\" \/>\n<script type=\"application\/ld+json\" class=\"yoast-schema-graph\">{\"@context\":\"https:\/\/schema.org\",\"@graph\":[{\"@type\":\"WebPage\",\"@id\":\"https:\/\/pablocarpintero.es\/producto\/maletin-de-madeira-para-gaitas\/\",\"url\":\"https:\/\/pablocarpintero.es\/producto\/maletin-de-madeira-para-gaitas\/\",\"name\":\"Malet\u00edn de madeira para gaitas - Pablo Carpintero\",\"isPartOf\":{\"@id\":\"https:\/\/pablocarpintero.es\/#website\"},\"primaryImageOfPage\":{\"@id\":\"https:\/\/pablocarpintero.es\/producto\/maletin-de-madeira-para-gaitas\/#primaryimage\"},\"image\":{\"@id\":\"https:\/\/pablocarpintero.es\/producto\/maletin-de-madeira-para-gaitas\/#primaryimage\"},\"thumbnailUrl\":\"https:\/\/pablocarpintero.es\/wp-content\/uploads\/2021\/11\/DSC_6194.jpg\",\"datePublished\":\"2021-11-27T09:08:57+00:00\",\"dateModified\":\"2026-03-23T15:32:35+00:00\",\"breadcrumb\":{\"@id\":\"https:\/\/pablocarpintero.es\/producto\/maletin-de-madeira-para-gaitas\/#breadcrumb\"},\"inLanguage\":\"es\",\"potentialAction\":[{\"@type\":\"ReadAction\",\"target\":[\"https:\/\/pablocarpintero.es\/producto\/maletin-de-madeira-para-gaitas\/\"]}]},{\"@type\":\"ImageObject\",\"inLanguage\":\"es\",\"@id\":\"https:\/\/pablocarpintero.es\/producto\/maletin-de-madeira-para-gaitas\/#primaryimage\",\"url\":\"https:\/\/pablocarpintero.es\/wp-content\/uploads\/2021\/11\/DSC_6194.jpg\",\"contentUrl\":\"https:\/\/pablocarpintero.es\/wp-content\/uploads\/2021\/11\/DSC_6194.jpg\",\"width\":2333,\"height\":1595},{\"@type\":\"BreadcrumbList\",\"@id\":\"https:\/\/pablocarpintero.es\/producto\/maletin-de-madeira-para-gaitas\/#breadcrumb\",\"itemListElement\":[{\"@type\":\"ListItem\",\"position\":1,\"name\":\"Portada\",\"item\":\"https:\/\/pablocarpintero.es\/inicio\/\"},{\"@type\":\"ListItem\",\"position\":2,\"name\":\"Tienda\",\"item\":\"https:\/\/pablocarpintero.es\/tienda\/\"},{\"@type\":\"ListItem\",\"position\":3,\"name\":\"Malet\u00edn de madeira para gaitas\"}]},{\"@type\":\"WebSite\",\"@id\":\"https:\/\/pablocarpintero.es\/#website\",\"url\":\"https:\/\/pablocarpintero.es\/\",\"name\":\"Pablo Carpintero\",\"description\":\"Otro sitio realizado con WordPress\",\"potentialAction\":[{\"@type\":\"SearchAction\",\"target\":{\"@type\":\"EntryPoint\",\"urlTemplate\":\"https:\/\/pablocarpintero.es\/?s={search_term_string}\"},\"query-input\":{\"@type\":\"PropertyValueSpecification\",\"valueRequired\":true,\"valueName\":\"search_term_string\"}}],\"inLanguage\":\"es\"}]}<\/script>\n<!-- \/ Yoast SEO plugin. -->","yoast_head_json":{"title":"Malet\u00edn de madeira para gaitas - Pablo Carpintero","robots":{"index":"index","follow":"follow","max-snippet":"max-snippet:-1","max-image-preview":"max-image-preview:large","max-video-preview":"max-video-preview:-1"},"canonical":"https:\/\/pablocarpintero.es\/es\/producto\/maletin-de-madeira-para-gaitas\/","og_locale":"es_ES","og_type":"article","og_title":"Malet\u00edn de madeira para gaitas - Pablo Carpintero","og_description":"Malet\u00edn feito en pi\u00f1eiro do pa\u00eds acabado con aceite de li\u00f1aza, o interior est\u00e1 forrado de veludo negro. \u00c9 moi resistente e tam\u00e9n manexable. Ten capacidade para d\u00faas gaitas. P\u00f3delo adquirir por separado se che parece unha boa opci\u00f3n para gardar e transportar as t\u00faas gaitas.","og_url":"https:\/\/pablocarpintero.es\/es\/producto\/maletin-de-madeira-para-gaitas\/","og_site_name":"Pablo Carpintero","article_modified_time":"2026-03-23T15:32:35+00:00","og_image":[{"width":2333,"height":1595,"url":"https:\/\/pablocarpintero.es\/wp-content\/uploads\/2021\/11\/DSC_6194.jpg","type":"image\/jpeg"}],"twitter_card":"summary_large_image","twitter_misc":{"Tiempo de lectura":"1 minuto"},"schema":{"@context":"https:\/\/schema.org","@graph":[{"@type":"WebPage","@id":"https:\/\/pablocarpintero.es\/producto\/maletin-de-madeira-para-gaitas\/","url":"https:\/\/pablocarpintero.es\/producto\/maletin-de-madeira-para-gaitas\/","name":"Malet\u00edn de madeira para gaitas - Pablo Carpintero","isPartOf":{"@id":"https:\/\/pablocarpintero.es\/#website"},"primaryImageOfPage":{"@id":"https:\/\/pablocarpintero.es\/producto\/maletin-de-madeira-para-gaitas\/#primaryimage"},"image":{"@id":"https:\/\/pablocarpintero.es\/producto\/maletin-de-madeira-para-gaitas\/#primaryimage"},"thumbnailUrl":"https:\/\/pablocarpintero.es\/wp-content\/uploads\/2021\/11\/DSC_6194.jpg","datePublished":"2021-11-27T09:08:57+00:00","dateModified":"2026-03-23T15:32:35+00:00","breadcrumb":{"@id":"https:\/\/pablocarpintero.es\/producto\/maletin-de-madeira-para-gaitas\/#breadcrumb"},"inLanguage":"es","potentialAction":[{"@type":"ReadAction","target":["https:\/\/pablocarpintero.es\/producto\/maletin-de-madeira-para-gaitas\/"]}]},{"@type":"ImageObject","inLanguage":"es","@id":"https:\/\/pablocarpintero.es\/producto\/maletin-de-madeira-para-gaitas\/#primaryimage","url":"https:\/\/pablocarpintero.es\/wp-content\/uploads\/2021\/11\/DSC_6194.jpg","contentUrl":"https:\/\/pablocarpintero.es\/wp-content\/uploads\/2021\/11\/DSC_6194.jpg","width":2333,"height":1595},{"@type":"BreadcrumbList","@id":"https:\/\/pablocarpintero.es\/producto\/maletin-de-madeira-para-gaitas\/#breadcrumb","itemListElement":[{"@type":"ListItem","position":1,"name":"Portada","item":"https:\/\/pablocarpintero.es\/inicio\/"},{"@type":"ListItem","position":2,"name":"Tienda","item":"https:\/\/pablocarpintero.es\/tienda\/"},{"@type":"ListItem","position":3,"name":"Malet\u00edn de madeira para gaitas"}]},{"@type":"WebSite","@id":"https:\/\/pablocarpintero.es\/#website","url":"https:\/\/pablocarpintero.es\/","name":"Pablo Carpintero","description":"Otro sitio realizado con WordPress","potentialAction":[{"@type":"SearchAction","target":{"@type":"EntryPoint","urlTemplate":"https:\/\/pablocarpintero.es\/?s={search_term_string}"},"query-input":{"@type":"PropertyValueSpecification","valueRequired":true,"valueName":"search_term_string"}}],"inLanguage":"es"}]}},"_links":{"self":[{"href":"https:\/\/pablocarpintero.es\/es\/wp-json\/wp\/v2\/product\/1749","targetHints":{"allow":["GET"]}}],"collection":[{"href":"https:\/\/pablocarpintero.es\/es\/wp-json\/wp\/v2\/product"}],"about":[{"href":"https:\/\/pablocarpintero.es\/es\/wp-json\/wp\/v2\/types\/product"}],"replies":[{"embeddable":true,"href":"https:\/\/pablocarpintero.es\/es\/wp-json\/wp\/v2\/comments?post=1749"}],"wp:featuredmedia":[{"embeddable":true,"href":"https:\/\/pablocarpintero.es\/es\/wp-json\/wp\/v2\/media\/1778"}],"wp:attachment":[{"href":"https:\/\/pablocarpintero.es\/es\/wp-json\/wp\/v2\/media?parent=1749"}],"wp:term":[{"taxonomy":"product_brand","embeddable":true,"href":"https:\/\/pablocarpintero.es\/es\/wp-json\/wp\/v2\/product_brand?post=1749"},{"taxonomy":"product_cat","embeddable":true,"href":"https:\/\/pablocarpintero.es\/es\/wp-json\/wp\/v2\/product_cat?post=1749"},{"taxonomy":"product_tag","embeddable":true,"href":"https:\/\/pablocarpintero.es\/es\/wp-json\/wp\/v2\/product_tag?post=1749"}],"curies":[{"name":"wp","href":"https:\/\/api.w.org\/{rel}","templated":true}]}}