{"id":1755,"date":"2021-11-28T11:58:44","date_gmt":"2021-11-28T11:58:44","guid":{"rendered":"https:\/\/pablocarpintero.es\/?post_type=product&#038;p=1755"},"modified":"2026-03-23T15:35:42","modified_gmt":"2026-03-23T15:35:42","slug":"vestidos-tradicionales","status":"publish","type":"product","link":"https:\/\/pablocarpintero.es\/es\/producto\/vestidos-tradicionales\/","title":{"rendered":"Vestidos tradicionales"},"content":{"rendered":"<p>Fabricamos r\u00e9plicas de muchos tipos de vestidos tradicionales que hemos ido documentando a lo largo de nuestro trabajo de campo. Muchos de ellos los puedes ver en la secci\u00f3n de r\u00e9plicas de gaitas antiguas. Algunos de los m\u00e1s c\u00f3modos que hemos encontrado son los de una gaita de cuatro voces de Sobrado dos Monxes, los de la Estremadura portuguesa, el que documentamos en la gaita de Juan Prieto Chimeno o un modelo que encontramos en A Terra Cha.<\/p>\n<p>En total ponemos a ti disposici\u00f3n m\u00e1s de quince patrones diferentes de vestidos. Si quieres un vestido c\u00f3modo y diferente al est\u00e1ndar, que tambi\u00e9n fabricamos, te animamos a que pases por nuestro taller-museo y pruebes algunas de estas estupendas opciones.<\/p>\n<p>Nuestros vestidos est\u00e1n confeccionados con telas originales de muy alta calidad, de las mejores casas europeas, que podr\u00e1s ver y elegir en nuestro taller. Los elaboramos de tres formas distintas: sin ribetear, ribeteados con una cinta alrededor, como era tradicional en Pontevedra, o tambi\u00e9n ribeteados con flecos, una forma habitual en el noroeste de Galicia.<\/p>","protected":false},"excerpt":{"rendered":"<p>Fabricamos r\u00e9plicas de moitos tipos de vestidos tradicionais que fomos documentando ao longo do noso traballo de campo. Moitos deles p\u00f3delos ver na secci\u00f3n de r\u00e9plicas de gaitas de fol antigas. Alg\u00fans dos m\u00e1is c\u00f3modos que temos achado son os dalgunhas gaitas de catro voces de Sobrado dos Monxes, os propios da Estremadura portuguesa, o [&hellip;]<\/p>\n","protected":false},"featured_media":1763,"comment_status":"open","ping_status":"closed","template":"","meta":{"give_campaign_id":0,"_joinchat":[]},"product_brand":[],"product_cat":[50,20,18],"product_tag":[],"class_list":{"0":"post-1755","1":"product","2":"type-product","3":"status-publish","4":"has-post-thumbnail","6":"product_cat-complementos","7":"product_cat-gaitas-de-fol","8":"product_cat-instrumentos-musicales","10":"first","11":"instock","12":"taxable","13":"shipping-taxable","14":"purchasable","15":"product-type-variable"},"yoast_head":"<!-- This site is optimized with the Yoast SEO plugin v27.2 - https:\/\/yoast.com\/product\/yoast-seo-wordpress\/ -->\n<title>Vestidos tradicionais - Pablo Carpintero<\/title>\n<meta name=\"robots\" content=\"index, follow, max-snippet:-1, max-image-preview:large, max-video-preview:-1\" \/>\n<link rel=\"canonical\" href=\"https:\/\/pablocarpintero.es\/es\/producto\/vestidos-tradicionales\/\" \/>\n<meta property=\"og:locale\" content=\"es_ES\" \/>\n<meta property=\"og:type\" content=\"article\" \/>\n<meta property=\"og:title\" content=\"Vestidos tradicionais - Pablo Carpintero\" \/>\n<meta property=\"og:description\" content=\"Fabricamos r\u00e9plicas de moitos tipos de vestidos tradicionais que fomos documentando ao longo do noso traballo de campo. Moitos deles p\u00f3delos ver na secci\u00f3n de r\u00e9plicas de gaitas de fol antigas. Alg\u00fans dos m\u00e1is c\u00f3modos que temos achado son os dalgunhas gaitas de catro voces de Sobrado dos Monxes, os propios da Estremadura portuguesa, o [&hellip;]\" \/>\n<meta property=\"og:url\" content=\"https:\/\/pablocarpintero.es\/es\/producto\/vestidos-tradicionales\/\" \/>\n<meta property=\"og:site_name\" content=\"Pablo Carpintero\" \/>\n<meta property=\"article:modified_time\" content=\"2026-03-23T15:35:42+00:00\" \/>\n<meta property=\"og:image\" content=\"https:\/\/pablocarpintero.es\/wp-content\/uploads\/2021\/11\/DSC_6153.jpg\" \/>\n\t<meta property=\"og:image:width\" content=\"1048\" \/>\n\t<meta property=\"og:image:height\" content=\"1398\" \/>\n\t<meta property=\"og:image:type\" content=\"image\/jpeg\" \/>\n<meta name=\"twitter:card\" content=\"summary_large_image\" \/>\n<script type=\"application\/ld+json\" class=\"yoast-schema-graph\">{\"@context\":\"https:\/\/schema.org\",\"@graph\":[{\"@type\":\"WebPage\",\"@id\":\"https:\/\/pablocarpintero.es\/producto\/vestidos-tradicionales\/\",\"url\":\"https:\/\/pablocarpintero.es\/producto\/vestidos-tradicionales\/\",\"name\":\"Vestidos tradicionais - Pablo Carpintero\",\"isPartOf\":{\"@id\":\"https:\/\/pablocarpintero.es\/#website\"},\"primaryImageOfPage\":{\"@id\":\"https:\/\/pablocarpintero.es\/producto\/vestidos-tradicionales\/#primaryimage\"},\"image\":{\"@id\":\"https:\/\/pablocarpintero.es\/producto\/vestidos-tradicionales\/#primaryimage\"},\"thumbnailUrl\":\"https:\/\/pablocarpintero.es\/wp-content\/uploads\/2021\/11\/DSC_6153.jpg\",\"datePublished\":\"2021-11-28T11:58:44+00:00\",\"dateModified\":\"2026-03-23T15:35:42+00:00\",\"breadcrumb\":{\"@id\":\"https:\/\/pablocarpintero.es\/producto\/vestidos-tradicionales\/#breadcrumb\"},\"inLanguage\":\"es\",\"potentialAction\":[{\"@type\":\"ReadAction\",\"target\":[\"https:\/\/pablocarpintero.es\/producto\/vestidos-tradicionales\/\"]}]},{\"@type\":\"ImageObject\",\"inLanguage\":\"es\",\"@id\":\"https:\/\/pablocarpintero.es\/producto\/vestidos-tradicionales\/#primaryimage\",\"url\":\"https:\/\/pablocarpintero.es\/wp-content\/uploads\/2021\/11\/DSC_6153.jpg\",\"contentUrl\":\"https:\/\/pablocarpintero.es\/wp-content\/uploads\/2021\/11\/DSC_6153.jpg\",\"width\":1048,\"height\":1398},{\"@type\":\"BreadcrumbList\",\"@id\":\"https:\/\/pablocarpintero.es\/producto\/vestidos-tradicionales\/#breadcrumb\",\"itemListElement\":[{\"@type\":\"ListItem\",\"position\":1,\"name\":\"Portada\",\"item\":\"https:\/\/pablocarpintero.es\/inicio\/\"},{\"@type\":\"ListItem\",\"position\":2,\"name\":\"Tienda\",\"item\":\"https:\/\/pablocarpintero.es\/tienda\/\"},{\"@type\":\"ListItem\",\"position\":3,\"name\":\"Vestidos tradicionais\"}]},{\"@type\":\"WebSite\",\"@id\":\"https:\/\/pablocarpintero.es\/#website\",\"url\":\"https:\/\/pablocarpintero.es\/\",\"name\":\"Pablo Carpintero\",\"description\":\"Otro sitio realizado con WordPress\",\"potentialAction\":[{\"@type\":\"SearchAction\",\"target\":{\"@type\":\"EntryPoint\",\"urlTemplate\":\"https:\/\/pablocarpintero.es\/?s={search_term_string}\"},\"query-input\":{\"@type\":\"PropertyValueSpecification\",\"valueRequired\":true,\"valueName\":\"search_term_string\"}}],\"inLanguage\":\"es\"}]}<\/script>\n<!-- \/ Yoast SEO plugin. -->","yoast_head_json":{"title":"Vestidos tradicionais - Pablo Carpintero","robots":{"index":"index","follow":"follow","max-snippet":"max-snippet:-1","max-image-preview":"max-image-preview:large","max-video-preview":"max-video-preview:-1"},"canonical":"https:\/\/pablocarpintero.es\/es\/producto\/vestidos-tradicionales\/","og_locale":"es_ES","og_type":"article","og_title":"Vestidos tradicionais - Pablo Carpintero","og_description":"Fabricamos r\u00e9plicas de moitos tipos de vestidos tradicionais que fomos documentando ao longo do noso traballo de campo. Moitos deles p\u00f3delos ver na secci\u00f3n de r\u00e9plicas de gaitas de fol antigas. Alg\u00fans dos m\u00e1is c\u00f3modos que temos achado son os dalgunhas gaitas de catro voces de Sobrado dos Monxes, os propios da Estremadura portuguesa, o [&hellip;]","og_url":"https:\/\/pablocarpintero.es\/es\/producto\/vestidos-tradicionales\/","og_site_name":"Pablo Carpintero","article_modified_time":"2026-03-23T15:35:42+00:00","og_image":[{"width":1048,"height":1398,"url":"https:\/\/pablocarpintero.es\/wp-content\/uploads\/2021\/11\/DSC_6153.jpg","type":"image\/jpeg"}],"twitter_card":"summary_large_image","schema":{"@context":"https:\/\/schema.org","@graph":[{"@type":"WebPage","@id":"https:\/\/pablocarpintero.es\/producto\/vestidos-tradicionales\/","url":"https:\/\/pablocarpintero.es\/producto\/vestidos-tradicionales\/","name":"Vestidos tradicionais - Pablo Carpintero","isPartOf":{"@id":"https:\/\/pablocarpintero.es\/#website"},"primaryImageOfPage":{"@id":"https:\/\/pablocarpintero.es\/producto\/vestidos-tradicionales\/#primaryimage"},"image":{"@id":"https:\/\/pablocarpintero.es\/producto\/vestidos-tradicionales\/#primaryimage"},"thumbnailUrl":"https:\/\/pablocarpintero.es\/wp-content\/uploads\/2021\/11\/DSC_6153.jpg","datePublished":"2021-11-28T11:58:44+00:00","dateModified":"2026-03-23T15:35:42+00:00","breadcrumb":{"@id":"https:\/\/pablocarpintero.es\/producto\/vestidos-tradicionales\/#breadcrumb"},"inLanguage":"es","potentialAction":[{"@type":"ReadAction","target":["https:\/\/pablocarpintero.es\/producto\/vestidos-tradicionales\/"]}]},{"@type":"ImageObject","inLanguage":"es","@id":"https:\/\/pablocarpintero.es\/producto\/vestidos-tradicionales\/#primaryimage","url":"https:\/\/pablocarpintero.es\/wp-content\/uploads\/2021\/11\/DSC_6153.jpg","contentUrl":"https:\/\/pablocarpintero.es\/wp-content\/uploads\/2021\/11\/DSC_6153.jpg","width":1048,"height":1398},{"@type":"BreadcrumbList","@id":"https:\/\/pablocarpintero.es\/producto\/vestidos-tradicionales\/#breadcrumb","itemListElement":[{"@type":"ListItem","position":1,"name":"Portada","item":"https:\/\/pablocarpintero.es\/inicio\/"},{"@type":"ListItem","position":2,"name":"Tienda","item":"https:\/\/pablocarpintero.es\/tienda\/"},{"@type":"ListItem","position":3,"name":"Vestidos tradicionais"}]},{"@type":"WebSite","@id":"https:\/\/pablocarpintero.es\/#website","url":"https:\/\/pablocarpintero.es\/","name":"Pablo Carpintero","description":"Otro sitio realizado con WordPress","potentialAction":[{"@type":"SearchAction","target":{"@type":"EntryPoint","urlTemplate":"https:\/\/pablocarpintero.es\/?s={search_term_string}"},"query-input":{"@type":"PropertyValueSpecification","valueRequired":true,"valueName":"search_term_string"}}],"inLanguage":"es"}]}},"_links":{"self":[{"href":"https:\/\/pablocarpintero.es\/es\/wp-json\/wp\/v2\/product\/1755","targetHints":{"allow":["GET"]}}],"collection":[{"href":"https:\/\/pablocarpintero.es\/es\/wp-json\/wp\/v2\/product"}],"about":[{"href":"https:\/\/pablocarpintero.es\/es\/wp-json\/wp\/v2\/types\/product"}],"replies":[{"embeddable":true,"href":"https:\/\/pablocarpintero.es\/es\/wp-json\/wp\/v2\/comments?post=1755"}],"wp:featuredmedia":[{"embeddable":true,"href":"https:\/\/pablocarpintero.es\/es\/wp-json\/wp\/v2\/media\/1763"}],"wp:attachment":[{"href":"https:\/\/pablocarpintero.es\/es\/wp-json\/wp\/v2\/media?parent=1755"}],"wp:term":[{"taxonomy":"product_brand","embeddable":true,"href":"https:\/\/pablocarpintero.es\/es\/wp-json\/wp\/v2\/product_brand?post=1755"},{"taxonomy":"product_cat","embeddable":true,"href":"https:\/\/pablocarpintero.es\/es\/wp-json\/wp\/v2\/product_cat?post=1755"},{"taxonomy":"product_tag","embeddable":true,"href":"https:\/\/pablocarpintero.es\/es\/wp-json\/wp\/v2\/product_tag?post=1755"}],"curies":[{"name":"wp","href":"https:\/\/api.w.org\/{rel}","templated":true}]}}