{"id":1793,"date":"2021-12-01T07:15:57","date_gmt":"2021-12-01T07:15:57","guid":{"rendered":"https:\/\/pablocarpintero.es\/?post_type=product&#038;p=1793"},"modified":"2026-03-23T15:36:06","modified_gmt":"2026-03-23T15:36:06","slug":"vestidos-tradicionales-de-coimbra","status":"publish","type":"product","link":"https:\/\/pablocarpintero.es\/es\/producto\/vestidos-tradicionales-de-coimbra\/","title":{"rendered":"Vestidos tradicionales de Coimbra"},"content":{"rendered":"<p>En Coimbra aparece una forma de vestido tradicional muy caracter\u00edstica, resultado de atar el soplillo en el cuello de la piel del cabrito, y la puntera y el ronc\u00f3n en las patas delanteras. As\u00ed, el soplete sale de una posici\u00f3n alta y viene a dar a la boca del tocador de una forma muy c\u00f3moda. Era costumbre en esta zona decorar los vestidos con cintas de colores que colgaban del lado izquierdo del tocador.<\/p>","protected":false},"excerpt":{"rendered":"<p>En Coimbra aparece unha forma de vestido tradicional moi caracter\u00edstico, froito de atar o soprete no pescozo da pel do cabrito, e o punteiro e o ronc\u00f3n nas patas dianteiras. As\u00ed, o soprete sae dunha posici\u00f3n alta e ven a dar \u00e1 boca do tocador dun xeito moi c\u00f3modo. Foi costume desta zona ornamentalo con [&hellip;]<\/p>\n","protected":false},"featured_media":1794,"comment_status":"open","ping_status":"closed","template":"","meta":{"give_campaign_id":0,"_joinchat":[]},"product_brand":[],"product_cat":[50,20,18],"product_tag":[],"class_list":{"0":"post-1793","1":"product","2":"type-product","3":"status-publish","4":"has-post-thumbnail","6":"product_cat-complementos","7":"product_cat-gaitas-de-fol","8":"product_cat-instrumentos-musicales","10":"first","11":"instock","12":"taxable","13":"shipping-taxable","14":"purchasable","15":"product-type-simple"},"yoast_head":"<!-- This site is optimized with the Yoast SEO plugin v27.2 - https:\/\/yoast.com\/product\/yoast-seo-wordpress\/ -->\n<title>Vestidos tradicionales de Coimbra - Pablo Carpintero<\/title>\n<meta name=\"robots\" content=\"index, follow, max-snippet:-1, max-image-preview:large, max-video-preview:-1\" \/>\n<link rel=\"canonical\" href=\"https:\/\/pablocarpintero.es\/es\/producto\/vestidos-tradicionales-de-coimbra\/\" \/>\n<meta property=\"og:locale\" content=\"es_ES\" \/>\n<meta property=\"og:type\" content=\"article\" \/>\n<meta property=\"og:title\" content=\"Vestidos tradicionales de Coimbra - Pablo Carpintero\" \/>\n<meta property=\"og:description\" content=\"En Coimbra aparece unha forma de vestido tradicional moi caracter\u00edstico, froito de atar o soprete no pescozo da pel do cabrito, e o punteiro e o ronc\u00f3n nas patas dianteiras. As\u00ed, o soprete sae dunha posici\u00f3n alta e ven a dar \u00e1 boca do tocador dun xeito moi c\u00f3modo. Foi costume desta zona ornamentalo con [&hellip;]\" \/>\n<meta property=\"og:url\" content=\"https:\/\/pablocarpintero.es\/es\/producto\/vestidos-tradicionales-de-coimbra\/\" \/>\n<meta property=\"og:site_name\" content=\"Pablo Carpintero\" \/>\n<meta property=\"article:modified_time\" content=\"2026-03-23T15:36:06+00:00\" \/>\n<meta property=\"og:image\" content=\"https:\/\/pablocarpintero.es\/wp-content\/uploads\/2021\/12\/Coimbra-1920-1940-Pablo-Carpintero.jpg\" \/>\n\t<meta property=\"og:image:width\" content=\"1150\" \/>\n\t<meta property=\"og:image:height\" content=\"821\" \/>\n\t<meta property=\"og:image:type\" content=\"image\/jpeg\" \/>\n<meta name=\"twitter:card\" content=\"summary_large_image\" \/>\n<meta name=\"twitter:label1\" content=\"Tiempo de lectura\" \/>\n\t<meta name=\"twitter:data1\" content=\"1 minuto\" \/>\n<script type=\"application\/ld+json\" class=\"yoast-schema-graph\">{\"@context\":\"https:\/\/schema.org\",\"@graph\":[{\"@type\":\"WebPage\",\"@id\":\"https:\/\/pablocarpintero.es\/producto\/vestidos-tradicionales-de-coimbra\/\",\"url\":\"https:\/\/pablocarpintero.es\/producto\/vestidos-tradicionales-de-coimbra\/\",\"name\":\"Vestidos tradicionales de Coimbra - Pablo Carpintero\",\"isPartOf\":{\"@id\":\"https:\/\/pablocarpintero.es\/#website\"},\"primaryImageOfPage\":{\"@id\":\"https:\/\/pablocarpintero.es\/producto\/vestidos-tradicionales-de-coimbra\/#primaryimage\"},\"image\":{\"@id\":\"https:\/\/pablocarpintero.es\/producto\/vestidos-tradicionales-de-coimbra\/#primaryimage\"},\"thumbnailUrl\":\"https:\/\/pablocarpintero.es\/wp-content\/uploads\/2021\/12\/Coimbra-1920-1940-Pablo-Carpintero.jpg\",\"datePublished\":\"2021-12-01T07:15:57+00:00\",\"dateModified\":\"2026-03-23T15:36:06+00:00\",\"breadcrumb\":{\"@id\":\"https:\/\/pablocarpintero.es\/producto\/vestidos-tradicionales-de-coimbra\/#breadcrumb\"},\"inLanguage\":\"es\",\"potentialAction\":[{\"@type\":\"ReadAction\",\"target\":[\"https:\/\/pablocarpintero.es\/producto\/vestidos-tradicionales-de-coimbra\/\"]}]},{\"@type\":\"ImageObject\",\"inLanguage\":\"es\",\"@id\":\"https:\/\/pablocarpintero.es\/producto\/vestidos-tradicionales-de-coimbra\/#primaryimage\",\"url\":\"https:\/\/pablocarpintero.es\/wp-content\/uploads\/2021\/12\/Coimbra-1920-1940-Pablo-Carpintero.jpg\",\"contentUrl\":\"https:\/\/pablocarpintero.es\/wp-content\/uploads\/2021\/12\/Coimbra-1920-1940-Pablo-Carpintero.jpg\",\"width\":1150,\"height\":821},{\"@type\":\"BreadcrumbList\",\"@id\":\"https:\/\/pablocarpintero.es\/producto\/vestidos-tradicionales-de-coimbra\/#breadcrumb\",\"itemListElement\":[{\"@type\":\"ListItem\",\"position\":1,\"name\":\"Portada\",\"item\":\"https:\/\/pablocarpintero.es\/inicio\/\"},{\"@type\":\"ListItem\",\"position\":2,\"name\":\"Tienda\",\"item\":\"https:\/\/pablocarpintero.es\/tienda\/\"},{\"@type\":\"ListItem\",\"position\":3,\"name\":\"Vestidos tradicionales de Coimbra\"}]},{\"@type\":\"WebSite\",\"@id\":\"https:\/\/pablocarpintero.es\/#website\",\"url\":\"https:\/\/pablocarpintero.es\/\",\"name\":\"Pablo Carpintero\",\"description\":\"Otro sitio realizado con WordPress\",\"potentialAction\":[{\"@type\":\"SearchAction\",\"target\":{\"@type\":\"EntryPoint\",\"urlTemplate\":\"https:\/\/pablocarpintero.es\/?s={search_term_string}\"},\"query-input\":{\"@type\":\"PropertyValueSpecification\",\"valueRequired\":true,\"valueName\":\"search_term_string\"}}],\"inLanguage\":\"es\"}]}<\/script>\n<!-- \/ Yoast SEO plugin. -->","yoast_head_json":{"title":"Vestidos tradicionales de Coimbra - Pablo Carpintero","robots":{"index":"index","follow":"follow","max-snippet":"max-snippet:-1","max-image-preview":"max-image-preview:large","max-video-preview":"max-video-preview:-1"},"canonical":"https:\/\/pablocarpintero.es\/es\/producto\/vestidos-tradicionales-de-coimbra\/","og_locale":"es_ES","og_type":"article","og_title":"Vestidos tradicionales de Coimbra - Pablo Carpintero","og_description":"En Coimbra aparece unha forma de vestido tradicional moi caracter\u00edstico, froito de atar o soprete no pescozo da pel do cabrito, e o punteiro e o ronc\u00f3n nas patas dianteiras. As\u00ed, o soprete sae dunha posici\u00f3n alta e ven a dar \u00e1 boca do tocador dun xeito moi c\u00f3modo. Foi costume desta zona ornamentalo con [&hellip;]","og_url":"https:\/\/pablocarpintero.es\/es\/producto\/vestidos-tradicionales-de-coimbra\/","og_site_name":"Pablo Carpintero","article_modified_time":"2026-03-23T15:36:06+00:00","og_image":[{"width":1150,"height":821,"url":"https:\/\/pablocarpintero.es\/wp-content\/uploads\/2021\/12\/Coimbra-1920-1940-Pablo-Carpintero.jpg","type":"image\/jpeg"}],"twitter_card":"summary_large_image","twitter_misc":{"Tiempo de lectura":"1 minuto"},"schema":{"@context":"https:\/\/schema.org","@graph":[{"@type":"WebPage","@id":"https:\/\/pablocarpintero.es\/producto\/vestidos-tradicionales-de-coimbra\/","url":"https:\/\/pablocarpintero.es\/producto\/vestidos-tradicionales-de-coimbra\/","name":"Vestidos tradicionales de Coimbra - Pablo Carpintero","isPartOf":{"@id":"https:\/\/pablocarpintero.es\/#website"},"primaryImageOfPage":{"@id":"https:\/\/pablocarpintero.es\/producto\/vestidos-tradicionales-de-coimbra\/#primaryimage"},"image":{"@id":"https:\/\/pablocarpintero.es\/producto\/vestidos-tradicionales-de-coimbra\/#primaryimage"},"thumbnailUrl":"https:\/\/pablocarpintero.es\/wp-content\/uploads\/2021\/12\/Coimbra-1920-1940-Pablo-Carpintero.jpg","datePublished":"2021-12-01T07:15:57+00:00","dateModified":"2026-03-23T15:36:06+00:00","breadcrumb":{"@id":"https:\/\/pablocarpintero.es\/producto\/vestidos-tradicionales-de-coimbra\/#breadcrumb"},"inLanguage":"es","potentialAction":[{"@type":"ReadAction","target":["https:\/\/pablocarpintero.es\/producto\/vestidos-tradicionales-de-coimbra\/"]}]},{"@type":"ImageObject","inLanguage":"es","@id":"https:\/\/pablocarpintero.es\/producto\/vestidos-tradicionales-de-coimbra\/#primaryimage","url":"https:\/\/pablocarpintero.es\/wp-content\/uploads\/2021\/12\/Coimbra-1920-1940-Pablo-Carpintero.jpg","contentUrl":"https:\/\/pablocarpintero.es\/wp-content\/uploads\/2021\/12\/Coimbra-1920-1940-Pablo-Carpintero.jpg","width":1150,"height":821},{"@type":"BreadcrumbList","@id":"https:\/\/pablocarpintero.es\/producto\/vestidos-tradicionales-de-coimbra\/#breadcrumb","itemListElement":[{"@type":"ListItem","position":1,"name":"Portada","item":"https:\/\/pablocarpintero.es\/inicio\/"},{"@type":"ListItem","position":2,"name":"Tienda","item":"https:\/\/pablocarpintero.es\/tienda\/"},{"@type":"ListItem","position":3,"name":"Vestidos tradicionales de Coimbra"}]},{"@type":"WebSite","@id":"https:\/\/pablocarpintero.es\/#website","url":"https:\/\/pablocarpintero.es\/","name":"Pablo Carpintero","description":"Otro sitio realizado con WordPress","potentialAction":[{"@type":"SearchAction","target":{"@type":"EntryPoint","urlTemplate":"https:\/\/pablocarpintero.es\/?s={search_term_string}"},"query-input":{"@type":"PropertyValueSpecification","valueRequired":true,"valueName":"search_term_string"}}],"inLanguage":"es"}]}},"_links":{"self":[{"href":"https:\/\/pablocarpintero.es\/es\/wp-json\/wp\/v2\/product\/1793","targetHints":{"allow":["GET"]}}],"collection":[{"href":"https:\/\/pablocarpintero.es\/es\/wp-json\/wp\/v2\/product"}],"about":[{"href":"https:\/\/pablocarpintero.es\/es\/wp-json\/wp\/v2\/types\/product"}],"replies":[{"embeddable":true,"href":"https:\/\/pablocarpintero.es\/es\/wp-json\/wp\/v2\/comments?post=1793"}],"wp:featuredmedia":[{"embeddable":true,"href":"https:\/\/pablocarpintero.es\/es\/wp-json\/wp\/v2\/media\/1794"}],"wp:attachment":[{"href":"https:\/\/pablocarpintero.es\/es\/wp-json\/wp\/v2\/media?parent=1793"}],"wp:term":[{"taxonomy":"product_brand","embeddable":true,"href":"https:\/\/pablocarpintero.es\/es\/wp-json\/wp\/v2\/product_brand?post=1793"},{"taxonomy":"product_cat","embeddable":true,"href":"https:\/\/pablocarpintero.es\/es\/wp-json\/wp\/v2\/product_cat?post=1793"},{"taxonomy":"product_tag","embeddable":true,"href":"https:\/\/pablocarpintero.es\/es\/wp-json\/wp\/v2\/product_tag?post=1793"}],"curies":[{"name":"wp","href":"https:\/\/api.w.org\/{rel}","templated":true}]}}