{"id":2067,"date":"2022-09-29T04:00:59","date_gmt":"2022-09-29T04:00:59","guid":{"rendered":"https:\/\/pablocarpintero.es\/?post_type=product&#038;p=2067"},"modified":"2026-03-23T15:32:16","modified_gmt":"2026-03-23T15:32:16","slug":"gaita-de-ronquillo-do-patarico-de-muxia","status":"publish","type":"product","link":"https:\/\/pablocarpintero.es\/es\/producto\/gaita-de-ronquillo-do-patarico-de-muxia\/","title":{"rendered":"Gaita de ronquillo del gaiteiro O Patarico de Mux\u00eda (A Coru\u00f1a)"},"content":{"rendered":"<p>R\u00e9plica de la gaita de ronquillo que perteneci\u00f3 al gaitero \"O Patarico\" de Mux\u00eda (A Coru\u00f1a), propiedad de Ricardo Caxide. Probablemente sea una gaita muy antigua y se haya usado mucho. El puntero esta fabricado en alg\u00fan tipo de palo santo, aunque ya tiene un aspecto de \u00e9bano, pues los a\u00f1os lo han vuelto completamente negro. Est\u00e1 anillado en marfil y \u00e9ste tiene una p\u00e1tina muy aparente. La copa del ronquillo tambi\u00e9n es de marfil, siendo el \u00fanico caso de este tipo que hemos encontrado hasta el momento. Ambos materiales, palo santo y marfil, nos hablan de tiempos muy lejanos.<\/p>\n<p>El torneado del ronc\u00f3n tiene l\u00edneas de una elegancia que pocas veces se ve, y su elaboraci\u00f3n es de una finura asombrosa, quien lo hizo fue, desde luego, un gran artesano.<span class=\"Apple-converted-space\">\u00a0<\/span><\/p>\n<p>La mayor curiosidad de esta gaita es que el puntero se toca con la digitaci\u00f3n de las gaitas de barqu\u00edn, es decir, para emitir los grados 7\u00ba y 8\u00ba hay que interponer el dedo medio de la mano superior, si no, los dos salen muy altos. Por otro lado, levantar este dedo y tocar con todos los agujeros destapados produce un segundo grado sobreagudo. Esta curiosa caracter\u00edstica nos lleva a pensar, apoyando la tesis de Ricardo, que quiz\u00e1s se trate de una gaita del sur de Galicia.<span class=\"Apple-converted-space\">\u00a0<\/span><\/p>\n<p>El sonido del puntero, como pod\u00e9is escuchar en este <a href=\"https:\/\/www.youtube.com\/watch?v=cdD1ghztT98\">v\u00eddeo<\/a>, es genial, fusion\u00e1ndose a la perfecci\u00f3n con la redondez del bord\u00f3n y con el sonido del ronquillo, que tiene un punto fant\u00e1stico de suavidad. Es, en definitiva, una gran gaita de fuelle de la que ya ten\u00e9is disponible una r\u00e9plica si quer\u00e9is ayudar a conservar estos sonidos tan fant\u00e1sticos y propios de nuestras tradiciones.<span class=\"Apple-converted-space\">\u00a0 \u00a0 \u00a0<\/span><\/p>","protected":false},"excerpt":{"rendered":"<p>R\u00e9plica da gaita de ronquillo do pertenceu ao gaiteiro alcumado &#8220;O Patarico&#8221; de Mux\u00eda (A Coru\u00f1a), propiedade de Ricardo Caxide. Tr\u00e1tase dunha gaita probablemente moi antiga e foi bastante usada. O punteiro est\u00e1 fabricado seguramente nalg\u00fan tipo de pau santo, malia que xa ten un aspecto de \u00e9bano pois os anos volv\u00e9rono completamente negro. Esta [&hellip;]<\/p>\n","protected":false},"featured_media":2064,"comment_status":"open","ping_status":"closed","template":"","meta":{"give_campaign_id":0,"_joinchat":[]},"product_brand":[],"product_cat":[20,21,24],"product_tag":[],"class_list":{"0":"post-2067","1":"product","2":"type-product","3":"status-publish","4":"has-post-thumbnail","6":"product_cat-gaitas-de-fol","7":"product_cat-replicas-de-gaitas-de-fol-antigas","8":"product_cat-replicas-de-gaitas-galegas","10":"first","11":"instock","12":"taxable","13":"shipping-taxable","14":"product-type-simple"},"yoast_head":"<!-- This site is optimized with the Yoast SEO plugin v27.2 - https:\/\/yoast.com\/product\/yoast-seo-wordpress\/ -->\n<title>Gaita de ronquillo do Patarico de Mux\u00eda - Pablo Carpintero<\/title>\n<meta name=\"robots\" content=\"index, follow, max-snippet:-1, max-image-preview:large, max-video-preview:-1\" \/>\n<link rel=\"canonical\" href=\"https:\/\/pablocarpintero.es\/es\/producto\/gaita-de-ronquillo-do-patarico-de-muxia\/\" \/>\n<meta property=\"og:locale\" content=\"es_ES\" \/>\n<meta property=\"og:type\" content=\"article\" \/>\n<meta property=\"og:title\" content=\"Gaita de ronquillo do Patarico de Mux\u00eda - Pablo Carpintero\" \/>\n<meta property=\"og:description\" content=\"R\u00e9plica da gaita de ronquillo do pertenceu ao gaiteiro alcumado &#8220;O Patarico&#8221; de Mux\u00eda (A Coru\u00f1a), propiedade de Ricardo Caxide. Tr\u00e1tase dunha gaita probablemente moi antiga e foi bastante usada. O punteiro est\u00e1 fabricado seguramente nalg\u00fan tipo de pau santo, malia que xa ten un aspecto de \u00e9bano pois os anos volv\u00e9rono completamente negro. Esta [&hellip;]\" \/>\n<meta property=\"og:url\" content=\"https:\/\/pablocarpintero.es\/es\/producto\/gaita-de-ronquillo-do-patarico-de-muxia\/\" \/>\n<meta property=\"og:site_name\" content=\"Pablo Carpintero\" \/>\n<meta property=\"article:modified_time\" content=\"2026-03-23T15:32:16+00:00\" \/>\n<meta property=\"og:image\" content=\"https:\/\/pablocarpintero.es\/wp-content\/uploads\/2022\/09\/Gaita-de-ronquillo-do-Patarico-Pablo-carpintero-1-1.jpg\" \/>\n\t<meta property=\"og:image:width\" content=\"1827\" \/>\n\t<meta property=\"og:image:height\" content=\"1302\" \/>\n\t<meta property=\"og:image:type\" content=\"image\/jpeg\" \/>\n<meta name=\"twitter:card\" content=\"summary_large_image\" \/>\n<meta name=\"twitter:label1\" content=\"Tiempo de lectura\" \/>\n\t<meta name=\"twitter:data1\" content=\"2 minutos\" \/>\n<script type=\"application\/ld+json\" class=\"yoast-schema-graph\">{\"@context\":\"https:\/\/schema.org\",\"@graph\":[{\"@type\":\"WebPage\",\"@id\":\"https:\/\/pablocarpintero.es\/producto\/gaita-de-ronquillo-do-patarico-de-muxia\/\",\"url\":\"https:\/\/pablocarpintero.es\/producto\/gaita-de-ronquillo-do-patarico-de-muxia\/\",\"name\":\"Gaita de ronquillo do Patarico de Mux\u00eda - Pablo Carpintero\",\"isPartOf\":{\"@id\":\"https:\/\/pablocarpintero.es\/#website\"},\"primaryImageOfPage\":{\"@id\":\"https:\/\/pablocarpintero.es\/producto\/gaita-de-ronquillo-do-patarico-de-muxia\/#primaryimage\"},\"image\":{\"@id\":\"https:\/\/pablocarpintero.es\/producto\/gaita-de-ronquillo-do-patarico-de-muxia\/#primaryimage\"},\"thumbnailUrl\":\"https:\/\/pablocarpintero.es\/wp-content\/uploads\/2022\/09\/Gaita-de-ronquillo-do-Patarico-Pablo-carpintero-1-1.jpg\",\"datePublished\":\"2022-09-29T04:00:59+00:00\",\"dateModified\":\"2026-03-23T15:32:16+00:00\",\"breadcrumb\":{\"@id\":\"https:\/\/pablocarpintero.es\/producto\/gaita-de-ronquillo-do-patarico-de-muxia\/#breadcrumb\"},\"inLanguage\":\"es\",\"potentialAction\":[{\"@type\":\"ReadAction\",\"target\":[\"https:\/\/pablocarpintero.es\/producto\/gaita-de-ronquillo-do-patarico-de-muxia\/\"]}]},{\"@type\":\"ImageObject\",\"inLanguage\":\"es\",\"@id\":\"https:\/\/pablocarpintero.es\/producto\/gaita-de-ronquillo-do-patarico-de-muxia\/#primaryimage\",\"url\":\"https:\/\/pablocarpintero.es\/wp-content\/uploads\/2022\/09\/Gaita-de-ronquillo-do-Patarico-Pablo-carpintero-1-1.jpg\",\"contentUrl\":\"https:\/\/pablocarpintero.es\/wp-content\/uploads\/2022\/09\/Gaita-de-ronquillo-do-Patarico-Pablo-carpintero-1-1.jpg\",\"width\":1827,\"height\":1302},{\"@type\":\"BreadcrumbList\",\"@id\":\"https:\/\/pablocarpintero.es\/producto\/gaita-de-ronquillo-do-patarico-de-muxia\/#breadcrumb\",\"itemListElement\":[{\"@type\":\"ListItem\",\"position\":1,\"name\":\"Portada\",\"item\":\"https:\/\/pablocarpintero.es\/inicio\/\"},{\"@type\":\"ListItem\",\"position\":2,\"name\":\"Tienda\",\"item\":\"https:\/\/pablocarpintero.es\/tienda\/\"},{\"@type\":\"ListItem\",\"position\":3,\"name\":\"Gaita de ronquillo do Patarico de Mux\u00eda\"}]},{\"@type\":\"WebSite\",\"@id\":\"https:\/\/pablocarpintero.es\/#website\",\"url\":\"https:\/\/pablocarpintero.es\/\",\"name\":\"Pablo Carpintero\",\"description\":\"Otro sitio realizado con WordPress\",\"potentialAction\":[{\"@type\":\"SearchAction\",\"target\":{\"@type\":\"EntryPoint\",\"urlTemplate\":\"https:\/\/pablocarpintero.es\/?s={search_term_string}\"},\"query-input\":{\"@type\":\"PropertyValueSpecification\",\"valueRequired\":true,\"valueName\":\"search_term_string\"}}],\"inLanguage\":\"es\"}]}<\/script>\n<!-- \/ Yoast SEO plugin. -->","yoast_head_json":{"title":"Gaita de ronquillo do Patarico de Mux\u00eda - Pablo Carpintero","robots":{"index":"index","follow":"follow","max-snippet":"max-snippet:-1","max-image-preview":"max-image-preview:large","max-video-preview":"max-video-preview:-1"},"canonical":"https:\/\/pablocarpintero.es\/es\/producto\/gaita-de-ronquillo-do-patarico-de-muxia\/","og_locale":"es_ES","og_type":"article","og_title":"Gaita de ronquillo do Patarico de Mux\u00eda - Pablo Carpintero","og_description":"R\u00e9plica da gaita de ronquillo do pertenceu ao gaiteiro alcumado &#8220;O Patarico&#8221; de Mux\u00eda (A Coru\u00f1a), propiedade de Ricardo Caxide. Tr\u00e1tase dunha gaita probablemente moi antiga e foi bastante usada. O punteiro est\u00e1 fabricado seguramente nalg\u00fan tipo de pau santo, malia que xa ten un aspecto de \u00e9bano pois os anos volv\u00e9rono completamente negro. Esta [&hellip;]","og_url":"https:\/\/pablocarpintero.es\/es\/producto\/gaita-de-ronquillo-do-patarico-de-muxia\/","og_site_name":"Pablo Carpintero","article_modified_time":"2026-03-23T15:32:16+00:00","og_image":[{"width":1827,"height":1302,"url":"https:\/\/pablocarpintero.es\/wp-content\/uploads\/2022\/09\/Gaita-de-ronquillo-do-Patarico-Pablo-carpintero-1-1.jpg","type":"image\/jpeg"}],"twitter_card":"summary_large_image","twitter_misc":{"Tiempo de lectura":"2 minutos"},"schema":{"@context":"https:\/\/schema.org","@graph":[{"@type":"WebPage","@id":"https:\/\/pablocarpintero.es\/producto\/gaita-de-ronquillo-do-patarico-de-muxia\/","url":"https:\/\/pablocarpintero.es\/producto\/gaita-de-ronquillo-do-patarico-de-muxia\/","name":"Gaita de ronquillo do Patarico de Mux\u00eda - Pablo Carpintero","isPartOf":{"@id":"https:\/\/pablocarpintero.es\/#website"},"primaryImageOfPage":{"@id":"https:\/\/pablocarpintero.es\/producto\/gaita-de-ronquillo-do-patarico-de-muxia\/#primaryimage"},"image":{"@id":"https:\/\/pablocarpintero.es\/producto\/gaita-de-ronquillo-do-patarico-de-muxia\/#primaryimage"},"thumbnailUrl":"https:\/\/pablocarpintero.es\/wp-content\/uploads\/2022\/09\/Gaita-de-ronquillo-do-Patarico-Pablo-carpintero-1-1.jpg","datePublished":"2022-09-29T04:00:59+00:00","dateModified":"2026-03-23T15:32:16+00:00","breadcrumb":{"@id":"https:\/\/pablocarpintero.es\/producto\/gaita-de-ronquillo-do-patarico-de-muxia\/#breadcrumb"},"inLanguage":"es","potentialAction":[{"@type":"ReadAction","target":["https:\/\/pablocarpintero.es\/producto\/gaita-de-ronquillo-do-patarico-de-muxia\/"]}]},{"@type":"ImageObject","inLanguage":"es","@id":"https:\/\/pablocarpintero.es\/producto\/gaita-de-ronquillo-do-patarico-de-muxia\/#primaryimage","url":"https:\/\/pablocarpintero.es\/wp-content\/uploads\/2022\/09\/Gaita-de-ronquillo-do-Patarico-Pablo-carpintero-1-1.jpg","contentUrl":"https:\/\/pablocarpintero.es\/wp-content\/uploads\/2022\/09\/Gaita-de-ronquillo-do-Patarico-Pablo-carpintero-1-1.jpg","width":1827,"height":1302},{"@type":"BreadcrumbList","@id":"https:\/\/pablocarpintero.es\/producto\/gaita-de-ronquillo-do-patarico-de-muxia\/#breadcrumb","itemListElement":[{"@type":"ListItem","position":1,"name":"Portada","item":"https:\/\/pablocarpintero.es\/inicio\/"},{"@type":"ListItem","position":2,"name":"Tienda","item":"https:\/\/pablocarpintero.es\/tienda\/"},{"@type":"ListItem","position":3,"name":"Gaita de ronquillo do Patarico de Mux\u00eda"}]},{"@type":"WebSite","@id":"https:\/\/pablocarpintero.es\/#website","url":"https:\/\/pablocarpintero.es\/","name":"Pablo Carpintero","description":"Otro sitio realizado con WordPress","potentialAction":[{"@type":"SearchAction","target":{"@type":"EntryPoint","urlTemplate":"https:\/\/pablocarpintero.es\/?s={search_term_string}"},"query-input":{"@type":"PropertyValueSpecification","valueRequired":true,"valueName":"search_term_string"}}],"inLanguage":"es"}]}},"_links":{"self":[{"href":"https:\/\/pablocarpintero.es\/es\/wp-json\/wp\/v2\/product\/2067","targetHints":{"allow":["GET"]}}],"collection":[{"href":"https:\/\/pablocarpintero.es\/es\/wp-json\/wp\/v2\/product"}],"about":[{"href":"https:\/\/pablocarpintero.es\/es\/wp-json\/wp\/v2\/types\/product"}],"replies":[{"embeddable":true,"href":"https:\/\/pablocarpintero.es\/es\/wp-json\/wp\/v2\/comments?post=2067"}],"wp:featuredmedia":[{"embeddable":true,"href":"https:\/\/pablocarpintero.es\/es\/wp-json\/wp\/v2\/media\/2064"}],"wp:attachment":[{"href":"https:\/\/pablocarpintero.es\/es\/wp-json\/wp\/v2\/media?parent=2067"}],"wp:term":[{"taxonomy":"product_brand","embeddable":true,"href":"https:\/\/pablocarpintero.es\/es\/wp-json\/wp\/v2\/product_brand?post=2067"},{"taxonomy":"product_cat","embeddable":true,"href":"https:\/\/pablocarpintero.es\/es\/wp-json\/wp\/v2\/product_cat?post=2067"},{"taxonomy":"product_tag","embeddable":true,"href":"https:\/\/pablocarpintero.es\/es\/wp-json\/wp\/v2\/product_tag?post=2067"}],"curies":[{"name":"wp","href":"https:\/\/api.w.org\/{rel}","templated":true}]}}