{"id":2275,"date":"2023-10-13T08:42:24","date_gmt":"2023-10-13T08:42:24","guid":{"rendered":"https:\/\/pablocarpintero.es\/?post_type=product&#038;p=2275"},"modified":"2024-03-12T21:02:17","modified_gmt":"2024-03-12T21:02:17","slug":"2275","status":"publish","type":"product","link":"https:\/\/pablocarpintero.es\/es\/producto\/2275\/","title":{"rendered":"Don Trist\u00e1n &#8220;o Namorado&#8221; fez esta cantiga"},"content":{"rendered":"<p>El nuevo disco de Manseli\u00f1a: <em>Don Trist\u00e1n &#8220;o Namorado&#8221; fez esta cantiga<\/em>.  Un disco sobre los lais de Breta\u00f1a. En diez temas Mar\u00eda Gim\u00e9nez recorre el universo art\u00farico, con personajes curtidos en mil gestas, v\u00edctimas de amor\u00edos y tambien de brujos.<\/p>","protected":false},"excerpt":{"rendered":"<p>O novo disco de Manseli\u00f1a: Don Trist\u00e1n &#8220;o Namorado&#8221; fez esta cantiga. Un disco sobre os lais de Breta\u00f1a. En dez temas Mar\u00eda Gim\u00e9nez percorre o universo art\u00farico, con personaxes curtidos en mil xestas, v\u00edctimas de amor\u00edos e tam\u00e9n de meigos.<\/p>","protected":false},"featured_media":2276,"comment_status":"open","ping_status":"closed","template":"","meta":{"give_campaign_id":0,"_joinchat":[]},"product_brand":[],"product_cat":[48],"product_tag":[],"class_list":{"0":"post-2275","1":"product","2":"type-product","3":"status-publish","4":"has-post-thumbnail","6":"product_cat-discografia","8":"first","9":"instock","10":"taxable","11":"shipping-taxable","12":"purchasable","13":"product-type-simple"},"yoast_head":"<!-- This site is optimized with the Yoast SEO plugin v27.2 - https:\/\/yoast.com\/product\/yoast-seo-wordpress\/ -->\n<title>Don Trist\u00e1n &quot;o Namorado&quot; fez esta cantiga - Pablo Carpintero<\/title>\n<meta name=\"robots\" content=\"index, follow, max-snippet:-1, max-image-preview:large, max-video-preview:-1\" \/>\n<link rel=\"canonical\" href=\"https:\/\/pablocarpintero.es\/es\/producto\/2275\/\" \/>\n<meta property=\"og:locale\" content=\"es_ES\" \/>\n<meta property=\"og:type\" content=\"article\" \/>\n<meta property=\"og:title\" content=\"Don Trist\u00e1n &quot;o Namorado&quot; fez esta cantiga - Pablo Carpintero\" \/>\n<meta property=\"og:description\" content=\"O novo disco de Manseli\u00f1a: Don Trist\u00e1n &#8220;o Namorado&#8221; fez esta cantiga. Un disco sobre os lais de Breta\u00f1a. En dez temas Mar\u00eda Gim\u00e9nez percorre o universo art\u00farico, con personaxes curtidos en mil xestas, v\u00edctimas de amor\u00edos e tam\u00e9n de meigos.\" \/>\n<meta property=\"og:url\" content=\"https:\/\/pablocarpintero.es\/es\/producto\/2275\/\" \/>\n<meta property=\"og:site_name\" content=\"Pablo Carpintero\" \/>\n<meta property=\"article:modified_time\" content=\"2024-03-12T21:02:17+00:00\" \/>\n<meta property=\"og:image\" content=\"https:\/\/pablocarpintero.es\/wp-content\/uploads\/2023\/10\/Manselina-Don-Tristan-o-namorado-fez-esta-Cantiga-Pablo-carpintero.jpg\" \/>\n\t<meta property=\"og:image:width\" content=\"1927\" \/>\n\t<meta property=\"og:image:height\" content=\"1771\" \/>\n\t<meta property=\"og:image:type\" content=\"image\/jpeg\" \/>\n<meta name=\"twitter:card\" content=\"summary_large_image\" \/>\n<meta name=\"twitter:label1\" content=\"Tiempo de lectura\" \/>\n\t<meta name=\"twitter:data1\" content=\"1 minuto\" \/>\n<script type=\"application\/ld+json\" class=\"yoast-schema-graph\">{\"@context\":\"https:\/\/schema.org\",\"@graph\":[{\"@type\":\"WebPage\",\"@id\":\"https:\/\/pablocarpintero.es\/producto\/2275\/\",\"url\":\"https:\/\/pablocarpintero.es\/producto\/2275\/\",\"name\":\"Don Trist\u00e1n \\\"o Namorado\\\" fez esta cantiga - Pablo Carpintero\",\"isPartOf\":{\"@id\":\"https:\/\/pablocarpintero.es\/#website\"},\"primaryImageOfPage\":{\"@id\":\"https:\/\/pablocarpintero.es\/producto\/2275\/#primaryimage\"},\"image\":{\"@id\":\"https:\/\/pablocarpintero.es\/producto\/2275\/#primaryimage\"},\"thumbnailUrl\":\"https:\/\/pablocarpintero.es\/wp-content\/uploads\/2023\/10\/Manselina-Don-Tristan-o-namorado-fez-esta-Cantiga-Pablo-carpintero.jpg\",\"datePublished\":\"2023-10-13T08:42:24+00:00\",\"dateModified\":\"2024-03-12T21:02:17+00:00\",\"breadcrumb\":{\"@id\":\"https:\/\/pablocarpintero.es\/producto\/2275\/#breadcrumb\"},\"inLanguage\":\"es\",\"potentialAction\":[{\"@type\":\"ReadAction\",\"target\":[\"https:\/\/pablocarpintero.es\/producto\/2275\/\"]}]},{\"@type\":\"ImageObject\",\"inLanguage\":\"es\",\"@id\":\"https:\/\/pablocarpintero.es\/producto\/2275\/#primaryimage\",\"url\":\"https:\/\/pablocarpintero.es\/wp-content\/uploads\/2023\/10\/Manselina-Don-Tristan-o-namorado-fez-esta-Cantiga-Pablo-carpintero.jpg\",\"contentUrl\":\"https:\/\/pablocarpintero.es\/wp-content\/uploads\/2023\/10\/Manselina-Don-Tristan-o-namorado-fez-esta-Cantiga-Pablo-carpintero.jpg\",\"width\":1927,\"height\":1771},{\"@type\":\"BreadcrumbList\",\"@id\":\"https:\/\/pablocarpintero.es\/producto\/2275\/#breadcrumb\",\"itemListElement\":[{\"@type\":\"ListItem\",\"position\":1,\"name\":\"Portada\",\"item\":\"https:\/\/pablocarpintero.es\/inicio\/\"},{\"@type\":\"ListItem\",\"position\":2,\"name\":\"Tienda\",\"item\":\"https:\/\/pablocarpintero.es\/tienda\/\"},{\"@type\":\"ListItem\",\"position\":3,\"name\":\"Don Trist\u00e1n &#8220;o Namorado&#8221; fez esta cantiga\"}]},{\"@type\":\"WebSite\",\"@id\":\"https:\/\/pablocarpintero.es\/#website\",\"url\":\"https:\/\/pablocarpintero.es\/\",\"name\":\"Pablo Carpintero\",\"description\":\"Otro sitio realizado con WordPress\",\"potentialAction\":[{\"@type\":\"SearchAction\",\"target\":{\"@type\":\"EntryPoint\",\"urlTemplate\":\"https:\/\/pablocarpintero.es\/?s={search_term_string}\"},\"query-input\":{\"@type\":\"PropertyValueSpecification\",\"valueRequired\":true,\"valueName\":\"search_term_string\"}}],\"inLanguage\":\"es\"}]}<\/script>\n<!-- \/ Yoast SEO plugin. -->","yoast_head_json":{"title":"Don Trist\u00e1n \"o Namorado\" fez esta cantiga - Pablo Carpintero","robots":{"index":"index","follow":"follow","max-snippet":"max-snippet:-1","max-image-preview":"max-image-preview:large","max-video-preview":"max-video-preview:-1"},"canonical":"https:\/\/pablocarpintero.es\/es\/producto\/2275\/","og_locale":"es_ES","og_type":"article","og_title":"Don Trist\u00e1n \"o Namorado\" fez esta cantiga - Pablo Carpintero","og_description":"O novo disco de Manseli\u00f1a: Don Trist\u00e1n &#8220;o Namorado&#8221; fez esta cantiga. Un disco sobre os lais de Breta\u00f1a. En dez temas Mar\u00eda Gim\u00e9nez percorre o universo art\u00farico, con personaxes curtidos en mil xestas, v\u00edctimas de amor\u00edos e tam\u00e9n de meigos.","og_url":"https:\/\/pablocarpintero.es\/es\/producto\/2275\/","og_site_name":"Pablo Carpintero","article_modified_time":"2024-03-12T21:02:17+00:00","og_image":[{"width":1927,"height":1771,"url":"https:\/\/pablocarpintero.es\/wp-content\/uploads\/2023\/10\/Manselina-Don-Tristan-o-namorado-fez-esta-Cantiga-Pablo-carpintero.jpg","type":"image\/jpeg"}],"twitter_card":"summary_large_image","twitter_misc":{"Tiempo de lectura":"1 minuto"},"schema":{"@context":"https:\/\/schema.org","@graph":[{"@type":"WebPage","@id":"https:\/\/pablocarpintero.es\/producto\/2275\/","url":"https:\/\/pablocarpintero.es\/producto\/2275\/","name":"Don Trist\u00e1n \"o Namorado\" fez esta cantiga - Pablo Carpintero","isPartOf":{"@id":"https:\/\/pablocarpintero.es\/#website"},"primaryImageOfPage":{"@id":"https:\/\/pablocarpintero.es\/producto\/2275\/#primaryimage"},"image":{"@id":"https:\/\/pablocarpintero.es\/producto\/2275\/#primaryimage"},"thumbnailUrl":"https:\/\/pablocarpintero.es\/wp-content\/uploads\/2023\/10\/Manselina-Don-Tristan-o-namorado-fez-esta-Cantiga-Pablo-carpintero.jpg","datePublished":"2023-10-13T08:42:24+00:00","dateModified":"2024-03-12T21:02:17+00:00","breadcrumb":{"@id":"https:\/\/pablocarpintero.es\/producto\/2275\/#breadcrumb"},"inLanguage":"es","potentialAction":[{"@type":"ReadAction","target":["https:\/\/pablocarpintero.es\/producto\/2275\/"]}]},{"@type":"ImageObject","inLanguage":"es","@id":"https:\/\/pablocarpintero.es\/producto\/2275\/#primaryimage","url":"https:\/\/pablocarpintero.es\/wp-content\/uploads\/2023\/10\/Manselina-Don-Tristan-o-namorado-fez-esta-Cantiga-Pablo-carpintero.jpg","contentUrl":"https:\/\/pablocarpintero.es\/wp-content\/uploads\/2023\/10\/Manselina-Don-Tristan-o-namorado-fez-esta-Cantiga-Pablo-carpintero.jpg","width":1927,"height":1771},{"@type":"BreadcrumbList","@id":"https:\/\/pablocarpintero.es\/producto\/2275\/#breadcrumb","itemListElement":[{"@type":"ListItem","position":1,"name":"Portada","item":"https:\/\/pablocarpintero.es\/inicio\/"},{"@type":"ListItem","position":2,"name":"Tienda","item":"https:\/\/pablocarpintero.es\/tienda\/"},{"@type":"ListItem","position":3,"name":"Don Trist\u00e1n &#8220;o Namorado&#8221; fez esta cantiga"}]},{"@type":"WebSite","@id":"https:\/\/pablocarpintero.es\/#website","url":"https:\/\/pablocarpintero.es\/","name":"Pablo Carpintero","description":"Otro sitio realizado con WordPress","potentialAction":[{"@type":"SearchAction","target":{"@type":"EntryPoint","urlTemplate":"https:\/\/pablocarpintero.es\/?s={search_term_string}"},"query-input":{"@type":"PropertyValueSpecification","valueRequired":true,"valueName":"search_term_string"}}],"inLanguage":"es"}]}},"_links":{"self":[{"href":"https:\/\/pablocarpintero.es\/es\/wp-json\/wp\/v2\/product\/2275","targetHints":{"allow":["GET"]}}],"collection":[{"href":"https:\/\/pablocarpintero.es\/es\/wp-json\/wp\/v2\/product"}],"about":[{"href":"https:\/\/pablocarpintero.es\/es\/wp-json\/wp\/v2\/types\/product"}],"replies":[{"embeddable":true,"href":"https:\/\/pablocarpintero.es\/es\/wp-json\/wp\/v2\/comments?post=2275"}],"wp:featuredmedia":[{"embeddable":true,"href":"https:\/\/pablocarpintero.es\/es\/wp-json\/wp\/v2\/media\/2276"}],"wp:attachment":[{"href":"https:\/\/pablocarpintero.es\/es\/wp-json\/wp\/v2\/media?parent=2275"}],"wp:term":[{"taxonomy":"product_brand","embeddable":true,"href":"https:\/\/pablocarpintero.es\/es\/wp-json\/wp\/v2\/product_brand?post=2275"},{"taxonomy":"product_cat","embeddable":true,"href":"https:\/\/pablocarpintero.es\/es\/wp-json\/wp\/v2\/product_cat?post=2275"},{"taxonomy":"product_tag","embeddable":true,"href":"https:\/\/pablocarpintero.es\/es\/wp-json\/wp\/v2\/product_tag?post=2275"}],"curies":[{"name":"wp","href":"https:\/\/api.w.org\/{rel}","templated":true}]}}