{"id":2327,"date":"2023-12-10T07:50:44","date_gmt":"2023-12-10T07:50:44","guid":{"rendered":"https:\/\/pablocarpintero.es\/?post_type=product&#038;p=2327"},"modified":"2026-03-19T12:48:41","modified_gmt":"2026-03-19T12:48:41","slug":"gaita-de-ronquillo-do-obradoiro-riobo","status":"publish","type":"product","link":"https:\/\/pablocarpintero.es\/es\/producto\/gaita-de-ronquillo-do-obradoiro-riobo\/","title":{"rendered":"Gaita de ronquillo do obradoiro Riob\u00f3"},"content":{"rendered":"<style type=\"text\/css\" data-created_by=\"avia_inline_auto\" id=\"style-css-av-ap6v1j-b7482ddb135a5709406a90c2e14aea98\">\n.avia-image-container.av-ap6v1j-b7482ddb135a5709406a90c2e14aea98 img.avia_image{\nbox-shadow:none;\n}\n.avia-image-container.av-ap6v1j-b7482ddb135a5709406a90c2e14aea98 .av-image-caption-overlay-center{\ncolor:#ffffff;\n}\n<\/style>\n<div  class='avia-image-container av-ap6v1j-b7482ddb135a5709406a90c2e14aea98 av-styling- avia-align-center  avia-builder-el-0  el_before_av_image  avia-builder-el-first'   itemprop=\"image\" itemscope=\"itemscope\" itemtype=\"https:\/\/schema.org\/ImageObject\" ><div class=\"avia-image-container-inner\"><div class=\"avia-image-overlay-wrap\"><img decoding=\"async\" class='wp-image-2333 avia-img-lazy-loading-not-2333 avia_image' src=\"https:\/\/pablocarpintero.es\/wp-content\/uploads\/2023\/12\/Janite-de-la-Fuente-Obradoiro-Riobo-300x200.jpg\" alt='' title='Janite de la Fuente Obradoiro Riob\u00f3'  height=\"200\" width=\"300\"  itemprop=\"thumbnailUrl\" srcset=\"https:\/\/pablocarpintero.es\/wp-content\/uploads\/2023\/12\/Janite-de-la-Fuente-Obradoiro-Riobo-300x200.jpg 300w, https:\/\/pablocarpintero.es\/wp-content\/uploads\/2023\/12\/Janite-de-la-Fuente-Obradoiro-Riobo-768x512.jpg 768w, https:\/\/pablocarpintero.es\/wp-content\/uploads\/2023\/12\/Janite-de-la-Fuente-Obradoiro-Riobo-18x12.jpg 18w, https:\/\/pablocarpintero.es\/wp-content\/uploads\/2023\/12\/Janite-de-la-Fuente-Obradoiro-Riobo-705x470.jpg 705w, https:\/\/pablocarpintero.es\/wp-content\/uploads\/2023\/12\/Janite-de-la-Fuente-Obradoiro-Riobo-450x300.jpg 450w, https:\/\/pablocarpintero.es\/wp-content\/uploads\/2023\/12\/Janite-de-la-Fuente-Obradoiro-Riobo-600x400.jpg 600w, https:\/\/pablocarpintero.es\/wp-content\/uploads\/2023\/12\/Janite-de-la-Fuente-Obradoiro-Riobo.jpg 886w\" sizes=\"(max-width: 300px) 100vw, 300px\" \/><\/div><\/div><\/div>\n<p>En este a\u00f1o 2023 se jubila Joaqu\u00edn Espi\u00f1o Mart\u00ednez (1958), regente del taller de gaitas y requintas Garc\u00eda de Riob\u00f3, A Estrada (Pontevedra). Se trata del taller m\u00e1s antiguo de la Pen\u00ednsula Ib\u00e9rica, con m\u00e1s de 200 a\u00f1os de historia. Las primeras noticias datan de finales del siglo XVIII cuando all\u00ed trabajaba Joaqu\u00edn Garc\u00eda Rei (1790-1866), padre del tatarabuelo del actual propietario, que ya trabajaba en la elaboraci\u00f3n de instrumentos musicales, principalmente gaitas de fuelle. De este hombre aprendi\u00f3 su hijo Domingo Antonio Garc\u00eda de Oca (1811-1872), que obtuvo el reconocimiento de la reina Isabel II por una gaita de \u00e9bano que exhibi\u00f3 en la \"Exposici\u00f3n de productos agr\u00edcolas\" celebrada en Madrid en 1837. No se encontraron instrumentos fabricados por este hombre, pero se sabe que \u00e9l y su padre trabajaron con el torno de vara que se conserva en el taller. Domingo y Joaqu\u00edn identificaban sus instrumentos estampando un sello que os mostramos.<\/p>\n\n<style type=\"text\/css\" data-created_by=\"avia_inline_auto\" id=\"style-css-av-8z8x9j-0ef4f4e4490a35a0b4e4dbba7de68417\">\n.avia-image-container.av-8z8x9j-0ef4f4e4490a35a0b4e4dbba7de68417 img.avia_image{\nbox-shadow:none;\n}\n.avia-image-container.av-8z8x9j-0ef4f4e4490a35a0b4e4dbba7de68417 .av-image-caption-overlay-center{\ncolor:#ffffff;\n}\n<\/style>\n<div  class='avia-image-container av-8z8x9j-0ef4f4e4490a35a0b4e4dbba7de68417 av-styling- avia-align-center  avia-builder-el-1  el_after_av_image  el_before_av_image'   itemprop=\"image\" itemscope=\"itemscope\" itemtype=\"https:\/\/schema.org\/ImageObject\" ><div class=\"avia-image-container-inner\"><div class=\"avia-image-overlay-wrap\"><img decoding=\"async\" class='wp-image-2336 avia-img-lazy-loading-not-2336 avia_image' src=\"https:\/\/pablocarpintero.es\/wp-content\/uploads\/2023\/12\/Carimbo-Riobo-Pablo-carpintero-300x194.jpg\" alt='' title='Diapo5- 7.tif'  height=\"194\" width=\"300\"  itemprop=\"thumbnailUrl\" srcset=\"https:\/\/pablocarpintero.es\/wp-content\/uploads\/2023\/12\/Carimbo-Riobo-Pablo-carpintero-300x194.jpg 300w, https:\/\/pablocarpintero.es\/wp-content\/uploads\/2023\/12\/Carimbo-Riobo-Pablo-carpintero-768x495.jpg 768w, https:\/\/pablocarpintero.es\/wp-content\/uploads\/2023\/12\/Carimbo-Riobo-Pablo-carpintero-18x12.jpg 18w, https:\/\/pablocarpintero.es\/wp-content\/uploads\/2023\/12\/Carimbo-Riobo-Pablo-carpintero-705x455.jpg 705w, https:\/\/pablocarpintero.es\/wp-content\/uploads\/2023\/12\/Carimbo-Riobo-Pablo-carpintero-450x290.jpg 450w, https:\/\/pablocarpintero.es\/wp-content\/uploads\/2023\/12\/Carimbo-Riobo-Pablo-carpintero-600x387.jpg 600w, https:\/\/pablocarpintero.es\/wp-content\/uploads\/2023\/12\/Carimbo-Riobo-Pablo-carpintero.jpg 975w\" sizes=\"(max-width: 300px) 100vw, 300px\" \/><\/div><\/div><\/div>\n<p>&nbsp;<\/p>\n<p class=\"translation-block\">Junto con el sello SIO de Lisboa, que data del siglo XVIII, son los m\u00e1s antiguos documentados en la pen\u00ednsula Ib\u00e9rica. El heredero de Domingo en este taller fue Joaqu\u00edn Garc\u00eda Garc\u00eda (1856-1934), bisabuelo del actual regente. Este hombre fue probablemente quien desarroll\u00f3 las requintas da Ulla. No tuvo descendencia masculina, por lo que el taller pas\u00f3 directamente a Joaqu\u00edn Espi\u00f1o Garc\u00eda (1921-1976), padre del actual artesano, gran fabricante de gaitas y requintas, como su hijo.<\/p>\n\n<style type=\"text\/css\" data-created_by=\"avia_inline_auto\" id=\"style-css-av-70jp6f-56e66ce17f280496d2b5f903546a91fb\">\n.avia-image-container.av-70jp6f-56e66ce17f280496d2b5f903546a91fb img.avia_image{\nbox-shadow:none;\n}\n.avia-image-container.av-70jp6f-56e66ce17f280496d2b5f903546a91fb .av-image-caption-overlay-center{\ncolor:#ffffff;\n}\n<\/style>\n<div  class='avia-image-container av-70jp6f-56e66ce17f280496d2b5f903546a91fb av-styling- avia-align-center  avia-builder-el-2  el_after_av_image  el_before_av_image'   itemprop=\"image\" itemscope=\"itemscope\" itemtype=\"https:\/\/schema.org\/ImageObject\" ><div class=\"avia-image-container-inner\"><div class=\"avia-image-overlay-wrap\"><img decoding=\"async\" class='wp-image-2335 avia-img-lazy-loading-not-2335 avia_image' src=\"https:\/\/pablocarpintero.es\/wp-content\/uploads\/2023\/12\/Punteiro-afinable-Pablo-Carpintero-300x75.jpg\" alt='' title='Punteiro afinable Pablo Carpintero'  height=\"75\" width=\"300\"  itemprop=\"thumbnailUrl\" srcset=\"https:\/\/pablocarpintero.es\/wp-content\/uploads\/2023\/12\/Punteiro-afinable-Pablo-Carpintero-300x75.jpg 300w, https:\/\/pablocarpintero.es\/wp-content\/uploads\/2023\/12\/Punteiro-afinable-Pablo-Carpintero-1030x258.jpg 1030w, https:\/\/pablocarpintero.es\/wp-content\/uploads\/2023\/12\/Punteiro-afinable-Pablo-Carpintero-768x192.jpg 768w, https:\/\/pablocarpintero.es\/wp-content\/uploads\/2023\/12\/Punteiro-afinable-Pablo-Carpintero-1536x384.jpg 1536w, https:\/\/pablocarpintero.es\/wp-content\/uploads\/2023\/12\/Punteiro-afinable-Pablo-Carpintero-2048x512.jpg 2048w, https:\/\/pablocarpintero.es\/wp-content\/uploads\/2023\/12\/Punteiro-afinable-Pablo-Carpintero-18x5.jpg 18w, https:\/\/pablocarpintero.es\/wp-content\/uploads\/2023\/12\/Punteiro-afinable-Pablo-Carpintero-1500x375.jpg 1500w, https:\/\/pablocarpintero.es\/wp-content\/uploads\/2023\/12\/Punteiro-afinable-Pablo-Carpintero-705x176.jpg 705w, https:\/\/pablocarpintero.es\/wp-content\/uploads\/2023\/12\/Punteiro-afinable-Pablo-Carpintero-450x113.jpg 450w, https:\/\/pablocarpintero.es\/wp-content\/uploads\/2023\/12\/Punteiro-afinable-Pablo-Carpintero-1320x330.jpg 1320w, https:\/\/pablocarpintero.es\/wp-content\/uploads\/2023\/12\/Punteiro-afinable-Pablo-Carpintero-600x150.jpg 600w\" sizes=\"(max-width: 300px) 100vw, 300px\" \/><\/div><\/div><\/div>\n\n<style type=\"text\/css\" data-created_by=\"avia_inline_auto\" id=\"style-css-av-60z1s7-530e648f9c075ea40c8cf253ee5b8f99\">\n.avia-image-container.av-60z1s7-530e648f9c075ea40c8cf253ee5b8f99 img.avia_image{\nbox-shadow:none;\n}\n.avia-image-container.av-60z1s7-530e648f9c075ea40c8cf253ee5b8f99 .av-image-caption-overlay-center{\ncolor:#ffffff;\n}\n<\/style>\n<div  class='avia-image-container av-60z1s7-530e648f9c075ea40c8cf253ee5b8f99 av-styling- avia-align-center  avia-builder-el-3  el_after_av_image  el_before_av_image'   itemprop=\"image\" itemscope=\"itemscope\" itemtype=\"https:\/\/schema.org\/ImageObject\" ><div class=\"avia-image-container-inner\"><div class=\"avia-image-overlay-wrap\"><img decoding=\"async\" class='wp-image-2334 avia-img-lazy-loading-not-2334 avia_image' src=\"https:\/\/pablocarpintero.es\/wp-content\/uploads\/2023\/12\/Punteiro-afinable-2-Pablo-Carpintero-300x296.jpg\" alt='' title='Punteiro afinable 2 Pablo Carpintero'  height=\"296\" width=\"300\"  itemprop=\"thumbnailUrl\" srcset=\"https:\/\/pablocarpintero.es\/wp-content\/uploads\/2023\/12\/Punteiro-afinable-2-Pablo-Carpintero-300x296.jpg 300w, https:\/\/pablocarpintero.es\/wp-content\/uploads\/2023\/12\/Punteiro-afinable-2-Pablo-Carpintero-1030x1015.jpg 1030w, https:\/\/pablocarpintero.es\/wp-content\/uploads\/2023\/12\/Punteiro-afinable-2-Pablo-Carpintero-80x80.jpg 80w, https:\/\/pablocarpintero.es\/wp-content\/uploads\/2023\/12\/Punteiro-afinable-2-Pablo-Carpintero-768x757.jpg 768w, https:\/\/pablocarpintero.es\/wp-content\/uploads\/2023\/12\/Punteiro-afinable-2-Pablo-Carpintero-12x12.jpg 12w, https:\/\/pablocarpintero.es\/wp-content\/uploads\/2023\/12\/Punteiro-afinable-2-Pablo-Carpintero-36x36.jpg 36w, https:\/\/pablocarpintero.es\/wp-content\/uploads\/2023\/12\/Punteiro-afinable-2-Pablo-Carpintero-705x695.jpg 705w, https:\/\/pablocarpintero.es\/wp-content\/uploads\/2023\/12\/Punteiro-afinable-2-Pablo-Carpintero-450x444.jpg 450w, https:\/\/pablocarpintero.es\/wp-content\/uploads\/2023\/12\/Punteiro-afinable-2-Pablo-Carpintero-600x591.jpg 600w, https:\/\/pablocarpintero.es\/wp-content\/uploads\/2023\/12\/Punteiro-afinable-2-Pablo-Carpintero-100x100.jpg 100w, https:\/\/pablocarpintero.es\/wp-content\/uploads\/2023\/12\/Punteiro-afinable-2-Pablo-Carpintero.jpg 1117w\" sizes=\"(max-width: 300px) 100vw, 300px\" \/><\/div><\/div><\/div>\n<p>&nbsp;<\/p>\n<p>Cientos de gaiteros compraron gaitas en el taller de Riob\u00f3, en el libro de registros de Joaqu\u00edn Garc\u00eda, que tuvimos la suerte de documentar, aparecen nombres tan famosos como los gaiteros de Soutelo, Perfecto Feijoo o Faustino Santalices. Tambi\u00e9n sabemos que Joaqu\u00edn Garc\u00eda ense\u00f1\u00f3 a Faustino Santalices a hacer gaitas, porque los planos que utiliz\u00f3 a\u00fan contienen la letra de este hombre. Faustino desarroll\u00f3 sus fant\u00e1sticas <a href=\"https:\/\/pablocarpintero.es\/es\/producto\/gaita-redonda-de-faustino-santalices\/\">gaitas<\/a> a partir de las de este taller. Tambi\u00e9n en Riob\u00f3 aparecen las primeras ronquetas de las que tenemos noticias, probablemente derivadas de los ornillos de las <a href=\"https:\/\/pablocarpintero.es\/es\/producto\/gaita-de-barquin-de-ricardo-alexandre-tomino\/\">gaitas de barqu\u00edn<\/a> y de las <a href=\"https:\/\/pablocarpintero.es\/es\/producto\/gaita-de-dous-bordons-no-ombreiro\/\">dous ronc\u00f3ns no ombreiro<\/a> que aparecen en O Baixo Mi\u00f1o.<\/p>\n\n<style type=\"text\/css\" data-created_by=\"avia_inline_auto\" id=\"style-css-av-3u3r9z-ad05b4f51eae3a9b2f90db8d1e3422cf\">\n.avia-image-container.av-3u3r9z-ad05b4f51eae3a9b2f90db8d1e3422cf img.avia_image{\nbox-shadow:none;\n}\n.avia-image-container.av-3u3r9z-ad05b4f51eae3a9b2f90db8d1e3422cf .av-image-caption-overlay-center{\ncolor:#ffffff;\n}\n<\/style>\n<div  class='avia-image-container av-3u3r9z-ad05b4f51eae3a9b2f90db8d1e3422cf av-styling- avia-align-center  avia-builder-el-4  el_after_av_image  el_before_av_video'   itemprop=\"image\" itemscope=\"itemscope\" itemtype=\"https:\/\/schema.org\/ImageObject\" ><div class=\"avia-image-container-inner\"><div class=\"avia-image-overlay-wrap\"><img decoding=\"async\" class='wp-image-2332 avia-img-lazy-loading-not-2332 avia_image' src=\"https:\/\/pablocarpintero.es\/wp-content\/uploads\/2023\/12\/Imagen-014-300x204.jpg\" alt='' title='Imagen 014'  height=\"204\" width=\"300\"  itemprop=\"thumbnailUrl\" srcset=\"https:\/\/pablocarpintero.es\/wp-content\/uploads\/2023\/12\/Imagen-014-300x204.jpg 300w, https:\/\/pablocarpintero.es\/wp-content\/uploads\/2023\/12\/Imagen-014-1030x700.jpg 1030w, https:\/\/pablocarpintero.es\/wp-content\/uploads\/2023\/12\/Imagen-014-768x522.jpg 768w, https:\/\/pablocarpintero.es\/wp-content\/uploads\/2023\/12\/Imagen-014-18x12.jpg 18w, https:\/\/pablocarpintero.es\/wp-content\/uploads\/2023\/12\/Imagen-014-705x479.jpg 705w, https:\/\/pablocarpintero.es\/wp-content\/uploads\/2023\/12\/Imagen-014-450x306.jpg 450w, https:\/\/pablocarpintero.es\/wp-content\/uploads\/2023\/12\/Imagen-014-600x408.jpg 600w, https:\/\/pablocarpintero.es\/wp-content\/uploads\/2023\/12\/Imagen-014.jpg 1313w\" sizes=\"(max-width: 300px) 100vw, 300px\" \/><\/div><\/div><\/div>\n<p>Quer\u00edamos ofreceros la posibilidad de tener una de las gaitas antiguas de este taller, por eso replicamos una de las mejores que hemos encontrado, que sali\u00f3 de manos de Joaqu\u00edn Garc\u00eda y perteneci\u00f3 a Juan Gaiteiro, gaitero de Vedra. Es una fant\u00e1stica gaita de ronquillo, como la mayor\u00eda de las del Ulla. El instrumento original es de \u00e9bano con anillas de lat\u00f3n. En A Ulla aparecen muchos vestidos bordados, por eso quisimos hacer una gaita as\u00ed y nuestra t\u00eda Pilar Valverde nos hizo un maravilloso bordado con flores de toxo. Pusimos el ronquillo saliendo por el lado izquierdo del fuelle, como hemos encontrado en algunas gaitas de A Ulla.<\/p>\n<p>&nbsp;<\/p>\n<p>En las fotograf\u00edas y en el siguiente v\u00eddeo pod\u00e9is ver y escuchar el resultado de este trabajo.<\/p>\n<div  class='avia-video av-2jz3br-3225353d1b60e8aa84d855d57d574356 avia-video-16-9 av-no-preview-image avia-video-load-always av-lazyload-immediate av-lazyload-video-embed'  itemprop=\"video\" itemtype=\"https:\/\/schema.org\/VideoObject\"  data-original_url='https:\/\/www.youtube.com\/watch?v=bTbCWqgLo0U'><script type='text\/html' class='av-video-tmpl'><div class='avia-iframe-wrap'><iframe loading=\"lazy\" title=\"Reproduccio\u0301n dunha gaita de ronquillo do obradoiro de Garci\u0301a de Riobo\u0301 (A Estrada, Pontevedra)\" width=\"1500\" height=\"844\" src=\"https:\/\/www.youtube.com\/embed\/bTbCWqgLo0U?feature=oembed&autoplay=0&loop=0&controls=1&mute=0\" frameborder=\"0\" allow=\"accelerometer; autoplay; clipboard-write; encrypted-media; gyroscope; picture-in-picture; web-share\" allowfullscreen><\/iframe><\/div><\/script><div class='av-click-to-play-overlay'><div class=\"avia_playpause_icon\"><\/div><\/div><\/div>\n<p>Debido a las caracter\u00edsticas de las gaitas de fuelle antiguas, estas no tienen un precio fijo asignado, que depender\u00e1 del tipo de madera y de otras caracter\u00edsticas est\u00e9ticas que puedes escoger como anillados en diferentes materiales, flecos o ribeteados de los vestidos. Todas las r\u00e9plicas de gaitas de fuelle tienen una demora que depende de nuestra lista de espera. Consulta con nosotros para saber m\u00e1s.<\/p>","protected":false},"excerpt":{"rendered":"<p>Neste ano 2023 xub\u00edlase Joaqu\u00edn Espi\u00f1o Mart\u00ednez (1958), rexente do obradoiro de gaitas e requintas dos Garc\u00eda de Riob\u00f3, na Estrada (Pontevedra). Este \u00e9 o obradoiro m\u00e1is antigo documentado na pen\u00ednsula Ib\u00e9rica, con m\u00e1is de 200 anos de historia. As primeiras novas datan de finais do XVIII cando nel traballaba, xa na produci\u00f3n de instrumentos [&hellip;]<\/p>\n","protected":false},"featured_media":2330,"comment_status":"open","ping_status":"closed","template":"","meta":{"give_campaign_id":0,"_joinchat":[]},"product_brand":[],"product_cat":[21,24],"product_tag":[],"class_list":{"0":"post-2327","1":"product","2":"type-product","3":"status-publish","4":"has-post-thumbnail","6":"product_cat-replicas-de-gaitas-de-fol-antigas","7":"product_cat-replicas-de-gaitas-galegas","9":"first","10":"instock","11":"taxable","12":"shipping-taxable","13":"product-type-simple"},"yoast_head":"<!-- This site is optimized with the Yoast SEO plugin v27.2 - https:\/\/yoast.com\/product\/yoast-seo-wordpress\/ -->\n<title>Gaita de ronquillo do obradoiro Riob\u00f3 - Pablo Carpintero<\/title>\n<meta name=\"robots\" content=\"index, follow, max-snippet:-1, max-image-preview:large, max-video-preview:-1\" \/>\n<link rel=\"canonical\" href=\"https:\/\/pablocarpintero.es\/es\/producto\/gaita-de-ronquillo-do-obradoiro-riobo\/\" \/>\n<meta property=\"og:locale\" content=\"es_ES\" \/>\n<meta property=\"og:type\" content=\"article\" \/>\n<meta property=\"og:title\" content=\"Gaita de ronquillo do obradoiro Riob\u00f3 - Pablo Carpintero\" \/>\n<meta property=\"og:description\" content=\"Neste ano 2023 xub\u00edlase Joaqu\u00edn Espi\u00f1o Mart\u00ednez (1958), rexente do obradoiro de gaitas e requintas dos Garc\u00eda de Riob\u00f3, na Estrada (Pontevedra). Este \u00e9 o obradoiro m\u00e1is antigo documentado na pen\u00ednsula Ib\u00e9rica, con m\u00e1is de 200 anos de historia. As primeiras novas datan de finais do XVIII cando nel traballaba, xa na produci\u00f3n de instrumentos [&hellip;]\" \/>\n<meta property=\"og:url\" content=\"https:\/\/pablocarpintero.es\/es\/producto\/gaita-de-ronquillo-do-obradoiro-riobo\/\" \/>\n<meta property=\"og:site_name\" content=\"Pablo Carpintero\" \/>\n<meta property=\"article:modified_time\" content=\"2026-03-19T12:48:41+00:00\" \/>\n<meta property=\"og:image\" content=\"https:\/\/pablocarpintero.es\/wp-content\/uploads\/2023\/12\/Gaita-ronquillo-Riobo-4-Pablo-Carpintero.jpg\" \/>\n\t<meta property=\"og:image:width\" content=\"1706\" \/>\n\t<meta property=\"og:image:height\" content=\"1182\" \/>\n\t<meta property=\"og:image:type\" content=\"image\/jpeg\" \/>\n<meta name=\"twitter:card\" content=\"summary_large_image\" \/>\n<meta name=\"twitter:label1\" content=\"Tiempo de lectura\" \/>\n\t<meta name=\"twitter:data1\" content=\"5 minutos\" \/>\n<script type=\"application\/ld+json\" class=\"yoast-schema-graph\">{\"@context\":\"https:\/\/schema.org\",\"@graph\":[{\"@type\":\"WebPage\",\"@id\":\"https:\/\/pablocarpintero.es\/producto\/gaita-de-ronquillo-do-obradoiro-riobo\/\",\"url\":\"https:\/\/pablocarpintero.es\/producto\/gaita-de-ronquillo-do-obradoiro-riobo\/\",\"name\":\"Gaita de ronquillo do obradoiro Riob\u00f3 - Pablo Carpintero\",\"isPartOf\":{\"@id\":\"https:\/\/pablocarpintero.es\/#website\"},\"primaryImageOfPage\":{\"@id\":\"https:\/\/pablocarpintero.es\/producto\/gaita-de-ronquillo-do-obradoiro-riobo\/#primaryimage\"},\"image\":{\"@id\":\"https:\/\/pablocarpintero.es\/producto\/gaita-de-ronquillo-do-obradoiro-riobo\/#primaryimage\"},\"thumbnailUrl\":\"https:\/\/pablocarpintero.es\/wp-content\/uploads\/2023\/12\/Gaita-ronquillo-Riobo-4-Pablo-Carpintero.jpg\",\"datePublished\":\"2023-12-10T07:50:44+00:00\",\"dateModified\":\"2026-03-19T12:48:41+00:00\",\"breadcrumb\":{\"@id\":\"https:\/\/pablocarpintero.es\/producto\/gaita-de-ronquillo-do-obradoiro-riobo\/#breadcrumb\"},\"inLanguage\":\"es\",\"potentialAction\":[{\"@type\":\"ReadAction\",\"target\":[\"https:\/\/pablocarpintero.es\/producto\/gaita-de-ronquillo-do-obradoiro-riobo\/\"]}]},{\"@type\":\"ImageObject\",\"inLanguage\":\"es\",\"@id\":\"https:\/\/pablocarpintero.es\/producto\/gaita-de-ronquillo-do-obradoiro-riobo\/#primaryimage\",\"url\":\"https:\/\/pablocarpintero.es\/wp-content\/uploads\/2023\/12\/Gaita-ronquillo-Riobo-4-Pablo-Carpintero.jpg\",\"contentUrl\":\"https:\/\/pablocarpintero.es\/wp-content\/uploads\/2023\/12\/Gaita-ronquillo-Riobo-4-Pablo-Carpintero.jpg\",\"width\":1706,\"height\":1182},{\"@type\":\"BreadcrumbList\",\"@id\":\"https:\/\/pablocarpintero.es\/producto\/gaita-de-ronquillo-do-obradoiro-riobo\/#breadcrumb\",\"itemListElement\":[{\"@type\":\"ListItem\",\"position\":1,\"name\":\"Portada\",\"item\":\"https:\/\/pablocarpintero.es\/inicio\/\"},{\"@type\":\"ListItem\",\"position\":2,\"name\":\"Tienda\",\"item\":\"https:\/\/pablocarpintero.es\/tienda\/\"},{\"@type\":\"ListItem\",\"position\":3,\"name\":\"Gaita de ronquillo do obradoiro Riob\u00f3\"}]},{\"@type\":\"WebSite\",\"@id\":\"https:\/\/pablocarpintero.es\/#website\",\"url\":\"https:\/\/pablocarpintero.es\/\",\"name\":\"Pablo Carpintero\",\"description\":\"Otro sitio realizado con WordPress\",\"potentialAction\":[{\"@type\":\"SearchAction\",\"target\":{\"@type\":\"EntryPoint\",\"urlTemplate\":\"https:\/\/pablocarpintero.es\/?s={search_term_string}\"},\"query-input\":{\"@type\":\"PropertyValueSpecification\",\"valueRequired\":true,\"valueName\":\"search_term_string\"}}],\"inLanguage\":\"es\"}]}<\/script>\n<!-- \/ Yoast SEO plugin. -->","yoast_head_json":{"title":"Gaita de ronquillo do obradoiro Riob\u00f3 - Pablo Carpintero","robots":{"index":"index","follow":"follow","max-snippet":"max-snippet:-1","max-image-preview":"max-image-preview:large","max-video-preview":"max-video-preview:-1"},"canonical":"https:\/\/pablocarpintero.es\/es\/producto\/gaita-de-ronquillo-do-obradoiro-riobo\/","og_locale":"es_ES","og_type":"article","og_title":"Gaita de ronquillo do obradoiro Riob\u00f3 - Pablo Carpintero","og_description":"Neste ano 2023 xub\u00edlase Joaqu\u00edn Espi\u00f1o Mart\u00ednez (1958), rexente do obradoiro de gaitas e requintas dos Garc\u00eda de Riob\u00f3, na Estrada (Pontevedra). Este \u00e9 o obradoiro m\u00e1is antigo documentado na pen\u00ednsula Ib\u00e9rica, con m\u00e1is de 200 anos de historia. As primeiras novas datan de finais do XVIII cando nel traballaba, xa na produci\u00f3n de instrumentos [&hellip;]","og_url":"https:\/\/pablocarpintero.es\/es\/producto\/gaita-de-ronquillo-do-obradoiro-riobo\/","og_site_name":"Pablo Carpintero","article_modified_time":"2026-03-19T12:48:41+00:00","og_image":[{"width":1706,"height":1182,"url":"https:\/\/pablocarpintero.es\/wp-content\/uploads\/2023\/12\/Gaita-ronquillo-Riobo-4-Pablo-Carpintero.jpg","type":"image\/jpeg"}],"twitter_card":"summary_large_image","twitter_misc":{"Tiempo de lectura":"5 minutos"},"schema":{"@context":"https:\/\/schema.org","@graph":[{"@type":"WebPage","@id":"https:\/\/pablocarpintero.es\/producto\/gaita-de-ronquillo-do-obradoiro-riobo\/","url":"https:\/\/pablocarpintero.es\/producto\/gaita-de-ronquillo-do-obradoiro-riobo\/","name":"Gaita de ronquillo do obradoiro Riob\u00f3 - Pablo Carpintero","isPartOf":{"@id":"https:\/\/pablocarpintero.es\/#website"},"primaryImageOfPage":{"@id":"https:\/\/pablocarpintero.es\/producto\/gaita-de-ronquillo-do-obradoiro-riobo\/#primaryimage"},"image":{"@id":"https:\/\/pablocarpintero.es\/producto\/gaita-de-ronquillo-do-obradoiro-riobo\/#primaryimage"},"thumbnailUrl":"https:\/\/pablocarpintero.es\/wp-content\/uploads\/2023\/12\/Gaita-ronquillo-Riobo-4-Pablo-Carpintero.jpg","datePublished":"2023-12-10T07:50:44+00:00","dateModified":"2026-03-19T12:48:41+00:00","breadcrumb":{"@id":"https:\/\/pablocarpintero.es\/producto\/gaita-de-ronquillo-do-obradoiro-riobo\/#breadcrumb"},"inLanguage":"es","potentialAction":[{"@type":"ReadAction","target":["https:\/\/pablocarpintero.es\/producto\/gaita-de-ronquillo-do-obradoiro-riobo\/"]}]},{"@type":"ImageObject","inLanguage":"es","@id":"https:\/\/pablocarpintero.es\/producto\/gaita-de-ronquillo-do-obradoiro-riobo\/#primaryimage","url":"https:\/\/pablocarpintero.es\/wp-content\/uploads\/2023\/12\/Gaita-ronquillo-Riobo-4-Pablo-Carpintero.jpg","contentUrl":"https:\/\/pablocarpintero.es\/wp-content\/uploads\/2023\/12\/Gaita-ronquillo-Riobo-4-Pablo-Carpintero.jpg","width":1706,"height":1182},{"@type":"BreadcrumbList","@id":"https:\/\/pablocarpintero.es\/producto\/gaita-de-ronquillo-do-obradoiro-riobo\/#breadcrumb","itemListElement":[{"@type":"ListItem","position":1,"name":"Portada","item":"https:\/\/pablocarpintero.es\/inicio\/"},{"@type":"ListItem","position":2,"name":"Tienda","item":"https:\/\/pablocarpintero.es\/tienda\/"},{"@type":"ListItem","position":3,"name":"Gaita de ronquillo do obradoiro Riob\u00f3"}]},{"@type":"WebSite","@id":"https:\/\/pablocarpintero.es\/#website","url":"https:\/\/pablocarpintero.es\/","name":"Pablo Carpintero","description":"Otro sitio realizado con WordPress","potentialAction":[{"@type":"SearchAction","target":{"@type":"EntryPoint","urlTemplate":"https:\/\/pablocarpintero.es\/?s={search_term_string}"},"query-input":{"@type":"PropertyValueSpecification","valueRequired":true,"valueName":"search_term_string"}}],"inLanguage":"es"}]}},"_links":{"self":[{"href":"https:\/\/pablocarpintero.es\/es\/wp-json\/wp\/v2\/product\/2327","targetHints":{"allow":["GET"]}}],"collection":[{"href":"https:\/\/pablocarpintero.es\/es\/wp-json\/wp\/v2\/product"}],"about":[{"href":"https:\/\/pablocarpintero.es\/es\/wp-json\/wp\/v2\/types\/product"}],"replies":[{"embeddable":true,"href":"https:\/\/pablocarpintero.es\/es\/wp-json\/wp\/v2\/comments?post=2327"}],"wp:featuredmedia":[{"embeddable":true,"href":"https:\/\/pablocarpintero.es\/es\/wp-json\/wp\/v2\/media\/2330"}],"wp:attachment":[{"href":"https:\/\/pablocarpintero.es\/es\/wp-json\/wp\/v2\/media?parent=2327"}],"wp:term":[{"taxonomy":"product_brand","embeddable":true,"href":"https:\/\/pablocarpintero.es\/es\/wp-json\/wp\/v2\/product_brand?post=2327"},{"taxonomy":"product_cat","embeddable":true,"href":"https:\/\/pablocarpintero.es\/es\/wp-json\/wp\/v2\/product_cat?post=2327"},{"taxonomy":"product_tag","embeddable":true,"href":"https:\/\/pablocarpintero.es\/es\/wp-json\/wp\/v2\/product_tag?post=2327"}],"curies":[{"name":"wp","href":"https:\/\/api.w.org\/{rel}","templated":true}]}}