{"id":2555,"date":"2024-09-13T03:12:28","date_gmt":"2024-09-13T03:12:28","guid":{"rendered":"https:\/\/pablocarpintero.es\/?post_type=product&#038;p=2555"},"modified":"2026-03-19T12:48:25","modified_gmt":"2026-03-19T12:48:25","slug":"gaita-de-fol-de-barcouco","status":"publish","type":"product","link":"https:\/\/pablocarpintero.es\/es\/producto\/gaita-de-fol-de-barcouco\/","title":{"rendered":"Gaita de fol de David de Francisco, Barcou\u00e7o"},"content":{"rendered":"<p>Esta gaita de fol pertenceu a un dos mellores gaiteiros da Regi\u00e3o Centro, David de Francisco de Barcou\u00e7o (1892-1975) na Mealhada (Coimbra). Pola an\u00e1lise que puidemos facer dela, deducimos que David de Francisco non foi o seu \u00fanico tocador, outro gaiteiro m\u00e1is usouna antes e, a xulgar polos seus desgastes dixitais, bastante tempo. Mario Rui Melo, un dos seus netos, encomendounos esta reproduci\u00f3n.<\/p>\n<p>Sen d\u00fabida \u00e9 unha estupenda gaita coimbr\u00e1 que, como moitas das antigas, ten unha t\u00f3nica bastante aguda, perto do Do#. A s\u00faa escala \u00e9 un modo portugu\u00e9s, ou sexa, ten subt\u00f3nica, o terceiro grao bastante baixo e o s\u00e9timo grao sensible, o resto de graos est\u00e1n temperados.<\/p>\n<p>Debido \u00e1s caracter\u00edsticas especiais de cada reproducci\u00f3n, se est\u00e1s interesado nela, ponte en contacto con n\u00f3s por favor.<\/p>","protected":false},"excerpt":{"rendered":"<p>Esta gaita de fol pertenceu a un dos mellores gaiteiros da Regi\u00e3o Centro, David de Francisco de Barcou\u00e7o (1892-1975) na Mealhada (Coimbra). Pola an\u00e1lise que puidemos facer dela, deducimos que David de Francisco non foi o seu \u00fanico tocador, outro gaiteiro m\u00e1is usouna antes e, a xulgar polos seus desgastes dixitais, bastante tempo. Mario Rui [&hellip;]<\/p>\n","protected":false},"featured_media":2558,"comment_status":"open","ping_status":"closed","template":"","meta":{"give_campaign_id":0,"_joinchat":[]},"product_brand":[],"product_cat":[25],"product_tag":[],"class_list":{"0":"post-2555","1":"product","2":"type-product","3":"status-publish","4":"has-post-thumbnail","6":"product_cat-replicas-de-gaitas-portuguesas","8":"first","9":"instock","10":"taxable","11":"shipping-taxable","12":"product-type-simple"},"yoast_head":"<!-- This site is optimized with the Yoast SEO plugin v27.2 - https:\/\/yoast.com\/product\/yoast-seo-wordpress\/ -->\n<title>Gaita de fol de David de Francisco, Barcou\u00e7o - Pablo Carpintero<\/title>\n<meta name=\"robots\" content=\"index, follow, max-snippet:-1, max-image-preview:large, max-video-preview:-1\" \/>\n<link rel=\"canonical\" href=\"https:\/\/pablocarpintero.es\/es\/producto\/gaita-de-fol-de-barcouco\/\" \/>\n<meta property=\"og:locale\" content=\"es_ES\" \/>\n<meta property=\"og:type\" content=\"article\" \/>\n<meta property=\"og:title\" content=\"Gaita de fol de David de Francisco, Barcou\u00e7o - Pablo Carpintero\" \/>\n<meta property=\"og:description\" content=\"Esta gaita de fol pertenceu a un dos mellores gaiteiros da Regi\u00e3o Centro, David de Francisco de Barcou\u00e7o (1892-1975) na Mealhada (Coimbra). Pola an\u00e1lise que puidemos facer dela, deducimos que David de Francisco non foi o seu \u00fanico tocador, outro gaiteiro m\u00e1is usouna antes e, a xulgar polos seus desgastes dixitais, bastante tempo. Mario Rui [&hellip;]\" \/>\n<meta property=\"og:url\" content=\"https:\/\/pablocarpintero.es\/es\/producto\/gaita-de-fol-de-barcouco\/\" \/>\n<meta property=\"og:site_name\" content=\"Pablo Carpintero\" \/>\n<meta property=\"article:modified_time\" content=\"2026-03-19T12:48:25+00:00\" \/>\n<meta property=\"og:image\" content=\"https:\/\/pablocarpintero.es\/wp-content\/uploads\/2024\/09\/Gaita-coimbra-barcouco-Pablo-carpintero-1.jpg\" \/>\n\t<meta property=\"og:image:width\" content=\"1531\" \/>\n\t<meta property=\"og:image:height\" content=\"1324\" \/>\n\t<meta property=\"og:image:type\" content=\"image\/jpeg\" \/>\n<meta name=\"twitter:card\" content=\"summary_large_image\" \/>\n<meta name=\"twitter:label1\" content=\"Tiempo de lectura\" \/>\n\t<meta name=\"twitter:data1\" content=\"1 minuto\" \/>\n<script type=\"application\/ld+json\" class=\"yoast-schema-graph\">{\"@context\":\"https:\/\/schema.org\",\"@graph\":[{\"@type\":\"WebPage\",\"@id\":\"https:\/\/pablocarpintero.es\/producto\/gaita-de-fol-de-barcouco\/\",\"url\":\"https:\/\/pablocarpintero.es\/producto\/gaita-de-fol-de-barcouco\/\",\"name\":\"Gaita de fol de David de Francisco, Barcou\u00e7o - Pablo Carpintero\",\"isPartOf\":{\"@id\":\"https:\/\/pablocarpintero.es\/#website\"},\"primaryImageOfPage\":{\"@id\":\"https:\/\/pablocarpintero.es\/producto\/gaita-de-fol-de-barcouco\/#primaryimage\"},\"image\":{\"@id\":\"https:\/\/pablocarpintero.es\/producto\/gaita-de-fol-de-barcouco\/#primaryimage\"},\"thumbnailUrl\":\"https:\/\/pablocarpintero.es\/wp-content\/uploads\/2024\/09\/Gaita-coimbra-barcouco-Pablo-carpintero-1.jpg\",\"datePublished\":\"2024-09-13T03:12:28+00:00\",\"dateModified\":\"2026-03-19T12:48:25+00:00\",\"breadcrumb\":{\"@id\":\"https:\/\/pablocarpintero.es\/producto\/gaita-de-fol-de-barcouco\/#breadcrumb\"},\"inLanguage\":\"es\",\"potentialAction\":[{\"@type\":\"ReadAction\",\"target\":[\"https:\/\/pablocarpintero.es\/producto\/gaita-de-fol-de-barcouco\/\"]}]},{\"@type\":\"ImageObject\",\"inLanguage\":\"es\",\"@id\":\"https:\/\/pablocarpintero.es\/producto\/gaita-de-fol-de-barcouco\/#primaryimage\",\"url\":\"https:\/\/pablocarpintero.es\/wp-content\/uploads\/2024\/09\/Gaita-coimbra-barcouco-Pablo-carpintero-1.jpg\",\"contentUrl\":\"https:\/\/pablocarpintero.es\/wp-content\/uploads\/2024\/09\/Gaita-coimbra-barcouco-Pablo-carpintero-1.jpg\",\"width\":1531,\"height\":1324},{\"@type\":\"BreadcrumbList\",\"@id\":\"https:\/\/pablocarpintero.es\/producto\/gaita-de-fol-de-barcouco\/#breadcrumb\",\"itemListElement\":[{\"@type\":\"ListItem\",\"position\":1,\"name\":\"Portada\",\"item\":\"https:\/\/pablocarpintero.es\/inicio\/\"},{\"@type\":\"ListItem\",\"position\":2,\"name\":\"Tienda\",\"item\":\"https:\/\/pablocarpintero.es\/tienda\/\"},{\"@type\":\"ListItem\",\"position\":3,\"name\":\"Gaita de fol de David de Francisco, Barcou\u00e7o\"}]},{\"@type\":\"WebSite\",\"@id\":\"https:\/\/pablocarpintero.es\/#website\",\"url\":\"https:\/\/pablocarpintero.es\/\",\"name\":\"Pablo Carpintero\",\"description\":\"Otro sitio realizado con WordPress\",\"potentialAction\":[{\"@type\":\"SearchAction\",\"target\":{\"@type\":\"EntryPoint\",\"urlTemplate\":\"https:\/\/pablocarpintero.es\/?s={search_term_string}\"},\"query-input\":{\"@type\":\"PropertyValueSpecification\",\"valueRequired\":true,\"valueName\":\"search_term_string\"}}],\"inLanguage\":\"es\"}]}<\/script>\n<!-- \/ Yoast SEO plugin. -->","yoast_head_json":{"title":"Gaita de fol de David de Francisco, Barcou\u00e7o - Pablo Carpintero","robots":{"index":"index","follow":"follow","max-snippet":"max-snippet:-1","max-image-preview":"max-image-preview:large","max-video-preview":"max-video-preview:-1"},"canonical":"https:\/\/pablocarpintero.es\/es\/producto\/gaita-de-fol-de-barcouco\/","og_locale":"es_ES","og_type":"article","og_title":"Gaita de fol de David de Francisco, Barcou\u00e7o - Pablo Carpintero","og_description":"Esta gaita de fol pertenceu a un dos mellores gaiteiros da Regi\u00e3o Centro, David de Francisco de Barcou\u00e7o (1892-1975) na Mealhada (Coimbra). Pola an\u00e1lise que puidemos facer dela, deducimos que David de Francisco non foi o seu \u00fanico tocador, outro gaiteiro m\u00e1is usouna antes e, a xulgar polos seus desgastes dixitais, bastante tempo. Mario Rui [&hellip;]","og_url":"https:\/\/pablocarpintero.es\/es\/producto\/gaita-de-fol-de-barcouco\/","og_site_name":"Pablo Carpintero","article_modified_time":"2026-03-19T12:48:25+00:00","og_image":[{"width":1531,"height":1324,"url":"https:\/\/pablocarpintero.es\/wp-content\/uploads\/2024\/09\/Gaita-coimbra-barcouco-Pablo-carpintero-1.jpg","type":"image\/jpeg"}],"twitter_card":"summary_large_image","twitter_misc":{"Tiempo de lectura":"1 minuto"},"schema":{"@context":"https:\/\/schema.org","@graph":[{"@type":"WebPage","@id":"https:\/\/pablocarpintero.es\/producto\/gaita-de-fol-de-barcouco\/","url":"https:\/\/pablocarpintero.es\/producto\/gaita-de-fol-de-barcouco\/","name":"Gaita de fol de David de Francisco, Barcou\u00e7o - Pablo Carpintero","isPartOf":{"@id":"https:\/\/pablocarpintero.es\/#website"},"primaryImageOfPage":{"@id":"https:\/\/pablocarpintero.es\/producto\/gaita-de-fol-de-barcouco\/#primaryimage"},"image":{"@id":"https:\/\/pablocarpintero.es\/producto\/gaita-de-fol-de-barcouco\/#primaryimage"},"thumbnailUrl":"https:\/\/pablocarpintero.es\/wp-content\/uploads\/2024\/09\/Gaita-coimbra-barcouco-Pablo-carpintero-1.jpg","datePublished":"2024-09-13T03:12:28+00:00","dateModified":"2026-03-19T12:48:25+00:00","breadcrumb":{"@id":"https:\/\/pablocarpintero.es\/producto\/gaita-de-fol-de-barcouco\/#breadcrumb"},"inLanguage":"es","potentialAction":[{"@type":"ReadAction","target":["https:\/\/pablocarpintero.es\/producto\/gaita-de-fol-de-barcouco\/"]}]},{"@type":"ImageObject","inLanguage":"es","@id":"https:\/\/pablocarpintero.es\/producto\/gaita-de-fol-de-barcouco\/#primaryimage","url":"https:\/\/pablocarpintero.es\/wp-content\/uploads\/2024\/09\/Gaita-coimbra-barcouco-Pablo-carpintero-1.jpg","contentUrl":"https:\/\/pablocarpintero.es\/wp-content\/uploads\/2024\/09\/Gaita-coimbra-barcouco-Pablo-carpintero-1.jpg","width":1531,"height":1324},{"@type":"BreadcrumbList","@id":"https:\/\/pablocarpintero.es\/producto\/gaita-de-fol-de-barcouco\/#breadcrumb","itemListElement":[{"@type":"ListItem","position":1,"name":"Portada","item":"https:\/\/pablocarpintero.es\/inicio\/"},{"@type":"ListItem","position":2,"name":"Tienda","item":"https:\/\/pablocarpintero.es\/tienda\/"},{"@type":"ListItem","position":3,"name":"Gaita de fol de David de Francisco, Barcou\u00e7o"}]},{"@type":"WebSite","@id":"https:\/\/pablocarpintero.es\/#website","url":"https:\/\/pablocarpintero.es\/","name":"Pablo Carpintero","description":"Otro sitio realizado con WordPress","potentialAction":[{"@type":"SearchAction","target":{"@type":"EntryPoint","urlTemplate":"https:\/\/pablocarpintero.es\/?s={search_term_string}"},"query-input":{"@type":"PropertyValueSpecification","valueRequired":true,"valueName":"search_term_string"}}],"inLanguage":"es"}]}},"_links":{"self":[{"href":"https:\/\/pablocarpintero.es\/es\/wp-json\/wp\/v2\/product\/2555","targetHints":{"allow":["GET"]}}],"collection":[{"href":"https:\/\/pablocarpintero.es\/es\/wp-json\/wp\/v2\/product"}],"about":[{"href":"https:\/\/pablocarpintero.es\/es\/wp-json\/wp\/v2\/types\/product"}],"replies":[{"embeddable":true,"href":"https:\/\/pablocarpintero.es\/es\/wp-json\/wp\/v2\/comments?post=2555"}],"wp:featuredmedia":[{"embeddable":true,"href":"https:\/\/pablocarpintero.es\/es\/wp-json\/wp\/v2\/media\/2558"}],"wp:attachment":[{"href":"https:\/\/pablocarpintero.es\/es\/wp-json\/wp\/v2\/media?parent=2555"}],"wp:term":[{"taxonomy":"product_brand","embeddable":true,"href":"https:\/\/pablocarpintero.es\/es\/wp-json\/wp\/v2\/product_brand?post=2555"},{"taxonomy":"product_cat","embeddable":true,"href":"https:\/\/pablocarpintero.es\/es\/wp-json\/wp\/v2\/product_cat?post=2555"},{"taxonomy":"product_tag","embeddable":true,"href":"https:\/\/pablocarpintero.es\/es\/wp-json\/wp\/v2\/product_tag?post=2555"}],"curies":[{"name":"wp","href":"https:\/\/api.w.org\/{rel}","templated":true}]}}