{"id":2560,"date":"2024-09-13T03:24:20","date_gmt":"2024-09-13T03:24:20","guid":{"rendered":"https:\/\/pablocarpintero.es\/?post_type=product&#038;p=2560"},"modified":"2026-03-23T15:35:01","modified_gmt":"2026-03-23T15:35:01","slug":"pipa-galega-antonio-freire","status":"publish","type":"product","link":"https:\/\/pablocarpintero.es\/es\/producto\/pipa-galega-antonio-freire\/","title":{"rendered":"Pipa Ant\u00f3nio Freire"},"content":{"rendered":"<p>Hace un tiempo desarrollamos un nuevo modelo de gaita de fuelle, de puntero cil\u00edndrico y pajuela doble, que llamamos <a href=\"https:\/\/pablocarpintero.es\/es\/producto\/pipa-galega\/\">pipa galega<\/a>. La equipamos con cuatro bordones y la afinamos en Re, ya sea en la escala mayor o en los modos de Sol o Re. Ahora os presentamos un modelo mini de esta nueva gaita, con un solo bord\u00f3n afinado en la t\u00f3nica (Re), m\u00e1s peque\u00f1a y manejable, ideal para acompa\u00f1ar instrumentos de bajo volumen sonoro como la zanfona u otros instrumentos de cuerda. Hemos querido ponerle el nombre de nuestro querido amigo Ant\u00f3nio Freire, porque fue \u00e9l quien nos impuls\u00f3 a realizarla.<\/p>\n<p>Puedes escucharla en este <a href=\"https:\/\/www.youtube.com\/watch?v=C1KD3jeD_2M\">v\u00eddeo<\/a>.<\/p>","protected":false},"excerpt":{"rendered":"<p>Hai un tempo desenvolvemos un novo modelo de gaita, de punteiro cil\u00edndrico e palleta dobre, que chamamos pipa galega. Fornec\u00e9mola con catro bord\u00f3ns e afin\u00e1mola en Re, ben en escala maior ou modos de Sol ou Re. Agora present\u00e1mosvos un modelo mini desta nova gaita de fol, cun s\u00f3 bord\u00f3n afinado na t\u00f3nica (Re), m\u00e1is [&hellip;]<\/p>\n","protected":false},"featured_media":2562,"comment_status":"open","ping_status":"closed","template":"","meta":{"give_campaign_id":0,"_joinchat":[]},"product_brand":[],"product_cat":[33],"product_tag":[],"class_list":{"0":"post-2560","1":"product","2":"type-product","3":"status-publish","4":"has-post-thumbnail","6":"product_cat-novos-modelos-de-gaitas","8":"first","9":"instock","10":"taxable","11":"shipping-taxable","12":"purchasable","13":"product-type-simple"},"yoast_head":"<!-- This site is optimized with the Yoast SEO plugin v27.2 - https:\/\/yoast.com\/product\/yoast-seo-wordpress\/ -->\n<title>Pipa Ant\u00f3nio Freire - Pablo Carpintero<\/title>\n<meta name=\"robots\" content=\"index, follow, max-snippet:-1, max-image-preview:large, max-video-preview:-1\" \/>\n<link rel=\"canonical\" href=\"https:\/\/pablocarpintero.es\/es\/producto\/pipa-galega-antonio-freire\/\" \/>\n<meta property=\"og:locale\" content=\"es_ES\" \/>\n<meta property=\"og:type\" content=\"article\" \/>\n<meta property=\"og:title\" content=\"Pipa Ant\u00f3nio Freire - Pablo Carpintero\" \/>\n<meta property=\"og:description\" content=\"Hai un tempo desenvolvemos un novo modelo de gaita, de punteiro cil\u00edndrico e palleta dobre, que chamamos pipa galega. Fornec\u00e9mola con catro bord\u00f3ns e afin\u00e1mola en Re, ben en escala maior ou modos de Sol ou Re. Agora present\u00e1mosvos un modelo mini desta nova gaita de fol, cun s\u00f3 bord\u00f3n afinado na t\u00f3nica (Re), m\u00e1is [&hellip;]\" \/>\n<meta property=\"og:url\" content=\"https:\/\/pablocarpintero.es\/es\/producto\/pipa-galega-antonio-freire\/\" \/>\n<meta property=\"og:site_name\" content=\"Pablo Carpintero\" \/>\n<meta property=\"article:modified_time\" content=\"2026-03-23T15:35:01+00:00\" \/>\n<meta property=\"og:image\" content=\"https:\/\/pablocarpintero.es\/wp-content\/uploads\/2024\/09\/Pipa-Antonio-Freire-Pablo-carpintero.jpg\" \/>\n\t<meta property=\"og:image:width\" content=\"1195\" \/>\n\t<meta property=\"og:image:height\" content=\"928\" \/>\n\t<meta property=\"og:image:type\" content=\"image\/jpeg\" \/>\n<meta name=\"twitter:card\" content=\"summary_large_image\" \/>\n<meta name=\"twitter:label1\" content=\"Tiempo de lectura\" \/>\n\t<meta name=\"twitter:data1\" content=\"1 minuto\" \/>\n<script type=\"application\/ld+json\" class=\"yoast-schema-graph\">{\"@context\":\"https:\/\/schema.org\",\"@graph\":[{\"@type\":\"WebPage\",\"@id\":\"https:\/\/pablocarpintero.es\/producto\/pipa-galega-antonio-freire\/\",\"url\":\"https:\/\/pablocarpintero.es\/producto\/pipa-galega-antonio-freire\/\",\"name\":\"Pipa Ant\u00f3nio Freire - Pablo Carpintero\",\"isPartOf\":{\"@id\":\"https:\/\/pablocarpintero.es\/#website\"},\"primaryImageOfPage\":{\"@id\":\"https:\/\/pablocarpintero.es\/producto\/pipa-galega-antonio-freire\/#primaryimage\"},\"image\":{\"@id\":\"https:\/\/pablocarpintero.es\/producto\/pipa-galega-antonio-freire\/#primaryimage\"},\"thumbnailUrl\":\"https:\/\/pablocarpintero.es\/wp-content\/uploads\/2024\/09\/Pipa-Antonio-Freire-Pablo-carpintero.jpg\",\"datePublished\":\"2024-09-13T03:24:20+00:00\",\"dateModified\":\"2026-03-23T15:35:01+00:00\",\"breadcrumb\":{\"@id\":\"https:\/\/pablocarpintero.es\/producto\/pipa-galega-antonio-freire\/#breadcrumb\"},\"inLanguage\":\"es\",\"potentialAction\":[{\"@type\":\"ReadAction\",\"target\":[\"https:\/\/pablocarpintero.es\/producto\/pipa-galega-antonio-freire\/\"]}]},{\"@type\":\"ImageObject\",\"inLanguage\":\"es\",\"@id\":\"https:\/\/pablocarpintero.es\/producto\/pipa-galega-antonio-freire\/#primaryimage\",\"url\":\"https:\/\/pablocarpintero.es\/wp-content\/uploads\/2024\/09\/Pipa-Antonio-Freire-Pablo-carpintero.jpg\",\"contentUrl\":\"https:\/\/pablocarpintero.es\/wp-content\/uploads\/2024\/09\/Pipa-Antonio-Freire-Pablo-carpintero.jpg\",\"width\":1195,\"height\":928},{\"@type\":\"BreadcrumbList\",\"@id\":\"https:\/\/pablocarpintero.es\/producto\/pipa-galega-antonio-freire\/#breadcrumb\",\"itemListElement\":[{\"@type\":\"ListItem\",\"position\":1,\"name\":\"Portada\",\"item\":\"https:\/\/pablocarpintero.es\/inicio\/\"},{\"@type\":\"ListItem\",\"position\":2,\"name\":\"Tienda\",\"item\":\"https:\/\/pablocarpintero.es\/tienda\/\"},{\"@type\":\"ListItem\",\"position\":3,\"name\":\"Pipa Ant\u00f3nio Freire\"}]},{\"@type\":\"WebSite\",\"@id\":\"https:\/\/pablocarpintero.es\/#website\",\"url\":\"https:\/\/pablocarpintero.es\/\",\"name\":\"Pablo Carpintero\",\"description\":\"Otro sitio realizado con WordPress\",\"potentialAction\":[{\"@type\":\"SearchAction\",\"target\":{\"@type\":\"EntryPoint\",\"urlTemplate\":\"https:\/\/pablocarpintero.es\/?s={search_term_string}\"},\"query-input\":{\"@type\":\"PropertyValueSpecification\",\"valueRequired\":true,\"valueName\":\"search_term_string\"}}],\"inLanguage\":\"es\"}]}<\/script>\n<!-- \/ Yoast SEO plugin. -->","yoast_head_json":{"title":"Pipa Ant\u00f3nio Freire - Pablo Carpintero","robots":{"index":"index","follow":"follow","max-snippet":"max-snippet:-1","max-image-preview":"max-image-preview:large","max-video-preview":"max-video-preview:-1"},"canonical":"https:\/\/pablocarpintero.es\/es\/producto\/pipa-galega-antonio-freire\/","og_locale":"es_ES","og_type":"article","og_title":"Pipa Ant\u00f3nio Freire - Pablo Carpintero","og_description":"Hai un tempo desenvolvemos un novo modelo de gaita, de punteiro cil\u00edndrico e palleta dobre, que chamamos pipa galega. Fornec\u00e9mola con catro bord\u00f3ns e afin\u00e1mola en Re, ben en escala maior ou modos de Sol ou Re. Agora present\u00e1mosvos un modelo mini desta nova gaita de fol, cun s\u00f3 bord\u00f3n afinado na t\u00f3nica (Re), m\u00e1is [&hellip;]","og_url":"https:\/\/pablocarpintero.es\/es\/producto\/pipa-galega-antonio-freire\/","og_site_name":"Pablo Carpintero","article_modified_time":"2026-03-23T15:35:01+00:00","og_image":[{"width":1195,"height":928,"url":"https:\/\/pablocarpintero.es\/wp-content\/uploads\/2024\/09\/Pipa-Antonio-Freire-Pablo-carpintero.jpg","type":"image\/jpeg"}],"twitter_card":"summary_large_image","twitter_misc":{"Tiempo de lectura":"1 minuto"},"schema":{"@context":"https:\/\/schema.org","@graph":[{"@type":"WebPage","@id":"https:\/\/pablocarpintero.es\/producto\/pipa-galega-antonio-freire\/","url":"https:\/\/pablocarpintero.es\/producto\/pipa-galega-antonio-freire\/","name":"Pipa Ant\u00f3nio Freire - Pablo Carpintero","isPartOf":{"@id":"https:\/\/pablocarpintero.es\/#website"},"primaryImageOfPage":{"@id":"https:\/\/pablocarpintero.es\/producto\/pipa-galega-antonio-freire\/#primaryimage"},"image":{"@id":"https:\/\/pablocarpintero.es\/producto\/pipa-galega-antonio-freire\/#primaryimage"},"thumbnailUrl":"https:\/\/pablocarpintero.es\/wp-content\/uploads\/2024\/09\/Pipa-Antonio-Freire-Pablo-carpintero.jpg","datePublished":"2024-09-13T03:24:20+00:00","dateModified":"2026-03-23T15:35:01+00:00","breadcrumb":{"@id":"https:\/\/pablocarpintero.es\/producto\/pipa-galega-antonio-freire\/#breadcrumb"},"inLanguage":"es","potentialAction":[{"@type":"ReadAction","target":["https:\/\/pablocarpintero.es\/producto\/pipa-galega-antonio-freire\/"]}]},{"@type":"ImageObject","inLanguage":"es","@id":"https:\/\/pablocarpintero.es\/producto\/pipa-galega-antonio-freire\/#primaryimage","url":"https:\/\/pablocarpintero.es\/wp-content\/uploads\/2024\/09\/Pipa-Antonio-Freire-Pablo-carpintero.jpg","contentUrl":"https:\/\/pablocarpintero.es\/wp-content\/uploads\/2024\/09\/Pipa-Antonio-Freire-Pablo-carpintero.jpg","width":1195,"height":928},{"@type":"BreadcrumbList","@id":"https:\/\/pablocarpintero.es\/producto\/pipa-galega-antonio-freire\/#breadcrumb","itemListElement":[{"@type":"ListItem","position":1,"name":"Portada","item":"https:\/\/pablocarpintero.es\/inicio\/"},{"@type":"ListItem","position":2,"name":"Tienda","item":"https:\/\/pablocarpintero.es\/tienda\/"},{"@type":"ListItem","position":3,"name":"Pipa Ant\u00f3nio Freire"}]},{"@type":"WebSite","@id":"https:\/\/pablocarpintero.es\/#website","url":"https:\/\/pablocarpintero.es\/","name":"Pablo Carpintero","description":"Otro sitio realizado con WordPress","potentialAction":[{"@type":"SearchAction","target":{"@type":"EntryPoint","urlTemplate":"https:\/\/pablocarpintero.es\/?s={search_term_string}"},"query-input":{"@type":"PropertyValueSpecification","valueRequired":true,"valueName":"search_term_string"}}],"inLanguage":"es"}]}},"_links":{"self":[{"href":"https:\/\/pablocarpintero.es\/es\/wp-json\/wp\/v2\/product\/2560","targetHints":{"allow":["GET"]}}],"collection":[{"href":"https:\/\/pablocarpintero.es\/es\/wp-json\/wp\/v2\/product"}],"about":[{"href":"https:\/\/pablocarpintero.es\/es\/wp-json\/wp\/v2\/types\/product"}],"replies":[{"embeddable":true,"href":"https:\/\/pablocarpintero.es\/es\/wp-json\/wp\/v2\/comments?post=2560"}],"wp:featuredmedia":[{"embeddable":true,"href":"https:\/\/pablocarpintero.es\/es\/wp-json\/wp\/v2\/media\/2562"}],"wp:attachment":[{"href":"https:\/\/pablocarpintero.es\/es\/wp-json\/wp\/v2\/media?parent=2560"}],"wp:term":[{"taxonomy":"product_brand","embeddable":true,"href":"https:\/\/pablocarpintero.es\/es\/wp-json\/wp\/v2\/product_brand?post=2560"},{"taxonomy":"product_cat","embeddable":true,"href":"https:\/\/pablocarpintero.es\/es\/wp-json\/wp\/v2\/product_cat?post=2560"},{"taxonomy":"product_tag","embeddable":true,"href":"https:\/\/pablocarpintero.es\/es\/wp-json\/wp\/v2\/product_tag?post=2560"}],"curies":[{"name":"wp","href":"https:\/\/api.w.org\/{rel}","templated":true}]}}