{"id":2688,"date":"2025-12-10T10:31:40","date_gmt":"2025-12-10T10:31:40","guid":{"rendered":"https:\/\/pablocarpintero.es\/?post_type=product&#038;p=2688"},"modified":"2026-01-22T05:36:25","modified_gmt":"2026-01-22T05:36:25","slug":"gaita-de-cana-actualizada-en-do","status":"publish","type":"product","link":"https:\/\/pablocarpintero.es\/es\/producto\/gaita-de-cana-actualizada-en-do\/","title":{"rendered":"Gaita de ca\u00f1a crom\u00e1tica en Do"},"content":{"rendered":"<p><b>Gaita de ca\u00f1a crom\u00e1tica en Do<\/b><\/p>\n<p>Esta es la \u00fanica gaita de ca\u00f1a del mercado que emite <a href=\"https:\/\/www.youtube.com\/watch?v=7suIXN1YZPM\">todos los cromatismos de la escala<\/a> mediante digitaciones cruzadas, un desarrollo imposible seg\u00fan la teor\u00eda de la f\u00edsica! Debido a su mayor dificultad en la construcci\u00f3n y afinaci\u00f3n su precio es ligeramente superior al de la <a href=\"https:\/\/pablocarpintero.es\/es\/producto\/gaita-de-cana-actualizada-de-tres-bordons-tonalidades-de-do-re-e-mib\/\">gaita de cana en Re<\/a> que no admite cromatismos.<span class=\"Apple-converted-space\">\u00a0<\/span><\/p>\n<p>Llamamos a este instrumento \"gaita de ca\u00f1a actualizada\" porque se basa en las gaitas que los ni\u00f1os constru\u00edan con ca\u00f1a o sa\u00faco como paso previo a la gaita de adultos, algo que se daba principalmente en la provincia de Pontevedra. Fabricamos estas gaitas de ca\u00f1a actualizadas desde <a href=\"https:\/\/www.youtube.com\/watch?v=pwV7CNh9mI0&amp;embeds_referring_euri=https%3A%2F%2Fpablocarpintero.es%2F&amp;source_ve_path=OTY3MTQ\">2017<\/a>, siendo el primer taller en hacerlo, pero no fue hasta 2023 que logramos construir la \u00fanica gaita de ca\u00f1a capaz de emitir todos los tonos crom\u00e1ticos de la escala.<span class=\"Apple-converted-space\">\u00a0<\/span><\/p>\n<p>Nuestras gaitas de ca\u00f1a actualizadas est\u00e1n fabricadas con maderas nobles (boj, granadillo, etc.). Los precios que indicamos son para gaitas de boj. Si desea otras maderas, cons\u00faltanos.<span class=\"Apple-converted-space\">\u00a0<\/span><\/p>\n<p>Si quieres una gaita de ca\u00f1a o sa\u00faco como las originales de los ni\u00f1os, puede verlas aqu\u00ed: <a href=\"https:\/\/pablocarpintero.es\/es\/producto\/gaita-de-sabugueiro\/\">gaita de sabugueiro<\/a> o <a href=\"https:\/\/pablocarpintero.es\/es\/producto\/gaita-de-cana-da-paradanta\/\">gaita de ca\u00f1a<\/a>. <span class=\"Apple-converted-space\">\u00a0<\/span><\/p>\n<p>La afinaci\u00f3n de nuestras gaitas de ca\u00f1a actualizadas en Do es completamente estable. Los bordones se suministran con peque\u00f1os pallones de ca\u00f1a, mientras que el puntero est\u00e1 equipado con una leng\u00fceta sint\u00e9tica, de forma que su afinaci\u00f3n nunca cambiar\u00e1 mientras no toques la leng\u00fceta. Esto es fundamental: no recomendamos manipularla bajo ninguna circunstancia.<span class=\"Apple-converted-space\">\u00a0 \u00a0<\/span><\/p>\n<p>La t\u00f3nica del puntero esta gaita est\u00e1 en altura de Do y, debido a sus caracter\u00edsticas crom\u00e1ticas, solo podemos fabricarla con la escala de Do mayor, que podr\u00e1s transformar en otras escalas utilizando digitaciones cruzadas muy similares a las de las gaitas normales para obtener los diferentes cromatismos. Dado que esta gaita responde a las digitaciones cruzadas, este modelo crom\u00e1tico en Do no se puede fabricar con digitaci\u00f3n cerradas. <span class=\"Apple-converted-space\">\u00a0<\/span><\/p>\n<p>Si busca una gaita de ca\u00f1a en Do con digitaci\u00f3n cerrada, o si deseas afinarla en cualquier modalidad (d\u00f3rica, mixolidia, frigia, etc.), cons\u00faltanos, ya que cualquiera de estas posibilidades existe, aunque perder\u00e1s la posibilidad de los cromatismos.<span class=\"Apple-converted-space\">\u00a0<\/span><\/p>\n<p>Si buscas alguna otra tonalidad, como Mib, Sib, etc., cons\u00faltanos, pues seguimos trabajando para ampliar nuestra oferta de tonalidades de estos hermosos instrumentos. Si buscas la tonalidad de Re puedes verla <a href=\"https:\/\/pablocarpintero.es\/es\/producto\/gaita-de-cana-actualizada-de-tres-bordons-tonalidades-de-do-re-e-mib\/\">aqu\u00ed<\/a>, es una de las preferidas por nuestros clientes por su sonido claro, dulce y potente.<\/p>\n<p>En cuanto a los bordones que incorporan estas gaitas, puedes elegir entre varias posibilidades que ver\u00e1s en este <a href=\"https:\/\/www.youtube.com\/watch?v=ZhJv7XN-ZfQ\">v\u00eddeo<\/a>. Puedes equiparla solo con un bord\u00f3n grave en Do sobre la espalda, o acompa\u00f1ar este ronc\u00f3n con un bord\u00f3n lateral agudo en Do y\/o otro agudo en Sol, o cualquier combinaci\u00f3n que se te ocurra de estos tres bordones. Las combinaciones preferidas por los clientes son: o bien la de tres bordones, que le da a la gaita un sonido m\u00e1s pleno, o bien la de dos bordones agudos, afinados en la t\u00f3nica y la dominante, que tambi\u00e9n te ofrecer\u00e1n una maravillosa experiencia arm\u00f3nica.<span class=\"Apple-converted-space\">\u00a0<\/span><\/p>\n<p>Existe la posibilidad de incluir m\u00e1s bordones en la buxa lateral. Por ejemplo, puedes a\u00f1adir un tercer bord\u00f3n que suene en la cuarta (Fa), o tambi\u00e9n podemos hacer que el bord\u00f3n agudo en Do emita una cuarta (Fa) utilizando un peque\u00f1o tap\u00f3n. Para consultar el precio de cualquiera de estas opciones no especificadas aqu\u00ed, cont\u00e1ctanos por correo electr\u00f3nico o wasap. <span class=\"Apple-converted-space\">\u00a0<\/span><\/p>\n<p>Todos los bordones van equipados con tapones que permiten detenerlos, bien para  prescindir de ellos, o bien para poder afinarlos de forma independiente. <span class=\"Apple-converted-space\">\u00a0<\/span><\/p>\n<p>El fuelle de estas gaitas de ca\u00f1a actualizadas est\u00e1 fabricado con material sint\u00e9tico transpirable y puedes elegir la tela que prefieras para confeccionar el vestido. Cuando las maderas est\u00e9n listas, nos pondremos en contacto contigo para que puedas elegir entre cualquiera de las telas de nuestra amplia gama.<span class=\"Apple-converted-space\">\u00a0<\/span><\/p>\n<p>Estas gaitas no se entregan con estuches ni fundas. Si necesitas un contenedor para transportarla puedes comprarlo aqu\u00ed: bolsa de tela o <a href=\"https:\/\/pablocarpintero.es\/es\/producto\/maletin-de-madeira-para-gaitas\/\">malet\u00edn de madera<\/a>.<span class=\"Apple-converted-space\">\u00a0<\/span><\/p>\n<p>Fabricamos tambi\u00e9n punteros sueltos con adaptadores que permiten introducirlos en gaitas de fuelle normales. Para esta opci\u00f3n contacta con nosotros. <span class=\"Apple-converted-space\">\u00a0<\/span><\/p>","protected":false},"excerpt":{"rendered":"<p>Gaita de cana crom\u00e1tica en Do Esta \u00e9 a \u00fanica gaita de cana do mercado que emite todos os cromatismos da escala empregando dixitaci\u00f3ns cruzadas, un desenvolvemento que segundo a teor\u00eda da f\u00edsica \u00e9 imposible&#8230; debido \u00e1 s\u00faa maior dificultade na construci\u00f3n e afinaci\u00f3n, o seu precio \u00e9 lixeiramente superior ao da gaita de cana [&hellip;]<\/p>\n","protected":false},"featured_media":2703,"comment_status":"open","ping_status":"closed","template":"","meta":{"give_campaign_id":0,"_joinchat":[]},"product_brand":[],"product_cat":[31,20,18],"product_tag":[],"class_list":{"0":"post-2688","1":"product","2":"type-product","3":"status-publish","4":"has-post-thumbnail","6":"product_cat-gaitas-de-cana-gaitas-de-pallon-lingueta-sinxela-actualizadas","7":"product_cat-gaitas-de-fol","8":"product_cat-instrumentos-musicales","10":"first","11":"instock","12":"taxable","13":"shipping-taxable","14":"purchasable","15":"product-type-variable"},"yoast_head":"<!-- This site is optimized with the Yoast SEO plugin v27.2 - https:\/\/yoast.com\/product\/yoast-seo-wordpress\/ -->\n<title>Gaita de cana crom\u00e1tica en Do - Pablo Carpintero<\/title>\n<meta name=\"robots\" content=\"index, follow, max-snippet:-1, max-image-preview:large, max-video-preview:-1\" \/>\n<link rel=\"canonical\" href=\"https:\/\/pablocarpintero.es\/es\/producto\/gaita-de-cana-actualizada-en-do\/\" \/>\n<meta property=\"og:locale\" content=\"es_ES\" \/>\n<meta property=\"og:type\" content=\"article\" \/>\n<meta property=\"og:title\" content=\"Gaita de cana crom\u00e1tica en Do - Pablo Carpintero\" \/>\n<meta property=\"og:description\" content=\"Gaita de cana crom\u00e1tica en Do Esta \u00e9 a \u00fanica gaita de cana do mercado que emite todos os cromatismos da escala empregando dixitaci\u00f3ns cruzadas, un desenvolvemento que segundo a teor\u00eda da f\u00edsica \u00e9 imposible&#8230; debido \u00e1 s\u00faa maior dificultade na construci\u00f3n e afinaci\u00f3n, o seu precio \u00e9 lixeiramente superior ao da gaita de cana [&hellip;]\" \/>\n<meta property=\"og:url\" content=\"https:\/\/pablocarpintero.es\/es\/producto\/gaita-de-cana-actualizada-en-do\/\" \/>\n<meta property=\"og:site_name\" content=\"Pablo Carpintero\" \/>\n<meta property=\"article:modified_time\" content=\"2026-01-22T05:36:25+00:00\" \/>\n<meta property=\"og:image\" content=\"https:\/\/pablocarpintero.es\/wp-content\/uploads\/2021\/11\/DSC_6750.jpg\" \/>\n\t<meta property=\"og:image:width\" content=\"1604\" \/>\n\t<meta property=\"og:image:height\" content=\"1071\" \/>\n\t<meta property=\"og:image:type\" content=\"image\/jpeg\" \/>\n<meta name=\"twitter:card\" content=\"summary_large_image\" \/>\n<meta name=\"twitter:label1\" content=\"Tiempo de lectura\" \/>\n\t<meta name=\"twitter:data1\" content=\"4 minutos\" \/>\n<script type=\"application\/ld+json\" class=\"yoast-schema-graph\">{\"@context\":\"https:\/\/schema.org\",\"@graph\":[{\"@type\":\"WebPage\",\"@id\":\"https:\/\/pablocarpintero.es\/producto\/gaita-de-cana-actualizada-en-do\/\",\"url\":\"https:\/\/pablocarpintero.es\/producto\/gaita-de-cana-actualizada-en-do\/\",\"name\":\"Gaita de cana crom\u00e1tica en Do - Pablo Carpintero\",\"isPartOf\":{\"@id\":\"https:\/\/pablocarpintero.es\/#website\"},\"primaryImageOfPage\":{\"@id\":\"https:\/\/pablocarpintero.es\/producto\/gaita-de-cana-actualizada-en-do\/#primaryimage\"},\"image\":{\"@id\":\"https:\/\/pablocarpintero.es\/producto\/gaita-de-cana-actualizada-en-do\/#primaryimage\"},\"thumbnailUrl\":\"https:\/\/pablocarpintero.es\/wp-content\/uploads\/2021\/11\/DSC_6750.jpg\",\"datePublished\":\"2025-12-10T10:31:40+00:00\",\"dateModified\":\"2026-01-22T05:36:25+00:00\",\"breadcrumb\":{\"@id\":\"https:\/\/pablocarpintero.es\/producto\/gaita-de-cana-actualizada-en-do\/#breadcrumb\"},\"inLanguage\":\"es\",\"potentialAction\":[{\"@type\":\"ReadAction\",\"target\":[\"https:\/\/pablocarpintero.es\/producto\/gaita-de-cana-actualizada-en-do\/\"]}]},{\"@type\":\"ImageObject\",\"inLanguage\":\"es\",\"@id\":\"https:\/\/pablocarpintero.es\/producto\/gaita-de-cana-actualizada-en-do\/#primaryimage\",\"url\":\"https:\/\/pablocarpintero.es\/wp-content\/uploads\/2021\/11\/DSC_6750.jpg\",\"contentUrl\":\"https:\/\/pablocarpintero.es\/wp-content\/uploads\/2021\/11\/DSC_6750.jpg\",\"width\":1604,\"height\":1071},{\"@type\":\"BreadcrumbList\",\"@id\":\"https:\/\/pablocarpintero.es\/producto\/gaita-de-cana-actualizada-en-do\/#breadcrumb\",\"itemListElement\":[{\"@type\":\"ListItem\",\"position\":1,\"name\":\"Portada\",\"item\":\"https:\/\/pablocarpintero.es\/inicio\/\"},{\"@type\":\"ListItem\",\"position\":2,\"name\":\"Tienda\",\"item\":\"https:\/\/pablocarpintero.es\/tienda\/\"},{\"@type\":\"ListItem\",\"position\":3,\"name\":\"Gaita de cana crom\u00e1tica en Do\"}]},{\"@type\":\"WebSite\",\"@id\":\"https:\/\/pablocarpintero.es\/#website\",\"url\":\"https:\/\/pablocarpintero.es\/\",\"name\":\"Pablo Carpintero\",\"description\":\"Otro sitio realizado con WordPress\",\"potentialAction\":[{\"@type\":\"SearchAction\",\"target\":{\"@type\":\"EntryPoint\",\"urlTemplate\":\"https:\/\/pablocarpintero.es\/?s={search_term_string}\"},\"query-input\":{\"@type\":\"PropertyValueSpecification\",\"valueRequired\":true,\"valueName\":\"search_term_string\"}}],\"inLanguage\":\"es\"}]}<\/script>\n<!-- \/ Yoast SEO plugin. -->","yoast_head_json":{"title":"Gaita de cana crom\u00e1tica en Do - Pablo Carpintero","robots":{"index":"index","follow":"follow","max-snippet":"max-snippet:-1","max-image-preview":"max-image-preview:large","max-video-preview":"max-video-preview:-1"},"canonical":"https:\/\/pablocarpintero.es\/es\/producto\/gaita-de-cana-actualizada-en-do\/","og_locale":"es_ES","og_type":"article","og_title":"Gaita de cana crom\u00e1tica en Do - Pablo Carpintero","og_description":"Gaita de cana crom\u00e1tica en Do Esta \u00e9 a \u00fanica gaita de cana do mercado que emite todos os cromatismos da escala empregando dixitaci\u00f3ns cruzadas, un desenvolvemento que segundo a teor\u00eda da f\u00edsica \u00e9 imposible&#8230; debido \u00e1 s\u00faa maior dificultade na construci\u00f3n e afinaci\u00f3n, o seu precio \u00e9 lixeiramente superior ao da gaita de cana [&hellip;]","og_url":"https:\/\/pablocarpintero.es\/es\/producto\/gaita-de-cana-actualizada-en-do\/","og_site_name":"Pablo Carpintero","article_modified_time":"2026-01-22T05:36:25+00:00","og_image":[{"width":1604,"height":1071,"url":"https:\/\/pablocarpintero.es\/wp-content\/uploads\/2021\/11\/DSC_6750.jpg","type":"image\/jpeg"}],"twitter_card":"summary_large_image","twitter_misc":{"Tiempo de lectura":"4 minutos"},"schema":{"@context":"https:\/\/schema.org","@graph":[{"@type":"WebPage","@id":"https:\/\/pablocarpintero.es\/producto\/gaita-de-cana-actualizada-en-do\/","url":"https:\/\/pablocarpintero.es\/producto\/gaita-de-cana-actualizada-en-do\/","name":"Gaita de cana crom\u00e1tica en Do - Pablo Carpintero","isPartOf":{"@id":"https:\/\/pablocarpintero.es\/#website"},"primaryImageOfPage":{"@id":"https:\/\/pablocarpintero.es\/producto\/gaita-de-cana-actualizada-en-do\/#primaryimage"},"image":{"@id":"https:\/\/pablocarpintero.es\/producto\/gaita-de-cana-actualizada-en-do\/#primaryimage"},"thumbnailUrl":"https:\/\/pablocarpintero.es\/wp-content\/uploads\/2021\/11\/DSC_6750.jpg","datePublished":"2025-12-10T10:31:40+00:00","dateModified":"2026-01-22T05:36:25+00:00","breadcrumb":{"@id":"https:\/\/pablocarpintero.es\/producto\/gaita-de-cana-actualizada-en-do\/#breadcrumb"},"inLanguage":"es","potentialAction":[{"@type":"ReadAction","target":["https:\/\/pablocarpintero.es\/producto\/gaita-de-cana-actualizada-en-do\/"]}]},{"@type":"ImageObject","inLanguage":"es","@id":"https:\/\/pablocarpintero.es\/producto\/gaita-de-cana-actualizada-en-do\/#primaryimage","url":"https:\/\/pablocarpintero.es\/wp-content\/uploads\/2021\/11\/DSC_6750.jpg","contentUrl":"https:\/\/pablocarpintero.es\/wp-content\/uploads\/2021\/11\/DSC_6750.jpg","width":1604,"height":1071},{"@type":"BreadcrumbList","@id":"https:\/\/pablocarpintero.es\/producto\/gaita-de-cana-actualizada-en-do\/#breadcrumb","itemListElement":[{"@type":"ListItem","position":1,"name":"Portada","item":"https:\/\/pablocarpintero.es\/inicio\/"},{"@type":"ListItem","position":2,"name":"Tienda","item":"https:\/\/pablocarpintero.es\/tienda\/"},{"@type":"ListItem","position":3,"name":"Gaita de cana crom\u00e1tica en Do"}]},{"@type":"WebSite","@id":"https:\/\/pablocarpintero.es\/#website","url":"https:\/\/pablocarpintero.es\/","name":"Pablo Carpintero","description":"Otro sitio realizado con WordPress","potentialAction":[{"@type":"SearchAction","target":{"@type":"EntryPoint","urlTemplate":"https:\/\/pablocarpintero.es\/?s={search_term_string}"},"query-input":{"@type":"PropertyValueSpecification","valueRequired":true,"valueName":"search_term_string"}}],"inLanguage":"es"}]}},"_links":{"self":[{"href":"https:\/\/pablocarpintero.es\/es\/wp-json\/wp\/v2\/product\/2688","targetHints":{"allow":["GET"]}}],"collection":[{"href":"https:\/\/pablocarpintero.es\/es\/wp-json\/wp\/v2\/product"}],"about":[{"href":"https:\/\/pablocarpintero.es\/es\/wp-json\/wp\/v2\/types\/product"}],"replies":[{"embeddable":true,"href":"https:\/\/pablocarpintero.es\/es\/wp-json\/wp\/v2\/comments?post=2688"}],"wp:featuredmedia":[{"embeddable":true,"href":"https:\/\/pablocarpintero.es\/es\/wp-json\/wp\/v2\/media\/2703"}],"wp:attachment":[{"href":"https:\/\/pablocarpintero.es\/es\/wp-json\/wp\/v2\/media?parent=2688"}],"wp:term":[{"taxonomy":"product_brand","embeddable":true,"href":"https:\/\/pablocarpintero.es\/es\/wp-json\/wp\/v2\/product_brand?post=2688"},{"taxonomy":"product_cat","embeddable":true,"href":"https:\/\/pablocarpintero.es\/es\/wp-json\/wp\/v2\/product_cat?post=2688"},{"taxonomy":"product_tag","embeddable":true,"href":"https:\/\/pablocarpintero.es\/es\/wp-json\/wp\/v2\/product_tag?post=2688"}],"curies":[{"name":"wp","href":"https:\/\/api.w.org\/{rel}","templated":true}]}}