{"id":2709,"date":"2026-01-23T08:09:37","date_gmt":"2026-01-23T08:09:37","guid":{"rendered":"https:\/\/pablocarpintero.es\/?post_type=product&#038;p=2709"},"modified":"2026-02-27T04:10:34","modified_gmt":"2026-02-27T04:10:34","slug":"frauta-traveseira-en-re","status":"publish","type":"product","link":"https:\/\/pablocarpintero.es\/es\/producto\/frauta-traveseira-en-re\/","title":{"rendered":"Frauta traveseira en Re"},"content":{"rendered":"<p>Bas\u00e1ndonos en la r\u00e9plica de la flauta que aparece en la iluminaci\u00f3n de la Cantiga 240 del C\u00f3dice de los M\u00fasicos de las Cantigas de Santa Mar\u00eda, reducimos su tama\u00f1o para obtener una flauta travesera con la t\u00f3nica grave en Re. Su interior es cil\u00edndrico y no permite que las digitaciones cruzadas emitan grados rebajados. La mostramos en madera de palo santo y en la fotograf\u00eda tambi\u00e9n se puede apreciar su tama\u00f1o en comparaci\u00f3n con la r\u00e9plica de la flauta de las <a href=\"https:\/\/pablocarpintero.es\/es\/producto\/frauta-traveseira-das-cantigas-de-santa-maria\/\">Cantigas de Santa Mar\u00eda<\/a>. Pod\u00e9is escucharla aqu\u00ed.<\/p>","protected":false},"excerpt":{"rendered":"<p>A partir da r\u00e9plica da frauta que aparece na iluminaci\u00f3n da Cantiga 240 do C\u00f3dice dos M\u00fasicos das Cantigas de Santa Mar\u00eda escalamos o seu tama\u00f1o ata conseguir unha frauta traveseira coa t\u00f3nica inferior en Re. O seu interior \u00e9 cil\u00edndrico e non admite dixitaci\u00f3ns cruzadas para emitir graos rebaixados. Amos\u00e1mola en madeira de pau [&hellip;]<\/p>\n","protected":false},"featured_media":2710,"comment_status":"open","ping_status":"closed","template":"","meta":{"give_campaign_id":0,"_joinchat":[]},"product_brand":[],"product_cat":[34],"product_tag":[],"class_list":{"0":"post-2709","1":"product","2":"type-product","3":"status-publish","4":"has-post-thumbnail","6":"product_cat-instrumentos-medievais","8":"first","9":"instock","10":"taxable","11":"shipping-taxable","12":"purchasable","13":"product-type-simple"},"yoast_head":"<!-- This site is optimized with the Yoast SEO plugin v27.2 - https:\/\/yoast.com\/product\/yoast-seo-wordpress\/ -->\n<title>Frauta traveseira en Re - Pablo Carpintero<\/title>\n<meta name=\"robots\" content=\"index, follow, max-snippet:-1, max-image-preview:large, max-video-preview:-1\" \/>\n<link rel=\"canonical\" href=\"https:\/\/pablocarpintero.es\/es\/producto\/frauta-traveseira-en-re\/\" \/>\n<meta property=\"og:locale\" content=\"es_ES\" \/>\n<meta property=\"og:type\" content=\"article\" \/>\n<meta property=\"og:title\" content=\"Frauta traveseira en Re - Pablo Carpintero\" \/>\n<meta property=\"og:description\" content=\"A partir da r\u00e9plica da frauta que aparece na iluminaci\u00f3n da Cantiga 240 do C\u00f3dice dos M\u00fasicos das Cantigas de Santa Mar\u00eda escalamos o seu tama\u00f1o ata conseguir unha frauta traveseira coa t\u00f3nica inferior en Re. O seu interior \u00e9 cil\u00edndrico e non admite dixitaci\u00f3ns cruzadas para emitir graos rebaixados. Amos\u00e1mola en madeira de pau [&hellip;]\" \/>\n<meta property=\"og:url\" content=\"https:\/\/pablocarpintero.es\/es\/producto\/frauta-traveseira-en-re\/\" \/>\n<meta property=\"og:site_name\" content=\"Pablo Carpintero\" \/>\n<meta property=\"article:modified_time\" content=\"2026-02-27T04:10:34+00:00\" \/>\n<meta property=\"og:image\" content=\"https:\/\/pablocarpintero.es\/wp-content\/uploads\/2026\/01\/Frauta-medieval-en-Re-Pablo-Carpintero-.jpg\" \/>\n\t<meta property=\"og:image:width\" content=\"1263\" \/>\n\t<meta property=\"og:image:height\" content=\"694\" \/>\n\t<meta property=\"og:image:type\" content=\"image\/jpeg\" \/>\n<meta name=\"twitter:card\" content=\"summary_large_image\" \/>\n<meta name=\"twitter:label1\" content=\"Tiempo de lectura\" \/>\n\t<meta name=\"twitter:data1\" content=\"1 minuto\" \/>\n<script type=\"application\/ld+json\" class=\"yoast-schema-graph\">{\"@context\":\"https:\/\/schema.org\",\"@graph\":[{\"@type\":\"WebPage\",\"@id\":\"https:\/\/pablocarpintero.es\/producto\/frauta-traveseira-en-re\/\",\"url\":\"https:\/\/pablocarpintero.es\/producto\/frauta-traveseira-en-re\/\",\"name\":\"Frauta traveseira en Re - Pablo Carpintero\",\"isPartOf\":{\"@id\":\"https:\/\/pablocarpintero.es\/#website\"},\"primaryImageOfPage\":{\"@id\":\"https:\/\/pablocarpintero.es\/producto\/frauta-traveseira-en-re\/#primaryimage\"},\"image\":{\"@id\":\"https:\/\/pablocarpintero.es\/producto\/frauta-traveseira-en-re\/#primaryimage\"},\"thumbnailUrl\":\"https:\/\/pablocarpintero.es\/wp-content\/uploads\/2026\/01\/Frauta-medieval-en-Re-Pablo-Carpintero-.jpg\",\"datePublished\":\"2026-01-23T08:09:37+00:00\",\"dateModified\":\"2026-02-27T04:10:34+00:00\",\"breadcrumb\":{\"@id\":\"https:\/\/pablocarpintero.es\/producto\/frauta-traveseira-en-re\/#breadcrumb\"},\"inLanguage\":\"es\",\"potentialAction\":[{\"@type\":\"ReadAction\",\"target\":[\"https:\/\/pablocarpintero.es\/producto\/frauta-traveseira-en-re\/\"]}]},{\"@type\":\"ImageObject\",\"inLanguage\":\"es\",\"@id\":\"https:\/\/pablocarpintero.es\/producto\/frauta-traveseira-en-re\/#primaryimage\",\"url\":\"https:\/\/pablocarpintero.es\/wp-content\/uploads\/2026\/01\/Frauta-medieval-en-Re-Pablo-Carpintero-.jpg\",\"contentUrl\":\"https:\/\/pablocarpintero.es\/wp-content\/uploads\/2026\/01\/Frauta-medieval-en-Re-Pablo-Carpintero-.jpg\",\"width\":1263,\"height\":694},{\"@type\":\"BreadcrumbList\",\"@id\":\"https:\/\/pablocarpintero.es\/producto\/frauta-traveseira-en-re\/#breadcrumb\",\"itemListElement\":[{\"@type\":\"ListItem\",\"position\":1,\"name\":\"Portada\",\"item\":\"https:\/\/pablocarpintero.es\/inicio\/\"},{\"@type\":\"ListItem\",\"position\":2,\"name\":\"Tienda\",\"item\":\"https:\/\/pablocarpintero.es\/tienda\/\"},{\"@type\":\"ListItem\",\"position\":3,\"name\":\"Frauta traveseira en Re\"}]},{\"@type\":\"WebSite\",\"@id\":\"https:\/\/pablocarpintero.es\/#website\",\"url\":\"https:\/\/pablocarpintero.es\/\",\"name\":\"Pablo Carpintero\",\"description\":\"Otro sitio realizado con WordPress\",\"potentialAction\":[{\"@type\":\"SearchAction\",\"target\":{\"@type\":\"EntryPoint\",\"urlTemplate\":\"https:\/\/pablocarpintero.es\/?s={search_term_string}\"},\"query-input\":{\"@type\":\"PropertyValueSpecification\",\"valueRequired\":true,\"valueName\":\"search_term_string\"}}],\"inLanguage\":\"es\"}]}<\/script>\n<!-- \/ Yoast SEO plugin. -->","yoast_head_json":{"title":"Frauta traveseira en Re - Pablo Carpintero","robots":{"index":"index","follow":"follow","max-snippet":"max-snippet:-1","max-image-preview":"max-image-preview:large","max-video-preview":"max-video-preview:-1"},"canonical":"https:\/\/pablocarpintero.es\/es\/producto\/frauta-traveseira-en-re\/","og_locale":"es_ES","og_type":"article","og_title":"Frauta traveseira en Re - Pablo Carpintero","og_description":"A partir da r\u00e9plica da frauta que aparece na iluminaci\u00f3n da Cantiga 240 do C\u00f3dice dos M\u00fasicos das Cantigas de Santa Mar\u00eda escalamos o seu tama\u00f1o ata conseguir unha frauta traveseira coa t\u00f3nica inferior en Re. O seu interior \u00e9 cil\u00edndrico e non admite dixitaci\u00f3ns cruzadas para emitir graos rebaixados. Amos\u00e1mola en madeira de pau [&hellip;]","og_url":"https:\/\/pablocarpintero.es\/es\/producto\/frauta-traveseira-en-re\/","og_site_name":"Pablo Carpintero","article_modified_time":"2026-02-27T04:10:34+00:00","og_image":[{"width":1263,"height":694,"url":"https:\/\/pablocarpintero.es\/wp-content\/uploads\/2026\/01\/Frauta-medieval-en-Re-Pablo-Carpintero-.jpg","type":"image\/jpeg"}],"twitter_card":"summary_large_image","twitter_misc":{"Tiempo de lectura":"1 minuto"},"schema":{"@context":"https:\/\/schema.org","@graph":[{"@type":"WebPage","@id":"https:\/\/pablocarpintero.es\/producto\/frauta-traveseira-en-re\/","url":"https:\/\/pablocarpintero.es\/producto\/frauta-traveseira-en-re\/","name":"Frauta traveseira en Re - Pablo Carpintero","isPartOf":{"@id":"https:\/\/pablocarpintero.es\/#website"},"primaryImageOfPage":{"@id":"https:\/\/pablocarpintero.es\/producto\/frauta-traveseira-en-re\/#primaryimage"},"image":{"@id":"https:\/\/pablocarpintero.es\/producto\/frauta-traveseira-en-re\/#primaryimage"},"thumbnailUrl":"https:\/\/pablocarpintero.es\/wp-content\/uploads\/2026\/01\/Frauta-medieval-en-Re-Pablo-Carpintero-.jpg","datePublished":"2026-01-23T08:09:37+00:00","dateModified":"2026-02-27T04:10:34+00:00","breadcrumb":{"@id":"https:\/\/pablocarpintero.es\/producto\/frauta-traveseira-en-re\/#breadcrumb"},"inLanguage":"es","potentialAction":[{"@type":"ReadAction","target":["https:\/\/pablocarpintero.es\/producto\/frauta-traveseira-en-re\/"]}]},{"@type":"ImageObject","inLanguage":"es","@id":"https:\/\/pablocarpintero.es\/producto\/frauta-traveseira-en-re\/#primaryimage","url":"https:\/\/pablocarpintero.es\/wp-content\/uploads\/2026\/01\/Frauta-medieval-en-Re-Pablo-Carpintero-.jpg","contentUrl":"https:\/\/pablocarpintero.es\/wp-content\/uploads\/2026\/01\/Frauta-medieval-en-Re-Pablo-Carpintero-.jpg","width":1263,"height":694},{"@type":"BreadcrumbList","@id":"https:\/\/pablocarpintero.es\/producto\/frauta-traveseira-en-re\/#breadcrumb","itemListElement":[{"@type":"ListItem","position":1,"name":"Portada","item":"https:\/\/pablocarpintero.es\/inicio\/"},{"@type":"ListItem","position":2,"name":"Tienda","item":"https:\/\/pablocarpintero.es\/tienda\/"},{"@type":"ListItem","position":3,"name":"Frauta traveseira en Re"}]},{"@type":"WebSite","@id":"https:\/\/pablocarpintero.es\/#website","url":"https:\/\/pablocarpintero.es\/","name":"Pablo Carpintero","description":"Otro sitio realizado con WordPress","potentialAction":[{"@type":"SearchAction","target":{"@type":"EntryPoint","urlTemplate":"https:\/\/pablocarpintero.es\/?s={search_term_string}"},"query-input":{"@type":"PropertyValueSpecification","valueRequired":true,"valueName":"search_term_string"}}],"inLanguage":"es"}]}},"_links":{"self":[{"href":"https:\/\/pablocarpintero.es\/es\/wp-json\/wp\/v2\/product\/2709","targetHints":{"allow":["GET"]}}],"collection":[{"href":"https:\/\/pablocarpintero.es\/es\/wp-json\/wp\/v2\/product"}],"about":[{"href":"https:\/\/pablocarpintero.es\/es\/wp-json\/wp\/v2\/types\/product"}],"replies":[{"embeddable":true,"href":"https:\/\/pablocarpintero.es\/es\/wp-json\/wp\/v2\/comments?post=2709"}],"wp:featuredmedia":[{"embeddable":true,"href":"https:\/\/pablocarpintero.es\/es\/wp-json\/wp\/v2\/media\/2710"}],"wp:attachment":[{"href":"https:\/\/pablocarpintero.es\/es\/wp-json\/wp\/v2\/media?parent=2709"}],"wp:term":[{"taxonomy":"product_brand","embeddable":true,"href":"https:\/\/pablocarpintero.es\/es\/wp-json\/wp\/v2\/product_brand?post=2709"},{"taxonomy":"product_cat","embeddable":true,"href":"https:\/\/pablocarpintero.es\/es\/wp-json\/wp\/v2\/product_cat?post=2709"},{"taxonomy":"product_tag","embeddable":true,"href":"https:\/\/pablocarpintero.es\/es\/wp-json\/wp\/v2\/product_tag?post=2709"}],"curies":[{"name":"wp","href":"https:\/\/api.w.org\/{rel}","templated":true}]}}