{"id":2718,"date":"2026-04-04T07:01:08","date_gmt":"2026-04-04T07:01:08","guid":{"rendered":"https:\/\/pablocarpintero.es\/?post_type=product&#038;p=2718"},"modified":"2026-04-04T07:01:08","modified_gmt":"2026-04-04T07:01:08","slug":"reproducion-da-gaita-de-fol-de-francisco-antonio-dos-santos-o-major-de-grijo-de-parada-braganca","status":"publish","type":"product","link":"https:\/\/pablocarpintero.es\/es\/producto\/reproducion-da-gaita-de-fol-de-francisco-antonio-dos-santos-o-major-de-grijo-de-parada-braganca\/","title":{"rendered":"Reproduci\u00f3n de la gaita de fuelle de Francisco Ant\u00f3nio dos Santos \u201cO Major\u201d de Grij\u00f3 de Parada (Bragan\u00e7a)"},"content":{"rendered":"<p>Esta es la reproducci\u00f3n de la gaita que perteneci\u00f3 al gaitero Francisco Ant\u00f3nio dos Santos (1904-1972, Grij\u00f3 de Parada, Bragan\u00e7a), apodado \"O Major\" de Grij\u00f3 de Parada. Es un hermoso ejemplo de gaita brigantina celosamente conservada por su familia. Afortunadamente tambi\u00e9n conservaron la palleta original, al replicarla pudimos recuperar el sonido original de este instrumento que posee un sonido potente y \u00e1gil. El puntero est\u00e1 muy bien afinado en lo que ya hemos definido como \"modo portugu\u00e9s\", un tipo de modo que no consta en el sistema te\u00f3rico medieval. Tiene una subt\u00f3nica inferior, un tercer grado perfectamente neutro (a 350 cents de la t\u00f3nica inferior) y un s\u00e9ptimo grado sensible, convertible en subt\u00f3nica mediante una digitacion de horquilla. <span class=\"Apple-converted-space\">\u00a0<\/span><\/p>\n<p>&nbsp;<\/p>\n<p><img loading=\"lazy\" decoding=\"async\" class=\"alignnone size-medium wp-image-2719\" src=\"https:\/\/pablocarpintero.es\/wp-content\/uploads\/2026\/04\/Francisco-Antonio-dos-Santos-Grijo-de-Parada-Braganca-fotografia-300x202.jpg\" alt=\"\" width=\"300\" height=\"202\" srcset=\"https:\/\/pablocarpintero.es\/wp-content\/uploads\/2026\/04\/Francisco-Antonio-dos-Santos-Grijo-de-Parada-Braganca-fotografia-300x202.jpg 300w, https:\/\/pablocarpintero.es\/wp-content\/uploads\/2026\/04\/Francisco-Antonio-dos-Santos-Grijo-de-Parada-Braganca-fotografia-18x12.jpg 18w, https:\/\/pablocarpintero.es\/wp-content\/uploads\/2026\/04\/Francisco-Antonio-dos-Santos-Grijo-de-Parada-Braganca-fotografia-450x303.jpg 450w, https:\/\/pablocarpintero.es\/wp-content\/uploads\/2026\/04\/Francisco-Antonio-dos-Santos-Grijo-de-Parada-Braganca-fotografia.jpg 484w\" sizes=\"auto, (max-width: 300px) 100vw, 300px\" \/><\/p>\n<p><img loading=\"lazy\" decoding=\"async\" class=\"alignnone size-medium wp-image-2723\" src=\"https:\/\/pablocarpintero.es\/wp-content\/uploads\/2026\/04\/Gaita-Grijo-de-Parada-Pablo-Carpintero-300x243.jpg\" alt=\"\" width=\"300\" height=\"243\" srcset=\"https:\/\/pablocarpintero.es\/wp-content\/uploads\/2026\/04\/Gaita-Grijo-de-Parada-Pablo-Carpintero-300x243.jpg 300w, https:\/\/pablocarpintero.es\/wp-content\/uploads\/2026\/04\/Gaita-Grijo-de-Parada-Pablo-Carpintero-15x12.jpg 15w, https:\/\/pablocarpintero.es\/wp-content\/uploads\/2026\/04\/Gaita-Grijo-de-Parada-Pablo-Carpintero-495x400.jpg 495w, https:\/\/pablocarpintero.es\/wp-content\/uploads\/2026\/04\/Gaita-Grijo-de-Parada-Pablo-Carpintero-450x365.jpg 450w, https:\/\/pablocarpintero.es\/wp-content\/uploads\/2026\/04\/Gaita-Grijo-de-Parada-Pablo-Carpintero.jpg 538w\" sizes=\"auto, (max-width: 300px) 100vw, 300px\" \/><\/p>\n<p>&nbsp;<\/p>\n<p>El sistema de dataci\u00f3n basado en el desgaste indica que esta gaita se us\u00f3 durante unos 80 a\u00f1os, por lo que fue tocada por dos gaiteros, su fecha de fabricaci\u00f3n se situar\u00eda alrededor de la d\u00e9cada de 1890.<span class=\"Apple-converted-space\">\u00a0 \u00a0<\/span><\/p>\n<p>En este <a href=\"https:\/\/www.youtube.com\/watch?v=YESsSY3cxHc&amp;t=10s\">v\u00eddeo<\/a> pod\u00e9is ver y escuchar este instrumento interpretando algunas piezas del repertorio del gaitero brigantino Eduardo Francisco Viga (Deil\u00e3o, Bragan\u00e7a), que pudimos grabar en la d\u00e9cada de 2000. <span class=\"Apple-converted-space\">\u00a0<\/span><\/p>\n<p>&nbsp;<\/p>\n<p>&nbsp;<\/p>","protected":false},"excerpt":{"rendered":"<p>Esta \u00e9 a reproduci\u00f3n da gaita de fol que pertenceu ao gaiteiro Francisco Ant\u00f3nio dos Santos (1904-1972 Grij\u00f3 de Parada, Bragan\u00e7a), alcumado &#8220;O Major&#8221; de Grij\u00f3 de Parada. Tr\u00e1tase dun fermoso exemplar de gaita de fol brigantina conservado celosamente pola s\u00faa familia. Por ventura gardaron tam\u00e9n a palleta orixinal, replic\u00e1ndoa puidemos recuperar o son orixinal [&hellip;]<\/p>\n","protected":false},"featured_media":2721,"comment_status":"open","ping_status":"closed","template":"","meta":{"give_campaign_id":0,"_joinchat":[]},"product_brand":[],"product_cat":[25],"product_tag":[],"class_list":{"0":"post-2718","1":"product","2":"type-product","3":"status-publish","4":"has-post-thumbnail","6":"product_cat-replicas-de-gaitas-portuguesas","8":"first","9":"instock","10":"taxable","11":"shipping-taxable","12":"product-type-simple"},"yoast_head":"<!-- This site is optimized with the Yoast SEO plugin v27.2 - https:\/\/yoast.com\/product\/yoast-seo-wordpress\/ -->\n<title>Reproduci\u00f3n da gaita de fol de Francisco Ant\u00f3nio dos Santos &quot;O Major&quot; de Grij\u00f3 de Parada (Bragan\u00e7a) - Pablo Carpintero<\/title>\n<meta name=\"robots\" content=\"index, follow, max-snippet:-1, max-image-preview:large, max-video-preview:-1\" \/>\n<link rel=\"canonical\" href=\"https:\/\/pablocarpintero.es\/es\/producto\/reproducion-da-gaita-de-fol-de-francisco-antonio-dos-santos-o-major-de-grijo-de-parada-braganca\/\" \/>\n<meta property=\"og:locale\" content=\"es_ES\" \/>\n<meta property=\"og:type\" content=\"article\" \/>\n<meta property=\"og:title\" content=\"Reproduci\u00f3n da gaita de fol de Francisco Ant\u00f3nio dos Santos &quot;O Major&quot; de Grij\u00f3 de Parada (Bragan\u00e7a) - Pablo Carpintero\" \/>\n<meta property=\"og:description\" content=\"Esta \u00e9 a reproduci\u00f3n da gaita de fol que pertenceu ao gaiteiro Francisco Ant\u00f3nio dos Santos (1904-1972 Grij\u00f3 de Parada, Bragan\u00e7a), alcumado &#8220;O Major&#8221; de Grij\u00f3 de Parada. Tr\u00e1tase dun fermoso exemplar de gaita de fol brigantina conservado celosamente pola s\u00faa familia. Por ventura gardaron tam\u00e9n a palleta orixinal, replic\u00e1ndoa puidemos recuperar o son orixinal [&hellip;]\" \/>\n<meta property=\"og:url\" content=\"https:\/\/pablocarpintero.es\/es\/producto\/reproducion-da-gaita-de-fol-de-francisco-antonio-dos-santos-o-major-de-grijo-de-parada-braganca\/\" \/>\n<meta property=\"og:site_name\" content=\"Pablo Carpintero\" \/>\n<meta property=\"og:image\" content=\"https:\/\/pablocarpintero.es\/wp-content\/uploads\/2026\/04\/Gaita-brigantina-Pablo-carpintero.jpg\" \/>\n\t<meta property=\"og:image:width\" content=\"1477\" \/>\n\t<meta property=\"og:image:height\" content=\"956\" \/>\n\t<meta property=\"og:image:type\" content=\"image\/jpeg\" \/>\n<meta name=\"twitter:card\" content=\"summary_large_image\" \/>\n<meta name=\"twitter:label1\" content=\"Tiempo de lectura\" \/>\n\t<meta name=\"twitter:data1\" content=\"2 minutos\" \/>\n<script type=\"application\/ld+json\" class=\"yoast-schema-graph\">{\"@context\":\"https:\/\/schema.org\",\"@graph\":[{\"@type\":\"WebPage\",\"@id\":\"https:\/\/pablocarpintero.es\/producto\/reproducion-da-gaita-de-fol-de-francisco-antonio-dos-santos-o-major-de-grijo-de-parada-braganca\/\",\"url\":\"https:\/\/pablocarpintero.es\/producto\/reproducion-da-gaita-de-fol-de-francisco-antonio-dos-santos-o-major-de-grijo-de-parada-braganca\/\",\"name\":\"Reproduci\u00f3n da gaita de fol de Francisco Ant\u00f3nio dos Santos \\\"O Major\\\" de Grij\u00f3 de Parada (Bragan\u00e7a) - Pablo Carpintero\",\"isPartOf\":{\"@id\":\"https:\/\/pablocarpintero.es\/#website\"},\"primaryImageOfPage\":{\"@id\":\"https:\/\/pablocarpintero.es\/producto\/reproducion-da-gaita-de-fol-de-francisco-antonio-dos-santos-o-major-de-grijo-de-parada-braganca\/#primaryimage\"},\"image\":{\"@id\":\"https:\/\/pablocarpintero.es\/producto\/reproducion-da-gaita-de-fol-de-francisco-antonio-dos-santos-o-major-de-grijo-de-parada-braganca\/#primaryimage\"},\"thumbnailUrl\":\"https:\/\/pablocarpintero.es\/wp-content\/uploads\/2026\/04\/Gaita-brigantina-Pablo-carpintero.jpg\",\"datePublished\":\"2026-04-04T07:01:08+00:00\",\"breadcrumb\":{\"@id\":\"https:\/\/pablocarpintero.es\/producto\/reproducion-da-gaita-de-fol-de-francisco-antonio-dos-santos-o-major-de-grijo-de-parada-braganca\/#breadcrumb\"},\"inLanguage\":\"es\",\"potentialAction\":[{\"@type\":\"ReadAction\",\"target\":[\"https:\/\/pablocarpintero.es\/producto\/reproducion-da-gaita-de-fol-de-francisco-antonio-dos-santos-o-major-de-grijo-de-parada-braganca\/\"]}]},{\"@type\":\"ImageObject\",\"inLanguage\":\"es\",\"@id\":\"https:\/\/pablocarpintero.es\/producto\/reproducion-da-gaita-de-fol-de-francisco-antonio-dos-santos-o-major-de-grijo-de-parada-braganca\/#primaryimage\",\"url\":\"https:\/\/pablocarpintero.es\/wp-content\/uploads\/2026\/04\/Gaita-brigantina-Pablo-carpintero.jpg\",\"contentUrl\":\"https:\/\/pablocarpintero.es\/wp-content\/uploads\/2026\/04\/Gaita-brigantina-Pablo-carpintero.jpg\",\"width\":1477,\"height\":956},{\"@type\":\"BreadcrumbList\",\"@id\":\"https:\/\/pablocarpintero.es\/producto\/reproducion-da-gaita-de-fol-de-francisco-antonio-dos-santos-o-major-de-grijo-de-parada-braganca\/#breadcrumb\",\"itemListElement\":[{\"@type\":\"ListItem\",\"position\":1,\"name\":\"Portada\",\"item\":\"https:\/\/pablocarpintero.es\/inicio\/\"},{\"@type\":\"ListItem\",\"position\":2,\"name\":\"Tienda\",\"item\":\"https:\/\/pablocarpintero.es\/tienda\/\"},{\"@type\":\"ListItem\",\"position\":3,\"name\":\"Reproduci\u00f3n da gaita de fol de Francisco Ant\u00f3nio dos Santos \u00abO Major\u00bb de Grij\u00f3 de Parada (Bragan\u00e7a)\"}]},{\"@type\":\"WebSite\",\"@id\":\"https:\/\/pablocarpintero.es\/#website\",\"url\":\"https:\/\/pablocarpintero.es\/\",\"name\":\"Pablo Carpintero\",\"description\":\"Otro sitio realizado con WordPress\",\"potentialAction\":[{\"@type\":\"SearchAction\",\"target\":{\"@type\":\"EntryPoint\",\"urlTemplate\":\"https:\/\/pablocarpintero.es\/?s={search_term_string}\"},\"query-input\":{\"@type\":\"PropertyValueSpecification\",\"valueRequired\":true,\"valueName\":\"search_term_string\"}}],\"inLanguage\":\"es\"}]}<\/script>\n<!-- \/ Yoast SEO plugin. -->","yoast_head_json":{"title":"Reproduci\u00f3n da gaita de fol de Francisco Ant\u00f3nio dos Santos \"O Major\" de Grij\u00f3 de Parada (Bragan\u00e7a) - Pablo Carpintero","robots":{"index":"index","follow":"follow","max-snippet":"max-snippet:-1","max-image-preview":"max-image-preview:large","max-video-preview":"max-video-preview:-1"},"canonical":"https:\/\/pablocarpintero.es\/es\/producto\/reproducion-da-gaita-de-fol-de-francisco-antonio-dos-santos-o-major-de-grijo-de-parada-braganca\/","og_locale":"es_ES","og_type":"article","og_title":"Reproduci\u00f3n da gaita de fol de Francisco Ant\u00f3nio dos Santos \"O Major\" de Grij\u00f3 de Parada (Bragan\u00e7a) - Pablo Carpintero","og_description":"Esta \u00e9 a reproduci\u00f3n da gaita de fol que pertenceu ao gaiteiro Francisco Ant\u00f3nio dos Santos (1904-1972 Grij\u00f3 de Parada, Bragan\u00e7a), alcumado &#8220;O Major&#8221; de Grij\u00f3 de Parada. Tr\u00e1tase dun fermoso exemplar de gaita de fol brigantina conservado celosamente pola s\u00faa familia. Por ventura gardaron tam\u00e9n a palleta orixinal, replic\u00e1ndoa puidemos recuperar o son orixinal [&hellip;]","og_url":"https:\/\/pablocarpintero.es\/es\/producto\/reproducion-da-gaita-de-fol-de-francisco-antonio-dos-santos-o-major-de-grijo-de-parada-braganca\/","og_site_name":"Pablo Carpintero","og_image":[{"width":1477,"height":956,"url":"https:\/\/pablocarpintero.es\/wp-content\/uploads\/2026\/04\/Gaita-brigantina-Pablo-carpintero.jpg","type":"image\/jpeg"}],"twitter_card":"summary_large_image","twitter_misc":{"Tiempo de lectura":"2 minutos"},"schema":{"@context":"https:\/\/schema.org","@graph":[{"@type":"WebPage","@id":"https:\/\/pablocarpintero.es\/producto\/reproducion-da-gaita-de-fol-de-francisco-antonio-dos-santos-o-major-de-grijo-de-parada-braganca\/","url":"https:\/\/pablocarpintero.es\/producto\/reproducion-da-gaita-de-fol-de-francisco-antonio-dos-santos-o-major-de-grijo-de-parada-braganca\/","name":"Reproduci\u00f3n da gaita de fol de Francisco Ant\u00f3nio dos Santos \"O Major\" de Grij\u00f3 de Parada (Bragan\u00e7a) - Pablo Carpintero","isPartOf":{"@id":"https:\/\/pablocarpintero.es\/#website"},"primaryImageOfPage":{"@id":"https:\/\/pablocarpintero.es\/producto\/reproducion-da-gaita-de-fol-de-francisco-antonio-dos-santos-o-major-de-grijo-de-parada-braganca\/#primaryimage"},"image":{"@id":"https:\/\/pablocarpintero.es\/producto\/reproducion-da-gaita-de-fol-de-francisco-antonio-dos-santos-o-major-de-grijo-de-parada-braganca\/#primaryimage"},"thumbnailUrl":"https:\/\/pablocarpintero.es\/wp-content\/uploads\/2026\/04\/Gaita-brigantina-Pablo-carpintero.jpg","datePublished":"2026-04-04T07:01:08+00:00","breadcrumb":{"@id":"https:\/\/pablocarpintero.es\/producto\/reproducion-da-gaita-de-fol-de-francisco-antonio-dos-santos-o-major-de-grijo-de-parada-braganca\/#breadcrumb"},"inLanguage":"es","potentialAction":[{"@type":"ReadAction","target":["https:\/\/pablocarpintero.es\/producto\/reproducion-da-gaita-de-fol-de-francisco-antonio-dos-santos-o-major-de-grijo-de-parada-braganca\/"]}]},{"@type":"ImageObject","inLanguage":"es","@id":"https:\/\/pablocarpintero.es\/producto\/reproducion-da-gaita-de-fol-de-francisco-antonio-dos-santos-o-major-de-grijo-de-parada-braganca\/#primaryimage","url":"https:\/\/pablocarpintero.es\/wp-content\/uploads\/2026\/04\/Gaita-brigantina-Pablo-carpintero.jpg","contentUrl":"https:\/\/pablocarpintero.es\/wp-content\/uploads\/2026\/04\/Gaita-brigantina-Pablo-carpintero.jpg","width":1477,"height":956},{"@type":"BreadcrumbList","@id":"https:\/\/pablocarpintero.es\/producto\/reproducion-da-gaita-de-fol-de-francisco-antonio-dos-santos-o-major-de-grijo-de-parada-braganca\/#breadcrumb","itemListElement":[{"@type":"ListItem","position":1,"name":"Portada","item":"https:\/\/pablocarpintero.es\/inicio\/"},{"@type":"ListItem","position":2,"name":"Tienda","item":"https:\/\/pablocarpintero.es\/tienda\/"},{"@type":"ListItem","position":3,"name":"Reproduci\u00f3n da gaita de fol de Francisco Ant\u00f3nio dos Santos \u00abO Major\u00bb de Grij\u00f3 de Parada (Bragan\u00e7a)"}]},{"@type":"WebSite","@id":"https:\/\/pablocarpintero.es\/#website","url":"https:\/\/pablocarpintero.es\/","name":"Pablo Carpintero","description":"Otro sitio realizado con WordPress","potentialAction":[{"@type":"SearchAction","target":{"@type":"EntryPoint","urlTemplate":"https:\/\/pablocarpintero.es\/?s={search_term_string}"},"query-input":{"@type":"PropertyValueSpecification","valueRequired":true,"valueName":"search_term_string"}}],"inLanguage":"es"}]}},"_links":{"self":[{"href":"https:\/\/pablocarpintero.es\/es\/wp-json\/wp\/v2\/product\/2718","targetHints":{"allow":["GET"]}}],"collection":[{"href":"https:\/\/pablocarpintero.es\/es\/wp-json\/wp\/v2\/product"}],"about":[{"href":"https:\/\/pablocarpintero.es\/es\/wp-json\/wp\/v2\/types\/product"}],"replies":[{"embeddable":true,"href":"https:\/\/pablocarpintero.es\/es\/wp-json\/wp\/v2\/comments?post=2718"}],"wp:featuredmedia":[{"embeddable":true,"href":"https:\/\/pablocarpintero.es\/es\/wp-json\/wp\/v2\/media\/2721"}],"wp:attachment":[{"href":"https:\/\/pablocarpintero.es\/es\/wp-json\/wp\/v2\/media?parent=2718"}],"wp:term":[{"taxonomy":"product_brand","embeddable":true,"href":"https:\/\/pablocarpintero.es\/es\/wp-json\/wp\/v2\/product_brand?post=2718"},{"taxonomy":"product_cat","embeddable":true,"href":"https:\/\/pablocarpintero.es\/es\/wp-json\/wp\/v2\/product_cat?post=2718"},{"taxonomy":"product_tag","embeddable":true,"href":"https:\/\/pablocarpintero.es\/es\/wp-json\/wp\/v2\/product_tag?post=2718"}],"curies":[{"name":"wp","href":"https:\/\/api.w.org\/{rel}","templated":true}]}}