{"id":2736,"date":"2026-04-05T06:57:01","date_gmt":"2026-04-05T06:57:01","guid":{"rendered":"https:\/\/pablocarpintero.es\/?post_type=product&#038;p=2736"},"modified":"2026-04-05T06:57:01","modified_gmt":"2026-04-05T06:57:01","slug":"requinta-de-vea","status":"publish","type":"product","link":"https:\/\/pablocarpintero.es\/es\/producto\/requinta-de-vea\/","title":{"rendered":"Requinta de Vea"},"content":{"rendered":"<p>A r\u00e9plica da requinta de Vea, do obradoiro de Riob\u00f3. Un instrumento de son potente e moi limpo, que sube por riba do cuarto grao agudo con enorme facilidade, dese\u00f1ado para tocar con gaitas en Si natural, ou sexa, coa t\u00f3nica da frauta en Fa#. Fac\u00e9mola en madeira de buxo (tinguido ou natural e acabdo con aceite) e fornecida con anelas de bronce. Entr\u00e9gase con funda de tela como se pode ver nas fotograf\u00edas.<\/p>","protected":false},"excerpt":{"rendered":"<p>A r\u00e9plica da requinta de Vea, do obradoiro de Riob\u00f3. Un instrumento de son potente e moi limpo, que sube por riba do cuarto grao agudo con enorme facilidade, dese\u00f1ado para tocar con gaitas en Si natural, ou sexa, coa t\u00f3nica da frauta en Fa#. Fac\u00e9mola en madeira de buxo (tinguido ou natural e acabdo [&hellip;]<\/p>\n","protected":false},"featured_media":2737,"comment_status":"open","ping_status":"closed","template":"","meta":{"give_campaign_id":0,"_joinchat":[]},"product_brand":[],"product_cat":[36],"product_tag":[],"class_list":{"0":"post-2736","1":"product","2":"type-product","3":"status-publish","4":"has-post-thumbnail","6":"product_cat-frautas-pinfanos-e-requintas","8":"first","9":"instock","10":"taxable","11":"shipping-taxable","12":"purchasable","13":"product-type-simple"},"yoast_head":"<!-- This site is optimized with the Yoast SEO plugin v27.2 - https:\/\/yoast.com\/product\/yoast-seo-wordpress\/ -->\n<title>Requinta de Vea - Pablo Carpintero<\/title>\n<meta name=\"robots\" content=\"index, follow, max-snippet:-1, max-image-preview:large, max-video-preview:-1\" \/>\n<link rel=\"canonical\" href=\"https:\/\/pablocarpintero.es\/es\/producto\/requinta-de-vea\/\" \/>\n<meta property=\"og:locale\" content=\"es_ES\" \/>\n<meta property=\"og:type\" content=\"article\" \/>\n<meta property=\"og:title\" content=\"Requinta de Vea - Pablo Carpintero\" \/>\n<meta property=\"og:description\" content=\"A r\u00e9plica da requinta de Vea, do obradoiro de Riob\u00f3. Un instrumento de son potente e moi limpo, que sube por riba do cuarto grao agudo con enorme facilidade, dese\u00f1ado para tocar con gaitas en Si natural, ou sexa, coa t\u00f3nica da frauta en Fa#. Fac\u00e9mola en madeira de buxo (tinguido ou natural e acabdo [&hellip;]\" \/>\n<meta property=\"og:url\" content=\"https:\/\/pablocarpintero.es\/es\/producto\/requinta-de-vea\/\" \/>\n<meta property=\"og:site_name\" content=\"Pablo Carpintero\" \/>\n<meta property=\"og:image\" content=\"https:\/\/pablocarpintero.es\/wp-content\/uploads\/2026\/04\/Requinta-frauta-Pablo-carpintero-6.jpg\" \/>\n\t<meta property=\"og:image:width\" content=\"1938\" \/>\n\t<meta property=\"og:image:height\" content=\"872\" \/>\n\t<meta property=\"og:image:type\" content=\"image\/jpeg\" \/>\n<meta name=\"twitter:card\" content=\"summary_large_image\" \/>\n<meta name=\"twitter:label1\" content=\"Tiempo de lectura\" \/>\n\t<meta name=\"twitter:data1\" content=\"1 minuto\" \/>\n<script type=\"application\/ld+json\" class=\"yoast-schema-graph\">{\"@context\":\"https:\/\/schema.org\",\"@graph\":[{\"@type\":\"WebPage\",\"@id\":\"https:\/\/pablocarpintero.es\/producto\/requinta-de-vea\/\",\"url\":\"https:\/\/pablocarpintero.es\/producto\/requinta-de-vea\/\",\"name\":\"Requinta de Vea - Pablo Carpintero\",\"isPartOf\":{\"@id\":\"https:\/\/pablocarpintero.es\/#website\"},\"primaryImageOfPage\":{\"@id\":\"https:\/\/pablocarpintero.es\/producto\/requinta-de-vea\/#primaryimage\"},\"image\":{\"@id\":\"https:\/\/pablocarpintero.es\/producto\/requinta-de-vea\/#primaryimage\"},\"thumbnailUrl\":\"https:\/\/pablocarpintero.es\/wp-content\/uploads\/2026\/04\/Requinta-frauta-Pablo-carpintero-6.jpg\",\"datePublished\":\"2026-04-05T06:57:01+00:00\",\"breadcrumb\":{\"@id\":\"https:\/\/pablocarpintero.es\/producto\/requinta-de-vea\/#breadcrumb\"},\"inLanguage\":\"es\",\"potentialAction\":[{\"@type\":\"ReadAction\",\"target\":[\"https:\/\/pablocarpintero.es\/producto\/requinta-de-vea\/\"]}]},{\"@type\":\"ImageObject\",\"inLanguage\":\"es\",\"@id\":\"https:\/\/pablocarpintero.es\/producto\/requinta-de-vea\/#primaryimage\",\"url\":\"https:\/\/pablocarpintero.es\/wp-content\/uploads\/2026\/04\/Requinta-frauta-Pablo-carpintero-6.jpg\",\"contentUrl\":\"https:\/\/pablocarpintero.es\/wp-content\/uploads\/2026\/04\/Requinta-frauta-Pablo-carpintero-6.jpg\",\"width\":1938,\"height\":872},{\"@type\":\"BreadcrumbList\",\"@id\":\"https:\/\/pablocarpintero.es\/producto\/requinta-de-vea\/#breadcrumb\",\"itemListElement\":[{\"@type\":\"ListItem\",\"position\":1,\"name\":\"Portada\",\"item\":\"https:\/\/pablocarpintero.es\/inicio\/\"},{\"@type\":\"ListItem\",\"position\":2,\"name\":\"Tienda\",\"item\":\"https:\/\/pablocarpintero.es\/tienda\/\"},{\"@type\":\"ListItem\",\"position\":3,\"name\":\"Requinta de Vea\"}]},{\"@type\":\"WebSite\",\"@id\":\"https:\/\/pablocarpintero.es\/#website\",\"url\":\"https:\/\/pablocarpintero.es\/\",\"name\":\"Pablo Carpintero\",\"description\":\"Otro sitio realizado con WordPress\",\"potentialAction\":[{\"@type\":\"SearchAction\",\"target\":{\"@type\":\"EntryPoint\",\"urlTemplate\":\"https:\/\/pablocarpintero.es\/?s={search_term_string}\"},\"query-input\":{\"@type\":\"PropertyValueSpecification\",\"valueRequired\":true,\"valueName\":\"search_term_string\"}}],\"inLanguage\":\"es\"}]}<\/script>\n<!-- \/ Yoast SEO plugin. -->","yoast_head_json":{"title":"Requinta de Vea - Pablo Carpintero","robots":{"index":"index","follow":"follow","max-snippet":"max-snippet:-1","max-image-preview":"max-image-preview:large","max-video-preview":"max-video-preview:-1"},"canonical":"https:\/\/pablocarpintero.es\/es\/producto\/requinta-de-vea\/","og_locale":"es_ES","og_type":"article","og_title":"Requinta de Vea - Pablo Carpintero","og_description":"A r\u00e9plica da requinta de Vea, do obradoiro de Riob\u00f3. Un instrumento de son potente e moi limpo, que sube por riba do cuarto grao agudo con enorme facilidade, dese\u00f1ado para tocar con gaitas en Si natural, ou sexa, coa t\u00f3nica da frauta en Fa#. Fac\u00e9mola en madeira de buxo (tinguido ou natural e acabdo [&hellip;]","og_url":"https:\/\/pablocarpintero.es\/es\/producto\/requinta-de-vea\/","og_site_name":"Pablo Carpintero","og_image":[{"width":1938,"height":872,"url":"https:\/\/pablocarpintero.es\/wp-content\/uploads\/2026\/04\/Requinta-frauta-Pablo-carpintero-6.jpg","type":"image\/jpeg"}],"twitter_card":"summary_large_image","twitter_misc":{"Tiempo de lectura":"1 minuto"},"schema":{"@context":"https:\/\/schema.org","@graph":[{"@type":"WebPage","@id":"https:\/\/pablocarpintero.es\/producto\/requinta-de-vea\/","url":"https:\/\/pablocarpintero.es\/producto\/requinta-de-vea\/","name":"Requinta de Vea - Pablo Carpintero","isPartOf":{"@id":"https:\/\/pablocarpintero.es\/#website"},"primaryImageOfPage":{"@id":"https:\/\/pablocarpintero.es\/producto\/requinta-de-vea\/#primaryimage"},"image":{"@id":"https:\/\/pablocarpintero.es\/producto\/requinta-de-vea\/#primaryimage"},"thumbnailUrl":"https:\/\/pablocarpintero.es\/wp-content\/uploads\/2026\/04\/Requinta-frauta-Pablo-carpintero-6.jpg","datePublished":"2026-04-05T06:57:01+00:00","breadcrumb":{"@id":"https:\/\/pablocarpintero.es\/producto\/requinta-de-vea\/#breadcrumb"},"inLanguage":"es","potentialAction":[{"@type":"ReadAction","target":["https:\/\/pablocarpintero.es\/producto\/requinta-de-vea\/"]}]},{"@type":"ImageObject","inLanguage":"es","@id":"https:\/\/pablocarpintero.es\/producto\/requinta-de-vea\/#primaryimage","url":"https:\/\/pablocarpintero.es\/wp-content\/uploads\/2026\/04\/Requinta-frauta-Pablo-carpintero-6.jpg","contentUrl":"https:\/\/pablocarpintero.es\/wp-content\/uploads\/2026\/04\/Requinta-frauta-Pablo-carpintero-6.jpg","width":1938,"height":872},{"@type":"BreadcrumbList","@id":"https:\/\/pablocarpintero.es\/producto\/requinta-de-vea\/#breadcrumb","itemListElement":[{"@type":"ListItem","position":1,"name":"Portada","item":"https:\/\/pablocarpintero.es\/inicio\/"},{"@type":"ListItem","position":2,"name":"Tienda","item":"https:\/\/pablocarpintero.es\/tienda\/"},{"@type":"ListItem","position":3,"name":"Requinta de Vea"}]},{"@type":"WebSite","@id":"https:\/\/pablocarpintero.es\/#website","url":"https:\/\/pablocarpintero.es\/","name":"Pablo Carpintero","description":"Otro sitio realizado con WordPress","potentialAction":[{"@type":"SearchAction","target":{"@type":"EntryPoint","urlTemplate":"https:\/\/pablocarpintero.es\/?s={search_term_string}"},"query-input":{"@type":"PropertyValueSpecification","valueRequired":true,"valueName":"search_term_string"}}],"inLanguage":"es"}]}},"_links":{"self":[{"href":"https:\/\/pablocarpintero.es\/es\/wp-json\/wp\/v2\/product\/2736","targetHints":{"allow":["GET"]}}],"collection":[{"href":"https:\/\/pablocarpintero.es\/es\/wp-json\/wp\/v2\/product"}],"about":[{"href":"https:\/\/pablocarpintero.es\/es\/wp-json\/wp\/v2\/types\/product"}],"replies":[{"embeddable":true,"href":"https:\/\/pablocarpintero.es\/es\/wp-json\/wp\/v2\/comments?post=2736"}],"wp:featuredmedia":[{"embeddable":true,"href":"https:\/\/pablocarpintero.es\/es\/wp-json\/wp\/v2\/media\/2737"}],"wp:attachment":[{"href":"https:\/\/pablocarpintero.es\/es\/wp-json\/wp\/v2\/media?parent=2736"}],"wp:term":[{"taxonomy":"product_brand","embeddable":true,"href":"https:\/\/pablocarpintero.es\/es\/wp-json\/wp\/v2\/product_brand?post=2736"},{"taxonomy":"product_cat","embeddable":true,"href":"https:\/\/pablocarpintero.es\/es\/wp-json\/wp\/v2\/product_cat?post=2736"},{"taxonomy":"product_tag","embeddable":true,"href":"https:\/\/pablocarpintero.es\/es\/wp-json\/wp\/v2\/product_tag?post=2736"}],"curies":[{"name":"wp","href":"https:\/\/api.w.org\/{rel}","templated":true}]}}