{"id":2741,"date":"2026-04-05T07:05:38","date_gmt":"2026-04-05T07:05:38","guid":{"rendered":"https:\/\/pablocarpintero.es\/?post_type=product&#038;p=2741"},"modified":"2026-04-05T07:05:38","modified_gmt":"2026-04-05T07:05:38","slug":"requinta-en-sol-para-tocar-con-gaitas-en-do","status":"publish","type":"product","link":"https:\/\/pablocarpintero.es\/es\/producto\/requinta-en-sol-para-tocar-con-gaitas-en-do\/","title":{"rendered":"Requinta en Sol (para tocar con gaitas en Do)"},"content":{"rendered":"<p>Esta requinta en Sol, apropiada para tocar con gaitas en Do, foi dese\u00f1ada en base aos interiores da requinta dos Barreiros de Alb\u00edn e ten as s\u00faas mesmas caracter\u00edsticas sonoras, \u00e9 dicir, un son moi limpo, potente e con moita facilidade de emisi\u00f3n nas notas m\u00e1is agudas da escala. Toda a s\u00faa escala est\u00e1 equilibrada, ao contrario que moitas das requintas tradicionais nas que s\u00f3 a parte da escala usada coa gaita de fol aparece ben afinada. Fabric\u00e1mola en madeira de buxo natural ou envellecido, con anelas de bronce. Entr\u00e9gase cunha funda de tela como a que se pode ver nas imaxes,, onde tam\u00e9n podedes apreciar o seu tama\u00f1o en comparaci\u00f3n cunha requinta en Fa#.<\/p>","protected":false},"excerpt":{"rendered":"<p>Esta requinta en Sol, apropiada para tocar con gaitas en Do, foi dese\u00f1ada en base aos interiores da requinta dos Barreiros de Alb\u00edn e ten as s\u00faas mesmas caracter\u00edsticas sonoras, \u00e9 dicir, un son moi limpo, potente e con moita facilidade de emisi\u00f3n nas notas m\u00e1is agudas da escala. Toda a s\u00faa escala est\u00e1 equilibrada, [&hellip;]<\/p>\n","protected":false},"featured_media":2742,"comment_status":"open","ping_status":"closed","template":"","meta":{"give_campaign_id":0,"_joinchat":[]},"product_brand":[],"product_cat":[36],"product_tag":[],"class_list":{"0":"post-2741","1":"product","2":"type-product","3":"status-publish","4":"has-post-thumbnail","6":"product_cat-frautas-pinfanos-e-requintas","8":"first","9":"instock","10":"taxable","11":"shipping-taxable","12":"purchasable","13":"product-type-simple"},"yoast_head":"<!-- This site is optimized with the Yoast SEO plugin v27.2 - https:\/\/yoast.com\/product\/yoast-seo-wordpress\/ -->\n<title>Requinta en Sol (para tocar con gaitas en Do) - Pablo Carpintero<\/title>\n<meta name=\"robots\" content=\"index, follow, max-snippet:-1, max-image-preview:large, max-video-preview:-1\" \/>\n<link rel=\"canonical\" href=\"https:\/\/pablocarpintero.es\/es\/producto\/requinta-en-sol-para-tocar-con-gaitas-en-do\/\" \/>\n<meta property=\"og:locale\" content=\"es_ES\" \/>\n<meta property=\"og:type\" content=\"article\" \/>\n<meta property=\"og:title\" content=\"Requinta en Sol (para tocar con gaitas en Do) - Pablo Carpintero\" \/>\n<meta property=\"og:description\" content=\"Esta requinta en Sol, apropiada para tocar con gaitas en Do, foi dese\u00f1ada en base aos interiores da requinta dos Barreiros de Alb\u00edn e ten as s\u00faas mesmas caracter\u00edsticas sonoras, \u00e9 dicir, un son moi limpo, potente e con moita facilidade de emisi\u00f3n nas notas m\u00e1is agudas da escala. Toda a s\u00faa escala est\u00e1 equilibrada, [&hellip;]\" \/>\n<meta property=\"og:url\" content=\"https:\/\/pablocarpintero.es\/es\/producto\/requinta-en-sol-para-tocar-con-gaitas-en-do\/\" \/>\n<meta property=\"og:site_name\" content=\"Pablo Carpintero\" \/>\n<meta property=\"og:image\" content=\"https:\/\/pablocarpintero.es\/wp-content\/uploads\/2026\/04\/Requinta-frauta-Pablo-carpintero-8.jpg\" \/>\n\t<meta property=\"og:image:width\" content=\"1822\" \/>\n\t<meta property=\"og:image:height\" content=\"922\" \/>\n\t<meta property=\"og:image:type\" content=\"image\/jpeg\" \/>\n<meta name=\"twitter:card\" content=\"summary_large_image\" \/>\n<meta name=\"twitter:label1\" content=\"Tiempo de lectura\" \/>\n\t<meta name=\"twitter:data1\" content=\"1 minuto\" \/>\n<script type=\"application\/ld+json\" class=\"yoast-schema-graph\">{\"@context\":\"https:\/\/schema.org\",\"@graph\":[{\"@type\":\"WebPage\",\"@id\":\"https:\/\/pablocarpintero.es\/producto\/requinta-en-sol-para-tocar-con-gaitas-en-do\/\",\"url\":\"https:\/\/pablocarpintero.es\/producto\/requinta-en-sol-para-tocar-con-gaitas-en-do\/\",\"name\":\"Requinta en Sol (para tocar con gaitas en Do) - Pablo Carpintero\",\"isPartOf\":{\"@id\":\"https:\/\/pablocarpintero.es\/#website\"},\"primaryImageOfPage\":{\"@id\":\"https:\/\/pablocarpintero.es\/producto\/requinta-en-sol-para-tocar-con-gaitas-en-do\/#primaryimage\"},\"image\":{\"@id\":\"https:\/\/pablocarpintero.es\/producto\/requinta-en-sol-para-tocar-con-gaitas-en-do\/#primaryimage\"},\"thumbnailUrl\":\"https:\/\/pablocarpintero.es\/wp-content\/uploads\/2026\/04\/Requinta-frauta-Pablo-carpintero-8.jpg\",\"datePublished\":\"2026-04-05T07:05:38+00:00\",\"breadcrumb\":{\"@id\":\"https:\/\/pablocarpintero.es\/producto\/requinta-en-sol-para-tocar-con-gaitas-en-do\/#breadcrumb\"},\"inLanguage\":\"es\",\"potentialAction\":[{\"@type\":\"ReadAction\",\"target\":[\"https:\/\/pablocarpintero.es\/producto\/requinta-en-sol-para-tocar-con-gaitas-en-do\/\"]}]},{\"@type\":\"ImageObject\",\"inLanguage\":\"es\",\"@id\":\"https:\/\/pablocarpintero.es\/producto\/requinta-en-sol-para-tocar-con-gaitas-en-do\/#primaryimage\",\"url\":\"https:\/\/pablocarpintero.es\/wp-content\/uploads\/2026\/04\/Requinta-frauta-Pablo-carpintero-8.jpg\",\"contentUrl\":\"https:\/\/pablocarpintero.es\/wp-content\/uploads\/2026\/04\/Requinta-frauta-Pablo-carpintero-8.jpg\",\"width\":1822,\"height\":922},{\"@type\":\"BreadcrumbList\",\"@id\":\"https:\/\/pablocarpintero.es\/producto\/requinta-en-sol-para-tocar-con-gaitas-en-do\/#breadcrumb\",\"itemListElement\":[{\"@type\":\"ListItem\",\"position\":1,\"name\":\"Portada\",\"item\":\"https:\/\/pablocarpintero.es\/inicio\/\"},{\"@type\":\"ListItem\",\"position\":2,\"name\":\"Tienda\",\"item\":\"https:\/\/pablocarpintero.es\/tienda\/\"},{\"@type\":\"ListItem\",\"position\":3,\"name\":\"Requinta en Sol (para tocar con gaitas en Do)\"}]},{\"@type\":\"WebSite\",\"@id\":\"https:\/\/pablocarpintero.es\/#website\",\"url\":\"https:\/\/pablocarpintero.es\/\",\"name\":\"Pablo Carpintero\",\"description\":\"Otro sitio realizado con WordPress\",\"potentialAction\":[{\"@type\":\"SearchAction\",\"target\":{\"@type\":\"EntryPoint\",\"urlTemplate\":\"https:\/\/pablocarpintero.es\/?s={search_term_string}\"},\"query-input\":{\"@type\":\"PropertyValueSpecification\",\"valueRequired\":true,\"valueName\":\"search_term_string\"}}],\"inLanguage\":\"es\"}]}<\/script>\n<!-- \/ Yoast SEO plugin. -->","yoast_head_json":{"title":"Requinta en Sol (para tocar con gaitas en Do) - Pablo Carpintero","robots":{"index":"index","follow":"follow","max-snippet":"max-snippet:-1","max-image-preview":"max-image-preview:large","max-video-preview":"max-video-preview:-1"},"canonical":"https:\/\/pablocarpintero.es\/es\/producto\/requinta-en-sol-para-tocar-con-gaitas-en-do\/","og_locale":"es_ES","og_type":"article","og_title":"Requinta en Sol (para tocar con gaitas en Do) - Pablo Carpintero","og_description":"Esta requinta en Sol, apropiada para tocar con gaitas en Do, foi dese\u00f1ada en base aos interiores da requinta dos Barreiros de Alb\u00edn e ten as s\u00faas mesmas caracter\u00edsticas sonoras, \u00e9 dicir, un son moi limpo, potente e con moita facilidade de emisi\u00f3n nas notas m\u00e1is agudas da escala. Toda a s\u00faa escala est\u00e1 equilibrada, [&hellip;]","og_url":"https:\/\/pablocarpintero.es\/es\/producto\/requinta-en-sol-para-tocar-con-gaitas-en-do\/","og_site_name":"Pablo Carpintero","og_image":[{"width":1822,"height":922,"url":"https:\/\/pablocarpintero.es\/wp-content\/uploads\/2026\/04\/Requinta-frauta-Pablo-carpintero-8.jpg","type":"image\/jpeg"}],"twitter_card":"summary_large_image","twitter_misc":{"Tiempo de lectura":"1 minuto"},"schema":{"@context":"https:\/\/schema.org","@graph":[{"@type":"WebPage","@id":"https:\/\/pablocarpintero.es\/producto\/requinta-en-sol-para-tocar-con-gaitas-en-do\/","url":"https:\/\/pablocarpintero.es\/producto\/requinta-en-sol-para-tocar-con-gaitas-en-do\/","name":"Requinta en Sol (para tocar con gaitas en Do) - Pablo Carpintero","isPartOf":{"@id":"https:\/\/pablocarpintero.es\/#website"},"primaryImageOfPage":{"@id":"https:\/\/pablocarpintero.es\/producto\/requinta-en-sol-para-tocar-con-gaitas-en-do\/#primaryimage"},"image":{"@id":"https:\/\/pablocarpintero.es\/producto\/requinta-en-sol-para-tocar-con-gaitas-en-do\/#primaryimage"},"thumbnailUrl":"https:\/\/pablocarpintero.es\/wp-content\/uploads\/2026\/04\/Requinta-frauta-Pablo-carpintero-8.jpg","datePublished":"2026-04-05T07:05:38+00:00","breadcrumb":{"@id":"https:\/\/pablocarpintero.es\/producto\/requinta-en-sol-para-tocar-con-gaitas-en-do\/#breadcrumb"},"inLanguage":"es","potentialAction":[{"@type":"ReadAction","target":["https:\/\/pablocarpintero.es\/producto\/requinta-en-sol-para-tocar-con-gaitas-en-do\/"]}]},{"@type":"ImageObject","inLanguage":"es","@id":"https:\/\/pablocarpintero.es\/producto\/requinta-en-sol-para-tocar-con-gaitas-en-do\/#primaryimage","url":"https:\/\/pablocarpintero.es\/wp-content\/uploads\/2026\/04\/Requinta-frauta-Pablo-carpintero-8.jpg","contentUrl":"https:\/\/pablocarpintero.es\/wp-content\/uploads\/2026\/04\/Requinta-frauta-Pablo-carpintero-8.jpg","width":1822,"height":922},{"@type":"BreadcrumbList","@id":"https:\/\/pablocarpintero.es\/producto\/requinta-en-sol-para-tocar-con-gaitas-en-do\/#breadcrumb","itemListElement":[{"@type":"ListItem","position":1,"name":"Portada","item":"https:\/\/pablocarpintero.es\/inicio\/"},{"@type":"ListItem","position":2,"name":"Tienda","item":"https:\/\/pablocarpintero.es\/tienda\/"},{"@type":"ListItem","position":3,"name":"Requinta en Sol (para tocar con gaitas en Do)"}]},{"@type":"WebSite","@id":"https:\/\/pablocarpintero.es\/#website","url":"https:\/\/pablocarpintero.es\/","name":"Pablo Carpintero","description":"Otro sitio realizado con WordPress","potentialAction":[{"@type":"SearchAction","target":{"@type":"EntryPoint","urlTemplate":"https:\/\/pablocarpintero.es\/?s={search_term_string}"},"query-input":{"@type":"PropertyValueSpecification","valueRequired":true,"valueName":"search_term_string"}}],"inLanguage":"es"}]}},"_links":{"self":[{"href":"https:\/\/pablocarpintero.es\/es\/wp-json\/wp\/v2\/product\/2741","targetHints":{"allow":["GET"]}}],"collection":[{"href":"https:\/\/pablocarpintero.es\/es\/wp-json\/wp\/v2\/product"}],"about":[{"href":"https:\/\/pablocarpintero.es\/es\/wp-json\/wp\/v2\/types\/product"}],"replies":[{"embeddable":true,"href":"https:\/\/pablocarpintero.es\/es\/wp-json\/wp\/v2\/comments?post=2741"}],"wp:featuredmedia":[{"embeddable":true,"href":"https:\/\/pablocarpintero.es\/es\/wp-json\/wp\/v2\/media\/2742"}],"wp:attachment":[{"href":"https:\/\/pablocarpintero.es\/es\/wp-json\/wp\/v2\/media?parent=2741"}],"wp:term":[{"taxonomy":"product_brand","embeddable":true,"href":"https:\/\/pablocarpintero.es\/es\/wp-json\/wp\/v2\/product_brand?post=2741"},{"taxonomy":"product_cat","embeddable":true,"href":"https:\/\/pablocarpintero.es\/es\/wp-json\/wp\/v2\/product_cat?post=2741"},{"taxonomy":"product_tag","embeddable":true,"href":"https:\/\/pablocarpintero.es\/es\/wp-json\/wp\/v2\/product_tag?post=2741"}],"curies":[{"name":"wp","href":"https:\/\/api.w.org\/{rel}","templated":true}]}}