{"id":2744,"date":"2026-04-05T07:13:33","date_gmt":"2026-04-05T07:13:33","guid":{"rendered":"https:\/\/pablocarpintero.es\/?post_type=product&#038;p=2744"},"modified":"2026-04-05T07:13:33","modified_gmt":"2026-04-05T07:13:33","slug":"frautin-barroco","status":"publish","type":"product","link":"https:\/\/pablocarpintero.es\/es\/producto\/frautin-barroco\/","title":{"rendered":"Flaut\u00edn barroco"},"content":{"rendered":"<p>Reproducci\u00f3n de un flaut\u00edn barroco del siglo XVIII afinado en Re con La en 415Hz. Lo fabricamos en madera de boj acabada en aceite, anillas en imitaci\u00f3n de marfil. Se entrega con funda de tela como la que se muestra en las im\u00e1genes.<\/p>","protected":false},"excerpt":{"rendered":"<p>Reproducci\u00f3n de un flaut\u00edn barroco del siglo XVIII afinado en Re con La en 415Hz. Lo fabricamos en madera de boj acabada en aceite, anillas en imitaci\u00f3n de marfil. Se entrega con funda de tela como la que se muestra en las im\u00e1genes.<\/p>","protected":false},"featured_media":2745,"comment_status":"open","ping_status":"closed","template":"","meta":{"give_campaign_id":0,"_joinchat":[]},"product_brand":[],"product_cat":[37],"product_tag":[],"class_list":{"0":"post-2744","1":"product","2":"type-product","3":"status-publish","4":"has-post-thumbnail","6":"product_cat-traversoso-barrocos","8":"first","9":"instock","10":"taxable","11":"shipping-taxable","12":"purchasable","13":"product-type-simple"},"yoast_head":"<!-- This site is optimized with the Yoast SEO plugin v27.2 - https:\/\/yoast.com\/product\/yoast-seo-wordpress\/ -->\n<title>Fraut\u00edn barroco - Pablo Carpintero<\/title>\n<meta name=\"robots\" content=\"index, follow, max-snippet:-1, max-image-preview:large, max-video-preview:-1\" \/>\n<link rel=\"canonical\" href=\"https:\/\/pablocarpintero.es\/es\/producto\/frautin-barroco\/\" \/>\n<meta property=\"og:locale\" content=\"es_ES\" \/>\n<meta property=\"og:type\" content=\"article\" \/>\n<meta property=\"og:title\" content=\"Fraut\u00edn barroco - Pablo Carpintero\" \/>\n<meta property=\"og:description\" content=\"Reproduci\u00f3n dun fraut\u00edn barroco do s\u00e9culo XVIII afinado en Re con La en 415Hz. Fabric\u00e1molo en madeira de buxo acabada en aceite, anelas en imitaci\u00f3n de marfil. Entr\u00e9gase con funda de tela como a que se amosa nas imaxes.\" \/>\n<meta property=\"og:url\" content=\"https:\/\/pablocarpintero.es\/es\/producto\/frautin-barroco\/\" \/>\n<meta property=\"og:site_name\" content=\"Pablo Carpintero\" \/>\n<meta property=\"og:image\" content=\"https:\/\/pablocarpintero.es\/wp-content\/uploads\/2026\/04\/Flautin-barroco-en-Re-Pablo-carpintero.jpg\" \/>\n\t<meta property=\"og:image:width\" content=\"1174\" \/>\n\t<meta property=\"og:image:height\" content=\"717\" \/>\n\t<meta property=\"og:image:type\" content=\"image\/jpeg\" \/>\n<meta name=\"twitter:card\" content=\"summary_large_image\" \/>\n<meta name=\"twitter:label1\" content=\"Tiempo de lectura\" \/>\n\t<meta name=\"twitter:data1\" content=\"1 minuto\" \/>\n<script type=\"application\/ld+json\" class=\"yoast-schema-graph\">{\"@context\":\"https:\/\/schema.org\",\"@graph\":[{\"@type\":\"WebPage\",\"@id\":\"https:\/\/pablocarpintero.es\/producto\/frautin-barroco\/\",\"url\":\"https:\/\/pablocarpintero.es\/producto\/frautin-barroco\/\",\"name\":\"Fraut\u00edn barroco - Pablo Carpintero\",\"isPartOf\":{\"@id\":\"https:\/\/pablocarpintero.es\/#website\"},\"primaryImageOfPage\":{\"@id\":\"https:\/\/pablocarpintero.es\/producto\/frautin-barroco\/#primaryimage\"},\"image\":{\"@id\":\"https:\/\/pablocarpintero.es\/producto\/frautin-barroco\/#primaryimage\"},\"thumbnailUrl\":\"https:\/\/pablocarpintero.es\/wp-content\/uploads\/2026\/04\/Flautin-barroco-en-Re-Pablo-carpintero.jpg\",\"datePublished\":\"2026-04-05T07:13:33+00:00\",\"breadcrumb\":{\"@id\":\"https:\/\/pablocarpintero.es\/producto\/frautin-barroco\/#breadcrumb\"},\"inLanguage\":\"es\",\"potentialAction\":[{\"@type\":\"ReadAction\",\"target\":[\"https:\/\/pablocarpintero.es\/producto\/frautin-barroco\/\"]}]},{\"@type\":\"ImageObject\",\"inLanguage\":\"es\",\"@id\":\"https:\/\/pablocarpintero.es\/producto\/frautin-barroco\/#primaryimage\",\"url\":\"https:\/\/pablocarpintero.es\/wp-content\/uploads\/2026\/04\/Flautin-barroco-en-Re-Pablo-carpintero.jpg\",\"contentUrl\":\"https:\/\/pablocarpintero.es\/wp-content\/uploads\/2026\/04\/Flautin-barroco-en-Re-Pablo-carpintero.jpg\",\"width\":1174,\"height\":717},{\"@type\":\"BreadcrumbList\",\"@id\":\"https:\/\/pablocarpintero.es\/producto\/frautin-barroco\/#breadcrumb\",\"itemListElement\":[{\"@type\":\"ListItem\",\"position\":1,\"name\":\"Portada\",\"item\":\"https:\/\/pablocarpintero.es\/inicio\/\"},{\"@type\":\"ListItem\",\"position\":2,\"name\":\"Tienda\",\"item\":\"https:\/\/pablocarpintero.es\/tienda\/\"},{\"@type\":\"ListItem\",\"position\":3,\"name\":\"Fraut\u00edn barroco\"}]},{\"@type\":\"WebSite\",\"@id\":\"https:\/\/pablocarpintero.es\/#website\",\"url\":\"https:\/\/pablocarpintero.es\/\",\"name\":\"Pablo Carpintero\",\"description\":\"Otro sitio realizado con WordPress\",\"potentialAction\":[{\"@type\":\"SearchAction\",\"target\":{\"@type\":\"EntryPoint\",\"urlTemplate\":\"https:\/\/pablocarpintero.es\/?s={search_term_string}\"},\"query-input\":{\"@type\":\"PropertyValueSpecification\",\"valueRequired\":true,\"valueName\":\"search_term_string\"}}],\"inLanguage\":\"es\"}]}<\/script>\n<!-- \/ Yoast SEO plugin. -->","yoast_head_json":{"title":"Fraut\u00edn barroco - Pablo Carpintero","robots":{"index":"index","follow":"follow","max-snippet":"max-snippet:-1","max-image-preview":"max-image-preview:large","max-video-preview":"max-video-preview:-1"},"canonical":"https:\/\/pablocarpintero.es\/es\/producto\/frautin-barroco\/","og_locale":"es_ES","og_type":"article","og_title":"Fraut\u00edn barroco - Pablo Carpintero","og_description":"Reproduci\u00f3n dun fraut\u00edn barroco do s\u00e9culo XVIII afinado en Re con La en 415Hz. Fabric\u00e1molo en madeira de buxo acabada en aceite, anelas en imitaci\u00f3n de marfil. Entr\u00e9gase con funda de tela como a que se amosa nas imaxes.","og_url":"https:\/\/pablocarpintero.es\/es\/producto\/frautin-barroco\/","og_site_name":"Pablo Carpintero","og_image":[{"width":1174,"height":717,"url":"https:\/\/pablocarpintero.es\/wp-content\/uploads\/2026\/04\/Flautin-barroco-en-Re-Pablo-carpintero.jpg","type":"image\/jpeg"}],"twitter_card":"summary_large_image","twitter_misc":{"Tiempo de lectura":"1 minuto"},"schema":{"@context":"https:\/\/schema.org","@graph":[{"@type":"WebPage","@id":"https:\/\/pablocarpintero.es\/producto\/frautin-barroco\/","url":"https:\/\/pablocarpintero.es\/producto\/frautin-barroco\/","name":"Fraut\u00edn barroco - Pablo Carpintero","isPartOf":{"@id":"https:\/\/pablocarpintero.es\/#website"},"primaryImageOfPage":{"@id":"https:\/\/pablocarpintero.es\/producto\/frautin-barroco\/#primaryimage"},"image":{"@id":"https:\/\/pablocarpintero.es\/producto\/frautin-barroco\/#primaryimage"},"thumbnailUrl":"https:\/\/pablocarpintero.es\/wp-content\/uploads\/2026\/04\/Flautin-barroco-en-Re-Pablo-carpintero.jpg","datePublished":"2026-04-05T07:13:33+00:00","breadcrumb":{"@id":"https:\/\/pablocarpintero.es\/producto\/frautin-barroco\/#breadcrumb"},"inLanguage":"es","potentialAction":[{"@type":"ReadAction","target":["https:\/\/pablocarpintero.es\/producto\/frautin-barroco\/"]}]},{"@type":"ImageObject","inLanguage":"es","@id":"https:\/\/pablocarpintero.es\/producto\/frautin-barroco\/#primaryimage","url":"https:\/\/pablocarpintero.es\/wp-content\/uploads\/2026\/04\/Flautin-barroco-en-Re-Pablo-carpintero.jpg","contentUrl":"https:\/\/pablocarpintero.es\/wp-content\/uploads\/2026\/04\/Flautin-barroco-en-Re-Pablo-carpintero.jpg","width":1174,"height":717},{"@type":"BreadcrumbList","@id":"https:\/\/pablocarpintero.es\/producto\/frautin-barroco\/#breadcrumb","itemListElement":[{"@type":"ListItem","position":1,"name":"Portada","item":"https:\/\/pablocarpintero.es\/inicio\/"},{"@type":"ListItem","position":2,"name":"Tienda","item":"https:\/\/pablocarpintero.es\/tienda\/"},{"@type":"ListItem","position":3,"name":"Fraut\u00edn barroco"}]},{"@type":"WebSite","@id":"https:\/\/pablocarpintero.es\/#website","url":"https:\/\/pablocarpintero.es\/","name":"Pablo Carpintero","description":"Otro sitio realizado con WordPress","potentialAction":[{"@type":"SearchAction","target":{"@type":"EntryPoint","urlTemplate":"https:\/\/pablocarpintero.es\/?s={search_term_string}"},"query-input":{"@type":"PropertyValueSpecification","valueRequired":true,"valueName":"search_term_string"}}],"inLanguage":"es"}]}},"_links":{"self":[{"href":"https:\/\/pablocarpintero.es\/es\/wp-json\/wp\/v2\/product\/2744","targetHints":{"allow":["GET"]}}],"collection":[{"href":"https:\/\/pablocarpintero.es\/es\/wp-json\/wp\/v2\/product"}],"about":[{"href":"https:\/\/pablocarpintero.es\/es\/wp-json\/wp\/v2\/types\/product"}],"replies":[{"embeddable":true,"href":"https:\/\/pablocarpintero.es\/es\/wp-json\/wp\/v2\/comments?post=2744"}],"wp:featuredmedia":[{"embeddable":true,"href":"https:\/\/pablocarpintero.es\/es\/wp-json\/wp\/v2\/media\/2745"}],"wp:attachment":[{"href":"https:\/\/pablocarpintero.es\/es\/wp-json\/wp\/v2\/media?parent=2744"}],"wp:term":[{"taxonomy":"product_brand","embeddable":true,"href":"https:\/\/pablocarpintero.es\/es\/wp-json\/wp\/v2\/product_brand?post=2744"},{"taxonomy":"product_cat","embeddable":true,"href":"https:\/\/pablocarpintero.es\/es\/wp-json\/wp\/v2\/product_cat?post=2744"},{"taxonomy":"product_tag","embeddable":true,"href":"https:\/\/pablocarpintero.es\/es\/wp-json\/wp\/v2\/product_tag?post=2744"}],"curies":[{"name":"wp","href":"https:\/\/api.w.org\/{rel}","templated":true}]}}