{"id":376,"date":"2021-10-16T13:32:41","date_gmt":"2021-10-16T13:32:41","guid":{"rendered":"https:\/\/pablocarpintero.es\/?post_type=product&#038;p=376"},"modified":"2021-11-03T17:51:53","modified_gmt":"2021-11-03T17:51:53","slug":"gaita-do-rilo-de-betanzos","status":"publish","type":"product","link":"https:\/\/pablocarpintero.es\/es\/producto\/gaita-do-rilo-de-betanzos\/","title":{"rendered":"Gaita del Rilo de Betanzos"},"content":{"rendered":"<p class=\"p1\">Manuel Rilo Pardo apodado \u201cO Vello Rilo\u201d o \"O Rilo de Betanzos\" naci\u00f3 en la parroquia de San Nicolao de Cis en 1829 y muri\u00f3 en la de San Tom\u00e9 de Salto en 1907. Fue uno de los m\u00e1s famosos gaiteros gallegos del siglo XIX. Su familia conserv\u00f3 como un tesoro sus gaitas. Gracias a Neli y Xos\u00e9 Manuel Rilo, sus tataranietos, pudimos tener acceso este hermoso instrumento. Hicimos dos r\u00e9plicas de \u00e9l, una sin ronquillo, tal cual se conserva la original, y otra con \u00e9l, como aparece en algunas fotograf\u00edas antes de que, por lo visto, alguien se lo robase para fastidiarlo en un concurso. Ya hab\u00edamos observado que los buenos gaiteros tocaron siempre gaitas excelentes, pero la verdad no esper\u00e1bamos hallar una gaita de este nivel, creo que es una de las mejores que hemos tocado nunca. El ronc\u00f3n tiene una potencia que pocas veces escuch\u00e9 y el puntero es muy \u00e1gil, nervioso como dice nuestro amigo Alexandre Cadarso \u201cCano\u201d, y tiene un sonido potente donde los haya, adem\u00e1s requintea muy bien. Usa pajuelas fabricadas de la forma antigua de la zona central gallega, cortas y triangulares y usando la parte exterior y dura de la ca\u00f1a. Su escala es un modo de Sol, o sea tiene el s\u00e9ptimo grado rebajado y sub\u00f3nica; la t\u00f3nica de la escala est\u00e1 muy cerca del Do#. En este v\u00eddeo pod\u00e9is escuchar una melod\u00eda recogida en Betanzos que aparece en el cancionero de Casto Sampedro con el n\u00famero 397 en la secci\u00f3n de danzas de arquillos, cintas y palos.<\/p>\n<p class=\"p1\">En este video pod\u00e9is escuchar un baile de arquitos recogido en Betanzos que aparece en el cancionero de Casto Sampedro con el n\u00famero 397 en la secci\u00f3n de bailes de arquitos, cintas y palos.<\/p>\n<p>&nbsp;<\/p>\n<div  class='avia-video av-t3eb4-f1f49e2118e2e4f0e06e567476bfcedc avia-video-16-9 av-no-preview-image avia-video-load-always av-lazyload-immediate av-lazyload-video-embed'  itemprop=\"video\" itemtype=\"https:\/\/schema.org\/VideoObject\"  data-original_url='https:\/\/www.youtube.com\/watch?v=S8_AGsKIZ3M'><script type='text\/html' class='av-video-tmpl'><div class='avia-iframe-wrap'><iframe loading=\"lazy\" title=\"R\u00e9plica da gaita do Rilo de Betanzos - Danza de arqui\u00f1os de Betanzos (Casto sampedro n\u00ba 397)\" width=\"1500\" height=\"844\" src=\"https:\/\/www.youtube.com\/embed\/S8_AGsKIZ3M?feature=oembed&autoplay=0&loop=0&controls=1&mute=0\" frameborder=\"0\" allow=\"accelerometer; autoplay; clipboard-write; encrypted-media; gyroscope; picture-in-picture\" allowfullscreen><\/iframe><\/div><\/script><div class='av-click-to-play-overlay'><div class=\"avia_playpause_icon\"><\/div><\/div><\/div>\n<p>&nbsp;<\/p>\n<p>Aqu\u00ed gravamos a danza de paus de Betanzos, o n\u00ba 398 do Cancioneiro de Casto Sampedro.<\/p>\n<p>&nbsp;<\/p>\n<div  class='avia-video av-mz9xc-f4dab199feaffaeb3e528cae0c7a830f avia-video-16-9 av-no-preview-image avia-video-load-always av-lazyload-immediate av-lazyload-video-embed'  itemprop=\"video\" itemtype=\"https:\/\/schema.org\/VideoObject\"  data-original_url='https:\/\/www.youtube.com\/watch?v=kgmi2vW5su8'><script type='text\/html' class='av-video-tmpl'><div class='avia-iframe-wrap'><iframe loading=\"lazy\" title=\"R\u00e9plica da gaita do Rilo de Betanzos - Danza de paus de Betanzos (Casto Sampedro n\u00ba 398)\" width=\"1500\" height=\"844\" src=\"https:\/\/www.youtube.com\/embed\/kgmi2vW5su8?feature=oembed&autoplay=0&loop=0&controls=1&mute=0\" frameborder=\"0\" allow=\"accelerometer; autoplay; clipboard-write; encrypted-media; gyroscope; picture-in-picture\" allowfullscreen><\/iframe><\/div><\/script><div class='av-click-to-play-overlay'><div class=\"avia_playpause_icon\"><\/div><\/div><\/div>\n<p>&nbsp;<\/p>\n<p>Esta mui\u00f1eira, dita de Piadela, din que \u00e9 unha das que o Vello Rilo tocaba.<\/p>\n<p>&nbsp;<\/p>\n<div  class='avia-video av-fre7s-aa18ca4c30498397e7c9485a813a1055 avia-video-16-9 av-no-preview-image avia-video-load-always av-lazyload-immediate av-lazyload-video-embed'  itemprop=\"video\" itemtype=\"https:\/\/schema.org\/VideoObject\"  data-original_url='https:\/\/www.youtube.com\/watch?v=a2j1UFAQqig'><script type='text\/html' class='av-video-tmpl'><div class='avia-iframe-wrap'><iframe loading=\"lazy\" title=\"R\u00e9plica da gaita do Rilo de Betanzos\" width=\"1500\" height=\"844\" src=\"https:\/\/www.youtube.com\/embed\/a2j1UFAQqig?feature=oembed&autoplay=0&loop=0&controls=1&mute=0\" frameborder=\"0\" allow=\"accelerometer; autoplay; clipboard-write; encrypted-media; gyroscope; picture-in-picture\" allowfullscreen><\/iframe><\/div><\/script><div class='av-click-to-play-overlay'><div class=\"avia_playpause_icon\"><\/div><\/div><\/div>\n<p>&nbsp;<\/p>\n<p>Por fin, unha mui\u00f1eira do Poso de Navia de Suarna, para que vexades como requintea este punteiro, pois o requinteo \u00e9 un recurso que chegou vivo ata n\u00f3s nas comarcas de Arz\u00faa e Terra de Melide, moi pr\u00f3ximas \u00e1 de Betanzos.<\/p>\n<p>&nbsp;<\/p>\n<div  class='avia-video av-a7t14-72506b091474410def3561d5bd7c23cf avia-video-16-9 av-no-preview-image avia-video-load-always av-lazyload-immediate av-lazyload-video-embed'  itemprop=\"video\" itemtype=\"https:\/\/schema.org\/VideoObject\"  data-original_url='https:\/\/www.youtube.com\/watch?v=JSgeKQScea0'><script type='text\/html' class='av-video-tmpl'><div class='avia-iframe-wrap'><iframe loading=\"lazy\" title=\"R\u00e9plica da gaita do Rilo de Betanzos- Mui\u00f1eira do Poso\" width=\"1500\" height=\"844\" src=\"https:\/\/www.youtube.com\/embed\/JSgeKQScea0?feature=oembed&autoplay=0&loop=0&controls=1&mute=0\" frameborder=\"0\" allow=\"accelerometer; autoplay; clipboard-write; encrypted-media; gyroscope; picture-in-picture\" allowfullscreen><\/iframe><\/div><\/script><div class='av-click-to-play-overlay'><div class=\"avia_playpause_icon\"><\/div><\/div><\/div>\n<p>&nbsp;<\/p>\n<p class=\"p1\"><strong>Compra por encargo<\/strong><\/p>\n<p class=\"p1\">Debido a las caracter\u00edsticas de las gaitas de fuelle antiguas, estas no tienen un precio fijo asignado, que depender\u00e1 del tipo de madera y de otras caracter\u00edsticas est\u00e9ticas que puedes escoger como anillados en diferentes materiales, flecos o ribeteados de los vestidos. Todas las r\u00e9plicas de gaitas de fuelle tienen una demora que depende de nuestra lista de espera. Consulta con nosotros para saber m\u00e1s.<\/p>\n<div  class='avia-button-wrap av-7w2e1-2cfff7366207172118f91cc6d7012c90-wrap avia-button-center  avia-builder-el-4  el_after_av_video  avia-builder-el-last'><a href='https:\/\/pablocarpintero.es\/es\/contactar\/'  class='avia-button av-7w2e1-2cfff7366207172118f91cc6d7012c90 avia-icon_select-yes-left-icon avia-size-small avia-position-center avia-color-theme-color'  ><span class='avia_button_icon avia_button_icon_left' aria-hidden='true' data-av_icon='\ue81f' data-av_iconfont='entypo-fontello'><\/span><span class='avia_iconbox_title' >Solicita informaci\u00f3n de precios<\/span><\/a><\/div>","protected":false},"excerpt":{"rendered":"<p>Manuel Rilo Pardo alcumado \u201cO Vello Rilo\u201d ou &#8220;O Rilo de Betanzos&#8221; entre outros, naceu na parroquia de San Nicolao de Cis en 1829 e morreu na de Santo Tom\u00e9 de Salto en 1907. Foi un dos m\u00e1is famosos gaiteiros do s\u00e9culo XIX. A s\u00faa familia conservou dende a s\u00faa morte, coma un tesouro, a [&hellip;]<\/p>\n","protected":false},"featured_media":699,"comment_status":"open","ping_status":"closed","template":"","meta":{"give_campaign_id":0,"_joinchat":[]},"product_brand":[],"product_cat":[20,18,21,24],"product_tag":[],"class_list":{"0":"post-376","1":"product","2":"type-product","3":"status-publish","4":"has-post-thumbnail","6":"product_cat-gaitas-de-fol","7":"product_cat-instrumentos-musicales","8":"product_cat-replicas-de-gaitas-de-fol-antigas","9":"product_cat-replicas-de-gaitas-galegas","11":"first","12":"instock","13":"taxable","14":"shipping-taxable","15":"product-type-simple"},"yoast_head":"<!-- This site is optimized with the Yoast SEO plugin v27.2 - https:\/\/yoast.com\/product\/yoast-seo-wordpress\/ -->\n<title>Gaita do Rilo de Betanzos - Pablo Carpintero<\/title>\n<meta name=\"robots\" content=\"index, follow, max-snippet:-1, max-image-preview:large, max-video-preview:-1\" \/>\n<link rel=\"canonical\" href=\"https:\/\/pablocarpintero.es\/es\/producto\/gaita-do-rilo-de-betanzos\/\" \/>\n<meta property=\"og:locale\" content=\"es_ES\" \/>\n<meta property=\"og:type\" content=\"article\" \/>\n<meta property=\"og:title\" content=\"Gaita do Rilo de Betanzos - Pablo Carpintero\" \/>\n<meta property=\"og:description\" content=\"Manuel Rilo Pardo alcumado \u201cO Vello Rilo\u201d ou &#8220;O Rilo de Betanzos&#8221; entre outros, naceu na parroquia de San Nicolao de Cis en 1829 e morreu na de Santo Tom\u00e9 de Salto en 1907. Foi un dos m\u00e1is famosos gaiteiros do s\u00e9culo XIX. A s\u00faa familia conservou dende a s\u00faa morte, coma un tesouro, a [&hellip;]\" \/>\n<meta property=\"og:url\" content=\"https:\/\/pablocarpintero.es\/es\/producto\/gaita-do-rilo-de-betanzos\/\" \/>\n<meta property=\"og:site_name\" content=\"Pablo Carpintero\" \/>\n<meta property=\"article:modified_time\" content=\"2021-11-03T17:51:53+00:00\" \/>\n<meta property=\"og:image\" content=\"https:\/\/pablocarpintero.es\/wp-content\/uploads\/2021\/10\/Gaita-do-Rilo-de-Betanzos-Pablo-carpintero-2.jpg\" \/>\n\t<meta property=\"og:image:width\" content=\"2005\" \/>\n\t<meta property=\"og:image:height\" content=\"1339\" \/>\n\t<meta property=\"og:image:type\" content=\"image\/jpeg\" \/>\n<meta name=\"twitter:card\" content=\"summary_large_image\" \/>\n<meta name=\"twitter:label1\" content=\"Tiempo de lectura\" \/>\n\t<meta name=\"twitter:data1\" content=\"4 minutos\" \/>\n<script type=\"application\/ld+json\" class=\"yoast-schema-graph\">{\"@context\":\"https:\/\/schema.org\",\"@graph\":[{\"@type\":\"WebPage\",\"@id\":\"https:\/\/pablocarpintero.es\/producto\/gaita-do-rilo-de-betanzos\/\",\"url\":\"https:\/\/pablocarpintero.es\/producto\/gaita-do-rilo-de-betanzos\/\",\"name\":\"Gaita do Rilo de Betanzos - Pablo Carpintero\",\"isPartOf\":{\"@id\":\"https:\/\/pablocarpintero.es\/#website\"},\"primaryImageOfPage\":{\"@id\":\"https:\/\/pablocarpintero.es\/producto\/gaita-do-rilo-de-betanzos\/#primaryimage\"},\"image\":{\"@id\":\"https:\/\/pablocarpintero.es\/producto\/gaita-do-rilo-de-betanzos\/#primaryimage\"},\"thumbnailUrl\":\"https:\/\/pablocarpintero.es\/wp-content\/uploads\/2021\/10\/Gaita-do-Rilo-de-Betanzos-Pablo-carpintero-2.jpg\",\"datePublished\":\"2021-10-16T13:32:41+00:00\",\"dateModified\":\"2021-11-03T17:51:53+00:00\",\"breadcrumb\":{\"@id\":\"https:\/\/pablocarpintero.es\/producto\/gaita-do-rilo-de-betanzos\/#breadcrumb\"},\"inLanguage\":\"es\",\"potentialAction\":[{\"@type\":\"ReadAction\",\"target\":[\"https:\/\/pablocarpintero.es\/producto\/gaita-do-rilo-de-betanzos\/\"]}]},{\"@type\":\"ImageObject\",\"inLanguage\":\"es\",\"@id\":\"https:\/\/pablocarpintero.es\/producto\/gaita-do-rilo-de-betanzos\/#primaryimage\",\"url\":\"https:\/\/pablocarpintero.es\/wp-content\/uploads\/2021\/10\/Gaita-do-Rilo-de-Betanzos-Pablo-carpintero-2.jpg\",\"contentUrl\":\"https:\/\/pablocarpintero.es\/wp-content\/uploads\/2021\/10\/Gaita-do-Rilo-de-Betanzos-Pablo-carpintero-2.jpg\",\"width\":2005,\"height\":1339},{\"@type\":\"BreadcrumbList\",\"@id\":\"https:\/\/pablocarpintero.es\/producto\/gaita-do-rilo-de-betanzos\/#breadcrumb\",\"itemListElement\":[{\"@type\":\"ListItem\",\"position\":1,\"name\":\"Portada\",\"item\":\"https:\/\/pablocarpintero.es\/inicio\/\"},{\"@type\":\"ListItem\",\"position\":2,\"name\":\"Tienda\",\"item\":\"https:\/\/pablocarpintero.es\/tienda\/\"},{\"@type\":\"ListItem\",\"position\":3,\"name\":\"Gaita do Rilo de Betanzos\"}]},{\"@type\":\"WebSite\",\"@id\":\"https:\/\/pablocarpintero.es\/#website\",\"url\":\"https:\/\/pablocarpintero.es\/\",\"name\":\"Pablo Carpintero\",\"description\":\"Otro sitio realizado con WordPress\",\"potentialAction\":[{\"@type\":\"SearchAction\",\"target\":{\"@type\":\"EntryPoint\",\"urlTemplate\":\"https:\/\/pablocarpintero.es\/?s={search_term_string}\"},\"query-input\":{\"@type\":\"PropertyValueSpecification\",\"valueRequired\":true,\"valueName\":\"search_term_string\"}}],\"inLanguage\":\"es\"}]}<\/script>\n<!-- \/ Yoast SEO plugin. -->","yoast_head_json":{"title":"Gaita do Rilo de Betanzos - Pablo Carpintero","robots":{"index":"index","follow":"follow","max-snippet":"max-snippet:-1","max-image-preview":"max-image-preview:large","max-video-preview":"max-video-preview:-1"},"canonical":"https:\/\/pablocarpintero.es\/es\/producto\/gaita-do-rilo-de-betanzos\/","og_locale":"es_ES","og_type":"article","og_title":"Gaita do Rilo de Betanzos - Pablo Carpintero","og_description":"Manuel Rilo Pardo alcumado \u201cO Vello Rilo\u201d ou &#8220;O Rilo de Betanzos&#8221; entre outros, naceu na parroquia de San Nicolao de Cis en 1829 e morreu na de Santo Tom\u00e9 de Salto en 1907. Foi un dos m\u00e1is famosos gaiteiros do s\u00e9culo XIX. A s\u00faa familia conservou dende a s\u00faa morte, coma un tesouro, a [&hellip;]","og_url":"https:\/\/pablocarpintero.es\/es\/producto\/gaita-do-rilo-de-betanzos\/","og_site_name":"Pablo Carpintero","article_modified_time":"2021-11-03T17:51:53+00:00","og_image":[{"width":2005,"height":1339,"url":"https:\/\/pablocarpintero.es\/wp-content\/uploads\/2021\/10\/Gaita-do-Rilo-de-Betanzos-Pablo-carpintero-2.jpg","type":"image\/jpeg"}],"twitter_card":"summary_large_image","twitter_misc":{"Tiempo de lectura":"4 minutos"},"schema":{"@context":"https:\/\/schema.org","@graph":[{"@type":"WebPage","@id":"https:\/\/pablocarpintero.es\/producto\/gaita-do-rilo-de-betanzos\/","url":"https:\/\/pablocarpintero.es\/producto\/gaita-do-rilo-de-betanzos\/","name":"Gaita do Rilo de Betanzos - Pablo Carpintero","isPartOf":{"@id":"https:\/\/pablocarpintero.es\/#website"},"primaryImageOfPage":{"@id":"https:\/\/pablocarpintero.es\/producto\/gaita-do-rilo-de-betanzos\/#primaryimage"},"image":{"@id":"https:\/\/pablocarpintero.es\/producto\/gaita-do-rilo-de-betanzos\/#primaryimage"},"thumbnailUrl":"https:\/\/pablocarpintero.es\/wp-content\/uploads\/2021\/10\/Gaita-do-Rilo-de-Betanzos-Pablo-carpintero-2.jpg","datePublished":"2021-10-16T13:32:41+00:00","dateModified":"2021-11-03T17:51:53+00:00","breadcrumb":{"@id":"https:\/\/pablocarpintero.es\/producto\/gaita-do-rilo-de-betanzos\/#breadcrumb"},"inLanguage":"es","potentialAction":[{"@type":"ReadAction","target":["https:\/\/pablocarpintero.es\/producto\/gaita-do-rilo-de-betanzos\/"]}]},{"@type":"ImageObject","inLanguage":"es","@id":"https:\/\/pablocarpintero.es\/producto\/gaita-do-rilo-de-betanzos\/#primaryimage","url":"https:\/\/pablocarpintero.es\/wp-content\/uploads\/2021\/10\/Gaita-do-Rilo-de-Betanzos-Pablo-carpintero-2.jpg","contentUrl":"https:\/\/pablocarpintero.es\/wp-content\/uploads\/2021\/10\/Gaita-do-Rilo-de-Betanzos-Pablo-carpintero-2.jpg","width":2005,"height":1339},{"@type":"BreadcrumbList","@id":"https:\/\/pablocarpintero.es\/producto\/gaita-do-rilo-de-betanzos\/#breadcrumb","itemListElement":[{"@type":"ListItem","position":1,"name":"Portada","item":"https:\/\/pablocarpintero.es\/inicio\/"},{"@type":"ListItem","position":2,"name":"Tienda","item":"https:\/\/pablocarpintero.es\/tienda\/"},{"@type":"ListItem","position":3,"name":"Gaita do Rilo de Betanzos"}]},{"@type":"WebSite","@id":"https:\/\/pablocarpintero.es\/#website","url":"https:\/\/pablocarpintero.es\/","name":"Pablo Carpintero","description":"Otro sitio realizado con WordPress","potentialAction":[{"@type":"SearchAction","target":{"@type":"EntryPoint","urlTemplate":"https:\/\/pablocarpintero.es\/?s={search_term_string}"},"query-input":{"@type":"PropertyValueSpecification","valueRequired":true,"valueName":"search_term_string"}}],"inLanguage":"es"}]}},"_links":{"self":[{"href":"https:\/\/pablocarpintero.es\/es\/wp-json\/wp\/v2\/product\/376","targetHints":{"allow":["GET"]}}],"collection":[{"href":"https:\/\/pablocarpintero.es\/es\/wp-json\/wp\/v2\/product"}],"about":[{"href":"https:\/\/pablocarpintero.es\/es\/wp-json\/wp\/v2\/types\/product"}],"replies":[{"embeddable":true,"href":"https:\/\/pablocarpintero.es\/es\/wp-json\/wp\/v2\/comments?post=376"}],"wp:featuredmedia":[{"embeddable":true,"href":"https:\/\/pablocarpintero.es\/es\/wp-json\/wp\/v2\/media\/699"}],"wp:attachment":[{"href":"https:\/\/pablocarpintero.es\/es\/wp-json\/wp\/v2\/media?parent=376"}],"wp:term":[{"taxonomy":"product_brand","embeddable":true,"href":"https:\/\/pablocarpintero.es\/es\/wp-json\/wp\/v2\/product_brand?post=376"},{"taxonomy":"product_cat","embeddable":true,"href":"https:\/\/pablocarpintero.es\/es\/wp-json\/wp\/v2\/product_cat?post=376"},{"taxonomy":"product_tag","embeddable":true,"href":"https:\/\/pablocarpintero.es\/es\/wp-json\/wp\/v2\/product_tag?post=376"}],"curies":[{"name":"wp","href":"https:\/\/api.w.org\/{rel}","templated":true}]}}