{"id":377,"date":"2021-10-16T13:34:46","date_gmt":"2021-10-16T13:34:46","guid":{"rendered":"https:\/\/pablocarpintero.es\/?post_type=product&#038;p=377"},"modified":"2021-11-11T12:33:12","modified_gmt":"2021-11-11T12:33:12","slug":"gaita-tumbal-da-terra-cha","status":"publish","type":"product","link":"https:\/\/pablocarpintero.es\/es\/producto\/gaita-tumbal-da-terra-cha\/","title":{"rendered":"Gaita tumbal de A Terra Ch\u00e1"},"content":{"rendered":"<p>Junto con el Planalto Mirand\u00e9s, en la comarca de A Terra Ch\u00e1 aparecen las gaitas m\u00e1s graves de todo el noroeste, algunas de ellas tienen la t\u00f3nica cerca del La. Esta gaita es un buen ejemplo de esta tipolog\u00eda, el original pertenece a Pablo D\u00edaz y fue construida probablemente por el artesano Val de San Marti\u00f1o (A Pastoriza, Lugo). El torneado corresponde al t\u00edpico de la Terra Ch\u00e1, muy barroco y con enormes anillos. El puntero tiene una escala muy pr\u00f3xima al modo de Do, pero tiene la sensible baja y el tercer grado casi neutro, su sonido es potente y profundo. Un buen instrumento.<\/p>\n<p>&nbsp;<\/p>\n<div  class='avia-video av-80gjt-8720ed940faeb0b6655a248ef06450c5 avia-video-16-9 av-no-preview-image avia-video-load-always av-lazyload-immediate av-lazyload-video-embed'  itemprop=\"video\" itemtype=\"https:\/\/schema.org\/VideoObject\"  data-original_url='https:\/\/www.youtube.com\/watch?v=ZWR80e0RbrQ'><script type='text\/html' class='av-video-tmpl'><div class='avia-iframe-wrap'><iframe loading=\"lazy\" title=\"Xota de Vi\u00e1n (A Pastroiza) con gaita mari\u00f1\u00e1\" width=\"1500\" height=\"844\" src=\"https:\/\/www.youtube.com\/embed\/ZWR80e0RbrQ?feature=oembed&autoplay=0&loop=0&controls=1&mute=0\" frameborder=\"0\" allow=\"accelerometer; autoplay; clipboard-write; encrypted-media; gyroscope; picture-in-picture\" allowfullscreen><\/iframe><\/div><\/script><div class='av-click-to-play-overlay'><div class=\"avia_playpause_icon\"><\/div><\/div><\/div>\n<p>&nbsp;<\/p>\n<p class=\"p1\"><strong>Compra por encargo<\/strong><\/p>\n<p class=\"p1\">Debido a las caracter\u00edsticas de las gaitas de fuelle antiguas, estas no tienen un precio fijo asignado, que depender\u00e1 del tipo de madera y de otras caracter\u00edsticas est\u00e9ticas que puedes escoger como anillados en diferentes materiales, flecos o ribeteados de los vestidos. Todas las r\u00e9plicas de gaitas de fuelle tienen una demora que depende de nuestra lista de espera. Consulta con nosotros para saber m\u00e1s.<\/p>\n<div  class='avia-button-wrap av-7w2e1-2cfff7366207172118f91cc6d7012c90-wrap avia-button-center  avia-builder-el-1  el_after_av_video  avia-builder-el-last'><a href='https:\/\/pablocarpintero.es\/es\/contactar\/'  class='avia-button av-7w2e1-2cfff7366207172118f91cc6d7012c90 avia-icon_select-yes-left-icon avia-size-small avia-position-center avia-color-theme-color'  ><span class='avia_button_icon avia_button_icon_left' aria-hidden='true' data-av_icon='\ue81f' data-av_iconfont='entypo-fontello'><\/span><span class='avia_iconbox_title' >Solicita informaci\u00f3n de precios<\/span><\/a><\/div>","protected":false},"excerpt":{"rendered":"<p>Xunto co Planalto Mirand\u00e9s, na Terra Cha aparecen as gaitas tumbais m\u00e1is graves de todo o noroeste, algunhas delas te\u00f1en a t\u00f3nica preto do La. Esta gaita \u00e9 un bo exemplo desta tipolox\u00eda, a orixinal pertence a Pablo D\u00edaz e foi constru\u00edda probablemente polo artes\u00e1n Val de San Marti\u00f1o (A Pastoriza, Lugo). O torneado corresponde [&hellip;]<\/p>\n","protected":false},"featured_media":924,"comment_status":"open","ping_status":"closed","template":"","meta":{"give_campaign_id":0,"_joinchat":[]},"product_brand":[],"product_cat":[20,18,21,24],"product_tag":[],"class_list":{"0":"post-377","1":"product","2":"type-product","3":"status-publish","4":"has-post-thumbnail","6":"product_cat-gaitas-de-fol","7":"product_cat-instrumentos-musicales","8":"product_cat-replicas-de-gaitas-de-fol-antigas","9":"product_cat-replicas-de-gaitas-galegas","11":"first","12":"instock","13":"taxable","14":"shipping-taxable","15":"product-type-simple"},"yoast_head":"<!-- This site is optimized with the Yoast SEO plugin v27.2 - https:\/\/yoast.com\/product\/yoast-seo-wordpress\/ -->\n<title>Gaita tumbal da Terra Ch\u00e1 - Pablo Carpintero<\/title>\n<meta name=\"robots\" content=\"index, follow, max-snippet:-1, max-image-preview:large, max-video-preview:-1\" \/>\n<link rel=\"canonical\" href=\"https:\/\/pablocarpintero.es\/es\/producto\/gaita-tumbal-da-terra-cha\/\" \/>\n<meta property=\"og:locale\" content=\"es_ES\" \/>\n<meta property=\"og:type\" content=\"article\" \/>\n<meta property=\"og:title\" content=\"Gaita tumbal da Terra Ch\u00e1 - Pablo Carpintero\" \/>\n<meta property=\"og:description\" content=\"Xunto co Planalto Mirand\u00e9s, na Terra Cha aparecen as gaitas tumbais m\u00e1is graves de todo o noroeste, algunhas delas te\u00f1en a t\u00f3nica preto do La. Esta gaita \u00e9 un bo exemplo desta tipolox\u00eda, a orixinal pertence a Pablo D\u00edaz e foi constru\u00edda probablemente polo artes\u00e1n Val de San Marti\u00f1o (A Pastoriza, Lugo). O torneado corresponde [&hellip;]\" \/>\n<meta property=\"og:url\" content=\"https:\/\/pablocarpintero.es\/es\/producto\/gaita-tumbal-da-terra-cha\/\" \/>\n<meta property=\"og:site_name\" content=\"Pablo Carpintero\" \/>\n<meta property=\"article:modified_time\" content=\"2021-11-11T12:33:12+00:00\" \/>\n<meta property=\"og:image\" content=\"https:\/\/pablocarpintero.es\/wp-content\/uploads\/2021\/10\/DSC_5796.jpg\" \/>\n\t<meta property=\"og:image:width\" content=\"2005\" \/>\n\t<meta property=\"og:image:height\" content=\"1339\" \/>\n\t<meta property=\"og:image:type\" content=\"image\/jpeg\" \/>\n<meta name=\"twitter:card\" content=\"summary_large_image\" \/>\n<meta name=\"twitter:label1\" content=\"Tiempo de lectura\" \/>\n\t<meta name=\"twitter:data1\" content=\"2 minutos\" \/>\n<script type=\"application\/ld+json\" class=\"yoast-schema-graph\">{\"@context\":\"https:\/\/schema.org\",\"@graph\":[{\"@type\":\"WebPage\",\"@id\":\"https:\/\/pablocarpintero.es\/producto\/gaita-tumbal-da-terra-cha\/\",\"url\":\"https:\/\/pablocarpintero.es\/producto\/gaita-tumbal-da-terra-cha\/\",\"name\":\"Gaita tumbal da Terra Ch\u00e1 - Pablo Carpintero\",\"isPartOf\":{\"@id\":\"https:\/\/pablocarpintero.es\/#website\"},\"primaryImageOfPage\":{\"@id\":\"https:\/\/pablocarpintero.es\/producto\/gaita-tumbal-da-terra-cha\/#primaryimage\"},\"image\":{\"@id\":\"https:\/\/pablocarpintero.es\/producto\/gaita-tumbal-da-terra-cha\/#primaryimage\"},\"thumbnailUrl\":\"https:\/\/pablocarpintero.es\/wp-content\/uploads\/2021\/10\/DSC_5796.jpg\",\"datePublished\":\"2021-10-16T13:34:46+00:00\",\"dateModified\":\"2021-11-11T12:33:12+00:00\",\"breadcrumb\":{\"@id\":\"https:\/\/pablocarpintero.es\/producto\/gaita-tumbal-da-terra-cha\/#breadcrumb\"},\"inLanguage\":\"es\",\"potentialAction\":[{\"@type\":\"ReadAction\",\"target\":[\"https:\/\/pablocarpintero.es\/producto\/gaita-tumbal-da-terra-cha\/\"]}]},{\"@type\":\"ImageObject\",\"inLanguage\":\"es\",\"@id\":\"https:\/\/pablocarpintero.es\/producto\/gaita-tumbal-da-terra-cha\/#primaryimage\",\"url\":\"https:\/\/pablocarpintero.es\/wp-content\/uploads\/2021\/10\/DSC_5796.jpg\",\"contentUrl\":\"https:\/\/pablocarpintero.es\/wp-content\/uploads\/2021\/10\/DSC_5796.jpg\",\"width\":2005,\"height\":1339},{\"@type\":\"BreadcrumbList\",\"@id\":\"https:\/\/pablocarpintero.es\/producto\/gaita-tumbal-da-terra-cha\/#breadcrumb\",\"itemListElement\":[{\"@type\":\"ListItem\",\"position\":1,\"name\":\"Portada\",\"item\":\"https:\/\/pablocarpintero.es\/inicio\/\"},{\"@type\":\"ListItem\",\"position\":2,\"name\":\"Tienda\",\"item\":\"https:\/\/pablocarpintero.es\/tienda\/\"},{\"@type\":\"ListItem\",\"position\":3,\"name\":\"Gaita tumbal da Terra Ch\u00e1\"}]},{\"@type\":\"WebSite\",\"@id\":\"https:\/\/pablocarpintero.es\/#website\",\"url\":\"https:\/\/pablocarpintero.es\/\",\"name\":\"Pablo Carpintero\",\"description\":\"Otro sitio realizado con WordPress\",\"potentialAction\":[{\"@type\":\"SearchAction\",\"target\":{\"@type\":\"EntryPoint\",\"urlTemplate\":\"https:\/\/pablocarpintero.es\/?s={search_term_string}\"},\"query-input\":{\"@type\":\"PropertyValueSpecification\",\"valueRequired\":true,\"valueName\":\"search_term_string\"}}],\"inLanguage\":\"es\"}]}<\/script>\n<!-- \/ Yoast SEO plugin. -->","yoast_head_json":{"title":"Gaita tumbal da Terra Ch\u00e1 - Pablo Carpintero","robots":{"index":"index","follow":"follow","max-snippet":"max-snippet:-1","max-image-preview":"max-image-preview:large","max-video-preview":"max-video-preview:-1"},"canonical":"https:\/\/pablocarpintero.es\/es\/producto\/gaita-tumbal-da-terra-cha\/","og_locale":"es_ES","og_type":"article","og_title":"Gaita tumbal da Terra Ch\u00e1 - Pablo Carpintero","og_description":"Xunto co Planalto Mirand\u00e9s, na Terra Cha aparecen as gaitas tumbais m\u00e1is graves de todo o noroeste, algunhas delas te\u00f1en a t\u00f3nica preto do La. Esta gaita \u00e9 un bo exemplo desta tipolox\u00eda, a orixinal pertence a Pablo D\u00edaz e foi constru\u00edda probablemente polo artes\u00e1n Val de San Marti\u00f1o (A Pastoriza, Lugo). O torneado corresponde [&hellip;]","og_url":"https:\/\/pablocarpintero.es\/es\/producto\/gaita-tumbal-da-terra-cha\/","og_site_name":"Pablo Carpintero","article_modified_time":"2021-11-11T12:33:12+00:00","og_image":[{"width":2005,"height":1339,"url":"https:\/\/pablocarpintero.es\/wp-content\/uploads\/2021\/10\/DSC_5796.jpg","type":"image\/jpeg"}],"twitter_card":"summary_large_image","twitter_misc":{"Tiempo de lectura":"2 minutos"},"schema":{"@context":"https:\/\/schema.org","@graph":[{"@type":"WebPage","@id":"https:\/\/pablocarpintero.es\/producto\/gaita-tumbal-da-terra-cha\/","url":"https:\/\/pablocarpintero.es\/producto\/gaita-tumbal-da-terra-cha\/","name":"Gaita tumbal da Terra Ch\u00e1 - Pablo Carpintero","isPartOf":{"@id":"https:\/\/pablocarpintero.es\/#website"},"primaryImageOfPage":{"@id":"https:\/\/pablocarpintero.es\/producto\/gaita-tumbal-da-terra-cha\/#primaryimage"},"image":{"@id":"https:\/\/pablocarpintero.es\/producto\/gaita-tumbal-da-terra-cha\/#primaryimage"},"thumbnailUrl":"https:\/\/pablocarpintero.es\/wp-content\/uploads\/2021\/10\/DSC_5796.jpg","datePublished":"2021-10-16T13:34:46+00:00","dateModified":"2021-11-11T12:33:12+00:00","breadcrumb":{"@id":"https:\/\/pablocarpintero.es\/producto\/gaita-tumbal-da-terra-cha\/#breadcrumb"},"inLanguage":"es","potentialAction":[{"@type":"ReadAction","target":["https:\/\/pablocarpintero.es\/producto\/gaita-tumbal-da-terra-cha\/"]}]},{"@type":"ImageObject","inLanguage":"es","@id":"https:\/\/pablocarpintero.es\/producto\/gaita-tumbal-da-terra-cha\/#primaryimage","url":"https:\/\/pablocarpintero.es\/wp-content\/uploads\/2021\/10\/DSC_5796.jpg","contentUrl":"https:\/\/pablocarpintero.es\/wp-content\/uploads\/2021\/10\/DSC_5796.jpg","width":2005,"height":1339},{"@type":"BreadcrumbList","@id":"https:\/\/pablocarpintero.es\/producto\/gaita-tumbal-da-terra-cha\/#breadcrumb","itemListElement":[{"@type":"ListItem","position":1,"name":"Portada","item":"https:\/\/pablocarpintero.es\/inicio\/"},{"@type":"ListItem","position":2,"name":"Tienda","item":"https:\/\/pablocarpintero.es\/tienda\/"},{"@type":"ListItem","position":3,"name":"Gaita tumbal da Terra Ch\u00e1"}]},{"@type":"WebSite","@id":"https:\/\/pablocarpintero.es\/#website","url":"https:\/\/pablocarpintero.es\/","name":"Pablo Carpintero","description":"Otro sitio realizado con WordPress","potentialAction":[{"@type":"SearchAction","target":{"@type":"EntryPoint","urlTemplate":"https:\/\/pablocarpintero.es\/?s={search_term_string}"},"query-input":{"@type":"PropertyValueSpecification","valueRequired":true,"valueName":"search_term_string"}}],"inLanguage":"es"}]}},"_links":{"self":[{"href":"https:\/\/pablocarpintero.es\/es\/wp-json\/wp\/v2\/product\/377","targetHints":{"allow":["GET"]}}],"collection":[{"href":"https:\/\/pablocarpintero.es\/es\/wp-json\/wp\/v2\/product"}],"about":[{"href":"https:\/\/pablocarpintero.es\/es\/wp-json\/wp\/v2\/types\/product"}],"replies":[{"embeddable":true,"href":"https:\/\/pablocarpintero.es\/es\/wp-json\/wp\/v2\/comments?post=377"}],"wp:featuredmedia":[{"embeddable":true,"href":"https:\/\/pablocarpintero.es\/es\/wp-json\/wp\/v2\/media\/924"}],"wp:attachment":[{"href":"https:\/\/pablocarpintero.es\/es\/wp-json\/wp\/v2\/media?parent=377"}],"wp:term":[{"taxonomy":"product_brand","embeddable":true,"href":"https:\/\/pablocarpintero.es\/es\/wp-json\/wp\/v2\/product_brand?post=377"},{"taxonomy":"product_cat","embeddable":true,"href":"https:\/\/pablocarpintero.es\/es\/wp-json\/wp\/v2\/product_cat?post=377"},{"taxonomy":"product_tag","embeddable":true,"href":"https:\/\/pablocarpintero.es\/es\/wp-json\/wp\/v2\/product_tag?post=377"}],"curies":[{"name":"wp","href":"https:\/\/api.w.org\/{rel}","templated":true}]}}