{"id":388,"date":"2021-10-16T14:15:55","date_gmt":"2021-10-16T14:15:55","guid":{"rendered":"https:\/\/pablocarpintero.es\/?post_type=product&#038;p=388"},"modified":"2021-11-04T06:00:20","modified_gmt":"2021-11-04T06:00:20","slug":"gaita-do-tio-pedro-da-farina-cecebre","status":"publish","type":"product","link":"https:\/\/pablocarpintero.es\/es\/producto\/gaita-do-tio-pedro-da-farina-cecebre\/","title":{"rendered":"Gaita del T\u00edo Pedro da Fari\u00f1a (Cecebre)"},"content":{"rendered":"<p class=\"p1\">Hace tiempo nuestro amigo Pedro Lamas nos trajo la gaita del famoso gaitero T\u00edo Pedro da Fari\u00f1a de Quint\u00e1n (Cecebre, A Coru\u00f1a) para realizar una copia de la misma. Siguiendo con nuestra man\u00eda de replicar las gaitas de todos los buenos gaiteros gallegos, hicimos una r\u00e9plica de la misma. El puntero tiene un sonido fenomenal, es \u00e1gil y de timbre brillante. Posee una escala antigua: la t\u00f3nica est\u00e1 cerca del Do # y la escala es un modo de Sol, es decir, tiene subt\u00f3nica y el s\u00e9ptimo grado est\u00e1 rebajado. Su segundo grado est\u00e1 tambi\u00e9n grave como podr\u00e9is escuchar. Como siempre, grandes gaiteros tocaron con buenas gaitas!!!<\/p>\n<p>&nbsp;<\/p>\n<div  class='avia-video av-b57z0-8b2333b14ac48ddd23556bc0ab9b8d18 avia-video-16-9 av-no-preview-image avia-video-load-always av-lazyload-immediate av-lazyload-video-embed'  itemprop=\"video\" itemtype=\"https:\/\/schema.org\/VideoObject\"  data-original_url='https:\/\/www.youtube.com\/watch?v=LX9UKatnk7E'><script type='text\/html' class='av-video-tmpl'><div class='avia-iframe-wrap'><iframe loading=\"lazy\" title=\"Punteiro Tio Pedro da Fari\u00f1a  Foliada de Elvi\u00f1a\" width=\"1500\" height=\"844\" src=\"https:\/\/www.youtube.com\/embed\/LX9UKatnk7E?feature=oembed&autoplay=0&loop=0&controls=1&mute=0\" frameborder=\"0\" allow=\"accelerometer; autoplay; clipboard-write; encrypted-media; gyroscope; picture-in-picture\" allowfullscreen><\/iframe><\/div><\/script><div class='av-click-to-play-overlay'><div class=\"avia_playpause_icon\"><\/div><\/div><\/div>\n<p>&nbsp;<\/p>\n<p class=\"p1\"><strong>Compra por encargo<\/strong><\/p>\n<p class=\"p1\">Debido a las caracter\u00edsticas de las gaitas de fuelle antiguas, estas no tienen un precio fijo asignado, que depender\u00e1 del tipo de madera y de otras caracter\u00edsticas est\u00e9ticas que puedes escoger como anillados en diferentes materiales, flecos o ribeteados de los vestidos. Todas las r\u00e9plicas de gaitas de fuelle tienen una demora que depende de nuestra lista de espera. Consulta con nosotros para saber m\u00e1s.<\/p>\n<div  class='avia-button-wrap av-7w2e1-2cfff7366207172118f91cc6d7012c90-wrap avia-button-center  avia-builder-el-1  el_after_av_video  avia-builder-el-last'><a href='https:\/\/pablocarpintero.es\/es\/contactar\/'  class='avia-button av-7w2e1-2cfff7366207172118f91cc6d7012c90 avia-icon_select-yes-left-icon avia-size-small avia-position-center avia-color-theme-color'  ><span class='avia_button_icon avia_button_icon_left' aria-hidden='true' data-av_icon='\ue81f' data-av_iconfont='entypo-fontello'><\/span><span class='avia_iconbox_title' >Solicita informaci\u00f3n de precios<\/span><\/a><\/div>","protected":false},"excerpt":{"rendered":"<p>Hai tempo o noso amigo Pedro Lamas tr\u00f3uxonos a gaita do famoso gaiteiro T\u00edo Pedro da Fari\u00f1a de Quint\u00e1n (Cecebre, A Coru\u00f1a) para que lle fixeramos unha copia. Seguindo coa nosa teima de replicar as gaitas de t\u00f3dolos bos gaiteiros galegos, accedimos a esta fixemos unha r\u00e9plica da mesma. O punteiro ten a nosa escala [&hellip;]<\/p>\n","protected":false},"featured_media":710,"comment_status":"open","ping_status":"closed","template":"","meta":{"give_campaign_id":0,"_joinchat":[]},"product_brand":[],"product_cat":[20,18,21,24],"product_tag":[],"class_list":{"0":"post-388","1":"product","2":"type-product","3":"status-publish","4":"has-post-thumbnail","6":"product_cat-gaitas-de-fol","7":"product_cat-instrumentos-musicales","8":"product_cat-replicas-de-gaitas-de-fol-antigas","9":"product_cat-replicas-de-gaitas-galegas","11":"first","12":"instock","13":"taxable","14":"shipping-taxable","15":"product-type-simple"},"yoast_head":"<!-- This site is optimized with the Yoast SEO plugin v27.2 - https:\/\/yoast.com\/product\/yoast-seo-wordpress\/ -->\n<title>Gaita do T\u00edo Pedro da Fari\u00f1a (Cecebre) - Pablo Carpintero<\/title>\n<meta name=\"robots\" content=\"index, follow, max-snippet:-1, max-image-preview:large, max-video-preview:-1\" \/>\n<link rel=\"canonical\" href=\"https:\/\/pablocarpintero.es\/es\/producto\/gaita-do-tio-pedro-da-farina-cecebre\/\" \/>\n<meta property=\"og:locale\" content=\"es_ES\" \/>\n<meta property=\"og:type\" content=\"article\" \/>\n<meta property=\"og:title\" content=\"Gaita do T\u00edo Pedro da Fari\u00f1a (Cecebre) - Pablo Carpintero\" \/>\n<meta property=\"og:description\" content=\"Hai tempo o noso amigo Pedro Lamas tr\u00f3uxonos a gaita do famoso gaiteiro T\u00edo Pedro da Fari\u00f1a de Quint\u00e1n (Cecebre, A Coru\u00f1a) para que lle fixeramos unha copia. Seguindo coa nosa teima de replicar as gaitas de t\u00f3dolos bos gaiteiros galegos, accedimos a esta fixemos unha r\u00e9plica da mesma. O punteiro ten a nosa escala [&hellip;]\" \/>\n<meta property=\"og:url\" content=\"https:\/\/pablocarpintero.es\/es\/producto\/gaita-do-tio-pedro-da-farina-cecebre\/\" \/>\n<meta property=\"og:site_name\" content=\"Pablo Carpintero\" \/>\n<meta property=\"article:modified_time\" content=\"2021-11-04T06:00:20+00:00\" \/>\n<meta property=\"og:image\" content=\"https:\/\/pablocarpintero.es\/wp-content\/uploads\/2021\/10\/Punteiro-do-Tio-Pedro-da-Farina-Pablo-carpintero-scaled.jpg\" \/>\n\t<meta property=\"og:image:width\" content=\"2560\" \/>\n\t<meta property=\"og:image:height\" content=\"1700\" \/>\n\t<meta property=\"og:image:type\" content=\"image\/jpeg\" \/>\n<meta name=\"twitter:card\" content=\"summary_large_image\" \/>\n<meta name=\"twitter:label1\" content=\"Tiempo de lectura\" \/>\n\t<meta name=\"twitter:data1\" content=\"2 minutos\" \/>\n<script type=\"application\/ld+json\" class=\"yoast-schema-graph\">{\"@context\":\"https:\/\/schema.org\",\"@graph\":[{\"@type\":\"WebPage\",\"@id\":\"https:\/\/pablocarpintero.es\/producto\/gaita-do-tio-pedro-da-farina-cecebre\/\",\"url\":\"https:\/\/pablocarpintero.es\/producto\/gaita-do-tio-pedro-da-farina-cecebre\/\",\"name\":\"Gaita do T\u00edo Pedro da Fari\u00f1a (Cecebre) - Pablo Carpintero\",\"isPartOf\":{\"@id\":\"https:\/\/pablocarpintero.es\/#website\"},\"primaryImageOfPage\":{\"@id\":\"https:\/\/pablocarpintero.es\/producto\/gaita-do-tio-pedro-da-farina-cecebre\/#primaryimage\"},\"image\":{\"@id\":\"https:\/\/pablocarpintero.es\/producto\/gaita-do-tio-pedro-da-farina-cecebre\/#primaryimage\"},\"thumbnailUrl\":\"https:\/\/pablocarpintero.es\/wp-content\/uploads\/2021\/10\/Punteiro-do-Tio-Pedro-da-Farina-Pablo-carpintero-scaled.jpg\",\"datePublished\":\"2021-10-16T14:15:55+00:00\",\"dateModified\":\"2021-11-04T06:00:20+00:00\",\"breadcrumb\":{\"@id\":\"https:\/\/pablocarpintero.es\/producto\/gaita-do-tio-pedro-da-farina-cecebre\/#breadcrumb\"},\"inLanguage\":\"es\",\"potentialAction\":[{\"@type\":\"ReadAction\",\"target\":[\"https:\/\/pablocarpintero.es\/producto\/gaita-do-tio-pedro-da-farina-cecebre\/\"]}]},{\"@type\":\"ImageObject\",\"inLanguage\":\"es\",\"@id\":\"https:\/\/pablocarpintero.es\/producto\/gaita-do-tio-pedro-da-farina-cecebre\/#primaryimage\",\"url\":\"https:\/\/pablocarpintero.es\/wp-content\/uploads\/2021\/10\/Punteiro-do-Tio-Pedro-da-Farina-Pablo-carpintero-scaled.jpg\",\"contentUrl\":\"https:\/\/pablocarpintero.es\/wp-content\/uploads\/2021\/10\/Punteiro-do-Tio-Pedro-da-Farina-Pablo-carpintero-scaled.jpg\",\"width\":2560,\"height\":1700},{\"@type\":\"BreadcrumbList\",\"@id\":\"https:\/\/pablocarpintero.es\/producto\/gaita-do-tio-pedro-da-farina-cecebre\/#breadcrumb\",\"itemListElement\":[{\"@type\":\"ListItem\",\"position\":1,\"name\":\"Portada\",\"item\":\"https:\/\/pablocarpintero.es\/inicio\/\"},{\"@type\":\"ListItem\",\"position\":2,\"name\":\"Tienda\",\"item\":\"https:\/\/pablocarpintero.es\/tienda\/\"},{\"@type\":\"ListItem\",\"position\":3,\"name\":\"Gaita do T\u00edo Pedro da Fari\u00f1a (Cecebre)\"}]},{\"@type\":\"WebSite\",\"@id\":\"https:\/\/pablocarpintero.es\/#website\",\"url\":\"https:\/\/pablocarpintero.es\/\",\"name\":\"Pablo Carpintero\",\"description\":\"Otro sitio realizado con WordPress\",\"potentialAction\":[{\"@type\":\"SearchAction\",\"target\":{\"@type\":\"EntryPoint\",\"urlTemplate\":\"https:\/\/pablocarpintero.es\/?s={search_term_string}\"},\"query-input\":{\"@type\":\"PropertyValueSpecification\",\"valueRequired\":true,\"valueName\":\"search_term_string\"}}],\"inLanguage\":\"es\"}]}<\/script>\n<!-- \/ Yoast SEO plugin. -->","yoast_head_json":{"title":"Gaita do T\u00edo Pedro da Fari\u00f1a (Cecebre) - Pablo Carpintero","robots":{"index":"index","follow":"follow","max-snippet":"max-snippet:-1","max-image-preview":"max-image-preview:large","max-video-preview":"max-video-preview:-1"},"canonical":"https:\/\/pablocarpintero.es\/es\/producto\/gaita-do-tio-pedro-da-farina-cecebre\/","og_locale":"es_ES","og_type":"article","og_title":"Gaita do T\u00edo Pedro da Fari\u00f1a (Cecebre) - Pablo Carpintero","og_description":"Hai tempo o noso amigo Pedro Lamas tr\u00f3uxonos a gaita do famoso gaiteiro T\u00edo Pedro da Fari\u00f1a de Quint\u00e1n (Cecebre, A Coru\u00f1a) para que lle fixeramos unha copia. Seguindo coa nosa teima de replicar as gaitas de t\u00f3dolos bos gaiteiros galegos, accedimos a esta fixemos unha r\u00e9plica da mesma. O punteiro ten a nosa escala [&hellip;]","og_url":"https:\/\/pablocarpintero.es\/es\/producto\/gaita-do-tio-pedro-da-farina-cecebre\/","og_site_name":"Pablo Carpintero","article_modified_time":"2021-11-04T06:00:20+00:00","og_image":[{"width":2560,"height":1700,"url":"https:\/\/pablocarpintero.es\/wp-content\/uploads\/2021\/10\/Punteiro-do-Tio-Pedro-da-Farina-Pablo-carpintero-scaled.jpg","type":"image\/jpeg"}],"twitter_card":"summary_large_image","twitter_misc":{"Tiempo de lectura":"2 minutos"},"schema":{"@context":"https:\/\/schema.org","@graph":[{"@type":"WebPage","@id":"https:\/\/pablocarpintero.es\/producto\/gaita-do-tio-pedro-da-farina-cecebre\/","url":"https:\/\/pablocarpintero.es\/producto\/gaita-do-tio-pedro-da-farina-cecebre\/","name":"Gaita do T\u00edo Pedro da Fari\u00f1a (Cecebre) - Pablo Carpintero","isPartOf":{"@id":"https:\/\/pablocarpintero.es\/#website"},"primaryImageOfPage":{"@id":"https:\/\/pablocarpintero.es\/producto\/gaita-do-tio-pedro-da-farina-cecebre\/#primaryimage"},"image":{"@id":"https:\/\/pablocarpintero.es\/producto\/gaita-do-tio-pedro-da-farina-cecebre\/#primaryimage"},"thumbnailUrl":"https:\/\/pablocarpintero.es\/wp-content\/uploads\/2021\/10\/Punteiro-do-Tio-Pedro-da-Farina-Pablo-carpintero-scaled.jpg","datePublished":"2021-10-16T14:15:55+00:00","dateModified":"2021-11-04T06:00:20+00:00","breadcrumb":{"@id":"https:\/\/pablocarpintero.es\/producto\/gaita-do-tio-pedro-da-farina-cecebre\/#breadcrumb"},"inLanguage":"es","potentialAction":[{"@type":"ReadAction","target":["https:\/\/pablocarpintero.es\/producto\/gaita-do-tio-pedro-da-farina-cecebre\/"]}]},{"@type":"ImageObject","inLanguage":"es","@id":"https:\/\/pablocarpintero.es\/producto\/gaita-do-tio-pedro-da-farina-cecebre\/#primaryimage","url":"https:\/\/pablocarpintero.es\/wp-content\/uploads\/2021\/10\/Punteiro-do-Tio-Pedro-da-Farina-Pablo-carpintero-scaled.jpg","contentUrl":"https:\/\/pablocarpintero.es\/wp-content\/uploads\/2021\/10\/Punteiro-do-Tio-Pedro-da-Farina-Pablo-carpintero-scaled.jpg","width":2560,"height":1700},{"@type":"BreadcrumbList","@id":"https:\/\/pablocarpintero.es\/producto\/gaita-do-tio-pedro-da-farina-cecebre\/#breadcrumb","itemListElement":[{"@type":"ListItem","position":1,"name":"Portada","item":"https:\/\/pablocarpintero.es\/inicio\/"},{"@type":"ListItem","position":2,"name":"Tienda","item":"https:\/\/pablocarpintero.es\/tienda\/"},{"@type":"ListItem","position":3,"name":"Gaita do T\u00edo Pedro da Fari\u00f1a (Cecebre)"}]},{"@type":"WebSite","@id":"https:\/\/pablocarpintero.es\/#website","url":"https:\/\/pablocarpintero.es\/","name":"Pablo Carpintero","description":"Otro sitio realizado con WordPress","potentialAction":[{"@type":"SearchAction","target":{"@type":"EntryPoint","urlTemplate":"https:\/\/pablocarpintero.es\/?s={search_term_string}"},"query-input":{"@type":"PropertyValueSpecification","valueRequired":true,"valueName":"search_term_string"}}],"inLanguage":"es"}]}},"_links":{"self":[{"href":"https:\/\/pablocarpintero.es\/es\/wp-json\/wp\/v2\/product\/388","targetHints":{"allow":["GET"]}}],"collection":[{"href":"https:\/\/pablocarpintero.es\/es\/wp-json\/wp\/v2\/product"}],"about":[{"href":"https:\/\/pablocarpintero.es\/es\/wp-json\/wp\/v2\/types\/product"}],"replies":[{"embeddable":true,"href":"https:\/\/pablocarpintero.es\/es\/wp-json\/wp\/v2\/comments?post=388"}],"wp:featuredmedia":[{"embeddable":true,"href":"https:\/\/pablocarpintero.es\/es\/wp-json\/wp\/v2\/media\/710"}],"wp:attachment":[{"href":"https:\/\/pablocarpintero.es\/es\/wp-json\/wp\/v2\/media?parent=388"}],"wp:term":[{"taxonomy":"product_brand","embeddable":true,"href":"https:\/\/pablocarpintero.es\/es\/wp-json\/wp\/v2\/product_brand?post=388"},{"taxonomy":"product_cat","embeddable":true,"href":"https:\/\/pablocarpintero.es\/es\/wp-json\/wp\/v2\/product_cat?post=388"},{"taxonomy":"product_tag","embeddable":true,"href":"https:\/\/pablocarpintero.es\/es\/wp-json\/wp\/v2\/product_tag?post=388"}],"curies":[{"name":"wp","href":"https:\/\/api.w.org\/{rel}","templated":true}]}}