{"id":390,"date":"2021-10-16T14:20:05","date_gmt":"2021-10-16T14:20:05","guid":{"rendered":"https:\/\/pablocarpintero.es\/?post_type=product&#038;p=390"},"modified":"2021-11-02T07:01:51","modified_gmt":"2021-11-02T07:01:51","slug":"gaita-de-ronquillo-chairega","status":"publish","type":"product","link":"https:\/\/pablocarpintero.es\/es\/producto\/gaita-de-ronquillo-chairega\/","title":{"rendered":"Gaita de ronquillo chairega"},"content":{"rendered":"<p class=\"p1\">Amador Souto conservaba en su familia la gaita de Pepe de Fab\u00e1s, gaitero de Santabaia (Vilalba, Lugo), un instrumento fabricado alrededor de 1860. Pertenece a una tipolog\u00eda muy antigua y de la que solo se conservan dos instrumentos en Galicia, pues tiene el ronquillo saliendo del mismo asiento al lado del ronc\u00f3n, ambos sobre el hombro del gaitero. Se trata de una gaita muy aguda, con la t\u00f3nica del puntero cerca del Mi y con una escala en modo de Sol con subt\u00f3nica casi completa, es decir, pr\u00e1cticamente a 200 cents de la t\u00f3nica.<\/p>\n<p class=\"p1\"><strong>Compra por encargo<\/strong><\/p>\n<p class=\"p1\">Debido a las caracter\u00edsticas de las gaitas de fuelle antiguas, estas no tienen un precio fijo asignado, que depender\u00e1 del tipo de madera y de otras caracter\u00edsticas est\u00e9ticas que puedes escoger como anillados en diferentes materiales, flecos o ribeteados de los vestidos. Todas las r\u00e9plicas de gaitas de fuelle tienen una demora que depende de nuestra lista de espera. Consulta con nosotros para saber m\u00e1s.<\/p>\n<div  class='avia-button-wrap av-7w2e1-2cfff7366207172118f91cc6d7012c90-wrap avia-button-center  avia-builder-el-0  avia-builder-el-no-sibling'><a href='https:\/\/pablocarpintero.es\/es\/contactar\/'  class='avia-button av-7w2e1-2cfff7366207172118f91cc6d7012c90 avia-icon_select-yes-left-icon avia-size-small avia-position-center avia-color-theme-color'  ><span class='avia_button_icon avia_button_icon_left' aria-hidden='true' data-av_icon='\ue81f' data-av_iconfont='entypo-fontello'><\/span><span class='avia_iconbox_title' >Solicita informaci\u00f3n de precios<\/span><\/a><\/div>","protected":false},"excerpt":{"rendered":"<p>Amador Souto conservaba na s\u00faa familia a gaita de Pepe de Fab\u00e1s, gaiteiro de Santabaia (Vilalba, Lugo), un instrumento fabricado arredor de 1860. Pertence a unha tipolox\u00eda moi antiga e da que s\u00f3 se conservan dous instrumentos en Galiza, pois ten o ronquillo sa\u00edndo da mesma buxa a car\u00f3n do ronc\u00f3n, ambos sobre o ombreiro [&hellip;]<\/p>\n","protected":false},"featured_media":644,"comment_status":"open","ping_status":"closed","template":"","meta":{"give_campaign_id":0,"_joinchat":[]},"product_brand":[],"product_cat":[20,18,21,24],"product_tag":[],"class_list":{"0":"post-390","1":"product","2":"type-product","3":"status-publish","4":"has-post-thumbnail","6":"product_cat-gaitas-de-fol","7":"product_cat-instrumentos-musicales","8":"product_cat-replicas-de-gaitas-de-fol-antigas","9":"product_cat-replicas-de-gaitas-galegas","11":"first","12":"instock","13":"taxable","14":"shipping-taxable","15":"product-type-simple"},"yoast_head":"<!-- This site is optimized with the Yoast SEO plugin v27.2 - https:\/\/yoast.com\/product\/yoast-seo-wordpress\/ -->\n<title>Gaita de ronquillo chairega - Pablo Carpintero<\/title>\n<meta name=\"robots\" content=\"index, follow, max-snippet:-1, max-image-preview:large, max-video-preview:-1\" \/>\n<link rel=\"canonical\" href=\"https:\/\/pablocarpintero.es\/es\/producto\/gaita-de-ronquillo-chairega\/\" \/>\n<meta property=\"og:locale\" content=\"es_ES\" \/>\n<meta property=\"og:type\" content=\"article\" \/>\n<meta property=\"og:title\" content=\"Gaita de ronquillo chairega - Pablo Carpintero\" \/>\n<meta property=\"og:description\" content=\"Amador Souto conservaba na s\u00faa familia a gaita de Pepe de Fab\u00e1s, gaiteiro de Santabaia (Vilalba, Lugo), un instrumento fabricado arredor de 1860. Pertence a unha tipolox\u00eda moi antiga e da que s\u00f3 se conservan dous instrumentos en Galiza, pois ten o ronquillo sa\u00edndo da mesma buxa a car\u00f3n do ronc\u00f3n, ambos sobre o ombreiro [&hellip;]\" \/>\n<meta property=\"og:url\" content=\"https:\/\/pablocarpintero.es\/es\/producto\/gaita-de-ronquillo-chairega\/\" \/>\n<meta property=\"og:site_name\" content=\"Pablo Carpintero\" \/>\n<meta property=\"article:modified_time\" content=\"2021-11-02T07:01:51+00:00\" \/>\n<meta property=\"og:image\" content=\"https:\/\/pablocarpintero.es\/wp-content\/uploads\/2021\/10\/Gaita-de-ronquillo-da-Terra-Cha-1.jpg\" \/>\n\t<meta property=\"og:image:width\" content=\"1429\" \/>\n\t<meta property=\"og:image:height\" content=\"949\" \/>\n\t<meta property=\"og:image:type\" content=\"image\/jpeg\" \/>\n<meta name=\"twitter:card\" content=\"summary_large_image\" \/>\n<meta name=\"twitter:label1\" content=\"Tiempo de lectura\" \/>\n\t<meta name=\"twitter:data1\" content=\"2 minutos\" \/>\n<script type=\"application\/ld+json\" class=\"yoast-schema-graph\">{\"@context\":\"https:\/\/schema.org\",\"@graph\":[{\"@type\":\"WebPage\",\"@id\":\"https:\/\/pablocarpintero.es\/producto\/gaita-de-ronquillo-chairega\/\",\"url\":\"https:\/\/pablocarpintero.es\/producto\/gaita-de-ronquillo-chairega\/\",\"name\":\"Gaita de ronquillo chairega - Pablo Carpintero\",\"isPartOf\":{\"@id\":\"https:\/\/pablocarpintero.es\/#website\"},\"primaryImageOfPage\":{\"@id\":\"https:\/\/pablocarpintero.es\/producto\/gaita-de-ronquillo-chairega\/#primaryimage\"},\"image\":{\"@id\":\"https:\/\/pablocarpintero.es\/producto\/gaita-de-ronquillo-chairega\/#primaryimage\"},\"thumbnailUrl\":\"https:\/\/pablocarpintero.es\/wp-content\/uploads\/2021\/10\/Gaita-de-ronquillo-da-Terra-Cha-1.jpg\",\"datePublished\":\"2021-10-16T14:20:05+00:00\",\"dateModified\":\"2021-11-02T07:01:51+00:00\",\"breadcrumb\":{\"@id\":\"https:\/\/pablocarpintero.es\/producto\/gaita-de-ronquillo-chairega\/#breadcrumb\"},\"inLanguage\":\"es\",\"potentialAction\":[{\"@type\":\"ReadAction\",\"target\":[\"https:\/\/pablocarpintero.es\/producto\/gaita-de-ronquillo-chairega\/\"]}]},{\"@type\":\"ImageObject\",\"inLanguage\":\"es\",\"@id\":\"https:\/\/pablocarpintero.es\/producto\/gaita-de-ronquillo-chairega\/#primaryimage\",\"url\":\"https:\/\/pablocarpintero.es\/wp-content\/uploads\/2021\/10\/Gaita-de-ronquillo-da-Terra-Cha-1.jpg\",\"contentUrl\":\"https:\/\/pablocarpintero.es\/wp-content\/uploads\/2021\/10\/Gaita-de-ronquillo-da-Terra-Cha-1.jpg\",\"width\":1429,\"height\":949},{\"@type\":\"BreadcrumbList\",\"@id\":\"https:\/\/pablocarpintero.es\/producto\/gaita-de-ronquillo-chairega\/#breadcrumb\",\"itemListElement\":[{\"@type\":\"ListItem\",\"position\":1,\"name\":\"Portada\",\"item\":\"https:\/\/pablocarpintero.es\/inicio\/\"},{\"@type\":\"ListItem\",\"position\":2,\"name\":\"Tienda\",\"item\":\"https:\/\/pablocarpintero.es\/tienda\/\"},{\"@type\":\"ListItem\",\"position\":3,\"name\":\"Gaita de ronquillo chairega\"}]},{\"@type\":\"WebSite\",\"@id\":\"https:\/\/pablocarpintero.es\/#website\",\"url\":\"https:\/\/pablocarpintero.es\/\",\"name\":\"Pablo Carpintero\",\"description\":\"Otro sitio realizado con WordPress\",\"potentialAction\":[{\"@type\":\"SearchAction\",\"target\":{\"@type\":\"EntryPoint\",\"urlTemplate\":\"https:\/\/pablocarpintero.es\/?s={search_term_string}\"},\"query-input\":{\"@type\":\"PropertyValueSpecification\",\"valueRequired\":true,\"valueName\":\"search_term_string\"}}],\"inLanguage\":\"es\"}]}<\/script>\n<!-- \/ Yoast SEO plugin. -->","yoast_head_json":{"title":"Gaita de ronquillo chairega - Pablo Carpintero","robots":{"index":"index","follow":"follow","max-snippet":"max-snippet:-1","max-image-preview":"max-image-preview:large","max-video-preview":"max-video-preview:-1"},"canonical":"https:\/\/pablocarpintero.es\/es\/producto\/gaita-de-ronquillo-chairega\/","og_locale":"es_ES","og_type":"article","og_title":"Gaita de ronquillo chairega - Pablo Carpintero","og_description":"Amador Souto conservaba na s\u00faa familia a gaita de Pepe de Fab\u00e1s, gaiteiro de Santabaia (Vilalba, Lugo), un instrumento fabricado arredor de 1860. Pertence a unha tipolox\u00eda moi antiga e da que s\u00f3 se conservan dous instrumentos en Galiza, pois ten o ronquillo sa\u00edndo da mesma buxa a car\u00f3n do ronc\u00f3n, ambos sobre o ombreiro [&hellip;]","og_url":"https:\/\/pablocarpintero.es\/es\/producto\/gaita-de-ronquillo-chairega\/","og_site_name":"Pablo Carpintero","article_modified_time":"2021-11-02T07:01:51+00:00","og_image":[{"width":1429,"height":949,"url":"https:\/\/pablocarpintero.es\/wp-content\/uploads\/2021\/10\/Gaita-de-ronquillo-da-Terra-Cha-1.jpg","type":"image\/jpeg"}],"twitter_card":"summary_large_image","twitter_misc":{"Tiempo de lectura":"2 minutos"},"schema":{"@context":"https:\/\/schema.org","@graph":[{"@type":"WebPage","@id":"https:\/\/pablocarpintero.es\/producto\/gaita-de-ronquillo-chairega\/","url":"https:\/\/pablocarpintero.es\/producto\/gaita-de-ronquillo-chairega\/","name":"Gaita de ronquillo chairega - Pablo Carpintero","isPartOf":{"@id":"https:\/\/pablocarpintero.es\/#website"},"primaryImageOfPage":{"@id":"https:\/\/pablocarpintero.es\/producto\/gaita-de-ronquillo-chairega\/#primaryimage"},"image":{"@id":"https:\/\/pablocarpintero.es\/producto\/gaita-de-ronquillo-chairega\/#primaryimage"},"thumbnailUrl":"https:\/\/pablocarpintero.es\/wp-content\/uploads\/2021\/10\/Gaita-de-ronquillo-da-Terra-Cha-1.jpg","datePublished":"2021-10-16T14:20:05+00:00","dateModified":"2021-11-02T07:01:51+00:00","breadcrumb":{"@id":"https:\/\/pablocarpintero.es\/producto\/gaita-de-ronquillo-chairega\/#breadcrumb"},"inLanguage":"es","potentialAction":[{"@type":"ReadAction","target":["https:\/\/pablocarpintero.es\/producto\/gaita-de-ronquillo-chairega\/"]}]},{"@type":"ImageObject","inLanguage":"es","@id":"https:\/\/pablocarpintero.es\/producto\/gaita-de-ronquillo-chairega\/#primaryimage","url":"https:\/\/pablocarpintero.es\/wp-content\/uploads\/2021\/10\/Gaita-de-ronquillo-da-Terra-Cha-1.jpg","contentUrl":"https:\/\/pablocarpintero.es\/wp-content\/uploads\/2021\/10\/Gaita-de-ronquillo-da-Terra-Cha-1.jpg","width":1429,"height":949},{"@type":"BreadcrumbList","@id":"https:\/\/pablocarpintero.es\/producto\/gaita-de-ronquillo-chairega\/#breadcrumb","itemListElement":[{"@type":"ListItem","position":1,"name":"Portada","item":"https:\/\/pablocarpintero.es\/inicio\/"},{"@type":"ListItem","position":2,"name":"Tienda","item":"https:\/\/pablocarpintero.es\/tienda\/"},{"@type":"ListItem","position":3,"name":"Gaita de ronquillo chairega"}]},{"@type":"WebSite","@id":"https:\/\/pablocarpintero.es\/#website","url":"https:\/\/pablocarpintero.es\/","name":"Pablo Carpintero","description":"Otro sitio realizado con WordPress","potentialAction":[{"@type":"SearchAction","target":{"@type":"EntryPoint","urlTemplate":"https:\/\/pablocarpintero.es\/?s={search_term_string}"},"query-input":{"@type":"PropertyValueSpecification","valueRequired":true,"valueName":"search_term_string"}}],"inLanguage":"es"}]}},"_links":{"self":[{"href":"https:\/\/pablocarpintero.es\/es\/wp-json\/wp\/v2\/product\/390","targetHints":{"allow":["GET"]}}],"collection":[{"href":"https:\/\/pablocarpintero.es\/es\/wp-json\/wp\/v2\/product"}],"about":[{"href":"https:\/\/pablocarpintero.es\/es\/wp-json\/wp\/v2\/types\/product"}],"replies":[{"embeddable":true,"href":"https:\/\/pablocarpintero.es\/es\/wp-json\/wp\/v2\/comments?post=390"}],"wp:featuredmedia":[{"embeddable":true,"href":"https:\/\/pablocarpintero.es\/es\/wp-json\/wp\/v2\/media\/644"}],"wp:attachment":[{"href":"https:\/\/pablocarpintero.es\/es\/wp-json\/wp\/v2\/media?parent=390"}],"wp:term":[{"taxonomy":"product_brand","embeddable":true,"href":"https:\/\/pablocarpintero.es\/es\/wp-json\/wp\/v2\/product_brand?post=390"},{"taxonomy":"product_cat","embeddable":true,"href":"https:\/\/pablocarpintero.es\/es\/wp-json\/wp\/v2\/product_cat?post=390"},{"taxonomy":"product_tag","embeddable":true,"href":"https:\/\/pablocarpintero.es\/es\/wp-json\/wp\/v2\/product_tag?post=390"}],"curies":[{"name":"wp","href":"https:\/\/api.w.org\/{rel}","templated":true}]}}