{"id":391,"date":"2021-10-16T14:21:37","date_gmt":"2021-10-16T14:21:37","guid":{"rendered":"https:\/\/pablocarpintero.es\/?post_type=product&#038;p=391"},"modified":"2021-11-11T12:39:15","modified_gmt":"2021-11-11T12:39:15","slug":"gaita-de-juan-ferreiro-laroa","status":"publish","type":"product","link":"https:\/\/pablocarpintero.es\/es\/producto\/gaita-de-juan-ferreiro-laroa\/","title":{"rendered":"Gaita de Juan Ferreiro, Lar\u00f3a"},"content":{"rendered":"<p class=\"p1\">Juan Ferreiro Ferreiro fue gaitero en Laro\u00e1 (Xinzo de Limia). El original de esta gaita, probablemente del taller de los Marrecos de Xinzo de Ponteareas (Pontevedra) perteneci\u00f3 a su padre que ya la hab\u00eda llevado para Cuba y que volvi\u00f3 con ella despu\u00e9s de la guerra de independencia (1898), por cuanto, pese a que el torneado del puntero muestra las caracter\u00edsticas l\u00edneas del taller de Antonio Represas (1895-1971), esta gaita no pudo salir de sus manos pues, teniendo en cuenta la informaci\u00f3n que nos dio el Sr. Juan, ser\u00eda bastante m\u00e1s antigua. Es posible entonces que en el taller de los Marrecos trabajara otro artesano antes que el propio Antonio Represas. Con esta gaita toc\u00f3 Juan durante muchos a\u00f1os, pero despu\u00e9s de que el puntero se rompiese a la mitad, la arrincon\u00f3 y la hallamos metida en una bolsa y llena de hongos. Visitamos a Juan numerosas veces en su casa de Laro\u00e1 para grabar su interesant\u00edsimo repertorio y un d\u00eda, ante la petici\u00f3n de que nos vendiera aquella vieja gaita, nos dijo que antes de eso prefer\u00eda quemarla. Fue entonces cuando su mujer le dijo \u201cdalle a gaita ao chaval, il vai tocar con ela e ti tela e\u00ed  toda estropeada\u2026\u201d en ese momento Juan los regal\u00f3 esta hermosa gaita y nosotros seguimos haciendo lo que prometimos: tocar con ella. <span class=\"Apple-converted-space\">\u00a0 \u00a0 \u00a0<\/span><\/p>\n<p class=\"p1\">El puntero tiene la t\u00f3nica muy cerca del Do# y una hermosa escala en modo de Do, pero con la sensible grave y el tercer grado bastante rebajado.<\/p>\n<p>&nbsp;<\/p>\n<div  class='avia-video av-boapb-708eb38f8c1d2845a6ed0aa5b9906a90 avia-video-16-9 av-no-preview-image avia-video-load-always av-lazyload-immediate av-lazyload-video-embed'  itemprop=\"video\" itemtype=\"https:\/\/schema.org\/VideoObject\"  data-original_url='https:\/\/www.youtube.com\/watch?v=vZ5pemECNGc'><script type='text\/html' class='av-video-tmpl'><div class='avia-iframe-wrap'><iframe loading=\"lazy\" title=\"Gaita de Juan Ferreiro\" width=\"1500\" height=\"844\" src=\"https:\/\/www.youtube.com\/embed\/vZ5pemECNGc?feature=oembed&autoplay=0&loop=0&controls=1&mute=0\" frameborder=\"0\" allow=\"accelerometer; autoplay; clipboard-write; encrypted-media; gyroscope; picture-in-picture\" allowfullscreen><\/iframe><\/div><\/script><div class='av-click-to-play-overlay'><div class=\"avia_playpause_icon\"><\/div><\/div><\/div>\n<p>&nbsp;<\/p>\n<div  class='avia-video av-9y49z-84feff6c0f57920b5ae2ce754e6b30e9 avia-video-16-9 av-no-preview-image avia-video-load-always av-lazyload-immediate av-lazyload-video-embed'  itemprop=\"video\" itemtype=\"https:\/\/schema.org\/VideoObject\"  data-original_url='https:\/\/www.youtube.com\/watch?v=aUb5hA4VD9A'><script type='text\/html' class='av-video-tmpl'><div class='avia-iframe-wrap'><iframe loading=\"lazy\" title=\"R\u00e9plica da gaita de fol de Juan Ferreiro Ferreiro, gaiteiro de Laro\u00e1 (Xinzo de Limia)\" width=\"1500\" height=\"844\" src=\"https:\/\/www.youtube.com\/embed\/aUb5hA4VD9A?feature=oembed&autoplay=0&loop=0&controls=1&mute=0\" frameborder=\"0\" allow=\"accelerometer; autoplay; clipboard-write; encrypted-media; gyroscope; picture-in-picture\" allowfullscreen><\/iframe><\/div><\/script><div class='av-click-to-play-overlay'><div class=\"avia_playpause_icon\"><\/div><\/div><\/div>\n<p class=\"p1\"><strong>Compra por encargo<\/strong><\/p>\n<p class=\"p1\">Debido a las caracter\u00edsticas de las gaitas de fuelle antiguas, estas no tienen un precio fijo asignado, que depender\u00e1 del tipo de madera y de otras caracter\u00edsticas est\u00e9ticas que puedes escoger como anillados en diferentes materiales, flecos o ribeteados de los vestidos. Todas las r\u00e9plicas de gaitas de fuelle tienen una demora que depende de nuestra lista de espera. Consulta con nosotros para saber m\u00e1s.<\/p>\n<div  class='avia-button-wrap av-7w2e1-2cfff7366207172118f91cc6d7012c90-wrap avia-button-center  avia-builder-el-2  el_after_av_video  avia-builder-el-last'><a href='https:\/\/pablocarpintero.es\/es\/contactar\/'  class='avia-button av-7w2e1-2cfff7366207172118f91cc6d7012c90 avia-icon_select-yes-left-icon avia-size-small avia-position-center avia-color-theme-color'  ><span class='avia_button_icon avia_button_icon_left' aria-hidden='true' data-av_icon='\ue81f' data-av_iconfont='entypo-fontello'><\/span><span class='avia_iconbox_title' >Solicita informaci\u00f3n de precios<\/span><\/a><\/div>\n<p>&nbsp;<\/p>","protected":false},"excerpt":{"rendered":"<p>Juan Ferreiro Ferreiro foi gaiteiro en Laro\u00e1 (Xinzo de Limia). O orixinal desta gaita, probablemente do taller dos Marrecos de Xinzo de Ponteareas (Pontevedra) pertenceu ao seu pai que xa a levara para Cuba e que voltou con el despois da guerra de independencia (1898), por canto, pese a que o torneado do punteiro amosa [&hellip;]<\/p>\n","protected":false},"featured_media":647,"comment_status":"open","ping_status":"closed","template":"","meta":{"give_campaign_id":0,"_joinchat":[]},"product_brand":[],"product_cat":[20,18,21,24],"product_tag":[],"class_list":{"0":"post-391","1":"product","2":"type-product","3":"status-publish","4":"has-post-thumbnail","6":"product_cat-gaitas-de-fol","7":"product_cat-instrumentos-musicales","8":"product_cat-replicas-de-gaitas-de-fol-antigas","9":"product_cat-replicas-de-gaitas-galegas","11":"first","12":"instock","13":"taxable","14":"shipping-taxable","15":"product-type-simple"},"yoast_head":"<!-- This site is optimized with the Yoast SEO plugin v27.2 - https:\/\/yoast.com\/product\/yoast-seo-wordpress\/ -->\n<title>Gaita de Juan Ferreiro, Lar\u00f3a - Pablo Carpintero<\/title>\n<meta name=\"robots\" content=\"index, follow, max-snippet:-1, max-image-preview:large, max-video-preview:-1\" \/>\n<link rel=\"canonical\" href=\"https:\/\/pablocarpintero.es\/es\/producto\/gaita-de-juan-ferreiro-laroa\/\" \/>\n<meta property=\"og:locale\" content=\"es_ES\" \/>\n<meta property=\"og:type\" content=\"article\" \/>\n<meta property=\"og:title\" content=\"Gaita de Juan Ferreiro, Lar\u00f3a - Pablo Carpintero\" \/>\n<meta property=\"og:description\" content=\"Juan Ferreiro Ferreiro foi gaiteiro en Laro\u00e1 (Xinzo de Limia). O orixinal desta gaita, probablemente do taller dos Marrecos de Xinzo de Ponteareas (Pontevedra) pertenceu ao seu pai que xa a levara para Cuba e que voltou con el despois da guerra de independencia (1898), por canto, pese a que o torneado do punteiro amosa [&hellip;]\" \/>\n<meta property=\"og:url\" content=\"https:\/\/pablocarpintero.es\/es\/producto\/gaita-de-juan-ferreiro-laroa\/\" \/>\n<meta property=\"og:site_name\" content=\"Pablo Carpintero\" \/>\n<meta property=\"article:modified_time\" content=\"2021-11-11T12:39:15+00:00\" \/>\n<meta property=\"og:image\" content=\"https:\/\/pablocarpintero.es\/wp-content\/uploads\/2021\/10\/L_004625.jpg\" \/>\n\t<meta property=\"og:image:width\" content=\"984\" \/>\n\t<meta property=\"og:image:height\" content=\"828\" \/>\n\t<meta property=\"og:image:type\" content=\"image\/jpeg\" \/>\n<meta name=\"twitter:card\" content=\"summary_large_image\" \/>\n<meta name=\"twitter:label1\" content=\"Tiempo de lectura\" \/>\n\t<meta name=\"twitter:data1\" content=\"3 minutos\" \/>\n<script type=\"application\/ld+json\" class=\"yoast-schema-graph\">{\"@context\":\"https:\/\/schema.org\",\"@graph\":[{\"@type\":\"WebPage\",\"@id\":\"https:\/\/pablocarpintero.es\/producto\/gaita-de-juan-ferreiro-laroa\/\",\"url\":\"https:\/\/pablocarpintero.es\/producto\/gaita-de-juan-ferreiro-laroa\/\",\"name\":\"Gaita de Juan Ferreiro, Lar\u00f3a - Pablo Carpintero\",\"isPartOf\":{\"@id\":\"https:\/\/pablocarpintero.es\/#website\"},\"primaryImageOfPage\":{\"@id\":\"https:\/\/pablocarpintero.es\/producto\/gaita-de-juan-ferreiro-laroa\/#primaryimage\"},\"image\":{\"@id\":\"https:\/\/pablocarpintero.es\/producto\/gaita-de-juan-ferreiro-laroa\/#primaryimage\"},\"thumbnailUrl\":\"https:\/\/pablocarpintero.es\/wp-content\/uploads\/2021\/10\/L_004625.jpg\",\"datePublished\":\"2021-10-16T14:21:37+00:00\",\"dateModified\":\"2021-11-11T12:39:15+00:00\",\"breadcrumb\":{\"@id\":\"https:\/\/pablocarpintero.es\/producto\/gaita-de-juan-ferreiro-laroa\/#breadcrumb\"},\"inLanguage\":\"es\",\"potentialAction\":[{\"@type\":\"ReadAction\",\"target\":[\"https:\/\/pablocarpintero.es\/producto\/gaita-de-juan-ferreiro-laroa\/\"]}]},{\"@type\":\"ImageObject\",\"inLanguage\":\"es\",\"@id\":\"https:\/\/pablocarpintero.es\/producto\/gaita-de-juan-ferreiro-laroa\/#primaryimage\",\"url\":\"https:\/\/pablocarpintero.es\/wp-content\/uploads\/2021\/10\/L_004625.jpg\",\"contentUrl\":\"https:\/\/pablocarpintero.es\/wp-content\/uploads\/2021\/10\/L_004625.jpg\",\"width\":984,\"height\":828},{\"@type\":\"BreadcrumbList\",\"@id\":\"https:\/\/pablocarpintero.es\/producto\/gaita-de-juan-ferreiro-laroa\/#breadcrumb\",\"itemListElement\":[{\"@type\":\"ListItem\",\"position\":1,\"name\":\"Portada\",\"item\":\"https:\/\/pablocarpintero.es\/inicio\/\"},{\"@type\":\"ListItem\",\"position\":2,\"name\":\"Tienda\",\"item\":\"https:\/\/pablocarpintero.es\/tienda\/\"},{\"@type\":\"ListItem\",\"position\":3,\"name\":\"Gaita de Juan Ferreiro, Lar\u00f3a\"}]},{\"@type\":\"WebSite\",\"@id\":\"https:\/\/pablocarpintero.es\/#website\",\"url\":\"https:\/\/pablocarpintero.es\/\",\"name\":\"Pablo Carpintero\",\"description\":\"Otro sitio realizado con WordPress\",\"potentialAction\":[{\"@type\":\"SearchAction\",\"target\":{\"@type\":\"EntryPoint\",\"urlTemplate\":\"https:\/\/pablocarpintero.es\/?s={search_term_string}\"},\"query-input\":{\"@type\":\"PropertyValueSpecification\",\"valueRequired\":true,\"valueName\":\"search_term_string\"}}],\"inLanguage\":\"es\"}]}<\/script>\n<!-- \/ Yoast SEO plugin. -->","yoast_head_json":{"title":"Gaita de Juan Ferreiro, Lar\u00f3a - Pablo Carpintero","robots":{"index":"index","follow":"follow","max-snippet":"max-snippet:-1","max-image-preview":"max-image-preview:large","max-video-preview":"max-video-preview:-1"},"canonical":"https:\/\/pablocarpintero.es\/es\/producto\/gaita-de-juan-ferreiro-laroa\/","og_locale":"es_ES","og_type":"article","og_title":"Gaita de Juan Ferreiro, Lar\u00f3a - Pablo Carpintero","og_description":"Juan Ferreiro Ferreiro foi gaiteiro en Laro\u00e1 (Xinzo de Limia). O orixinal desta gaita, probablemente do taller dos Marrecos de Xinzo de Ponteareas (Pontevedra) pertenceu ao seu pai que xa a levara para Cuba e que voltou con el despois da guerra de independencia (1898), por canto, pese a que o torneado do punteiro amosa [&hellip;]","og_url":"https:\/\/pablocarpintero.es\/es\/producto\/gaita-de-juan-ferreiro-laroa\/","og_site_name":"Pablo Carpintero","article_modified_time":"2021-11-11T12:39:15+00:00","og_image":[{"width":984,"height":828,"url":"https:\/\/pablocarpintero.es\/wp-content\/uploads\/2021\/10\/L_004625.jpg","type":"image\/jpeg"}],"twitter_card":"summary_large_image","twitter_misc":{"Tiempo de lectura":"3 minutos"},"schema":{"@context":"https:\/\/schema.org","@graph":[{"@type":"WebPage","@id":"https:\/\/pablocarpintero.es\/producto\/gaita-de-juan-ferreiro-laroa\/","url":"https:\/\/pablocarpintero.es\/producto\/gaita-de-juan-ferreiro-laroa\/","name":"Gaita de Juan Ferreiro, Lar\u00f3a - Pablo Carpintero","isPartOf":{"@id":"https:\/\/pablocarpintero.es\/#website"},"primaryImageOfPage":{"@id":"https:\/\/pablocarpintero.es\/producto\/gaita-de-juan-ferreiro-laroa\/#primaryimage"},"image":{"@id":"https:\/\/pablocarpintero.es\/producto\/gaita-de-juan-ferreiro-laroa\/#primaryimage"},"thumbnailUrl":"https:\/\/pablocarpintero.es\/wp-content\/uploads\/2021\/10\/L_004625.jpg","datePublished":"2021-10-16T14:21:37+00:00","dateModified":"2021-11-11T12:39:15+00:00","breadcrumb":{"@id":"https:\/\/pablocarpintero.es\/producto\/gaita-de-juan-ferreiro-laroa\/#breadcrumb"},"inLanguage":"es","potentialAction":[{"@type":"ReadAction","target":["https:\/\/pablocarpintero.es\/producto\/gaita-de-juan-ferreiro-laroa\/"]}]},{"@type":"ImageObject","inLanguage":"es","@id":"https:\/\/pablocarpintero.es\/producto\/gaita-de-juan-ferreiro-laroa\/#primaryimage","url":"https:\/\/pablocarpintero.es\/wp-content\/uploads\/2021\/10\/L_004625.jpg","contentUrl":"https:\/\/pablocarpintero.es\/wp-content\/uploads\/2021\/10\/L_004625.jpg","width":984,"height":828},{"@type":"BreadcrumbList","@id":"https:\/\/pablocarpintero.es\/producto\/gaita-de-juan-ferreiro-laroa\/#breadcrumb","itemListElement":[{"@type":"ListItem","position":1,"name":"Portada","item":"https:\/\/pablocarpintero.es\/inicio\/"},{"@type":"ListItem","position":2,"name":"Tienda","item":"https:\/\/pablocarpintero.es\/tienda\/"},{"@type":"ListItem","position":3,"name":"Gaita de Juan Ferreiro, Lar\u00f3a"}]},{"@type":"WebSite","@id":"https:\/\/pablocarpintero.es\/#website","url":"https:\/\/pablocarpintero.es\/","name":"Pablo Carpintero","description":"Otro sitio realizado con WordPress","potentialAction":[{"@type":"SearchAction","target":{"@type":"EntryPoint","urlTemplate":"https:\/\/pablocarpintero.es\/?s={search_term_string}"},"query-input":{"@type":"PropertyValueSpecification","valueRequired":true,"valueName":"search_term_string"}}],"inLanguage":"es"}]}},"_links":{"self":[{"href":"https:\/\/pablocarpintero.es\/es\/wp-json\/wp\/v2\/product\/391","targetHints":{"allow":["GET"]}}],"collection":[{"href":"https:\/\/pablocarpintero.es\/es\/wp-json\/wp\/v2\/product"}],"about":[{"href":"https:\/\/pablocarpintero.es\/es\/wp-json\/wp\/v2\/types\/product"}],"replies":[{"embeddable":true,"href":"https:\/\/pablocarpintero.es\/es\/wp-json\/wp\/v2\/comments?post=391"}],"wp:featuredmedia":[{"embeddable":true,"href":"https:\/\/pablocarpintero.es\/es\/wp-json\/wp\/v2\/media\/647"}],"wp:attachment":[{"href":"https:\/\/pablocarpintero.es\/es\/wp-json\/wp\/v2\/media?parent=391"}],"wp:term":[{"taxonomy":"product_brand","embeddable":true,"href":"https:\/\/pablocarpintero.es\/es\/wp-json\/wp\/v2\/product_brand?post=391"},{"taxonomy":"product_cat","embeddable":true,"href":"https:\/\/pablocarpintero.es\/es\/wp-json\/wp\/v2\/product_cat?post=391"},{"taxonomy":"product_tag","embeddable":true,"href":"https:\/\/pablocarpintero.es\/es\/wp-json\/wp\/v2\/product_tag?post=391"}],"curies":[{"name":"wp","href":"https:\/\/api.w.org\/{rel}","templated":true}]}}