{"id":392,"date":"2021-10-16T14:22:16","date_gmt":"2021-10-16T14:22:16","guid":{"rendered":"https:\/\/pablocarpintero.es\/?post_type=product&#038;p=392"},"modified":"2024-07-09T07:17:17","modified_gmt":"2024-07-09T07:17:17","slug":"gaita-redonda-de-faustino-santalices","status":"publish","type":"product","link":"https:\/\/pablocarpintero.es\/es\/producto\/gaita-redonda-de-faustino-santalices\/","title":{"rendered":"Gaita redonda de Faustino Santalices"},"content":{"rendered":"<p class=\"p1\">Faustino Santalices (1877-1960) fue un enamorado de nuestras tradiciones, recuperador de la zanfona y constructor de gaitas, as\u00ed como un h\u00e1bil gaitero. Fund\u00f3, con Paulino P\u00e9rez, el taller de gaitas de la Diputaci\u00f3n de Lugo. Aprendi\u00f3 el oficio de construir gaitas probablemente en el taller de los Garc\u00eda de Riob\u00f3 (Berres, A Estrada, Pontevedra), pues Faustino guardaba los planos que Garc\u00eda le cedi\u00f3 de diferentes tonalidades de gaitas. Sus instrumentos denotan este origen, pero se caracterizan por la b\u00fasqueda de la afinaci\u00f3n temperada en alturas concretas y por un buen cromatismo. Algunas de las gaitas fabricadas por Faustino son muy caracter\u00edsticas por las complejas mezclas de maderas ex\u00f3ticas y marfil, as\u00ed como por el uso de torneados muy originales, algunas veces bastante alejados de la tradici\u00f3n o con manifiestas influencias escocesas.<span class=\"Apple-converted-space\">\u00a0 \u00a0<\/span><\/p>\n<p class=\"p1\">Tenemos documentados, gracias sobre todo a C\u00e1stor y Felix Castrovicente, diversos modelos de gaitas fabricadas por Faustino. El que os mostramos aqu\u00ed es una r\u00e9plica de su gaita en Do mayor, usa pajuelas antiguas de la zona occidental gallega, es decir, cuadradas y grandes, con yugo met\u00e1lico, y fabricadas con la parte exterior y dura de la ca\u00f1a. Est\u00e1 dise\u00f1ado para tocar con digitaci\u00f3n cerrada.<span class=\"Apple-converted-space\">\u00a0<\/span><\/p>\n<p>Esta r\u00e9plica fue hecha para nuestro amigo Luis Fernando L\u00f3pez que toca con ella una mui\u00f1eira de Chantada.<\/p>\n<p>&nbsp;<\/p>\n<div  class='avia-video av-bc7io-5742d5ab6ba882ceb77a5e83eeaa7402 avia-video-16-9 av-no-preview-image avia-video-load-always av-lazyload-immediate av-lazyload-video-embed'  itemprop=\"video\" itemtype=\"https:\/\/schema.org\/VideoObject\"  data-original_url='https:\/\/www.youtube.com\/watch?v=tlZ7F1EUBYc'><script type='text\/html' class='av-video-tmpl'><div class='avia-iframe-wrap'><iframe loading=\"lazy\" title=\"Muin\u0303eira de Chantada\" width=\"1500\" height=\"844\" src=\"https:\/\/www.youtube.com\/embed\/tlZ7F1EUBYc?feature=oembed&autoplay=0&loop=0&controls=1&mute=0\" frameborder=\"0\" allow=\"accelerometer; autoplay; clipboard-write; encrypted-media; gyroscope; picture-in-picture\" allowfullscreen><\/iframe><\/div><\/script><div class='av-click-to-play-overlay'><div class=\"avia_playpause_icon\"><\/div><\/div><\/div>\n<p>&nbsp;<\/p>\n<p>&nbsp;<\/p>\n<p class=\"p1\"><strong>Compra por encargo<\/strong><\/p>\n<p class=\"p1\">Debido a las caracter\u00edsticas de las gaitas de fuelle antiguas, estas no tienen un precio fijo asignado, que depender\u00e1 del tipo de madera y de otras caracter\u00edsticas est\u00e9ticas que puedes escoger como anillados en diferentes materiales, flecos o ribeteados de los vestidos. Todas las r\u00e9plicas de gaitas de fuelle tienen una demora que depende de nuestra lista de espera. Consulta con nosotros para saber m\u00e1s.<\/p>\n<div  class='avia-button-wrap av-7w2e1-2cfff7366207172118f91cc6d7012c90-wrap avia-button-center  avia-builder-el-1  el_after_av_video  avia-builder-el-last'><a href='https:\/\/pablocarpintero.es\/es\/contactar\/'  class='avia-button av-7w2e1-2cfff7366207172118f91cc6d7012c90 avia-icon_select-yes-left-icon avia-size-small avia-position-center avia-color-theme-color'  ><span class='avia_button_icon avia_button_icon_left' aria-hidden='true' data-av_icon='\ue81f' data-av_iconfont='entypo-fontello'><\/span><span class='avia_iconbox_title' >Solicita informaci\u00f3n de precios<\/span><\/a><\/div>","protected":false},"excerpt":{"rendered":"<p>Faustino Santalices (1877-1960) foi un namorado das nosas tradici\u00f3ns, recuperador da zanfona e construtor de gaitas, as\u00ed como un h\u00e1bil gaiteiro. Fundou, con Paulino P\u00e9rez, o taller de gaitas da Deputaci\u00f3n de Lugo. Aprendeu o oficio de constru\u00edr as gaitas probablemente no obradoiro dos Garc\u00eda de Riob\u00f3 (Berres, A Estrada), pois Faustino gardaba os planos [&hellip;]<\/p>\n","protected":false},"featured_media":702,"comment_status":"open","ping_status":"closed","template":"","meta":{"give_campaign_id":0,"_joinchat":[]},"product_brand":[],"product_cat":[20,18,21,24],"product_tag":[],"class_list":{"0":"post-392","1":"product","2":"type-product","3":"status-publish","4":"has-post-thumbnail","6":"product_cat-gaitas-de-fol","7":"product_cat-instrumentos-musicales","8":"product_cat-replicas-de-gaitas-de-fol-antigas","9":"product_cat-replicas-de-gaitas-galegas","11":"first","12":"instock","13":"taxable","14":"shipping-taxable","15":"product-type-simple"},"yoast_head":"<!-- This site is optimized with the Yoast SEO plugin v27.2 - https:\/\/yoast.com\/product\/yoast-seo-wordpress\/ -->\n<title>Gaita redonda de Faustino Santalices - Pablo Carpintero<\/title>\n<meta name=\"robots\" content=\"index, follow, max-snippet:-1, max-image-preview:large, max-video-preview:-1\" \/>\n<link rel=\"canonical\" href=\"https:\/\/pablocarpintero.es\/es\/producto\/gaita-redonda-de-faustino-santalices\/\" \/>\n<meta property=\"og:locale\" content=\"es_ES\" \/>\n<meta property=\"og:type\" content=\"article\" \/>\n<meta property=\"og:title\" content=\"Gaita redonda de Faustino Santalices - Pablo Carpintero\" \/>\n<meta property=\"og:description\" content=\"Faustino Santalices (1877-1960) foi un namorado das nosas tradici\u00f3ns, recuperador da zanfona e construtor de gaitas, as\u00ed como un h\u00e1bil gaiteiro. Fundou, con Paulino P\u00e9rez, o taller de gaitas da Deputaci\u00f3n de Lugo. Aprendeu o oficio de constru\u00edr as gaitas probablemente no obradoiro dos Garc\u00eda de Riob\u00f3 (Berres, A Estrada), pois Faustino gardaba os planos [&hellip;]\" \/>\n<meta property=\"og:url\" content=\"https:\/\/pablocarpintero.es\/es\/producto\/gaita-redonda-de-faustino-santalices\/\" \/>\n<meta property=\"og:site_name\" content=\"Pablo Carpintero\" \/>\n<meta property=\"article:modified_time\" content=\"2024-07-09T07:17:17+00:00\" \/>\n<meta property=\"og:image\" content=\"https:\/\/pablocarpintero.es\/wp-content\/uploads\/2021\/10\/Gaita-de-Faustino-Santalices-Pablo-carpintero-1-1030x684.jpg\" \/>\n\t<meta property=\"og:image:width\" content=\"1030\" \/>\n\t<meta property=\"og:image:height\" content=\"684\" \/>\n\t<meta property=\"og:image:type\" content=\"image\/jpeg\" \/>\n<meta name=\"twitter:card\" content=\"summary_large_image\" \/>\n<meta name=\"twitter:label1\" content=\"Tiempo de lectura\" \/>\n\t<meta name=\"twitter:data1\" content=\"3 minutos\" \/>\n<script type=\"application\/ld+json\" class=\"yoast-schema-graph\">{\"@context\":\"https:\/\/schema.org\",\"@graph\":[{\"@type\":\"WebPage\",\"@id\":\"https:\/\/pablocarpintero.es\/producto\/gaita-redonda-de-faustino-santalices\/\",\"url\":\"https:\/\/pablocarpintero.es\/producto\/gaita-redonda-de-faustino-santalices\/\",\"name\":\"Gaita redonda de Faustino Santalices - Pablo Carpintero\",\"isPartOf\":{\"@id\":\"https:\/\/pablocarpintero.es\/#website\"},\"primaryImageOfPage\":{\"@id\":\"https:\/\/pablocarpintero.es\/producto\/gaita-redonda-de-faustino-santalices\/#primaryimage\"},\"image\":{\"@id\":\"https:\/\/pablocarpintero.es\/producto\/gaita-redonda-de-faustino-santalices\/#primaryimage\"},\"thumbnailUrl\":\"https:\/\/pablocarpintero.es\/wp-content\/uploads\/2021\/10\/Gaita-de-Faustino-Santalices-Pablo-carpintero-1-scaled.jpg\",\"datePublished\":\"2021-10-16T14:22:16+00:00\",\"dateModified\":\"2024-07-09T07:17:17+00:00\",\"breadcrumb\":{\"@id\":\"https:\/\/pablocarpintero.es\/producto\/gaita-redonda-de-faustino-santalices\/#breadcrumb\"},\"inLanguage\":\"es\",\"potentialAction\":[{\"@type\":\"ReadAction\",\"target\":[\"https:\/\/pablocarpintero.es\/producto\/gaita-redonda-de-faustino-santalices\/\"]}]},{\"@type\":\"ImageObject\",\"inLanguage\":\"es\",\"@id\":\"https:\/\/pablocarpintero.es\/producto\/gaita-redonda-de-faustino-santalices\/#primaryimage\",\"url\":\"https:\/\/pablocarpintero.es\/wp-content\/uploads\/2021\/10\/Gaita-de-Faustino-Santalices-Pablo-carpintero-1-scaled.jpg\",\"contentUrl\":\"https:\/\/pablocarpintero.es\/wp-content\/uploads\/2021\/10\/Gaita-de-Faustino-Santalices-Pablo-carpintero-1-scaled.jpg\",\"width\":2560,\"height\":1700},{\"@type\":\"BreadcrumbList\",\"@id\":\"https:\/\/pablocarpintero.es\/producto\/gaita-redonda-de-faustino-santalices\/#breadcrumb\",\"itemListElement\":[{\"@type\":\"ListItem\",\"position\":1,\"name\":\"Portada\",\"item\":\"https:\/\/pablocarpintero.es\/inicio\/\"},{\"@type\":\"ListItem\",\"position\":2,\"name\":\"Tienda\",\"item\":\"https:\/\/pablocarpintero.es\/tienda\/\"},{\"@type\":\"ListItem\",\"position\":3,\"name\":\"Gaita redonda de Faustino Santalices\"}]},{\"@type\":\"WebSite\",\"@id\":\"https:\/\/pablocarpintero.es\/#website\",\"url\":\"https:\/\/pablocarpintero.es\/\",\"name\":\"Pablo Carpintero\",\"description\":\"Otro sitio realizado con WordPress\",\"potentialAction\":[{\"@type\":\"SearchAction\",\"target\":{\"@type\":\"EntryPoint\",\"urlTemplate\":\"https:\/\/pablocarpintero.es\/?s={search_term_string}\"},\"query-input\":{\"@type\":\"PropertyValueSpecification\",\"valueRequired\":true,\"valueName\":\"search_term_string\"}}],\"inLanguage\":\"es\"}]}<\/script>\n<!-- \/ Yoast SEO plugin. -->","yoast_head_json":{"title":"Gaita redonda de Faustino Santalices - Pablo Carpintero","robots":{"index":"index","follow":"follow","max-snippet":"max-snippet:-1","max-image-preview":"max-image-preview:large","max-video-preview":"max-video-preview:-1"},"canonical":"https:\/\/pablocarpintero.es\/es\/producto\/gaita-redonda-de-faustino-santalices\/","og_locale":"es_ES","og_type":"article","og_title":"Gaita redonda de Faustino Santalices - Pablo Carpintero","og_description":"Faustino Santalices (1877-1960) foi un namorado das nosas tradici\u00f3ns, recuperador da zanfona e construtor de gaitas, as\u00ed como un h\u00e1bil gaiteiro. Fundou, con Paulino P\u00e9rez, o taller de gaitas da Deputaci\u00f3n de Lugo. Aprendeu o oficio de constru\u00edr as gaitas probablemente no obradoiro dos Garc\u00eda de Riob\u00f3 (Berres, A Estrada), pois Faustino gardaba os planos [&hellip;]","og_url":"https:\/\/pablocarpintero.es\/es\/producto\/gaita-redonda-de-faustino-santalices\/","og_site_name":"Pablo Carpintero","article_modified_time":"2024-07-09T07:17:17+00:00","og_image":[{"width":1030,"height":684,"url":"https:\/\/pablocarpintero.es\/wp-content\/uploads\/2021\/10\/Gaita-de-Faustino-Santalices-Pablo-carpintero-1-1030x684.jpg","type":"image\/jpeg"}],"twitter_card":"summary_large_image","twitter_misc":{"Tiempo de lectura":"3 minutos"},"schema":{"@context":"https:\/\/schema.org","@graph":[{"@type":"WebPage","@id":"https:\/\/pablocarpintero.es\/producto\/gaita-redonda-de-faustino-santalices\/","url":"https:\/\/pablocarpintero.es\/producto\/gaita-redonda-de-faustino-santalices\/","name":"Gaita redonda de Faustino Santalices - Pablo Carpintero","isPartOf":{"@id":"https:\/\/pablocarpintero.es\/#website"},"primaryImageOfPage":{"@id":"https:\/\/pablocarpintero.es\/producto\/gaita-redonda-de-faustino-santalices\/#primaryimage"},"image":{"@id":"https:\/\/pablocarpintero.es\/producto\/gaita-redonda-de-faustino-santalices\/#primaryimage"},"thumbnailUrl":"https:\/\/pablocarpintero.es\/wp-content\/uploads\/2021\/10\/Gaita-de-Faustino-Santalices-Pablo-carpintero-1-scaled.jpg","datePublished":"2021-10-16T14:22:16+00:00","dateModified":"2024-07-09T07:17:17+00:00","breadcrumb":{"@id":"https:\/\/pablocarpintero.es\/producto\/gaita-redonda-de-faustino-santalices\/#breadcrumb"},"inLanguage":"es","potentialAction":[{"@type":"ReadAction","target":["https:\/\/pablocarpintero.es\/producto\/gaita-redonda-de-faustino-santalices\/"]}]},{"@type":"ImageObject","inLanguage":"es","@id":"https:\/\/pablocarpintero.es\/producto\/gaita-redonda-de-faustino-santalices\/#primaryimage","url":"https:\/\/pablocarpintero.es\/wp-content\/uploads\/2021\/10\/Gaita-de-Faustino-Santalices-Pablo-carpintero-1-scaled.jpg","contentUrl":"https:\/\/pablocarpintero.es\/wp-content\/uploads\/2021\/10\/Gaita-de-Faustino-Santalices-Pablo-carpintero-1-scaled.jpg","width":2560,"height":1700},{"@type":"BreadcrumbList","@id":"https:\/\/pablocarpintero.es\/producto\/gaita-redonda-de-faustino-santalices\/#breadcrumb","itemListElement":[{"@type":"ListItem","position":1,"name":"Portada","item":"https:\/\/pablocarpintero.es\/inicio\/"},{"@type":"ListItem","position":2,"name":"Tienda","item":"https:\/\/pablocarpintero.es\/tienda\/"},{"@type":"ListItem","position":3,"name":"Gaita redonda de Faustino Santalices"}]},{"@type":"WebSite","@id":"https:\/\/pablocarpintero.es\/#website","url":"https:\/\/pablocarpintero.es\/","name":"Pablo Carpintero","description":"Otro sitio realizado con WordPress","potentialAction":[{"@type":"SearchAction","target":{"@type":"EntryPoint","urlTemplate":"https:\/\/pablocarpintero.es\/?s={search_term_string}"},"query-input":{"@type":"PropertyValueSpecification","valueRequired":true,"valueName":"search_term_string"}}],"inLanguage":"es"}]}},"_links":{"self":[{"href":"https:\/\/pablocarpintero.es\/es\/wp-json\/wp\/v2\/product\/392","targetHints":{"allow":["GET"]}}],"collection":[{"href":"https:\/\/pablocarpintero.es\/es\/wp-json\/wp\/v2\/product"}],"about":[{"href":"https:\/\/pablocarpintero.es\/es\/wp-json\/wp\/v2\/types\/product"}],"replies":[{"embeddable":true,"href":"https:\/\/pablocarpintero.es\/es\/wp-json\/wp\/v2\/comments?post=392"}],"wp:featuredmedia":[{"embeddable":true,"href":"https:\/\/pablocarpintero.es\/es\/wp-json\/wp\/v2\/media\/702"}],"wp:attachment":[{"href":"https:\/\/pablocarpintero.es\/es\/wp-json\/wp\/v2\/media?parent=392"}],"wp:term":[{"taxonomy":"product_brand","embeddable":true,"href":"https:\/\/pablocarpintero.es\/es\/wp-json\/wp\/v2\/product_brand?post=392"},{"taxonomy":"product_cat","embeddable":true,"href":"https:\/\/pablocarpintero.es\/es\/wp-json\/wp\/v2\/product_cat?post=392"},{"taxonomy":"product_tag","embeddable":true,"href":"https:\/\/pablocarpintero.es\/es\/wp-json\/wp\/v2\/product_tag?post=392"}],"curies":[{"name":"wp","href":"https:\/\/api.w.org\/{rel}","templated":true}]}}