{"id":395,"date":"2021-10-16T14:24:13","date_gmt":"2021-10-16T14:24:13","guid":{"rendered":"https:\/\/pablocarpintero.es\/?post_type=product&#038;p=395"},"modified":"2023-12-04T08:46:37","modified_gmt":"2023-12-04T08:46:37","slug":"gaita-de-ronquillo-de-xan-de-campano","status":"publish","type":"product","link":"https:\/\/pablocarpintero.es\/es\/producto\/gaita-de-ronquillo-de-xan-de-campano\/","title":{"rendered":"Gaita de ronquillo de Xan de Campa\u00f1\u00f3 (s\u00e9culo XV)"},"content":{"rendered":"<p class=\"p1\">La familia del famoso gaitero de Campa\u00f1\u00f3, Xan Tilve Castro (1872-1950), conserva su hermosa gaita de fuelle, que pertenece a la tipolog\u00eda de las gaitas de ronquillo de la zona de Pontevedra. El ronc\u00f3n y el ronquillo, ambos en boj, podr\u00edan haber sido fabricados por Manuel Villanueva, de quien Xan fue disc\u00edpulo; los asientos y el soplillo fueron indudablemente fabricadas por Jos\u00e9 Poceiro, pero el puntero pertenece a una \u00e9poca mucho m\u00e1s antigua, las pruebas del carbono 14 nos indican que su madera muri\u00f3 entre 1420 y 1450 y nuestro modelo de dataci\u00f3n por los degastes digitales nos dice que lleva en uso continuado casi 500 a\u00f1os, es, por lo tanto, un puntero muy probablemente contruido en el siglo XV y tocado ininterrumpidamente desde entonces. Muestra en el fuste una ornamentaci\u00f3n con anillos sobre la que escribimos <a href=\"https:\/\/pablocarpintero.es\/wp-content\/uploads\/2021\/10\/Esqueuomorfismo-Rev-de-Folklore.pdf\">en este art\u00edculo<\/a>, una manera de adornar probablemente tan antigua como el propio puntero. Puesto que esta ornamentaci\u00f3n en anillos aparece tambi\u00e9n en algunos roncones antiguos de Pontevedra, y como el ronc\u00f3n de la gaita de Xan de Campa\u00f1\u00f3 no parece pertenecer a la misma \u00e9poca que su puntero, quisimos realizar esta r\u00e9plica recuperando tambi\u00e9n esta ornamentaci\u00f3n, disponiendo gruesos anillos de cuerno sobre las femias de la segunda y tercera del ronc\u00f3n.<span class=\"Apple-converted-space\">\u00a0<\/span><\/p>\n<p class=\"p1\">El puntero original tiene una escala en modo Sol, perfectamente sintonizada para su correspondencia exacta con los arm\u00f3nicos del ronquillo. La t\u00f3nica est\u00e1 a la altura del Si natural y tiene un sonido maravilloso y poderoso. Utiliza ca\u00f1as grandes, cuadradas, elaboradas con la parte exterior y dura de la ca\u00f1a y con yugo met\u00e1lico, t\u00edpicas del occidente gallego, por ello es un instrumento que necesita un cierto aprendizaje en cuanto al tempero. Est\u00e1 pensado para tocar con la digitaci\u00f3n propia de Pontevedra, cerrada y siempre apoyando el dedo me\u00f1ique como nos transmitieron Casto Sampedro y Perfecto Feijoo. <span class=\"Apple-converted-space\">\u00a0<\/span><\/p>\n<p>En los siguientes videos puedes escuchar el puntero original tocando algunas melod\u00edas. Muchas gracias a su familia, en especial a Maril\u00e9 Salgado, que tan amablemente nos deja analizar y tocar siempre esta hermosa y antigua gaita.<\/p>\n<div  class='avia-video av-av4jv-fe9fb6c73f398ad8647ce500372f6954 avia-video-16-9 av-no-preview-image avia-video-load-always av-lazyload-immediate av-lazyload-video-embed'  itemprop=\"video\" itemtype=\"https:\/\/schema.org\/VideoObject\"  data-original_url='https:\/\/www.youtube.com\/watch?v=A2680hS4LZ4'><script type='text\/html' class='av-video-tmpl'><div class='avia-iframe-wrap'><iframe loading=\"lazy\" title=\"Gaita de Xan de Campa\u00f1\u00f3 (madeira 1420-1450 AD, 500 anos de uso)\" width=\"1500\" height=\"844\" src=\"https:\/\/www.youtube.com\/embed\/A2680hS4LZ4?feature=oembed&autoplay=0&loop=0&controls=1&mute=0\" frameborder=\"0\" allow=\"accelerometer; autoplay; clipboard-write; encrypted-media; gyroscope; picture-in-picture\" allowfullscreen><\/iframe><\/div><\/script><div class='av-click-to-play-overlay'><div class=\"avia_playpause_icon\"><\/div><\/div><\/div>\n<div  class='avia-video av-9az0h-fc7a95a83628bd63fa998a3f9754571a avia-video-16-9 av-no-preview-image avia-video-load-always av-lazyload-immediate av-lazyload-video-embed'  itemprop=\"video\" itemtype=\"https:\/\/schema.org\/VideoObject\"  data-original_url='https:\/\/www.youtube.com\/watch?v=pUlwQtn9GKc'><script type='text\/html' class='av-video-tmpl'><div class='avia-iframe-wrap'><iframe loading=\"lazy\" title=\"Gaita Xan de Campa\u00f1\u00f3 4\" width=\"1500\" height=\"844\" src=\"https:\/\/www.youtube.com\/embed\/pUlwQtn9GKc?feature=oembed&autoplay=0&loop=0&controls=1&mute=0\" frameborder=\"0\" allow=\"accelerometer; autoplay; clipboard-write; encrypted-media; gyroscope; picture-in-picture\" allowfullscreen><\/iframe><\/div><\/script><div class='av-click-to-play-overlay'><div class=\"avia_playpause_icon\"><\/div><\/div><\/div>\n<p>En este v\u00eddeo puedes escuchar la r\u00e9plica de esta gaita.<\/p>\n<div  class='avia-video av-7utmr-b7fd2946b03154b33a76912a3f74b28f avia-video-16-9 av-no-preview-image avia-video-load-always av-lazyload-immediate av-lazyload-video-embed'  itemprop=\"video\" itemtype=\"https:\/\/schema.org\/VideoObject\"  data-original_url='https:\/\/www.youtube.com\/watch?v=dx4LcM6iLLY'><script type='text\/html' class='av-video-tmpl'><div class='avia-iframe-wrap'><iframe loading=\"lazy\" title=\"Gaita de Xan de Campa\u00f1\u00f3-Mui\u00f1eira\" width=\"1500\" height=\"844\" src=\"https:\/\/www.youtube.com\/embed\/dx4LcM6iLLY?feature=oembed&autoplay=0&loop=0&controls=1&mute=0\" frameborder=\"0\" allow=\"accelerometer; autoplay; clipboard-write; encrypted-media; gyroscope; picture-in-picture\" allowfullscreen><\/iframe><\/div><\/script><div class='av-click-to-play-overlay'><div class=\"avia_playpause_icon\"><\/div><\/div><\/div>\n<p class=\"p1\"><strong>Compra por encargo<\/strong><\/p>\n<p class=\"p1\">Debido a las caracter\u00edsticas de las gaitas de fuelle antiguas, estas no tienen un precio fijo asignado, que depender\u00e1 del tipo de madera y de otras caracter\u00edsticas est\u00e9ticas que puedes escoger como anillados en diferentes materiales, flecos o ribeteados de los vestidos. Todas las r\u00e9plicas de gaitas de fuelle tienen una demora que depende de nuestra lista de espera. Consulta con nosotros para saber m\u00e1s.<\/p>\n<div  class='avia-button-wrap av-7w2e1-2cfff7366207172118f91cc6d7012c90-wrap avia-button-center  avia-builder-el-3  el_after_av_video  avia-builder-el-last'><a href='https:\/\/pablocarpintero.es\/es\/contactar\/'  class='avia-button av-7w2e1-2cfff7366207172118f91cc6d7012c90 avia-icon_select-yes-left-icon avia-size-small avia-position-center avia-color-theme-color'  ><span class='avia_button_icon avia_button_icon_left' aria-hidden='true' data-av_icon='\ue81f' data-av_iconfont='entypo-fontello'><\/span><span class='avia_iconbox_title' >Solicita informaci\u00f3n de precios<\/span><\/a><\/div>\n<p>&nbsp;<\/p>","protected":false},"excerpt":{"rendered":"<p>A familia do famoso gaiteiro de Campa\u00f1\u00f3, Xan Tilve Castro (1872-1950), conserva a s\u00faa fermosa gaita de fol, que pertence \u00e1 tipolox\u00eda das gaitas de ronquillo da zona de Pontevedra. O ronc\u00f3n e o ronquillo, ambos en buxo, poder\u00edan ter sido fabricados por Manuel Villanueva, de quen Xan foi disc\u00edpulo; as buxas e o soprete [&hellip;]<\/p>\n","protected":false},"featured_media":2012,"comment_status":"open","ping_status":"closed","template":"","meta":{"give_campaign_id":0,"_joinchat":[]},"product_brand":[],"product_cat":[20,18,21,24],"product_tag":[],"class_list":{"0":"post-395","1":"product","2":"type-product","3":"status-publish","4":"has-post-thumbnail","6":"product_cat-gaitas-de-fol","7":"product_cat-instrumentos-musicales","8":"product_cat-replicas-de-gaitas-de-fol-antigas","9":"product_cat-replicas-de-gaitas-galegas","11":"first","12":"instock","13":"taxable","14":"shipping-taxable","15":"product-type-simple"},"yoast_head":"<!-- This site is optimized with the Yoast SEO plugin v27.2 - https:\/\/yoast.com\/product\/yoast-seo-wordpress\/ -->\n<title>Gaita de ronquillo de Xan de Campa\u00f1\u00f3 (s\u00e9culo XV) - Pablo Carpintero<\/title>\n<meta name=\"robots\" content=\"index, follow, max-snippet:-1, max-image-preview:large, max-video-preview:-1\" \/>\n<link rel=\"canonical\" href=\"https:\/\/pablocarpintero.es\/es\/producto\/gaita-de-ronquillo-de-xan-de-campano\/\" \/>\n<meta property=\"og:locale\" content=\"es_ES\" \/>\n<meta property=\"og:type\" content=\"article\" \/>\n<meta property=\"og:title\" content=\"Gaita de ronquillo de Xan de Campa\u00f1\u00f3 (s\u00e9culo XV) - Pablo Carpintero\" \/>\n<meta property=\"og:description\" content=\"A familia do famoso gaiteiro de Campa\u00f1\u00f3, Xan Tilve Castro (1872-1950), conserva a s\u00faa fermosa gaita de fol, que pertence \u00e1 tipolox\u00eda das gaitas de ronquillo da zona de Pontevedra. O ronc\u00f3n e o ronquillo, ambos en buxo, poder\u00edan ter sido fabricados por Manuel Villanueva, de quen Xan foi disc\u00edpulo; as buxas e o soprete [&hellip;]\" \/>\n<meta property=\"og:url\" content=\"https:\/\/pablocarpintero.es\/es\/producto\/gaita-de-ronquillo-de-xan-de-campano\/\" \/>\n<meta property=\"og:site_name\" content=\"Pablo Carpintero\" \/>\n<meta property=\"article:modified_time\" content=\"2023-12-04T08:46:37+00:00\" \/>\n<meta property=\"og:image\" content=\"https:\/\/pablocarpintero.es\/wp-content\/uploads\/2021\/10\/DSC_7510.jpg\" \/>\n\t<meta property=\"og:image:width\" content=\"1385\" \/>\n\t<meta property=\"og:image:height\" content=\"1292\" \/>\n\t<meta property=\"og:image:type\" content=\"image\/jpeg\" \/>\n<meta name=\"twitter:card\" content=\"summary_large_image\" \/>\n<meta name=\"twitter:label1\" content=\"Tiempo de lectura\" \/>\n\t<meta name=\"twitter:data1\" content=\"3 minutos\" \/>\n<script type=\"application\/ld+json\" class=\"yoast-schema-graph\">{\"@context\":\"https:\/\/schema.org\",\"@graph\":[{\"@type\":\"WebPage\",\"@id\":\"https:\/\/pablocarpintero.es\/producto\/gaita-de-ronquillo-de-xan-de-campano\/\",\"url\":\"https:\/\/pablocarpintero.es\/producto\/gaita-de-ronquillo-de-xan-de-campano\/\",\"name\":\"Gaita de ronquillo de Xan de Campa\u00f1\u00f3 (s\u00e9culo XV) - Pablo Carpintero\",\"isPartOf\":{\"@id\":\"https:\/\/pablocarpintero.es\/#website\"},\"primaryImageOfPage\":{\"@id\":\"https:\/\/pablocarpintero.es\/producto\/gaita-de-ronquillo-de-xan-de-campano\/#primaryimage\"},\"image\":{\"@id\":\"https:\/\/pablocarpintero.es\/producto\/gaita-de-ronquillo-de-xan-de-campano\/#primaryimage\"},\"thumbnailUrl\":\"https:\/\/pablocarpintero.es\/wp-content\/uploads\/2021\/10\/DSC_7510.jpg\",\"datePublished\":\"2021-10-16T14:24:13+00:00\",\"dateModified\":\"2023-12-04T08:46:37+00:00\",\"breadcrumb\":{\"@id\":\"https:\/\/pablocarpintero.es\/producto\/gaita-de-ronquillo-de-xan-de-campano\/#breadcrumb\"},\"inLanguage\":\"es\",\"potentialAction\":[{\"@type\":\"ReadAction\",\"target\":[\"https:\/\/pablocarpintero.es\/producto\/gaita-de-ronquillo-de-xan-de-campano\/\"]}]},{\"@type\":\"ImageObject\",\"inLanguage\":\"es\",\"@id\":\"https:\/\/pablocarpintero.es\/producto\/gaita-de-ronquillo-de-xan-de-campano\/#primaryimage\",\"url\":\"https:\/\/pablocarpintero.es\/wp-content\/uploads\/2021\/10\/DSC_7510.jpg\",\"contentUrl\":\"https:\/\/pablocarpintero.es\/wp-content\/uploads\/2021\/10\/DSC_7510.jpg\",\"width\":1385,\"height\":1292},{\"@type\":\"BreadcrumbList\",\"@id\":\"https:\/\/pablocarpintero.es\/producto\/gaita-de-ronquillo-de-xan-de-campano\/#breadcrumb\",\"itemListElement\":[{\"@type\":\"ListItem\",\"position\":1,\"name\":\"Portada\",\"item\":\"https:\/\/pablocarpintero.es\/inicio\/\"},{\"@type\":\"ListItem\",\"position\":2,\"name\":\"Tienda\",\"item\":\"https:\/\/pablocarpintero.es\/tienda\/\"},{\"@type\":\"ListItem\",\"position\":3,\"name\":\"Gaita de ronquillo de Xan de Campa\u00f1\u00f3 (s\u00e9culo XV)\"}]},{\"@type\":\"WebSite\",\"@id\":\"https:\/\/pablocarpintero.es\/#website\",\"url\":\"https:\/\/pablocarpintero.es\/\",\"name\":\"Pablo Carpintero\",\"description\":\"Otro sitio realizado con WordPress\",\"potentialAction\":[{\"@type\":\"SearchAction\",\"target\":{\"@type\":\"EntryPoint\",\"urlTemplate\":\"https:\/\/pablocarpintero.es\/?s={search_term_string}\"},\"query-input\":{\"@type\":\"PropertyValueSpecification\",\"valueRequired\":true,\"valueName\":\"search_term_string\"}}],\"inLanguage\":\"es\"}]}<\/script>\n<!-- \/ Yoast SEO plugin. -->","yoast_head_json":{"title":"Gaita de ronquillo de Xan de Campa\u00f1\u00f3 (s\u00e9culo XV) - Pablo Carpintero","robots":{"index":"index","follow":"follow","max-snippet":"max-snippet:-1","max-image-preview":"max-image-preview:large","max-video-preview":"max-video-preview:-1"},"canonical":"https:\/\/pablocarpintero.es\/es\/producto\/gaita-de-ronquillo-de-xan-de-campano\/","og_locale":"es_ES","og_type":"article","og_title":"Gaita de ronquillo de Xan de Campa\u00f1\u00f3 (s\u00e9culo XV) - Pablo Carpintero","og_description":"A familia do famoso gaiteiro de Campa\u00f1\u00f3, Xan Tilve Castro (1872-1950), conserva a s\u00faa fermosa gaita de fol, que pertence \u00e1 tipolox\u00eda das gaitas de ronquillo da zona de Pontevedra. O ronc\u00f3n e o ronquillo, ambos en buxo, poder\u00edan ter sido fabricados por Manuel Villanueva, de quen Xan foi disc\u00edpulo; as buxas e o soprete [&hellip;]","og_url":"https:\/\/pablocarpintero.es\/es\/producto\/gaita-de-ronquillo-de-xan-de-campano\/","og_site_name":"Pablo Carpintero","article_modified_time":"2023-12-04T08:46:37+00:00","og_image":[{"width":1385,"height":1292,"url":"https:\/\/pablocarpintero.es\/wp-content\/uploads\/2021\/10\/DSC_7510.jpg","type":"image\/jpeg"}],"twitter_card":"summary_large_image","twitter_misc":{"Tiempo de lectura":"3 minutos"},"schema":{"@context":"https:\/\/schema.org","@graph":[{"@type":"WebPage","@id":"https:\/\/pablocarpintero.es\/producto\/gaita-de-ronquillo-de-xan-de-campano\/","url":"https:\/\/pablocarpintero.es\/producto\/gaita-de-ronquillo-de-xan-de-campano\/","name":"Gaita de ronquillo de Xan de Campa\u00f1\u00f3 (s\u00e9culo XV) - Pablo Carpintero","isPartOf":{"@id":"https:\/\/pablocarpintero.es\/#website"},"primaryImageOfPage":{"@id":"https:\/\/pablocarpintero.es\/producto\/gaita-de-ronquillo-de-xan-de-campano\/#primaryimage"},"image":{"@id":"https:\/\/pablocarpintero.es\/producto\/gaita-de-ronquillo-de-xan-de-campano\/#primaryimage"},"thumbnailUrl":"https:\/\/pablocarpintero.es\/wp-content\/uploads\/2021\/10\/DSC_7510.jpg","datePublished":"2021-10-16T14:24:13+00:00","dateModified":"2023-12-04T08:46:37+00:00","breadcrumb":{"@id":"https:\/\/pablocarpintero.es\/producto\/gaita-de-ronquillo-de-xan-de-campano\/#breadcrumb"},"inLanguage":"es","potentialAction":[{"@type":"ReadAction","target":["https:\/\/pablocarpintero.es\/producto\/gaita-de-ronquillo-de-xan-de-campano\/"]}]},{"@type":"ImageObject","inLanguage":"es","@id":"https:\/\/pablocarpintero.es\/producto\/gaita-de-ronquillo-de-xan-de-campano\/#primaryimage","url":"https:\/\/pablocarpintero.es\/wp-content\/uploads\/2021\/10\/DSC_7510.jpg","contentUrl":"https:\/\/pablocarpintero.es\/wp-content\/uploads\/2021\/10\/DSC_7510.jpg","width":1385,"height":1292},{"@type":"BreadcrumbList","@id":"https:\/\/pablocarpintero.es\/producto\/gaita-de-ronquillo-de-xan-de-campano\/#breadcrumb","itemListElement":[{"@type":"ListItem","position":1,"name":"Portada","item":"https:\/\/pablocarpintero.es\/inicio\/"},{"@type":"ListItem","position":2,"name":"Tienda","item":"https:\/\/pablocarpintero.es\/tienda\/"},{"@type":"ListItem","position":3,"name":"Gaita de ronquillo de Xan de Campa\u00f1\u00f3 (s\u00e9culo XV)"}]},{"@type":"WebSite","@id":"https:\/\/pablocarpintero.es\/#website","url":"https:\/\/pablocarpintero.es\/","name":"Pablo Carpintero","description":"Otro sitio realizado con WordPress","potentialAction":[{"@type":"SearchAction","target":{"@type":"EntryPoint","urlTemplate":"https:\/\/pablocarpintero.es\/?s={search_term_string}"},"query-input":{"@type":"PropertyValueSpecification","valueRequired":true,"valueName":"search_term_string"}}],"inLanguage":"es"}]}},"_links":{"self":[{"href":"https:\/\/pablocarpintero.es\/es\/wp-json\/wp\/v2\/product\/395","targetHints":{"allow":["GET"]}}],"collection":[{"href":"https:\/\/pablocarpintero.es\/es\/wp-json\/wp\/v2\/product"}],"about":[{"href":"https:\/\/pablocarpintero.es\/es\/wp-json\/wp\/v2\/types\/product"}],"replies":[{"embeddable":true,"href":"https:\/\/pablocarpintero.es\/es\/wp-json\/wp\/v2\/comments?post=395"}],"wp:featuredmedia":[{"embeddable":true,"href":"https:\/\/pablocarpintero.es\/es\/wp-json\/wp\/v2\/media\/2012"}],"wp:attachment":[{"href":"https:\/\/pablocarpintero.es\/es\/wp-json\/wp\/v2\/media?parent=395"}],"wp:term":[{"taxonomy":"product_brand","embeddable":true,"href":"https:\/\/pablocarpintero.es\/es\/wp-json\/wp\/v2\/product_brand?post=395"},{"taxonomy":"product_cat","embeddable":true,"href":"https:\/\/pablocarpintero.es\/es\/wp-json\/wp\/v2\/product_cat?post=395"},{"taxonomy":"product_tag","embeddable":true,"href":"https:\/\/pablocarpintero.es\/es\/wp-json\/wp\/v2\/product_tag?post=395"}],"curies":[{"name":"wp","href":"https:\/\/api.w.org\/{rel}","templated":true}]}}