{"id":397,"date":"2021-10-16T14:25:27","date_gmt":"2021-10-16T14:25:27","guid":{"rendered":"https:\/\/pablocarpintero.es\/?post_type=product&#038;p=397"},"modified":"2021-11-04T06:34:20","modified_gmt":"2021-11-04T06:34:20","slug":"gaita-redonda-de-manuel-villanueva","status":"publish","type":"product","link":"https:\/\/pablocarpintero.es\/es\/producto\/gaita-redonda-de-manuel-villanueva\/","title":{"rendered":"Gaita redonda de Manuel Villanueva"},"content":{"rendered":"<p class=\"p1\">En el Museo de Pontevedra se conservan las dos gaitas que pertenecieron al m\u00edtico gaitero y constructor Manuel Villanueva de Poio (Pontevedra). La gaita tumbal fue construida por \u00e9l, pero la redonda no sali\u00f3 de sus manos, pues no fue fabricada con sus herramientas, tambi\u00e9n conservadas en el Museo. La gaita redonda es un hermoso ejemplo de gaita de ronquillo de Pontevedra, con la escala en modo de Sol y la t\u00f3nica en altura de Do. Est\u00e1 construida \u00edntegramente en boj y tiene un sonido excepcional. El puntero es \u00e1gil y relativamente f\u00e1cil de tocar. Va equipado con pajuelas grandes y cuadradas, hechas con la parte exterior y dura de la ca\u00f1a y con yugo de metal, o sea, las propias de la zona occidental gallega.<span class=\"Apple-converted-space\">\u00a0<\/span><\/p>\n<p class=\"p1\"><strong>Compra por encargo<\/strong><\/p>\n<p class=\"p1\">Debido a las caracter\u00edsticas de las gaitas de fuelle antiguas, estas no tienen un precio fijo asignado, que depender\u00e1 del tipo de madera y de otras caracter\u00edsticas est\u00e9ticas que puedes escoger como anillados en diferentes materiales, flecos o ribeteados de los vestidos. Todas las r\u00e9plicas de gaitas de fuelle tienen una demora que depende de nuestra lista de espera. Consulta con nosotros para saber m\u00e1s.<\/p>\n<div  class='avia-button-wrap av-7w2e1-2cfff7366207172118f91cc6d7012c90-wrap avia-button-center  avia-builder-el-0  avia-builder-el-no-sibling'><a href='https:\/\/pablocarpintero.es\/es\/contactar\/'  class='avia-button av-7w2e1-2cfff7366207172118f91cc6d7012c90 avia-icon_select-yes-left-icon avia-size-small avia-position-center avia-color-theme-color'  ><span class='avia_button_icon avia_button_icon_left' aria-hidden='true' data-av_icon='\ue81f' data-av_iconfont='entypo-fontello'><\/span><span class='avia_iconbox_title' >Solicita informaci\u00f3n de precios<\/span><\/a><\/div>","protected":false},"excerpt":{"rendered":"<p>No Museo de Pontevedra cons\u00e9rvanse as d\u00faas gaitas que pertenceron ao m\u00edtico gaiteiro e construtor Manuel Villanueva de Poio (Pontevedra). A gaita tumbal foi constru\u00edda por el mesmo, pero a redonda non sa\u00edu das s\u00faas mans, pois non foi fabricada coas s\u00faas ferramentas, tam\u00e9n conservadas no Museo. Est\u00e1 constru\u00edda integramente en buxo e ten un [&hellip;]<\/p>\n","protected":false},"featured_media":719,"comment_status":"open","ping_status":"closed","template":"","meta":{"give_campaign_id":0,"_joinchat":[]},"product_brand":[],"product_cat":[20,18,21,24],"product_tag":[],"class_list":{"0":"post-397","1":"product","2":"type-product","3":"status-publish","4":"has-post-thumbnail","6":"product_cat-gaitas-de-fol","7":"product_cat-instrumentos-musicales","8":"product_cat-replicas-de-gaitas-de-fol-antigas","9":"product_cat-replicas-de-gaitas-galegas","11":"first","12":"instock","13":"taxable","14":"shipping-taxable","15":"product-type-simple"},"yoast_head":"<!-- This site is optimized with the Yoast SEO plugin v27.2 - https:\/\/yoast.com\/product\/yoast-seo-wordpress\/ -->\n<title>Gaita redonda de Manuel Villanueva - Pablo Carpintero<\/title>\n<meta name=\"robots\" content=\"index, follow, max-snippet:-1, max-image-preview:large, max-video-preview:-1\" \/>\n<link rel=\"canonical\" href=\"https:\/\/pablocarpintero.es\/es\/producto\/gaita-redonda-de-manuel-villanueva\/\" \/>\n<meta property=\"og:locale\" content=\"es_ES\" \/>\n<meta property=\"og:type\" content=\"article\" \/>\n<meta property=\"og:title\" content=\"Gaita redonda de Manuel Villanueva - Pablo Carpintero\" \/>\n<meta property=\"og:description\" content=\"No Museo de Pontevedra cons\u00e9rvanse as d\u00faas gaitas que pertenceron ao m\u00edtico gaiteiro e construtor Manuel Villanueva de Poio (Pontevedra). A gaita tumbal foi constru\u00edda por el mesmo, pero a redonda non sa\u00edu das s\u00faas mans, pois non foi fabricada coas s\u00faas ferramentas, tam\u00e9n conservadas no Museo. Est\u00e1 constru\u00edda integramente en buxo e ten un [&hellip;]\" \/>\n<meta property=\"og:url\" content=\"https:\/\/pablocarpintero.es\/es\/producto\/gaita-redonda-de-manuel-villanueva\/\" \/>\n<meta property=\"og:site_name\" content=\"Pablo Carpintero\" \/>\n<meta property=\"article:modified_time\" content=\"2021-11-04T06:34:20+00:00\" \/>\n<meta property=\"og:image\" content=\"https:\/\/pablocarpintero.es\/wp-content\/uploads\/2021\/10\/Gaita-redonda-de-Villanuev.jpg\" \/>\n\t<meta property=\"og:image:width\" content=\"2144\" \/>\n\t<meta property=\"og:image:height\" content=\"1424\" \/>\n\t<meta property=\"og:image:type\" content=\"image\/jpeg\" \/>\n<meta name=\"twitter:card\" content=\"summary_large_image\" \/>\n<meta name=\"twitter:label1\" content=\"Tiempo de lectura\" \/>\n\t<meta name=\"twitter:data1\" content=\"2 minutos\" \/>\n<script type=\"application\/ld+json\" class=\"yoast-schema-graph\">{\"@context\":\"https:\/\/schema.org\",\"@graph\":[{\"@type\":\"WebPage\",\"@id\":\"https:\/\/pablocarpintero.es\/producto\/gaita-redonda-de-manuel-villanueva\/\",\"url\":\"https:\/\/pablocarpintero.es\/producto\/gaita-redonda-de-manuel-villanueva\/\",\"name\":\"Gaita redonda de Manuel Villanueva - Pablo Carpintero\",\"isPartOf\":{\"@id\":\"https:\/\/pablocarpintero.es\/#website\"},\"primaryImageOfPage\":{\"@id\":\"https:\/\/pablocarpintero.es\/producto\/gaita-redonda-de-manuel-villanueva\/#primaryimage\"},\"image\":{\"@id\":\"https:\/\/pablocarpintero.es\/producto\/gaita-redonda-de-manuel-villanueva\/#primaryimage\"},\"thumbnailUrl\":\"https:\/\/pablocarpintero.es\/wp-content\/uploads\/2021\/10\/Gaita-redonda-de-Villanuev.jpg\",\"datePublished\":\"2021-10-16T14:25:27+00:00\",\"dateModified\":\"2021-11-04T06:34:20+00:00\",\"breadcrumb\":{\"@id\":\"https:\/\/pablocarpintero.es\/producto\/gaita-redonda-de-manuel-villanueva\/#breadcrumb\"},\"inLanguage\":\"es\",\"potentialAction\":[{\"@type\":\"ReadAction\",\"target\":[\"https:\/\/pablocarpintero.es\/producto\/gaita-redonda-de-manuel-villanueva\/\"]}]},{\"@type\":\"ImageObject\",\"inLanguage\":\"es\",\"@id\":\"https:\/\/pablocarpintero.es\/producto\/gaita-redonda-de-manuel-villanueva\/#primaryimage\",\"url\":\"https:\/\/pablocarpintero.es\/wp-content\/uploads\/2021\/10\/Gaita-redonda-de-Villanuev.jpg\",\"contentUrl\":\"https:\/\/pablocarpintero.es\/wp-content\/uploads\/2021\/10\/Gaita-redonda-de-Villanuev.jpg\",\"width\":2144,\"height\":1424},{\"@type\":\"BreadcrumbList\",\"@id\":\"https:\/\/pablocarpintero.es\/producto\/gaita-redonda-de-manuel-villanueva\/#breadcrumb\",\"itemListElement\":[{\"@type\":\"ListItem\",\"position\":1,\"name\":\"Portada\",\"item\":\"https:\/\/pablocarpintero.es\/inicio\/\"},{\"@type\":\"ListItem\",\"position\":2,\"name\":\"Tienda\",\"item\":\"https:\/\/pablocarpintero.es\/tienda\/\"},{\"@type\":\"ListItem\",\"position\":3,\"name\":\"Gaita redonda de Manuel Villanueva\"}]},{\"@type\":\"WebSite\",\"@id\":\"https:\/\/pablocarpintero.es\/#website\",\"url\":\"https:\/\/pablocarpintero.es\/\",\"name\":\"Pablo Carpintero\",\"description\":\"Otro sitio realizado con WordPress\",\"potentialAction\":[{\"@type\":\"SearchAction\",\"target\":{\"@type\":\"EntryPoint\",\"urlTemplate\":\"https:\/\/pablocarpintero.es\/?s={search_term_string}\"},\"query-input\":{\"@type\":\"PropertyValueSpecification\",\"valueRequired\":true,\"valueName\":\"search_term_string\"}}],\"inLanguage\":\"es\"}]}<\/script>\n<!-- \/ Yoast SEO plugin. -->","yoast_head_json":{"title":"Gaita redonda de Manuel Villanueva - Pablo Carpintero","robots":{"index":"index","follow":"follow","max-snippet":"max-snippet:-1","max-image-preview":"max-image-preview:large","max-video-preview":"max-video-preview:-1"},"canonical":"https:\/\/pablocarpintero.es\/es\/producto\/gaita-redonda-de-manuel-villanueva\/","og_locale":"es_ES","og_type":"article","og_title":"Gaita redonda de Manuel Villanueva - Pablo Carpintero","og_description":"No Museo de Pontevedra cons\u00e9rvanse as d\u00faas gaitas que pertenceron ao m\u00edtico gaiteiro e construtor Manuel Villanueva de Poio (Pontevedra). A gaita tumbal foi constru\u00edda por el mesmo, pero a redonda non sa\u00edu das s\u00faas mans, pois non foi fabricada coas s\u00faas ferramentas, tam\u00e9n conservadas no Museo. Est\u00e1 constru\u00edda integramente en buxo e ten un [&hellip;]","og_url":"https:\/\/pablocarpintero.es\/es\/producto\/gaita-redonda-de-manuel-villanueva\/","og_site_name":"Pablo Carpintero","article_modified_time":"2021-11-04T06:34:20+00:00","og_image":[{"width":2144,"height":1424,"url":"https:\/\/pablocarpintero.es\/wp-content\/uploads\/2021\/10\/Gaita-redonda-de-Villanuev.jpg","type":"image\/jpeg"}],"twitter_card":"summary_large_image","twitter_misc":{"Tiempo de lectura":"2 minutos"},"schema":{"@context":"https:\/\/schema.org","@graph":[{"@type":"WebPage","@id":"https:\/\/pablocarpintero.es\/producto\/gaita-redonda-de-manuel-villanueva\/","url":"https:\/\/pablocarpintero.es\/producto\/gaita-redonda-de-manuel-villanueva\/","name":"Gaita redonda de Manuel Villanueva - Pablo Carpintero","isPartOf":{"@id":"https:\/\/pablocarpintero.es\/#website"},"primaryImageOfPage":{"@id":"https:\/\/pablocarpintero.es\/producto\/gaita-redonda-de-manuel-villanueva\/#primaryimage"},"image":{"@id":"https:\/\/pablocarpintero.es\/producto\/gaita-redonda-de-manuel-villanueva\/#primaryimage"},"thumbnailUrl":"https:\/\/pablocarpintero.es\/wp-content\/uploads\/2021\/10\/Gaita-redonda-de-Villanuev.jpg","datePublished":"2021-10-16T14:25:27+00:00","dateModified":"2021-11-04T06:34:20+00:00","breadcrumb":{"@id":"https:\/\/pablocarpintero.es\/producto\/gaita-redonda-de-manuel-villanueva\/#breadcrumb"},"inLanguage":"es","potentialAction":[{"@type":"ReadAction","target":["https:\/\/pablocarpintero.es\/producto\/gaita-redonda-de-manuel-villanueva\/"]}]},{"@type":"ImageObject","inLanguage":"es","@id":"https:\/\/pablocarpintero.es\/producto\/gaita-redonda-de-manuel-villanueva\/#primaryimage","url":"https:\/\/pablocarpintero.es\/wp-content\/uploads\/2021\/10\/Gaita-redonda-de-Villanuev.jpg","contentUrl":"https:\/\/pablocarpintero.es\/wp-content\/uploads\/2021\/10\/Gaita-redonda-de-Villanuev.jpg","width":2144,"height":1424},{"@type":"BreadcrumbList","@id":"https:\/\/pablocarpintero.es\/producto\/gaita-redonda-de-manuel-villanueva\/#breadcrumb","itemListElement":[{"@type":"ListItem","position":1,"name":"Portada","item":"https:\/\/pablocarpintero.es\/inicio\/"},{"@type":"ListItem","position":2,"name":"Tienda","item":"https:\/\/pablocarpintero.es\/tienda\/"},{"@type":"ListItem","position":3,"name":"Gaita redonda de Manuel Villanueva"}]},{"@type":"WebSite","@id":"https:\/\/pablocarpintero.es\/#website","url":"https:\/\/pablocarpintero.es\/","name":"Pablo Carpintero","description":"Otro sitio realizado con WordPress","potentialAction":[{"@type":"SearchAction","target":{"@type":"EntryPoint","urlTemplate":"https:\/\/pablocarpintero.es\/?s={search_term_string}"},"query-input":{"@type":"PropertyValueSpecification","valueRequired":true,"valueName":"search_term_string"}}],"inLanguage":"es"}]}},"_links":{"self":[{"href":"https:\/\/pablocarpintero.es\/es\/wp-json\/wp\/v2\/product\/397","targetHints":{"allow":["GET"]}}],"collection":[{"href":"https:\/\/pablocarpintero.es\/es\/wp-json\/wp\/v2\/product"}],"about":[{"href":"https:\/\/pablocarpintero.es\/es\/wp-json\/wp\/v2\/types\/product"}],"replies":[{"embeddable":true,"href":"https:\/\/pablocarpintero.es\/es\/wp-json\/wp\/v2\/comments?post=397"}],"wp:featuredmedia":[{"embeddable":true,"href":"https:\/\/pablocarpintero.es\/es\/wp-json\/wp\/v2\/media\/719"}],"wp:attachment":[{"href":"https:\/\/pablocarpintero.es\/es\/wp-json\/wp\/v2\/media?parent=397"}],"wp:term":[{"taxonomy":"product_brand","embeddable":true,"href":"https:\/\/pablocarpintero.es\/es\/wp-json\/wp\/v2\/product_brand?post=397"},{"taxonomy":"product_cat","embeddable":true,"href":"https:\/\/pablocarpintero.es\/es\/wp-json\/wp\/v2\/product_cat?post=397"},{"taxonomy":"product_tag","embeddable":true,"href":"https:\/\/pablocarpintero.es\/es\/wp-json\/wp\/v2\/product_tag?post=397"}],"curies":[{"name":"wp","href":"https:\/\/api.w.org\/{rel}","templated":true}]}}