{"id":398,"date":"2021-10-16T14:26:35","date_gmt":"2021-10-16T14:26:35","guid":{"rendered":"https:\/\/pablocarpintero.es\/?post_type=product&#038;p=398"},"modified":"2024-04-15T05:29:22","modified_gmt":"2024-04-15T05:29:22","slug":"punteiro-con-aneis-do-museo-de-pontevedra","status":"publish","type":"product","link":"https:\/\/pablocarpintero.es\/es\/producto\/punteiro-con-aneis-do-museo-de-pontevedra\/","title":{"rendered":"Puntero con anillos del Museo de Pontevedra"},"content":{"rendered":"<p class=\"p1 translation-block\">Manuel Villanueva, m\u00edtico gaiteiro e construtor de gaitas de Poio (Pontevedra) cedeu a Perfecto Feijoo as s\u00faas d\u00faas gaitas de ronquillo e as ferramentas para constru\u00edlas. Este conxunto foi cedido por D. Perfecto ao Museo de Pontevedra onde actualmente se custodia. Entre as ferramentas de Villanueva achamos un fermos\u00edsimo punteiro con cunha ornamentaci\u00f3n no fuste consistente en aneis de corno sobre a que escribimos neste <a href=\"https:\/\/pablocarpintero.es\/wp-content\/uploads\/2021\/10\/Esqueuomorfismo-Rev-de-Folklore.pdf\" target=\"_self\">artigo<\/a>. Segundo as dataci\u00f3ns do 14C realizadas, a madeira deste punteiro morreu a mediados do s\u00e9culo XVI, polo que a s\u00faa data de fabricaci\u00f3n, tendo en conta as distancias entre estas dataci\u00f3ns e as datas de fabricaci\u00f3n que achamos noutros punteiros <a href=\"https:\/\/pablocarpintero.es\/es\/achamos-gaitas-en-galicia-e-portugal-en-uso-dende-a-idade-media\/\" target=\"_self\">datados polo m\u00e9todo dos desgastes<\/a>, debeu estar moi preto desta data. Presenta unha escala en modo de Sol, con subt\u00f3nica case completa e a t\u00f3nica en altura de Si natural. Est\u00e1 dese\u00f1ado para tocar empregando a dixitaci\u00f3n propia de Pontevedra, pechada e apoiando sempre o meni\u00f1o como Casto Sampedro e Perfecto Feijoo nos transmitiron, pero a s\u00faa flexibilidade permite fabricalo para outras dixitaci\u00f3ns pechadas e incluso para tocar en aberto. Fixemos a s\u00faa r\u00e9plica e mont\u00e1mola nunha gaita que \u00e9 copia da gaita de ronquillo do gaiteiro Jos\u00e9 Mar\u00eda Garc\u00eda de Mogor (Pontevedra). O punteiro emprega palletas grandes e cadradas, feitas coa parte exterior e dura da cana e con xugo de metal, que son as propias da zona occidental galega, por este motivo \u00e9 un instrumento que precisa dunha certa aprendizaxe a nivel de tempero. <span class=\"Apple-converted-space\">&nbsp;<\/span><\/p>\n<p>Se puede montar en una gaita de ronquillo completa como la que puedes escuchar <a href=\"https:\/\/pablocarpintero.es\/es\/producto\/gaita-de-jose-maria-garcia-mogor\/\">aqu\u00ed<\/a>.<\/p>\n<p class=\"p1\"><strong>Compra por encargo<\/strong><\/p>\n<p class=\"p1\">Debido a las caracter\u00edsticas de las gaitas de fuelle antiguas, estas no tienen un precio fijo asignado, que depender\u00e1 del tipo de madera y de otras caracter\u00edsticas est\u00e9ticas que puedes escoger como anillados en diferentes materiales, flecos o ribeteados de los vestidos. Todas las r\u00e9plicas de gaitas de fuelle tienen una demora que depende de nuestra lista de espera. Consulta con nosotros para saber m\u00e1s.<\/p>\n<div  class='avia-button-wrap av-7w2e1-2cfff7366207172118f91cc6d7012c90-wrap avia-button-center  avia-builder-el-0  avia-builder-el-no-sibling'><a href='https:\/\/pablocarpintero.es\/es\/contactar\/'  class='avia-button av-7w2e1-2cfff7366207172118f91cc6d7012c90 avia-icon_select-yes-left-icon avia-size-small avia-position-center avia-color-theme-color'  ><span class='avia_button_icon avia_button_icon_left' aria-hidden='true' data-av_icon='\ue81f' data-av_iconfont='entypo-fontello'><\/span><span class='avia_iconbox_title' >Solicita informaci\u00f3n de precios<\/span><\/a><\/div>","protected":false},"excerpt":{"rendered":"<p>Manuel Villanueva, m\u00edtico gaiteiro e construtor de gaitas de Poio (Pontevedra) cedeu a Perfecto Feijoo as s\u00faas d\u00faas gaitas de ronquillo e as ferramentas para constru\u00edlas. Este conxunto foi cedido por D. Perfecto ao Museo de Pontevedra onde actualmente se custodia. Entre as ferramentas de Villanueva achamos un fermos\u00edsimo punteiro con cunha ornamentaci\u00f3n no fuste [&hellip;]<\/p>\n","protected":false},"featured_media":690,"comment_status":"open","ping_status":"closed","template":"","meta":{"give_campaign_id":0,"_joinchat":[]},"product_brand":[],"product_cat":[20,18,21,24],"product_tag":[],"class_list":{"0":"post-398","1":"product","2":"type-product","3":"status-publish","4":"has-post-thumbnail","6":"product_cat-gaitas-de-fol","7":"product_cat-instrumentos-musicales","8":"product_cat-replicas-de-gaitas-de-fol-antigas","9":"product_cat-replicas-de-gaitas-galegas","11":"first","12":"instock","13":"taxable","14":"shipping-taxable","15":"product-type-simple"},"yoast_head":"<!-- This site is optimized with the Yoast SEO plugin v27.2 - https:\/\/yoast.com\/product\/yoast-seo-wordpress\/ -->\n<title>Punteiro con aneis do Museo de Pontevedra - Pablo Carpintero<\/title>\n<meta name=\"robots\" content=\"index, follow, max-snippet:-1, max-image-preview:large, max-video-preview:-1\" \/>\n<link rel=\"canonical\" href=\"https:\/\/pablocarpintero.es\/es\/producto\/punteiro-con-aneis-do-museo-de-pontevedra\/\" \/>\n<meta property=\"og:locale\" content=\"es_ES\" \/>\n<meta property=\"og:type\" content=\"article\" \/>\n<meta property=\"og:title\" content=\"Punteiro con aneis do Museo de Pontevedra - Pablo Carpintero\" \/>\n<meta property=\"og:description\" content=\"Manuel Villanueva, m\u00edtico gaiteiro e construtor de gaitas de Poio (Pontevedra) cedeu a Perfecto Feijoo as s\u00faas d\u00faas gaitas de ronquillo e as ferramentas para constru\u00edlas. Este conxunto foi cedido por D. Perfecto ao Museo de Pontevedra onde actualmente se custodia. Entre as ferramentas de Villanueva achamos un fermos\u00edsimo punteiro con cunha ornamentaci\u00f3n no fuste [&hellip;]\" \/>\n<meta property=\"og:url\" content=\"https:\/\/pablocarpintero.es\/es\/producto\/punteiro-con-aneis-do-museo-de-pontevedra\/\" \/>\n<meta property=\"og:site_name\" content=\"Pablo Carpintero\" \/>\n<meta property=\"article:modified_time\" content=\"2024-04-15T05:29:22+00:00\" \/>\n<meta property=\"og:image\" content=\"https:\/\/pablocarpintero.es\/wp-content\/uploads\/2021\/10\/Gaita-de-Pontevedra-Pablo-Carpintero-2.jpg\" \/>\n\t<meta property=\"og:image:width\" content=\"2144\" \/>\n\t<meta property=\"og:image:height\" content=\"1424\" \/>\n\t<meta property=\"og:image:type\" content=\"image\/jpeg\" \/>\n<meta name=\"twitter:card\" content=\"summary_large_image\" \/>\n<meta name=\"twitter:label1\" content=\"Tiempo de lectura\" \/>\n\t<meta name=\"twitter:data1\" content=\"2 minutos\" \/>\n<script type=\"application\/ld+json\" class=\"yoast-schema-graph\">{\"@context\":\"https:\/\/schema.org\",\"@graph\":[{\"@type\":\"WebPage\",\"@id\":\"https:\/\/pablocarpintero.es\/producto\/punteiro-con-aneis-do-museo-de-pontevedra\/\",\"url\":\"https:\/\/pablocarpintero.es\/producto\/punteiro-con-aneis-do-museo-de-pontevedra\/\",\"name\":\"Punteiro con aneis do Museo de Pontevedra - Pablo Carpintero\",\"isPartOf\":{\"@id\":\"https:\/\/pablocarpintero.es\/#website\"},\"primaryImageOfPage\":{\"@id\":\"https:\/\/pablocarpintero.es\/producto\/punteiro-con-aneis-do-museo-de-pontevedra\/#primaryimage\"},\"image\":{\"@id\":\"https:\/\/pablocarpintero.es\/producto\/punteiro-con-aneis-do-museo-de-pontevedra\/#primaryimage\"},\"thumbnailUrl\":\"https:\/\/pablocarpintero.es\/wp-content\/uploads\/2021\/10\/Gaita-de-Pontevedra-Pablo-Carpintero-2.jpg\",\"datePublished\":\"2021-10-16T14:26:35+00:00\",\"dateModified\":\"2024-04-15T05:29:22+00:00\",\"breadcrumb\":{\"@id\":\"https:\/\/pablocarpintero.es\/producto\/punteiro-con-aneis-do-museo-de-pontevedra\/#breadcrumb\"},\"inLanguage\":\"es\",\"potentialAction\":[{\"@type\":\"ReadAction\",\"target\":[\"https:\/\/pablocarpintero.es\/producto\/punteiro-con-aneis-do-museo-de-pontevedra\/\"]}]},{\"@type\":\"ImageObject\",\"inLanguage\":\"es\",\"@id\":\"https:\/\/pablocarpintero.es\/producto\/punteiro-con-aneis-do-museo-de-pontevedra\/#primaryimage\",\"url\":\"https:\/\/pablocarpintero.es\/wp-content\/uploads\/2021\/10\/Gaita-de-Pontevedra-Pablo-Carpintero-2.jpg\",\"contentUrl\":\"https:\/\/pablocarpintero.es\/wp-content\/uploads\/2021\/10\/Gaita-de-Pontevedra-Pablo-Carpintero-2.jpg\",\"width\":2144,\"height\":1424},{\"@type\":\"BreadcrumbList\",\"@id\":\"https:\/\/pablocarpintero.es\/producto\/punteiro-con-aneis-do-museo-de-pontevedra\/#breadcrumb\",\"itemListElement\":[{\"@type\":\"ListItem\",\"position\":1,\"name\":\"Portada\",\"item\":\"https:\/\/pablocarpintero.es\/inicio\/\"},{\"@type\":\"ListItem\",\"position\":2,\"name\":\"Tienda\",\"item\":\"https:\/\/pablocarpintero.es\/tienda\/\"},{\"@type\":\"ListItem\",\"position\":3,\"name\":\"Punteiro con aneis do Museo de Pontevedra\"}]},{\"@type\":\"WebSite\",\"@id\":\"https:\/\/pablocarpintero.es\/#website\",\"url\":\"https:\/\/pablocarpintero.es\/\",\"name\":\"Pablo Carpintero\",\"description\":\"Otro sitio realizado con WordPress\",\"potentialAction\":[{\"@type\":\"SearchAction\",\"target\":{\"@type\":\"EntryPoint\",\"urlTemplate\":\"https:\/\/pablocarpintero.es\/?s={search_term_string}\"},\"query-input\":{\"@type\":\"PropertyValueSpecification\",\"valueRequired\":true,\"valueName\":\"search_term_string\"}}],\"inLanguage\":\"es\"}]}<\/script>\n<!-- \/ Yoast SEO plugin. -->","yoast_head_json":{"title":"Punteiro con aneis do Museo de Pontevedra - Pablo Carpintero","robots":{"index":"index","follow":"follow","max-snippet":"max-snippet:-1","max-image-preview":"max-image-preview:large","max-video-preview":"max-video-preview:-1"},"canonical":"https:\/\/pablocarpintero.es\/es\/producto\/punteiro-con-aneis-do-museo-de-pontevedra\/","og_locale":"es_ES","og_type":"article","og_title":"Punteiro con aneis do Museo de Pontevedra - Pablo Carpintero","og_description":"Manuel Villanueva, m\u00edtico gaiteiro e construtor de gaitas de Poio (Pontevedra) cedeu a Perfecto Feijoo as s\u00faas d\u00faas gaitas de ronquillo e as ferramentas para constru\u00edlas. Este conxunto foi cedido por D. Perfecto ao Museo de Pontevedra onde actualmente se custodia. Entre as ferramentas de Villanueva achamos un fermos\u00edsimo punteiro con cunha ornamentaci\u00f3n no fuste [&hellip;]","og_url":"https:\/\/pablocarpintero.es\/es\/producto\/punteiro-con-aneis-do-museo-de-pontevedra\/","og_site_name":"Pablo Carpintero","article_modified_time":"2024-04-15T05:29:22+00:00","og_image":[{"width":2144,"height":1424,"url":"https:\/\/pablocarpintero.es\/wp-content\/uploads\/2021\/10\/Gaita-de-Pontevedra-Pablo-Carpintero-2.jpg","type":"image\/jpeg"}],"twitter_card":"summary_large_image","twitter_misc":{"Tiempo de lectura":"2 minutos"},"schema":{"@context":"https:\/\/schema.org","@graph":[{"@type":"WebPage","@id":"https:\/\/pablocarpintero.es\/producto\/punteiro-con-aneis-do-museo-de-pontevedra\/","url":"https:\/\/pablocarpintero.es\/producto\/punteiro-con-aneis-do-museo-de-pontevedra\/","name":"Punteiro con aneis do Museo de Pontevedra - Pablo Carpintero","isPartOf":{"@id":"https:\/\/pablocarpintero.es\/#website"},"primaryImageOfPage":{"@id":"https:\/\/pablocarpintero.es\/producto\/punteiro-con-aneis-do-museo-de-pontevedra\/#primaryimage"},"image":{"@id":"https:\/\/pablocarpintero.es\/producto\/punteiro-con-aneis-do-museo-de-pontevedra\/#primaryimage"},"thumbnailUrl":"https:\/\/pablocarpintero.es\/wp-content\/uploads\/2021\/10\/Gaita-de-Pontevedra-Pablo-Carpintero-2.jpg","datePublished":"2021-10-16T14:26:35+00:00","dateModified":"2024-04-15T05:29:22+00:00","breadcrumb":{"@id":"https:\/\/pablocarpintero.es\/producto\/punteiro-con-aneis-do-museo-de-pontevedra\/#breadcrumb"},"inLanguage":"es","potentialAction":[{"@type":"ReadAction","target":["https:\/\/pablocarpintero.es\/producto\/punteiro-con-aneis-do-museo-de-pontevedra\/"]}]},{"@type":"ImageObject","inLanguage":"es","@id":"https:\/\/pablocarpintero.es\/producto\/punteiro-con-aneis-do-museo-de-pontevedra\/#primaryimage","url":"https:\/\/pablocarpintero.es\/wp-content\/uploads\/2021\/10\/Gaita-de-Pontevedra-Pablo-Carpintero-2.jpg","contentUrl":"https:\/\/pablocarpintero.es\/wp-content\/uploads\/2021\/10\/Gaita-de-Pontevedra-Pablo-Carpintero-2.jpg","width":2144,"height":1424},{"@type":"BreadcrumbList","@id":"https:\/\/pablocarpintero.es\/producto\/punteiro-con-aneis-do-museo-de-pontevedra\/#breadcrumb","itemListElement":[{"@type":"ListItem","position":1,"name":"Portada","item":"https:\/\/pablocarpintero.es\/inicio\/"},{"@type":"ListItem","position":2,"name":"Tienda","item":"https:\/\/pablocarpintero.es\/tienda\/"},{"@type":"ListItem","position":3,"name":"Punteiro con aneis do Museo de Pontevedra"}]},{"@type":"WebSite","@id":"https:\/\/pablocarpintero.es\/#website","url":"https:\/\/pablocarpintero.es\/","name":"Pablo Carpintero","description":"Otro sitio realizado con WordPress","potentialAction":[{"@type":"SearchAction","target":{"@type":"EntryPoint","urlTemplate":"https:\/\/pablocarpintero.es\/?s={search_term_string}"},"query-input":{"@type":"PropertyValueSpecification","valueRequired":true,"valueName":"search_term_string"}}],"inLanguage":"es"}]}},"_links":{"self":[{"href":"https:\/\/pablocarpintero.es\/es\/wp-json\/wp\/v2\/product\/398","targetHints":{"allow":["GET"]}}],"collection":[{"href":"https:\/\/pablocarpintero.es\/es\/wp-json\/wp\/v2\/product"}],"about":[{"href":"https:\/\/pablocarpintero.es\/es\/wp-json\/wp\/v2\/types\/product"}],"replies":[{"embeddable":true,"href":"https:\/\/pablocarpintero.es\/es\/wp-json\/wp\/v2\/comments?post=398"}],"wp:featuredmedia":[{"embeddable":true,"href":"https:\/\/pablocarpintero.es\/es\/wp-json\/wp\/v2\/media\/690"}],"wp:attachment":[{"href":"https:\/\/pablocarpintero.es\/es\/wp-json\/wp\/v2\/media?parent=398"}],"wp:term":[{"taxonomy":"product_brand","embeddable":true,"href":"https:\/\/pablocarpintero.es\/es\/wp-json\/wp\/v2\/product_brand?post=398"},{"taxonomy":"product_cat","embeddable":true,"href":"https:\/\/pablocarpintero.es\/es\/wp-json\/wp\/v2\/product_cat?post=398"},{"taxonomy":"product_tag","embeddable":true,"href":"https:\/\/pablocarpintero.es\/es\/wp-json\/wp\/v2\/product_tag?post=398"}],"curies":[{"name":"wp","href":"https:\/\/api.w.org\/{rel}","templated":true}]}}