{"id":399,"date":"2021-10-16T14:27:27","date_gmt":"2021-10-16T14:27:27","guid":{"rendered":"https:\/\/pablocarpintero.es\/?post_type=product&#038;p=399"},"modified":"2024-03-12T07:02:30","modified_gmt":"2024-03-12T07:02:30","slug":"gaita-tumbal-de-ronquillo-de-perfecto-feijoo","status":"publish","type":"product","link":"https:\/\/pablocarpintero.es\/es\/producto\/gaita-tumbal-de-ronquillo-de-perfecto-feijoo\/","title":{"rendered":"Gaita tumbal de ronquillo de Perfecto Feijoo"},"content":{"rendered":"<p class=\"p1 translation-block\">El Museo de Pontevedra custodia la gaita de ronquillo con la que toc\u00f3 Perfecto Feijoo. Fue fabricada alrededor de 1885 por Manuel Villanueva de Poio (Pontevedra) empleando madera tropical (seguramente alg\u00fan tipo de Dalbergia spp.) y marfil, componiendo un instrumento de una gran hermosura, con un torneado t\u00edpico del noroeste y con un elegante soplillo adornado con grandes anillos de marfil. Es una gaita de ronquillo propia de la zona de Pontevedra, con un peque\u00f1o fuelle dise\u00f1ado para ser apretado con el antebrazo contra el pecho del tocador y con el bord\u00f3n en posici\u00f3n casi vertical. El puntero tiene una escala en modo de Sol, con la subt\u00f3nica a unos 135 cents de la t\u00f3nica, que est\u00e1 en altura de Si natural. Tiene un sonido potente y limpio, y toca de forma \u00e1gil. Toda la escala est\u00e1 perfectamente afinada para corresponder exactamente con los harm\u00f3nicos del ronc\u00f3n, emitiendo conjuntamente un hermos\u00edsimo sonido cargado de armon\u00eda.<\/p>\n<p>Puede ser fabricada de madera tropical, como el modelo de Perfecto Feijoo original, o de boj e imitaci\u00f3n de marfil, como la que toca el propio Villanueva.<\/p>\n<p>&nbsp;<\/p>\n<p class=\"p1\"><strong>Compra por encargo<\/strong><\/p>\n<p class=\"p1\">Debido a las caracter\u00edsticas de las gaitas de fuelle antiguas, estas no tienen un precio fijo asignado, que depender\u00e1 del tipo de madera y de otras caracter\u00edsticas est\u00e9ticas que puedes escoger como anillados en diferentes materiales, flecos o ribeteados de los vestidos. Todas las r\u00e9plicas de gaitas de fuelle tienen una demora que depende de nuestra lista de espera. Consulta con nosotros para saber m\u00e1s.<\/p>\n<div  class='avia-button-wrap av-7w2e1-2cfff7366207172118f91cc6d7012c90-wrap avia-button-center  avia-builder-el-0  avia-builder-el-no-sibling'><a href='https:\/\/pablocarpintero.es\/es\/contactar\/'  class='avia-button av-7w2e1-2cfff7366207172118f91cc6d7012c90 avia-icon_select-yes-left-icon avia-size-small avia-position-center avia-color-theme-color'  ><span class='avia_button_icon avia_button_icon_left' aria-hidden='true' data-av_icon='\ue81f' data-av_iconfont='entypo-fontello'><\/span><span class='avia_iconbox_title' >Solicita informaci\u00f3n de precios<\/span><\/a><\/div>","protected":false},"excerpt":{"rendered":"<p>O Museo de Pontevedra custodia a gaita de ronquillo coa que tocou Perfecto Feijoo. Foi fabricada arredor de 1885 por Manuel Villanueva de Poio (Pontevedra) empregando madeira tropical (seguramente alg\u00fan tipo de Dalbergia spp.) e marfil, compo\u00f1endo un instrumento dunha grande fermosura, cun torneado t\u00edpico do noroeste e cun elegante soprete ornamentado con grandes aneis [&hellip;]<\/p>\n","protected":false},"featured_media":722,"comment_status":"open","ping_status":"closed","template":"","meta":{"give_campaign_id":0,"_joinchat":[]},"product_brand":[],"product_cat":[20,18,21,24],"product_tag":[],"class_list":{"0":"post-399","1":"product","2":"type-product","3":"status-publish","4":"has-post-thumbnail","6":"product_cat-gaitas-de-fol","7":"product_cat-instrumentos-musicales","8":"product_cat-replicas-de-gaitas-de-fol-antigas","9":"product_cat-replicas-de-gaitas-galegas","11":"first","12":"instock","13":"taxable","14":"shipping-taxable","15":"product-type-simple"},"yoast_head":"<!-- This site is optimized with the Yoast SEO plugin v27.2 - https:\/\/yoast.com\/product\/yoast-seo-wordpress\/ -->\n<title>Gaita tumbal de ronquillo de Perfecto Feijoo - Pablo Carpintero<\/title>\n<meta name=\"robots\" content=\"index, follow, max-snippet:-1, max-image-preview:large, max-video-preview:-1\" \/>\n<link rel=\"canonical\" href=\"https:\/\/pablocarpintero.es\/es\/producto\/gaita-tumbal-de-ronquillo-de-perfecto-feijoo\/\" \/>\n<meta property=\"og:locale\" content=\"es_ES\" \/>\n<meta property=\"og:type\" content=\"article\" \/>\n<meta property=\"og:title\" content=\"Gaita tumbal de ronquillo de Perfecto Feijoo - Pablo Carpintero\" \/>\n<meta property=\"og:description\" content=\"O Museo de Pontevedra custodia a gaita de ronquillo coa que tocou Perfecto Feijoo. Foi fabricada arredor de 1885 por Manuel Villanueva de Poio (Pontevedra) empregando madeira tropical (seguramente alg\u00fan tipo de Dalbergia spp.) e marfil, compo\u00f1endo un instrumento dunha grande fermosura, cun torneado t\u00edpico do noroeste e cun elegante soprete ornamentado con grandes aneis [&hellip;]\" \/>\n<meta property=\"og:url\" content=\"https:\/\/pablocarpintero.es\/es\/producto\/gaita-tumbal-de-ronquillo-de-perfecto-feijoo\/\" \/>\n<meta property=\"og:site_name\" content=\"Pablo Carpintero\" \/>\n<meta property=\"article:modified_time\" content=\"2024-03-12T07:02:30+00:00\" \/>\n<meta property=\"og:image\" content=\"https:\/\/pablocarpintero.es\/wp-content\/uploads\/2021\/10\/Gaita-de-Perfecto-Feijoo.jpg\" \/>\n\t<meta property=\"og:image:width\" content=\"2144\" \/>\n\t<meta property=\"og:image:height\" content=\"1424\" \/>\n\t<meta property=\"og:image:type\" content=\"image\/jpeg\" \/>\n<meta name=\"twitter:card\" content=\"summary_large_image\" \/>\n<meta name=\"twitter:label1\" content=\"Tiempo de lectura\" \/>\n\t<meta name=\"twitter:data1\" content=\"2 minutos\" \/>\n<script type=\"application\/ld+json\" class=\"yoast-schema-graph\">{\"@context\":\"https:\/\/schema.org\",\"@graph\":[{\"@type\":\"WebPage\",\"@id\":\"https:\/\/pablocarpintero.es\/producto\/gaita-tumbal-de-ronquillo-de-perfecto-feijoo\/\",\"url\":\"https:\/\/pablocarpintero.es\/producto\/gaita-tumbal-de-ronquillo-de-perfecto-feijoo\/\",\"name\":\"Gaita tumbal de ronquillo de Perfecto Feijoo - Pablo Carpintero\",\"isPartOf\":{\"@id\":\"https:\/\/pablocarpintero.es\/#website\"},\"primaryImageOfPage\":{\"@id\":\"https:\/\/pablocarpintero.es\/producto\/gaita-tumbal-de-ronquillo-de-perfecto-feijoo\/#primaryimage\"},\"image\":{\"@id\":\"https:\/\/pablocarpintero.es\/producto\/gaita-tumbal-de-ronquillo-de-perfecto-feijoo\/#primaryimage\"},\"thumbnailUrl\":\"https:\/\/pablocarpintero.es\/wp-content\/uploads\/2021\/10\/Gaita-de-Perfecto-Feijoo.jpg\",\"datePublished\":\"2021-10-16T14:27:27+00:00\",\"dateModified\":\"2024-03-12T07:02:30+00:00\",\"breadcrumb\":{\"@id\":\"https:\/\/pablocarpintero.es\/producto\/gaita-tumbal-de-ronquillo-de-perfecto-feijoo\/#breadcrumb\"},\"inLanguage\":\"es\",\"potentialAction\":[{\"@type\":\"ReadAction\",\"target\":[\"https:\/\/pablocarpintero.es\/producto\/gaita-tumbal-de-ronquillo-de-perfecto-feijoo\/\"]}]},{\"@type\":\"ImageObject\",\"inLanguage\":\"es\",\"@id\":\"https:\/\/pablocarpintero.es\/producto\/gaita-tumbal-de-ronquillo-de-perfecto-feijoo\/#primaryimage\",\"url\":\"https:\/\/pablocarpintero.es\/wp-content\/uploads\/2021\/10\/Gaita-de-Perfecto-Feijoo.jpg\",\"contentUrl\":\"https:\/\/pablocarpintero.es\/wp-content\/uploads\/2021\/10\/Gaita-de-Perfecto-Feijoo.jpg\",\"width\":2144,\"height\":1424},{\"@type\":\"BreadcrumbList\",\"@id\":\"https:\/\/pablocarpintero.es\/producto\/gaita-tumbal-de-ronquillo-de-perfecto-feijoo\/#breadcrumb\",\"itemListElement\":[{\"@type\":\"ListItem\",\"position\":1,\"name\":\"Portada\",\"item\":\"https:\/\/pablocarpintero.es\/inicio\/\"},{\"@type\":\"ListItem\",\"position\":2,\"name\":\"Tienda\",\"item\":\"https:\/\/pablocarpintero.es\/tienda\/\"},{\"@type\":\"ListItem\",\"position\":3,\"name\":\"Gaita tumbal de ronquillo de Perfecto Feijoo\"}]},{\"@type\":\"WebSite\",\"@id\":\"https:\/\/pablocarpintero.es\/#website\",\"url\":\"https:\/\/pablocarpintero.es\/\",\"name\":\"Pablo Carpintero\",\"description\":\"Otro sitio realizado con WordPress\",\"potentialAction\":[{\"@type\":\"SearchAction\",\"target\":{\"@type\":\"EntryPoint\",\"urlTemplate\":\"https:\/\/pablocarpintero.es\/?s={search_term_string}\"},\"query-input\":{\"@type\":\"PropertyValueSpecification\",\"valueRequired\":true,\"valueName\":\"search_term_string\"}}],\"inLanguage\":\"es\"}]}<\/script>\n<!-- \/ Yoast SEO plugin. -->","yoast_head_json":{"title":"Gaita tumbal de ronquillo de Perfecto Feijoo - Pablo Carpintero","robots":{"index":"index","follow":"follow","max-snippet":"max-snippet:-1","max-image-preview":"max-image-preview:large","max-video-preview":"max-video-preview:-1"},"canonical":"https:\/\/pablocarpintero.es\/es\/producto\/gaita-tumbal-de-ronquillo-de-perfecto-feijoo\/","og_locale":"es_ES","og_type":"article","og_title":"Gaita tumbal de ronquillo de Perfecto Feijoo - Pablo Carpintero","og_description":"O Museo de Pontevedra custodia a gaita de ronquillo coa que tocou Perfecto Feijoo. Foi fabricada arredor de 1885 por Manuel Villanueva de Poio (Pontevedra) empregando madeira tropical (seguramente alg\u00fan tipo de Dalbergia spp.) e marfil, compo\u00f1endo un instrumento dunha grande fermosura, cun torneado t\u00edpico do noroeste e cun elegante soprete ornamentado con grandes aneis [&hellip;]","og_url":"https:\/\/pablocarpintero.es\/es\/producto\/gaita-tumbal-de-ronquillo-de-perfecto-feijoo\/","og_site_name":"Pablo Carpintero","article_modified_time":"2024-03-12T07:02:30+00:00","og_image":[{"width":2144,"height":1424,"url":"https:\/\/pablocarpintero.es\/wp-content\/uploads\/2021\/10\/Gaita-de-Perfecto-Feijoo.jpg","type":"image\/jpeg"}],"twitter_card":"summary_large_image","twitter_misc":{"Tiempo de lectura":"2 minutos"},"schema":{"@context":"https:\/\/schema.org","@graph":[{"@type":"WebPage","@id":"https:\/\/pablocarpintero.es\/producto\/gaita-tumbal-de-ronquillo-de-perfecto-feijoo\/","url":"https:\/\/pablocarpintero.es\/producto\/gaita-tumbal-de-ronquillo-de-perfecto-feijoo\/","name":"Gaita tumbal de ronquillo de Perfecto Feijoo - Pablo Carpintero","isPartOf":{"@id":"https:\/\/pablocarpintero.es\/#website"},"primaryImageOfPage":{"@id":"https:\/\/pablocarpintero.es\/producto\/gaita-tumbal-de-ronquillo-de-perfecto-feijoo\/#primaryimage"},"image":{"@id":"https:\/\/pablocarpintero.es\/producto\/gaita-tumbal-de-ronquillo-de-perfecto-feijoo\/#primaryimage"},"thumbnailUrl":"https:\/\/pablocarpintero.es\/wp-content\/uploads\/2021\/10\/Gaita-de-Perfecto-Feijoo.jpg","datePublished":"2021-10-16T14:27:27+00:00","dateModified":"2024-03-12T07:02:30+00:00","breadcrumb":{"@id":"https:\/\/pablocarpintero.es\/producto\/gaita-tumbal-de-ronquillo-de-perfecto-feijoo\/#breadcrumb"},"inLanguage":"es","potentialAction":[{"@type":"ReadAction","target":["https:\/\/pablocarpintero.es\/producto\/gaita-tumbal-de-ronquillo-de-perfecto-feijoo\/"]}]},{"@type":"ImageObject","inLanguage":"es","@id":"https:\/\/pablocarpintero.es\/producto\/gaita-tumbal-de-ronquillo-de-perfecto-feijoo\/#primaryimage","url":"https:\/\/pablocarpintero.es\/wp-content\/uploads\/2021\/10\/Gaita-de-Perfecto-Feijoo.jpg","contentUrl":"https:\/\/pablocarpintero.es\/wp-content\/uploads\/2021\/10\/Gaita-de-Perfecto-Feijoo.jpg","width":2144,"height":1424},{"@type":"BreadcrumbList","@id":"https:\/\/pablocarpintero.es\/producto\/gaita-tumbal-de-ronquillo-de-perfecto-feijoo\/#breadcrumb","itemListElement":[{"@type":"ListItem","position":1,"name":"Portada","item":"https:\/\/pablocarpintero.es\/inicio\/"},{"@type":"ListItem","position":2,"name":"Tienda","item":"https:\/\/pablocarpintero.es\/tienda\/"},{"@type":"ListItem","position":3,"name":"Gaita tumbal de ronquillo de Perfecto Feijoo"}]},{"@type":"WebSite","@id":"https:\/\/pablocarpintero.es\/#website","url":"https:\/\/pablocarpintero.es\/","name":"Pablo Carpintero","description":"Otro sitio realizado con WordPress","potentialAction":[{"@type":"SearchAction","target":{"@type":"EntryPoint","urlTemplate":"https:\/\/pablocarpintero.es\/?s={search_term_string}"},"query-input":{"@type":"PropertyValueSpecification","valueRequired":true,"valueName":"search_term_string"}}],"inLanguage":"es"}]}},"_links":{"self":[{"href":"https:\/\/pablocarpintero.es\/es\/wp-json\/wp\/v2\/product\/399","targetHints":{"allow":["GET"]}}],"collection":[{"href":"https:\/\/pablocarpintero.es\/es\/wp-json\/wp\/v2\/product"}],"about":[{"href":"https:\/\/pablocarpintero.es\/es\/wp-json\/wp\/v2\/types\/product"}],"replies":[{"embeddable":true,"href":"https:\/\/pablocarpintero.es\/es\/wp-json\/wp\/v2\/comments?post=399"}],"wp:featuredmedia":[{"embeddable":true,"href":"https:\/\/pablocarpintero.es\/es\/wp-json\/wp\/v2\/media\/722"}],"wp:attachment":[{"href":"https:\/\/pablocarpintero.es\/es\/wp-json\/wp\/v2\/media?parent=399"}],"wp:term":[{"taxonomy":"product_brand","embeddable":true,"href":"https:\/\/pablocarpintero.es\/es\/wp-json\/wp\/v2\/product_brand?post=399"},{"taxonomy":"product_cat","embeddable":true,"href":"https:\/\/pablocarpintero.es\/es\/wp-json\/wp\/v2\/product_cat?post=399"},{"taxonomy":"product_tag","embeddable":true,"href":"https:\/\/pablocarpintero.es\/es\/wp-json\/wp\/v2\/product_tag?post=399"}],"curies":[{"name":"wp","href":"https:\/\/api.w.org\/{rel}","templated":true}]}}