{"id":400,"date":"2021-10-16T14:28:07","date_gmt":"2021-10-16T14:28:07","guid":{"rendered":"https:\/\/pablocarpintero.es\/?post_type=product&#038;p=400"},"modified":"2021-11-03T13:30:29","modified_gmt":"2021-11-03T13:30:29","slug":"gaita-de-jose-maria-garcia-mogor","status":"publish","type":"product","link":"https:\/\/pablocarpintero.es\/es\/producto\/gaita-de-jose-maria-garcia-mogor\/","title":{"rendered":"Gaita de ronquillo"},"content":{"rendered":"<p class=\"p1\">El puntero de esta gaita ronquillo es una r\u00e9plica de un puntero antiguo conservado en el Museo de Pontevedra entre las herramientas de Manuel Villanueva, gaitero y constructor de Poio. Se trata de un puntero realizado probablemente a mediados del siglo XVIII y de los pocos que conservan una ornamentaci\u00f3n en anillos, sobre la que pod\u00e9is leer m\u00e1s <a href=\"https:\/\/pablocarpintero.es\/wp-content\/uploads\/2021\/10\/Esqueuomorfismo-Rev-de-Folklore.pdf\">en este art\u00edculo<\/a>. Tiene la escala propia de las gaitas de ronquillo de la zona de Pontevedra: modo de Sol con subt\u00f3nica, y la t\u00f3nica en altura cercana al Si natural. Est\u00e1 pensado para tocar con la digitaci\u00f3n propia de Pontevedra, cerrada y siempre apoyando el dedo me\u00f1ique como nos transmitieron Casto Sampedro y Perfecto Feijoo. El ronc\u00f3n es una copia de la gaita de Jos\u00e9 Mar\u00eda Garc\u00eda de Mogor (Pontevedra), con anillos de cuerno encima de las femias, otra preciosa gaita de ronquillo que puedes ver pinchando aqu\u00ed.<\/p>\n<p>&nbsp;<\/p>\n<p>Estas dos danzas de espadas, la de Pontevedra y la de Redondela, bien podr\u00edan haberse tocado en el pasado con esta gaita.<\/p>\n<p>&nbsp;<\/p>\n<div  class='avia-video av-f9v28-4288e6dd287d97c868f85f54f61956ce avia-video-16-9 av-no-preview-image avia-video-load-always av-lazyload-immediate av-lazyload-video-embed'  itemprop=\"video\" itemtype=\"https:\/\/schema.org\/VideoObject\"  data-original_url='https:\/\/www.youtube.com\/watch?v=WfEr0EDs2-s'><script type='text\/html' class='av-video-tmpl'><div class='avia-iframe-wrap'><iframe loading=\"lazy\" title=\"Danza de Espadas de Pontevedra\" width=\"1500\" height=\"844\" src=\"https:\/\/www.youtube.com\/embed\/WfEr0EDs2-s?feature=oembed&autoplay=0&loop=0&controls=1&mute=0\" frameborder=\"0\" allow=\"accelerometer; autoplay; clipboard-write; encrypted-media; gyroscope; picture-in-picture\" allowfullscreen><\/iframe><\/div><\/script><div class='av-click-to-play-overlay'><div class=\"avia_playpause_icon\"><\/div><\/div><\/div>\n<p>&nbsp;<\/p>\n<div  class='avia-video av-7gs8g-4bacd4be48b435683846ba2bea252069 avia-video-16-9 av-no-preview-image avia-video-load-always av-lazyload-immediate av-lazyload-video-embed'  itemprop=\"video\" itemtype=\"https:\/\/schema.org\/VideoObject\"  data-original_url='https:\/\/www.youtube.com\/watch?v=wBh8bnpShGA'><script type='text\/html' class='av-video-tmpl'><div class='avia-iframe-wrap'><iframe loading=\"lazy\" title=\"Danza de Espadas de Redondela\" width=\"1500\" height=\"844\" src=\"https:\/\/www.youtube.com\/embed\/wBh8bnpShGA?feature=oembed&autoplay=0&loop=0&controls=1&mute=0\" frameborder=\"0\" allow=\"accelerometer; autoplay; clipboard-write; encrypted-media; gyroscope; picture-in-picture\" allowfullscreen><\/iframe><\/div><\/script><div class='av-click-to-play-overlay'><div class=\"avia_playpause_icon\"><\/div><\/div><\/div>\n<p>&nbsp;<\/p>\n<p class=\"p1\"><strong>Compra por encargo<\/strong><\/p>\n<p class=\"p1\">Debido a las caracter\u00edsticas de las gaitas de fuelle antiguas, estas no tienen un precio fijo asignado, que depender\u00e1 del tipo de madera y de otras caracter\u00edsticas est\u00e9ticas que puedes escoger como anillados en diferentes materiales, flecos o ribeteados de los vestidos. Todas las r\u00e9plicas de gaitas de fuelle tienen una demora que depende de nuestra lista de espera. Consulta con nosotros para saber m\u00e1s.<\/p>\n<div  class='avia-button-wrap av-7w2e1-2cfff7366207172118f91cc6d7012c90-wrap avia-button-center  avia-builder-el-2  el_after_av_video  avia-builder-el-last'><a href='https:\/\/pablocarpintero.es\/es\/contactar\/'  class='avia-button av-7w2e1-2cfff7366207172118f91cc6d7012c90 avia-icon_select-yes-left-icon avia-size-small avia-position-center avia-color-theme-color'  ><span class='avia_button_icon avia_button_icon_left' aria-hidden='true' data-av_icon='\ue81f' data-av_iconfont='entypo-fontello'><\/span><span class='avia_iconbox_title' >Solicita informaci\u00f3n de precios<\/span><\/a><\/div>","protected":false},"excerpt":{"rendered":"<p>O punteiro desta gaita de ronquillo \u00e9 unha r\u00e9plica dun antiqu\u00edsimo punteiro conservado no Museo de Pontevedra entre as ferramentas de Manuel Villanueva, gaiteiro e constructor de Poio. Tr\u00e1tase dun punteiro probablemente fabricado a mediados do s\u00e9culo XVIII e dos poucos que conservan unha ornamentaci\u00f3n en aneis sobre a que podedes ler m\u00e1is neste artigo. [&hellip;]<\/p>\n","protected":false},"featured_media":688,"comment_status":"open","ping_status":"closed","template":"","meta":{"give_campaign_id":0,"_joinchat":[]},"product_brand":[],"product_cat":[20,18,21,24],"product_tag":[],"class_list":{"0":"post-400","1":"product","2":"type-product","3":"status-publish","4":"has-post-thumbnail","6":"product_cat-gaitas-de-fol","7":"product_cat-instrumentos-musicales","8":"product_cat-replicas-de-gaitas-de-fol-antigas","9":"product_cat-replicas-de-gaitas-galegas","11":"first","12":"instock","13":"taxable","14":"shipping-taxable","15":"product-type-simple"},"yoast_head":"<!-- This site is optimized with the Yoast SEO plugin v27.2 - https:\/\/yoast.com\/product\/yoast-seo-wordpress\/ -->\n<title>Gaita de ronquillo - Pablo Carpintero<\/title>\n<meta name=\"robots\" content=\"index, follow, max-snippet:-1, max-image-preview:large, max-video-preview:-1\" \/>\n<link rel=\"canonical\" href=\"https:\/\/pablocarpintero.es\/es\/producto\/gaita-de-jose-maria-garcia-mogor\/\" \/>\n<meta property=\"og:locale\" content=\"es_ES\" \/>\n<meta property=\"og:type\" content=\"article\" \/>\n<meta property=\"og:title\" content=\"Gaita de ronquillo - Pablo Carpintero\" \/>\n<meta property=\"og:description\" content=\"O punteiro desta gaita de ronquillo \u00e9 unha r\u00e9plica dun antiqu\u00edsimo punteiro conservado no Museo de Pontevedra entre as ferramentas de Manuel Villanueva, gaiteiro e constructor de Poio. Tr\u00e1tase dun punteiro probablemente fabricado a mediados do s\u00e9culo XVIII e dos poucos que conservan unha ornamentaci\u00f3n en aneis sobre a que podedes ler m\u00e1is neste artigo. [&hellip;]\" \/>\n<meta property=\"og:url\" content=\"https:\/\/pablocarpintero.es\/es\/producto\/gaita-de-jose-maria-garcia-mogor\/\" \/>\n<meta property=\"og:site_name\" content=\"Pablo Carpintero\" \/>\n<meta property=\"article:modified_time\" content=\"2021-11-03T13:30:29+00:00\" \/>\n<meta property=\"og:image\" content=\"https:\/\/pablocarpintero.es\/wp-content\/uploads\/2021\/10\/Gaita-de-Pontevedra-Pablo-Carpintero-1-.jpg\" \/>\n\t<meta property=\"og:image:width\" content=\"1675\" \/>\n\t<meta property=\"og:image:height\" content=\"1364\" \/>\n\t<meta property=\"og:image:type\" content=\"image\/jpeg\" \/>\n<meta name=\"twitter:card\" content=\"summary_large_image\" \/>\n<meta name=\"twitter:label1\" content=\"Tiempo de lectura\" \/>\n\t<meta name=\"twitter:data1\" content=\"3 minutos\" \/>\n<script type=\"application\/ld+json\" class=\"yoast-schema-graph\">{\"@context\":\"https:\/\/schema.org\",\"@graph\":[{\"@type\":\"WebPage\",\"@id\":\"https:\/\/pablocarpintero.es\/producto\/gaita-de-jose-maria-garcia-mogor\/\",\"url\":\"https:\/\/pablocarpintero.es\/producto\/gaita-de-jose-maria-garcia-mogor\/\",\"name\":\"Gaita de ronquillo - Pablo Carpintero\",\"isPartOf\":{\"@id\":\"https:\/\/pablocarpintero.es\/#website\"},\"primaryImageOfPage\":{\"@id\":\"https:\/\/pablocarpintero.es\/producto\/gaita-de-jose-maria-garcia-mogor\/#primaryimage\"},\"image\":{\"@id\":\"https:\/\/pablocarpintero.es\/producto\/gaita-de-jose-maria-garcia-mogor\/#primaryimage\"},\"thumbnailUrl\":\"https:\/\/pablocarpintero.es\/wp-content\/uploads\/2021\/10\/Gaita-de-Pontevedra-Pablo-Carpintero-1-.jpg\",\"datePublished\":\"2021-10-16T14:28:07+00:00\",\"dateModified\":\"2021-11-03T13:30:29+00:00\",\"breadcrumb\":{\"@id\":\"https:\/\/pablocarpintero.es\/producto\/gaita-de-jose-maria-garcia-mogor\/#breadcrumb\"},\"inLanguage\":\"es\",\"potentialAction\":[{\"@type\":\"ReadAction\",\"target\":[\"https:\/\/pablocarpintero.es\/producto\/gaita-de-jose-maria-garcia-mogor\/\"]}]},{\"@type\":\"ImageObject\",\"inLanguage\":\"es\",\"@id\":\"https:\/\/pablocarpintero.es\/producto\/gaita-de-jose-maria-garcia-mogor\/#primaryimage\",\"url\":\"https:\/\/pablocarpintero.es\/wp-content\/uploads\/2021\/10\/Gaita-de-Pontevedra-Pablo-Carpintero-1-.jpg\",\"contentUrl\":\"https:\/\/pablocarpintero.es\/wp-content\/uploads\/2021\/10\/Gaita-de-Pontevedra-Pablo-Carpintero-1-.jpg\",\"width\":1675,\"height\":1364},{\"@type\":\"BreadcrumbList\",\"@id\":\"https:\/\/pablocarpintero.es\/producto\/gaita-de-jose-maria-garcia-mogor\/#breadcrumb\",\"itemListElement\":[{\"@type\":\"ListItem\",\"position\":1,\"name\":\"Portada\",\"item\":\"https:\/\/pablocarpintero.es\/inicio\/\"},{\"@type\":\"ListItem\",\"position\":2,\"name\":\"Tienda\",\"item\":\"https:\/\/pablocarpintero.es\/tienda\/\"},{\"@type\":\"ListItem\",\"position\":3,\"name\":\"Gaita de ronquillo\"}]},{\"@type\":\"WebSite\",\"@id\":\"https:\/\/pablocarpintero.es\/#website\",\"url\":\"https:\/\/pablocarpintero.es\/\",\"name\":\"Pablo Carpintero\",\"description\":\"Otro sitio realizado con WordPress\",\"potentialAction\":[{\"@type\":\"SearchAction\",\"target\":{\"@type\":\"EntryPoint\",\"urlTemplate\":\"https:\/\/pablocarpintero.es\/?s={search_term_string}\"},\"query-input\":{\"@type\":\"PropertyValueSpecification\",\"valueRequired\":true,\"valueName\":\"search_term_string\"}}],\"inLanguage\":\"es\"}]}<\/script>\n<!-- \/ Yoast SEO plugin. -->","yoast_head_json":{"title":"Gaita de ronquillo - Pablo Carpintero","robots":{"index":"index","follow":"follow","max-snippet":"max-snippet:-1","max-image-preview":"max-image-preview:large","max-video-preview":"max-video-preview:-1"},"canonical":"https:\/\/pablocarpintero.es\/es\/producto\/gaita-de-jose-maria-garcia-mogor\/","og_locale":"es_ES","og_type":"article","og_title":"Gaita de ronquillo - Pablo Carpintero","og_description":"O punteiro desta gaita de ronquillo \u00e9 unha r\u00e9plica dun antiqu\u00edsimo punteiro conservado no Museo de Pontevedra entre as ferramentas de Manuel Villanueva, gaiteiro e constructor de Poio. Tr\u00e1tase dun punteiro probablemente fabricado a mediados do s\u00e9culo XVIII e dos poucos que conservan unha ornamentaci\u00f3n en aneis sobre a que podedes ler m\u00e1is neste artigo. [&hellip;]","og_url":"https:\/\/pablocarpintero.es\/es\/producto\/gaita-de-jose-maria-garcia-mogor\/","og_site_name":"Pablo Carpintero","article_modified_time":"2021-11-03T13:30:29+00:00","og_image":[{"width":1675,"height":1364,"url":"https:\/\/pablocarpintero.es\/wp-content\/uploads\/2021\/10\/Gaita-de-Pontevedra-Pablo-Carpintero-1-.jpg","type":"image\/jpeg"}],"twitter_card":"summary_large_image","twitter_misc":{"Tiempo de lectura":"3 minutos"},"schema":{"@context":"https:\/\/schema.org","@graph":[{"@type":"WebPage","@id":"https:\/\/pablocarpintero.es\/producto\/gaita-de-jose-maria-garcia-mogor\/","url":"https:\/\/pablocarpintero.es\/producto\/gaita-de-jose-maria-garcia-mogor\/","name":"Gaita de ronquillo - Pablo Carpintero","isPartOf":{"@id":"https:\/\/pablocarpintero.es\/#website"},"primaryImageOfPage":{"@id":"https:\/\/pablocarpintero.es\/producto\/gaita-de-jose-maria-garcia-mogor\/#primaryimage"},"image":{"@id":"https:\/\/pablocarpintero.es\/producto\/gaita-de-jose-maria-garcia-mogor\/#primaryimage"},"thumbnailUrl":"https:\/\/pablocarpintero.es\/wp-content\/uploads\/2021\/10\/Gaita-de-Pontevedra-Pablo-Carpintero-1-.jpg","datePublished":"2021-10-16T14:28:07+00:00","dateModified":"2021-11-03T13:30:29+00:00","breadcrumb":{"@id":"https:\/\/pablocarpintero.es\/producto\/gaita-de-jose-maria-garcia-mogor\/#breadcrumb"},"inLanguage":"es","potentialAction":[{"@type":"ReadAction","target":["https:\/\/pablocarpintero.es\/producto\/gaita-de-jose-maria-garcia-mogor\/"]}]},{"@type":"ImageObject","inLanguage":"es","@id":"https:\/\/pablocarpintero.es\/producto\/gaita-de-jose-maria-garcia-mogor\/#primaryimage","url":"https:\/\/pablocarpintero.es\/wp-content\/uploads\/2021\/10\/Gaita-de-Pontevedra-Pablo-Carpintero-1-.jpg","contentUrl":"https:\/\/pablocarpintero.es\/wp-content\/uploads\/2021\/10\/Gaita-de-Pontevedra-Pablo-Carpintero-1-.jpg","width":1675,"height":1364},{"@type":"BreadcrumbList","@id":"https:\/\/pablocarpintero.es\/producto\/gaita-de-jose-maria-garcia-mogor\/#breadcrumb","itemListElement":[{"@type":"ListItem","position":1,"name":"Portada","item":"https:\/\/pablocarpintero.es\/inicio\/"},{"@type":"ListItem","position":2,"name":"Tienda","item":"https:\/\/pablocarpintero.es\/tienda\/"},{"@type":"ListItem","position":3,"name":"Gaita de ronquillo"}]},{"@type":"WebSite","@id":"https:\/\/pablocarpintero.es\/#website","url":"https:\/\/pablocarpintero.es\/","name":"Pablo Carpintero","description":"Otro sitio realizado con WordPress","potentialAction":[{"@type":"SearchAction","target":{"@type":"EntryPoint","urlTemplate":"https:\/\/pablocarpintero.es\/?s={search_term_string}"},"query-input":{"@type":"PropertyValueSpecification","valueRequired":true,"valueName":"search_term_string"}}],"inLanguage":"es"}]}},"_links":{"self":[{"href":"https:\/\/pablocarpintero.es\/es\/wp-json\/wp\/v2\/product\/400","targetHints":{"allow":["GET"]}}],"collection":[{"href":"https:\/\/pablocarpintero.es\/es\/wp-json\/wp\/v2\/product"}],"about":[{"href":"https:\/\/pablocarpintero.es\/es\/wp-json\/wp\/v2\/types\/product"}],"replies":[{"embeddable":true,"href":"https:\/\/pablocarpintero.es\/es\/wp-json\/wp\/v2\/comments?post=400"}],"wp:featuredmedia":[{"embeddable":true,"href":"https:\/\/pablocarpintero.es\/es\/wp-json\/wp\/v2\/media\/688"}],"wp:attachment":[{"href":"https:\/\/pablocarpintero.es\/es\/wp-json\/wp\/v2\/media?parent=400"}],"wp:term":[{"taxonomy":"product_brand","embeddable":true,"href":"https:\/\/pablocarpintero.es\/es\/wp-json\/wp\/v2\/product_brand?post=400"},{"taxonomy":"product_cat","embeddable":true,"href":"https:\/\/pablocarpintero.es\/es\/wp-json\/wp\/v2\/product_cat?post=400"},{"taxonomy":"product_tag","embeddable":true,"href":"https:\/\/pablocarpintero.es\/es\/wp-json\/wp\/v2\/product_tag?post=400"}],"curies":[{"name":"wp","href":"https:\/\/api.w.org\/{rel}","templated":true}]}}