{"id":401,"date":"2021-10-16T14:28:52","date_gmt":"2021-10-16T14:28:52","guid":{"rendered":"https:\/\/pablocarpintero.es\/?post_type=product&#038;p=401"},"modified":"2021-11-02T07:15:13","modified_gmt":"2021-11-02T07:15:13","slug":"gaita-de-barquin-de-manuel-pousa-estas-tomino-pontevedra","status":"publish","type":"product","link":"https:\/\/pablocarpintero.es\/es\/producto\/gaita-de-barquin-de-manuel-pousa-estas-tomino-pontevedra\/","title":{"rendered":"Gaita de barqu\u00edn de Manuel Pousa (Est\u00e1s, Tomi\u00f1o, Pontevedra)"},"content":{"rendered":"<p class=\"p1\">La familia de Manuel Pousa, que fue el \u00faltimo gaitero de barqu\u00edn de Galicia, conserva sus gaitas. Son hermosos y antiguos instrumentos que corresponden a una tipolog\u00eda que se extingui\u00f3 alrededor de los a\u00f1os 1920: la gaita de barqu\u00edn. Se trata de gaitas de fuelle que tienen la caracter\u00edstica de poseer dos bordones sobre el hombro, el orne\u00f3n y el ornillo, saliendo del mismo asiento. Esta tipolog\u00eda se hizo frecuente en toda Europa alrededor del siglo XVI. Desde Redondela hacia el Baixo Mi\u00f1o abundaron este tipo de gaitas de doble bord\u00f3n y en el Baixo Mi\u00f1o aparecen alimentadas con un fuelle mec\u00e1nico, el barqu\u00edn, de ah\u00ed el nombre que recib\u00edan por parte de los portadores: gaitas de barqu\u00edn.<span class=\"Apple-converted-space\">\u00a0<\/span><\/p>\n<p class=\"p1\">El puntero usa pajuelas grandes y cuadradas, propias de la zona occidental gallega. Tiene un sonido estupendo, es \u00e1gil y f\u00e1cil de tocar. Su escala es un modo de Do, con la sensible algo baja y el tercer grado algo rebajado tambi\u00e9n. Est\u00e1 dise\u00f1ado para tocar con digitaci\u00f3n abierta.<span class=\"Apple-converted-space\">\u00a0<\/span><\/p>\n<p class=\"p1\"><strong>Compra por encargo<\/strong><\/p>\n<p class=\"p1\">Debido a las caracter\u00edsticas de las gaitas de fuelle antiguas, estas no tienen un precio fijo asignado, que depender\u00e1 del tipo de madera y de otras caracter\u00edsticas est\u00e9ticas que puedes escoger como anillados en diferentes materiales, flecos o ribeteados de los vestidos. Todas las r\u00e9plicas de gaitas de fuelle tienen una demora que depende de nuestra lista de espera. Consulta con nosotros para saber m\u00e1s.<\/p>\n<div  class='avia-button-wrap av-7w2e1-2cfff7366207172118f91cc6d7012c90-wrap avia-button-center  avia-builder-el-0  avia-builder-el-no-sibling'><a href='https:\/\/pablocarpintero.es\/es\/contactar\/'  class='avia-button av-7w2e1-2cfff7366207172118f91cc6d7012c90 avia-icon_select-yes-left-icon avia-size-small avia-position-center avia-color-theme-color'  ><span class='avia_button_icon avia_button_icon_left' aria-hidden='true' data-av_icon='\ue81f' data-av_iconfont='entypo-fontello'><\/span><span class='avia_iconbox_title' >Solicita informaci\u00f3n de precios<\/span><\/a><\/div>","protected":false},"excerpt":{"rendered":"<p>A familia de Manuel Pousa, que foi o derradeiro gaiteiro de barqu\u00edn de Galiza, conserva as s\u00faas gaitas. Son fermosos e antigos instrumentos que corresponden a unha tipolox\u00eda que se extinguiu arredor dos anos 1920: a gaita de barqu\u00edn. Tr\u00e1tase de instrumentos que te\u00f1en a caracter\u00edstica de posu\u00edr dous bord\u00f3ns, o orne\u00f3n e o ornillo, [&hellip;]<\/p>\n","protected":false},"featured_media":648,"comment_status":"open","ping_status":"closed","template":"","meta":{"give_campaign_id":0,"_joinchat":[]},"product_brand":[],"product_cat":[20,18,21,24],"product_tag":[],"class_list":{"0":"post-401","1":"product","2":"type-product","3":"status-publish","4":"has-post-thumbnail","6":"product_cat-gaitas-de-fol","7":"product_cat-instrumentos-musicales","8":"product_cat-replicas-de-gaitas-de-fol-antigas","9":"product_cat-replicas-de-gaitas-galegas","11":"first","12":"instock","13":"taxable","14":"shipping-taxable","15":"product-type-simple"},"yoast_head":"<!-- This site is optimized with the Yoast SEO plugin v27.2 - https:\/\/yoast.com\/product\/yoast-seo-wordpress\/ -->\n<title>Gaita de barqu\u00edn de Manuel Pousa (Est\u00e1s, Tomi\u00f1o, Pontevedra) - Pablo Carpintero<\/title>\n<meta name=\"robots\" content=\"index, follow, max-snippet:-1, max-image-preview:large, max-video-preview:-1\" \/>\n<link rel=\"canonical\" href=\"https:\/\/pablocarpintero.es\/es\/producto\/gaita-de-barquin-de-manuel-pousa-estas-tomino-pontevedra\/\" \/>\n<meta property=\"og:locale\" content=\"es_ES\" \/>\n<meta property=\"og:type\" content=\"article\" \/>\n<meta property=\"og:title\" content=\"Gaita de barqu\u00edn de Manuel Pousa (Est\u00e1s, Tomi\u00f1o, Pontevedra) - Pablo Carpintero\" \/>\n<meta property=\"og:description\" content=\"A familia de Manuel Pousa, que foi o derradeiro gaiteiro de barqu\u00edn de Galiza, conserva as s\u00faas gaitas. Son fermosos e antigos instrumentos que corresponden a unha tipolox\u00eda que se extinguiu arredor dos anos 1920: a gaita de barqu\u00edn. Tr\u00e1tase de instrumentos que te\u00f1en a caracter\u00edstica de posu\u00edr dous bord\u00f3ns, o orne\u00f3n e o ornillo, [&hellip;]\" \/>\n<meta property=\"og:url\" content=\"https:\/\/pablocarpintero.es\/es\/producto\/gaita-de-barquin-de-manuel-pousa-estas-tomino-pontevedra\/\" \/>\n<meta property=\"og:site_name\" content=\"Pablo Carpintero\" \/>\n<meta property=\"article:modified_time\" content=\"2021-11-02T07:15:13+00:00\" \/>\n<meta property=\"og:image\" content=\"https:\/\/pablocarpintero.es\/wp-content\/uploads\/2021\/10\/L_004613.jpg\" \/>\n\t<meta property=\"og:image:width\" content=\"984\" \/>\n\t<meta property=\"og:image:height\" content=\"779\" \/>\n\t<meta property=\"og:image:type\" content=\"image\/jpeg\" \/>\n<meta name=\"twitter:card\" content=\"summary_large_image\" \/>\n<meta name=\"twitter:label1\" content=\"Tiempo de lectura\" \/>\n\t<meta name=\"twitter:data1\" content=\"2 minutos\" \/>\n<script type=\"application\/ld+json\" class=\"yoast-schema-graph\">{\"@context\":\"https:\/\/schema.org\",\"@graph\":[{\"@type\":\"WebPage\",\"@id\":\"https:\/\/pablocarpintero.es\/producto\/gaita-de-barquin-de-manuel-pousa-estas-tomino-pontevedra\/\",\"url\":\"https:\/\/pablocarpintero.es\/producto\/gaita-de-barquin-de-manuel-pousa-estas-tomino-pontevedra\/\",\"name\":\"Gaita de barqu\u00edn de Manuel Pousa (Est\u00e1s, Tomi\u00f1o, Pontevedra) - Pablo Carpintero\",\"isPartOf\":{\"@id\":\"https:\/\/pablocarpintero.es\/#website\"},\"primaryImageOfPage\":{\"@id\":\"https:\/\/pablocarpintero.es\/producto\/gaita-de-barquin-de-manuel-pousa-estas-tomino-pontevedra\/#primaryimage\"},\"image\":{\"@id\":\"https:\/\/pablocarpintero.es\/producto\/gaita-de-barquin-de-manuel-pousa-estas-tomino-pontevedra\/#primaryimage\"},\"thumbnailUrl\":\"https:\/\/pablocarpintero.es\/wp-content\/uploads\/2021\/10\/L_004613.jpg\",\"datePublished\":\"2021-10-16T14:28:52+00:00\",\"dateModified\":\"2021-11-02T07:15:13+00:00\",\"breadcrumb\":{\"@id\":\"https:\/\/pablocarpintero.es\/producto\/gaita-de-barquin-de-manuel-pousa-estas-tomino-pontevedra\/#breadcrumb\"},\"inLanguage\":\"es\",\"potentialAction\":[{\"@type\":\"ReadAction\",\"target\":[\"https:\/\/pablocarpintero.es\/producto\/gaita-de-barquin-de-manuel-pousa-estas-tomino-pontevedra\/\"]}]},{\"@type\":\"ImageObject\",\"inLanguage\":\"es\",\"@id\":\"https:\/\/pablocarpintero.es\/producto\/gaita-de-barquin-de-manuel-pousa-estas-tomino-pontevedra\/#primaryimage\",\"url\":\"https:\/\/pablocarpintero.es\/wp-content\/uploads\/2021\/10\/L_004613.jpg\",\"contentUrl\":\"https:\/\/pablocarpintero.es\/wp-content\/uploads\/2021\/10\/L_004613.jpg\",\"width\":984,\"height\":779},{\"@type\":\"BreadcrumbList\",\"@id\":\"https:\/\/pablocarpintero.es\/producto\/gaita-de-barquin-de-manuel-pousa-estas-tomino-pontevedra\/#breadcrumb\",\"itemListElement\":[{\"@type\":\"ListItem\",\"position\":1,\"name\":\"Portada\",\"item\":\"https:\/\/pablocarpintero.es\/inicio\/\"},{\"@type\":\"ListItem\",\"position\":2,\"name\":\"Tienda\",\"item\":\"https:\/\/pablocarpintero.es\/tienda\/\"},{\"@type\":\"ListItem\",\"position\":3,\"name\":\"Gaita de barqu\u00edn de Manuel Pousa (Est\u00e1s, Tomi\u00f1o, Pontevedra)\"}]},{\"@type\":\"WebSite\",\"@id\":\"https:\/\/pablocarpintero.es\/#website\",\"url\":\"https:\/\/pablocarpintero.es\/\",\"name\":\"Pablo Carpintero\",\"description\":\"Otro sitio realizado con WordPress\",\"potentialAction\":[{\"@type\":\"SearchAction\",\"target\":{\"@type\":\"EntryPoint\",\"urlTemplate\":\"https:\/\/pablocarpintero.es\/?s={search_term_string}\"},\"query-input\":{\"@type\":\"PropertyValueSpecification\",\"valueRequired\":true,\"valueName\":\"search_term_string\"}}],\"inLanguage\":\"es\"}]}<\/script>\n<!-- \/ Yoast SEO plugin. -->","yoast_head_json":{"title":"Gaita de barqu\u00edn de Manuel Pousa (Est\u00e1s, Tomi\u00f1o, Pontevedra) - Pablo Carpintero","robots":{"index":"index","follow":"follow","max-snippet":"max-snippet:-1","max-image-preview":"max-image-preview:large","max-video-preview":"max-video-preview:-1"},"canonical":"https:\/\/pablocarpintero.es\/es\/producto\/gaita-de-barquin-de-manuel-pousa-estas-tomino-pontevedra\/","og_locale":"es_ES","og_type":"article","og_title":"Gaita de barqu\u00edn de Manuel Pousa (Est\u00e1s, Tomi\u00f1o, Pontevedra) - Pablo Carpintero","og_description":"A familia de Manuel Pousa, que foi o derradeiro gaiteiro de barqu\u00edn de Galiza, conserva as s\u00faas gaitas. Son fermosos e antigos instrumentos que corresponden a unha tipolox\u00eda que se extinguiu arredor dos anos 1920: a gaita de barqu\u00edn. Tr\u00e1tase de instrumentos que te\u00f1en a caracter\u00edstica de posu\u00edr dous bord\u00f3ns, o orne\u00f3n e o ornillo, [&hellip;]","og_url":"https:\/\/pablocarpintero.es\/es\/producto\/gaita-de-barquin-de-manuel-pousa-estas-tomino-pontevedra\/","og_site_name":"Pablo Carpintero","article_modified_time":"2021-11-02T07:15:13+00:00","og_image":[{"width":984,"height":779,"url":"https:\/\/pablocarpintero.es\/wp-content\/uploads\/2021\/10\/L_004613.jpg","type":"image\/jpeg"}],"twitter_card":"summary_large_image","twitter_misc":{"Tiempo de lectura":"2 minutos"},"schema":{"@context":"https:\/\/schema.org","@graph":[{"@type":"WebPage","@id":"https:\/\/pablocarpintero.es\/producto\/gaita-de-barquin-de-manuel-pousa-estas-tomino-pontevedra\/","url":"https:\/\/pablocarpintero.es\/producto\/gaita-de-barquin-de-manuel-pousa-estas-tomino-pontevedra\/","name":"Gaita de barqu\u00edn de Manuel Pousa (Est\u00e1s, Tomi\u00f1o, Pontevedra) - Pablo Carpintero","isPartOf":{"@id":"https:\/\/pablocarpintero.es\/#website"},"primaryImageOfPage":{"@id":"https:\/\/pablocarpintero.es\/producto\/gaita-de-barquin-de-manuel-pousa-estas-tomino-pontevedra\/#primaryimage"},"image":{"@id":"https:\/\/pablocarpintero.es\/producto\/gaita-de-barquin-de-manuel-pousa-estas-tomino-pontevedra\/#primaryimage"},"thumbnailUrl":"https:\/\/pablocarpintero.es\/wp-content\/uploads\/2021\/10\/L_004613.jpg","datePublished":"2021-10-16T14:28:52+00:00","dateModified":"2021-11-02T07:15:13+00:00","breadcrumb":{"@id":"https:\/\/pablocarpintero.es\/producto\/gaita-de-barquin-de-manuel-pousa-estas-tomino-pontevedra\/#breadcrumb"},"inLanguage":"es","potentialAction":[{"@type":"ReadAction","target":["https:\/\/pablocarpintero.es\/producto\/gaita-de-barquin-de-manuel-pousa-estas-tomino-pontevedra\/"]}]},{"@type":"ImageObject","inLanguage":"es","@id":"https:\/\/pablocarpintero.es\/producto\/gaita-de-barquin-de-manuel-pousa-estas-tomino-pontevedra\/#primaryimage","url":"https:\/\/pablocarpintero.es\/wp-content\/uploads\/2021\/10\/L_004613.jpg","contentUrl":"https:\/\/pablocarpintero.es\/wp-content\/uploads\/2021\/10\/L_004613.jpg","width":984,"height":779},{"@type":"BreadcrumbList","@id":"https:\/\/pablocarpintero.es\/producto\/gaita-de-barquin-de-manuel-pousa-estas-tomino-pontevedra\/#breadcrumb","itemListElement":[{"@type":"ListItem","position":1,"name":"Portada","item":"https:\/\/pablocarpintero.es\/inicio\/"},{"@type":"ListItem","position":2,"name":"Tienda","item":"https:\/\/pablocarpintero.es\/tienda\/"},{"@type":"ListItem","position":3,"name":"Gaita de barqu\u00edn de Manuel Pousa (Est\u00e1s, Tomi\u00f1o, Pontevedra)"}]},{"@type":"WebSite","@id":"https:\/\/pablocarpintero.es\/#website","url":"https:\/\/pablocarpintero.es\/","name":"Pablo Carpintero","description":"Otro sitio realizado con WordPress","potentialAction":[{"@type":"SearchAction","target":{"@type":"EntryPoint","urlTemplate":"https:\/\/pablocarpintero.es\/?s={search_term_string}"},"query-input":{"@type":"PropertyValueSpecification","valueRequired":true,"valueName":"search_term_string"}}],"inLanguage":"es"}]}},"_links":{"self":[{"href":"https:\/\/pablocarpintero.es\/es\/wp-json\/wp\/v2\/product\/401","targetHints":{"allow":["GET"]}}],"collection":[{"href":"https:\/\/pablocarpintero.es\/es\/wp-json\/wp\/v2\/product"}],"about":[{"href":"https:\/\/pablocarpintero.es\/es\/wp-json\/wp\/v2\/types\/product"}],"replies":[{"embeddable":true,"href":"https:\/\/pablocarpintero.es\/es\/wp-json\/wp\/v2\/comments?post=401"}],"wp:featuredmedia":[{"embeddable":true,"href":"https:\/\/pablocarpintero.es\/es\/wp-json\/wp\/v2\/media\/648"}],"wp:attachment":[{"href":"https:\/\/pablocarpintero.es\/es\/wp-json\/wp\/v2\/media?parent=401"}],"wp:term":[{"taxonomy":"product_brand","embeddable":true,"href":"https:\/\/pablocarpintero.es\/es\/wp-json\/wp\/v2\/product_brand?post=401"},{"taxonomy":"product_cat","embeddable":true,"href":"https:\/\/pablocarpintero.es\/es\/wp-json\/wp\/v2\/product_cat?post=401"},{"taxonomy":"product_tag","embeddable":true,"href":"https:\/\/pablocarpintero.es\/es\/wp-json\/wp\/v2\/product_tag?post=401"}],"curies":[{"name":"wp","href":"https:\/\/api.w.org\/{rel}","templated":true}]}}