{"id":402,"date":"2021-10-16T14:30:15","date_gmt":"2021-10-16T14:30:15","guid":{"rendered":"https:\/\/pablocarpintero.es\/?post_type=product&#038;p=402"},"modified":"2021-11-28T11:22:02","modified_gmt":"2021-11-28T11:22:02","slug":"gaita-de-barquin-de-ricardo-alexandre-tomino","status":"publish","type":"product","link":"https:\/\/pablocarpintero.es\/es\/producto\/gaita-de-barquin-de-ricardo-alexandre-tomino\/","title":{"rendered":"Gaita de barqu\u00edn de Ricardo Alexandre (Tomi\u00f1o)"},"content":{"rendered":"<p class=\"p1\">Ricardo Alexandre, que vive actualmente en Sesimbra (Portugal) conserva una hermosa gaita de barqu\u00edn, fabricada en boj y con anillas de marfil. Las gaitas de barqu\u00edn son antiguos instrumentos que corresponden a una tipolog\u00eda que se extingui\u00f3 alrededor de los a\u00f1os 1920. Se trata de instrumentos que tienen la caracter\u00edstica de poseer dos bordones, orne\u00f3n y ornillo, sobre el hombro saliendo del mismo asiento. Esta tipolog\u00eda se hizo frecuente en toda Europa alrededor del siglo XVI. Desde Redondela hacia el Baixo Mi\u00f1o abundaron este tipo de gaitas de doble bord\u00f3n y en el Baixo Mi\u00f1o aparecen alimentadas con un fuelle mec\u00e1nico, el barqu\u00edn, de ah\u00ed el nombre que recib\u00edan por parte de los portadores: gaitas de barqu\u00edn. La de Ricardo Alexandre, que perteneci\u00f3 a su abuelo que emigr\u00f3 de Tomi\u00f1o a Lisboa en el siglo XIX, nos muestra la morfolog\u00eda cl\u00e1sica de las gaitas de barqu\u00edn: un conjunto formado por dos punteros, uno grillero, con la t\u00f3nica cerca del Re, y otro tumbal con la t\u00f3nica en Si natural, ambos equipados con una llave para emitir el segundo grado agudo. El orne\u00f3n, como llamaban en el Baixo Mi\u00f1o al ronc\u00f3n de la gaita, dispone de una cuarta pieza supletoria para poder tocar con el puntero m\u00e1s grave. Ambos punteros emplean pajuelas grandes y cuadradas, con yugo de metal, suenan potentes y ligeros y est\u00e1n dise\u00f1ados para tocar con digitaci\u00f3n abierta.<span class=\"Apple-converted-space\">\u00a0 \u00a0<\/span><\/p>\n<p class=\"p1\"><strong>Compra por encargo<\/strong><\/p>\n<p class=\"p1\">Debido a las caracter\u00edsticas de las gaitas de fuelle antiguas, estas no tienen un precio fijo asignado, que depender\u00e1 del tipo de madera y de otras caracter\u00edsticas est\u00e9ticas que puedes escoger como anillados en diferentes materiales, flecos o ribeteados de los vestidos. Todas las r\u00e9plicas de gaitas de fuelle tienen una demora que depende de nuestra lista de espera. Consulta con nosotros para saber m\u00e1s.<\/p>\n<div  class='avia-button-wrap av-7w2e1-2cfff7366207172118f91cc6d7012c90-wrap avia-button-center  avia-builder-el-0  avia-builder-el-no-sibling'><a href='https:\/\/pablocarpintero.es\/es\/contactar\/'  class='avia-button av-7w2e1-2cfff7366207172118f91cc6d7012c90 avia-icon_select-yes-left-icon avia-size-small avia-position-center avia-color-theme-color'  ><span class='avia_button_icon avia_button_icon_left' aria-hidden='true' data-av_icon='\ue81f' data-av_iconfont='entypo-fontello'><\/span><span class='avia_iconbox_title' >Solicita informaci\u00f3n de precios<\/span><\/a><\/div>","protected":false},"excerpt":{"rendered":"<p>Ricardo Alexandre, que vive actualmente en Sesimbra (Portugal) conserva unha fermosa gaita de barqu\u00edn, fabricada en buxo e con aneis de marfil. As gaitas de barqu\u00edn son antigos instrumentos que corresponden a unha tipolox\u00eda que se extingu\u00edu arredor dos anos 1920. Tr\u00e1tase de instrumentos que te\u00f1en a caracter\u00edstica de posu\u00edr dous bord\u00f3ns, orne\u00f3n e ornillo, [&hellip;]<\/p>\n","protected":false},"featured_media":1754,"comment_status":"open","ping_status":"closed","template":"","meta":{"give_campaign_id":0,"_joinchat":[]},"product_brand":[],"product_cat":[20,18,21,24],"product_tag":[],"class_list":{"0":"post-402","1":"product","2":"type-product","3":"status-publish","4":"has-post-thumbnail","6":"product_cat-gaitas-de-fol","7":"product_cat-instrumentos-musicales","8":"product_cat-replicas-de-gaitas-de-fol-antigas","9":"product_cat-replicas-de-gaitas-galegas","11":"first","12":"instock","13":"taxable","14":"shipping-taxable","15":"product-type-simple"},"yoast_head":"<!-- This site is optimized with the Yoast SEO plugin v27.2 - https:\/\/yoast.com\/product\/yoast-seo-wordpress\/ -->\n<title>Gaita de barqu\u00edn de Ricardo Alexandre (Tomi\u00f1o) - Pablo Carpintero<\/title>\n<meta name=\"robots\" content=\"index, follow, max-snippet:-1, max-image-preview:large, max-video-preview:-1\" \/>\n<link rel=\"canonical\" href=\"https:\/\/pablocarpintero.es\/es\/producto\/gaita-de-barquin-de-ricardo-alexandre-tomino\/\" \/>\n<meta property=\"og:locale\" content=\"es_ES\" \/>\n<meta property=\"og:type\" content=\"article\" \/>\n<meta property=\"og:title\" content=\"Gaita de barqu\u00edn de Ricardo Alexandre (Tomi\u00f1o) - Pablo Carpintero\" \/>\n<meta property=\"og:description\" content=\"Ricardo Alexandre, que vive actualmente en Sesimbra (Portugal) conserva unha fermosa gaita de barqu\u00edn, fabricada en buxo e con aneis de marfil. As gaitas de barqu\u00edn son antigos instrumentos que corresponden a unha tipolox\u00eda que se extingu\u00edu arredor dos anos 1920. Tr\u00e1tase de instrumentos que te\u00f1en a caracter\u00edstica de posu\u00edr dous bord\u00f3ns, orne\u00f3n e ornillo, [&hellip;]\" \/>\n<meta property=\"og:url\" content=\"https:\/\/pablocarpintero.es\/es\/producto\/gaita-de-barquin-de-ricardo-alexandre-tomino\/\" \/>\n<meta property=\"og:site_name\" content=\"Pablo Carpintero\" \/>\n<meta property=\"article:modified_time\" content=\"2021-11-28T11:22:02+00:00\" \/>\n<meta property=\"og:image\" content=\"https:\/\/pablocarpintero.es\/wp-content\/uploads\/2021\/10\/Gaita-de-barquin-Pablo-Carpintero-2-scaled.jpg\" \/>\n\t<meta property=\"og:image:width\" content=\"2560\" \/>\n\t<meta property=\"og:image:height\" content=\"1700\" \/>\n\t<meta property=\"og:image:type\" content=\"image\/jpeg\" \/>\n<meta name=\"twitter:card\" content=\"summary_large_image\" \/>\n<meta name=\"twitter:label1\" content=\"Tiempo de lectura\" \/>\n\t<meta name=\"twitter:data1\" content=\"3 minutos\" \/>\n<script type=\"application\/ld+json\" class=\"yoast-schema-graph\">{\"@context\":\"https:\/\/schema.org\",\"@graph\":[{\"@type\":\"WebPage\",\"@id\":\"https:\/\/pablocarpintero.es\/producto\/gaita-de-barquin-de-ricardo-alexandre-tomino\/\",\"url\":\"https:\/\/pablocarpintero.es\/producto\/gaita-de-barquin-de-ricardo-alexandre-tomino\/\",\"name\":\"Gaita de barqu\u00edn de Ricardo Alexandre (Tomi\u00f1o) - Pablo Carpintero\",\"isPartOf\":{\"@id\":\"https:\/\/pablocarpintero.es\/#website\"},\"primaryImageOfPage\":{\"@id\":\"https:\/\/pablocarpintero.es\/producto\/gaita-de-barquin-de-ricardo-alexandre-tomino\/#primaryimage\"},\"image\":{\"@id\":\"https:\/\/pablocarpintero.es\/producto\/gaita-de-barquin-de-ricardo-alexandre-tomino\/#primaryimage\"},\"thumbnailUrl\":\"https:\/\/pablocarpintero.es\/wp-content\/uploads\/2021\/10\/Gaita-de-barquin-Pablo-Carpintero-2-scaled.jpg\",\"datePublished\":\"2021-10-16T14:30:15+00:00\",\"dateModified\":\"2021-11-28T11:22:02+00:00\",\"breadcrumb\":{\"@id\":\"https:\/\/pablocarpintero.es\/producto\/gaita-de-barquin-de-ricardo-alexandre-tomino\/#breadcrumb\"},\"inLanguage\":\"es\",\"potentialAction\":[{\"@type\":\"ReadAction\",\"target\":[\"https:\/\/pablocarpintero.es\/producto\/gaita-de-barquin-de-ricardo-alexandre-tomino\/\"]}]},{\"@type\":\"ImageObject\",\"inLanguage\":\"es\",\"@id\":\"https:\/\/pablocarpintero.es\/producto\/gaita-de-barquin-de-ricardo-alexandre-tomino\/#primaryimage\",\"url\":\"https:\/\/pablocarpintero.es\/wp-content\/uploads\/2021\/10\/Gaita-de-barquin-Pablo-Carpintero-2-scaled.jpg\",\"contentUrl\":\"https:\/\/pablocarpintero.es\/wp-content\/uploads\/2021\/10\/Gaita-de-barquin-Pablo-Carpintero-2-scaled.jpg\",\"width\":2560,\"height\":1700},{\"@type\":\"BreadcrumbList\",\"@id\":\"https:\/\/pablocarpintero.es\/producto\/gaita-de-barquin-de-ricardo-alexandre-tomino\/#breadcrumb\",\"itemListElement\":[{\"@type\":\"ListItem\",\"position\":1,\"name\":\"Portada\",\"item\":\"https:\/\/pablocarpintero.es\/inicio\/\"},{\"@type\":\"ListItem\",\"position\":2,\"name\":\"Tienda\",\"item\":\"https:\/\/pablocarpintero.es\/tienda\/\"},{\"@type\":\"ListItem\",\"position\":3,\"name\":\"Gaita de barqu\u00edn de Ricardo Alexandre (Tomi\u00f1o)\"}]},{\"@type\":\"WebSite\",\"@id\":\"https:\/\/pablocarpintero.es\/#website\",\"url\":\"https:\/\/pablocarpintero.es\/\",\"name\":\"Pablo Carpintero\",\"description\":\"Otro sitio realizado con WordPress\",\"potentialAction\":[{\"@type\":\"SearchAction\",\"target\":{\"@type\":\"EntryPoint\",\"urlTemplate\":\"https:\/\/pablocarpintero.es\/?s={search_term_string}\"},\"query-input\":{\"@type\":\"PropertyValueSpecification\",\"valueRequired\":true,\"valueName\":\"search_term_string\"}}],\"inLanguage\":\"es\"}]}<\/script>\n<!-- \/ Yoast SEO plugin. -->","yoast_head_json":{"title":"Gaita de barqu\u00edn de Ricardo Alexandre (Tomi\u00f1o) - Pablo Carpintero","robots":{"index":"index","follow":"follow","max-snippet":"max-snippet:-1","max-image-preview":"max-image-preview:large","max-video-preview":"max-video-preview:-1"},"canonical":"https:\/\/pablocarpintero.es\/es\/producto\/gaita-de-barquin-de-ricardo-alexandre-tomino\/","og_locale":"es_ES","og_type":"article","og_title":"Gaita de barqu\u00edn de Ricardo Alexandre (Tomi\u00f1o) - Pablo Carpintero","og_description":"Ricardo Alexandre, que vive actualmente en Sesimbra (Portugal) conserva unha fermosa gaita de barqu\u00edn, fabricada en buxo e con aneis de marfil. As gaitas de barqu\u00edn son antigos instrumentos que corresponden a unha tipolox\u00eda que se extingu\u00edu arredor dos anos 1920. Tr\u00e1tase de instrumentos que te\u00f1en a caracter\u00edstica de posu\u00edr dous bord\u00f3ns, orne\u00f3n e ornillo, [&hellip;]","og_url":"https:\/\/pablocarpintero.es\/es\/producto\/gaita-de-barquin-de-ricardo-alexandre-tomino\/","og_site_name":"Pablo Carpintero","article_modified_time":"2021-11-28T11:22:02+00:00","og_image":[{"width":2560,"height":1700,"url":"https:\/\/pablocarpintero.es\/wp-content\/uploads\/2021\/10\/Gaita-de-barquin-Pablo-Carpintero-2-scaled.jpg","type":"image\/jpeg"}],"twitter_card":"summary_large_image","twitter_misc":{"Tiempo de lectura":"3 minutos"},"schema":{"@context":"https:\/\/schema.org","@graph":[{"@type":"WebPage","@id":"https:\/\/pablocarpintero.es\/producto\/gaita-de-barquin-de-ricardo-alexandre-tomino\/","url":"https:\/\/pablocarpintero.es\/producto\/gaita-de-barquin-de-ricardo-alexandre-tomino\/","name":"Gaita de barqu\u00edn de Ricardo Alexandre (Tomi\u00f1o) - Pablo Carpintero","isPartOf":{"@id":"https:\/\/pablocarpintero.es\/#website"},"primaryImageOfPage":{"@id":"https:\/\/pablocarpintero.es\/producto\/gaita-de-barquin-de-ricardo-alexandre-tomino\/#primaryimage"},"image":{"@id":"https:\/\/pablocarpintero.es\/producto\/gaita-de-barquin-de-ricardo-alexandre-tomino\/#primaryimage"},"thumbnailUrl":"https:\/\/pablocarpintero.es\/wp-content\/uploads\/2021\/10\/Gaita-de-barquin-Pablo-Carpintero-2-scaled.jpg","datePublished":"2021-10-16T14:30:15+00:00","dateModified":"2021-11-28T11:22:02+00:00","breadcrumb":{"@id":"https:\/\/pablocarpintero.es\/producto\/gaita-de-barquin-de-ricardo-alexandre-tomino\/#breadcrumb"},"inLanguage":"es","potentialAction":[{"@type":"ReadAction","target":["https:\/\/pablocarpintero.es\/producto\/gaita-de-barquin-de-ricardo-alexandre-tomino\/"]}]},{"@type":"ImageObject","inLanguage":"es","@id":"https:\/\/pablocarpintero.es\/producto\/gaita-de-barquin-de-ricardo-alexandre-tomino\/#primaryimage","url":"https:\/\/pablocarpintero.es\/wp-content\/uploads\/2021\/10\/Gaita-de-barquin-Pablo-Carpintero-2-scaled.jpg","contentUrl":"https:\/\/pablocarpintero.es\/wp-content\/uploads\/2021\/10\/Gaita-de-barquin-Pablo-Carpintero-2-scaled.jpg","width":2560,"height":1700},{"@type":"BreadcrumbList","@id":"https:\/\/pablocarpintero.es\/producto\/gaita-de-barquin-de-ricardo-alexandre-tomino\/#breadcrumb","itemListElement":[{"@type":"ListItem","position":1,"name":"Portada","item":"https:\/\/pablocarpintero.es\/inicio\/"},{"@type":"ListItem","position":2,"name":"Tienda","item":"https:\/\/pablocarpintero.es\/tienda\/"},{"@type":"ListItem","position":3,"name":"Gaita de barqu\u00edn de Ricardo Alexandre (Tomi\u00f1o)"}]},{"@type":"WebSite","@id":"https:\/\/pablocarpintero.es\/#website","url":"https:\/\/pablocarpintero.es\/","name":"Pablo Carpintero","description":"Otro sitio realizado con WordPress","potentialAction":[{"@type":"SearchAction","target":{"@type":"EntryPoint","urlTemplate":"https:\/\/pablocarpintero.es\/?s={search_term_string}"},"query-input":{"@type":"PropertyValueSpecification","valueRequired":true,"valueName":"search_term_string"}}],"inLanguage":"es"}]}},"_links":{"self":[{"href":"https:\/\/pablocarpintero.es\/es\/wp-json\/wp\/v2\/product\/402","targetHints":{"allow":["GET"]}}],"collection":[{"href":"https:\/\/pablocarpintero.es\/es\/wp-json\/wp\/v2\/product"}],"about":[{"href":"https:\/\/pablocarpintero.es\/es\/wp-json\/wp\/v2\/types\/product"}],"replies":[{"embeddable":true,"href":"https:\/\/pablocarpintero.es\/es\/wp-json\/wp\/v2\/comments?post=402"}],"wp:featuredmedia":[{"embeddable":true,"href":"https:\/\/pablocarpintero.es\/es\/wp-json\/wp\/v2\/media\/1754"}],"wp:attachment":[{"href":"https:\/\/pablocarpintero.es\/es\/wp-json\/wp\/v2\/media?parent=402"}],"wp:term":[{"taxonomy":"product_brand","embeddable":true,"href":"https:\/\/pablocarpintero.es\/es\/wp-json\/wp\/v2\/product_brand?post=402"},{"taxonomy":"product_cat","embeddable":true,"href":"https:\/\/pablocarpintero.es\/es\/wp-json\/wp\/v2\/product_cat?post=402"},{"taxonomy":"product_tag","embeddable":true,"href":"https:\/\/pablocarpintero.es\/es\/wp-json\/wp\/v2\/product_tag?post=402"}],"curies":[{"name":"wp","href":"https:\/\/api.w.org\/{rel}","templated":true}]}}